{"id":8619,"date":"2023-11-08T15:09:29","date_gmt":"2023-11-08T15:09:29","guid":{"rendered":"https:\/\/abaa.mx\/tienda\/?post_type=product&#038;p=8619"},"modified":"2023-11-08T15:09:30","modified_gmt":"2023-11-08T15:09:30","slug":"medidor-de-humedad-para-aserradero-j2000-pkg","status":"publish","type":"product","link":"https:\/\/abaa.mx\/tienda\/medidor-de-humedad-para-aserradero-j2000-pkg\/","title":{"rendered":"Medidor de Humedad para Aserradero &#8211; J2000-PKG"},"content":{"rendered":"<p>Medidor de Humedad para Aserradero &#8211; J2000-PKG.<\/p>\n","protected":false},"excerpt":{"rendered":"<p>Para los contratistas de pisos, carpinteros, fabricantes de muebles, inspectores de control de calidad y peque\u00f1os molinos, el J-2000 contribuye a sostenerse cada d\u00eda con las condiciones de trabajo en constante cambio. Con la correcci\u00f3n incorporada de la clase de madera y la correcci\u00f3n de la temperatura, junto con el almacenamiento y las estad\u00edsticas informativas de la lectura el J-2000 es una herramienta extremadamente polivalente en un enorme valor.<\/p>\n<p><b>Caracteristicas:<\/b><\/p>\n<ul>\n<li>Tama\u00f1o:8\u201d x 3\u201d x 1 5\/8\u201d.<\/li>\n<li>Incluye medidor con electrodo 26-ES y malet\u00edn de transporte.<\/li>\n<li>Chequeo de calibraci\u00f3n incorporado. Clavijas de contacto integral incorporados en el medidor proporcionan 5\/16&#8243; de penetraci\u00f3n. Compatible para usar con cualquier Electrodo Delmhorst. Dise\u00f1o robusto asegura a\u00f1os de uso confiable. Malet\u00edn de pl\u00e1stico para uso rudo.<\/li>\n<li>Estuche: incluido<\/li>\n<li>Pantalla digital clara y brillante. Corrige el c\u00e1lculo de la humedad relativa para 48 diferentes tipos de madera. (\u00b0F y \u00b0C). Almacena hasta 100 lecturas y exhibe el promedio y la m\u00e1s alta de las lecturas almacenadas.<\/li>\n<li>Rango de Humedad:6 %-40 % madera<\/li>\n<li>Bater\u00edas:9V Alcalina<\/li>\n<li>Peso:283 gr<\/li>\n<\/ul>\n","protected":false},"featured_media":8621,"comment_status":"open","ping_status":"closed","template":"","meta":{"_joinchat":[]},"product_brand":[],"product_cat":[114],"product_tag":[],"class_list":{"0":"post-8619","1":"product","2":"type-product","3":"status-publish","4":"has-post-thumbnail","6":"product_cat-medidor-de-humedad-en-materiales","8":"first","9":"instock","10":"shipping-taxable","11":"product-type-simple"},"yoast_head":"<!-- This site is optimized with the Yoast SEO plugin v26.4 - https:\/\/yoast.com\/wordpress\/plugins\/seo\/ -->\n<title>Medidor de Humedad para Aserradero - J2000-PKG - Abaa tienda online<\/title>\n<meta name=\"robots\" content=\"index, follow, max-snippet:-1, max-image-preview:large, max-video-preview:-1\" \/>\n<link rel=\"canonical\" href=\"https:\/\/abaa.mx\/tienda\/medidor-de-humedad-para-aserradero-j2000-pkg\/\" \/>\n<meta property=\"og:locale\" content=\"es_MX\" \/>\n<meta property=\"og:type\" content=\"article\" \/>\n<meta property=\"og:title\" content=\"Medidor de Humedad para Aserradero - J2000-PKG - Abaa tienda online\" \/>\n<meta property=\"og:description\" content=\"Para los contratistas de pisos, carpinteros, fabricantes de muebles, inspectores de control de calidad y peque\u00f1os molinos, el J-2000 contribuye a sostenerse cada d\u00eda con las condiciones de trabajo en constante cambio. Con la correcci\u00f3n incorporada de la clase de madera y la correcci\u00f3n de la temperatura, junto con el almacenamiento y las estad\u00edsticas informativas de la lectura el J-2000 es una herramienta extremadamente polivalente en un enorme valor.  Caracteristicas:   Tama\u00f1o:8\u201d x 3\u201d x 1 5\/8\u201d.  Incluye medidor con electrodo 26-ES y malet\u00edn de transporte.  Chequeo de calibraci\u00f3n incorporado. Clavijas de contacto integral incorporados en el medidor proporcionan 5\/16&quot; de penetraci\u00f3n. Compatible para usar con cualquier Electrodo Delmhorst. Dise\u00f1o robusto asegura a\u00f1os de uso confiable. Malet\u00edn de pl\u00e1stico para uso rudo.  Estuche: incluido  Pantalla digital clara y brillante. Corrige el c\u00e1lculo de la humedad relativa para 48 diferentes tipos de madera. (\u00b0F y \u00b0C). Almacena hasta 100 lecturas y exhibe el promedio y la m\u00e1s alta de las lecturas almacenadas.  Rango de Humedad:6 %-40 % madera  Bater\u00edas:9V Alcalina  Peso:283 gr\" \/>\n<meta property=\"og:url\" content=\"https:\/\/abaa.mx\/tienda\/medidor-de-humedad-para-aserradero-j2000-pkg\/\" \/>\n<meta property=\"og:site_name\" content=\"Abaa tienda online\" \/>\n<meta property=\"article:modified_time\" content=\"2023-11-08T15:09:30+00:00\" \/>\n<meta property=\"og:image\" content=\"https:\/\/abaa.mx\/tienda\/wp-content\/uploads\/2023\/11\/DELMHORST-J2000-PKG.jpg\" \/>\n\t<meta property=\"og:image:width\" content=\"627\" \/>\n\t<meta property=\"og:image:height\" content=\"378\" \/>\n\t<meta property=\"og:image:type\" content=\"image\/jpeg\" \/>\n<meta name=\"twitter:card\" content=\"summary_large_image\" \/>\n<meta name=\"twitter:label1\" content=\"Tiempo de lectura\" \/>\n\t<meta name=\"twitter:data1\" content=\"1 minuto\" \/>\n<script type=\"application\/ld+json\" class=\"yoast-schema-graph\">{\"@context\":\"https:\/\/schema.org\",\"@graph\":[{\"@type\":\"WebPage\",\"@id\":\"https:\/\/abaa.mx\/tienda\/medidor-de-humedad-para-aserradero-j2000-pkg\/\",\"url\":\"https:\/\/abaa.mx\/tienda\/medidor-de-humedad-para-aserradero-j2000-pkg\/\",\"name\":\"Medidor de Humedad para Aserradero - J2000-PKG - Abaa tienda online\",\"isPartOf\":{\"@id\":\"https:\/\/abaa.mx\/tienda\/#website\"},\"primaryImageOfPage\":{\"@id\":\"https:\/\/abaa.mx\/tienda\/medidor-de-humedad-para-aserradero-j2000-pkg\/#primaryimage\"},\"image\":{\"@id\":\"https:\/\/abaa.mx\/tienda\/medidor-de-humedad-para-aserradero-j2000-pkg\/#primaryimage\"},\"thumbnailUrl\":\"https:\/\/abaa.mx\/tienda\/wp-content\/uploads\/2023\/11\/DELMHORST-J2000-PKG.jpg\",\"datePublished\":\"2023-11-08T15:09:29+00:00\",\"dateModified\":\"2023-11-08T15:09:30+00:00\",\"breadcrumb\":{\"@id\":\"https:\/\/abaa.mx\/tienda\/medidor-de-humedad-para-aserradero-j2000-pkg\/#breadcrumb\"},\"inLanguage\":\"es\",\"potentialAction\":[{\"@type\":\"ReadAction\",\"target\":[\"https:\/\/abaa.mx\/tienda\/medidor-de-humedad-para-aserradero-j2000-pkg\/\"]}]},{\"@type\":\"ImageObject\",\"inLanguage\":\"es\",\"@id\":\"https:\/\/abaa.mx\/tienda\/medidor-de-humedad-para-aserradero-j2000-pkg\/#primaryimage\",\"url\":\"https:\/\/abaa.mx\/tienda\/wp-content\/uploads\/2023\/11\/DELMHORST-J2000-PKG.jpg\",\"contentUrl\":\"https:\/\/abaa.mx\/tienda\/wp-content\/uploads\/2023\/11\/DELMHORST-J2000-PKG.jpg\",\"width\":627,\"height\":378,\"caption\":\"DELMHORST-J2000-PKG\"},{\"@type\":\"BreadcrumbList\",\"@id\":\"https:\/\/abaa.mx\/tienda\/medidor-de-humedad-para-aserradero-j2000-pkg\/#breadcrumb\",\"itemListElement\":[{\"@type\":\"ListItem\",\"position\":1,\"name\":\"Inicio\",\"item\":\"https:\/\/abaa.mx\/tienda\/\"},{\"@type\":\"ListItem\",\"position\":2,\"name\":\"Tienda\",\"item\":\"https:\/\/abaa.mx\/tienda\/\"},{\"@type\":\"ListItem\",\"position\":3,\"name\":\"Medidor de Humedad para Aserradero &#8211; J2000-PKG\"}]},{\"@type\":\"WebSite\",\"@id\":\"https:\/\/abaa.mx\/tienda\/#website\",\"url\":\"https:\/\/abaa.mx\/tienda\/\",\"name\":\"Abaa tienda online\",\"description\":\"Instrumentos de medici\u00f3n\",\"publisher\":{\"@id\":\"https:\/\/abaa.mx\/tienda\/#organization\"},\"potentialAction\":[{\"@type\":\"SearchAction\",\"target\":{\"@type\":\"EntryPoint\",\"urlTemplate\":\"https:\/\/abaa.mx\/tienda\/?s={search_term_string}\"},\"query-input\":{\"@type\":\"PropertyValueSpecification\",\"valueRequired\":true,\"valueName\":\"search_term_string\"}}],\"inLanguage\":\"es\"},{\"@type\":\"Organization\",\"@id\":\"https:\/\/abaa.mx\/tienda\/#organization\",\"name\":\"Abaa tienda online\",\"url\":\"https:\/\/abaa.mx\/tienda\/\",\"logo\":{\"@type\":\"ImageObject\",\"inLanguage\":\"es\",\"@id\":\"https:\/\/abaa.mx\/tienda\/#\/schema\/logo\/image\/\",\"url\":\"https:\/\/abaa.mx\/tienda\/wp-content\/uploads\/2024\/01\/abaa-metrologia-tienda.png\",\"contentUrl\":\"https:\/\/abaa.mx\/tienda\/wp-content\/uploads\/2024\/01\/abaa-metrologia-tienda.png\",\"width\":300,\"height\":141,\"caption\":\"Abaa tienda online\"},\"image\":{\"@id\":\"https:\/\/abaa.mx\/tienda\/#\/schema\/logo\/image\/\"}}]}<\/script>\n<!-- \/ Yoast SEO plugin. -->","yoast_head_json":{"title":"Medidor de Humedad para Aserradero - J2000-PKG - Abaa tienda online","robots":{"index":"index","follow":"follow","max-snippet":"max-snippet:-1","max-image-preview":"max-image-preview:large","max-video-preview":"max-video-preview:-1"},"canonical":"https:\/\/abaa.mx\/tienda\/medidor-de-humedad-para-aserradero-j2000-pkg\/","og_locale":"es_MX","og_type":"article","og_title":"Medidor de Humedad para Aserradero - J2000-PKG - Abaa tienda online","og_description":"Para los contratistas de pisos, carpinteros, fabricantes de muebles, inspectores de control de calidad y peque\u00f1os molinos, el J-2000 contribuye a sostenerse cada d\u00eda con las condiciones de trabajo en constante cambio. Con la correcci\u00f3n incorporada de la clase de madera y la correcci\u00f3n de la temperatura, junto con el almacenamiento y las estad\u00edsticas informativas de la lectura el J-2000 es una herramienta extremadamente polivalente en un enorme valor.  Caracteristicas:   Tama\u00f1o:8\u201d x 3\u201d x 1 5\/8\u201d.  Incluye medidor con electrodo 26-ES y malet\u00edn de transporte.  Chequeo de calibraci\u00f3n incorporado. Clavijas de contacto integral incorporados en el medidor proporcionan 5\/16\" de penetraci\u00f3n. Compatible para usar con cualquier Electrodo Delmhorst. Dise\u00f1o robusto asegura a\u00f1os de uso confiable. Malet\u00edn de pl\u00e1stico para uso rudo.  Estuche: incluido  Pantalla digital clara y brillante. Corrige el c\u00e1lculo de la humedad relativa para 48 diferentes tipos de madera. (\u00b0F y \u00b0C). Almacena hasta 100 lecturas y exhibe el promedio y la m\u00e1s alta de las lecturas almacenadas.  Rango de Humedad:6 %-40 % madera  Bater\u00edas:9V Alcalina  Peso:283 gr","og_url":"https:\/\/abaa.mx\/tienda\/medidor-de-humedad-para-aserradero-j2000-pkg\/","og_site_name":"Abaa tienda online","article_modified_time":"2023-11-08T15:09:30+00:00","og_image":[{"width":627,"height":378,"url":"https:\/\/abaa.mx\/tienda\/wp-content\/uploads\/2023\/11\/DELMHORST-J2000-PKG.jpg","type":"image\/jpeg"}],"twitter_card":"summary_large_image","twitter_misc":{"Tiempo de lectura":"1 minuto"},"schema":{"@context":"https:\/\/schema.org","@graph":[{"@type":"WebPage","@id":"https:\/\/abaa.mx\/tienda\/medidor-de-humedad-para-aserradero-j2000-pkg\/","url":"https:\/\/abaa.mx\/tienda\/medidor-de-humedad-para-aserradero-j2000-pkg\/","name":"Medidor de Humedad para Aserradero - J2000-PKG - Abaa tienda online","isPartOf":{"@id":"https:\/\/abaa.mx\/tienda\/#website"},"primaryImageOfPage":{"@id":"https:\/\/abaa.mx\/tienda\/medidor-de-humedad-para-aserradero-j2000-pkg\/#primaryimage"},"image":{"@id":"https:\/\/abaa.mx\/tienda\/medidor-de-humedad-para-aserradero-j2000-pkg\/#primaryimage"},"thumbnailUrl":"https:\/\/abaa.mx\/tienda\/wp-content\/uploads\/2023\/11\/DELMHORST-J2000-PKG.jpg","datePublished":"2023-11-08T15:09:29+00:00","dateModified":"2023-11-08T15:09:30+00:00","breadcrumb":{"@id":"https:\/\/abaa.mx\/tienda\/medidor-de-humedad-para-aserradero-j2000-pkg\/#breadcrumb"},"inLanguage":"es","potentialAction":[{"@type":"ReadAction","target":["https:\/\/abaa.mx\/tienda\/medidor-de-humedad-para-aserradero-j2000-pkg\/"]}]},{"@type":"ImageObject","inLanguage":"es","@id":"https:\/\/abaa.mx\/tienda\/medidor-de-humedad-para-aserradero-j2000-pkg\/#primaryimage","url":"https:\/\/abaa.mx\/tienda\/wp-content\/uploads\/2023\/11\/DELMHORST-J2000-PKG.jpg","contentUrl":"https:\/\/abaa.mx\/tienda\/wp-content\/uploads\/2023\/11\/DELMHORST-J2000-PKG.jpg","width":627,"height":378,"caption":"DELMHORST-J2000-PKG"},{"@type":"BreadcrumbList","@id":"https:\/\/abaa.mx\/tienda\/medidor-de-humedad-para-aserradero-j2000-pkg\/#breadcrumb","itemListElement":[{"@type":"ListItem","position":1,"name":"Inicio","item":"https:\/\/abaa.mx\/tienda\/"},{"@type":"ListItem","position":2,"name":"Tienda","item":"https:\/\/abaa.mx\/tienda\/"},{"@type":"ListItem","position":3,"name":"Medidor de Humedad para Aserradero &#8211; J2000-PKG"}]},{"@type":"WebSite","@id":"https:\/\/abaa.mx\/tienda\/#website","url":"https:\/\/abaa.mx\/tienda\/","name":"Abaa tienda online","description":"Instrumentos de medici\u00f3n","publisher":{"@id":"https:\/\/abaa.mx\/tienda\/#organization"},"potentialAction":[{"@type":"SearchAction","target":{"@type":"EntryPoint","urlTemplate":"https:\/\/abaa.mx\/tienda\/?s={search_term_string}"},"query-input":{"@type":"PropertyValueSpecification","valueRequired":true,"valueName":"search_term_string"}}],"inLanguage":"es"},{"@type":"Organization","@id":"https:\/\/abaa.mx\/tienda\/#organization","name":"Abaa tienda online","url":"https:\/\/abaa.mx\/tienda\/","logo":{"@type":"ImageObject","inLanguage":"es","@id":"https:\/\/abaa.mx\/tienda\/#\/schema\/logo\/image\/","url":"https:\/\/abaa.mx\/tienda\/wp-content\/uploads\/2024\/01\/abaa-metrologia-tienda.png","contentUrl":"https:\/\/abaa.mx\/tienda\/wp-content\/uploads\/2024\/01\/abaa-metrologia-tienda.png","width":300,"height":141,"caption":"Abaa tienda online"},"image":{"@id":"https:\/\/abaa.mx\/tienda\/#\/schema\/logo\/image\/"}}]}},"_links":{"self":[{"href":"https:\/\/abaa.mx\/tienda\/wp-json\/wp\/v2\/product\/8619","targetHints":{"allow":["GET"]}}],"collection":[{"href":"https:\/\/abaa.mx\/tienda\/wp-json\/wp\/v2\/product"}],"about":[{"href":"https:\/\/abaa.mx\/tienda\/wp-json\/wp\/v2\/types\/product"}],"replies":[{"embeddable":true,"href":"https:\/\/abaa.mx\/tienda\/wp-json\/wp\/v2\/comments?post=8619"}],"wp:featuredmedia":[{"embeddable":true,"href":"https:\/\/abaa.mx\/tienda\/wp-json\/wp\/v2\/media\/8621"}],"wp:attachment":[{"href":"https:\/\/abaa.mx\/tienda\/wp-json\/wp\/v2\/media?parent=8619"}],"wp:term":[{"taxonomy":"product_brand","embeddable":true,"href":"https:\/\/abaa.mx\/tienda\/wp-json\/wp\/v2\/product_brand?post=8619"},{"taxonomy":"product_cat","embeddable":true,"href":"https:\/\/abaa.mx\/tienda\/wp-json\/wp\/v2\/product_cat?post=8619"},{"taxonomy":"product_tag","embeddable":true,"href":"https:\/\/abaa.mx\/tienda\/wp-json\/wp\/v2\/product_tag?post=8619"}],"curies":[{"name":"wp","href":"https:\/\/api.w.org\/{rel}","templated":true}]}}