{"id":8616,"date":"2023-11-07T21:01:13","date_gmt":"2023-11-07T21:01:13","guid":{"rendered":"https:\/\/abaa.mx\/tienda\/?post_type=product&#038;p=8616"},"modified":"2023-11-07T21:01:14","modified_gmt":"2023-11-07T21:01:14","slug":"medidor-de-humedad-en-piel-y-cuero-jl2000","status":"publish","type":"product","link":"https:\/\/abaa.mx\/tienda\/medidor-de-humedad-en-piel-y-cuero-jl2000\/","title":{"rendered":"Medidor de Humedad en Piel y Cuero &#8211; JL2000"},"content":{"rendered":"<p>Medidor de Humedad en Piel y Cuero &#8211; JL2000<\/p>\n","protected":false},"excerpt":{"rendered":"<p>El determinador de humedad en cuero modelo DH-JL2000 es un aparato que opera con un principio el\u00e9ctrico para medir la humedad contenida en materiales como el cuero y la piel. El contenido de humedad de puestos es un aspecto crucial durante todas las etapas del procesamiento de cuero. Un medidor de humedad puede ser un instrumento valioso para supervisar el contenido de humedad del cuero a fin de asegurar un resultado definitivo de calidad superior. Es el equipo sugerido para trabajos en curtidur\u00edas. No exponga la calidad de su producto, compruebe el contenido de humedad con el medidor de humedad JL-2000 de cuero.<\/p>\n<ul>\n<li>Dimensi\u00f3n Puntas de contacto: 5\/16\u201d.<\/li>\n<li>Bater\u00eda: 1 pila alcalina de 9-V.<\/li>\n<li>Lectura de medici\u00f3n en una pantalla digital brillante.<\/li>\n<li>Funci\u00f3n incorporada de auto verificaci\u00f3n de calibraci\u00f3n.<\/li>\n<li>Puerto externo para el electrodo 4-E.<\/li>\n<li>Promedia las ultimas 100 lecturas.<\/li>\n<li>Rango de Humedad:10%-28% gama de la humedad.<\/li>\n<li>Peso: 10 oz.<\/li>\n<li>Registra hasta 100 lecturas.<\/li>\n<li>Tama\u00f1o:7 1\/2&#8243; x 3&#8243; x 13\/4&#8243;.<\/li>\n<\/ul>\n","protected":false},"featured_media":8617,"comment_status":"open","ping_status":"closed","template":"","meta":{"_joinchat":[]},"product_brand":[],"product_cat":[114],"product_tag":[],"class_list":{"0":"post-8616","1":"product","2":"type-product","3":"status-publish","4":"has-post-thumbnail","6":"product_cat-medidor-de-humedad-en-materiales","8":"first","9":"instock","10":"shipping-taxable","11":"product-type-simple"},"yoast_head":"<!-- This site is optimized with the Yoast SEO plugin v26.4 - https:\/\/yoast.com\/wordpress\/plugins\/seo\/ -->\n<title>Medidor de Humedad en Piel y Cuero - JL2000 - Abaa tienda online<\/title>\n<meta name=\"robots\" content=\"index, follow, max-snippet:-1, max-image-preview:large, max-video-preview:-1\" \/>\n<link rel=\"canonical\" href=\"https:\/\/abaa.mx\/tienda\/medidor-de-humedad-en-piel-y-cuero-jl2000\/\" \/>\n<meta property=\"og:locale\" content=\"es_MX\" \/>\n<meta property=\"og:type\" content=\"article\" \/>\n<meta property=\"og:title\" content=\"Medidor de Humedad en Piel y Cuero - JL2000 - Abaa tienda online\" \/>\n<meta property=\"og:description\" content=\"El determinador de humedad en cuero modelo DH-JL2000 es un aparato que opera con un principio el\u00e9ctrico para medir la humedad contenida en materiales como el cuero y la piel. El contenido de humedad de puestos es un aspecto crucial durante todas las etapas del procesamiento de cuero. Un medidor de humedad puede ser un instrumento valioso para supervisar el contenido de humedad del cuero a fin de asegurar un resultado definitivo de calidad superior. Es el equipo sugerido para trabajos en curtidur\u00edas. No exponga la calidad de su producto, compruebe el contenido de humedad con el medidor de humedad JL-2000 de cuero.   Dimensi\u00f3n Puntas de contacto: 5\/16\u201d.  Bater\u00eda: 1 pila alcalina de 9-V.  Lectura de medici\u00f3n en una pantalla digital brillante.  Funci\u00f3n incorporada de auto verificaci\u00f3n de calibraci\u00f3n.  Puerto externo para el electrodo 4-E.  Promedia las ultimas 100 lecturas.  Rango de Humedad:10%-28% gama de la humedad.  Peso: 10 oz.  Registra hasta 100 lecturas.  Tama\u00f1o:7 1\/2&quot; x 3&quot; x 13\/4&quot;.\" \/>\n<meta property=\"og:url\" content=\"https:\/\/abaa.mx\/tienda\/medidor-de-humedad-en-piel-y-cuero-jl2000\/\" \/>\n<meta property=\"og:site_name\" content=\"Abaa tienda online\" \/>\n<meta property=\"article:modified_time\" content=\"2023-11-07T21:01:14+00:00\" \/>\n<meta property=\"og:image\" content=\"https:\/\/abaa.mx\/tienda\/wp-content\/uploads\/2023\/11\/DELMHORTS-JL2000.jpg\" \/>\n\t<meta property=\"og:image:width\" content=\"427\" \/>\n\t<meta property=\"og:image:height\" content=\"447\" \/>\n\t<meta property=\"og:image:type\" content=\"image\/jpeg\" \/>\n<meta name=\"twitter:card\" content=\"summary_large_image\" \/>\n<meta name=\"twitter:label1\" content=\"Tiempo de lectura\" \/>\n\t<meta name=\"twitter:data1\" content=\"1 minuto\" \/>\n<script type=\"application\/ld+json\" class=\"yoast-schema-graph\">{\"@context\":\"https:\/\/schema.org\",\"@graph\":[{\"@type\":\"WebPage\",\"@id\":\"https:\/\/abaa.mx\/tienda\/medidor-de-humedad-en-piel-y-cuero-jl2000\/\",\"url\":\"https:\/\/abaa.mx\/tienda\/medidor-de-humedad-en-piel-y-cuero-jl2000\/\",\"name\":\"Medidor de Humedad en Piel y Cuero - JL2000 - Abaa tienda online\",\"isPartOf\":{\"@id\":\"https:\/\/abaa.mx\/tienda\/#website\"},\"primaryImageOfPage\":{\"@id\":\"https:\/\/abaa.mx\/tienda\/medidor-de-humedad-en-piel-y-cuero-jl2000\/#primaryimage\"},\"image\":{\"@id\":\"https:\/\/abaa.mx\/tienda\/medidor-de-humedad-en-piel-y-cuero-jl2000\/#primaryimage\"},\"thumbnailUrl\":\"https:\/\/abaa.mx\/tienda\/wp-content\/uploads\/2023\/11\/DELMHORTS-JL2000.jpg\",\"datePublished\":\"2023-11-07T21:01:13+00:00\",\"dateModified\":\"2023-11-07T21:01:14+00:00\",\"breadcrumb\":{\"@id\":\"https:\/\/abaa.mx\/tienda\/medidor-de-humedad-en-piel-y-cuero-jl2000\/#breadcrumb\"},\"inLanguage\":\"es\",\"potentialAction\":[{\"@type\":\"ReadAction\",\"target\":[\"https:\/\/abaa.mx\/tienda\/medidor-de-humedad-en-piel-y-cuero-jl2000\/\"]}]},{\"@type\":\"ImageObject\",\"inLanguage\":\"es\",\"@id\":\"https:\/\/abaa.mx\/tienda\/medidor-de-humedad-en-piel-y-cuero-jl2000\/#primaryimage\",\"url\":\"https:\/\/abaa.mx\/tienda\/wp-content\/uploads\/2023\/11\/DELMHORTS-JL2000.jpg\",\"contentUrl\":\"https:\/\/abaa.mx\/tienda\/wp-content\/uploads\/2023\/11\/DELMHORTS-JL2000.jpg\",\"width\":427,\"height\":447,\"caption\":\"DELMHORTS-JL2000\"},{\"@type\":\"BreadcrumbList\",\"@id\":\"https:\/\/abaa.mx\/tienda\/medidor-de-humedad-en-piel-y-cuero-jl2000\/#breadcrumb\",\"itemListElement\":[{\"@type\":\"ListItem\",\"position\":1,\"name\":\"Inicio\",\"item\":\"https:\/\/abaa.mx\/tienda\/\"},{\"@type\":\"ListItem\",\"position\":2,\"name\":\"Tienda\",\"item\":\"https:\/\/abaa.mx\/tienda\/\"},{\"@type\":\"ListItem\",\"position\":3,\"name\":\"Medidor de Humedad en Piel y Cuero &#8211; JL2000\"}]},{\"@type\":\"WebSite\",\"@id\":\"https:\/\/abaa.mx\/tienda\/#website\",\"url\":\"https:\/\/abaa.mx\/tienda\/\",\"name\":\"Abaa tienda online\",\"description\":\"Instrumentos de medici\u00f3n\",\"publisher\":{\"@id\":\"https:\/\/abaa.mx\/tienda\/#organization\"},\"potentialAction\":[{\"@type\":\"SearchAction\",\"target\":{\"@type\":\"EntryPoint\",\"urlTemplate\":\"https:\/\/abaa.mx\/tienda\/?s={search_term_string}\"},\"query-input\":{\"@type\":\"PropertyValueSpecification\",\"valueRequired\":true,\"valueName\":\"search_term_string\"}}],\"inLanguage\":\"es\"},{\"@type\":\"Organization\",\"@id\":\"https:\/\/abaa.mx\/tienda\/#organization\",\"name\":\"Abaa tienda online\",\"url\":\"https:\/\/abaa.mx\/tienda\/\",\"logo\":{\"@type\":\"ImageObject\",\"inLanguage\":\"es\",\"@id\":\"https:\/\/abaa.mx\/tienda\/#\/schema\/logo\/image\/\",\"url\":\"https:\/\/abaa.mx\/tienda\/wp-content\/uploads\/2024\/01\/abaa-metrologia-tienda.png\",\"contentUrl\":\"https:\/\/abaa.mx\/tienda\/wp-content\/uploads\/2024\/01\/abaa-metrologia-tienda.png\",\"width\":300,\"height\":141,\"caption\":\"Abaa tienda online\"},\"image\":{\"@id\":\"https:\/\/abaa.mx\/tienda\/#\/schema\/logo\/image\/\"}}]}<\/script>\n<!-- \/ Yoast SEO plugin. -->","yoast_head_json":{"title":"Medidor de Humedad en Piel y Cuero - JL2000 - Abaa tienda online","robots":{"index":"index","follow":"follow","max-snippet":"max-snippet:-1","max-image-preview":"max-image-preview:large","max-video-preview":"max-video-preview:-1"},"canonical":"https:\/\/abaa.mx\/tienda\/medidor-de-humedad-en-piel-y-cuero-jl2000\/","og_locale":"es_MX","og_type":"article","og_title":"Medidor de Humedad en Piel y Cuero - JL2000 - Abaa tienda online","og_description":"El determinador de humedad en cuero modelo DH-JL2000 es un aparato que opera con un principio el\u00e9ctrico para medir la humedad contenida en materiales como el cuero y la piel. El contenido de humedad de puestos es un aspecto crucial durante todas las etapas del procesamiento de cuero. Un medidor de humedad puede ser un instrumento valioso para supervisar el contenido de humedad del cuero a fin de asegurar un resultado definitivo de calidad superior. Es el equipo sugerido para trabajos en curtidur\u00edas. No exponga la calidad de su producto, compruebe el contenido de humedad con el medidor de humedad JL-2000 de cuero.   Dimensi\u00f3n Puntas de contacto: 5\/16\u201d.  Bater\u00eda: 1 pila alcalina de 9-V.  Lectura de medici\u00f3n en una pantalla digital brillante.  Funci\u00f3n incorporada de auto verificaci\u00f3n de calibraci\u00f3n.  Puerto externo para el electrodo 4-E.  Promedia las ultimas 100 lecturas.  Rango de Humedad:10%-28% gama de la humedad.  Peso: 10 oz.  Registra hasta 100 lecturas.  Tama\u00f1o:7 1\/2\" x 3\" x 13\/4\".","og_url":"https:\/\/abaa.mx\/tienda\/medidor-de-humedad-en-piel-y-cuero-jl2000\/","og_site_name":"Abaa tienda online","article_modified_time":"2023-11-07T21:01:14+00:00","og_image":[{"width":427,"height":447,"url":"https:\/\/abaa.mx\/tienda\/wp-content\/uploads\/2023\/11\/DELMHORTS-JL2000.jpg","type":"image\/jpeg"}],"twitter_card":"summary_large_image","twitter_misc":{"Tiempo de lectura":"1 minuto"},"schema":{"@context":"https:\/\/schema.org","@graph":[{"@type":"WebPage","@id":"https:\/\/abaa.mx\/tienda\/medidor-de-humedad-en-piel-y-cuero-jl2000\/","url":"https:\/\/abaa.mx\/tienda\/medidor-de-humedad-en-piel-y-cuero-jl2000\/","name":"Medidor de Humedad en Piel y Cuero - JL2000 - Abaa tienda online","isPartOf":{"@id":"https:\/\/abaa.mx\/tienda\/#website"},"primaryImageOfPage":{"@id":"https:\/\/abaa.mx\/tienda\/medidor-de-humedad-en-piel-y-cuero-jl2000\/#primaryimage"},"image":{"@id":"https:\/\/abaa.mx\/tienda\/medidor-de-humedad-en-piel-y-cuero-jl2000\/#primaryimage"},"thumbnailUrl":"https:\/\/abaa.mx\/tienda\/wp-content\/uploads\/2023\/11\/DELMHORTS-JL2000.jpg","datePublished":"2023-11-07T21:01:13+00:00","dateModified":"2023-11-07T21:01:14+00:00","breadcrumb":{"@id":"https:\/\/abaa.mx\/tienda\/medidor-de-humedad-en-piel-y-cuero-jl2000\/#breadcrumb"},"inLanguage":"es","potentialAction":[{"@type":"ReadAction","target":["https:\/\/abaa.mx\/tienda\/medidor-de-humedad-en-piel-y-cuero-jl2000\/"]}]},{"@type":"ImageObject","inLanguage":"es","@id":"https:\/\/abaa.mx\/tienda\/medidor-de-humedad-en-piel-y-cuero-jl2000\/#primaryimage","url":"https:\/\/abaa.mx\/tienda\/wp-content\/uploads\/2023\/11\/DELMHORTS-JL2000.jpg","contentUrl":"https:\/\/abaa.mx\/tienda\/wp-content\/uploads\/2023\/11\/DELMHORTS-JL2000.jpg","width":427,"height":447,"caption":"DELMHORTS-JL2000"},{"@type":"BreadcrumbList","@id":"https:\/\/abaa.mx\/tienda\/medidor-de-humedad-en-piel-y-cuero-jl2000\/#breadcrumb","itemListElement":[{"@type":"ListItem","position":1,"name":"Inicio","item":"https:\/\/abaa.mx\/tienda\/"},{"@type":"ListItem","position":2,"name":"Tienda","item":"https:\/\/abaa.mx\/tienda\/"},{"@type":"ListItem","position":3,"name":"Medidor de Humedad en Piel y Cuero &#8211; JL2000"}]},{"@type":"WebSite","@id":"https:\/\/abaa.mx\/tienda\/#website","url":"https:\/\/abaa.mx\/tienda\/","name":"Abaa tienda online","description":"Instrumentos de medici\u00f3n","publisher":{"@id":"https:\/\/abaa.mx\/tienda\/#organization"},"potentialAction":[{"@type":"SearchAction","target":{"@type":"EntryPoint","urlTemplate":"https:\/\/abaa.mx\/tienda\/?s={search_term_string}"},"query-input":{"@type":"PropertyValueSpecification","valueRequired":true,"valueName":"search_term_string"}}],"inLanguage":"es"},{"@type":"Organization","@id":"https:\/\/abaa.mx\/tienda\/#organization","name":"Abaa tienda online","url":"https:\/\/abaa.mx\/tienda\/","logo":{"@type":"ImageObject","inLanguage":"es","@id":"https:\/\/abaa.mx\/tienda\/#\/schema\/logo\/image\/","url":"https:\/\/abaa.mx\/tienda\/wp-content\/uploads\/2024\/01\/abaa-metrologia-tienda.png","contentUrl":"https:\/\/abaa.mx\/tienda\/wp-content\/uploads\/2024\/01\/abaa-metrologia-tienda.png","width":300,"height":141,"caption":"Abaa tienda online"},"image":{"@id":"https:\/\/abaa.mx\/tienda\/#\/schema\/logo\/image\/"}}]}},"_links":{"self":[{"href":"https:\/\/abaa.mx\/tienda\/wp-json\/wp\/v2\/product\/8616","targetHints":{"allow":["GET"]}}],"collection":[{"href":"https:\/\/abaa.mx\/tienda\/wp-json\/wp\/v2\/product"}],"about":[{"href":"https:\/\/abaa.mx\/tienda\/wp-json\/wp\/v2\/types\/product"}],"replies":[{"embeddable":true,"href":"https:\/\/abaa.mx\/tienda\/wp-json\/wp\/v2\/comments?post=8616"}],"wp:featuredmedia":[{"embeddable":true,"href":"https:\/\/abaa.mx\/tienda\/wp-json\/wp\/v2\/media\/8617"}],"wp:attachment":[{"href":"https:\/\/abaa.mx\/tienda\/wp-json\/wp\/v2\/media?parent=8616"}],"wp:term":[{"taxonomy":"product_brand","embeddable":true,"href":"https:\/\/abaa.mx\/tienda\/wp-json\/wp\/v2\/product_brand?post=8616"},{"taxonomy":"product_cat","embeddable":true,"href":"https:\/\/abaa.mx\/tienda\/wp-json\/wp\/v2\/product_cat?post=8616"},{"taxonomy":"product_tag","embeddable":true,"href":"https:\/\/abaa.mx\/tienda\/wp-json\/wp\/v2\/product_tag?post=8616"}],"curies":[{"name":"wp","href":"https:\/\/api.w.org\/{rel}","templated":true}]}}