{"id":8598,"date":"2023-11-07T19:58:55","date_gmt":"2023-11-07T19:58:55","guid":{"rendered":"https:\/\/abaa.mx\/tienda\/?post_type=product&#038;p=8598"},"modified":"2023-11-07T19:59:56","modified_gmt":"2023-11-07T19:59:56","slug":"medidor-de-humedad-no-penetrante-proscan","status":"publish","type":"product","link":"https:\/\/abaa.mx\/tienda\/medidor-de-humedad-no-penetrante-proscan\/","title":{"rendered":"Medidor de Humedad, No Penetrante &#8211; PROSCAN"},"content":{"rendered":"<p>Medidor de Humedad, No Penetrante &#8211; PROSCAN.<\/p>\n","protected":false},"excerpt":{"rendered":"<p><b>Caracter\u00edsticas:<\/b><\/p>\n<p>Manipulable , s\u00f3lido y r\u00e1pido. F\u00e1cil de leer con ajustes digitales. Escanea velozmente grandes \u00e1reas para conseguir focos de humedad. Calibrado para minimizar falsas lecturas altas. Controles de calibraci\u00f3n de la bater\u00eda incorporada. Alarma ajustable le avisa en el momento en que se ha alcanzado un nivel de humedad preseleccionado. Tecnolog\u00eda avanzada del RF escanea velozmente madera y otros materiales de construcci\u00f3n. Funci\u00f3n Hold hace tomar lecturas en sitios bien dif\u00edciles de alcanzar r\u00e1pidos y f\u00e1ciles. Correcciones de especies incorporado en la gama de.30-.80 SG. 0 \u2013 100 referencia escala para materiales de construcci\u00f3n no madereros.<\/p>\n<ul>\n<li>Rango de humedad:5 \u2013 30.<\/li>\n<li>Garant\u00eda:1 a\u00f1o<\/li>\n<li>Tama\u00f1o:5-5\/8\u201d x 3-5\/16\u201d x 1-1\/4\u201d<\/li>\n<li>Estuche:incluido y resistente<\/li>\n<li>Bater\u00edas:9V Alcalina<\/li>\n<li>Peso:240 gr.<\/li>\n<\/ul>\n<p><b>Especificaciones T\u00e9cnicas:<\/b><\/p>\n<ul>\n<li>Controles de calibraci\u00f3n de la bater\u00eda incorporada.<\/li>\n<li>Manejable, compacto y ligero.<\/li>\n<li>Tecnolog\u00eda avanzada del RF escanea r\u00e1pidamente madera y otros materiales de construcci\u00f3n.<\/li>\n<li>0 \u2013 100 referencia escala para materiales de construcci\u00f3n no madereros.<\/li>\n<li>Correcciones de especies incorporado en la gama de.30-.80 SG.<\/li>\n<li>Escanea r\u00e1pidamente grandes \u00e1reas para encontrar focos de humedad.<\/li>\n<li>Peso: 240 gr.<\/li>\n<li>F\u00e1cil de leer con ajustes digitales.<\/li>\n<li>Funci\u00f3n Hold hace tomar lecturas en lugares dif\u00edciles de alcanzar r\u00e1pidos y f\u00e1ciles.<\/li>\n<li>Alarma ajustable le avisa cuando se ha alcanzado un nivel de humedad preseleccionado.<\/li>\n<li>Medidas MC en la madera en el rango de 5 \u2013 30.<\/li>\n<li>Calibrado para minimizar falsas lecturas altas.<\/li>\n<\/ul>\n","protected":false},"featured_media":8600,"comment_status":"open","ping_status":"closed","template":"","meta":{"_joinchat":[]},"product_brand":[],"product_cat":[114],"product_tag":[],"class_list":{"0":"post-8598","1":"product","2":"type-product","3":"status-publish","4":"has-post-thumbnail","6":"product_cat-medidor-de-humedad-en-materiales","8":"first","9":"instock","10":"shipping-taxable","11":"product-type-simple"},"yoast_head":"<!-- This site is optimized with the Yoast SEO plugin v26.4 - https:\/\/yoast.com\/wordpress\/plugins\/seo\/ -->\n<title>Medidor de Humedad, No Penetrante - PROSCAN - Abaa tienda online<\/title>\n<meta name=\"robots\" content=\"index, follow, max-snippet:-1, max-image-preview:large, max-video-preview:-1\" \/>\n<link rel=\"canonical\" href=\"https:\/\/abaa.mx\/tienda\/medidor-de-humedad-no-penetrante-proscan\/\" \/>\n<meta property=\"og:locale\" content=\"es_MX\" \/>\n<meta property=\"og:type\" content=\"article\" \/>\n<meta property=\"og:title\" content=\"Medidor de Humedad, No Penetrante - PROSCAN - Abaa tienda online\" \/>\n<meta property=\"og:description\" content=\"Caracter\u00edsticas:  Manipulable , s\u00f3lido y r\u00e1pido. F\u00e1cil de leer con ajustes digitales. Escanea velozmente grandes \u00e1reas para conseguir focos de humedad. Calibrado para minimizar falsas lecturas altas. Controles de calibraci\u00f3n de la bater\u00eda incorporada. Alarma ajustable le avisa en el momento en que se ha alcanzado un nivel de humedad preseleccionado. Tecnolog\u00eda avanzada del RF escanea velozmente madera y otros materiales de construcci\u00f3n. Funci\u00f3n Hold hace tomar lecturas en sitios bien dif\u00edciles de alcanzar r\u00e1pidos y f\u00e1ciles. Correcciones de especies incorporado en la gama de.30-.80 SG. 0 \u2013 100 referencia escala para materiales de construcci\u00f3n no madereros.   Rango de humedad:5 \u2013 30.  Garant\u00eda:1 a\u00f1o  Tama\u00f1o:5-5\/8\u201d x 3-5\/16\u201d x 1-1\/4\u201d  Estuche:incluido y resistente  Bater\u00edas:9V Alcalina  Peso:240 gr.  Especificaciones T\u00e9cnicas:   Controles de calibraci\u00f3n de la bater\u00eda incorporada.  Manejable, compacto y ligero.  Tecnolog\u00eda avanzada del RF escanea r\u00e1pidamente madera y otros materiales de construcci\u00f3n.  0 \u2013 100 referencia escala para materiales de construcci\u00f3n no madereros.  Correcciones de especies incorporado en la gama de.30-.80 SG.  Escanea r\u00e1pidamente grandes \u00e1reas para encontrar focos de humedad.  Peso: 240 gr.  F\u00e1cil de leer con ajustes digitales.  Funci\u00f3n Hold hace tomar lecturas en lugares dif\u00edciles de alcanzar r\u00e1pidos y f\u00e1ciles.  Alarma ajustable le avisa cuando se ha alcanzado un nivel de humedad preseleccionado.  Medidas MC en la madera en el rango de 5 \u2013 30.  Calibrado para minimizar falsas lecturas altas.\" \/>\n<meta property=\"og:url\" content=\"https:\/\/abaa.mx\/tienda\/medidor-de-humedad-no-penetrante-proscan\/\" \/>\n<meta property=\"og:site_name\" content=\"Abaa tienda online\" \/>\n<meta property=\"article:modified_time\" content=\"2023-11-07T19:59:56+00:00\" \/>\n<meta property=\"og:image\" content=\"https:\/\/abaa.mx\/tienda\/wp-content\/uploads\/2023\/11\/DELMHORST-PROSCAN.png\" \/>\n\t<meta property=\"og:image:width\" content=\"407\" \/>\n\t<meta property=\"og:image:height\" content=\"445\" \/>\n\t<meta property=\"og:image:type\" content=\"image\/png\" \/>\n<meta name=\"twitter:card\" content=\"summary_large_image\" \/>\n<meta name=\"twitter:label1\" content=\"Tiempo de lectura\" \/>\n\t<meta name=\"twitter:data1\" content=\"1 minuto\" \/>\n<script type=\"application\/ld+json\" class=\"yoast-schema-graph\">{\"@context\":\"https:\/\/schema.org\",\"@graph\":[{\"@type\":\"WebPage\",\"@id\":\"https:\/\/abaa.mx\/tienda\/medidor-de-humedad-no-penetrante-proscan\/\",\"url\":\"https:\/\/abaa.mx\/tienda\/medidor-de-humedad-no-penetrante-proscan\/\",\"name\":\"Medidor de Humedad, No Penetrante - PROSCAN - Abaa tienda online\",\"isPartOf\":{\"@id\":\"https:\/\/abaa.mx\/tienda\/#website\"},\"primaryImageOfPage\":{\"@id\":\"https:\/\/abaa.mx\/tienda\/medidor-de-humedad-no-penetrante-proscan\/#primaryimage\"},\"image\":{\"@id\":\"https:\/\/abaa.mx\/tienda\/medidor-de-humedad-no-penetrante-proscan\/#primaryimage\"},\"thumbnailUrl\":\"https:\/\/abaa.mx\/tienda\/wp-content\/uploads\/2023\/11\/DELMHORST-PROSCAN.png\",\"datePublished\":\"2023-11-07T19:58:55+00:00\",\"dateModified\":\"2023-11-07T19:59:56+00:00\",\"breadcrumb\":{\"@id\":\"https:\/\/abaa.mx\/tienda\/medidor-de-humedad-no-penetrante-proscan\/#breadcrumb\"},\"inLanguage\":\"es\",\"potentialAction\":[{\"@type\":\"ReadAction\",\"target\":[\"https:\/\/abaa.mx\/tienda\/medidor-de-humedad-no-penetrante-proscan\/\"]}]},{\"@type\":\"ImageObject\",\"inLanguage\":\"es\",\"@id\":\"https:\/\/abaa.mx\/tienda\/medidor-de-humedad-no-penetrante-proscan\/#primaryimage\",\"url\":\"https:\/\/abaa.mx\/tienda\/wp-content\/uploads\/2023\/11\/DELMHORST-PROSCAN.png\",\"contentUrl\":\"https:\/\/abaa.mx\/tienda\/wp-content\/uploads\/2023\/11\/DELMHORST-PROSCAN.png\",\"width\":407,\"height\":445,\"caption\":\"DELMHORST-PROSCAN\"},{\"@type\":\"BreadcrumbList\",\"@id\":\"https:\/\/abaa.mx\/tienda\/medidor-de-humedad-no-penetrante-proscan\/#breadcrumb\",\"itemListElement\":[{\"@type\":\"ListItem\",\"position\":1,\"name\":\"Inicio\",\"item\":\"https:\/\/abaa.mx\/tienda\/\"},{\"@type\":\"ListItem\",\"position\":2,\"name\":\"Tienda\",\"item\":\"https:\/\/abaa.mx\/tienda\/\"},{\"@type\":\"ListItem\",\"position\":3,\"name\":\"Medidor de Humedad, No Penetrante &#8211; PROSCAN\"}]},{\"@type\":\"WebSite\",\"@id\":\"https:\/\/abaa.mx\/tienda\/#website\",\"url\":\"https:\/\/abaa.mx\/tienda\/\",\"name\":\"Abaa tienda online\",\"description\":\"Instrumentos de medici\u00f3n\",\"publisher\":{\"@id\":\"https:\/\/abaa.mx\/tienda\/#organization\"},\"potentialAction\":[{\"@type\":\"SearchAction\",\"target\":{\"@type\":\"EntryPoint\",\"urlTemplate\":\"https:\/\/abaa.mx\/tienda\/?s={search_term_string}\"},\"query-input\":{\"@type\":\"PropertyValueSpecification\",\"valueRequired\":true,\"valueName\":\"search_term_string\"}}],\"inLanguage\":\"es\"},{\"@type\":\"Organization\",\"@id\":\"https:\/\/abaa.mx\/tienda\/#organization\",\"name\":\"Abaa tienda online\",\"url\":\"https:\/\/abaa.mx\/tienda\/\",\"logo\":{\"@type\":\"ImageObject\",\"inLanguage\":\"es\",\"@id\":\"https:\/\/abaa.mx\/tienda\/#\/schema\/logo\/image\/\",\"url\":\"https:\/\/abaa.mx\/tienda\/wp-content\/uploads\/2024\/01\/abaa-metrologia-tienda.png\",\"contentUrl\":\"https:\/\/abaa.mx\/tienda\/wp-content\/uploads\/2024\/01\/abaa-metrologia-tienda.png\",\"width\":300,\"height\":141,\"caption\":\"Abaa tienda online\"},\"image\":{\"@id\":\"https:\/\/abaa.mx\/tienda\/#\/schema\/logo\/image\/\"}}]}<\/script>\n<!-- \/ Yoast SEO plugin. -->","yoast_head_json":{"title":"Medidor de Humedad, No Penetrante - PROSCAN - Abaa tienda online","robots":{"index":"index","follow":"follow","max-snippet":"max-snippet:-1","max-image-preview":"max-image-preview:large","max-video-preview":"max-video-preview:-1"},"canonical":"https:\/\/abaa.mx\/tienda\/medidor-de-humedad-no-penetrante-proscan\/","og_locale":"es_MX","og_type":"article","og_title":"Medidor de Humedad, No Penetrante - PROSCAN - Abaa tienda online","og_description":"Caracter\u00edsticas:  Manipulable , s\u00f3lido y r\u00e1pido. F\u00e1cil de leer con ajustes digitales. Escanea velozmente grandes \u00e1reas para conseguir focos de humedad. Calibrado para minimizar falsas lecturas altas. Controles de calibraci\u00f3n de la bater\u00eda incorporada. Alarma ajustable le avisa en el momento en que se ha alcanzado un nivel de humedad preseleccionado. Tecnolog\u00eda avanzada del RF escanea velozmente madera y otros materiales de construcci\u00f3n. Funci\u00f3n Hold hace tomar lecturas en sitios bien dif\u00edciles de alcanzar r\u00e1pidos y f\u00e1ciles. Correcciones de especies incorporado en la gama de.30-.80 SG. 0 \u2013 100 referencia escala para materiales de construcci\u00f3n no madereros.   Rango de humedad:5 \u2013 30.  Garant\u00eda:1 a\u00f1o  Tama\u00f1o:5-5\/8\u201d x 3-5\/16\u201d x 1-1\/4\u201d  Estuche:incluido y resistente  Bater\u00edas:9V Alcalina  Peso:240 gr.  Especificaciones T\u00e9cnicas:   Controles de calibraci\u00f3n de la bater\u00eda incorporada.  Manejable, compacto y ligero.  Tecnolog\u00eda avanzada del RF escanea r\u00e1pidamente madera y otros materiales de construcci\u00f3n.  0 \u2013 100 referencia escala para materiales de construcci\u00f3n no madereros.  Correcciones de especies incorporado en la gama de.30-.80 SG.  Escanea r\u00e1pidamente grandes \u00e1reas para encontrar focos de humedad.  Peso: 240 gr.  F\u00e1cil de leer con ajustes digitales.  Funci\u00f3n Hold hace tomar lecturas en lugares dif\u00edciles de alcanzar r\u00e1pidos y f\u00e1ciles.  Alarma ajustable le avisa cuando se ha alcanzado un nivel de humedad preseleccionado.  Medidas MC en la madera en el rango de 5 \u2013 30.  Calibrado para minimizar falsas lecturas altas.","og_url":"https:\/\/abaa.mx\/tienda\/medidor-de-humedad-no-penetrante-proscan\/","og_site_name":"Abaa tienda online","article_modified_time":"2023-11-07T19:59:56+00:00","og_image":[{"width":407,"height":445,"url":"https:\/\/abaa.mx\/tienda\/wp-content\/uploads\/2023\/11\/DELMHORST-PROSCAN.png","type":"image\/png"}],"twitter_card":"summary_large_image","twitter_misc":{"Tiempo de lectura":"1 minuto"},"schema":{"@context":"https:\/\/schema.org","@graph":[{"@type":"WebPage","@id":"https:\/\/abaa.mx\/tienda\/medidor-de-humedad-no-penetrante-proscan\/","url":"https:\/\/abaa.mx\/tienda\/medidor-de-humedad-no-penetrante-proscan\/","name":"Medidor de Humedad, No Penetrante - PROSCAN - Abaa tienda online","isPartOf":{"@id":"https:\/\/abaa.mx\/tienda\/#website"},"primaryImageOfPage":{"@id":"https:\/\/abaa.mx\/tienda\/medidor-de-humedad-no-penetrante-proscan\/#primaryimage"},"image":{"@id":"https:\/\/abaa.mx\/tienda\/medidor-de-humedad-no-penetrante-proscan\/#primaryimage"},"thumbnailUrl":"https:\/\/abaa.mx\/tienda\/wp-content\/uploads\/2023\/11\/DELMHORST-PROSCAN.png","datePublished":"2023-11-07T19:58:55+00:00","dateModified":"2023-11-07T19:59:56+00:00","breadcrumb":{"@id":"https:\/\/abaa.mx\/tienda\/medidor-de-humedad-no-penetrante-proscan\/#breadcrumb"},"inLanguage":"es","potentialAction":[{"@type":"ReadAction","target":["https:\/\/abaa.mx\/tienda\/medidor-de-humedad-no-penetrante-proscan\/"]}]},{"@type":"ImageObject","inLanguage":"es","@id":"https:\/\/abaa.mx\/tienda\/medidor-de-humedad-no-penetrante-proscan\/#primaryimage","url":"https:\/\/abaa.mx\/tienda\/wp-content\/uploads\/2023\/11\/DELMHORST-PROSCAN.png","contentUrl":"https:\/\/abaa.mx\/tienda\/wp-content\/uploads\/2023\/11\/DELMHORST-PROSCAN.png","width":407,"height":445,"caption":"DELMHORST-PROSCAN"},{"@type":"BreadcrumbList","@id":"https:\/\/abaa.mx\/tienda\/medidor-de-humedad-no-penetrante-proscan\/#breadcrumb","itemListElement":[{"@type":"ListItem","position":1,"name":"Inicio","item":"https:\/\/abaa.mx\/tienda\/"},{"@type":"ListItem","position":2,"name":"Tienda","item":"https:\/\/abaa.mx\/tienda\/"},{"@type":"ListItem","position":3,"name":"Medidor de Humedad, No Penetrante &#8211; PROSCAN"}]},{"@type":"WebSite","@id":"https:\/\/abaa.mx\/tienda\/#website","url":"https:\/\/abaa.mx\/tienda\/","name":"Abaa tienda online","description":"Instrumentos de medici\u00f3n","publisher":{"@id":"https:\/\/abaa.mx\/tienda\/#organization"},"potentialAction":[{"@type":"SearchAction","target":{"@type":"EntryPoint","urlTemplate":"https:\/\/abaa.mx\/tienda\/?s={search_term_string}"},"query-input":{"@type":"PropertyValueSpecification","valueRequired":true,"valueName":"search_term_string"}}],"inLanguage":"es"},{"@type":"Organization","@id":"https:\/\/abaa.mx\/tienda\/#organization","name":"Abaa tienda online","url":"https:\/\/abaa.mx\/tienda\/","logo":{"@type":"ImageObject","inLanguage":"es","@id":"https:\/\/abaa.mx\/tienda\/#\/schema\/logo\/image\/","url":"https:\/\/abaa.mx\/tienda\/wp-content\/uploads\/2024\/01\/abaa-metrologia-tienda.png","contentUrl":"https:\/\/abaa.mx\/tienda\/wp-content\/uploads\/2024\/01\/abaa-metrologia-tienda.png","width":300,"height":141,"caption":"Abaa tienda online"},"image":{"@id":"https:\/\/abaa.mx\/tienda\/#\/schema\/logo\/image\/"}}]}},"_links":{"self":[{"href":"https:\/\/abaa.mx\/tienda\/wp-json\/wp\/v2\/product\/8598","targetHints":{"allow":["GET"]}}],"collection":[{"href":"https:\/\/abaa.mx\/tienda\/wp-json\/wp\/v2\/product"}],"about":[{"href":"https:\/\/abaa.mx\/tienda\/wp-json\/wp\/v2\/types\/product"}],"replies":[{"embeddable":true,"href":"https:\/\/abaa.mx\/tienda\/wp-json\/wp\/v2\/comments?post=8598"}],"wp:featuredmedia":[{"embeddable":true,"href":"https:\/\/abaa.mx\/tienda\/wp-json\/wp\/v2\/media\/8600"}],"wp:attachment":[{"href":"https:\/\/abaa.mx\/tienda\/wp-json\/wp\/v2\/media?parent=8598"}],"wp:term":[{"taxonomy":"product_brand","embeddable":true,"href":"https:\/\/abaa.mx\/tienda\/wp-json\/wp\/v2\/product_brand?post=8598"},{"taxonomy":"product_cat","embeddable":true,"href":"https:\/\/abaa.mx\/tienda\/wp-json\/wp\/v2\/product_cat?post=8598"},{"taxonomy":"product_tag","embeddable":true,"href":"https:\/\/abaa.mx\/tienda\/wp-json\/wp\/v2\/product_tag?post=8598"}],"curies":[{"name":"wp","href":"https:\/\/api.w.org\/{rel}","templated":true}]}}