{"id":8587,"date":"2023-11-07T16:56:56","date_gmt":"2023-11-07T16:56:56","guid":{"rendered":"https:\/\/abaa.mx\/tienda\/?post_type=product&#038;p=8587"},"modified":"2023-11-07T16:56:56","modified_gmt":"2023-11-07T16:56:56","slug":"medidor-de-luz-solar-1333","status":"publish","type":"product","link":"https:\/\/abaa.mx\/tienda\/medidor-de-luz-solar-1333\/","title":{"rendered":"Medidor de luz solar &#8211; 1333"},"content":{"rendered":"<h5 class=\"product-single__title\">Medidor de luz solar &#8211; 1333.<\/h5>\n","protected":false},"excerpt":{"rendered":"<p>El medidor de energ\u00eda solar modelo TE-1333 es una herramienta de enorme herramienta para el instalador de cuadros solares. Puede efectuar mediciones de intensidad de energ\u00eda solar y energ\u00eda solar de transmisi\u00f3n (en %). Caracter\u00edsticas primordiales : Extensa selecci\u00f3n espectral. Incre\u00edble seguridad a largo plazo. Transmisi\u00f3n autom\u00e1tica de mediciones. Energ\u00eda del sol o la transmisi\u00f3n de potencia. Funci\u00f3n de ajuste de la hora actual. Funci\u00f3n de ajuste de calibraci\u00f3n. Multifunci\u00f3n, apagado autom\u00e1tico. Auto rango y s\u00edmbolos en pantalla. Funci\u00f3n de tiempo incorporado. Max-min, promedios y retenci\u00f3n de lectura. Memoria de hasta 99 datos.<\/p>\n<ul>\n<li>Ancho de banda:400 \u2013 1000nm<\/li>\n<li>Precisi\u00f3n b\u00e1sica:\u00b1 (10W\/m\u00b2 o \u00b1 5%)<\/li>\n<li>Resoluci\u00f3n:1W\/m\u00b2 \u00f3 1 Btu<\/li>\n<li>Peso:158 g<\/li>\n<li>Pantalla de 4 d\u00edg. M\u00e1x:4000<\/li>\n<li>Dimensiones y peso:110 x 64 x 34 mm.<\/li>\n<li>Rangos de medida: 0 \u2013 2000W\/m\u00b2 \u00f3 634Btu\/ (ft\u00b2xh)<\/li>\n<li>Contenido de la caja:Estuche de protecci\u00f3n, bater\u00edas e instrucciones<\/li>\n<li>Alimentaci\u00f3n:4 bater\u00edas alcalinas1.5V (AAA).<\/li>\n<\/ul>\n","protected":false},"featured_media":8588,"comment_status":"open","ping_status":"closed","template":"","meta":{"_joinchat":[]},"product_brand":[],"product_cat":[113],"product_tag":[],"class_list":{"0":"post-8587","1":"product","2":"type-product","3":"status-publish","4":"has-post-thumbnail","6":"product_cat-medidores-de-la-luz","8":"first","9":"instock","10":"shipping-taxable","11":"product-type-simple"},"yoast_head":"<!-- This site is optimized with the Yoast SEO plugin v26.4 - https:\/\/yoast.com\/wordpress\/plugins\/seo\/ -->\n<title>Medidor de luz solar - 1333 - Abaa tienda online<\/title>\n<meta name=\"robots\" content=\"index, follow, max-snippet:-1, max-image-preview:large, max-video-preview:-1\" \/>\n<link rel=\"canonical\" href=\"https:\/\/abaa.mx\/tienda\/medidor-de-luz-solar-1333\/\" \/>\n<meta property=\"og:locale\" content=\"es_MX\" \/>\n<meta property=\"og:type\" content=\"article\" \/>\n<meta property=\"og:title\" content=\"Medidor de luz solar - 1333 - Abaa tienda online\" \/>\n<meta property=\"og:description\" content=\"El medidor de energ\u00eda solar modelo TE-1333 es una herramienta de enorme herramienta para el instalador de cuadros solares. Puede efectuar mediciones de intensidad de energ\u00eda solar y energ\u00eda solar de transmisi\u00f3n (en %). Caracter\u00edsticas primordiales : Extensa selecci\u00f3n espectral. Incre\u00edble seguridad a largo plazo. Transmisi\u00f3n autom\u00e1tica de mediciones. Energ\u00eda del sol o la transmisi\u00f3n de potencia. Funci\u00f3n de ajuste de la hora actual. Funci\u00f3n de ajuste de calibraci\u00f3n. Multifunci\u00f3n, apagado autom\u00e1tico. Auto rango y s\u00edmbolos en pantalla. Funci\u00f3n de tiempo incorporado. Max-min, promedios y retenci\u00f3n de lectura. Memoria de hasta 99 datos.   Ancho de banda:400 \u2013 1000nm  Precisi\u00f3n b\u00e1sica:\u00b1 (10W\/m\u00b2 o \u00b1 5%)  Resoluci\u00f3n:1W\/m\u00b2 \u00f3 1 Btu  Peso:158 g  Pantalla de 4 d\u00edg. M\u00e1x:4000  Dimensiones y peso:110 x 64 x 34 mm.  Rangos de medida: 0 \u2013 2000W\/m\u00b2 \u00f3 634Btu\/ (ft\u00b2xh)  Contenido de la caja:Estuche de protecci\u00f3n, bater\u00edas e instrucciones  Alimentaci\u00f3n:4 bater\u00edas alcalinas1.5V (AAA).\" \/>\n<meta property=\"og:url\" content=\"https:\/\/abaa.mx\/tienda\/medidor-de-luz-solar-1333\/\" \/>\n<meta property=\"og:site_name\" content=\"Abaa tienda online\" \/>\n<meta property=\"og:image\" content=\"https:\/\/abaa.mx\/tienda\/wp-content\/uploads\/2023\/11\/TES-133-1.jpg\" \/>\n\t<meta property=\"og:image:width\" content=\"398\" \/>\n\t<meta property=\"og:image:height\" content=\"593\" \/>\n\t<meta property=\"og:image:type\" content=\"image\/jpeg\" \/>\n<meta name=\"twitter:card\" content=\"summary_large_image\" \/>\n<meta name=\"twitter:label1\" content=\"Tiempo de lectura\" \/>\n\t<meta name=\"twitter:data1\" content=\"1 minuto\" \/>\n<script type=\"application\/ld+json\" class=\"yoast-schema-graph\">{\"@context\":\"https:\/\/schema.org\",\"@graph\":[{\"@type\":\"WebPage\",\"@id\":\"https:\/\/abaa.mx\/tienda\/medidor-de-luz-solar-1333\/\",\"url\":\"https:\/\/abaa.mx\/tienda\/medidor-de-luz-solar-1333\/\",\"name\":\"Medidor de luz solar - 1333 - Abaa tienda online\",\"isPartOf\":{\"@id\":\"https:\/\/abaa.mx\/tienda\/#website\"},\"primaryImageOfPage\":{\"@id\":\"https:\/\/abaa.mx\/tienda\/medidor-de-luz-solar-1333\/#primaryimage\"},\"image\":{\"@id\":\"https:\/\/abaa.mx\/tienda\/medidor-de-luz-solar-1333\/#primaryimage\"},\"thumbnailUrl\":\"https:\/\/abaa.mx\/tienda\/wp-content\/uploads\/2023\/11\/TES-133-1.jpg\",\"datePublished\":\"2023-11-07T16:56:56+00:00\",\"breadcrumb\":{\"@id\":\"https:\/\/abaa.mx\/tienda\/medidor-de-luz-solar-1333\/#breadcrumb\"},\"inLanguage\":\"es\",\"potentialAction\":[{\"@type\":\"ReadAction\",\"target\":[\"https:\/\/abaa.mx\/tienda\/medidor-de-luz-solar-1333\/\"]}]},{\"@type\":\"ImageObject\",\"inLanguage\":\"es\",\"@id\":\"https:\/\/abaa.mx\/tienda\/medidor-de-luz-solar-1333\/#primaryimage\",\"url\":\"https:\/\/abaa.mx\/tienda\/wp-content\/uploads\/2023\/11\/TES-133-1.jpg\",\"contentUrl\":\"https:\/\/abaa.mx\/tienda\/wp-content\/uploads\/2023\/11\/TES-133-1.jpg\",\"width\":398,\"height\":593,\"caption\":\"TES-133\"},{\"@type\":\"BreadcrumbList\",\"@id\":\"https:\/\/abaa.mx\/tienda\/medidor-de-luz-solar-1333\/#breadcrumb\",\"itemListElement\":[{\"@type\":\"ListItem\",\"position\":1,\"name\":\"Inicio\",\"item\":\"https:\/\/abaa.mx\/tienda\/\"},{\"@type\":\"ListItem\",\"position\":2,\"name\":\"Tienda\",\"item\":\"https:\/\/abaa.mx\/tienda\/\"},{\"@type\":\"ListItem\",\"position\":3,\"name\":\"Medidor de luz solar &#8211; 1333\"}]},{\"@type\":\"WebSite\",\"@id\":\"https:\/\/abaa.mx\/tienda\/#website\",\"url\":\"https:\/\/abaa.mx\/tienda\/\",\"name\":\"Abaa tienda online\",\"description\":\"Instrumentos de medici\u00f3n\",\"publisher\":{\"@id\":\"https:\/\/abaa.mx\/tienda\/#organization\"},\"potentialAction\":[{\"@type\":\"SearchAction\",\"target\":{\"@type\":\"EntryPoint\",\"urlTemplate\":\"https:\/\/abaa.mx\/tienda\/?s={search_term_string}\"},\"query-input\":{\"@type\":\"PropertyValueSpecification\",\"valueRequired\":true,\"valueName\":\"search_term_string\"}}],\"inLanguage\":\"es\"},{\"@type\":\"Organization\",\"@id\":\"https:\/\/abaa.mx\/tienda\/#organization\",\"name\":\"Abaa tienda online\",\"url\":\"https:\/\/abaa.mx\/tienda\/\",\"logo\":{\"@type\":\"ImageObject\",\"inLanguage\":\"es\",\"@id\":\"https:\/\/abaa.mx\/tienda\/#\/schema\/logo\/image\/\",\"url\":\"https:\/\/abaa.mx\/tienda\/wp-content\/uploads\/2024\/01\/abaa-metrologia-tienda.png\",\"contentUrl\":\"https:\/\/abaa.mx\/tienda\/wp-content\/uploads\/2024\/01\/abaa-metrologia-tienda.png\",\"width\":300,\"height\":141,\"caption\":\"Abaa tienda online\"},\"image\":{\"@id\":\"https:\/\/abaa.mx\/tienda\/#\/schema\/logo\/image\/\"}}]}<\/script>\n<!-- \/ Yoast SEO plugin. -->","yoast_head_json":{"title":"Medidor de luz solar - 1333 - Abaa tienda online","robots":{"index":"index","follow":"follow","max-snippet":"max-snippet:-1","max-image-preview":"max-image-preview:large","max-video-preview":"max-video-preview:-1"},"canonical":"https:\/\/abaa.mx\/tienda\/medidor-de-luz-solar-1333\/","og_locale":"es_MX","og_type":"article","og_title":"Medidor de luz solar - 1333 - Abaa tienda online","og_description":"El medidor de energ\u00eda solar modelo TE-1333 es una herramienta de enorme herramienta para el instalador de cuadros solares. Puede efectuar mediciones de intensidad de energ\u00eda solar y energ\u00eda solar de transmisi\u00f3n (en %). Caracter\u00edsticas primordiales : Extensa selecci\u00f3n espectral. Incre\u00edble seguridad a largo plazo. Transmisi\u00f3n autom\u00e1tica de mediciones. Energ\u00eda del sol o la transmisi\u00f3n de potencia. Funci\u00f3n de ajuste de la hora actual. Funci\u00f3n de ajuste de calibraci\u00f3n. Multifunci\u00f3n, apagado autom\u00e1tico. Auto rango y s\u00edmbolos en pantalla. Funci\u00f3n de tiempo incorporado. Max-min, promedios y retenci\u00f3n de lectura. Memoria de hasta 99 datos.   Ancho de banda:400 \u2013 1000nm  Precisi\u00f3n b\u00e1sica:\u00b1 (10W\/m\u00b2 o \u00b1 5%)  Resoluci\u00f3n:1W\/m\u00b2 \u00f3 1 Btu  Peso:158 g  Pantalla de 4 d\u00edg. M\u00e1x:4000  Dimensiones y peso:110 x 64 x 34 mm.  Rangos de medida: 0 \u2013 2000W\/m\u00b2 \u00f3 634Btu\/ (ft\u00b2xh)  Contenido de la caja:Estuche de protecci\u00f3n, bater\u00edas e instrucciones  Alimentaci\u00f3n:4 bater\u00edas alcalinas1.5V (AAA).","og_url":"https:\/\/abaa.mx\/tienda\/medidor-de-luz-solar-1333\/","og_site_name":"Abaa tienda online","og_image":[{"width":398,"height":593,"url":"https:\/\/abaa.mx\/tienda\/wp-content\/uploads\/2023\/11\/TES-133-1.jpg","type":"image\/jpeg"}],"twitter_card":"summary_large_image","twitter_misc":{"Tiempo de lectura":"1 minuto"},"schema":{"@context":"https:\/\/schema.org","@graph":[{"@type":"WebPage","@id":"https:\/\/abaa.mx\/tienda\/medidor-de-luz-solar-1333\/","url":"https:\/\/abaa.mx\/tienda\/medidor-de-luz-solar-1333\/","name":"Medidor de luz solar - 1333 - Abaa tienda online","isPartOf":{"@id":"https:\/\/abaa.mx\/tienda\/#website"},"primaryImageOfPage":{"@id":"https:\/\/abaa.mx\/tienda\/medidor-de-luz-solar-1333\/#primaryimage"},"image":{"@id":"https:\/\/abaa.mx\/tienda\/medidor-de-luz-solar-1333\/#primaryimage"},"thumbnailUrl":"https:\/\/abaa.mx\/tienda\/wp-content\/uploads\/2023\/11\/TES-133-1.jpg","datePublished":"2023-11-07T16:56:56+00:00","breadcrumb":{"@id":"https:\/\/abaa.mx\/tienda\/medidor-de-luz-solar-1333\/#breadcrumb"},"inLanguage":"es","potentialAction":[{"@type":"ReadAction","target":["https:\/\/abaa.mx\/tienda\/medidor-de-luz-solar-1333\/"]}]},{"@type":"ImageObject","inLanguage":"es","@id":"https:\/\/abaa.mx\/tienda\/medidor-de-luz-solar-1333\/#primaryimage","url":"https:\/\/abaa.mx\/tienda\/wp-content\/uploads\/2023\/11\/TES-133-1.jpg","contentUrl":"https:\/\/abaa.mx\/tienda\/wp-content\/uploads\/2023\/11\/TES-133-1.jpg","width":398,"height":593,"caption":"TES-133"},{"@type":"BreadcrumbList","@id":"https:\/\/abaa.mx\/tienda\/medidor-de-luz-solar-1333\/#breadcrumb","itemListElement":[{"@type":"ListItem","position":1,"name":"Inicio","item":"https:\/\/abaa.mx\/tienda\/"},{"@type":"ListItem","position":2,"name":"Tienda","item":"https:\/\/abaa.mx\/tienda\/"},{"@type":"ListItem","position":3,"name":"Medidor de luz solar &#8211; 1333"}]},{"@type":"WebSite","@id":"https:\/\/abaa.mx\/tienda\/#website","url":"https:\/\/abaa.mx\/tienda\/","name":"Abaa tienda online","description":"Instrumentos de medici\u00f3n","publisher":{"@id":"https:\/\/abaa.mx\/tienda\/#organization"},"potentialAction":[{"@type":"SearchAction","target":{"@type":"EntryPoint","urlTemplate":"https:\/\/abaa.mx\/tienda\/?s={search_term_string}"},"query-input":{"@type":"PropertyValueSpecification","valueRequired":true,"valueName":"search_term_string"}}],"inLanguage":"es"},{"@type":"Organization","@id":"https:\/\/abaa.mx\/tienda\/#organization","name":"Abaa tienda online","url":"https:\/\/abaa.mx\/tienda\/","logo":{"@type":"ImageObject","inLanguage":"es","@id":"https:\/\/abaa.mx\/tienda\/#\/schema\/logo\/image\/","url":"https:\/\/abaa.mx\/tienda\/wp-content\/uploads\/2024\/01\/abaa-metrologia-tienda.png","contentUrl":"https:\/\/abaa.mx\/tienda\/wp-content\/uploads\/2024\/01\/abaa-metrologia-tienda.png","width":300,"height":141,"caption":"Abaa tienda online"},"image":{"@id":"https:\/\/abaa.mx\/tienda\/#\/schema\/logo\/image\/"}}]}},"_links":{"self":[{"href":"https:\/\/abaa.mx\/tienda\/wp-json\/wp\/v2\/product\/8587","targetHints":{"allow":["GET"]}}],"collection":[{"href":"https:\/\/abaa.mx\/tienda\/wp-json\/wp\/v2\/product"}],"about":[{"href":"https:\/\/abaa.mx\/tienda\/wp-json\/wp\/v2\/types\/product"}],"replies":[{"embeddable":true,"href":"https:\/\/abaa.mx\/tienda\/wp-json\/wp\/v2\/comments?post=8587"}],"wp:featuredmedia":[{"embeddable":true,"href":"https:\/\/abaa.mx\/tienda\/wp-json\/wp\/v2\/media\/8588"}],"wp:attachment":[{"href":"https:\/\/abaa.mx\/tienda\/wp-json\/wp\/v2\/media?parent=8587"}],"wp:term":[{"taxonomy":"product_brand","embeddable":true,"href":"https:\/\/abaa.mx\/tienda\/wp-json\/wp\/v2\/product_brand?post=8587"},{"taxonomy":"product_cat","embeddable":true,"href":"https:\/\/abaa.mx\/tienda\/wp-json\/wp\/v2\/product_cat?post=8587"},{"taxonomy":"product_tag","embeddable":true,"href":"https:\/\/abaa.mx\/tienda\/wp-json\/wp\/v2\/product_tag?post=8587"}],"curies":[{"name":"wp","href":"https:\/\/api.w.org\/{rel}","templated":true}]}}