{"id":8585,"date":"2023-12-12T20:17:56","date_gmt":"2023-12-12T20:17:56","guid":{"rendered":"https:\/\/abaa.mx\/tienda\/?post_type=product&#038;p=8585"},"modified":"2023-12-12T20:17:56","modified_gmt":"2023-12-12T20:17:56","slug":"lt250w-luxometro-con-bluetooth","status":"publish","type":"product","link":"https:\/\/abaa.mx\/tienda\/lt250w-luxometro-con-bluetooth\/","title":{"rendered":"lt250w-lux\u00f3metro con bluetooth"},"content":{"rendered":"<p>lt250w-lux\u00f3metro con bluetooth<\/p>\n","protected":false},"excerpt":{"rendered":"<p>&nbsp;<\/p>\n<p><strong>Caracter\u00edsticas:<\/strong><\/p>\n<ul id=\"features\">\n<li><span>Mida la intensidad de la luz hasta 100 000 lux (10 000 Fc) con una velocidad de medici\u00f3n de 0,5 segundos.<\/span><\/li>\n<li><span>Transmita, vea y comparta datos directamente desde un dispositivo m\u00f3vil a trav\u00e9s de una conexi\u00f3n Bluetooth a la aplicaci\u00f3n ExView.<\/span><\/li>\n<li><span>Registro de lecturas m\u00e1x.\/m\u00edn.<\/span><\/li>\n<li><span>Congelar pantalla con &#8216;Retenci\u00f3n de datos.<\/span><\/li>\n<li><span>Ahorre bater\u00eda con la funci\u00f3n de apagado autom\u00e1tico.<\/span><\/li>\n<li><span>Montaje en tr\u00edpode con tornillo de montaje est\u00e1ndar de 1\/4&#8243;-20.<\/span><\/li>\n<li><span>Vea datos tanto en la pantalla LCD RPM250W brillante y retroiluminada como desde la aplicaci\u00f3n en dispositivos m\u00f3viles iOS o Android (ofrece modo diurno y modo oscuro).<\/span><\/li>\n<li><span>Conecte hasta ocho medidores de la serie 250W conectados de Extech compatibles a la aplicaci\u00f3n simult\u00e1neamente.<\/span><\/li>\n<li><span>Configure la grabaci\u00f3n de datos y programe alarmas sonoras altas\/bajas a trav\u00e9s de la aplicaci\u00f3n.<\/span><\/li>\n<li><span>Exporte datos en formato de archivo .CSV o env\u00ede informes en PDF, incluidas fotos de la ubicaci\u00f3n de la medici\u00f3n, desde la aplicaci\u00f3n.<\/span><\/li>\n<li><span>Viene completo con 3 pilas AAA (1,5 V).<\/span><\/li>\n<\/ul>\n","protected":false},"featured_media":9783,"comment_status":"open","ping_status":"closed","template":"","meta":{"_joinchat":[]},"product_brand":[],"product_cat":[15],"product_tag":[],"class_list":{"0":"post-8585","1":"product","2":"type-product","3":"status-publish","4":"has-post-thumbnail","6":"product_cat-sin-categorizar","8":"first","9":"instock","10":"shipping-taxable","11":"product-type-simple"},"yoast_head":"<!-- This site is optimized with the Yoast SEO plugin v26.4 - https:\/\/yoast.com\/wordpress\/plugins\/seo\/ -->\n<title>lt250w-lux\u00f3metro con bluetooth - Abaa tienda online<\/title>\n<meta name=\"robots\" content=\"index, follow, max-snippet:-1, max-image-preview:large, max-video-preview:-1\" \/>\n<link rel=\"canonical\" href=\"https:\/\/abaa.mx\/tienda\/lt250w-luxometro-con-bluetooth\/\" \/>\n<meta property=\"og:locale\" content=\"es_MX\" \/>\n<meta property=\"og:type\" content=\"article\" \/>\n<meta property=\"og:title\" content=\"lt250w-lux\u00f3metro con bluetooth - Abaa tienda online\" \/>\n<meta property=\"og:description\" content=\"&nbsp;  Caracter\u00edsticas:   Mida la intensidad de la luz hasta 100 000 lux (10 000 Fc) con una velocidad de medici\u00f3n de 0,5 segundos.  Transmita, vea y comparta datos directamente desde un dispositivo m\u00f3vil a trav\u00e9s de una conexi\u00f3n Bluetooth a la aplicaci\u00f3n ExView.  Registro de lecturas m\u00e1x.\/m\u00edn.  Congelar pantalla con &#039;Retenci\u00f3n de datos.  Ahorre bater\u00eda con la funci\u00f3n de apagado autom\u00e1tico.  Montaje en tr\u00edpode con tornillo de montaje est\u00e1ndar de 1\/4&quot;-20.  Vea datos tanto en la pantalla LCD RPM250W brillante y retroiluminada como desde la aplicaci\u00f3n en dispositivos m\u00f3viles iOS o Android (ofrece modo diurno y modo oscuro).  Conecte hasta ocho medidores de la serie 250W conectados de Extech compatibles a la aplicaci\u00f3n simult\u00e1neamente.  Configure la grabaci\u00f3n de datos y programe alarmas sonoras altas\/bajas a trav\u00e9s de la aplicaci\u00f3n.  Exporte datos en formato de archivo .CSV o env\u00ede informes en PDF, incluidas fotos de la ubicaci\u00f3n de la medici\u00f3n, desde la aplicaci\u00f3n.  Viene completo con 3 pilas AAA (1,5 V).\" \/>\n<meta property=\"og:url\" content=\"https:\/\/abaa.mx\/tienda\/lt250w-luxometro-con-bluetooth\/\" \/>\n<meta property=\"og:site_name\" content=\"Abaa tienda online\" \/>\n<meta property=\"og:image\" content=\"https:\/\/abaa.mx\/tienda\/wp-content\/uploads\/2023\/12\/lt250w-luxometro.jpg\" \/>\n\t<meta property=\"og:image:width\" content=\"1024\" \/>\n\t<meta property=\"og:image:height\" content=\"1024\" \/>\n\t<meta property=\"og:image:type\" content=\"image\/jpeg\" \/>\n<meta name=\"twitter:card\" content=\"summary_large_image\" \/>\n<meta name=\"twitter:label1\" content=\"Tiempo de lectura\" \/>\n\t<meta name=\"twitter:data1\" content=\"1 minuto\" \/>\n<script type=\"application\/ld+json\" class=\"yoast-schema-graph\">{\"@context\":\"https:\/\/schema.org\",\"@graph\":[{\"@type\":\"WebPage\",\"@id\":\"https:\/\/abaa.mx\/tienda\/lt250w-luxometro-con-bluetooth\/\",\"url\":\"https:\/\/abaa.mx\/tienda\/lt250w-luxometro-con-bluetooth\/\",\"name\":\"lt250w-lux\u00f3metro con bluetooth - Abaa tienda online\",\"isPartOf\":{\"@id\":\"https:\/\/abaa.mx\/tienda\/#website\"},\"primaryImageOfPage\":{\"@id\":\"https:\/\/abaa.mx\/tienda\/lt250w-luxometro-con-bluetooth\/#primaryimage\"},\"image\":{\"@id\":\"https:\/\/abaa.mx\/tienda\/lt250w-luxometro-con-bluetooth\/#primaryimage\"},\"thumbnailUrl\":\"https:\/\/abaa.mx\/tienda\/wp-content\/uploads\/2023\/12\/lt250w-luxometro.jpg\",\"datePublished\":\"2023-12-12T20:17:56+00:00\",\"breadcrumb\":{\"@id\":\"https:\/\/abaa.mx\/tienda\/lt250w-luxometro-con-bluetooth\/#breadcrumb\"},\"inLanguage\":\"es\",\"potentialAction\":[{\"@type\":\"ReadAction\",\"target\":[\"https:\/\/abaa.mx\/tienda\/lt250w-luxometro-con-bluetooth\/\"]}]},{\"@type\":\"ImageObject\",\"inLanguage\":\"es\",\"@id\":\"https:\/\/abaa.mx\/tienda\/lt250w-luxometro-con-bluetooth\/#primaryimage\",\"url\":\"https:\/\/abaa.mx\/tienda\/wp-content\/uploads\/2023\/12\/lt250w-luxometro.jpg\",\"contentUrl\":\"https:\/\/abaa.mx\/tienda\/wp-content\/uploads\/2023\/12\/lt250w-luxometro.jpg\",\"width\":1024,\"height\":1024,\"caption\":\"lt250w-lux\u00f3metro\"},{\"@type\":\"BreadcrumbList\",\"@id\":\"https:\/\/abaa.mx\/tienda\/lt250w-luxometro-con-bluetooth\/#breadcrumb\",\"itemListElement\":[{\"@type\":\"ListItem\",\"position\":1,\"name\":\"Inicio\",\"item\":\"https:\/\/abaa.mx\/tienda\/\"},{\"@type\":\"ListItem\",\"position\":2,\"name\":\"Tienda\",\"item\":\"https:\/\/abaa.mx\/tienda\/\"},{\"@type\":\"ListItem\",\"position\":3,\"name\":\"lt250w-lux\u00f3metro con bluetooth\"}]},{\"@type\":\"WebSite\",\"@id\":\"https:\/\/abaa.mx\/tienda\/#website\",\"url\":\"https:\/\/abaa.mx\/tienda\/\",\"name\":\"Abaa tienda online\",\"description\":\"Instrumentos de medici\u00f3n\",\"publisher\":{\"@id\":\"https:\/\/abaa.mx\/tienda\/#organization\"},\"potentialAction\":[{\"@type\":\"SearchAction\",\"target\":{\"@type\":\"EntryPoint\",\"urlTemplate\":\"https:\/\/abaa.mx\/tienda\/?s={search_term_string}\"},\"query-input\":{\"@type\":\"PropertyValueSpecification\",\"valueRequired\":true,\"valueName\":\"search_term_string\"}}],\"inLanguage\":\"es\"},{\"@type\":\"Organization\",\"@id\":\"https:\/\/abaa.mx\/tienda\/#organization\",\"name\":\"Abaa tienda online\",\"url\":\"https:\/\/abaa.mx\/tienda\/\",\"logo\":{\"@type\":\"ImageObject\",\"inLanguage\":\"es\",\"@id\":\"https:\/\/abaa.mx\/tienda\/#\/schema\/logo\/image\/\",\"url\":\"https:\/\/abaa.mx\/tienda\/wp-content\/uploads\/2024\/01\/abaa-metrologia-tienda.png\",\"contentUrl\":\"https:\/\/abaa.mx\/tienda\/wp-content\/uploads\/2024\/01\/abaa-metrologia-tienda.png\",\"width\":300,\"height\":141,\"caption\":\"Abaa tienda online\"},\"image\":{\"@id\":\"https:\/\/abaa.mx\/tienda\/#\/schema\/logo\/image\/\"}}]}<\/script>\n<!-- \/ Yoast SEO plugin. -->","yoast_head_json":{"title":"lt250w-lux\u00f3metro con bluetooth - Abaa tienda online","robots":{"index":"index","follow":"follow","max-snippet":"max-snippet:-1","max-image-preview":"max-image-preview:large","max-video-preview":"max-video-preview:-1"},"canonical":"https:\/\/abaa.mx\/tienda\/lt250w-luxometro-con-bluetooth\/","og_locale":"es_MX","og_type":"article","og_title":"lt250w-lux\u00f3metro con bluetooth - Abaa tienda online","og_description":"&nbsp;  Caracter\u00edsticas:   Mida la intensidad de la luz hasta 100 000 lux (10 000 Fc) con una velocidad de medici\u00f3n de 0,5 segundos.  Transmita, vea y comparta datos directamente desde un dispositivo m\u00f3vil a trav\u00e9s de una conexi\u00f3n Bluetooth a la aplicaci\u00f3n ExView.  Registro de lecturas m\u00e1x.\/m\u00edn.  Congelar pantalla con 'Retenci\u00f3n de datos.  Ahorre bater\u00eda con la funci\u00f3n de apagado autom\u00e1tico.  Montaje en tr\u00edpode con tornillo de montaje est\u00e1ndar de 1\/4\"-20.  Vea datos tanto en la pantalla LCD RPM250W brillante y retroiluminada como desde la aplicaci\u00f3n en dispositivos m\u00f3viles iOS o Android (ofrece modo diurno y modo oscuro).  Conecte hasta ocho medidores de la serie 250W conectados de Extech compatibles a la aplicaci\u00f3n simult\u00e1neamente.  Configure la grabaci\u00f3n de datos y programe alarmas sonoras altas\/bajas a trav\u00e9s de la aplicaci\u00f3n.  Exporte datos en formato de archivo .CSV o env\u00ede informes en PDF, incluidas fotos de la ubicaci\u00f3n de la medici\u00f3n, desde la aplicaci\u00f3n.  Viene completo con 3 pilas AAA (1,5 V).","og_url":"https:\/\/abaa.mx\/tienda\/lt250w-luxometro-con-bluetooth\/","og_site_name":"Abaa tienda online","og_image":[{"width":1024,"height":1024,"url":"https:\/\/abaa.mx\/tienda\/wp-content\/uploads\/2023\/12\/lt250w-luxometro.jpg","type":"image\/jpeg"}],"twitter_card":"summary_large_image","twitter_misc":{"Tiempo de lectura":"1 minuto"},"schema":{"@context":"https:\/\/schema.org","@graph":[{"@type":"WebPage","@id":"https:\/\/abaa.mx\/tienda\/lt250w-luxometro-con-bluetooth\/","url":"https:\/\/abaa.mx\/tienda\/lt250w-luxometro-con-bluetooth\/","name":"lt250w-lux\u00f3metro con bluetooth - Abaa tienda online","isPartOf":{"@id":"https:\/\/abaa.mx\/tienda\/#website"},"primaryImageOfPage":{"@id":"https:\/\/abaa.mx\/tienda\/lt250w-luxometro-con-bluetooth\/#primaryimage"},"image":{"@id":"https:\/\/abaa.mx\/tienda\/lt250w-luxometro-con-bluetooth\/#primaryimage"},"thumbnailUrl":"https:\/\/abaa.mx\/tienda\/wp-content\/uploads\/2023\/12\/lt250w-luxometro.jpg","datePublished":"2023-12-12T20:17:56+00:00","breadcrumb":{"@id":"https:\/\/abaa.mx\/tienda\/lt250w-luxometro-con-bluetooth\/#breadcrumb"},"inLanguage":"es","potentialAction":[{"@type":"ReadAction","target":["https:\/\/abaa.mx\/tienda\/lt250w-luxometro-con-bluetooth\/"]}]},{"@type":"ImageObject","inLanguage":"es","@id":"https:\/\/abaa.mx\/tienda\/lt250w-luxometro-con-bluetooth\/#primaryimage","url":"https:\/\/abaa.mx\/tienda\/wp-content\/uploads\/2023\/12\/lt250w-luxometro.jpg","contentUrl":"https:\/\/abaa.mx\/tienda\/wp-content\/uploads\/2023\/12\/lt250w-luxometro.jpg","width":1024,"height":1024,"caption":"lt250w-lux\u00f3metro"},{"@type":"BreadcrumbList","@id":"https:\/\/abaa.mx\/tienda\/lt250w-luxometro-con-bluetooth\/#breadcrumb","itemListElement":[{"@type":"ListItem","position":1,"name":"Inicio","item":"https:\/\/abaa.mx\/tienda\/"},{"@type":"ListItem","position":2,"name":"Tienda","item":"https:\/\/abaa.mx\/tienda\/"},{"@type":"ListItem","position":3,"name":"lt250w-lux\u00f3metro con bluetooth"}]},{"@type":"WebSite","@id":"https:\/\/abaa.mx\/tienda\/#website","url":"https:\/\/abaa.mx\/tienda\/","name":"Abaa tienda online","description":"Instrumentos de medici\u00f3n","publisher":{"@id":"https:\/\/abaa.mx\/tienda\/#organization"},"potentialAction":[{"@type":"SearchAction","target":{"@type":"EntryPoint","urlTemplate":"https:\/\/abaa.mx\/tienda\/?s={search_term_string}"},"query-input":{"@type":"PropertyValueSpecification","valueRequired":true,"valueName":"search_term_string"}}],"inLanguage":"es"},{"@type":"Organization","@id":"https:\/\/abaa.mx\/tienda\/#organization","name":"Abaa tienda online","url":"https:\/\/abaa.mx\/tienda\/","logo":{"@type":"ImageObject","inLanguage":"es","@id":"https:\/\/abaa.mx\/tienda\/#\/schema\/logo\/image\/","url":"https:\/\/abaa.mx\/tienda\/wp-content\/uploads\/2024\/01\/abaa-metrologia-tienda.png","contentUrl":"https:\/\/abaa.mx\/tienda\/wp-content\/uploads\/2024\/01\/abaa-metrologia-tienda.png","width":300,"height":141,"caption":"Abaa tienda online"},"image":{"@id":"https:\/\/abaa.mx\/tienda\/#\/schema\/logo\/image\/"}}]}},"_links":{"self":[{"href":"https:\/\/abaa.mx\/tienda\/wp-json\/wp\/v2\/product\/8585","targetHints":{"allow":["GET"]}}],"collection":[{"href":"https:\/\/abaa.mx\/tienda\/wp-json\/wp\/v2\/product"}],"about":[{"href":"https:\/\/abaa.mx\/tienda\/wp-json\/wp\/v2\/types\/product"}],"replies":[{"embeddable":true,"href":"https:\/\/abaa.mx\/tienda\/wp-json\/wp\/v2\/comments?post=8585"}],"wp:featuredmedia":[{"embeddable":true,"href":"https:\/\/abaa.mx\/tienda\/wp-json\/wp\/v2\/media\/9783"}],"wp:attachment":[{"href":"https:\/\/abaa.mx\/tienda\/wp-json\/wp\/v2\/media?parent=8585"}],"wp:term":[{"taxonomy":"product_brand","embeddable":true,"href":"https:\/\/abaa.mx\/tienda\/wp-json\/wp\/v2\/product_brand?post=8585"},{"taxonomy":"product_cat","embeddable":true,"href":"https:\/\/abaa.mx\/tienda\/wp-json\/wp\/v2\/product_cat?post=8585"},{"taxonomy":"product_tag","embeddable":true,"href":"https:\/\/abaa.mx\/tienda\/wp-json\/wp\/v2\/product_tag?post=8585"}],"curies":[{"name":"wp","href":"https:\/\/api.w.org\/{rel}","templated":true}]}}