{"id":8575,"date":"2023-11-07T16:12:56","date_gmt":"2023-11-07T16:12:56","guid":{"rendered":"https:\/\/abaa.mx\/tienda\/?post_type=product&#038;p=8575"},"modified":"2023-11-07T16:12:57","modified_gmt":"2023-11-07T16:12:57","slug":"medidor-ultrasonico-portatil-p118ip010016","status":"publish","type":"product","link":"https:\/\/abaa.mx\/tienda\/medidor-ultrasonico-portatil-p118ip010016\/","title":{"rendered":"Medidor Ultras\u00f3nico Port\u00e1til &#8211; P118IP010016"},"content":{"rendered":"<p>Medidor Ultras\u00f3nico Port\u00e1til &#8211; P118IP010016<\/p>\n","protected":false},"excerpt":{"rendered":"<p>Comparando con otros caudal\u00edmetros tradicionales \u00fa otros medidores de flu\u00eddo ultras\u00f3nicos, tiene como peculiaridades la alta precisi\u00f3n, alta confiabilidad , alta aptitud y bajo costo , el caudal\u00edmetro tiene virtudes , as\u00ed como tecnolog\u00eda PICOFLY; Menos elementos de hardware, baja tensi\u00f3n de banda ancha, transmisi\u00f3n de impulsos y bajo consumo de energ\u00eda. Muestra tambi\u00e9n flujo total, per\u00edodico , por mes y de forma anual. Desempe\u00f1o en paralelo del flujo positivo, negativo y neto. Totaliza con factor de escala (span) y visualizaci\u00f3n de 7 d\u00edgitos, al paso que la salida de totalizar pulso y frecuencia Salida se transmiten v\u00eda rel\u00e9 y recolector abierto.<\/p>\n<p> El medidor de flu\u00eddo ultras\u00f3nico port\u00e1til P118i deja al usuario llevar a cabo mediciones de flujo en varios puntos de un proceso de flujo sin la obligaci\u00f3n de un instalaci\u00f3n.<\/p>\n<p> Las selecciones de men\u00fa claras y f\u00e1ciles hacen que el medidor de flu\u00eddo f\u00e1cil y c\u00f3modo.<\/p>\n<p> Este medidor de flu\u00eddo ultras\u00f3nico de Gentos es \u00fanico con tecnolog\u00eda de medici\u00f3n del tiempo PICOFLY, tiene una resoluci\u00f3n a 10 picosegundos (0.01 Nanosegundo). Tiene una alta respuesta y tecnolog\u00eda ultras\u00f3nica de medici\u00f3n de alta precisi\u00f3n y aplicaci\u00f3n.<\/p>\n","protected":false},"featured_media":8576,"comment_status":"open","ping_status":"closed","template":"","meta":{"_joinchat":[]},"product_brand":[],"product_cat":[112],"product_tag":[],"class_list":{"0":"post-8575","1":"product","2":"type-product","3":"status-publish","4":"has-post-thumbnail","6":"product_cat-medidores-de-flujo","8":"first","9":"instock","10":"shipping-taxable","11":"product-type-simple"},"yoast_head":"<!-- This site is optimized with the Yoast SEO plugin v26.4 - https:\/\/yoast.com\/wordpress\/plugins\/seo\/ -->\n<title>Medidor Ultras\u00f3nico Port\u00e1til - P118IP010016 - Abaa tienda online<\/title>\n<meta name=\"robots\" content=\"index, follow, max-snippet:-1, max-image-preview:large, max-video-preview:-1\" \/>\n<link rel=\"canonical\" href=\"https:\/\/abaa.mx\/tienda\/medidor-ultrasonico-portatil-p118ip010016\/\" \/>\n<meta property=\"og:locale\" content=\"es_MX\" \/>\n<meta property=\"og:type\" content=\"article\" \/>\n<meta property=\"og:title\" content=\"Medidor Ultras\u00f3nico Port\u00e1til - P118IP010016 - Abaa tienda online\" \/>\n<meta property=\"og:description\" content=\"Comparando con otros caudal\u00edmetros tradicionales \u00fa otros medidores de flu\u00eddo ultras\u00f3nicos, tiene como peculiaridades la alta precisi\u00f3n, alta confiabilidad , alta aptitud y bajo costo , el caudal\u00edmetro tiene virtudes , as\u00ed como tecnolog\u00eda PICOFLY; Menos elementos de hardware, baja tensi\u00f3n de banda ancha, transmisi\u00f3n de impulsos y bajo consumo de energ\u00eda. Muestra tambi\u00e9n flujo total, per\u00edodico , por mes y de forma anual. Desempe\u00f1o en paralelo del flujo positivo, negativo y neto. Totaliza con factor de escala (span) y visualizaci\u00f3n de 7 d\u00edgitos, al paso que la salida de totalizar pulso y frecuencia Salida se transmiten v\u00eda rel\u00e9 y recolector abierto.   El medidor de flu\u00eddo ultras\u00f3nico port\u00e1til P118i deja al usuario llevar a cabo mediciones de flujo en varios puntos de un proceso de flujo sin la obligaci\u00f3n de un instalaci\u00f3n.   Las selecciones de men\u00fa claras y f\u00e1ciles hacen que el medidor de flu\u00eddo f\u00e1cil y c\u00f3modo.   Este medidor de flu\u00eddo ultras\u00f3nico de Gentos es \u00fanico con tecnolog\u00eda de medici\u00f3n del tiempo PICOFLY, tiene una resoluci\u00f3n a 10 picosegundos (0.01 Nanosegundo). Tiene una alta respuesta y tecnolog\u00eda ultras\u00f3nica de medici\u00f3n de alta precisi\u00f3n y aplicaci\u00f3n.\" \/>\n<meta property=\"og:url\" content=\"https:\/\/abaa.mx\/tienda\/medidor-ultrasonico-portatil-p118ip010016\/\" \/>\n<meta property=\"og:site_name\" content=\"Abaa tienda online\" \/>\n<meta property=\"article:modified_time\" content=\"2023-11-07T16:12:57+00:00\" \/>\n<meta property=\"og:image\" content=\"https:\/\/abaa.mx\/tienda\/wp-content\/uploads\/2023\/11\/GENTOS-P118IP010016.jpg\" \/>\n\t<meta property=\"og:image:width\" content=\"474\" \/>\n\t<meta property=\"og:image:height\" content=\"355\" \/>\n\t<meta property=\"og:image:type\" content=\"image\/jpeg\" \/>\n<meta name=\"twitter:card\" content=\"summary_large_image\" \/>\n<script type=\"application\/ld+json\" class=\"yoast-schema-graph\">{\"@context\":\"https:\/\/schema.org\",\"@graph\":[{\"@type\":\"WebPage\",\"@id\":\"https:\/\/abaa.mx\/tienda\/medidor-ultrasonico-portatil-p118ip010016\/\",\"url\":\"https:\/\/abaa.mx\/tienda\/medidor-ultrasonico-portatil-p118ip010016\/\",\"name\":\"Medidor Ultras\u00f3nico Port\u00e1til - P118IP010016 - Abaa tienda online\",\"isPartOf\":{\"@id\":\"https:\/\/abaa.mx\/tienda\/#website\"},\"primaryImageOfPage\":{\"@id\":\"https:\/\/abaa.mx\/tienda\/medidor-ultrasonico-portatil-p118ip010016\/#primaryimage\"},\"image\":{\"@id\":\"https:\/\/abaa.mx\/tienda\/medidor-ultrasonico-portatil-p118ip010016\/#primaryimage\"},\"thumbnailUrl\":\"https:\/\/abaa.mx\/tienda\/wp-content\/uploads\/2023\/11\/GENTOS-P118IP010016.jpg\",\"datePublished\":\"2023-11-07T16:12:56+00:00\",\"dateModified\":\"2023-11-07T16:12:57+00:00\",\"breadcrumb\":{\"@id\":\"https:\/\/abaa.mx\/tienda\/medidor-ultrasonico-portatil-p118ip010016\/#breadcrumb\"},\"inLanguage\":\"es\",\"potentialAction\":[{\"@type\":\"ReadAction\",\"target\":[\"https:\/\/abaa.mx\/tienda\/medidor-ultrasonico-portatil-p118ip010016\/\"]}]},{\"@type\":\"ImageObject\",\"inLanguage\":\"es\",\"@id\":\"https:\/\/abaa.mx\/tienda\/medidor-ultrasonico-portatil-p118ip010016\/#primaryimage\",\"url\":\"https:\/\/abaa.mx\/tienda\/wp-content\/uploads\/2023\/11\/GENTOS-P118IP010016.jpg\",\"contentUrl\":\"https:\/\/abaa.mx\/tienda\/wp-content\/uploads\/2023\/11\/GENTOS-P118IP010016.jpg\",\"width\":474,\"height\":355,\"caption\":\"GENTOS-P118IP010016\"},{\"@type\":\"BreadcrumbList\",\"@id\":\"https:\/\/abaa.mx\/tienda\/medidor-ultrasonico-portatil-p118ip010016\/#breadcrumb\",\"itemListElement\":[{\"@type\":\"ListItem\",\"position\":1,\"name\":\"Inicio\",\"item\":\"https:\/\/abaa.mx\/tienda\/\"},{\"@type\":\"ListItem\",\"position\":2,\"name\":\"Tienda\",\"item\":\"https:\/\/abaa.mx\/tienda\/\"},{\"@type\":\"ListItem\",\"position\":3,\"name\":\"Medidor Ultras\u00f3nico Port\u00e1til &#8211; P118IP010016\"}]},{\"@type\":\"WebSite\",\"@id\":\"https:\/\/abaa.mx\/tienda\/#website\",\"url\":\"https:\/\/abaa.mx\/tienda\/\",\"name\":\"Abaa tienda online\",\"description\":\"Instrumentos de medici\u00f3n\",\"publisher\":{\"@id\":\"https:\/\/abaa.mx\/tienda\/#organization\"},\"potentialAction\":[{\"@type\":\"SearchAction\",\"target\":{\"@type\":\"EntryPoint\",\"urlTemplate\":\"https:\/\/abaa.mx\/tienda\/?s={search_term_string}\"},\"query-input\":{\"@type\":\"PropertyValueSpecification\",\"valueRequired\":true,\"valueName\":\"search_term_string\"}}],\"inLanguage\":\"es\"},{\"@type\":\"Organization\",\"@id\":\"https:\/\/abaa.mx\/tienda\/#organization\",\"name\":\"Abaa tienda online\",\"url\":\"https:\/\/abaa.mx\/tienda\/\",\"logo\":{\"@type\":\"ImageObject\",\"inLanguage\":\"es\",\"@id\":\"https:\/\/abaa.mx\/tienda\/#\/schema\/logo\/image\/\",\"url\":\"https:\/\/abaa.mx\/tienda\/wp-content\/uploads\/2024\/01\/abaa-metrologia-tienda.png\",\"contentUrl\":\"https:\/\/abaa.mx\/tienda\/wp-content\/uploads\/2024\/01\/abaa-metrologia-tienda.png\",\"width\":300,\"height\":141,\"caption\":\"Abaa tienda online\"},\"image\":{\"@id\":\"https:\/\/abaa.mx\/tienda\/#\/schema\/logo\/image\/\"}}]}<\/script>\n<!-- \/ Yoast SEO plugin. -->","yoast_head_json":{"title":"Medidor Ultras\u00f3nico Port\u00e1til - P118IP010016 - Abaa tienda online","robots":{"index":"index","follow":"follow","max-snippet":"max-snippet:-1","max-image-preview":"max-image-preview:large","max-video-preview":"max-video-preview:-1"},"canonical":"https:\/\/abaa.mx\/tienda\/medidor-ultrasonico-portatil-p118ip010016\/","og_locale":"es_MX","og_type":"article","og_title":"Medidor Ultras\u00f3nico Port\u00e1til - P118IP010016 - Abaa tienda online","og_description":"Comparando con otros caudal\u00edmetros tradicionales \u00fa otros medidores de flu\u00eddo ultras\u00f3nicos, tiene como peculiaridades la alta precisi\u00f3n, alta confiabilidad , alta aptitud y bajo costo , el caudal\u00edmetro tiene virtudes , as\u00ed como tecnolog\u00eda PICOFLY; Menos elementos de hardware, baja tensi\u00f3n de banda ancha, transmisi\u00f3n de impulsos y bajo consumo de energ\u00eda. Muestra tambi\u00e9n flujo total, per\u00edodico , por mes y de forma anual. Desempe\u00f1o en paralelo del flujo positivo, negativo y neto. Totaliza con factor de escala (span) y visualizaci\u00f3n de 7 d\u00edgitos, al paso que la salida de totalizar pulso y frecuencia Salida se transmiten v\u00eda rel\u00e9 y recolector abierto.   El medidor de flu\u00eddo ultras\u00f3nico port\u00e1til P118i deja al usuario llevar a cabo mediciones de flujo en varios puntos de un proceso de flujo sin la obligaci\u00f3n de un instalaci\u00f3n.   Las selecciones de men\u00fa claras y f\u00e1ciles hacen que el medidor de flu\u00eddo f\u00e1cil y c\u00f3modo.   Este medidor de flu\u00eddo ultras\u00f3nico de Gentos es \u00fanico con tecnolog\u00eda de medici\u00f3n del tiempo PICOFLY, tiene una resoluci\u00f3n a 10 picosegundos (0.01 Nanosegundo). Tiene una alta respuesta y tecnolog\u00eda ultras\u00f3nica de medici\u00f3n de alta precisi\u00f3n y aplicaci\u00f3n.","og_url":"https:\/\/abaa.mx\/tienda\/medidor-ultrasonico-portatil-p118ip010016\/","og_site_name":"Abaa tienda online","article_modified_time":"2023-11-07T16:12:57+00:00","og_image":[{"width":474,"height":355,"url":"https:\/\/abaa.mx\/tienda\/wp-content\/uploads\/2023\/11\/GENTOS-P118IP010016.jpg","type":"image\/jpeg"}],"twitter_card":"summary_large_image","schema":{"@context":"https:\/\/schema.org","@graph":[{"@type":"WebPage","@id":"https:\/\/abaa.mx\/tienda\/medidor-ultrasonico-portatil-p118ip010016\/","url":"https:\/\/abaa.mx\/tienda\/medidor-ultrasonico-portatil-p118ip010016\/","name":"Medidor Ultras\u00f3nico Port\u00e1til - P118IP010016 - Abaa tienda online","isPartOf":{"@id":"https:\/\/abaa.mx\/tienda\/#website"},"primaryImageOfPage":{"@id":"https:\/\/abaa.mx\/tienda\/medidor-ultrasonico-portatil-p118ip010016\/#primaryimage"},"image":{"@id":"https:\/\/abaa.mx\/tienda\/medidor-ultrasonico-portatil-p118ip010016\/#primaryimage"},"thumbnailUrl":"https:\/\/abaa.mx\/tienda\/wp-content\/uploads\/2023\/11\/GENTOS-P118IP010016.jpg","datePublished":"2023-11-07T16:12:56+00:00","dateModified":"2023-11-07T16:12:57+00:00","breadcrumb":{"@id":"https:\/\/abaa.mx\/tienda\/medidor-ultrasonico-portatil-p118ip010016\/#breadcrumb"},"inLanguage":"es","potentialAction":[{"@type":"ReadAction","target":["https:\/\/abaa.mx\/tienda\/medidor-ultrasonico-portatil-p118ip010016\/"]}]},{"@type":"ImageObject","inLanguage":"es","@id":"https:\/\/abaa.mx\/tienda\/medidor-ultrasonico-portatil-p118ip010016\/#primaryimage","url":"https:\/\/abaa.mx\/tienda\/wp-content\/uploads\/2023\/11\/GENTOS-P118IP010016.jpg","contentUrl":"https:\/\/abaa.mx\/tienda\/wp-content\/uploads\/2023\/11\/GENTOS-P118IP010016.jpg","width":474,"height":355,"caption":"GENTOS-P118IP010016"},{"@type":"BreadcrumbList","@id":"https:\/\/abaa.mx\/tienda\/medidor-ultrasonico-portatil-p118ip010016\/#breadcrumb","itemListElement":[{"@type":"ListItem","position":1,"name":"Inicio","item":"https:\/\/abaa.mx\/tienda\/"},{"@type":"ListItem","position":2,"name":"Tienda","item":"https:\/\/abaa.mx\/tienda\/"},{"@type":"ListItem","position":3,"name":"Medidor Ultras\u00f3nico Port\u00e1til &#8211; P118IP010016"}]},{"@type":"WebSite","@id":"https:\/\/abaa.mx\/tienda\/#website","url":"https:\/\/abaa.mx\/tienda\/","name":"Abaa tienda online","description":"Instrumentos de medici\u00f3n","publisher":{"@id":"https:\/\/abaa.mx\/tienda\/#organization"},"potentialAction":[{"@type":"SearchAction","target":{"@type":"EntryPoint","urlTemplate":"https:\/\/abaa.mx\/tienda\/?s={search_term_string}"},"query-input":{"@type":"PropertyValueSpecification","valueRequired":true,"valueName":"search_term_string"}}],"inLanguage":"es"},{"@type":"Organization","@id":"https:\/\/abaa.mx\/tienda\/#organization","name":"Abaa tienda online","url":"https:\/\/abaa.mx\/tienda\/","logo":{"@type":"ImageObject","inLanguage":"es","@id":"https:\/\/abaa.mx\/tienda\/#\/schema\/logo\/image\/","url":"https:\/\/abaa.mx\/tienda\/wp-content\/uploads\/2024\/01\/abaa-metrologia-tienda.png","contentUrl":"https:\/\/abaa.mx\/tienda\/wp-content\/uploads\/2024\/01\/abaa-metrologia-tienda.png","width":300,"height":141,"caption":"Abaa tienda online"},"image":{"@id":"https:\/\/abaa.mx\/tienda\/#\/schema\/logo\/image\/"}}]}},"_links":{"self":[{"href":"https:\/\/abaa.mx\/tienda\/wp-json\/wp\/v2\/product\/8575","targetHints":{"allow":["GET"]}}],"collection":[{"href":"https:\/\/abaa.mx\/tienda\/wp-json\/wp\/v2\/product"}],"about":[{"href":"https:\/\/abaa.mx\/tienda\/wp-json\/wp\/v2\/types\/product"}],"replies":[{"embeddable":true,"href":"https:\/\/abaa.mx\/tienda\/wp-json\/wp\/v2\/comments?post=8575"}],"wp:featuredmedia":[{"embeddable":true,"href":"https:\/\/abaa.mx\/tienda\/wp-json\/wp\/v2\/media\/8576"}],"wp:attachment":[{"href":"https:\/\/abaa.mx\/tienda\/wp-json\/wp\/v2\/media?parent=8575"}],"wp:term":[{"taxonomy":"product_brand","embeddable":true,"href":"https:\/\/abaa.mx\/tienda\/wp-json\/wp\/v2\/product_brand?post=8575"},{"taxonomy":"product_cat","embeddable":true,"href":"https:\/\/abaa.mx\/tienda\/wp-json\/wp\/v2\/product_cat?post=8575"},{"taxonomy":"product_tag","embeddable":true,"href":"https:\/\/abaa.mx\/tienda\/wp-json\/wp\/v2\/product_tag?post=8575"}],"curies":[{"name":"wp","href":"https:\/\/api.w.org\/{rel}","templated":true}]}}