{"id":8573,"date":"2023-11-07T16:41:28","date_gmt":"2023-11-07T16:41:28","guid":{"rendered":"https:\/\/abaa.mx\/tienda\/?post_type=product&#038;p=8573"},"modified":"2023-11-07T16:41:28","modified_gmt":"2023-11-07T16:41:28","slug":"medidor-de-flujo-ultrasonico-en-liquidos-outup-4-20ma-rs485-meacon-sup1158s","status":"publish","type":"product","link":"https:\/\/abaa.mx\/tienda\/medidor-de-flujo-ultrasonico-en-liquidos-outup-4-20ma-rs485-meacon-sup1158s\/","title":{"rendered":"Medidor de flujo ultrasonico en l\u00edquidos, Outup: 4-20ma &#038; RS485, Meacon &#8211; SUP1158S"},"content":{"rendered":"<p>Medidor de flujo ultrasonico en l\u00edquidos, Outup: 4-20ma &amp; RS485, Meacon &#8211; SUP1158S.<\/p>\n","protected":false},"excerpt":{"rendered":"<p>Caudal\u00edmetro ultras\u00f3nico separado fijo MC-SUP1158S El modelo fijo separado es una medici\u00f3n en l\u00ednea en un largo plazo. Hay 3 g\u00e9neros de convertidores, incluidos los de pared, de panel y a prueba de explosi\u00f3n. Los convertidores tienen la posibilidad de instalarse en interiores o en gabinetes de instrumentos. Los transductores tienen que instalarse en la tuber\u00eda de medici\u00f3n; El convertidor y el transductor tienen que conectarse por cable.<\/p>\n<p>Caracter\u00edsticas:<\/p>\n<ul>\n<li>Registra autom\u00e1ticamente los siguientes datos:<\/li>\n<li>Los datos del totalizador de los \u00faltimos 512 d\u00edas\/128 meses \/10 anos 2. El tiempo y el caudal correspondiente de las \u00faltimas 64 veces de eventos de encendido y apagado. 3. El estado laboral de los \u00faltimos 32 d\u00edas.<\/li>\n<li>Fuerte antiinterferencias: circuito de controlador \/ receptor diferencial de senal de doble equilibrio para evitar interferencias del convertidor, torre de TV, l\u00ednea de alto voltaje, etc.<\/li>\n<li>Alta precisi\u00f3n 1%<\/li>\n<li>Potente funci\u00f3n de grabaci\u00f3n:<\/li>\n<li>Alta confiabilidad: Adopte tecnolog\u00eda de bajo voltaje y m\u00faltiples pulsos para mejorar la precisi\u00f3n, la vida \u00fatil y la confiabilidad.<\/li>\n<li>Amplio rango de medici\u00f3n: varios tipos de transductores para la selecci\u00f3n, tamano de tuber\u00eda de Dn15mm a Dn6000mm.<\/li>\n<\/ul>\n","protected":false},"featured_media":8578,"comment_status":"open","ping_status":"closed","template":"","meta":{"_joinchat":[]},"product_brand":[],"product_cat":[112],"product_tag":[],"class_list":{"0":"post-8573","1":"product","2":"type-product","3":"status-publish","4":"has-post-thumbnail","6":"product_cat-medidores-de-flujo","8":"first","9":"instock","10":"shipping-taxable","11":"product-type-simple"},"yoast_head":"<!-- This site is optimized with the Yoast SEO plugin v26.4 - https:\/\/yoast.com\/wordpress\/plugins\/seo\/ -->\n<title>Medidor de flujo ultrasonico en l\u00edquidos, Outup: 4-20ma &amp; RS485, Meacon - SUP1158S - Abaa tienda online<\/title>\n<meta name=\"robots\" content=\"index, follow, max-snippet:-1, max-image-preview:large, max-video-preview:-1\" \/>\n<link rel=\"canonical\" href=\"https:\/\/abaa.mx\/tienda\/medidor-de-flujo-ultrasonico-en-liquidos-outup-4-20ma-rs485-meacon-sup1158s\/\" \/>\n<meta property=\"og:locale\" content=\"es_MX\" \/>\n<meta property=\"og:type\" content=\"article\" \/>\n<meta property=\"og:title\" content=\"Medidor de flujo ultrasonico en l\u00edquidos, Outup: 4-20ma &amp; RS485, Meacon - SUP1158S - Abaa tienda online\" \/>\n<meta property=\"og:description\" content=\"Caudal\u00edmetro ultras\u00f3nico separado fijo MC-SUP1158S El modelo fijo separado es una medici\u00f3n en l\u00ednea en un largo plazo. Hay 3 g\u00e9neros de convertidores, incluidos los de pared, de panel y a prueba de explosi\u00f3n. Los convertidores tienen la posibilidad de instalarse en interiores o en gabinetes de instrumentos. Los transductores tienen que instalarse en la tuber\u00eda de medici\u00f3n; El convertidor y el transductor tienen que conectarse por cable.  Caracter\u00edsticas:   Registra autom\u00e1ticamente los siguientes datos:  Los datos del totalizador de los \u00faltimos 512 d\u00edas\/128 meses \/10 anos 2. El tiempo y el caudal correspondiente de las \u00faltimas 64 veces de eventos de encendido y apagado. 3. El estado laboral de los \u00faltimos 32 d\u00edas.  Fuerte antiinterferencias: circuito de controlador \/ receptor diferencial de senal de doble equilibrio para evitar interferencias del convertidor, torre de TV, l\u00ednea de alto voltaje, etc.  Alta precisi\u00f3n 1%  Potente funci\u00f3n de grabaci\u00f3n:  Alta confiabilidad: Adopte tecnolog\u00eda de bajo voltaje y m\u00faltiples pulsos para mejorar la precisi\u00f3n, la vida \u00fatil y la confiabilidad.  Amplio rango de medici\u00f3n: varios tipos de transductores para la selecci\u00f3n, tamano de tuber\u00eda de Dn15mm a Dn6000mm.\" \/>\n<meta property=\"og:url\" content=\"https:\/\/abaa.mx\/tienda\/medidor-de-flujo-ultrasonico-en-liquidos-outup-4-20ma-rs485-meacon-sup1158s\/\" \/>\n<meta property=\"og:site_name\" content=\"Abaa tienda online\" \/>\n<meta property=\"og:image\" content=\"https:\/\/abaa.mx\/tienda\/wp-content\/uploads\/2023\/11\/MEACON-SUP1158S.jpg\" \/>\n\t<meta property=\"og:image:width\" content=\"575\" \/>\n\t<meta property=\"og:image:height\" content=\"409\" \/>\n\t<meta property=\"og:image:type\" content=\"image\/jpeg\" \/>\n<meta name=\"twitter:card\" content=\"summary_large_image\" \/>\n<meta name=\"twitter:label1\" content=\"Tiempo de lectura\" \/>\n\t<meta name=\"twitter:data1\" content=\"1 minuto\" \/>\n<script type=\"application\/ld+json\" class=\"yoast-schema-graph\">{\"@context\":\"https:\/\/schema.org\",\"@graph\":[{\"@type\":\"WebPage\",\"@id\":\"https:\/\/abaa.mx\/tienda\/medidor-de-flujo-ultrasonico-en-liquidos-outup-4-20ma-rs485-meacon-sup1158s\/\",\"url\":\"https:\/\/abaa.mx\/tienda\/medidor-de-flujo-ultrasonico-en-liquidos-outup-4-20ma-rs485-meacon-sup1158s\/\",\"name\":\"Medidor de flujo ultrasonico en l\u00edquidos, Outup: 4-20ma & RS485, Meacon - SUP1158S - Abaa tienda online\",\"isPartOf\":{\"@id\":\"https:\/\/abaa.mx\/tienda\/#website\"},\"primaryImageOfPage\":{\"@id\":\"https:\/\/abaa.mx\/tienda\/medidor-de-flujo-ultrasonico-en-liquidos-outup-4-20ma-rs485-meacon-sup1158s\/#primaryimage\"},\"image\":{\"@id\":\"https:\/\/abaa.mx\/tienda\/medidor-de-flujo-ultrasonico-en-liquidos-outup-4-20ma-rs485-meacon-sup1158s\/#primaryimage\"},\"thumbnailUrl\":\"https:\/\/abaa.mx\/tienda\/wp-content\/uploads\/2023\/11\/MEACON-SUP1158S.jpg\",\"datePublished\":\"2023-11-07T16:41:28+00:00\",\"breadcrumb\":{\"@id\":\"https:\/\/abaa.mx\/tienda\/medidor-de-flujo-ultrasonico-en-liquidos-outup-4-20ma-rs485-meacon-sup1158s\/#breadcrumb\"},\"inLanguage\":\"es\",\"potentialAction\":[{\"@type\":\"ReadAction\",\"target\":[\"https:\/\/abaa.mx\/tienda\/medidor-de-flujo-ultrasonico-en-liquidos-outup-4-20ma-rs485-meacon-sup1158s\/\"]}]},{\"@type\":\"ImageObject\",\"inLanguage\":\"es\",\"@id\":\"https:\/\/abaa.mx\/tienda\/medidor-de-flujo-ultrasonico-en-liquidos-outup-4-20ma-rs485-meacon-sup1158s\/#primaryimage\",\"url\":\"https:\/\/abaa.mx\/tienda\/wp-content\/uploads\/2023\/11\/MEACON-SUP1158S.jpg\",\"contentUrl\":\"https:\/\/abaa.mx\/tienda\/wp-content\/uploads\/2023\/11\/MEACON-SUP1158S.jpg\",\"width\":575,\"height\":409,\"caption\":\"MEACON-SUP1158S\"},{\"@type\":\"BreadcrumbList\",\"@id\":\"https:\/\/abaa.mx\/tienda\/medidor-de-flujo-ultrasonico-en-liquidos-outup-4-20ma-rs485-meacon-sup1158s\/#breadcrumb\",\"itemListElement\":[{\"@type\":\"ListItem\",\"position\":1,\"name\":\"Inicio\",\"item\":\"https:\/\/abaa.mx\/tienda\/\"},{\"@type\":\"ListItem\",\"position\":2,\"name\":\"Tienda\",\"item\":\"https:\/\/abaa.mx\/tienda\/\"},{\"@type\":\"ListItem\",\"position\":3,\"name\":\"Medidor de flujo ultrasonico en l\u00edquidos, Outup: 4-20ma &#038; RS485, Meacon &#8211; SUP1158S\"}]},{\"@type\":\"WebSite\",\"@id\":\"https:\/\/abaa.mx\/tienda\/#website\",\"url\":\"https:\/\/abaa.mx\/tienda\/\",\"name\":\"Abaa tienda online\",\"description\":\"Instrumentos de medici\u00f3n\",\"publisher\":{\"@id\":\"https:\/\/abaa.mx\/tienda\/#organization\"},\"potentialAction\":[{\"@type\":\"SearchAction\",\"target\":{\"@type\":\"EntryPoint\",\"urlTemplate\":\"https:\/\/abaa.mx\/tienda\/?s={search_term_string}\"},\"query-input\":{\"@type\":\"PropertyValueSpecification\",\"valueRequired\":true,\"valueName\":\"search_term_string\"}}],\"inLanguage\":\"es\"},{\"@type\":\"Organization\",\"@id\":\"https:\/\/abaa.mx\/tienda\/#organization\",\"name\":\"Abaa tienda online\",\"url\":\"https:\/\/abaa.mx\/tienda\/\",\"logo\":{\"@type\":\"ImageObject\",\"inLanguage\":\"es\",\"@id\":\"https:\/\/abaa.mx\/tienda\/#\/schema\/logo\/image\/\",\"url\":\"https:\/\/abaa.mx\/tienda\/wp-content\/uploads\/2024\/01\/abaa-metrologia-tienda.png\",\"contentUrl\":\"https:\/\/abaa.mx\/tienda\/wp-content\/uploads\/2024\/01\/abaa-metrologia-tienda.png\",\"width\":300,\"height\":141,\"caption\":\"Abaa tienda online\"},\"image\":{\"@id\":\"https:\/\/abaa.mx\/tienda\/#\/schema\/logo\/image\/\"}}]}<\/script>\n<!-- \/ Yoast SEO plugin. -->","yoast_head_json":{"title":"Medidor de flujo ultrasonico en l\u00edquidos, Outup: 4-20ma & RS485, Meacon - SUP1158S - Abaa tienda online","robots":{"index":"index","follow":"follow","max-snippet":"max-snippet:-1","max-image-preview":"max-image-preview:large","max-video-preview":"max-video-preview:-1"},"canonical":"https:\/\/abaa.mx\/tienda\/medidor-de-flujo-ultrasonico-en-liquidos-outup-4-20ma-rs485-meacon-sup1158s\/","og_locale":"es_MX","og_type":"article","og_title":"Medidor de flujo ultrasonico en l\u00edquidos, Outup: 4-20ma & RS485, Meacon - SUP1158S - Abaa tienda online","og_description":"Caudal\u00edmetro ultras\u00f3nico separado fijo MC-SUP1158S El modelo fijo separado es una medici\u00f3n en l\u00ednea en un largo plazo. Hay 3 g\u00e9neros de convertidores, incluidos los de pared, de panel y a prueba de explosi\u00f3n. Los convertidores tienen la posibilidad de instalarse en interiores o en gabinetes de instrumentos. Los transductores tienen que instalarse en la tuber\u00eda de medici\u00f3n; El convertidor y el transductor tienen que conectarse por cable.  Caracter\u00edsticas:   Registra autom\u00e1ticamente los siguientes datos:  Los datos del totalizador de los \u00faltimos 512 d\u00edas\/128 meses \/10 anos 2. El tiempo y el caudal correspondiente de las \u00faltimas 64 veces de eventos de encendido y apagado. 3. El estado laboral de los \u00faltimos 32 d\u00edas.  Fuerte antiinterferencias: circuito de controlador \/ receptor diferencial de senal de doble equilibrio para evitar interferencias del convertidor, torre de TV, l\u00ednea de alto voltaje, etc.  Alta precisi\u00f3n 1%  Potente funci\u00f3n de grabaci\u00f3n:  Alta confiabilidad: Adopte tecnolog\u00eda de bajo voltaje y m\u00faltiples pulsos para mejorar la precisi\u00f3n, la vida \u00fatil y la confiabilidad.  Amplio rango de medici\u00f3n: varios tipos de transductores para la selecci\u00f3n, tamano de tuber\u00eda de Dn15mm a Dn6000mm.","og_url":"https:\/\/abaa.mx\/tienda\/medidor-de-flujo-ultrasonico-en-liquidos-outup-4-20ma-rs485-meacon-sup1158s\/","og_site_name":"Abaa tienda online","og_image":[{"width":575,"height":409,"url":"https:\/\/abaa.mx\/tienda\/wp-content\/uploads\/2023\/11\/MEACON-SUP1158S.jpg","type":"image\/jpeg"}],"twitter_card":"summary_large_image","twitter_misc":{"Tiempo de lectura":"1 minuto"},"schema":{"@context":"https:\/\/schema.org","@graph":[{"@type":"WebPage","@id":"https:\/\/abaa.mx\/tienda\/medidor-de-flujo-ultrasonico-en-liquidos-outup-4-20ma-rs485-meacon-sup1158s\/","url":"https:\/\/abaa.mx\/tienda\/medidor-de-flujo-ultrasonico-en-liquidos-outup-4-20ma-rs485-meacon-sup1158s\/","name":"Medidor de flujo ultrasonico en l\u00edquidos, Outup: 4-20ma & RS485, Meacon - SUP1158S - Abaa tienda online","isPartOf":{"@id":"https:\/\/abaa.mx\/tienda\/#website"},"primaryImageOfPage":{"@id":"https:\/\/abaa.mx\/tienda\/medidor-de-flujo-ultrasonico-en-liquidos-outup-4-20ma-rs485-meacon-sup1158s\/#primaryimage"},"image":{"@id":"https:\/\/abaa.mx\/tienda\/medidor-de-flujo-ultrasonico-en-liquidos-outup-4-20ma-rs485-meacon-sup1158s\/#primaryimage"},"thumbnailUrl":"https:\/\/abaa.mx\/tienda\/wp-content\/uploads\/2023\/11\/MEACON-SUP1158S.jpg","datePublished":"2023-11-07T16:41:28+00:00","breadcrumb":{"@id":"https:\/\/abaa.mx\/tienda\/medidor-de-flujo-ultrasonico-en-liquidos-outup-4-20ma-rs485-meacon-sup1158s\/#breadcrumb"},"inLanguage":"es","potentialAction":[{"@type":"ReadAction","target":["https:\/\/abaa.mx\/tienda\/medidor-de-flujo-ultrasonico-en-liquidos-outup-4-20ma-rs485-meacon-sup1158s\/"]}]},{"@type":"ImageObject","inLanguage":"es","@id":"https:\/\/abaa.mx\/tienda\/medidor-de-flujo-ultrasonico-en-liquidos-outup-4-20ma-rs485-meacon-sup1158s\/#primaryimage","url":"https:\/\/abaa.mx\/tienda\/wp-content\/uploads\/2023\/11\/MEACON-SUP1158S.jpg","contentUrl":"https:\/\/abaa.mx\/tienda\/wp-content\/uploads\/2023\/11\/MEACON-SUP1158S.jpg","width":575,"height":409,"caption":"MEACON-SUP1158S"},{"@type":"BreadcrumbList","@id":"https:\/\/abaa.mx\/tienda\/medidor-de-flujo-ultrasonico-en-liquidos-outup-4-20ma-rs485-meacon-sup1158s\/#breadcrumb","itemListElement":[{"@type":"ListItem","position":1,"name":"Inicio","item":"https:\/\/abaa.mx\/tienda\/"},{"@type":"ListItem","position":2,"name":"Tienda","item":"https:\/\/abaa.mx\/tienda\/"},{"@type":"ListItem","position":3,"name":"Medidor de flujo ultrasonico en l\u00edquidos, Outup: 4-20ma &#038; RS485, Meacon &#8211; SUP1158S"}]},{"@type":"WebSite","@id":"https:\/\/abaa.mx\/tienda\/#website","url":"https:\/\/abaa.mx\/tienda\/","name":"Abaa tienda online","description":"Instrumentos de medici\u00f3n","publisher":{"@id":"https:\/\/abaa.mx\/tienda\/#organization"},"potentialAction":[{"@type":"SearchAction","target":{"@type":"EntryPoint","urlTemplate":"https:\/\/abaa.mx\/tienda\/?s={search_term_string}"},"query-input":{"@type":"PropertyValueSpecification","valueRequired":true,"valueName":"search_term_string"}}],"inLanguage":"es"},{"@type":"Organization","@id":"https:\/\/abaa.mx\/tienda\/#organization","name":"Abaa tienda online","url":"https:\/\/abaa.mx\/tienda\/","logo":{"@type":"ImageObject","inLanguage":"es","@id":"https:\/\/abaa.mx\/tienda\/#\/schema\/logo\/image\/","url":"https:\/\/abaa.mx\/tienda\/wp-content\/uploads\/2024\/01\/abaa-metrologia-tienda.png","contentUrl":"https:\/\/abaa.mx\/tienda\/wp-content\/uploads\/2024\/01\/abaa-metrologia-tienda.png","width":300,"height":141,"caption":"Abaa tienda online"},"image":{"@id":"https:\/\/abaa.mx\/tienda\/#\/schema\/logo\/image\/"}}]}},"_links":{"self":[{"href":"https:\/\/abaa.mx\/tienda\/wp-json\/wp\/v2\/product\/8573","targetHints":{"allow":["GET"]}}],"collection":[{"href":"https:\/\/abaa.mx\/tienda\/wp-json\/wp\/v2\/product"}],"about":[{"href":"https:\/\/abaa.mx\/tienda\/wp-json\/wp\/v2\/types\/product"}],"replies":[{"embeddable":true,"href":"https:\/\/abaa.mx\/tienda\/wp-json\/wp\/v2\/comments?post=8573"}],"wp:featuredmedia":[{"embeddable":true,"href":"https:\/\/abaa.mx\/tienda\/wp-json\/wp\/v2\/media\/8578"}],"wp:attachment":[{"href":"https:\/\/abaa.mx\/tienda\/wp-json\/wp\/v2\/media?parent=8573"}],"wp:term":[{"taxonomy":"product_brand","embeddable":true,"href":"https:\/\/abaa.mx\/tienda\/wp-json\/wp\/v2\/product_brand?post=8573"},{"taxonomy":"product_cat","embeddable":true,"href":"https:\/\/abaa.mx\/tienda\/wp-json\/wp\/v2\/product_cat?post=8573"},{"taxonomy":"product_tag","embeddable":true,"href":"https:\/\/abaa.mx\/tienda\/wp-json\/wp\/v2\/product_tag?post=8573"}],"curies":[{"name":"wp","href":"https:\/\/api.w.org\/{rel}","templated":true}]}}