{"id":8571,"date":"2023-11-07T16:01:42","date_gmt":"2023-11-07T16:01:42","guid":{"rendered":"https:\/\/abaa.mx\/tienda\/?post_type=product&#038;p=8571"},"modified":"2023-11-07T16:01:42","modified_gmt":"2023-11-07T16:01:42","slug":"medidor-ultrasonico-fijo-estandar-d11811s030","status":"publish","type":"product","link":"https:\/\/abaa.mx\/tienda\/medidor-ultrasonico-fijo-estandar-d11811s030\/","title":{"rendered":"Medidor Ultras\u00f3nico Fijo Est\u00e1ndar &#8211; D11811S030"},"content":{"rendered":"<p>Medidor Ultras\u00f3nico Fijo Est\u00e1ndar &#8211; D11811S030<\/p>\n","protected":false},"excerpt":{"rendered":"<p>Especificaciones generales:<br \/>\n\u2022\tPar\u00e1metro:Caracter\u00edstica.<br \/>\n\u2022\tRango de medidas:0.000-5.000 (m\/sec).<br \/>\n\u2022\tResoluci\u00f3n de la velocidad: 0.001 (M\/SEC)\/>DN200 0.003 (m\/sec)\/>DN200.<br \/>\n\u2022\tDi\u00e1metros:DN25-DN300 (1\u201d-12\u201d).<br \/>\n\u2022\tMaterial de la tuber\u00eda: Acero al carbono, acero inoxidable, PVC, cobre, aluminio, acr\u00edlico, polietileno, fundici\u00f3n de hierro, etc.<br \/>\n\u2022\tPrecisi\u00f3n de medidas:0.6% del caudal (para velocidades superiores a 0.5 m\/s) \/ 2% del caudal (para velocidades inferiores a 2 m\/s).<br \/>\n\u2022\tRango de medidas de temperatura: 0.0-50.0(C) precisi\u00f3n de \u00b11.0 (C).<br \/>\n\u2022\tMedio a medir:Agua, agua pura, etc..<\/p>\n","protected":false},"featured_media":8572,"comment_status":"open","ping_status":"closed","template":"","meta":{"_joinchat":[]},"product_brand":[],"product_cat":[112],"product_tag":[],"class_list":{"0":"post-8571","1":"product","2":"type-product","3":"status-publish","4":"has-post-thumbnail","6":"product_cat-medidores-de-flujo","8":"first","9":"instock","10":"shipping-taxable","11":"product-type-simple"},"yoast_head":"<!-- This site is optimized with the Yoast SEO plugin v26.4 - https:\/\/yoast.com\/wordpress\/plugins\/seo\/ -->\n<title>Medidor Ultras\u00f3nico Fijo Est\u00e1ndar - D11811S030 - Abaa tienda online<\/title>\n<meta name=\"robots\" content=\"index, follow, max-snippet:-1, max-image-preview:large, max-video-preview:-1\" \/>\n<link rel=\"canonical\" href=\"https:\/\/abaa.mx\/tienda\/medidor-ultrasonico-fijo-estandar-d11811s030\/\" \/>\n<meta property=\"og:locale\" content=\"es_MX\" \/>\n<meta property=\"og:type\" content=\"article\" \/>\n<meta property=\"og:title\" content=\"Medidor Ultras\u00f3nico Fijo Est\u00e1ndar - D11811S030 - Abaa tienda online\" \/>\n<meta property=\"og:description\" content=\"Especificaciones generales: \u2022 Par\u00e1metro:Caracter\u00edstica. \u2022 Rango de medidas:0.000-5.000 (m\/sec). \u2022 Resoluci\u00f3n de la velocidad: 0.001 (M\/SEC)\/&gt;DN200 0.003 (m\/sec)\/&gt;DN200. \u2022 Di\u00e1metros:DN25-DN300 (1\u201d-12\u201d). \u2022 Material de la tuber\u00eda: Acero al carbono, acero inoxidable, PVC, cobre, aluminio, acr\u00edlico, polietileno, fundici\u00f3n de hierro, etc. \u2022 Precisi\u00f3n de medidas:0.6% del caudal (para velocidades superiores a 0.5 m\/s) \/ 2% del caudal (para velocidades inferiores a 2 m\/s). \u2022 Rango de medidas de temperatura: 0.0-50.0(C) precisi\u00f3n de \u00b11.0 (C). \u2022 Medio a medir:Agua, agua pura, etc..\" \/>\n<meta property=\"og:url\" content=\"https:\/\/abaa.mx\/tienda\/medidor-ultrasonico-fijo-estandar-d11811s030\/\" \/>\n<meta property=\"og:site_name\" content=\"Abaa tienda online\" \/>\n<meta property=\"og:image\" content=\"https:\/\/abaa.mx\/tienda\/wp-content\/uploads\/2023\/11\/GENTOS-D118115030.jpg\" \/>\n\t<meta property=\"og:image:width\" content=\"529\" \/>\n\t<meta property=\"og:image:height\" content=\"450\" \/>\n\t<meta property=\"og:image:type\" content=\"image\/jpeg\" \/>\n<meta name=\"twitter:card\" content=\"summary_large_image\" \/>\n<script type=\"application\/ld+json\" class=\"yoast-schema-graph\">{\"@context\":\"https:\/\/schema.org\",\"@graph\":[{\"@type\":\"WebPage\",\"@id\":\"https:\/\/abaa.mx\/tienda\/medidor-ultrasonico-fijo-estandar-d11811s030\/\",\"url\":\"https:\/\/abaa.mx\/tienda\/medidor-ultrasonico-fijo-estandar-d11811s030\/\",\"name\":\"Medidor Ultras\u00f3nico Fijo Est\u00e1ndar - D11811S030 - Abaa tienda online\",\"isPartOf\":{\"@id\":\"https:\/\/abaa.mx\/tienda\/#website\"},\"primaryImageOfPage\":{\"@id\":\"https:\/\/abaa.mx\/tienda\/medidor-ultrasonico-fijo-estandar-d11811s030\/#primaryimage\"},\"image\":{\"@id\":\"https:\/\/abaa.mx\/tienda\/medidor-ultrasonico-fijo-estandar-d11811s030\/#primaryimage\"},\"thumbnailUrl\":\"https:\/\/abaa.mx\/tienda\/wp-content\/uploads\/2023\/11\/GENTOS-D118115030.jpg\",\"datePublished\":\"2023-11-07T16:01:42+00:00\",\"breadcrumb\":{\"@id\":\"https:\/\/abaa.mx\/tienda\/medidor-ultrasonico-fijo-estandar-d11811s030\/#breadcrumb\"},\"inLanguage\":\"es\",\"potentialAction\":[{\"@type\":\"ReadAction\",\"target\":[\"https:\/\/abaa.mx\/tienda\/medidor-ultrasonico-fijo-estandar-d11811s030\/\"]}]},{\"@type\":\"ImageObject\",\"inLanguage\":\"es\",\"@id\":\"https:\/\/abaa.mx\/tienda\/medidor-ultrasonico-fijo-estandar-d11811s030\/#primaryimage\",\"url\":\"https:\/\/abaa.mx\/tienda\/wp-content\/uploads\/2023\/11\/GENTOS-D118115030.jpg\",\"contentUrl\":\"https:\/\/abaa.mx\/tienda\/wp-content\/uploads\/2023\/11\/GENTOS-D118115030.jpg\",\"width\":529,\"height\":450,\"caption\":\"GENTOS-D118115030\"},{\"@type\":\"BreadcrumbList\",\"@id\":\"https:\/\/abaa.mx\/tienda\/medidor-ultrasonico-fijo-estandar-d11811s030\/#breadcrumb\",\"itemListElement\":[{\"@type\":\"ListItem\",\"position\":1,\"name\":\"Inicio\",\"item\":\"https:\/\/abaa.mx\/tienda\/\"},{\"@type\":\"ListItem\",\"position\":2,\"name\":\"Tienda\",\"item\":\"https:\/\/abaa.mx\/tienda\/\"},{\"@type\":\"ListItem\",\"position\":3,\"name\":\"Medidor Ultras\u00f3nico Fijo Est\u00e1ndar &#8211; D11811S030\"}]},{\"@type\":\"WebSite\",\"@id\":\"https:\/\/abaa.mx\/tienda\/#website\",\"url\":\"https:\/\/abaa.mx\/tienda\/\",\"name\":\"Abaa tienda online\",\"description\":\"Instrumentos de medici\u00f3n\",\"publisher\":{\"@id\":\"https:\/\/abaa.mx\/tienda\/#organization\"},\"potentialAction\":[{\"@type\":\"SearchAction\",\"target\":{\"@type\":\"EntryPoint\",\"urlTemplate\":\"https:\/\/abaa.mx\/tienda\/?s={search_term_string}\"},\"query-input\":{\"@type\":\"PropertyValueSpecification\",\"valueRequired\":true,\"valueName\":\"search_term_string\"}}],\"inLanguage\":\"es\"},{\"@type\":\"Organization\",\"@id\":\"https:\/\/abaa.mx\/tienda\/#organization\",\"name\":\"Abaa tienda online\",\"url\":\"https:\/\/abaa.mx\/tienda\/\",\"logo\":{\"@type\":\"ImageObject\",\"inLanguage\":\"es\",\"@id\":\"https:\/\/abaa.mx\/tienda\/#\/schema\/logo\/image\/\",\"url\":\"https:\/\/abaa.mx\/tienda\/wp-content\/uploads\/2024\/01\/abaa-metrologia-tienda.png\",\"contentUrl\":\"https:\/\/abaa.mx\/tienda\/wp-content\/uploads\/2024\/01\/abaa-metrologia-tienda.png\",\"width\":300,\"height\":141,\"caption\":\"Abaa tienda online\"},\"image\":{\"@id\":\"https:\/\/abaa.mx\/tienda\/#\/schema\/logo\/image\/\"}}]}<\/script>\n<!-- \/ Yoast SEO plugin. -->","yoast_head_json":{"title":"Medidor Ultras\u00f3nico Fijo Est\u00e1ndar - D11811S030 - Abaa tienda online","robots":{"index":"index","follow":"follow","max-snippet":"max-snippet:-1","max-image-preview":"max-image-preview:large","max-video-preview":"max-video-preview:-1"},"canonical":"https:\/\/abaa.mx\/tienda\/medidor-ultrasonico-fijo-estandar-d11811s030\/","og_locale":"es_MX","og_type":"article","og_title":"Medidor Ultras\u00f3nico Fijo Est\u00e1ndar - D11811S030 - Abaa tienda online","og_description":"Especificaciones generales: \u2022 Par\u00e1metro:Caracter\u00edstica. \u2022 Rango de medidas:0.000-5.000 (m\/sec). \u2022 Resoluci\u00f3n de la velocidad: 0.001 (M\/SEC)\/>DN200 0.003 (m\/sec)\/>DN200. \u2022 Di\u00e1metros:DN25-DN300 (1\u201d-12\u201d). \u2022 Material de la tuber\u00eda: Acero al carbono, acero inoxidable, PVC, cobre, aluminio, acr\u00edlico, polietileno, fundici\u00f3n de hierro, etc. \u2022 Precisi\u00f3n de medidas:0.6% del caudal (para velocidades superiores a 0.5 m\/s) \/ 2% del caudal (para velocidades inferiores a 2 m\/s). \u2022 Rango de medidas de temperatura: 0.0-50.0(C) precisi\u00f3n de \u00b11.0 (C). \u2022 Medio a medir:Agua, agua pura, etc..","og_url":"https:\/\/abaa.mx\/tienda\/medidor-ultrasonico-fijo-estandar-d11811s030\/","og_site_name":"Abaa tienda online","og_image":[{"width":529,"height":450,"url":"https:\/\/abaa.mx\/tienda\/wp-content\/uploads\/2023\/11\/GENTOS-D118115030.jpg","type":"image\/jpeg"}],"twitter_card":"summary_large_image","schema":{"@context":"https:\/\/schema.org","@graph":[{"@type":"WebPage","@id":"https:\/\/abaa.mx\/tienda\/medidor-ultrasonico-fijo-estandar-d11811s030\/","url":"https:\/\/abaa.mx\/tienda\/medidor-ultrasonico-fijo-estandar-d11811s030\/","name":"Medidor Ultras\u00f3nico Fijo Est\u00e1ndar - D11811S030 - Abaa tienda online","isPartOf":{"@id":"https:\/\/abaa.mx\/tienda\/#website"},"primaryImageOfPage":{"@id":"https:\/\/abaa.mx\/tienda\/medidor-ultrasonico-fijo-estandar-d11811s030\/#primaryimage"},"image":{"@id":"https:\/\/abaa.mx\/tienda\/medidor-ultrasonico-fijo-estandar-d11811s030\/#primaryimage"},"thumbnailUrl":"https:\/\/abaa.mx\/tienda\/wp-content\/uploads\/2023\/11\/GENTOS-D118115030.jpg","datePublished":"2023-11-07T16:01:42+00:00","breadcrumb":{"@id":"https:\/\/abaa.mx\/tienda\/medidor-ultrasonico-fijo-estandar-d11811s030\/#breadcrumb"},"inLanguage":"es","potentialAction":[{"@type":"ReadAction","target":["https:\/\/abaa.mx\/tienda\/medidor-ultrasonico-fijo-estandar-d11811s030\/"]}]},{"@type":"ImageObject","inLanguage":"es","@id":"https:\/\/abaa.mx\/tienda\/medidor-ultrasonico-fijo-estandar-d11811s030\/#primaryimage","url":"https:\/\/abaa.mx\/tienda\/wp-content\/uploads\/2023\/11\/GENTOS-D118115030.jpg","contentUrl":"https:\/\/abaa.mx\/tienda\/wp-content\/uploads\/2023\/11\/GENTOS-D118115030.jpg","width":529,"height":450,"caption":"GENTOS-D118115030"},{"@type":"BreadcrumbList","@id":"https:\/\/abaa.mx\/tienda\/medidor-ultrasonico-fijo-estandar-d11811s030\/#breadcrumb","itemListElement":[{"@type":"ListItem","position":1,"name":"Inicio","item":"https:\/\/abaa.mx\/tienda\/"},{"@type":"ListItem","position":2,"name":"Tienda","item":"https:\/\/abaa.mx\/tienda\/"},{"@type":"ListItem","position":3,"name":"Medidor Ultras\u00f3nico Fijo Est\u00e1ndar &#8211; D11811S030"}]},{"@type":"WebSite","@id":"https:\/\/abaa.mx\/tienda\/#website","url":"https:\/\/abaa.mx\/tienda\/","name":"Abaa tienda online","description":"Instrumentos de medici\u00f3n","publisher":{"@id":"https:\/\/abaa.mx\/tienda\/#organization"},"potentialAction":[{"@type":"SearchAction","target":{"@type":"EntryPoint","urlTemplate":"https:\/\/abaa.mx\/tienda\/?s={search_term_string}"},"query-input":{"@type":"PropertyValueSpecification","valueRequired":true,"valueName":"search_term_string"}}],"inLanguage":"es"},{"@type":"Organization","@id":"https:\/\/abaa.mx\/tienda\/#organization","name":"Abaa tienda online","url":"https:\/\/abaa.mx\/tienda\/","logo":{"@type":"ImageObject","inLanguage":"es","@id":"https:\/\/abaa.mx\/tienda\/#\/schema\/logo\/image\/","url":"https:\/\/abaa.mx\/tienda\/wp-content\/uploads\/2024\/01\/abaa-metrologia-tienda.png","contentUrl":"https:\/\/abaa.mx\/tienda\/wp-content\/uploads\/2024\/01\/abaa-metrologia-tienda.png","width":300,"height":141,"caption":"Abaa tienda online"},"image":{"@id":"https:\/\/abaa.mx\/tienda\/#\/schema\/logo\/image\/"}}]}},"_links":{"self":[{"href":"https:\/\/abaa.mx\/tienda\/wp-json\/wp\/v2\/product\/8571","targetHints":{"allow":["GET"]}}],"collection":[{"href":"https:\/\/abaa.mx\/tienda\/wp-json\/wp\/v2\/product"}],"about":[{"href":"https:\/\/abaa.mx\/tienda\/wp-json\/wp\/v2\/types\/product"}],"replies":[{"embeddable":true,"href":"https:\/\/abaa.mx\/tienda\/wp-json\/wp\/v2\/comments?post=8571"}],"wp:featuredmedia":[{"embeddable":true,"href":"https:\/\/abaa.mx\/tienda\/wp-json\/wp\/v2\/media\/8572"}],"wp:attachment":[{"href":"https:\/\/abaa.mx\/tienda\/wp-json\/wp\/v2\/media?parent=8571"}],"wp:term":[{"taxonomy":"product_brand","embeddable":true,"href":"https:\/\/abaa.mx\/tienda\/wp-json\/wp\/v2\/product_brand?post=8571"},{"taxonomy":"product_cat","embeddable":true,"href":"https:\/\/abaa.mx\/tienda\/wp-json\/wp\/v2\/product_cat?post=8571"},{"taxonomy":"product_tag","embeddable":true,"href":"https:\/\/abaa.mx\/tienda\/wp-json\/wp\/v2\/product_tag?post=8571"}],"curies":[{"name":"wp","href":"https:\/\/api.w.org\/{rel}","templated":true}]}}