{"id":8568,"date":"2023-12-13T16:39:17","date_gmt":"2023-12-13T16:39:17","guid":{"rendered":"https:\/\/abaa.mx\/tienda\/?post_type=product&#038;p=8568"},"modified":"2023-12-13T16:39:17","modified_gmt":"2023-12-13T16:39:17","slug":"wb200-termo-higrometro-de-bulbo-humestado-y-datalogger","status":"publish","type":"product","link":"https:\/\/abaa.mx\/tienda\/wb200-termo-higrometro-de-bulbo-humestado-y-datalogger\/","title":{"rendered":"Wb200-termo-higr\u00f3metro de bulbo humestado y datalogger."},"content":{"rendered":"<p>Wb200-termo-higr\u00f3metro de bulbo humestado y datalogger.<\/p>\n","protected":false},"excerpt":{"rendered":"<p>&nbsp;<\/p>\n<p><strong>Caracter\u00edsticas:<\/strong><\/p>\n<ul id=\"features\">\n<li><span>Mide el bulbo h\u00famedo, el punto de roc\u00edo, la temperatura (41 \u00b0F a 122 \u00b0F \/5 \u00b0C a 50 \u00b0C) y la humedad relativa (0,0 a 99,9 % HR).<\/span><\/li>\n<li><span>Resoluci\u00f3n: 0,1 \u00b0F\/\u00b0C y 0,1 % de HR.<\/span><\/li>\n<li><span>Precisi\u00f3n b\u00e1sica: \u00b11 \u00b0F\/\u00b10,6 \u00b0C;\u00a0\u00b13%HR.<\/span><\/li>\n<li><span>Alertas de alarma audibles y visuales cuando el nivel de temperatura y humedad es m\u00e1s alto o m\u00e1s bajo que los puntos de ajuste alto\/bajo programados por el usuario.<\/span><\/li>\n<li><span>Dos termistores proporcionan lecturas r\u00e1pidas y precisas.<\/span><\/li>\n<li><span>Indicador LED de dos colores para los modos de registro de datos (verde) y alarma (rojo).<\/span><\/li>\n<li><span>El registrador de datos almacena 100 registros que se pueden recuperar f\u00e1cilmente en la pantalla del medidor.<\/span><\/li>\n<li><span>Tasa de muestreo de registro de datos programable por el usuario de 15 a 60 minutos en incrementos de 5 minutos.<\/span><\/li>\n<li><span>Construcci\u00f3n resistente al agua y al polvo, indicador de bater\u00eda baja.<\/span><\/li>\n<li><span>Completo con cuatro bater\u00edas AAA y adaptador de CA universal de 100-240 V.<\/span><\/li>\n<\/ul>\n","protected":false},"featured_media":9789,"comment_status":"open","ping_status":"closed","template":"","meta":{"_joinchat":[]},"product_brand":[],"product_cat":[15],"product_tag":[],"class_list":{"0":"post-8568","1":"product","2":"type-product","3":"status-publish","4":"has-post-thumbnail","6":"product_cat-sin-categorizar","8":"first","9":"instock","10":"shipping-taxable","11":"product-type-simple"},"yoast_head":"<!-- This site is optimized with the Yoast SEO plugin v26.4 - https:\/\/yoast.com\/wordpress\/plugins\/seo\/ -->\n<title>Wb200-termo-higr\u00f3metro de bulbo humestado y datalogger. - Abaa tienda online<\/title>\n<meta name=\"robots\" content=\"index, follow, max-snippet:-1, max-image-preview:large, max-video-preview:-1\" \/>\n<link rel=\"canonical\" href=\"https:\/\/abaa.mx\/tienda\/wb200-termo-higrometro-de-bulbo-humestado-y-datalogger\/\" \/>\n<meta property=\"og:locale\" content=\"es_MX\" \/>\n<meta property=\"og:type\" content=\"article\" \/>\n<meta property=\"og:title\" content=\"Wb200-termo-higr\u00f3metro de bulbo humestado y datalogger. - Abaa tienda online\" \/>\n<meta property=\"og:description\" content=\"&nbsp;  Caracter\u00edsticas:   Mide el bulbo h\u00famedo, el punto de roc\u00edo, la temperatura (41 \u00b0F a 122 \u00b0F \/5 \u00b0C a 50 \u00b0C) y la humedad relativa (0,0 a 99,9 % HR).  Resoluci\u00f3n: 0,1 \u00b0F\/\u00b0C y 0,1 % de HR.  Precisi\u00f3n b\u00e1sica: \u00b11 \u00b0F\/\u00b10,6 \u00b0C;\u00a0\u00b13%HR.  Alertas de alarma audibles y visuales cuando el nivel de temperatura y humedad es m\u00e1s alto o m\u00e1s bajo que los puntos de ajuste alto\/bajo programados por el usuario.  Dos termistores proporcionan lecturas r\u00e1pidas y precisas.  Indicador LED de dos colores para los modos de registro de datos (verde) y alarma (rojo).  El registrador de datos almacena 100 registros que se pueden recuperar f\u00e1cilmente en la pantalla del medidor.  Tasa de muestreo de registro de datos programable por el usuario de 15 a 60 minutos en incrementos de 5 minutos.  Construcci\u00f3n resistente al agua y al polvo, indicador de bater\u00eda baja.  Completo con cuatro bater\u00edas AAA y adaptador de CA universal de 100-240 V.\" \/>\n<meta property=\"og:url\" content=\"https:\/\/abaa.mx\/tienda\/wb200-termo-higrometro-de-bulbo-humestado-y-datalogger\/\" \/>\n<meta property=\"og:site_name\" content=\"Abaa tienda online\" \/>\n<meta property=\"og:image\" content=\"https:\/\/abaa.mx\/tienda\/wp-content\/uploads\/2023\/12\/Datalogger-WB200.jpg\" \/>\n\t<meta property=\"og:image:width\" content=\"730\" \/>\n\t<meta property=\"og:image:height\" content=\"730\" \/>\n\t<meta property=\"og:image:type\" content=\"image\/jpeg\" \/>\n<meta name=\"twitter:card\" content=\"summary_large_image\" \/>\n<meta name=\"twitter:label1\" content=\"Tiempo de lectura\" \/>\n\t<meta name=\"twitter:data1\" content=\"1 minuto\" \/>\n<script type=\"application\/ld+json\" class=\"yoast-schema-graph\">{\"@context\":\"https:\/\/schema.org\",\"@graph\":[{\"@type\":\"WebPage\",\"@id\":\"https:\/\/abaa.mx\/tienda\/wb200-termo-higrometro-de-bulbo-humestado-y-datalogger\/\",\"url\":\"https:\/\/abaa.mx\/tienda\/wb200-termo-higrometro-de-bulbo-humestado-y-datalogger\/\",\"name\":\"Wb200-termo-higr\u00f3metro de bulbo humestado y datalogger. - Abaa tienda online\",\"isPartOf\":{\"@id\":\"https:\/\/abaa.mx\/tienda\/#website\"},\"primaryImageOfPage\":{\"@id\":\"https:\/\/abaa.mx\/tienda\/wb200-termo-higrometro-de-bulbo-humestado-y-datalogger\/#primaryimage\"},\"image\":{\"@id\":\"https:\/\/abaa.mx\/tienda\/wb200-termo-higrometro-de-bulbo-humestado-y-datalogger\/#primaryimage\"},\"thumbnailUrl\":\"https:\/\/abaa.mx\/tienda\/wp-content\/uploads\/2023\/12\/Datalogger-WB200.jpg\",\"datePublished\":\"2023-12-13T16:39:17+00:00\",\"breadcrumb\":{\"@id\":\"https:\/\/abaa.mx\/tienda\/wb200-termo-higrometro-de-bulbo-humestado-y-datalogger\/#breadcrumb\"},\"inLanguage\":\"es\",\"potentialAction\":[{\"@type\":\"ReadAction\",\"target\":[\"https:\/\/abaa.mx\/tienda\/wb200-termo-higrometro-de-bulbo-humestado-y-datalogger\/\"]}]},{\"@type\":\"ImageObject\",\"inLanguage\":\"es\",\"@id\":\"https:\/\/abaa.mx\/tienda\/wb200-termo-higrometro-de-bulbo-humestado-y-datalogger\/#primaryimage\",\"url\":\"https:\/\/abaa.mx\/tienda\/wp-content\/uploads\/2023\/12\/Datalogger-WB200.jpg\",\"contentUrl\":\"https:\/\/abaa.mx\/tienda\/wp-content\/uploads\/2023\/12\/Datalogger-WB200.jpg\",\"width\":730,\"height\":730,\"caption\":\"Datalogger WB200\"},{\"@type\":\"BreadcrumbList\",\"@id\":\"https:\/\/abaa.mx\/tienda\/wb200-termo-higrometro-de-bulbo-humestado-y-datalogger\/#breadcrumb\",\"itemListElement\":[{\"@type\":\"ListItem\",\"position\":1,\"name\":\"Inicio\",\"item\":\"https:\/\/abaa.mx\/tienda\/\"},{\"@type\":\"ListItem\",\"position\":2,\"name\":\"Tienda\",\"item\":\"https:\/\/abaa.mx\/tienda\/\"},{\"@type\":\"ListItem\",\"position\":3,\"name\":\"Wb200-termo-higr\u00f3metro de bulbo humestado y datalogger.\"}]},{\"@type\":\"WebSite\",\"@id\":\"https:\/\/abaa.mx\/tienda\/#website\",\"url\":\"https:\/\/abaa.mx\/tienda\/\",\"name\":\"Abaa tienda online\",\"description\":\"Instrumentos de medici\u00f3n\",\"publisher\":{\"@id\":\"https:\/\/abaa.mx\/tienda\/#organization\"},\"potentialAction\":[{\"@type\":\"SearchAction\",\"target\":{\"@type\":\"EntryPoint\",\"urlTemplate\":\"https:\/\/abaa.mx\/tienda\/?s={search_term_string}\"},\"query-input\":{\"@type\":\"PropertyValueSpecification\",\"valueRequired\":true,\"valueName\":\"search_term_string\"}}],\"inLanguage\":\"es\"},{\"@type\":\"Organization\",\"@id\":\"https:\/\/abaa.mx\/tienda\/#organization\",\"name\":\"Abaa tienda online\",\"url\":\"https:\/\/abaa.mx\/tienda\/\",\"logo\":{\"@type\":\"ImageObject\",\"inLanguage\":\"es\",\"@id\":\"https:\/\/abaa.mx\/tienda\/#\/schema\/logo\/image\/\",\"url\":\"https:\/\/abaa.mx\/tienda\/wp-content\/uploads\/2024\/01\/abaa-metrologia-tienda.png\",\"contentUrl\":\"https:\/\/abaa.mx\/tienda\/wp-content\/uploads\/2024\/01\/abaa-metrologia-tienda.png\",\"width\":300,\"height\":141,\"caption\":\"Abaa tienda online\"},\"image\":{\"@id\":\"https:\/\/abaa.mx\/tienda\/#\/schema\/logo\/image\/\"}}]}<\/script>\n<!-- \/ Yoast SEO plugin. -->","yoast_head_json":{"title":"Wb200-termo-higr\u00f3metro de bulbo humestado y datalogger. - Abaa tienda online","robots":{"index":"index","follow":"follow","max-snippet":"max-snippet:-1","max-image-preview":"max-image-preview:large","max-video-preview":"max-video-preview:-1"},"canonical":"https:\/\/abaa.mx\/tienda\/wb200-termo-higrometro-de-bulbo-humestado-y-datalogger\/","og_locale":"es_MX","og_type":"article","og_title":"Wb200-termo-higr\u00f3metro de bulbo humestado y datalogger. - Abaa tienda online","og_description":"&nbsp;  Caracter\u00edsticas:   Mide el bulbo h\u00famedo, el punto de roc\u00edo, la temperatura (41 \u00b0F a 122 \u00b0F \/5 \u00b0C a 50 \u00b0C) y la humedad relativa (0,0 a 99,9 % HR).  Resoluci\u00f3n: 0,1 \u00b0F\/\u00b0C y 0,1 % de HR.  Precisi\u00f3n b\u00e1sica: \u00b11 \u00b0F\/\u00b10,6 \u00b0C;\u00a0\u00b13%HR.  Alertas de alarma audibles y visuales cuando el nivel de temperatura y humedad es m\u00e1s alto o m\u00e1s bajo que los puntos de ajuste alto\/bajo programados por el usuario.  Dos termistores proporcionan lecturas r\u00e1pidas y precisas.  Indicador LED de dos colores para los modos de registro de datos (verde) y alarma (rojo).  El registrador de datos almacena 100 registros que se pueden recuperar f\u00e1cilmente en la pantalla del medidor.  Tasa de muestreo de registro de datos programable por el usuario de 15 a 60 minutos en incrementos de 5 minutos.  Construcci\u00f3n resistente al agua y al polvo, indicador de bater\u00eda baja.  Completo con cuatro bater\u00edas AAA y adaptador de CA universal de 100-240 V.","og_url":"https:\/\/abaa.mx\/tienda\/wb200-termo-higrometro-de-bulbo-humestado-y-datalogger\/","og_site_name":"Abaa tienda online","og_image":[{"width":730,"height":730,"url":"https:\/\/abaa.mx\/tienda\/wp-content\/uploads\/2023\/12\/Datalogger-WB200.jpg","type":"image\/jpeg"}],"twitter_card":"summary_large_image","twitter_misc":{"Tiempo de lectura":"1 minuto"},"schema":{"@context":"https:\/\/schema.org","@graph":[{"@type":"WebPage","@id":"https:\/\/abaa.mx\/tienda\/wb200-termo-higrometro-de-bulbo-humestado-y-datalogger\/","url":"https:\/\/abaa.mx\/tienda\/wb200-termo-higrometro-de-bulbo-humestado-y-datalogger\/","name":"Wb200-termo-higr\u00f3metro de bulbo humestado y datalogger. - Abaa tienda online","isPartOf":{"@id":"https:\/\/abaa.mx\/tienda\/#website"},"primaryImageOfPage":{"@id":"https:\/\/abaa.mx\/tienda\/wb200-termo-higrometro-de-bulbo-humestado-y-datalogger\/#primaryimage"},"image":{"@id":"https:\/\/abaa.mx\/tienda\/wb200-termo-higrometro-de-bulbo-humestado-y-datalogger\/#primaryimage"},"thumbnailUrl":"https:\/\/abaa.mx\/tienda\/wp-content\/uploads\/2023\/12\/Datalogger-WB200.jpg","datePublished":"2023-12-13T16:39:17+00:00","breadcrumb":{"@id":"https:\/\/abaa.mx\/tienda\/wb200-termo-higrometro-de-bulbo-humestado-y-datalogger\/#breadcrumb"},"inLanguage":"es","potentialAction":[{"@type":"ReadAction","target":["https:\/\/abaa.mx\/tienda\/wb200-termo-higrometro-de-bulbo-humestado-y-datalogger\/"]}]},{"@type":"ImageObject","inLanguage":"es","@id":"https:\/\/abaa.mx\/tienda\/wb200-termo-higrometro-de-bulbo-humestado-y-datalogger\/#primaryimage","url":"https:\/\/abaa.mx\/tienda\/wp-content\/uploads\/2023\/12\/Datalogger-WB200.jpg","contentUrl":"https:\/\/abaa.mx\/tienda\/wp-content\/uploads\/2023\/12\/Datalogger-WB200.jpg","width":730,"height":730,"caption":"Datalogger WB200"},{"@type":"BreadcrumbList","@id":"https:\/\/abaa.mx\/tienda\/wb200-termo-higrometro-de-bulbo-humestado-y-datalogger\/#breadcrumb","itemListElement":[{"@type":"ListItem","position":1,"name":"Inicio","item":"https:\/\/abaa.mx\/tienda\/"},{"@type":"ListItem","position":2,"name":"Tienda","item":"https:\/\/abaa.mx\/tienda\/"},{"@type":"ListItem","position":3,"name":"Wb200-termo-higr\u00f3metro de bulbo humestado y datalogger."}]},{"@type":"WebSite","@id":"https:\/\/abaa.mx\/tienda\/#website","url":"https:\/\/abaa.mx\/tienda\/","name":"Abaa tienda online","description":"Instrumentos de medici\u00f3n","publisher":{"@id":"https:\/\/abaa.mx\/tienda\/#organization"},"potentialAction":[{"@type":"SearchAction","target":{"@type":"EntryPoint","urlTemplate":"https:\/\/abaa.mx\/tienda\/?s={search_term_string}"},"query-input":{"@type":"PropertyValueSpecification","valueRequired":true,"valueName":"search_term_string"}}],"inLanguage":"es"},{"@type":"Organization","@id":"https:\/\/abaa.mx\/tienda\/#organization","name":"Abaa tienda online","url":"https:\/\/abaa.mx\/tienda\/","logo":{"@type":"ImageObject","inLanguage":"es","@id":"https:\/\/abaa.mx\/tienda\/#\/schema\/logo\/image\/","url":"https:\/\/abaa.mx\/tienda\/wp-content\/uploads\/2024\/01\/abaa-metrologia-tienda.png","contentUrl":"https:\/\/abaa.mx\/tienda\/wp-content\/uploads\/2024\/01\/abaa-metrologia-tienda.png","width":300,"height":141,"caption":"Abaa tienda online"},"image":{"@id":"https:\/\/abaa.mx\/tienda\/#\/schema\/logo\/image\/"}}]}},"_links":{"self":[{"href":"https:\/\/abaa.mx\/tienda\/wp-json\/wp\/v2\/product\/8568","targetHints":{"allow":["GET"]}}],"collection":[{"href":"https:\/\/abaa.mx\/tienda\/wp-json\/wp\/v2\/product"}],"about":[{"href":"https:\/\/abaa.mx\/tienda\/wp-json\/wp\/v2\/types\/product"}],"replies":[{"embeddable":true,"href":"https:\/\/abaa.mx\/tienda\/wp-json\/wp\/v2\/comments?post=8568"}],"wp:featuredmedia":[{"embeddable":true,"href":"https:\/\/abaa.mx\/tienda\/wp-json\/wp\/v2\/media\/9789"}],"wp:attachment":[{"href":"https:\/\/abaa.mx\/tienda\/wp-json\/wp\/v2\/media?parent=8568"}],"wp:term":[{"taxonomy":"product_brand","embeddable":true,"href":"https:\/\/abaa.mx\/tienda\/wp-json\/wp\/v2\/product_brand?post=8568"},{"taxonomy":"product_cat","embeddable":true,"href":"https:\/\/abaa.mx\/tienda\/wp-json\/wp\/v2\/product_cat?post=8568"},{"taxonomy":"product_tag","embeddable":true,"href":"https:\/\/abaa.mx\/tienda\/wp-json\/wp\/v2\/product_tag?post=8568"}],"curies":[{"name":"wp","href":"https:\/\/api.w.org\/{rel}","templated":true}]}}