{"id":8567,"date":"2023-12-08T20:46:42","date_gmt":"2023-12-08T20:46:42","guid":{"rendered":"https:\/\/abaa.mx\/tienda\/?post_type=product&#038;p=8567"},"modified":"2023-12-08T20:46:43","modified_gmt":"2023-12-08T20:46:43","slug":"boroscopio-vsc206-trotec","status":"publish","type":"product","link":"https:\/\/abaa.mx\/tienda\/boroscopio-vsc206-trotec\/","title":{"rendered":"Boroscopio vsc206 trotec"},"content":{"rendered":"<p class=\"bodytext\">La sonda orientable en cualquier direcci\u00f3n del VSC206 puede controlarse de modo continuo mediante una peque\u00f1a palanca y, gracias al cabezal de la c\u00e1mara de aleaci\u00f3n de titanio, permite una vista de 360\u00ba de la zona de inspecci\u00f3n.<\/p>\n<p class=\"bodytext\">Su estructura de varias capas de malla met\u00e1lica de acero inoxidable y poliuretano sobre espiral de acero flexible, garantiza que la sonda de empuje tenga el m\u00e1ximo margen de movimiento a la vez que una gran resistencia a la torsi\u00f3n.<\/p>\n<p class=\"bodytext\">6 LED blancos con regulaci\u00f3n de brillo variable garantizan im\u00e1genes n\u00edtidas y ricas en detalles, que pueden ser visualizadas en la brillante pantalla VGA del VSC206 y guardadas en la tarjeta SD como v\u00eddeo o imagen individual para la documentaci\u00f3n.<\/p>\n<p>&nbsp;<\/p>\n<p><strong>Beneficios en la pr\u00e1ctica:<\/strong><\/p>\n<ul>\n<li>Sistema compacto port\u00e1til, ligero y robusto.<\/li>\n<li>F\u00e1cil de usar.<\/li>\n<li>Toma de fotos y v\u00eddeos.<\/li>\n<li>El cabezal de la c\u00e1mara es articulable en todas las direcciones.<\/li>\n<li>La tecnolog\u00eda LED consume menos energ\u00eda y genera menos. calor que los sistemas de iluminaci\u00f3n convencionales.<\/li>\n<li>Pantalla VGA LCD para una excelente calidad de imagen.<\/li>\n<li>Sonda robusta, de pared m\u00faltiple para una m\u00e1xima flexibilidad. a la vez que mantiene una alta resistencia a la torsi\u00f3n.<\/li>\n<li>Salida de v\u00eddeo anal\u00f3gico y puerto de USB.<\/li>\n<\/ul>\n","protected":false},"excerpt":{"rendered":"<p>La parte de la sonda del VSC206 se puede controlar de forma continua con la palanca de mando, la cual permite que el cabezal de la c\u00e1mara recubierto de titanio pueda realizar las inspeciones de forma perfecta alrededor de la zona de inspecci\u00f3n.<\/p>\n","protected":false},"featured_media":9710,"comment_status":"open","ping_status":"closed","template":"","meta":{"_joinchat":[]},"product_brand":[],"product_cat":[15],"product_tag":[],"class_list":{"0":"post-8567","1":"product","2":"type-product","3":"status-publish","4":"has-post-thumbnail","6":"product_cat-sin-categorizar","8":"first","9":"instock","10":"shipping-taxable","11":"product-type-simple"},"yoast_head":"<!-- This site is optimized with the Yoast SEO plugin v26.4 - https:\/\/yoast.com\/wordpress\/plugins\/seo\/ -->\n<title>Boroscopio vsc206 trotec - Abaa tienda online<\/title>\n<meta name=\"robots\" content=\"index, follow, max-snippet:-1, max-image-preview:large, max-video-preview:-1\" \/>\n<link rel=\"canonical\" href=\"https:\/\/abaa.mx\/tienda\/boroscopio-vsc206-trotec\/\" \/>\n<meta property=\"og:locale\" content=\"es_MX\" \/>\n<meta property=\"og:type\" content=\"article\" \/>\n<meta property=\"og:title\" content=\"Boroscopio vsc206 trotec - Abaa tienda online\" \/>\n<meta property=\"og:description\" content=\"La parte de la sonda del VSC206 se puede controlar de forma continua con la palanca de mando, la cual permite que el cabezal de la c\u00e1mara recubierto de titanio pueda realizar las inspeciones de forma perfecta alrededor de la zona de inspecci\u00f3n.\" \/>\n<meta property=\"og:url\" content=\"https:\/\/abaa.mx\/tienda\/boroscopio-vsc206-trotec\/\" \/>\n<meta property=\"og:site_name\" content=\"Abaa tienda online\" \/>\n<meta property=\"article:modified_time\" content=\"2023-12-08T20:46:43+00:00\" \/>\n<meta property=\"og:image\" content=\"https:\/\/abaa.mx\/tienda\/wp-content\/uploads\/2023\/12\/Boroscopio-vsc206-trotec.jpg\" \/>\n\t<meta property=\"og:image:width\" content=\"474\" \/>\n\t<meta property=\"og:image:height\" content=\"379\" \/>\n\t<meta property=\"og:image:type\" content=\"image\/jpeg\" \/>\n<meta name=\"twitter:card\" content=\"summary_large_image\" \/>\n<meta name=\"twitter:label1\" content=\"Tiempo de lectura\" \/>\n\t<meta name=\"twitter:data1\" content=\"1 minuto\" \/>\n<script type=\"application\/ld+json\" class=\"yoast-schema-graph\">{\"@context\":\"https:\/\/schema.org\",\"@graph\":[{\"@type\":\"WebPage\",\"@id\":\"https:\/\/abaa.mx\/tienda\/boroscopio-vsc206-trotec\/\",\"url\":\"https:\/\/abaa.mx\/tienda\/boroscopio-vsc206-trotec\/\",\"name\":\"Boroscopio vsc206 trotec - Abaa tienda online\",\"isPartOf\":{\"@id\":\"https:\/\/abaa.mx\/tienda\/#website\"},\"primaryImageOfPage\":{\"@id\":\"https:\/\/abaa.mx\/tienda\/boroscopio-vsc206-trotec\/#primaryimage\"},\"image\":{\"@id\":\"https:\/\/abaa.mx\/tienda\/boroscopio-vsc206-trotec\/#primaryimage\"},\"thumbnailUrl\":\"https:\/\/abaa.mx\/tienda\/wp-content\/uploads\/2023\/12\/Boroscopio-vsc206-trotec.jpg\",\"datePublished\":\"2023-12-08T20:46:42+00:00\",\"dateModified\":\"2023-12-08T20:46:43+00:00\",\"breadcrumb\":{\"@id\":\"https:\/\/abaa.mx\/tienda\/boroscopio-vsc206-trotec\/#breadcrumb\"},\"inLanguage\":\"es\",\"potentialAction\":[{\"@type\":\"ReadAction\",\"target\":[\"https:\/\/abaa.mx\/tienda\/boroscopio-vsc206-trotec\/\"]}]},{\"@type\":\"ImageObject\",\"inLanguage\":\"es\",\"@id\":\"https:\/\/abaa.mx\/tienda\/boroscopio-vsc206-trotec\/#primaryimage\",\"url\":\"https:\/\/abaa.mx\/tienda\/wp-content\/uploads\/2023\/12\/Boroscopio-vsc206-trotec.jpg\",\"contentUrl\":\"https:\/\/abaa.mx\/tienda\/wp-content\/uploads\/2023\/12\/Boroscopio-vsc206-trotec.jpg\",\"width\":474,\"height\":379,\"caption\":\"Boroscopio vsc206 trotec\"},{\"@type\":\"BreadcrumbList\",\"@id\":\"https:\/\/abaa.mx\/tienda\/boroscopio-vsc206-trotec\/#breadcrumb\",\"itemListElement\":[{\"@type\":\"ListItem\",\"position\":1,\"name\":\"Inicio\",\"item\":\"https:\/\/abaa.mx\/tienda\/\"},{\"@type\":\"ListItem\",\"position\":2,\"name\":\"Tienda\",\"item\":\"https:\/\/abaa.mx\/tienda\/\"},{\"@type\":\"ListItem\",\"position\":3,\"name\":\"Boroscopio vsc206 trotec\"}]},{\"@type\":\"WebSite\",\"@id\":\"https:\/\/abaa.mx\/tienda\/#website\",\"url\":\"https:\/\/abaa.mx\/tienda\/\",\"name\":\"Abaa tienda online\",\"description\":\"Instrumentos de medici\u00f3n\",\"publisher\":{\"@id\":\"https:\/\/abaa.mx\/tienda\/#organization\"},\"potentialAction\":[{\"@type\":\"SearchAction\",\"target\":{\"@type\":\"EntryPoint\",\"urlTemplate\":\"https:\/\/abaa.mx\/tienda\/?s={search_term_string}\"},\"query-input\":{\"@type\":\"PropertyValueSpecification\",\"valueRequired\":true,\"valueName\":\"search_term_string\"}}],\"inLanguage\":\"es\"},{\"@type\":\"Organization\",\"@id\":\"https:\/\/abaa.mx\/tienda\/#organization\",\"name\":\"Abaa tienda online\",\"url\":\"https:\/\/abaa.mx\/tienda\/\",\"logo\":{\"@type\":\"ImageObject\",\"inLanguage\":\"es\",\"@id\":\"https:\/\/abaa.mx\/tienda\/#\/schema\/logo\/image\/\",\"url\":\"https:\/\/abaa.mx\/tienda\/wp-content\/uploads\/2024\/01\/abaa-metrologia-tienda.png\",\"contentUrl\":\"https:\/\/abaa.mx\/tienda\/wp-content\/uploads\/2024\/01\/abaa-metrologia-tienda.png\",\"width\":300,\"height\":141,\"caption\":\"Abaa tienda online\"},\"image\":{\"@id\":\"https:\/\/abaa.mx\/tienda\/#\/schema\/logo\/image\/\"}}]}<\/script>\n<!-- \/ Yoast SEO plugin. -->","yoast_head_json":{"title":"Boroscopio vsc206 trotec - Abaa tienda online","robots":{"index":"index","follow":"follow","max-snippet":"max-snippet:-1","max-image-preview":"max-image-preview:large","max-video-preview":"max-video-preview:-1"},"canonical":"https:\/\/abaa.mx\/tienda\/boroscopio-vsc206-trotec\/","og_locale":"es_MX","og_type":"article","og_title":"Boroscopio vsc206 trotec - Abaa tienda online","og_description":"La parte de la sonda del VSC206 se puede controlar de forma continua con la palanca de mando, la cual permite que el cabezal de la c\u00e1mara recubierto de titanio pueda realizar las inspeciones de forma perfecta alrededor de la zona de inspecci\u00f3n.","og_url":"https:\/\/abaa.mx\/tienda\/boroscopio-vsc206-trotec\/","og_site_name":"Abaa tienda online","article_modified_time":"2023-12-08T20:46:43+00:00","og_image":[{"width":474,"height":379,"url":"https:\/\/abaa.mx\/tienda\/wp-content\/uploads\/2023\/12\/Boroscopio-vsc206-trotec.jpg","type":"image\/jpeg"}],"twitter_card":"summary_large_image","twitter_misc":{"Tiempo de lectura":"1 minuto"},"schema":{"@context":"https:\/\/schema.org","@graph":[{"@type":"WebPage","@id":"https:\/\/abaa.mx\/tienda\/boroscopio-vsc206-trotec\/","url":"https:\/\/abaa.mx\/tienda\/boroscopio-vsc206-trotec\/","name":"Boroscopio vsc206 trotec - Abaa tienda online","isPartOf":{"@id":"https:\/\/abaa.mx\/tienda\/#website"},"primaryImageOfPage":{"@id":"https:\/\/abaa.mx\/tienda\/boroscopio-vsc206-trotec\/#primaryimage"},"image":{"@id":"https:\/\/abaa.mx\/tienda\/boroscopio-vsc206-trotec\/#primaryimage"},"thumbnailUrl":"https:\/\/abaa.mx\/tienda\/wp-content\/uploads\/2023\/12\/Boroscopio-vsc206-trotec.jpg","datePublished":"2023-12-08T20:46:42+00:00","dateModified":"2023-12-08T20:46:43+00:00","breadcrumb":{"@id":"https:\/\/abaa.mx\/tienda\/boroscopio-vsc206-trotec\/#breadcrumb"},"inLanguage":"es","potentialAction":[{"@type":"ReadAction","target":["https:\/\/abaa.mx\/tienda\/boroscopio-vsc206-trotec\/"]}]},{"@type":"ImageObject","inLanguage":"es","@id":"https:\/\/abaa.mx\/tienda\/boroscopio-vsc206-trotec\/#primaryimage","url":"https:\/\/abaa.mx\/tienda\/wp-content\/uploads\/2023\/12\/Boroscopio-vsc206-trotec.jpg","contentUrl":"https:\/\/abaa.mx\/tienda\/wp-content\/uploads\/2023\/12\/Boroscopio-vsc206-trotec.jpg","width":474,"height":379,"caption":"Boroscopio vsc206 trotec"},{"@type":"BreadcrumbList","@id":"https:\/\/abaa.mx\/tienda\/boroscopio-vsc206-trotec\/#breadcrumb","itemListElement":[{"@type":"ListItem","position":1,"name":"Inicio","item":"https:\/\/abaa.mx\/tienda\/"},{"@type":"ListItem","position":2,"name":"Tienda","item":"https:\/\/abaa.mx\/tienda\/"},{"@type":"ListItem","position":3,"name":"Boroscopio vsc206 trotec"}]},{"@type":"WebSite","@id":"https:\/\/abaa.mx\/tienda\/#website","url":"https:\/\/abaa.mx\/tienda\/","name":"Abaa tienda online","description":"Instrumentos de medici\u00f3n","publisher":{"@id":"https:\/\/abaa.mx\/tienda\/#organization"},"potentialAction":[{"@type":"SearchAction","target":{"@type":"EntryPoint","urlTemplate":"https:\/\/abaa.mx\/tienda\/?s={search_term_string}"},"query-input":{"@type":"PropertyValueSpecification","valueRequired":true,"valueName":"search_term_string"}}],"inLanguage":"es"},{"@type":"Organization","@id":"https:\/\/abaa.mx\/tienda\/#organization","name":"Abaa tienda online","url":"https:\/\/abaa.mx\/tienda\/","logo":{"@type":"ImageObject","inLanguage":"es","@id":"https:\/\/abaa.mx\/tienda\/#\/schema\/logo\/image\/","url":"https:\/\/abaa.mx\/tienda\/wp-content\/uploads\/2024\/01\/abaa-metrologia-tienda.png","contentUrl":"https:\/\/abaa.mx\/tienda\/wp-content\/uploads\/2024\/01\/abaa-metrologia-tienda.png","width":300,"height":141,"caption":"Abaa tienda online"},"image":{"@id":"https:\/\/abaa.mx\/tienda\/#\/schema\/logo\/image\/"}}]}},"_links":{"self":[{"href":"https:\/\/abaa.mx\/tienda\/wp-json\/wp\/v2\/product\/8567","targetHints":{"allow":["GET"]}}],"collection":[{"href":"https:\/\/abaa.mx\/tienda\/wp-json\/wp\/v2\/product"}],"about":[{"href":"https:\/\/abaa.mx\/tienda\/wp-json\/wp\/v2\/types\/product"}],"replies":[{"embeddable":true,"href":"https:\/\/abaa.mx\/tienda\/wp-json\/wp\/v2\/comments?post=8567"}],"wp:featuredmedia":[{"embeddable":true,"href":"https:\/\/abaa.mx\/tienda\/wp-json\/wp\/v2\/media\/9710"}],"wp:attachment":[{"href":"https:\/\/abaa.mx\/tienda\/wp-json\/wp\/v2\/media?parent=8567"}],"wp:term":[{"taxonomy":"product_brand","embeddable":true,"href":"https:\/\/abaa.mx\/tienda\/wp-json\/wp\/v2\/product_brand?post=8567"},{"taxonomy":"product_cat","embeddable":true,"href":"https:\/\/abaa.mx\/tienda\/wp-json\/wp\/v2\/product_cat?post=8567"},{"taxonomy":"product_tag","embeddable":true,"href":"https:\/\/abaa.mx\/tienda\/wp-json\/wp\/v2\/product_tag?post=8567"}],"curies":[{"name":"wp","href":"https:\/\/api.w.org\/{rel}","templated":true}]}}