{"id":8559,"date":"2023-11-06T16:57:37","date_gmt":"2023-11-06T16:57:37","guid":{"rendered":"https:\/\/abaa.mx\/tienda\/?post_type=product&#038;p=8559"},"modified":"2023-11-06T17:02:24","modified_gmt":"2023-11-06T17:02:24","slug":"tooke-medidor-de-espesor-en-pintura-micro-metrics-og214","status":"publish","type":"product","link":"https:\/\/abaa.mx\/tienda\/tooke-medidor-de-espesor-en-pintura-micro-metrics-og214\/","title":{"rendered":"Tooke Medidor de Espesor en Pintura, Micro-Metrics &#8211; OG214"},"content":{"rendered":"<p>Tooke Medidor de Espesor en Pintura, Micro-Metrics &#8211; OG214.<\/p>\n","protected":false},"excerpt":{"rendered":"<ul>\n<li>Especificaciones \/ unidad de env\u00edo Material: Policarbonato o cuerpo de aluminio fresado.<\/li>\n<li>Dimensiones: 4.5 &#8220;x 3.5&#8221; por 1 &#8220;(11.4 x 8.9 x 2.5cm).<\/li>\n<li>Microscopio: 50X, 45 grados, ret\u00edcula iluminada.<\/li>\n<li>\u00a1Nuevo! Medida dual: 1 mil o 20 \u00b5m por hash.<\/li>\n<li>Consejos de corte: Tres;<\/li>\n<li>Est\u00e1ndar: 1 \u00d7, 2 \u00d7 y 10 \u00d7.<\/li>\n<li>L\u00e1mpara: bombilla LED n.\u00b0222.<\/li>\n<li>Estuche: Estuche de transporte de polipropileno.<\/li>\n<li>Alimentaci\u00f3n: Dos pilas secas AA de 1.5V.<\/li>\n<li>Env\u00edo: 1.5 lbs (0.7 kg).<\/li>\n<li>Repuestos: Llave hexagonal, marcador , bater\u00edas y bombilla LED.<\/li>\n<\/ul>\n","protected":false},"featured_media":8560,"comment_status":"open","ping_status":"closed","template":"","meta":{"_joinchat":[]},"product_brand":[],"product_cat":[111],"product_tag":[],"class_list":{"0":"post-8559","1":"product","2":"type-product","3":"status-publish","4":"has-post-thumbnail","6":"product_cat-medidores-de-espesor","8":"first","9":"instock","10":"shipping-taxable","11":"product-type-simple"},"yoast_head":"<!-- This site is optimized with the Yoast SEO plugin v26.4 - https:\/\/yoast.com\/wordpress\/plugins\/seo\/ -->\n<title>Tooke Medidor de Espesor en Pintura, Micro-Metrics - OG214 - Abaa tienda online<\/title>\n<meta name=\"robots\" content=\"index, follow, max-snippet:-1, max-image-preview:large, max-video-preview:-1\" \/>\n<link rel=\"canonical\" href=\"https:\/\/abaa.mx\/tienda\/tooke-medidor-de-espesor-en-pintura-micro-metrics-og214\/\" \/>\n<meta property=\"og:locale\" content=\"es_MX\" \/>\n<meta property=\"og:type\" content=\"article\" \/>\n<meta property=\"og:title\" content=\"Tooke Medidor de Espesor en Pintura, Micro-Metrics - OG214 - Abaa tienda online\" \/>\n<meta property=\"og:description\" content=\"Especificaciones \/ unidad de env\u00edo Material: Policarbonato o cuerpo de aluminio fresado.  Dimensiones: 4.5 &quot;x 3.5&quot; por 1 &quot;(11.4 x 8.9 x 2.5cm).  Microscopio: 50X, 45 grados, ret\u00edcula iluminada.  \u00a1Nuevo! Medida dual: 1 mil o 20 \u00b5m por hash.  Consejos de corte: Tres;  Est\u00e1ndar: 1 \u00d7, 2 \u00d7 y 10 \u00d7.  L\u00e1mpara: bombilla LED n.\u00b0222.  Estuche: Estuche de transporte de polipropileno.  Alimentaci\u00f3n: Dos pilas secas AA de 1.5V.  Env\u00edo: 1.5 lbs (0.7 kg).  Repuestos: Llave hexagonal, marcador , bater\u00edas y bombilla LED.\" \/>\n<meta property=\"og:url\" content=\"https:\/\/abaa.mx\/tienda\/tooke-medidor-de-espesor-en-pintura-micro-metrics-og214\/\" \/>\n<meta property=\"og:site_name\" content=\"Abaa tienda online\" \/>\n<meta property=\"article:modified_time\" content=\"2023-11-06T17:02:24+00:00\" \/>\n<meta property=\"og:image\" content=\"https:\/\/abaa.mx\/tienda\/wp-content\/uploads\/2023\/11\/MICRO-METRICS-OG214.jpg\" \/>\n\t<meta property=\"og:image:width\" content=\"455\" \/>\n\t<meta property=\"og:image:height\" content=\"537\" \/>\n\t<meta property=\"og:image:type\" content=\"image\/jpeg\" \/>\n<meta name=\"twitter:card\" content=\"summary_large_image\" \/>\n<meta name=\"twitter:label1\" content=\"Tiempo de lectura\" \/>\n\t<meta name=\"twitter:data1\" content=\"1 minuto\" \/>\n<script type=\"application\/ld+json\" class=\"yoast-schema-graph\">{\"@context\":\"https:\/\/schema.org\",\"@graph\":[{\"@type\":\"WebPage\",\"@id\":\"https:\/\/abaa.mx\/tienda\/tooke-medidor-de-espesor-en-pintura-micro-metrics-og214\/\",\"url\":\"https:\/\/abaa.mx\/tienda\/tooke-medidor-de-espesor-en-pintura-micro-metrics-og214\/\",\"name\":\"Tooke Medidor de Espesor en Pintura, Micro-Metrics - OG214 - Abaa tienda online\",\"isPartOf\":{\"@id\":\"https:\/\/abaa.mx\/tienda\/#website\"},\"primaryImageOfPage\":{\"@id\":\"https:\/\/abaa.mx\/tienda\/tooke-medidor-de-espesor-en-pintura-micro-metrics-og214\/#primaryimage\"},\"image\":{\"@id\":\"https:\/\/abaa.mx\/tienda\/tooke-medidor-de-espesor-en-pintura-micro-metrics-og214\/#primaryimage\"},\"thumbnailUrl\":\"https:\/\/abaa.mx\/tienda\/wp-content\/uploads\/2023\/11\/MICRO-METRICS-OG214.jpg\",\"datePublished\":\"2023-11-06T16:57:37+00:00\",\"dateModified\":\"2023-11-06T17:02:24+00:00\",\"breadcrumb\":{\"@id\":\"https:\/\/abaa.mx\/tienda\/tooke-medidor-de-espesor-en-pintura-micro-metrics-og214\/#breadcrumb\"},\"inLanguage\":\"es\",\"potentialAction\":[{\"@type\":\"ReadAction\",\"target\":[\"https:\/\/abaa.mx\/tienda\/tooke-medidor-de-espesor-en-pintura-micro-metrics-og214\/\"]}]},{\"@type\":\"ImageObject\",\"inLanguage\":\"es\",\"@id\":\"https:\/\/abaa.mx\/tienda\/tooke-medidor-de-espesor-en-pintura-micro-metrics-og214\/#primaryimage\",\"url\":\"https:\/\/abaa.mx\/tienda\/wp-content\/uploads\/2023\/11\/MICRO-METRICS-OG214.jpg\",\"contentUrl\":\"https:\/\/abaa.mx\/tienda\/wp-content\/uploads\/2023\/11\/MICRO-METRICS-OG214.jpg\",\"width\":455,\"height\":537,\"caption\":\"MICRO METRICS-OG214\"},{\"@type\":\"BreadcrumbList\",\"@id\":\"https:\/\/abaa.mx\/tienda\/tooke-medidor-de-espesor-en-pintura-micro-metrics-og214\/#breadcrumb\",\"itemListElement\":[{\"@type\":\"ListItem\",\"position\":1,\"name\":\"Inicio\",\"item\":\"https:\/\/abaa.mx\/tienda\/\"},{\"@type\":\"ListItem\",\"position\":2,\"name\":\"Tienda\",\"item\":\"https:\/\/abaa.mx\/tienda\/\"},{\"@type\":\"ListItem\",\"position\":3,\"name\":\"Tooke Medidor de Espesor en Pintura, Micro-Metrics &#8211; OG214\"}]},{\"@type\":\"WebSite\",\"@id\":\"https:\/\/abaa.mx\/tienda\/#website\",\"url\":\"https:\/\/abaa.mx\/tienda\/\",\"name\":\"Abaa tienda online\",\"description\":\"Instrumentos de medici\u00f3n\",\"publisher\":{\"@id\":\"https:\/\/abaa.mx\/tienda\/#organization\"},\"potentialAction\":[{\"@type\":\"SearchAction\",\"target\":{\"@type\":\"EntryPoint\",\"urlTemplate\":\"https:\/\/abaa.mx\/tienda\/?s={search_term_string}\"},\"query-input\":{\"@type\":\"PropertyValueSpecification\",\"valueRequired\":true,\"valueName\":\"search_term_string\"}}],\"inLanguage\":\"es\"},{\"@type\":\"Organization\",\"@id\":\"https:\/\/abaa.mx\/tienda\/#organization\",\"name\":\"Abaa tienda online\",\"url\":\"https:\/\/abaa.mx\/tienda\/\",\"logo\":{\"@type\":\"ImageObject\",\"inLanguage\":\"es\",\"@id\":\"https:\/\/abaa.mx\/tienda\/#\/schema\/logo\/image\/\",\"url\":\"https:\/\/abaa.mx\/tienda\/wp-content\/uploads\/2024\/01\/abaa-metrologia-tienda.png\",\"contentUrl\":\"https:\/\/abaa.mx\/tienda\/wp-content\/uploads\/2024\/01\/abaa-metrologia-tienda.png\",\"width\":300,\"height\":141,\"caption\":\"Abaa tienda online\"},\"image\":{\"@id\":\"https:\/\/abaa.mx\/tienda\/#\/schema\/logo\/image\/\"}}]}<\/script>\n<!-- \/ Yoast SEO plugin. -->","yoast_head_json":{"title":"Tooke Medidor de Espesor en Pintura, Micro-Metrics - OG214 - Abaa tienda online","robots":{"index":"index","follow":"follow","max-snippet":"max-snippet:-1","max-image-preview":"max-image-preview:large","max-video-preview":"max-video-preview:-1"},"canonical":"https:\/\/abaa.mx\/tienda\/tooke-medidor-de-espesor-en-pintura-micro-metrics-og214\/","og_locale":"es_MX","og_type":"article","og_title":"Tooke Medidor de Espesor en Pintura, Micro-Metrics - OG214 - Abaa tienda online","og_description":"Especificaciones \/ unidad de env\u00edo Material: Policarbonato o cuerpo de aluminio fresado.  Dimensiones: 4.5 \"x 3.5\" por 1 \"(11.4 x 8.9 x 2.5cm).  Microscopio: 50X, 45 grados, ret\u00edcula iluminada.  \u00a1Nuevo! Medida dual: 1 mil o 20 \u00b5m por hash.  Consejos de corte: Tres;  Est\u00e1ndar: 1 \u00d7, 2 \u00d7 y 10 \u00d7.  L\u00e1mpara: bombilla LED n.\u00b0222.  Estuche: Estuche de transporte de polipropileno.  Alimentaci\u00f3n: Dos pilas secas AA de 1.5V.  Env\u00edo: 1.5 lbs (0.7 kg).  Repuestos: Llave hexagonal, marcador , bater\u00edas y bombilla LED.","og_url":"https:\/\/abaa.mx\/tienda\/tooke-medidor-de-espesor-en-pintura-micro-metrics-og214\/","og_site_name":"Abaa tienda online","article_modified_time":"2023-11-06T17:02:24+00:00","og_image":[{"width":455,"height":537,"url":"https:\/\/abaa.mx\/tienda\/wp-content\/uploads\/2023\/11\/MICRO-METRICS-OG214.jpg","type":"image\/jpeg"}],"twitter_card":"summary_large_image","twitter_misc":{"Tiempo de lectura":"1 minuto"},"schema":{"@context":"https:\/\/schema.org","@graph":[{"@type":"WebPage","@id":"https:\/\/abaa.mx\/tienda\/tooke-medidor-de-espesor-en-pintura-micro-metrics-og214\/","url":"https:\/\/abaa.mx\/tienda\/tooke-medidor-de-espesor-en-pintura-micro-metrics-og214\/","name":"Tooke Medidor de Espesor en Pintura, Micro-Metrics - OG214 - Abaa tienda online","isPartOf":{"@id":"https:\/\/abaa.mx\/tienda\/#website"},"primaryImageOfPage":{"@id":"https:\/\/abaa.mx\/tienda\/tooke-medidor-de-espesor-en-pintura-micro-metrics-og214\/#primaryimage"},"image":{"@id":"https:\/\/abaa.mx\/tienda\/tooke-medidor-de-espesor-en-pintura-micro-metrics-og214\/#primaryimage"},"thumbnailUrl":"https:\/\/abaa.mx\/tienda\/wp-content\/uploads\/2023\/11\/MICRO-METRICS-OG214.jpg","datePublished":"2023-11-06T16:57:37+00:00","dateModified":"2023-11-06T17:02:24+00:00","breadcrumb":{"@id":"https:\/\/abaa.mx\/tienda\/tooke-medidor-de-espesor-en-pintura-micro-metrics-og214\/#breadcrumb"},"inLanguage":"es","potentialAction":[{"@type":"ReadAction","target":["https:\/\/abaa.mx\/tienda\/tooke-medidor-de-espesor-en-pintura-micro-metrics-og214\/"]}]},{"@type":"ImageObject","inLanguage":"es","@id":"https:\/\/abaa.mx\/tienda\/tooke-medidor-de-espesor-en-pintura-micro-metrics-og214\/#primaryimage","url":"https:\/\/abaa.mx\/tienda\/wp-content\/uploads\/2023\/11\/MICRO-METRICS-OG214.jpg","contentUrl":"https:\/\/abaa.mx\/tienda\/wp-content\/uploads\/2023\/11\/MICRO-METRICS-OG214.jpg","width":455,"height":537,"caption":"MICRO METRICS-OG214"},{"@type":"BreadcrumbList","@id":"https:\/\/abaa.mx\/tienda\/tooke-medidor-de-espesor-en-pintura-micro-metrics-og214\/#breadcrumb","itemListElement":[{"@type":"ListItem","position":1,"name":"Inicio","item":"https:\/\/abaa.mx\/tienda\/"},{"@type":"ListItem","position":2,"name":"Tienda","item":"https:\/\/abaa.mx\/tienda\/"},{"@type":"ListItem","position":3,"name":"Tooke Medidor de Espesor en Pintura, Micro-Metrics &#8211; OG214"}]},{"@type":"WebSite","@id":"https:\/\/abaa.mx\/tienda\/#website","url":"https:\/\/abaa.mx\/tienda\/","name":"Abaa tienda online","description":"Instrumentos de medici\u00f3n","publisher":{"@id":"https:\/\/abaa.mx\/tienda\/#organization"},"potentialAction":[{"@type":"SearchAction","target":{"@type":"EntryPoint","urlTemplate":"https:\/\/abaa.mx\/tienda\/?s={search_term_string}"},"query-input":{"@type":"PropertyValueSpecification","valueRequired":true,"valueName":"search_term_string"}}],"inLanguage":"es"},{"@type":"Organization","@id":"https:\/\/abaa.mx\/tienda\/#organization","name":"Abaa tienda online","url":"https:\/\/abaa.mx\/tienda\/","logo":{"@type":"ImageObject","inLanguage":"es","@id":"https:\/\/abaa.mx\/tienda\/#\/schema\/logo\/image\/","url":"https:\/\/abaa.mx\/tienda\/wp-content\/uploads\/2024\/01\/abaa-metrologia-tienda.png","contentUrl":"https:\/\/abaa.mx\/tienda\/wp-content\/uploads\/2024\/01\/abaa-metrologia-tienda.png","width":300,"height":141,"caption":"Abaa tienda online"},"image":{"@id":"https:\/\/abaa.mx\/tienda\/#\/schema\/logo\/image\/"}}]}},"_links":{"self":[{"href":"https:\/\/abaa.mx\/tienda\/wp-json\/wp\/v2\/product\/8559","targetHints":{"allow":["GET"]}}],"collection":[{"href":"https:\/\/abaa.mx\/tienda\/wp-json\/wp\/v2\/product"}],"about":[{"href":"https:\/\/abaa.mx\/tienda\/wp-json\/wp\/v2\/types\/product"}],"replies":[{"embeddable":true,"href":"https:\/\/abaa.mx\/tienda\/wp-json\/wp\/v2\/comments?post=8559"}],"wp:featuredmedia":[{"embeddable":true,"href":"https:\/\/abaa.mx\/tienda\/wp-json\/wp\/v2\/media\/8560"}],"wp:attachment":[{"href":"https:\/\/abaa.mx\/tienda\/wp-json\/wp\/v2\/media?parent=8559"}],"wp:term":[{"taxonomy":"product_brand","embeddable":true,"href":"https:\/\/abaa.mx\/tienda\/wp-json\/wp\/v2\/product_brand?post=8559"},{"taxonomy":"product_cat","embeddable":true,"href":"https:\/\/abaa.mx\/tienda\/wp-json\/wp\/v2\/product_cat?post=8559"},{"taxonomy":"product_tag","embeddable":true,"href":"https:\/\/abaa.mx\/tienda\/wp-json\/wp\/v2\/product_tag?post=8559"}],"curies":[{"name":"wp","href":"https:\/\/api.w.org\/{rel}","templated":true}]}}