{"id":8542,"date":"2023-11-06T16:21:00","date_gmt":"2023-11-06T16:21:00","guid":{"rendered":"https:\/\/abaa.mx\/tienda\/?post_type=product&#038;p=8542"},"modified":"2023-11-06T16:21:00","modified_gmt":"2023-11-06T16:21:00","slug":"medidor-de-espesor-ultrasonico-especial-para-medicion-de-400-mm-dc4000","status":"publish","type":"product","link":"https:\/\/abaa.mx\/tienda\/medidor-de-espesor-ultrasonico-especial-para-medicion-de-400-mm-dc4000\/","title":{"rendered":"Medidor de espesor ultras\u00f3nico Especial para medici\u00f3n de 400 mm &#8211; DC4000"},"content":{"rendered":"<p>Medidor de espesor ultras\u00f3nico Especial para medici\u00f3n de 400 mm &#8211; DC4000.<\/p>\n","protected":false},"excerpt":{"rendered":"<p><b>Medidor de Espesor Ultras\u00f3nico DC-4000<\/b><\/p>\n<p><b>Especificaciones:<\/b><\/p>\n<ul>\n<li>Pantalla a color TFT de 320 \u00d7 240.<\/li>\n<li>Transductor est\u00e1ndar de 5.0MHz incluido, transductores opcionales.<\/li>\n<li>Rango de medici\u00f3n: P-E 0.65-400.0mm E-E 3.00-25.0mm.<\/li>\n<li>Memoria de 10,000 lecturas en 100 archivos.<\/li>\n<li>Detecci\u00f3n autom\u00e1tica de sonda.<\/li>\n<li>Un escaneo y escaneo B.<\/li>\n<li>Salida USB, funciona f\u00e1cilmente con cualquier sistema operativo Windows de 32 y 64 bits. Soporte de m\u00faltiples idiomas.<\/li>\n<li>Calibraci\u00f3n autom\u00e1tica del cero de la sonda.<\/li>\n<li>Modo de medici\u00f3n: (P-E) pulso-eco y (E-E) a trav\u00e9s de pintura.<\/li>\n<li>Opci\u00f3n de ajuste de rango, ganancia, retardo, blanco de la compuerta y E-Blank.<\/li>\n<li>Resoluci\u00f3n de pantalla 0.01mm \/ 0.001in.<\/li>\n<\/ul>\n<p>&nbsp;<\/p>\n","protected":false},"featured_media":8543,"comment_status":"open","ping_status":"closed","template":"","meta":{"_joinchat":[]},"product_brand":[],"product_cat":[111],"product_tag":[],"class_list":{"0":"post-8542","1":"product","2":"type-product","3":"status-publish","4":"has-post-thumbnail","6":"product_cat-medidores-de-espesor","8":"first","9":"instock","10":"shipping-taxable","11":"product-type-simple"},"yoast_head":"<!-- This site is optimized with the Yoast SEO plugin v26.4 - https:\/\/yoast.com\/wordpress\/plugins\/seo\/ -->\n<title>Medidor de espesor ultras\u00f3nico Especial para medici\u00f3n de 400 mm - DC4000 - Abaa tienda online<\/title>\n<meta name=\"robots\" content=\"index, follow, max-snippet:-1, max-image-preview:large, max-video-preview:-1\" \/>\n<link rel=\"canonical\" href=\"https:\/\/abaa.mx\/tienda\/medidor-de-espesor-ultrasonico-especial-para-medicion-de-400-mm-dc4000\/\" \/>\n<meta property=\"og:locale\" content=\"es_MX\" \/>\n<meta property=\"og:type\" content=\"article\" \/>\n<meta property=\"og:title\" content=\"Medidor de espesor ultras\u00f3nico Especial para medici\u00f3n de 400 mm - DC4000 - Abaa tienda online\" \/>\n<meta property=\"og:description\" content=\"Medidor de Espesor Ultras\u00f3nico DC-4000  Especificaciones:   Pantalla a color TFT de 320 \u00d7 240.  Transductor est\u00e1ndar de 5.0MHz incluido, transductores opcionales.  Rango de medici\u00f3n: P-E 0.65-400.0mm E-E 3.00-25.0mm.  Memoria de 10,000 lecturas en 100 archivos.  Detecci\u00f3n autom\u00e1tica de sonda.  Un escaneo y escaneo B.  Salida USB, funciona f\u00e1cilmente con cualquier sistema operativo Windows de 32 y 64 bits. Soporte de m\u00faltiples idiomas.  Calibraci\u00f3n autom\u00e1tica del cero de la sonda.  Modo de medici\u00f3n: (P-E) pulso-eco y (E-E) a trav\u00e9s de pintura.  Opci\u00f3n de ajuste de rango, ganancia, retardo, blanco de la compuerta y E-Blank.  Resoluci\u00f3n de pantalla 0.01mm \/ 0.001in.  &nbsp;\" \/>\n<meta property=\"og:url\" content=\"https:\/\/abaa.mx\/tienda\/medidor-de-espesor-ultrasonico-especial-para-medicion-de-400-mm-dc4000\/\" \/>\n<meta property=\"og:site_name\" content=\"Abaa tienda online\" \/>\n<meta property=\"og:image\" content=\"https:\/\/abaa.mx\/tienda\/wp-content\/uploads\/2023\/11\/DEFELSKO-PC4000.jpg\" \/>\n\t<meta property=\"og:image:width\" content=\"973\" \/>\n\t<meta property=\"og:image:height\" content=\"590\" \/>\n\t<meta property=\"og:image:type\" content=\"image\/jpeg\" \/>\n<meta name=\"twitter:card\" content=\"summary_large_image\" \/>\n<meta name=\"twitter:label1\" content=\"Tiempo de lectura\" \/>\n\t<meta name=\"twitter:data1\" content=\"1 minuto\" \/>\n<script type=\"application\/ld+json\" class=\"yoast-schema-graph\">{\"@context\":\"https:\/\/schema.org\",\"@graph\":[{\"@type\":\"WebPage\",\"@id\":\"https:\/\/abaa.mx\/tienda\/medidor-de-espesor-ultrasonico-especial-para-medicion-de-400-mm-dc4000\/\",\"url\":\"https:\/\/abaa.mx\/tienda\/medidor-de-espesor-ultrasonico-especial-para-medicion-de-400-mm-dc4000\/\",\"name\":\"Medidor de espesor ultras\u00f3nico Especial para medici\u00f3n de 400 mm - DC4000 - Abaa tienda online\",\"isPartOf\":{\"@id\":\"https:\/\/abaa.mx\/tienda\/#website\"},\"primaryImageOfPage\":{\"@id\":\"https:\/\/abaa.mx\/tienda\/medidor-de-espesor-ultrasonico-especial-para-medicion-de-400-mm-dc4000\/#primaryimage\"},\"image\":{\"@id\":\"https:\/\/abaa.mx\/tienda\/medidor-de-espesor-ultrasonico-especial-para-medicion-de-400-mm-dc4000\/#primaryimage\"},\"thumbnailUrl\":\"https:\/\/abaa.mx\/tienda\/wp-content\/uploads\/2023\/11\/DEFELSKO-PC4000.jpg\",\"datePublished\":\"2023-11-06T16:21:00+00:00\",\"breadcrumb\":{\"@id\":\"https:\/\/abaa.mx\/tienda\/medidor-de-espesor-ultrasonico-especial-para-medicion-de-400-mm-dc4000\/#breadcrumb\"},\"inLanguage\":\"es\",\"potentialAction\":[{\"@type\":\"ReadAction\",\"target\":[\"https:\/\/abaa.mx\/tienda\/medidor-de-espesor-ultrasonico-especial-para-medicion-de-400-mm-dc4000\/\"]}]},{\"@type\":\"ImageObject\",\"inLanguage\":\"es\",\"@id\":\"https:\/\/abaa.mx\/tienda\/medidor-de-espesor-ultrasonico-especial-para-medicion-de-400-mm-dc4000\/#primaryimage\",\"url\":\"https:\/\/abaa.mx\/tienda\/wp-content\/uploads\/2023\/11\/DEFELSKO-PC4000.jpg\",\"contentUrl\":\"https:\/\/abaa.mx\/tienda\/wp-content\/uploads\/2023\/11\/DEFELSKO-PC4000.jpg\",\"width\":973,\"height\":590,\"caption\":\"DEFELSKO-PC4000\"},{\"@type\":\"BreadcrumbList\",\"@id\":\"https:\/\/abaa.mx\/tienda\/medidor-de-espesor-ultrasonico-especial-para-medicion-de-400-mm-dc4000\/#breadcrumb\",\"itemListElement\":[{\"@type\":\"ListItem\",\"position\":1,\"name\":\"Inicio\",\"item\":\"https:\/\/abaa.mx\/tienda\/\"},{\"@type\":\"ListItem\",\"position\":2,\"name\":\"Tienda\",\"item\":\"https:\/\/abaa.mx\/tienda\/\"},{\"@type\":\"ListItem\",\"position\":3,\"name\":\"Medidor de espesor ultras\u00f3nico Especial para medici\u00f3n de 400 mm &#8211; DC4000\"}]},{\"@type\":\"WebSite\",\"@id\":\"https:\/\/abaa.mx\/tienda\/#website\",\"url\":\"https:\/\/abaa.mx\/tienda\/\",\"name\":\"Abaa tienda online\",\"description\":\"Instrumentos de medici\u00f3n\",\"publisher\":{\"@id\":\"https:\/\/abaa.mx\/tienda\/#organization\"},\"potentialAction\":[{\"@type\":\"SearchAction\",\"target\":{\"@type\":\"EntryPoint\",\"urlTemplate\":\"https:\/\/abaa.mx\/tienda\/?s={search_term_string}\"},\"query-input\":{\"@type\":\"PropertyValueSpecification\",\"valueRequired\":true,\"valueName\":\"search_term_string\"}}],\"inLanguage\":\"es\"},{\"@type\":\"Organization\",\"@id\":\"https:\/\/abaa.mx\/tienda\/#organization\",\"name\":\"Abaa tienda online\",\"url\":\"https:\/\/abaa.mx\/tienda\/\",\"logo\":{\"@type\":\"ImageObject\",\"inLanguage\":\"es\",\"@id\":\"https:\/\/abaa.mx\/tienda\/#\/schema\/logo\/image\/\",\"url\":\"https:\/\/abaa.mx\/tienda\/wp-content\/uploads\/2024\/01\/abaa-metrologia-tienda.png\",\"contentUrl\":\"https:\/\/abaa.mx\/tienda\/wp-content\/uploads\/2024\/01\/abaa-metrologia-tienda.png\",\"width\":300,\"height\":141,\"caption\":\"Abaa tienda online\"},\"image\":{\"@id\":\"https:\/\/abaa.mx\/tienda\/#\/schema\/logo\/image\/\"}}]}<\/script>\n<!-- \/ Yoast SEO plugin. -->","yoast_head_json":{"title":"Medidor de espesor ultras\u00f3nico Especial para medici\u00f3n de 400 mm - DC4000 - Abaa tienda online","robots":{"index":"index","follow":"follow","max-snippet":"max-snippet:-1","max-image-preview":"max-image-preview:large","max-video-preview":"max-video-preview:-1"},"canonical":"https:\/\/abaa.mx\/tienda\/medidor-de-espesor-ultrasonico-especial-para-medicion-de-400-mm-dc4000\/","og_locale":"es_MX","og_type":"article","og_title":"Medidor de espesor ultras\u00f3nico Especial para medici\u00f3n de 400 mm - DC4000 - Abaa tienda online","og_description":"Medidor de Espesor Ultras\u00f3nico DC-4000  Especificaciones:   Pantalla a color TFT de 320 \u00d7 240.  Transductor est\u00e1ndar de 5.0MHz incluido, transductores opcionales.  Rango de medici\u00f3n: P-E 0.65-400.0mm E-E 3.00-25.0mm.  Memoria de 10,000 lecturas en 100 archivos.  Detecci\u00f3n autom\u00e1tica de sonda.  Un escaneo y escaneo B.  Salida USB, funciona f\u00e1cilmente con cualquier sistema operativo Windows de 32 y 64 bits. Soporte de m\u00faltiples idiomas.  Calibraci\u00f3n autom\u00e1tica del cero de la sonda.  Modo de medici\u00f3n: (P-E) pulso-eco y (E-E) a trav\u00e9s de pintura.  Opci\u00f3n de ajuste de rango, ganancia, retardo, blanco de la compuerta y E-Blank.  Resoluci\u00f3n de pantalla 0.01mm \/ 0.001in.  &nbsp;","og_url":"https:\/\/abaa.mx\/tienda\/medidor-de-espesor-ultrasonico-especial-para-medicion-de-400-mm-dc4000\/","og_site_name":"Abaa tienda online","og_image":[{"width":973,"height":590,"url":"https:\/\/abaa.mx\/tienda\/wp-content\/uploads\/2023\/11\/DEFELSKO-PC4000.jpg","type":"image\/jpeg"}],"twitter_card":"summary_large_image","twitter_misc":{"Tiempo de lectura":"1 minuto"},"schema":{"@context":"https:\/\/schema.org","@graph":[{"@type":"WebPage","@id":"https:\/\/abaa.mx\/tienda\/medidor-de-espesor-ultrasonico-especial-para-medicion-de-400-mm-dc4000\/","url":"https:\/\/abaa.mx\/tienda\/medidor-de-espesor-ultrasonico-especial-para-medicion-de-400-mm-dc4000\/","name":"Medidor de espesor ultras\u00f3nico Especial para medici\u00f3n de 400 mm - DC4000 - Abaa tienda online","isPartOf":{"@id":"https:\/\/abaa.mx\/tienda\/#website"},"primaryImageOfPage":{"@id":"https:\/\/abaa.mx\/tienda\/medidor-de-espesor-ultrasonico-especial-para-medicion-de-400-mm-dc4000\/#primaryimage"},"image":{"@id":"https:\/\/abaa.mx\/tienda\/medidor-de-espesor-ultrasonico-especial-para-medicion-de-400-mm-dc4000\/#primaryimage"},"thumbnailUrl":"https:\/\/abaa.mx\/tienda\/wp-content\/uploads\/2023\/11\/DEFELSKO-PC4000.jpg","datePublished":"2023-11-06T16:21:00+00:00","breadcrumb":{"@id":"https:\/\/abaa.mx\/tienda\/medidor-de-espesor-ultrasonico-especial-para-medicion-de-400-mm-dc4000\/#breadcrumb"},"inLanguage":"es","potentialAction":[{"@type":"ReadAction","target":["https:\/\/abaa.mx\/tienda\/medidor-de-espesor-ultrasonico-especial-para-medicion-de-400-mm-dc4000\/"]}]},{"@type":"ImageObject","inLanguage":"es","@id":"https:\/\/abaa.mx\/tienda\/medidor-de-espesor-ultrasonico-especial-para-medicion-de-400-mm-dc4000\/#primaryimage","url":"https:\/\/abaa.mx\/tienda\/wp-content\/uploads\/2023\/11\/DEFELSKO-PC4000.jpg","contentUrl":"https:\/\/abaa.mx\/tienda\/wp-content\/uploads\/2023\/11\/DEFELSKO-PC4000.jpg","width":973,"height":590,"caption":"DEFELSKO-PC4000"},{"@type":"BreadcrumbList","@id":"https:\/\/abaa.mx\/tienda\/medidor-de-espesor-ultrasonico-especial-para-medicion-de-400-mm-dc4000\/#breadcrumb","itemListElement":[{"@type":"ListItem","position":1,"name":"Inicio","item":"https:\/\/abaa.mx\/tienda\/"},{"@type":"ListItem","position":2,"name":"Tienda","item":"https:\/\/abaa.mx\/tienda\/"},{"@type":"ListItem","position":3,"name":"Medidor de espesor ultras\u00f3nico Especial para medici\u00f3n de 400 mm &#8211; DC4000"}]},{"@type":"WebSite","@id":"https:\/\/abaa.mx\/tienda\/#website","url":"https:\/\/abaa.mx\/tienda\/","name":"Abaa tienda online","description":"Instrumentos de medici\u00f3n","publisher":{"@id":"https:\/\/abaa.mx\/tienda\/#organization"},"potentialAction":[{"@type":"SearchAction","target":{"@type":"EntryPoint","urlTemplate":"https:\/\/abaa.mx\/tienda\/?s={search_term_string}"},"query-input":{"@type":"PropertyValueSpecification","valueRequired":true,"valueName":"search_term_string"}}],"inLanguage":"es"},{"@type":"Organization","@id":"https:\/\/abaa.mx\/tienda\/#organization","name":"Abaa tienda online","url":"https:\/\/abaa.mx\/tienda\/","logo":{"@type":"ImageObject","inLanguage":"es","@id":"https:\/\/abaa.mx\/tienda\/#\/schema\/logo\/image\/","url":"https:\/\/abaa.mx\/tienda\/wp-content\/uploads\/2024\/01\/abaa-metrologia-tienda.png","contentUrl":"https:\/\/abaa.mx\/tienda\/wp-content\/uploads\/2024\/01\/abaa-metrologia-tienda.png","width":300,"height":141,"caption":"Abaa tienda online"},"image":{"@id":"https:\/\/abaa.mx\/tienda\/#\/schema\/logo\/image\/"}}]}},"_links":{"self":[{"href":"https:\/\/abaa.mx\/tienda\/wp-json\/wp\/v2\/product\/8542","targetHints":{"allow":["GET"]}}],"collection":[{"href":"https:\/\/abaa.mx\/tienda\/wp-json\/wp\/v2\/product"}],"about":[{"href":"https:\/\/abaa.mx\/tienda\/wp-json\/wp\/v2\/types\/product"}],"replies":[{"embeddable":true,"href":"https:\/\/abaa.mx\/tienda\/wp-json\/wp\/v2\/comments?post=8542"}],"wp:featuredmedia":[{"embeddable":true,"href":"https:\/\/abaa.mx\/tienda\/wp-json\/wp\/v2\/media\/8543"}],"wp:attachment":[{"href":"https:\/\/abaa.mx\/tienda\/wp-json\/wp\/v2\/media?parent=8542"}],"wp:term":[{"taxonomy":"product_brand","embeddable":true,"href":"https:\/\/abaa.mx\/tienda\/wp-json\/wp\/v2\/product_brand?post=8542"},{"taxonomy":"product_cat","embeddable":true,"href":"https:\/\/abaa.mx\/tienda\/wp-json\/wp\/v2\/product_cat?post=8542"},{"taxonomy":"product_tag","embeddable":true,"href":"https:\/\/abaa.mx\/tienda\/wp-json\/wp\/v2\/product_tag?post=8542"}],"curies":[{"name":"wp","href":"https:\/\/api.w.org\/{rel}","templated":true}]}}