{"id":8540,"date":"2023-11-06T16:08:17","date_gmt":"2023-11-06T16:08:17","guid":{"rendered":"https:\/\/abaa.mx\/tienda\/?post_type=product&#038;p=8540"},"modified":"2023-11-06T16:22:55","modified_gmt":"2023-11-06T16:22:55","slug":"kit-de-inspeccion-positector-6000","status":"publish","type":"product","link":"https:\/\/abaa.mx\/tienda\/kit-de-inspeccion-positector-6000\/","title":{"rendered":"Kit de Inspecci\u00f3n PosiTector 6000"},"content":{"rendered":"<p>Kit de Inspecci\u00f3n PosiTector 6000.<\/p>\n","protected":false},"excerpt":{"rendered":"<p>Kit de Inspecci\u00f3n PosiTector El juego de herramientas que habilita al inspector de recubrimientos de las herramientas mas efectivas para la inspecci\u00f3n de recubrimientos en campo: Una consola PosiTector Est\u00e1ndar, una sonda PosiTector 6000 modelo &#8220;FN&#8221; para la funci\u00f3n de medidor de espesor de pel\u00edcula seca sobre sustrato ferroso (sin cable), una sonda PosiTector DPM para la funci\u00f3n de medici\u00f3n de punto de roc\u00edo y propiedades del ambiente y finalmente una sonda PosiTector SPG medidor de perfil de anclaje. Este bulto de equipos le dejar\u00e1 al usuario medir los par\u00e1metros cr\u00edticos antes a lo largo de y tras el las apps de revestimientos no-magn\u00e9ticos aplicados en sustratos de Acero, fierro gris, etc.<\/p>\n<p><b>Caracter\u00edsticas Principales:<\/b><\/p>\n<p>Almacena 250 lecturas en 1 carpeta. Transferencia de datos v\u00eda USB a una computadora o lap top Produzca reportes f\u00e1cilmente de sus datos medidos en segundos. Exporte sus datos a la suite de datos PosiSoft Desktop o sincron\u00edcelos en la nube empleando PosiSoft.net donde conseguir\u00e1 opciones de reporteo y almacenaje adicionales. Seleccione entre una pluralidad de sondas para diferentes apps Apps : Va a poder medir todo tipo de revestimientos no magn\u00e9ticos aplicados en superficies ferrosas en el \u00e1rea de manufactura, mantenimiento , restauraci\u00f3n, y tambi\u00e9n inspecci\u00f3n de calidad de las operaciones de acabados y en el laboratorio de pintura. Equipo se conforme con las normas de todo el mundo ISO 2178\/2360\/2808, ISO 19840, ASTM B499\/D1186\/ D1400\/D7091\/E376\/G12, BS3900-C5, SSPC-PA2 y otras.<\/p>\n<p><b>Dimensiones y peso: <\/b>159 x 61 x 31 mm, Peso: 150 gramos.<\/p>\n<p>Contenido de la Caja: Una consola PosiTector Est\u00e1ndar, una sonda PosiTector 6000 modelo &#8220;FN&#8221; medidor de espesor de pel\u00edcula seca sobre sustrato ferroso (sin cable), una sonda PosiTector DPM para la funci\u00f3n de medici\u00f3n de punto de roc\u00edo y propiedades del ambiente , una sonda PosiTector SPG medidor de perfil de anclaje. Accesorios incluidos: juego de 5 laminas de verificaci\u00f3n de precisi\u00f3n, l\u00e1minas de verificaci\u00f3n a cero y 3 mils para perfil de anclaje, clip para cintur\u00f3n, correa para la mano, 3 pilas &#8220;AAA&#8221; instaladas, 3 manuales de operaci\u00f3n, malet\u00edn de pl\u00e1stico, una mica protectora de pantalla, 3 Certificados de medici\u00f3n (uno por cada sonda) trazable al NIST emitido por el fabricante.<\/p>\n","protected":false},"featured_media":8541,"comment_status":"open","ping_status":"closed","template":"","meta":{"_joinchat":[]},"product_brand":[],"product_cat":[111],"product_tag":[],"class_list":{"0":"post-8540","1":"product","2":"type-product","3":"status-publish","4":"has-post-thumbnail","6":"product_cat-medidores-de-espesor","8":"first","9":"instock","10":"shipping-taxable","11":"product-type-simple"},"yoast_head":"<!-- This site is optimized with the Yoast SEO plugin v26.4 - https:\/\/yoast.com\/wordpress\/plugins\/seo\/ -->\n<title>Kit de Inspecci\u00f3n PosiTector 6000 - Abaa tienda online<\/title>\n<meta name=\"robots\" content=\"index, follow, max-snippet:-1, max-image-preview:large, max-video-preview:-1\" \/>\n<link rel=\"canonical\" href=\"https:\/\/abaa.mx\/tienda\/kit-de-inspeccion-positector-6000\/\" \/>\n<meta property=\"og:locale\" content=\"es_MX\" \/>\n<meta property=\"og:type\" content=\"article\" \/>\n<meta property=\"og:title\" content=\"Kit de Inspecci\u00f3n PosiTector 6000 - Abaa tienda online\" \/>\n<meta property=\"og:description\" content=\"Kit de Inspecci\u00f3n PosiTector El juego de herramientas que habilita al inspector de recubrimientos de las herramientas mas efectivas para la inspecci\u00f3n de recubrimientos en campo: Una consola PosiTector Est\u00e1ndar, una sonda PosiTector 6000 modelo &quot;FN&quot; para la funci\u00f3n de medidor de espesor de pel\u00edcula seca sobre sustrato ferroso (sin cable), una sonda PosiTector DPM para la funci\u00f3n de medici\u00f3n de punto de roc\u00edo y propiedades del ambiente y finalmente una sonda PosiTector SPG medidor de perfil de anclaje. Este bulto de equipos le dejar\u00e1 al usuario medir los par\u00e1metros cr\u00edticos antes a lo largo de y tras el las apps de revestimientos no-magn\u00e9ticos aplicados en sustratos de Acero, fierro gris, etc.  Caracter\u00edsticas Principales:  Almacena 250 lecturas en 1 carpeta. Transferencia de datos v\u00eda USB a una computadora o lap top Produzca reportes f\u00e1cilmente de sus datos medidos en segundos. Exporte sus datos a la suite de datos PosiSoft Desktop o sincron\u00edcelos en la nube empleando PosiSoft.net donde conseguir\u00e1 opciones de reporteo y almacenaje adicionales. Seleccione entre una pluralidad de sondas para diferentes apps Apps : Va a poder medir todo tipo de revestimientos no magn\u00e9ticos aplicados en superficies ferrosas en el \u00e1rea de manufactura, mantenimiento , restauraci\u00f3n, y tambi\u00e9n inspecci\u00f3n de calidad de las operaciones de acabados y en el laboratorio de pintura. Equipo se conforme con las normas de todo el mundo ISO 2178\/2360\/2808, ISO 19840, ASTM B499\/D1186\/ D1400\/D7091\/E376\/G12, BS3900-C5, SSPC-PA2 y otras.  Dimensiones y peso: 159 x 61 x 31 mm, Peso: 150 gramos.  Contenido de la Caja: Una consola PosiTector Est\u00e1ndar, una sonda PosiTector 6000 modelo &quot;FN&quot; medidor de espesor de pel\u00edcula seca sobre sustrato ferroso (sin cable), una sonda PosiTector DPM para la funci\u00f3n de medici\u00f3n de punto de roc\u00edo y propiedades del ambiente , una sonda PosiTector SPG medidor de perfil de anclaje. Accesorios incluidos: juego de 5 laminas de verificaci\u00f3n de precisi\u00f3n, l\u00e1minas de verificaci\u00f3n a cero y 3 mils para perfil de anclaje, clip para cintur\u00f3n, correa para la mano, 3 pilas &quot;AAA&quot; instaladas, 3 manuales de operaci\u00f3n, malet\u00edn de pl\u00e1stico, una mica protectora de pantalla, 3 Certificados de medici\u00f3n (uno por cada sonda) trazable al NIST emitido por el fabricante.\" \/>\n<meta property=\"og:url\" content=\"https:\/\/abaa.mx\/tienda\/kit-de-inspeccion-positector-6000\/\" \/>\n<meta property=\"og:site_name\" content=\"Abaa tienda online\" \/>\n<meta property=\"article:modified_time\" content=\"2023-11-06T16:22:55+00:00\" \/>\n<meta property=\"og:image\" content=\"https:\/\/abaa.mx\/tienda\/wp-content\/uploads\/2023\/11\/POSITECTOR-6000.jpg\" \/>\n\t<meta property=\"og:image:width\" content=\"669\" \/>\n\t<meta property=\"og:image:height\" content=\"386\" \/>\n\t<meta property=\"og:image:type\" content=\"image\/jpeg\" \/>\n<meta name=\"twitter:card\" content=\"summary_large_image\" \/>\n<meta name=\"twitter:label1\" content=\"Tiempo de lectura\" \/>\n\t<meta name=\"twitter:data1\" content=\"1 minuto\" \/>\n<script type=\"application\/ld+json\" class=\"yoast-schema-graph\">{\"@context\":\"https:\/\/schema.org\",\"@graph\":[{\"@type\":\"WebPage\",\"@id\":\"https:\/\/abaa.mx\/tienda\/kit-de-inspeccion-positector-6000\/\",\"url\":\"https:\/\/abaa.mx\/tienda\/kit-de-inspeccion-positector-6000\/\",\"name\":\"Kit de Inspecci\u00f3n PosiTector 6000 - Abaa tienda online\",\"isPartOf\":{\"@id\":\"https:\/\/abaa.mx\/tienda\/#website\"},\"primaryImageOfPage\":{\"@id\":\"https:\/\/abaa.mx\/tienda\/kit-de-inspeccion-positector-6000\/#primaryimage\"},\"image\":{\"@id\":\"https:\/\/abaa.mx\/tienda\/kit-de-inspeccion-positector-6000\/#primaryimage\"},\"thumbnailUrl\":\"https:\/\/abaa.mx\/tienda\/wp-content\/uploads\/2023\/11\/POSITECTOR-6000.jpg\",\"datePublished\":\"2023-11-06T16:08:17+00:00\",\"dateModified\":\"2023-11-06T16:22:55+00:00\",\"breadcrumb\":{\"@id\":\"https:\/\/abaa.mx\/tienda\/kit-de-inspeccion-positector-6000\/#breadcrumb\"},\"inLanguage\":\"es\",\"potentialAction\":[{\"@type\":\"ReadAction\",\"target\":[\"https:\/\/abaa.mx\/tienda\/kit-de-inspeccion-positector-6000\/\"]}]},{\"@type\":\"ImageObject\",\"inLanguage\":\"es\",\"@id\":\"https:\/\/abaa.mx\/tienda\/kit-de-inspeccion-positector-6000\/#primaryimage\",\"url\":\"https:\/\/abaa.mx\/tienda\/wp-content\/uploads\/2023\/11\/POSITECTOR-6000.jpg\",\"contentUrl\":\"https:\/\/abaa.mx\/tienda\/wp-content\/uploads\/2023\/11\/POSITECTOR-6000.jpg\",\"width\":669,\"height\":386,\"caption\":\"POSITECTOR-6000\"},{\"@type\":\"BreadcrumbList\",\"@id\":\"https:\/\/abaa.mx\/tienda\/kit-de-inspeccion-positector-6000\/#breadcrumb\",\"itemListElement\":[{\"@type\":\"ListItem\",\"position\":1,\"name\":\"Inicio\",\"item\":\"https:\/\/abaa.mx\/tienda\/\"},{\"@type\":\"ListItem\",\"position\":2,\"name\":\"Tienda\",\"item\":\"https:\/\/abaa.mx\/tienda\/\"},{\"@type\":\"ListItem\",\"position\":3,\"name\":\"Kit de Inspecci\u00f3n PosiTector 6000\"}]},{\"@type\":\"WebSite\",\"@id\":\"https:\/\/abaa.mx\/tienda\/#website\",\"url\":\"https:\/\/abaa.mx\/tienda\/\",\"name\":\"Abaa tienda online\",\"description\":\"Instrumentos de medici\u00f3n\",\"publisher\":{\"@id\":\"https:\/\/abaa.mx\/tienda\/#organization\"},\"potentialAction\":[{\"@type\":\"SearchAction\",\"target\":{\"@type\":\"EntryPoint\",\"urlTemplate\":\"https:\/\/abaa.mx\/tienda\/?s={search_term_string}\"},\"query-input\":{\"@type\":\"PropertyValueSpecification\",\"valueRequired\":true,\"valueName\":\"search_term_string\"}}],\"inLanguage\":\"es\"},{\"@type\":\"Organization\",\"@id\":\"https:\/\/abaa.mx\/tienda\/#organization\",\"name\":\"Abaa tienda online\",\"url\":\"https:\/\/abaa.mx\/tienda\/\",\"logo\":{\"@type\":\"ImageObject\",\"inLanguage\":\"es\",\"@id\":\"https:\/\/abaa.mx\/tienda\/#\/schema\/logo\/image\/\",\"url\":\"https:\/\/abaa.mx\/tienda\/wp-content\/uploads\/2024\/01\/abaa-metrologia-tienda.png\",\"contentUrl\":\"https:\/\/abaa.mx\/tienda\/wp-content\/uploads\/2024\/01\/abaa-metrologia-tienda.png\",\"width\":300,\"height\":141,\"caption\":\"Abaa tienda online\"},\"image\":{\"@id\":\"https:\/\/abaa.mx\/tienda\/#\/schema\/logo\/image\/\"}}]}<\/script>\n<!-- \/ Yoast SEO plugin. -->","yoast_head_json":{"title":"Kit de Inspecci\u00f3n PosiTector 6000 - Abaa tienda online","robots":{"index":"index","follow":"follow","max-snippet":"max-snippet:-1","max-image-preview":"max-image-preview:large","max-video-preview":"max-video-preview:-1"},"canonical":"https:\/\/abaa.mx\/tienda\/kit-de-inspeccion-positector-6000\/","og_locale":"es_MX","og_type":"article","og_title":"Kit de Inspecci\u00f3n PosiTector 6000 - Abaa tienda online","og_description":"Kit de Inspecci\u00f3n PosiTector El juego de herramientas que habilita al inspector de recubrimientos de las herramientas mas efectivas para la inspecci\u00f3n de recubrimientos en campo: Una consola PosiTector Est\u00e1ndar, una sonda PosiTector 6000 modelo \"FN\" para la funci\u00f3n de medidor de espesor de pel\u00edcula seca sobre sustrato ferroso (sin cable), una sonda PosiTector DPM para la funci\u00f3n de medici\u00f3n de punto de roc\u00edo y propiedades del ambiente y finalmente una sonda PosiTector SPG medidor de perfil de anclaje. Este bulto de equipos le dejar\u00e1 al usuario medir los par\u00e1metros cr\u00edticos antes a lo largo de y tras el las apps de revestimientos no-magn\u00e9ticos aplicados en sustratos de Acero, fierro gris, etc.  Caracter\u00edsticas Principales:  Almacena 250 lecturas en 1 carpeta. Transferencia de datos v\u00eda USB a una computadora o lap top Produzca reportes f\u00e1cilmente de sus datos medidos en segundos. Exporte sus datos a la suite de datos PosiSoft Desktop o sincron\u00edcelos en la nube empleando PosiSoft.net donde conseguir\u00e1 opciones de reporteo y almacenaje adicionales. Seleccione entre una pluralidad de sondas para diferentes apps Apps : Va a poder medir todo tipo de revestimientos no magn\u00e9ticos aplicados en superficies ferrosas en el \u00e1rea de manufactura, mantenimiento , restauraci\u00f3n, y tambi\u00e9n inspecci\u00f3n de calidad de las operaciones de acabados y en el laboratorio de pintura. Equipo se conforme con las normas de todo el mundo ISO 2178\/2360\/2808, ISO 19840, ASTM B499\/D1186\/ D1400\/D7091\/E376\/G12, BS3900-C5, SSPC-PA2 y otras.  Dimensiones y peso: 159 x 61 x 31 mm, Peso: 150 gramos.  Contenido de la Caja: Una consola PosiTector Est\u00e1ndar, una sonda PosiTector 6000 modelo \"FN\" medidor de espesor de pel\u00edcula seca sobre sustrato ferroso (sin cable), una sonda PosiTector DPM para la funci\u00f3n de medici\u00f3n de punto de roc\u00edo y propiedades del ambiente , una sonda PosiTector SPG medidor de perfil de anclaje. Accesorios incluidos: juego de 5 laminas de verificaci\u00f3n de precisi\u00f3n, l\u00e1minas de verificaci\u00f3n a cero y 3 mils para perfil de anclaje, clip para cintur\u00f3n, correa para la mano, 3 pilas \"AAA\" instaladas, 3 manuales de operaci\u00f3n, malet\u00edn de pl\u00e1stico, una mica protectora de pantalla, 3 Certificados de medici\u00f3n (uno por cada sonda) trazable al NIST emitido por el fabricante.","og_url":"https:\/\/abaa.mx\/tienda\/kit-de-inspeccion-positector-6000\/","og_site_name":"Abaa tienda online","article_modified_time":"2023-11-06T16:22:55+00:00","og_image":[{"width":669,"height":386,"url":"https:\/\/abaa.mx\/tienda\/wp-content\/uploads\/2023\/11\/POSITECTOR-6000.jpg","type":"image\/jpeg"}],"twitter_card":"summary_large_image","twitter_misc":{"Tiempo de lectura":"1 minuto"},"schema":{"@context":"https:\/\/schema.org","@graph":[{"@type":"WebPage","@id":"https:\/\/abaa.mx\/tienda\/kit-de-inspeccion-positector-6000\/","url":"https:\/\/abaa.mx\/tienda\/kit-de-inspeccion-positector-6000\/","name":"Kit de Inspecci\u00f3n PosiTector 6000 - Abaa tienda online","isPartOf":{"@id":"https:\/\/abaa.mx\/tienda\/#website"},"primaryImageOfPage":{"@id":"https:\/\/abaa.mx\/tienda\/kit-de-inspeccion-positector-6000\/#primaryimage"},"image":{"@id":"https:\/\/abaa.mx\/tienda\/kit-de-inspeccion-positector-6000\/#primaryimage"},"thumbnailUrl":"https:\/\/abaa.mx\/tienda\/wp-content\/uploads\/2023\/11\/POSITECTOR-6000.jpg","datePublished":"2023-11-06T16:08:17+00:00","dateModified":"2023-11-06T16:22:55+00:00","breadcrumb":{"@id":"https:\/\/abaa.mx\/tienda\/kit-de-inspeccion-positector-6000\/#breadcrumb"},"inLanguage":"es","potentialAction":[{"@type":"ReadAction","target":["https:\/\/abaa.mx\/tienda\/kit-de-inspeccion-positector-6000\/"]}]},{"@type":"ImageObject","inLanguage":"es","@id":"https:\/\/abaa.mx\/tienda\/kit-de-inspeccion-positector-6000\/#primaryimage","url":"https:\/\/abaa.mx\/tienda\/wp-content\/uploads\/2023\/11\/POSITECTOR-6000.jpg","contentUrl":"https:\/\/abaa.mx\/tienda\/wp-content\/uploads\/2023\/11\/POSITECTOR-6000.jpg","width":669,"height":386,"caption":"POSITECTOR-6000"},{"@type":"BreadcrumbList","@id":"https:\/\/abaa.mx\/tienda\/kit-de-inspeccion-positector-6000\/#breadcrumb","itemListElement":[{"@type":"ListItem","position":1,"name":"Inicio","item":"https:\/\/abaa.mx\/tienda\/"},{"@type":"ListItem","position":2,"name":"Tienda","item":"https:\/\/abaa.mx\/tienda\/"},{"@type":"ListItem","position":3,"name":"Kit de Inspecci\u00f3n PosiTector 6000"}]},{"@type":"WebSite","@id":"https:\/\/abaa.mx\/tienda\/#website","url":"https:\/\/abaa.mx\/tienda\/","name":"Abaa tienda online","description":"Instrumentos de medici\u00f3n","publisher":{"@id":"https:\/\/abaa.mx\/tienda\/#organization"},"potentialAction":[{"@type":"SearchAction","target":{"@type":"EntryPoint","urlTemplate":"https:\/\/abaa.mx\/tienda\/?s={search_term_string}"},"query-input":{"@type":"PropertyValueSpecification","valueRequired":true,"valueName":"search_term_string"}}],"inLanguage":"es"},{"@type":"Organization","@id":"https:\/\/abaa.mx\/tienda\/#organization","name":"Abaa tienda online","url":"https:\/\/abaa.mx\/tienda\/","logo":{"@type":"ImageObject","inLanguage":"es","@id":"https:\/\/abaa.mx\/tienda\/#\/schema\/logo\/image\/","url":"https:\/\/abaa.mx\/tienda\/wp-content\/uploads\/2024\/01\/abaa-metrologia-tienda.png","contentUrl":"https:\/\/abaa.mx\/tienda\/wp-content\/uploads\/2024\/01\/abaa-metrologia-tienda.png","width":300,"height":141,"caption":"Abaa tienda online"},"image":{"@id":"https:\/\/abaa.mx\/tienda\/#\/schema\/logo\/image\/"}}]}},"_links":{"self":[{"href":"https:\/\/abaa.mx\/tienda\/wp-json\/wp\/v2\/product\/8540","targetHints":{"allow":["GET"]}}],"collection":[{"href":"https:\/\/abaa.mx\/tienda\/wp-json\/wp\/v2\/product"}],"about":[{"href":"https:\/\/abaa.mx\/tienda\/wp-json\/wp\/v2\/types\/product"}],"replies":[{"embeddable":true,"href":"https:\/\/abaa.mx\/tienda\/wp-json\/wp\/v2\/comments?post=8540"}],"wp:featuredmedia":[{"embeddable":true,"href":"https:\/\/abaa.mx\/tienda\/wp-json\/wp\/v2\/media\/8541"}],"wp:attachment":[{"href":"https:\/\/abaa.mx\/tienda\/wp-json\/wp\/v2\/media?parent=8540"}],"wp:term":[{"taxonomy":"product_brand","embeddable":true,"href":"https:\/\/abaa.mx\/tienda\/wp-json\/wp\/v2\/product_brand?post=8540"},{"taxonomy":"product_cat","embeddable":true,"href":"https:\/\/abaa.mx\/tienda\/wp-json\/wp\/v2\/product_cat?post=8540"},{"taxonomy":"product_tag","embeddable":true,"href":"https:\/\/abaa.mx\/tienda\/wp-json\/wp\/v2\/product_tag?post=8540"}],"curies":[{"name":"wp","href":"https:\/\/api.w.org\/{rel}","templated":true}]}}