{"id":8532,"date":"2023-11-06T15:14:07","date_gmt":"2023-11-06T15:14:07","guid":{"rendered":"https:\/\/abaa.mx\/tienda\/?post_type=product&#038;p=8532"},"modified":"2023-11-06T15:14:08","modified_gmt":"2023-11-06T15:14:08","slug":"medidor-de-espesor-de-placa-positector-utg-2","status":"publish","type":"product","link":"https:\/\/abaa.mx\/tienda\/medidor-de-espesor-de-placa-positector-utg-2\/","title":{"rendered":"Medidor de Espesor de Placa Positector UTG"},"content":{"rendered":"<p>Medidor de Espesor de Placa Positector UTG<\/p>\n","protected":false},"excerpt":{"rendered":"<p>El PosiTector UTG es un Medidor Ultras\u00f3nico de espesor de pared con sonda para Corrosion que tiene la capacidad de medir de manera no destructora el espesor de paredes de materiales como acero, pl\u00e1stico y mucho m\u00e1s.<\/p>\n<p><b>Caracteristicas principales:<\/b><\/p>\n<ul>\n<li>Scan-A con ganancia ajustable y captura de pantalla. Scan-B que despliega una imagen semejante a un corte transversal del material que se evalua.<\/li>\n<li>Para trabajos en interiores y exteriores, resitente salpicaduras de solvente, \u00e1cido, aceite, y polvo.<\/li>\n<li>Despliega en pantalla de manera continua la cantidad de lecturas, el promedio, la desviaci\u00f3n est\u00e1ndar, lecturas m\u00e1xima y m\u00ednima de una secuencia de pruebas.<\/li>\n<li>Compatible con diferentes sondas opcionales, para realizar otros trabajos seleccione entre una variedad de sondas para diferentes aplicaciones<\/li>\n<li>Almacena 100,000 lecturas en hasta 1,000 carpetas. Transferencia de datos via USB, WiFi y Bluetooth a una computadora o lap top Genere reportes facilmente de sus datos medidos en segundos. Grafica datos a tiempo real con incorporacion de imagenes y notas al reporte desde la pantalla del equipo.<\/li>\n<li>Exporte sus datos a la suite de datos PosiSoft Desktop o sincronicelos en la nube usando PosiSoft.net donde obtendr\u00e1 opciones de reporteo y almacenanmiento adicionales. Exporte datos a tabletas y celulares.<\/li>\n<\/ul>\n<p><b>Aplicaciones:<\/b><\/p>\n<ul>\n<li>Esta indicado para evaluar grados de corrosion o erosion en tanques, tuberias y ductos o dem\u00e1s aplicaciones donde la medicion es posible unicamente desde el exterior o es alcanzable solo en un extremo de la pieza de trabajo.<\/li>\n<li>Equipo conforme con las normas internacionales ASTM E797.<\/li>\n<\/ul>\n<p><b>Especificaciones T\u00e9cnicas:<\/b><\/p>\n<ul>\n<li>Resoluci\u00f3n: 0.01 mm ( 0.001&#8243;).<\/li>\n<li>Unidades de medici\u00f3n: Milimetros (mm) y pulgadas (mils).<\/li>\n<li>Condiciones de Operaci\u00f3n: Temperatura 0\u00b0 a 50\u00b0C.<\/li>\n<li>Precisi\u00f3n: +\/\u2013 0.03 mm (+\/\u2013 0.001&#8243;).<\/li>\n<li>Rango: 1.00 to 125.00 mm (0.040&#8243; to 5.000&#8243;).<\/li>\n<\/ul>\n<p>&nbsp;<\/p>\n","protected":false},"featured_media":8534,"comment_status":"open","ping_status":"closed","template":"","meta":{"_joinchat":[]},"product_brand":[],"product_cat":[111],"product_tag":[],"class_list":{"0":"post-8532","1":"product","2":"type-product","3":"status-publish","4":"has-post-thumbnail","6":"product_cat-medidores-de-espesor","8":"first","9":"instock","10":"shipping-taxable","11":"product-type-simple"},"yoast_head":"<!-- This site is optimized with the Yoast SEO plugin v26.4 - https:\/\/yoast.com\/wordpress\/plugins\/seo\/ -->\n<title>Medidor de Espesor de Placa Positector UTG - Abaa tienda online<\/title>\n<meta name=\"robots\" content=\"index, follow, max-snippet:-1, max-image-preview:large, max-video-preview:-1\" \/>\n<link rel=\"canonical\" href=\"https:\/\/abaa.mx\/tienda\/medidor-de-espesor-de-placa-positector-utg-2\/\" \/>\n<meta property=\"og:locale\" content=\"es_MX\" \/>\n<meta property=\"og:type\" content=\"article\" \/>\n<meta property=\"og:title\" content=\"Medidor de Espesor de Placa Positector UTG - Abaa tienda online\" \/>\n<meta property=\"og:description\" content=\"El PosiTector UTG es un Medidor Ultras\u00f3nico de espesor de pared con sonda para Corrosion que tiene la capacidad de medir de manera no destructora el espesor de paredes de materiales como acero, pl\u00e1stico y mucho m\u00e1s.  Caracteristicas principales:   Scan-A con ganancia ajustable y captura de pantalla. Scan-B que despliega una imagen semejante a un corte transversal del material que se evalua.  Para trabajos en interiores y exteriores, resitente salpicaduras de solvente, \u00e1cido, aceite, y polvo.  Despliega en pantalla de manera continua la cantidad de lecturas, el promedio, la desviaci\u00f3n est\u00e1ndar, lecturas m\u00e1xima y m\u00ednima de una secuencia de pruebas.  Compatible con diferentes sondas opcionales, para realizar otros trabajos seleccione entre una variedad de sondas para diferentes aplicaciones  Almacena 100,000 lecturas en hasta 1,000 carpetas. Transferencia de datos via USB, WiFi y Bluetooth a una computadora o lap top Genere reportes facilmente de sus datos medidos en segundos. Grafica datos a tiempo real con incorporacion de imagenes y notas al reporte desde la pantalla del equipo.  Exporte sus datos a la suite de datos PosiSoft Desktop o sincronicelos en la nube usando PosiSoft.net donde obtendr\u00e1 opciones de reporteo y almacenanmiento adicionales. Exporte datos a tabletas y celulares.  Aplicaciones:   Esta indicado para evaluar grados de corrosion o erosion en tanques, tuberias y ductos o dem\u00e1s aplicaciones donde la medicion es posible unicamente desde el exterior o es alcanzable solo en un extremo de la pieza de trabajo.  Equipo conforme con las normas internacionales ASTM E797.  Especificaciones T\u00e9cnicas:   Resoluci\u00f3n: 0.01 mm ( 0.001&quot;).  Unidades de medici\u00f3n: Milimetros (mm) y pulgadas (mils).  Condiciones de Operaci\u00f3n: Temperatura 0\u00b0 a 50\u00b0C.  Precisi\u00f3n: +\/\u2013 0.03 mm (+\/\u2013 0.001&quot;).  Rango: 1.00 to 125.00 mm (0.040&quot; to 5.000&quot;).  &nbsp;\" \/>\n<meta property=\"og:url\" content=\"https:\/\/abaa.mx\/tienda\/medidor-de-espesor-de-placa-positector-utg-2\/\" \/>\n<meta property=\"og:site_name\" content=\"Abaa tienda online\" \/>\n<meta property=\"article:modified_time\" content=\"2023-11-06T15:14:08+00:00\" \/>\n<meta property=\"og:image\" content=\"https:\/\/abaa.mx\/tienda\/wp-content\/uploads\/2023\/11\/DEFELSKO-UTG-2.jpg\" \/>\n\t<meta property=\"og:image:width\" content=\"768\" \/>\n\t<meta property=\"og:image:height\" content=\"750\" \/>\n\t<meta property=\"og:image:type\" content=\"image\/jpeg\" \/>\n<meta name=\"twitter:card\" content=\"summary_large_image\" \/>\n<meta name=\"twitter:label1\" content=\"Tiempo de lectura\" \/>\n\t<meta name=\"twitter:data1\" content=\"1 minuto\" \/>\n<script type=\"application\/ld+json\" class=\"yoast-schema-graph\">{\"@context\":\"https:\/\/schema.org\",\"@graph\":[{\"@type\":\"WebPage\",\"@id\":\"https:\/\/abaa.mx\/tienda\/medidor-de-espesor-de-placa-positector-utg-2\/\",\"url\":\"https:\/\/abaa.mx\/tienda\/medidor-de-espesor-de-placa-positector-utg-2\/\",\"name\":\"Medidor de Espesor de Placa Positector UTG - Abaa tienda online\",\"isPartOf\":{\"@id\":\"https:\/\/abaa.mx\/tienda\/#website\"},\"primaryImageOfPage\":{\"@id\":\"https:\/\/abaa.mx\/tienda\/medidor-de-espesor-de-placa-positector-utg-2\/#primaryimage\"},\"image\":{\"@id\":\"https:\/\/abaa.mx\/tienda\/medidor-de-espesor-de-placa-positector-utg-2\/#primaryimage\"},\"thumbnailUrl\":\"https:\/\/abaa.mx\/tienda\/wp-content\/uploads\/2023\/11\/DEFELSKO-UTG-2.jpg\",\"datePublished\":\"2023-11-06T15:14:07+00:00\",\"dateModified\":\"2023-11-06T15:14:08+00:00\",\"breadcrumb\":{\"@id\":\"https:\/\/abaa.mx\/tienda\/medidor-de-espesor-de-placa-positector-utg-2\/#breadcrumb\"},\"inLanguage\":\"es\",\"potentialAction\":[{\"@type\":\"ReadAction\",\"target\":[\"https:\/\/abaa.mx\/tienda\/medidor-de-espesor-de-placa-positector-utg-2\/\"]}]},{\"@type\":\"ImageObject\",\"inLanguage\":\"es\",\"@id\":\"https:\/\/abaa.mx\/tienda\/medidor-de-espesor-de-placa-positector-utg-2\/#primaryimage\",\"url\":\"https:\/\/abaa.mx\/tienda\/wp-content\/uploads\/2023\/11\/DEFELSKO-UTG-2.jpg\",\"contentUrl\":\"https:\/\/abaa.mx\/tienda\/wp-content\/uploads\/2023\/11\/DEFELSKO-UTG-2.jpg\",\"width\":768,\"height\":750,\"caption\":\"DEFELSKO-UTG\"},{\"@type\":\"BreadcrumbList\",\"@id\":\"https:\/\/abaa.mx\/tienda\/medidor-de-espesor-de-placa-positector-utg-2\/#breadcrumb\",\"itemListElement\":[{\"@type\":\"ListItem\",\"position\":1,\"name\":\"Inicio\",\"item\":\"https:\/\/abaa.mx\/tienda\/\"},{\"@type\":\"ListItem\",\"position\":2,\"name\":\"Tienda\",\"item\":\"https:\/\/abaa.mx\/tienda\/\"},{\"@type\":\"ListItem\",\"position\":3,\"name\":\"Medidor de Espesor de Placa Positector UTG\"}]},{\"@type\":\"WebSite\",\"@id\":\"https:\/\/abaa.mx\/tienda\/#website\",\"url\":\"https:\/\/abaa.mx\/tienda\/\",\"name\":\"Abaa tienda online\",\"description\":\"Instrumentos de medici\u00f3n\",\"publisher\":{\"@id\":\"https:\/\/abaa.mx\/tienda\/#organization\"},\"potentialAction\":[{\"@type\":\"SearchAction\",\"target\":{\"@type\":\"EntryPoint\",\"urlTemplate\":\"https:\/\/abaa.mx\/tienda\/?s={search_term_string}\"},\"query-input\":{\"@type\":\"PropertyValueSpecification\",\"valueRequired\":true,\"valueName\":\"search_term_string\"}}],\"inLanguage\":\"es\"},{\"@type\":\"Organization\",\"@id\":\"https:\/\/abaa.mx\/tienda\/#organization\",\"name\":\"Abaa tienda online\",\"url\":\"https:\/\/abaa.mx\/tienda\/\",\"logo\":{\"@type\":\"ImageObject\",\"inLanguage\":\"es\",\"@id\":\"https:\/\/abaa.mx\/tienda\/#\/schema\/logo\/image\/\",\"url\":\"https:\/\/abaa.mx\/tienda\/wp-content\/uploads\/2024\/01\/abaa-metrologia-tienda.png\",\"contentUrl\":\"https:\/\/abaa.mx\/tienda\/wp-content\/uploads\/2024\/01\/abaa-metrologia-tienda.png\",\"width\":300,\"height\":141,\"caption\":\"Abaa tienda online\"},\"image\":{\"@id\":\"https:\/\/abaa.mx\/tienda\/#\/schema\/logo\/image\/\"}}]}<\/script>\n<!-- \/ Yoast SEO plugin. -->","yoast_head_json":{"title":"Medidor de Espesor de Placa Positector UTG - Abaa tienda online","robots":{"index":"index","follow":"follow","max-snippet":"max-snippet:-1","max-image-preview":"max-image-preview:large","max-video-preview":"max-video-preview:-1"},"canonical":"https:\/\/abaa.mx\/tienda\/medidor-de-espesor-de-placa-positector-utg-2\/","og_locale":"es_MX","og_type":"article","og_title":"Medidor de Espesor de Placa Positector UTG - Abaa tienda online","og_description":"El PosiTector UTG es un Medidor Ultras\u00f3nico de espesor de pared con sonda para Corrosion que tiene la capacidad de medir de manera no destructora el espesor de paredes de materiales como acero, pl\u00e1stico y mucho m\u00e1s.  Caracteristicas principales:   Scan-A con ganancia ajustable y captura de pantalla. Scan-B que despliega una imagen semejante a un corte transversal del material que se evalua.  Para trabajos en interiores y exteriores, resitente salpicaduras de solvente, \u00e1cido, aceite, y polvo.  Despliega en pantalla de manera continua la cantidad de lecturas, el promedio, la desviaci\u00f3n est\u00e1ndar, lecturas m\u00e1xima y m\u00ednima de una secuencia de pruebas.  Compatible con diferentes sondas opcionales, para realizar otros trabajos seleccione entre una variedad de sondas para diferentes aplicaciones  Almacena 100,000 lecturas en hasta 1,000 carpetas. Transferencia de datos via USB, WiFi y Bluetooth a una computadora o lap top Genere reportes facilmente de sus datos medidos en segundos. Grafica datos a tiempo real con incorporacion de imagenes y notas al reporte desde la pantalla del equipo.  Exporte sus datos a la suite de datos PosiSoft Desktop o sincronicelos en la nube usando PosiSoft.net donde obtendr\u00e1 opciones de reporteo y almacenanmiento adicionales. Exporte datos a tabletas y celulares.  Aplicaciones:   Esta indicado para evaluar grados de corrosion o erosion en tanques, tuberias y ductos o dem\u00e1s aplicaciones donde la medicion es posible unicamente desde el exterior o es alcanzable solo en un extremo de la pieza de trabajo.  Equipo conforme con las normas internacionales ASTM E797.  Especificaciones T\u00e9cnicas:   Resoluci\u00f3n: 0.01 mm ( 0.001\").  Unidades de medici\u00f3n: Milimetros (mm) y pulgadas (mils).  Condiciones de Operaci\u00f3n: Temperatura 0\u00b0 a 50\u00b0C.  Precisi\u00f3n: +\/\u2013 0.03 mm (+\/\u2013 0.001\").  Rango: 1.00 to 125.00 mm (0.040\" to 5.000\").  &nbsp;","og_url":"https:\/\/abaa.mx\/tienda\/medidor-de-espesor-de-placa-positector-utg-2\/","og_site_name":"Abaa tienda online","article_modified_time":"2023-11-06T15:14:08+00:00","og_image":[{"width":768,"height":750,"url":"https:\/\/abaa.mx\/tienda\/wp-content\/uploads\/2023\/11\/DEFELSKO-UTG-2.jpg","type":"image\/jpeg"}],"twitter_card":"summary_large_image","twitter_misc":{"Tiempo de lectura":"1 minuto"},"schema":{"@context":"https:\/\/schema.org","@graph":[{"@type":"WebPage","@id":"https:\/\/abaa.mx\/tienda\/medidor-de-espesor-de-placa-positector-utg-2\/","url":"https:\/\/abaa.mx\/tienda\/medidor-de-espesor-de-placa-positector-utg-2\/","name":"Medidor de Espesor de Placa Positector UTG - Abaa tienda online","isPartOf":{"@id":"https:\/\/abaa.mx\/tienda\/#website"},"primaryImageOfPage":{"@id":"https:\/\/abaa.mx\/tienda\/medidor-de-espesor-de-placa-positector-utg-2\/#primaryimage"},"image":{"@id":"https:\/\/abaa.mx\/tienda\/medidor-de-espesor-de-placa-positector-utg-2\/#primaryimage"},"thumbnailUrl":"https:\/\/abaa.mx\/tienda\/wp-content\/uploads\/2023\/11\/DEFELSKO-UTG-2.jpg","datePublished":"2023-11-06T15:14:07+00:00","dateModified":"2023-11-06T15:14:08+00:00","breadcrumb":{"@id":"https:\/\/abaa.mx\/tienda\/medidor-de-espesor-de-placa-positector-utg-2\/#breadcrumb"},"inLanguage":"es","potentialAction":[{"@type":"ReadAction","target":["https:\/\/abaa.mx\/tienda\/medidor-de-espesor-de-placa-positector-utg-2\/"]}]},{"@type":"ImageObject","inLanguage":"es","@id":"https:\/\/abaa.mx\/tienda\/medidor-de-espesor-de-placa-positector-utg-2\/#primaryimage","url":"https:\/\/abaa.mx\/tienda\/wp-content\/uploads\/2023\/11\/DEFELSKO-UTG-2.jpg","contentUrl":"https:\/\/abaa.mx\/tienda\/wp-content\/uploads\/2023\/11\/DEFELSKO-UTG-2.jpg","width":768,"height":750,"caption":"DEFELSKO-UTG"},{"@type":"BreadcrumbList","@id":"https:\/\/abaa.mx\/tienda\/medidor-de-espesor-de-placa-positector-utg-2\/#breadcrumb","itemListElement":[{"@type":"ListItem","position":1,"name":"Inicio","item":"https:\/\/abaa.mx\/tienda\/"},{"@type":"ListItem","position":2,"name":"Tienda","item":"https:\/\/abaa.mx\/tienda\/"},{"@type":"ListItem","position":3,"name":"Medidor de Espesor de Placa Positector UTG"}]},{"@type":"WebSite","@id":"https:\/\/abaa.mx\/tienda\/#website","url":"https:\/\/abaa.mx\/tienda\/","name":"Abaa tienda online","description":"Instrumentos de medici\u00f3n","publisher":{"@id":"https:\/\/abaa.mx\/tienda\/#organization"},"potentialAction":[{"@type":"SearchAction","target":{"@type":"EntryPoint","urlTemplate":"https:\/\/abaa.mx\/tienda\/?s={search_term_string}"},"query-input":{"@type":"PropertyValueSpecification","valueRequired":true,"valueName":"search_term_string"}}],"inLanguage":"es"},{"@type":"Organization","@id":"https:\/\/abaa.mx\/tienda\/#organization","name":"Abaa tienda online","url":"https:\/\/abaa.mx\/tienda\/","logo":{"@type":"ImageObject","inLanguage":"es","@id":"https:\/\/abaa.mx\/tienda\/#\/schema\/logo\/image\/","url":"https:\/\/abaa.mx\/tienda\/wp-content\/uploads\/2024\/01\/abaa-metrologia-tienda.png","contentUrl":"https:\/\/abaa.mx\/tienda\/wp-content\/uploads\/2024\/01\/abaa-metrologia-tienda.png","width":300,"height":141,"caption":"Abaa tienda online"},"image":{"@id":"https:\/\/abaa.mx\/tienda\/#\/schema\/logo\/image\/"}}]}},"_links":{"self":[{"href":"https:\/\/abaa.mx\/tienda\/wp-json\/wp\/v2\/product\/8532","targetHints":{"allow":["GET"]}}],"collection":[{"href":"https:\/\/abaa.mx\/tienda\/wp-json\/wp\/v2\/product"}],"about":[{"href":"https:\/\/abaa.mx\/tienda\/wp-json\/wp\/v2\/types\/product"}],"replies":[{"embeddable":true,"href":"https:\/\/abaa.mx\/tienda\/wp-json\/wp\/v2\/comments?post=8532"}],"wp:featuredmedia":[{"embeddable":true,"href":"https:\/\/abaa.mx\/tienda\/wp-json\/wp\/v2\/media\/8534"}],"wp:attachment":[{"href":"https:\/\/abaa.mx\/tienda\/wp-json\/wp\/v2\/media?parent=8532"}],"wp:term":[{"taxonomy":"product_brand","embeddable":true,"href":"https:\/\/abaa.mx\/tienda\/wp-json\/wp\/v2\/product_brand?post=8532"},{"taxonomy":"product_cat","embeddable":true,"href":"https:\/\/abaa.mx\/tienda\/wp-json\/wp\/v2\/product_cat?post=8532"},{"taxonomy":"product_tag","embeddable":true,"href":"https:\/\/abaa.mx\/tienda\/wp-json\/wp\/v2\/product_tag?post=8532"}],"curies":[{"name":"wp","href":"https:\/\/api.w.org\/{rel}","templated":true}]}}