{"id":8530,"date":"2023-11-06T15:28:18","date_gmt":"2023-11-06T15:28:18","guid":{"rendered":"https:\/\/abaa.mx\/tienda\/?post_type=product&#038;p=8530"},"modified":"2023-12-04T15:52:40","modified_gmt":"2023-12-04T15:52:40","slug":"positector-200-medidor-de-espesores-de-recubrimiento-en-concreto-madera-plastico","status":"publish","type":"product","link":"https:\/\/abaa.mx\/tienda\/positector-200-medidor-de-espesores-de-recubrimiento-en-concreto-madera-plastico\/","title":{"rendered":"Positector 200 Medidor de Espesores de Recubrimiento en Concreto-Madera-Pl\u00e1stico"},"content":{"rendered":"<p>Positector 200 Medidor de Espesores de Recubrimiento en Concreto\/Madera\/Pl\u00e1stico.<\/p>\n","protected":false},"excerpt":{"rendered":"<p>El PosiTector DF-200-B1 es un equipo de ultrasonido dise\u00f1ado para medir espesor de revestimiento sobre superficies no met\u00e1licas como la madera y el pl\u00e1stico.<\/p>\n<p><b>Caracter\u00edsticas principales:<\/b><\/p>\n<p>Memoria para cien ,000 datos que se tienen la posibilidad de ordenar en pantalla de color reversible, software de reporteo gratis para Windows y Mac. El modelo adelantado da comunicaci\u00f3n por Bluetooth, wi-fi y cable USB. Acreciente su eficacia al poder administrar todos y cada uno de los datos de sus inspecciones en un solo instrumento.<\/p>\n<p><b>Aplicaciones:<\/b><\/p>\n<p>Mediciones de recubrimientos a base de pol\u00edmeros sobre madera, pl\u00e1stico, etc\u00e9tera. Se conforma a los est\u00e1ndares internacionales ASTM D6132 e ISO 2808. Dimensiones y peso: 135 x 61 x 28 mm, 140 g. Contenido de la Caja: Cuerpo Est\u00e1ndar (STD body), Sonda 200-B ultras\u00f3nica con cable, certificado de calibraci\u00f3n trazable por DeFelsko (No es ISO\/IEC 17025), gel ultras\u00f3nico, laminas de verificaci\u00f3n, clip para cintur\u00f3n, correa para mano, funda anti-impacto , estuche suave , cable USB y manual del usuario.<\/p>\n<p><b>Rango: <\/b>\u00a013 a 1000 ?m.<\/p>\n<p><b>Precisi\u00f3n:\u00a0 <\/b>+\/- (2 ?m + 3% de lectura); +\/- (0.1 mils + 3% de lectura).<\/p>\n<p><b>Condiciones de Operaci\u00f3n:\u00a0<\/b>Temperatura 0 to 40\u00b0C (+32\u00b0 to +104\u00b0F).<\/p>\n<p><b>Unidades de medici\u00f3n:<\/b> Micras (?m), Mil\u00e9simas de Pulgada (mils). El certificado de calibraci\u00f3n trazable al NIST que incluye el aparato es emitido por el laboratorio del desarrollador al momento de la fabricaci\u00f3n. Si requieres un certificado de medici\u00f3n emitido por un laboratorio de metrolog\u00eda acreditado ante la regla ISO\/IEC 17025 solic\u00edtalo a nuestro aparato de ventas.<\/p>\n","protected":false},"featured_media":8536,"comment_status":"open","ping_status":"closed","template":"","meta":{"_joinchat":[]},"product_brand":[],"product_cat":[111],"product_tag":[],"class_list":{"0":"post-8530","1":"product","2":"type-product","3":"status-publish","4":"has-post-thumbnail","6":"product_cat-medidores-de-espesor","8":"first","9":"instock","10":"shipping-taxable","11":"product-type-simple"},"yoast_head":"<!-- This site is optimized with the Yoast SEO plugin v26.4 - https:\/\/yoast.com\/wordpress\/plugins\/seo\/ -->\n<title>Positector 200 Medidor de Espesores de Recubrimiento en Concreto-Madera-Pl\u00e1stico - Abaa tienda online<\/title>\n<meta name=\"robots\" content=\"index, follow, max-snippet:-1, max-image-preview:large, max-video-preview:-1\" \/>\n<link rel=\"canonical\" href=\"https:\/\/abaa.mx\/tienda\/positector-200-medidor-de-espesores-de-recubrimiento-en-concreto-madera-plastico\/\" \/>\n<meta property=\"og:locale\" content=\"es_MX\" \/>\n<meta property=\"og:type\" content=\"article\" \/>\n<meta property=\"og:title\" content=\"Positector 200 Medidor de Espesores de Recubrimiento en Concreto-Madera-Pl\u00e1stico - Abaa tienda online\" \/>\n<meta property=\"og:description\" content=\"El PosiTector DF-200-B1 es un equipo de ultrasonido dise\u00f1ado para medir espesor de revestimiento sobre superficies no met\u00e1licas como la madera y el pl\u00e1stico.  Caracter\u00edsticas principales:  Memoria para cien ,000 datos que se tienen la posibilidad de ordenar en pantalla de color reversible, software de reporteo gratis para Windows y Mac. El modelo adelantado da comunicaci\u00f3n por Bluetooth, wi-fi y cable USB. Acreciente su eficacia al poder administrar todos y cada uno de los datos de sus inspecciones en un solo instrumento.  Aplicaciones:  Mediciones de recubrimientos a base de pol\u00edmeros sobre madera, pl\u00e1stico, etc\u00e9tera. Se conforma a los est\u00e1ndares internacionales ASTM D6132 e ISO 2808. Dimensiones y peso: 135 x 61 x 28 mm, 140 g. Contenido de la Caja: Cuerpo Est\u00e1ndar (STD body), Sonda 200-B ultras\u00f3nica con cable, certificado de calibraci\u00f3n trazable por DeFelsko (No es ISO\/IEC 17025), gel ultras\u00f3nico, laminas de verificaci\u00f3n, clip para cintur\u00f3n, correa para mano, funda anti-impacto , estuche suave , cable USB y manual del usuario.  Rango: \u00a013 a 1000 ?m.  Precisi\u00f3n:\u00a0 +\/- (2 ?m + 3% de lectura); +\/- (0.1 mils + 3% de lectura).  Condiciones de Operaci\u00f3n:\u00a0Temperatura 0 to 40\u00b0C (+32\u00b0 to +104\u00b0F).  Unidades de medici\u00f3n: Micras (?m), Mil\u00e9simas de Pulgada (mils). El certificado de calibraci\u00f3n trazable al NIST que incluye el aparato es emitido por el laboratorio del desarrollador al momento de la fabricaci\u00f3n. Si requieres un certificado de medici\u00f3n emitido por un laboratorio de metrolog\u00eda acreditado ante la regla ISO\/IEC 17025 solic\u00edtalo a nuestro aparato de ventas.\" \/>\n<meta property=\"og:url\" content=\"https:\/\/abaa.mx\/tienda\/positector-200-medidor-de-espesores-de-recubrimiento-en-concreto-madera-plastico\/\" \/>\n<meta property=\"og:site_name\" content=\"Abaa tienda online\" \/>\n<meta property=\"article:modified_time\" content=\"2023-12-04T15:52:40+00:00\" \/>\n<meta property=\"og:image\" content=\"https:\/\/abaa.mx\/tienda\/wp-content\/uploads\/2023\/11\/POSITECTOR-CONCRETO-MADERA-PLASTICO.jpg\" \/>\n\t<meta property=\"og:image:width\" content=\"279\" \/>\n\t<meta property=\"og:image:height\" content=\"563\" \/>\n\t<meta property=\"og:image:type\" content=\"image\/jpeg\" \/>\n<meta name=\"twitter:card\" content=\"summary_large_image\" \/>\n<meta name=\"twitter:label1\" content=\"Tiempo de lectura\" \/>\n\t<meta name=\"twitter:data1\" content=\"1 minuto\" \/>\n<script type=\"application\/ld+json\" class=\"yoast-schema-graph\">{\"@context\":\"https:\/\/schema.org\",\"@graph\":[{\"@type\":\"WebPage\",\"@id\":\"https:\/\/abaa.mx\/tienda\/positector-200-medidor-de-espesores-de-recubrimiento-en-concreto-madera-plastico\/\",\"url\":\"https:\/\/abaa.mx\/tienda\/positector-200-medidor-de-espesores-de-recubrimiento-en-concreto-madera-plastico\/\",\"name\":\"Positector 200 Medidor de Espesores de Recubrimiento en Concreto-Madera-Pl\u00e1stico - Abaa tienda online\",\"isPartOf\":{\"@id\":\"https:\/\/abaa.mx\/tienda\/#website\"},\"primaryImageOfPage\":{\"@id\":\"https:\/\/abaa.mx\/tienda\/positector-200-medidor-de-espesores-de-recubrimiento-en-concreto-madera-plastico\/#primaryimage\"},\"image\":{\"@id\":\"https:\/\/abaa.mx\/tienda\/positector-200-medidor-de-espesores-de-recubrimiento-en-concreto-madera-plastico\/#primaryimage\"},\"thumbnailUrl\":\"https:\/\/abaa.mx\/tienda\/wp-content\/uploads\/2023\/11\/POSITECTOR-CONCRETO-MADERA-PLASTICO.jpg\",\"datePublished\":\"2023-11-06T15:28:18+00:00\",\"dateModified\":\"2023-12-04T15:52:40+00:00\",\"breadcrumb\":{\"@id\":\"https:\/\/abaa.mx\/tienda\/positector-200-medidor-de-espesores-de-recubrimiento-en-concreto-madera-plastico\/#breadcrumb\"},\"inLanguage\":\"es\",\"potentialAction\":[{\"@type\":\"ReadAction\",\"target\":[\"https:\/\/abaa.mx\/tienda\/positector-200-medidor-de-espesores-de-recubrimiento-en-concreto-madera-plastico\/\"]}]},{\"@type\":\"ImageObject\",\"inLanguage\":\"es\",\"@id\":\"https:\/\/abaa.mx\/tienda\/positector-200-medidor-de-espesores-de-recubrimiento-en-concreto-madera-plastico\/#primaryimage\",\"url\":\"https:\/\/abaa.mx\/tienda\/wp-content\/uploads\/2023\/11\/POSITECTOR-CONCRETO-MADERA-PLASTICO.jpg\",\"contentUrl\":\"https:\/\/abaa.mx\/tienda\/wp-content\/uploads\/2023\/11\/POSITECTOR-CONCRETO-MADERA-PLASTICO.jpg\",\"width\":279,\"height\":563,\"caption\":\"POSITECTOR-CONCRETO-MADERA- PLASTICO\"},{\"@type\":\"BreadcrumbList\",\"@id\":\"https:\/\/abaa.mx\/tienda\/positector-200-medidor-de-espesores-de-recubrimiento-en-concreto-madera-plastico\/#breadcrumb\",\"itemListElement\":[{\"@type\":\"ListItem\",\"position\":1,\"name\":\"Inicio\",\"item\":\"https:\/\/abaa.mx\/tienda\/\"},{\"@type\":\"ListItem\",\"position\":2,\"name\":\"Tienda\",\"item\":\"https:\/\/abaa.mx\/tienda\/\"},{\"@type\":\"ListItem\",\"position\":3,\"name\":\"Positector 200 Medidor de Espesores de Recubrimiento en Concreto-Madera-Pl\u00e1stico\"}]},{\"@type\":\"WebSite\",\"@id\":\"https:\/\/abaa.mx\/tienda\/#website\",\"url\":\"https:\/\/abaa.mx\/tienda\/\",\"name\":\"Abaa tienda online\",\"description\":\"Instrumentos de medici\u00f3n\",\"publisher\":{\"@id\":\"https:\/\/abaa.mx\/tienda\/#organization\"},\"potentialAction\":[{\"@type\":\"SearchAction\",\"target\":{\"@type\":\"EntryPoint\",\"urlTemplate\":\"https:\/\/abaa.mx\/tienda\/?s={search_term_string}\"},\"query-input\":{\"@type\":\"PropertyValueSpecification\",\"valueRequired\":true,\"valueName\":\"search_term_string\"}}],\"inLanguage\":\"es\"},{\"@type\":\"Organization\",\"@id\":\"https:\/\/abaa.mx\/tienda\/#organization\",\"name\":\"Abaa tienda online\",\"url\":\"https:\/\/abaa.mx\/tienda\/\",\"logo\":{\"@type\":\"ImageObject\",\"inLanguage\":\"es\",\"@id\":\"https:\/\/abaa.mx\/tienda\/#\/schema\/logo\/image\/\",\"url\":\"https:\/\/abaa.mx\/tienda\/wp-content\/uploads\/2024\/01\/abaa-metrologia-tienda.png\",\"contentUrl\":\"https:\/\/abaa.mx\/tienda\/wp-content\/uploads\/2024\/01\/abaa-metrologia-tienda.png\",\"width\":300,\"height\":141,\"caption\":\"Abaa tienda online\"},\"image\":{\"@id\":\"https:\/\/abaa.mx\/tienda\/#\/schema\/logo\/image\/\"}}]}<\/script>\n<!-- \/ Yoast SEO plugin. -->","yoast_head_json":{"title":"Positector 200 Medidor de Espesores de Recubrimiento en Concreto-Madera-Pl\u00e1stico - Abaa tienda online","robots":{"index":"index","follow":"follow","max-snippet":"max-snippet:-1","max-image-preview":"max-image-preview:large","max-video-preview":"max-video-preview:-1"},"canonical":"https:\/\/abaa.mx\/tienda\/positector-200-medidor-de-espesores-de-recubrimiento-en-concreto-madera-plastico\/","og_locale":"es_MX","og_type":"article","og_title":"Positector 200 Medidor de Espesores de Recubrimiento en Concreto-Madera-Pl\u00e1stico - Abaa tienda online","og_description":"El PosiTector DF-200-B1 es un equipo de ultrasonido dise\u00f1ado para medir espesor de revestimiento sobre superficies no met\u00e1licas como la madera y el pl\u00e1stico.  Caracter\u00edsticas principales:  Memoria para cien ,000 datos que se tienen la posibilidad de ordenar en pantalla de color reversible, software de reporteo gratis para Windows y Mac. El modelo adelantado da comunicaci\u00f3n por Bluetooth, wi-fi y cable USB. Acreciente su eficacia al poder administrar todos y cada uno de los datos de sus inspecciones en un solo instrumento.  Aplicaciones:  Mediciones de recubrimientos a base de pol\u00edmeros sobre madera, pl\u00e1stico, etc\u00e9tera. Se conforma a los est\u00e1ndares internacionales ASTM D6132 e ISO 2808. Dimensiones y peso: 135 x 61 x 28 mm, 140 g. Contenido de la Caja: Cuerpo Est\u00e1ndar (STD body), Sonda 200-B ultras\u00f3nica con cable, certificado de calibraci\u00f3n trazable por DeFelsko (No es ISO\/IEC 17025), gel ultras\u00f3nico, laminas de verificaci\u00f3n, clip para cintur\u00f3n, correa para mano, funda anti-impacto , estuche suave , cable USB y manual del usuario.  Rango: \u00a013 a 1000 ?m.  Precisi\u00f3n:\u00a0 +\/- (2 ?m + 3% de lectura); +\/- (0.1 mils + 3% de lectura).  Condiciones de Operaci\u00f3n:\u00a0Temperatura 0 to 40\u00b0C (+32\u00b0 to +104\u00b0F).  Unidades de medici\u00f3n: Micras (?m), Mil\u00e9simas de Pulgada (mils). El certificado de calibraci\u00f3n trazable al NIST que incluye el aparato es emitido por el laboratorio del desarrollador al momento de la fabricaci\u00f3n. Si requieres un certificado de medici\u00f3n emitido por un laboratorio de metrolog\u00eda acreditado ante la regla ISO\/IEC 17025 solic\u00edtalo a nuestro aparato de ventas.","og_url":"https:\/\/abaa.mx\/tienda\/positector-200-medidor-de-espesores-de-recubrimiento-en-concreto-madera-plastico\/","og_site_name":"Abaa tienda online","article_modified_time":"2023-12-04T15:52:40+00:00","og_image":[{"width":279,"height":563,"url":"https:\/\/abaa.mx\/tienda\/wp-content\/uploads\/2023\/11\/POSITECTOR-CONCRETO-MADERA-PLASTICO.jpg","type":"image\/jpeg"}],"twitter_card":"summary_large_image","twitter_misc":{"Tiempo de lectura":"1 minuto"},"schema":{"@context":"https:\/\/schema.org","@graph":[{"@type":"WebPage","@id":"https:\/\/abaa.mx\/tienda\/positector-200-medidor-de-espesores-de-recubrimiento-en-concreto-madera-plastico\/","url":"https:\/\/abaa.mx\/tienda\/positector-200-medidor-de-espesores-de-recubrimiento-en-concreto-madera-plastico\/","name":"Positector 200 Medidor de Espesores de Recubrimiento en Concreto-Madera-Pl\u00e1stico - Abaa tienda online","isPartOf":{"@id":"https:\/\/abaa.mx\/tienda\/#website"},"primaryImageOfPage":{"@id":"https:\/\/abaa.mx\/tienda\/positector-200-medidor-de-espesores-de-recubrimiento-en-concreto-madera-plastico\/#primaryimage"},"image":{"@id":"https:\/\/abaa.mx\/tienda\/positector-200-medidor-de-espesores-de-recubrimiento-en-concreto-madera-plastico\/#primaryimage"},"thumbnailUrl":"https:\/\/abaa.mx\/tienda\/wp-content\/uploads\/2023\/11\/POSITECTOR-CONCRETO-MADERA-PLASTICO.jpg","datePublished":"2023-11-06T15:28:18+00:00","dateModified":"2023-12-04T15:52:40+00:00","breadcrumb":{"@id":"https:\/\/abaa.mx\/tienda\/positector-200-medidor-de-espesores-de-recubrimiento-en-concreto-madera-plastico\/#breadcrumb"},"inLanguage":"es","potentialAction":[{"@type":"ReadAction","target":["https:\/\/abaa.mx\/tienda\/positector-200-medidor-de-espesores-de-recubrimiento-en-concreto-madera-plastico\/"]}]},{"@type":"ImageObject","inLanguage":"es","@id":"https:\/\/abaa.mx\/tienda\/positector-200-medidor-de-espesores-de-recubrimiento-en-concreto-madera-plastico\/#primaryimage","url":"https:\/\/abaa.mx\/tienda\/wp-content\/uploads\/2023\/11\/POSITECTOR-CONCRETO-MADERA-PLASTICO.jpg","contentUrl":"https:\/\/abaa.mx\/tienda\/wp-content\/uploads\/2023\/11\/POSITECTOR-CONCRETO-MADERA-PLASTICO.jpg","width":279,"height":563,"caption":"POSITECTOR-CONCRETO-MADERA- PLASTICO"},{"@type":"BreadcrumbList","@id":"https:\/\/abaa.mx\/tienda\/positector-200-medidor-de-espesores-de-recubrimiento-en-concreto-madera-plastico\/#breadcrumb","itemListElement":[{"@type":"ListItem","position":1,"name":"Inicio","item":"https:\/\/abaa.mx\/tienda\/"},{"@type":"ListItem","position":2,"name":"Tienda","item":"https:\/\/abaa.mx\/tienda\/"},{"@type":"ListItem","position":3,"name":"Positector 200 Medidor de Espesores de Recubrimiento en Concreto-Madera-Pl\u00e1stico"}]},{"@type":"WebSite","@id":"https:\/\/abaa.mx\/tienda\/#website","url":"https:\/\/abaa.mx\/tienda\/","name":"Abaa tienda online","description":"Instrumentos de medici\u00f3n","publisher":{"@id":"https:\/\/abaa.mx\/tienda\/#organization"},"potentialAction":[{"@type":"SearchAction","target":{"@type":"EntryPoint","urlTemplate":"https:\/\/abaa.mx\/tienda\/?s={search_term_string}"},"query-input":{"@type":"PropertyValueSpecification","valueRequired":true,"valueName":"search_term_string"}}],"inLanguage":"es"},{"@type":"Organization","@id":"https:\/\/abaa.mx\/tienda\/#organization","name":"Abaa tienda online","url":"https:\/\/abaa.mx\/tienda\/","logo":{"@type":"ImageObject","inLanguage":"es","@id":"https:\/\/abaa.mx\/tienda\/#\/schema\/logo\/image\/","url":"https:\/\/abaa.mx\/tienda\/wp-content\/uploads\/2024\/01\/abaa-metrologia-tienda.png","contentUrl":"https:\/\/abaa.mx\/tienda\/wp-content\/uploads\/2024\/01\/abaa-metrologia-tienda.png","width":300,"height":141,"caption":"Abaa tienda online"},"image":{"@id":"https:\/\/abaa.mx\/tienda\/#\/schema\/logo\/image\/"}}]}},"_links":{"self":[{"href":"https:\/\/abaa.mx\/tienda\/wp-json\/wp\/v2\/product\/8530","targetHints":{"allow":["GET"]}}],"collection":[{"href":"https:\/\/abaa.mx\/tienda\/wp-json\/wp\/v2\/product"}],"about":[{"href":"https:\/\/abaa.mx\/tienda\/wp-json\/wp\/v2\/types\/product"}],"replies":[{"embeddable":true,"href":"https:\/\/abaa.mx\/tienda\/wp-json\/wp\/v2\/comments?post=8530"}],"wp:featuredmedia":[{"embeddable":true,"href":"https:\/\/abaa.mx\/tienda\/wp-json\/wp\/v2\/media\/8536"}],"wp:attachment":[{"href":"https:\/\/abaa.mx\/tienda\/wp-json\/wp\/v2\/media?parent=8530"}],"wp:term":[{"taxonomy":"product_brand","embeddable":true,"href":"https:\/\/abaa.mx\/tienda\/wp-json\/wp\/v2\/product_brand?post=8530"},{"taxonomy":"product_cat","embeddable":true,"href":"https:\/\/abaa.mx\/tienda\/wp-json\/wp\/v2\/product_cat?post=8530"},{"taxonomy":"product_tag","embeddable":true,"href":"https:\/\/abaa.mx\/tienda\/wp-json\/wp\/v2\/product_tag?post=8530"}],"curies":[{"name":"wp","href":"https:\/\/api.w.org\/{rel}","templated":true}]}}