{"id":8526,"date":"2023-11-03T21:01:54","date_gmt":"2023-11-03T21:01:54","guid":{"rendered":"https:\/\/abaa.mx\/tienda\/?post_type=product&#038;p=8526"},"modified":"2024-01-26T17:30:57","modified_gmt":"2024-01-26T17:30:57","slug":"medidor-de-espesor-de-placa-positector-utg","status":"publish","type":"product","link":"https:\/\/abaa.mx\/tienda\/medidor-de-espesor-de-placa-positector-utg\/","title":{"rendered":"Tk430-ir \u2014 juego de multimetro ex430, pistola 42510amperimetro ma200, detector 40130"},"content":{"rendered":"<p>Mult\u00edmetro RMS (media cuadr\u00e1tica) verdadera, juego de pinza amperim\u00e9trica y juego de term\u00f3metro de infrarrojos Caracter\u00edsticas: Ideal para las pruebas el\u00e9ctricas, tales como la instalaci\u00f3n y reparaci\u00f3n de sistemas el\u00e9ctricos.<\/p>\n","protected":false},"excerpt":{"rendered":"<h3><strong>Mult\u00edmetro RMS (media cuadr\u00e1tica) verdadera, juego de pinza amperim\u00e9trica y juego de term\u00f3metro de infrarrojos<\/strong><\/h3>\n<p><strong>Caracter\u00edsticas<\/strong>:<\/p>\n<ul>\n<li>Ideal para las pruebas el\u00e9ctricas, tales como la instalaci\u00f3n y reparaci\u00f3n de sistemas el\u00e9ctricos, equipos de HVCA (calefacci\u00f3n, ventilaci\u00f3n y aire acondicionado) y artefactos de gran tama\u00f1o<\/li>\n<li>Incluye\u00a0<strong>EX430<\/strong>: Mult\u00edmetro de RMS (media cuadr\u00e1tica) verdadera con determinaci\u00f3n autom\u00e1tica del intervalo con 11 funciones<\/li>\n<li>Incluye\u00a0<strong>MA200<\/strong>: Pinza amperim\u00e9trica de 400\u00a0A con corriente de CA b\u00e1sica y resoluci\u00f3n de 1\u00a0mA<\/li>\n<li>Incluye\u00a0<strong>42510<\/strong>: Term\u00f3metro de infrarrojos (de -58 a 1000\u00a0\u00b0F\/de -50 a 538\u00a0\u00b0C) con puntero l\u00e1ser<\/li>\n<li>Incluye\u00a0<strong>40130<\/strong>: Detector de voltaje sin contacto (de 100\u00a0V a 600\u00a0V de CA)<\/li>\n<li>Incluye un conjunto de conductores de prueba y una sonda de temperatura tipo K de alambre reforzado<\/li>\n<li>Suministrado en un estuche port\u00e1til r\u00edgido de alta resistencia que brinda protecci\u00f3n y permite organizar los medidores y accesorios<\/li>\n<li>Dimensiones: 9.5&#215;6.8&#215;2.8 &#8220;(241x173x71mm).<\/li>\n<\/ul>\n","protected":false},"featured_media":10244,"comment_status":"open","ping_status":"closed","template":"","meta":{"_joinchat":[]},"product_brand":[],"product_cat":[111],"product_tag":[],"class_list":{"0":"post-8526","1":"product","2":"type-product","3":"status-publish","4":"has-post-thumbnail","6":"product_cat-medidores-de-espesor","8":"first","9":"instock","10":"shipping-taxable","11":"product-type-simple"},"yoast_head":"<!-- This site is optimized with the Yoast SEO plugin v26.4 - https:\/\/yoast.com\/wordpress\/plugins\/seo\/ -->\n<title>Tk430-ir \u2014 juego de multimetro ex430, pistola 42510amperimetro ma200, detector 40130 - Abaa tienda online<\/title>\n<meta name=\"robots\" content=\"index, follow, max-snippet:-1, max-image-preview:large, max-video-preview:-1\" \/>\n<link rel=\"canonical\" href=\"https:\/\/abaa.mx\/tienda\/medidor-de-espesor-de-placa-positector-utg\/\" \/>\n<meta property=\"og:locale\" content=\"es_MX\" \/>\n<meta property=\"og:type\" content=\"article\" \/>\n<meta property=\"og:title\" content=\"Tk430-ir \u2014 juego de multimetro ex430, pistola 42510amperimetro ma200, detector 40130 - Abaa tienda online\" \/>\n<meta property=\"og:description\" content=\"Mult\u00edmetro RMS (media cuadr\u00e1tica) verdadera, juego de pinza amperim\u00e9trica y juego de term\u00f3metro de infrarrojos Caracter\u00edsticas:   Ideal para las pruebas el\u00e9ctricas, tales como la instalaci\u00f3n y reparaci\u00f3n de sistemas el\u00e9ctricos, equipos de HVCA (calefacci\u00f3n, ventilaci\u00f3n y aire acondicionado) y artefactos de gran tama\u00f1o  Incluye\u00a0EX430: Mult\u00edmetro de RMS (media cuadr\u00e1tica) verdadera con determinaci\u00f3n autom\u00e1tica del intervalo con 11 funciones  Incluye\u00a0MA200: Pinza amperim\u00e9trica de 400\u00a0A con corriente de CA b\u00e1sica y resoluci\u00f3n de 1\u00a0mA  Incluye\u00a042510: Term\u00f3metro de infrarrojos (de -58 a 1000\u00a0\u00b0F\/de -50 a 538\u00a0\u00b0C) con puntero l\u00e1ser  Incluye\u00a040130: Detector de voltaje sin contacto (de 100\u00a0V a 600\u00a0V de CA)  Incluye un conjunto de conductores de prueba y una sonda de temperatura tipo K de alambre reforzado  Suministrado en un estuche port\u00e1til r\u00edgido de alta resistencia que brinda protecci\u00f3n y permite organizar los medidores y accesorios  Dimensiones: 9.5x6.8x2.8 &quot;(241x173x71mm).\" \/>\n<meta property=\"og:url\" content=\"https:\/\/abaa.mx\/tienda\/medidor-de-espesor-de-placa-positector-utg\/\" \/>\n<meta property=\"og:site_name\" content=\"Abaa tienda online\" \/>\n<meta property=\"article:modified_time\" content=\"2024-01-26T17:30:57+00:00\" \/>\n<meta property=\"og:image\" content=\"https:\/\/abaa.mx\/tienda\/wp-content\/uploads\/2023\/11\/EXTECH-TK430-IR.jpg\" \/>\n\t<meta property=\"og:image:width\" content=\"481\" \/>\n\t<meta property=\"og:image:height\" content=\"382\" \/>\n\t<meta property=\"og:image:type\" content=\"image\/jpeg\" \/>\n<meta name=\"twitter:card\" content=\"summary_large_image\" \/>\n<meta name=\"twitter:label1\" content=\"Tiempo de lectura\" \/>\n\t<meta name=\"twitter:data1\" content=\"1 minuto\" \/>\n<script type=\"application\/ld+json\" class=\"yoast-schema-graph\">{\"@context\":\"https:\/\/schema.org\",\"@graph\":[{\"@type\":\"WebPage\",\"@id\":\"https:\/\/abaa.mx\/tienda\/medidor-de-espesor-de-placa-positector-utg\/\",\"url\":\"https:\/\/abaa.mx\/tienda\/medidor-de-espesor-de-placa-positector-utg\/\",\"name\":\"Tk430-ir \u2014 juego de multimetro ex430, pistola 42510amperimetro ma200, detector 40130 - Abaa tienda online\",\"isPartOf\":{\"@id\":\"https:\/\/abaa.mx\/tienda\/#website\"},\"primaryImageOfPage\":{\"@id\":\"https:\/\/abaa.mx\/tienda\/medidor-de-espesor-de-placa-positector-utg\/#primaryimage\"},\"image\":{\"@id\":\"https:\/\/abaa.mx\/tienda\/medidor-de-espesor-de-placa-positector-utg\/#primaryimage\"},\"thumbnailUrl\":\"https:\/\/abaa.mx\/tienda\/wp-content\/uploads\/2023\/11\/EXTECH-TK430-IR.jpg\",\"datePublished\":\"2023-11-03T21:01:54+00:00\",\"dateModified\":\"2024-01-26T17:30:57+00:00\",\"breadcrumb\":{\"@id\":\"https:\/\/abaa.mx\/tienda\/medidor-de-espesor-de-placa-positector-utg\/#breadcrumb\"},\"inLanguage\":\"es\",\"potentialAction\":[{\"@type\":\"ReadAction\",\"target\":[\"https:\/\/abaa.mx\/tienda\/medidor-de-espesor-de-placa-positector-utg\/\"]}]},{\"@type\":\"ImageObject\",\"inLanguage\":\"es\",\"@id\":\"https:\/\/abaa.mx\/tienda\/medidor-de-espesor-de-placa-positector-utg\/#primaryimage\",\"url\":\"https:\/\/abaa.mx\/tienda\/wp-content\/uploads\/2023\/11\/EXTECH-TK430-IR.jpg\",\"contentUrl\":\"https:\/\/abaa.mx\/tienda\/wp-content\/uploads\/2023\/11\/EXTECH-TK430-IR.jpg\",\"width\":481,\"height\":382,\"caption\":\"EXTECH-TK430-IR\"},{\"@type\":\"BreadcrumbList\",\"@id\":\"https:\/\/abaa.mx\/tienda\/medidor-de-espesor-de-placa-positector-utg\/#breadcrumb\",\"itemListElement\":[{\"@type\":\"ListItem\",\"position\":1,\"name\":\"Inicio\",\"item\":\"https:\/\/abaa.mx\/tienda\/\"},{\"@type\":\"ListItem\",\"position\":2,\"name\":\"Tienda\",\"item\":\"https:\/\/abaa.mx\/tienda\/\"},{\"@type\":\"ListItem\",\"position\":3,\"name\":\"Tk430-ir \u2014 juego de multimetro ex430, pistola 42510amperimetro ma200, detector 40130\"}]},{\"@type\":\"WebSite\",\"@id\":\"https:\/\/abaa.mx\/tienda\/#website\",\"url\":\"https:\/\/abaa.mx\/tienda\/\",\"name\":\"Abaa tienda online\",\"description\":\"Instrumentos de medici\u00f3n\",\"publisher\":{\"@id\":\"https:\/\/abaa.mx\/tienda\/#organization\"},\"potentialAction\":[{\"@type\":\"SearchAction\",\"target\":{\"@type\":\"EntryPoint\",\"urlTemplate\":\"https:\/\/abaa.mx\/tienda\/?s={search_term_string}\"},\"query-input\":{\"@type\":\"PropertyValueSpecification\",\"valueRequired\":true,\"valueName\":\"search_term_string\"}}],\"inLanguage\":\"es\"},{\"@type\":\"Organization\",\"@id\":\"https:\/\/abaa.mx\/tienda\/#organization\",\"name\":\"Abaa tienda online\",\"url\":\"https:\/\/abaa.mx\/tienda\/\",\"logo\":{\"@type\":\"ImageObject\",\"inLanguage\":\"es\",\"@id\":\"https:\/\/abaa.mx\/tienda\/#\/schema\/logo\/image\/\",\"url\":\"https:\/\/abaa.mx\/tienda\/wp-content\/uploads\/2024\/01\/abaa-metrologia-tienda.png\",\"contentUrl\":\"https:\/\/abaa.mx\/tienda\/wp-content\/uploads\/2024\/01\/abaa-metrologia-tienda.png\",\"width\":300,\"height\":141,\"caption\":\"Abaa tienda online\"},\"image\":{\"@id\":\"https:\/\/abaa.mx\/tienda\/#\/schema\/logo\/image\/\"}}]}<\/script>\n<!-- \/ Yoast SEO plugin. -->","yoast_head_json":{"title":"Tk430-ir \u2014 juego de multimetro ex430, pistola 42510amperimetro ma200, detector 40130 - Abaa tienda online","robots":{"index":"index","follow":"follow","max-snippet":"max-snippet:-1","max-image-preview":"max-image-preview:large","max-video-preview":"max-video-preview:-1"},"canonical":"https:\/\/abaa.mx\/tienda\/medidor-de-espesor-de-placa-positector-utg\/","og_locale":"es_MX","og_type":"article","og_title":"Tk430-ir \u2014 juego de multimetro ex430, pistola 42510amperimetro ma200, detector 40130 - Abaa tienda online","og_description":"Mult\u00edmetro RMS (media cuadr\u00e1tica) verdadera, juego de pinza amperim\u00e9trica y juego de term\u00f3metro de infrarrojos Caracter\u00edsticas:   Ideal para las pruebas el\u00e9ctricas, tales como la instalaci\u00f3n y reparaci\u00f3n de sistemas el\u00e9ctricos, equipos de HVCA (calefacci\u00f3n, ventilaci\u00f3n y aire acondicionado) y artefactos de gran tama\u00f1o  Incluye\u00a0EX430: Mult\u00edmetro de RMS (media cuadr\u00e1tica) verdadera con determinaci\u00f3n autom\u00e1tica del intervalo con 11 funciones  Incluye\u00a0MA200: Pinza amperim\u00e9trica de 400\u00a0A con corriente de CA b\u00e1sica y resoluci\u00f3n de 1\u00a0mA  Incluye\u00a042510: Term\u00f3metro de infrarrojos (de -58 a 1000\u00a0\u00b0F\/de -50 a 538\u00a0\u00b0C) con puntero l\u00e1ser  Incluye\u00a040130: Detector de voltaje sin contacto (de 100\u00a0V a 600\u00a0V de CA)  Incluye un conjunto de conductores de prueba y una sonda de temperatura tipo K de alambre reforzado  Suministrado en un estuche port\u00e1til r\u00edgido de alta resistencia que brinda protecci\u00f3n y permite organizar los medidores y accesorios  Dimensiones: 9.5x6.8x2.8 \"(241x173x71mm).","og_url":"https:\/\/abaa.mx\/tienda\/medidor-de-espesor-de-placa-positector-utg\/","og_site_name":"Abaa tienda online","article_modified_time":"2024-01-26T17:30:57+00:00","og_image":[{"width":481,"height":382,"url":"https:\/\/abaa.mx\/tienda\/wp-content\/uploads\/2023\/11\/EXTECH-TK430-IR.jpg","type":"image\/jpeg"}],"twitter_card":"summary_large_image","twitter_misc":{"Tiempo de lectura":"1 minuto"},"schema":{"@context":"https:\/\/schema.org","@graph":[{"@type":"WebPage","@id":"https:\/\/abaa.mx\/tienda\/medidor-de-espesor-de-placa-positector-utg\/","url":"https:\/\/abaa.mx\/tienda\/medidor-de-espesor-de-placa-positector-utg\/","name":"Tk430-ir \u2014 juego de multimetro ex430, pistola 42510amperimetro ma200, detector 40130 - Abaa tienda online","isPartOf":{"@id":"https:\/\/abaa.mx\/tienda\/#website"},"primaryImageOfPage":{"@id":"https:\/\/abaa.mx\/tienda\/medidor-de-espesor-de-placa-positector-utg\/#primaryimage"},"image":{"@id":"https:\/\/abaa.mx\/tienda\/medidor-de-espesor-de-placa-positector-utg\/#primaryimage"},"thumbnailUrl":"https:\/\/abaa.mx\/tienda\/wp-content\/uploads\/2023\/11\/EXTECH-TK430-IR.jpg","datePublished":"2023-11-03T21:01:54+00:00","dateModified":"2024-01-26T17:30:57+00:00","breadcrumb":{"@id":"https:\/\/abaa.mx\/tienda\/medidor-de-espesor-de-placa-positector-utg\/#breadcrumb"},"inLanguage":"es","potentialAction":[{"@type":"ReadAction","target":["https:\/\/abaa.mx\/tienda\/medidor-de-espesor-de-placa-positector-utg\/"]}]},{"@type":"ImageObject","inLanguage":"es","@id":"https:\/\/abaa.mx\/tienda\/medidor-de-espesor-de-placa-positector-utg\/#primaryimage","url":"https:\/\/abaa.mx\/tienda\/wp-content\/uploads\/2023\/11\/EXTECH-TK430-IR.jpg","contentUrl":"https:\/\/abaa.mx\/tienda\/wp-content\/uploads\/2023\/11\/EXTECH-TK430-IR.jpg","width":481,"height":382,"caption":"EXTECH-TK430-IR"},{"@type":"BreadcrumbList","@id":"https:\/\/abaa.mx\/tienda\/medidor-de-espesor-de-placa-positector-utg\/#breadcrumb","itemListElement":[{"@type":"ListItem","position":1,"name":"Inicio","item":"https:\/\/abaa.mx\/tienda\/"},{"@type":"ListItem","position":2,"name":"Tienda","item":"https:\/\/abaa.mx\/tienda\/"},{"@type":"ListItem","position":3,"name":"Tk430-ir \u2014 juego de multimetro ex430, pistola 42510amperimetro ma200, detector 40130"}]},{"@type":"WebSite","@id":"https:\/\/abaa.mx\/tienda\/#website","url":"https:\/\/abaa.mx\/tienda\/","name":"Abaa tienda online","description":"Instrumentos de medici\u00f3n","publisher":{"@id":"https:\/\/abaa.mx\/tienda\/#organization"},"potentialAction":[{"@type":"SearchAction","target":{"@type":"EntryPoint","urlTemplate":"https:\/\/abaa.mx\/tienda\/?s={search_term_string}"},"query-input":{"@type":"PropertyValueSpecification","valueRequired":true,"valueName":"search_term_string"}}],"inLanguage":"es"},{"@type":"Organization","@id":"https:\/\/abaa.mx\/tienda\/#organization","name":"Abaa tienda online","url":"https:\/\/abaa.mx\/tienda\/","logo":{"@type":"ImageObject","inLanguage":"es","@id":"https:\/\/abaa.mx\/tienda\/#\/schema\/logo\/image\/","url":"https:\/\/abaa.mx\/tienda\/wp-content\/uploads\/2024\/01\/abaa-metrologia-tienda.png","contentUrl":"https:\/\/abaa.mx\/tienda\/wp-content\/uploads\/2024\/01\/abaa-metrologia-tienda.png","width":300,"height":141,"caption":"Abaa tienda online"},"image":{"@id":"https:\/\/abaa.mx\/tienda\/#\/schema\/logo\/image\/"}}]}},"_links":{"self":[{"href":"https:\/\/abaa.mx\/tienda\/wp-json\/wp\/v2\/product\/8526","targetHints":{"allow":["GET"]}}],"collection":[{"href":"https:\/\/abaa.mx\/tienda\/wp-json\/wp\/v2\/product"}],"about":[{"href":"https:\/\/abaa.mx\/tienda\/wp-json\/wp\/v2\/types\/product"}],"replies":[{"embeddable":true,"href":"https:\/\/abaa.mx\/tienda\/wp-json\/wp\/v2\/comments?post=8526"}],"wp:featuredmedia":[{"embeddable":true,"href":"https:\/\/abaa.mx\/tienda\/wp-json\/wp\/v2\/media\/10244"}],"wp:attachment":[{"href":"https:\/\/abaa.mx\/tienda\/wp-json\/wp\/v2\/media?parent=8526"}],"wp:term":[{"taxonomy":"product_brand","embeddable":true,"href":"https:\/\/abaa.mx\/tienda\/wp-json\/wp\/v2\/product_brand?post=8526"},{"taxonomy":"product_cat","embeddable":true,"href":"https:\/\/abaa.mx\/tienda\/wp-json\/wp\/v2\/product_cat?post=8526"},{"taxonomy":"product_tag","embeddable":true,"href":"https:\/\/abaa.mx\/tienda\/wp-json\/wp\/v2\/product_tag?post=8526"}],"curies":[{"name":"wp","href":"https:\/\/api.w.org\/{rel}","templated":true}]}}