{"id":8524,"date":"2023-11-03T20:48:07","date_gmt":"2023-11-03T20:48:07","guid":{"rendered":"https:\/\/abaa.mx\/tienda\/?post_type=product&#038;p=8524"},"modified":"2023-11-03T20:48:07","modified_gmt":"2023-11-03T20:48:07","slug":"medidores-de-espesor-de-recubrimiento-dftf-y-dftc","status":"publish","type":"product","link":"https:\/\/abaa.mx\/tienda\/medidores-de-espesor-de-recubrimiento-dftf-y-dftc\/","title":{"rendered":"Medidores de Espesor de recubrimiento &#8211; DFTF y DFTC"},"content":{"rendered":"<p>Medidores de Espesor de recubrimiento &#8211; DFTF y DFTC.<\/p>\n","protected":false},"excerpt":{"rendered":"<p><b>Caracter\u00edsticas:<\/b><\/p>\n<p>Mediciones veloces y repetitivas. 60 o mucho m\u00e1s mediciones por minuto. El equipo esta listo para medir, no requiere cambios para la materia de las apps. Para apps complejas , tiene opci\u00f3n de ajuste a cero o medici\u00f3n a un punto de referencia. Transporta en pantalla el promedio de las mediciones por hasta 99 lecturas de espesor Sonda con punta de rub\u00ed que le provee de resistencia al desgaste. Base de sensor acanalada con forma de \u201cV\u201d para normalizar el aparato en partes cil\u00edndricas. Pantalla de color de prominente contraste de brillo ajustable. La pantalla gira autom\u00e1ticamente para hacer m\u00e1s simple la lectura. Tiene una vers\u00e1til funci\u00f3n de \u201creinicio\u201d a los cambios del desarrollador en el momento en que no es posible efectuar la medici\u00f3n de \u201ccero\u201d de referencia. Puede convertir el valor en pantalla al elegir entidades de medici\u00f3n m\u00e9tricas y tambi\u00e9n imperiales. Correa de mano dentro para seguridad y manejo conveniente. Apps : Es el aparato preferido por los aplicadores de pintura en polvo, contratistas de app de revestimientos , inspectores de revestimiento , detallistas automotrices, talleres de restauraci\u00f3n de pintura y valuadores de compa\u00f1\u00edas de seguros (que determinan si un turismo ha sido re-pintado equiparando el espesor del recubrimiento ).<\/p>\n","protected":false},"featured_media":8525,"comment_status":"open","ping_status":"closed","template":"","meta":{"_joinchat":[]},"product_brand":[],"product_cat":[111],"product_tag":[],"class_list":{"0":"post-8524","1":"product","2":"type-product","3":"status-publish","4":"has-post-thumbnail","6":"product_cat-medidores-de-espesor","8":"first","9":"instock","10":"shipping-taxable","11":"product-type-simple"},"yoast_head":"<!-- This site is optimized with the Yoast SEO plugin v26.4 - https:\/\/yoast.com\/wordpress\/plugins\/seo\/ -->\n<title>Medidores de Espesor de recubrimiento - DFTF y DFTC - Abaa tienda online<\/title>\n<meta name=\"robots\" content=\"index, follow, max-snippet:-1, max-image-preview:large, max-video-preview:-1\" \/>\n<link rel=\"canonical\" href=\"https:\/\/abaa.mx\/tienda\/medidores-de-espesor-de-recubrimiento-dftf-y-dftc\/\" \/>\n<meta property=\"og:locale\" content=\"es_MX\" \/>\n<meta property=\"og:type\" content=\"article\" \/>\n<meta property=\"og:title\" content=\"Medidores de Espesor de recubrimiento - DFTF y DFTC - Abaa tienda online\" \/>\n<meta property=\"og:description\" content=\"Caracter\u00edsticas:  Mediciones veloces y repetitivas. 60 o mucho m\u00e1s mediciones por minuto. El equipo esta listo para medir, no requiere cambios para la materia de las apps. Para apps complejas , tiene opci\u00f3n de ajuste a cero o medici\u00f3n a un punto de referencia. Transporta en pantalla el promedio de las mediciones por hasta 99 lecturas de espesor Sonda con punta de rub\u00ed que le provee de resistencia al desgaste. Base de sensor acanalada con forma de \u201cV\u201d para normalizar el aparato en partes cil\u00edndricas. Pantalla de color de prominente contraste de brillo ajustable. La pantalla gira autom\u00e1ticamente para hacer m\u00e1s simple la lectura. Tiene una vers\u00e1til funci\u00f3n de \u201creinicio\u201d a los cambios del desarrollador en el momento en que no es posible efectuar la medici\u00f3n de \u201ccero\u201d de referencia. Puede convertir el valor en pantalla al elegir entidades de medici\u00f3n m\u00e9tricas y tambi\u00e9n imperiales. Correa de mano dentro para seguridad y manejo conveniente. Apps : Es el aparato preferido por los aplicadores de pintura en polvo, contratistas de app de revestimientos , inspectores de revestimiento , detallistas automotrices, talleres de restauraci\u00f3n de pintura y valuadores de compa\u00f1\u00edas de seguros (que determinan si un turismo ha sido re-pintado equiparando el espesor del recubrimiento ).\" \/>\n<meta property=\"og:url\" content=\"https:\/\/abaa.mx\/tienda\/medidores-de-espesor-de-recubrimiento-dftf-y-dftc\/\" \/>\n<meta property=\"og:site_name\" content=\"Abaa tienda online\" \/>\n<meta property=\"og:image\" content=\"https:\/\/abaa.mx\/tienda\/wp-content\/uploads\/2023\/11\/DEFELSKO-DF-F-DFTC.jpg\" \/>\n\t<meta property=\"og:image:width\" content=\"480\" \/>\n\t<meta property=\"og:image:height\" content=\"441\" \/>\n\t<meta property=\"og:image:type\" content=\"image\/jpeg\" \/>\n<meta name=\"twitter:card\" content=\"summary_large_image\" \/>\n<meta name=\"twitter:label1\" content=\"Tiempo de lectura\" \/>\n\t<meta name=\"twitter:data1\" content=\"1 minuto\" \/>\n<script type=\"application\/ld+json\" class=\"yoast-schema-graph\">{\"@context\":\"https:\/\/schema.org\",\"@graph\":[{\"@type\":\"WebPage\",\"@id\":\"https:\/\/abaa.mx\/tienda\/medidores-de-espesor-de-recubrimiento-dftf-y-dftc\/\",\"url\":\"https:\/\/abaa.mx\/tienda\/medidores-de-espesor-de-recubrimiento-dftf-y-dftc\/\",\"name\":\"Medidores de Espesor de recubrimiento - DFTF y DFTC - Abaa tienda online\",\"isPartOf\":{\"@id\":\"https:\/\/abaa.mx\/tienda\/#website\"},\"primaryImageOfPage\":{\"@id\":\"https:\/\/abaa.mx\/tienda\/medidores-de-espesor-de-recubrimiento-dftf-y-dftc\/#primaryimage\"},\"image\":{\"@id\":\"https:\/\/abaa.mx\/tienda\/medidores-de-espesor-de-recubrimiento-dftf-y-dftc\/#primaryimage\"},\"thumbnailUrl\":\"https:\/\/abaa.mx\/tienda\/wp-content\/uploads\/2023\/11\/DEFELSKO-DF-F-DFTC.jpg\",\"datePublished\":\"2023-11-03T20:48:07+00:00\",\"breadcrumb\":{\"@id\":\"https:\/\/abaa.mx\/tienda\/medidores-de-espesor-de-recubrimiento-dftf-y-dftc\/#breadcrumb\"},\"inLanguage\":\"es\",\"potentialAction\":[{\"@type\":\"ReadAction\",\"target\":[\"https:\/\/abaa.mx\/tienda\/medidores-de-espesor-de-recubrimiento-dftf-y-dftc\/\"]}]},{\"@type\":\"ImageObject\",\"inLanguage\":\"es\",\"@id\":\"https:\/\/abaa.mx\/tienda\/medidores-de-espesor-de-recubrimiento-dftf-y-dftc\/#primaryimage\",\"url\":\"https:\/\/abaa.mx\/tienda\/wp-content\/uploads\/2023\/11\/DEFELSKO-DF-F-DFTC.jpg\",\"contentUrl\":\"https:\/\/abaa.mx\/tienda\/wp-content\/uploads\/2023\/11\/DEFELSKO-DF-F-DFTC.jpg\",\"width\":480,\"height\":441,\"caption\":\"DEFELSKO-DF-F-DFTC\"},{\"@type\":\"BreadcrumbList\",\"@id\":\"https:\/\/abaa.mx\/tienda\/medidores-de-espesor-de-recubrimiento-dftf-y-dftc\/#breadcrumb\",\"itemListElement\":[{\"@type\":\"ListItem\",\"position\":1,\"name\":\"Inicio\",\"item\":\"https:\/\/abaa.mx\/tienda\/\"},{\"@type\":\"ListItem\",\"position\":2,\"name\":\"Tienda\",\"item\":\"https:\/\/abaa.mx\/tienda\/\"},{\"@type\":\"ListItem\",\"position\":3,\"name\":\"Medidores de Espesor de recubrimiento &#8211; DFTF y DFTC\"}]},{\"@type\":\"WebSite\",\"@id\":\"https:\/\/abaa.mx\/tienda\/#website\",\"url\":\"https:\/\/abaa.mx\/tienda\/\",\"name\":\"Abaa tienda online\",\"description\":\"Instrumentos de medici\u00f3n\",\"publisher\":{\"@id\":\"https:\/\/abaa.mx\/tienda\/#organization\"},\"potentialAction\":[{\"@type\":\"SearchAction\",\"target\":{\"@type\":\"EntryPoint\",\"urlTemplate\":\"https:\/\/abaa.mx\/tienda\/?s={search_term_string}\"},\"query-input\":{\"@type\":\"PropertyValueSpecification\",\"valueRequired\":true,\"valueName\":\"search_term_string\"}}],\"inLanguage\":\"es\"},{\"@type\":\"Organization\",\"@id\":\"https:\/\/abaa.mx\/tienda\/#organization\",\"name\":\"Abaa tienda online\",\"url\":\"https:\/\/abaa.mx\/tienda\/\",\"logo\":{\"@type\":\"ImageObject\",\"inLanguage\":\"es\",\"@id\":\"https:\/\/abaa.mx\/tienda\/#\/schema\/logo\/image\/\",\"url\":\"https:\/\/abaa.mx\/tienda\/wp-content\/uploads\/2024\/01\/abaa-metrologia-tienda.png\",\"contentUrl\":\"https:\/\/abaa.mx\/tienda\/wp-content\/uploads\/2024\/01\/abaa-metrologia-tienda.png\",\"width\":300,\"height\":141,\"caption\":\"Abaa tienda online\"},\"image\":{\"@id\":\"https:\/\/abaa.mx\/tienda\/#\/schema\/logo\/image\/\"}}]}<\/script>\n<!-- \/ Yoast SEO plugin. -->","yoast_head_json":{"title":"Medidores de Espesor de recubrimiento - DFTF y DFTC - Abaa tienda online","robots":{"index":"index","follow":"follow","max-snippet":"max-snippet:-1","max-image-preview":"max-image-preview:large","max-video-preview":"max-video-preview:-1"},"canonical":"https:\/\/abaa.mx\/tienda\/medidores-de-espesor-de-recubrimiento-dftf-y-dftc\/","og_locale":"es_MX","og_type":"article","og_title":"Medidores de Espesor de recubrimiento - DFTF y DFTC - Abaa tienda online","og_description":"Caracter\u00edsticas:  Mediciones veloces y repetitivas. 60 o mucho m\u00e1s mediciones por minuto. El equipo esta listo para medir, no requiere cambios para la materia de las apps. Para apps complejas , tiene opci\u00f3n de ajuste a cero o medici\u00f3n a un punto de referencia. Transporta en pantalla el promedio de las mediciones por hasta 99 lecturas de espesor Sonda con punta de rub\u00ed que le provee de resistencia al desgaste. Base de sensor acanalada con forma de \u201cV\u201d para normalizar el aparato en partes cil\u00edndricas. Pantalla de color de prominente contraste de brillo ajustable. La pantalla gira autom\u00e1ticamente para hacer m\u00e1s simple la lectura. Tiene una vers\u00e1til funci\u00f3n de \u201creinicio\u201d a los cambios del desarrollador en el momento en que no es posible efectuar la medici\u00f3n de \u201ccero\u201d de referencia. Puede convertir el valor en pantalla al elegir entidades de medici\u00f3n m\u00e9tricas y tambi\u00e9n imperiales. Correa de mano dentro para seguridad y manejo conveniente. Apps : Es el aparato preferido por los aplicadores de pintura en polvo, contratistas de app de revestimientos , inspectores de revestimiento , detallistas automotrices, talleres de restauraci\u00f3n de pintura y valuadores de compa\u00f1\u00edas de seguros (que determinan si un turismo ha sido re-pintado equiparando el espesor del recubrimiento ).","og_url":"https:\/\/abaa.mx\/tienda\/medidores-de-espesor-de-recubrimiento-dftf-y-dftc\/","og_site_name":"Abaa tienda online","og_image":[{"width":480,"height":441,"url":"https:\/\/abaa.mx\/tienda\/wp-content\/uploads\/2023\/11\/DEFELSKO-DF-F-DFTC.jpg","type":"image\/jpeg"}],"twitter_card":"summary_large_image","twitter_misc":{"Tiempo de lectura":"1 minuto"},"schema":{"@context":"https:\/\/schema.org","@graph":[{"@type":"WebPage","@id":"https:\/\/abaa.mx\/tienda\/medidores-de-espesor-de-recubrimiento-dftf-y-dftc\/","url":"https:\/\/abaa.mx\/tienda\/medidores-de-espesor-de-recubrimiento-dftf-y-dftc\/","name":"Medidores de Espesor de recubrimiento - DFTF y DFTC - Abaa tienda online","isPartOf":{"@id":"https:\/\/abaa.mx\/tienda\/#website"},"primaryImageOfPage":{"@id":"https:\/\/abaa.mx\/tienda\/medidores-de-espesor-de-recubrimiento-dftf-y-dftc\/#primaryimage"},"image":{"@id":"https:\/\/abaa.mx\/tienda\/medidores-de-espesor-de-recubrimiento-dftf-y-dftc\/#primaryimage"},"thumbnailUrl":"https:\/\/abaa.mx\/tienda\/wp-content\/uploads\/2023\/11\/DEFELSKO-DF-F-DFTC.jpg","datePublished":"2023-11-03T20:48:07+00:00","breadcrumb":{"@id":"https:\/\/abaa.mx\/tienda\/medidores-de-espesor-de-recubrimiento-dftf-y-dftc\/#breadcrumb"},"inLanguage":"es","potentialAction":[{"@type":"ReadAction","target":["https:\/\/abaa.mx\/tienda\/medidores-de-espesor-de-recubrimiento-dftf-y-dftc\/"]}]},{"@type":"ImageObject","inLanguage":"es","@id":"https:\/\/abaa.mx\/tienda\/medidores-de-espesor-de-recubrimiento-dftf-y-dftc\/#primaryimage","url":"https:\/\/abaa.mx\/tienda\/wp-content\/uploads\/2023\/11\/DEFELSKO-DF-F-DFTC.jpg","contentUrl":"https:\/\/abaa.mx\/tienda\/wp-content\/uploads\/2023\/11\/DEFELSKO-DF-F-DFTC.jpg","width":480,"height":441,"caption":"DEFELSKO-DF-F-DFTC"},{"@type":"BreadcrumbList","@id":"https:\/\/abaa.mx\/tienda\/medidores-de-espesor-de-recubrimiento-dftf-y-dftc\/#breadcrumb","itemListElement":[{"@type":"ListItem","position":1,"name":"Inicio","item":"https:\/\/abaa.mx\/tienda\/"},{"@type":"ListItem","position":2,"name":"Tienda","item":"https:\/\/abaa.mx\/tienda\/"},{"@type":"ListItem","position":3,"name":"Medidores de Espesor de recubrimiento &#8211; DFTF y DFTC"}]},{"@type":"WebSite","@id":"https:\/\/abaa.mx\/tienda\/#website","url":"https:\/\/abaa.mx\/tienda\/","name":"Abaa tienda online","description":"Instrumentos de medici\u00f3n","publisher":{"@id":"https:\/\/abaa.mx\/tienda\/#organization"},"potentialAction":[{"@type":"SearchAction","target":{"@type":"EntryPoint","urlTemplate":"https:\/\/abaa.mx\/tienda\/?s={search_term_string}"},"query-input":{"@type":"PropertyValueSpecification","valueRequired":true,"valueName":"search_term_string"}}],"inLanguage":"es"},{"@type":"Organization","@id":"https:\/\/abaa.mx\/tienda\/#organization","name":"Abaa tienda online","url":"https:\/\/abaa.mx\/tienda\/","logo":{"@type":"ImageObject","inLanguage":"es","@id":"https:\/\/abaa.mx\/tienda\/#\/schema\/logo\/image\/","url":"https:\/\/abaa.mx\/tienda\/wp-content\/uploads\/2024\/01\/abaa-metrologia-tienda.png","contentUrl":"https:\/\/abaa.mx\/tienda\/wp-content\/uploads\/2024\/01\/abaa-metrologia-tienda.png","width":300,"height":141,"caption":"Abaa tienda online"},"image":{"@id":"https:\/\/abaa.mx\/tienda\/#\/schema\/logo\/image\/"}}]}},"_links":{"self":[{"href":"https:\/\/abaa.mx\/tienda\/wp-json\/wp\/v2\/product\/8524","targetHints":{"allow":["GET"]}}],"collection":[{"href":"https:\/\/abaa.mx\/tienda\/wp-json\/wp\/v2\/product"}],"about":[{"href":"https:\/\/abaa.mx\/tienda\/wp-json\/wp\/v2\/types\/product"}],"replies":[{"embeddable":true,"href":"https:\/\/abaa.mx\/tienda\/wp-json\/wp\/v2\/comments?post=8524"}],"wp:featuredmedia":[{"embeddable":true,"href":"https:\/\/abaa.mx\/tienda\/wp-json\/wp\/v2\/media\/8525"}],"wp:attachment":[{"href":"https:\/\/abaa.mx\/tienda\/wp-json\/wp\/v2\/media?parent=8524"}],"wp:term":[{"taxonomy":"product_brand","embeddable":true,"href":"https:\/\/abaa.mx\/tienda\/wp-json\/wp\/v2\/product_brand?post=8524"},{"taxonomy":"product_cat","embeddable":true,"href":"https:\/\/abaa.mx\/tienda\/wp-json\/wp\/v2\/product_cat?post=8524"},{"taxonomy":"product_tag","embeddable":true,"href":"https:\/\/abaa.mx\/tienda\/wp-json\/wp\/v2\/product_tag?post=8524"}],"curies":[{"name":"wp","href":"https:\/\/api.w.org\/{rel}","templated":true}]}}