{"id":8522,"date":"2023-11-03T20:42:53","date_gmt":"2023-11-03T20:42:53","guid":{"rendered":"https:\/\/abaa.mx\/tienda\/?post_type=product&#038;p=8522"},"modified":"2024-01-05T20:23:37","modified_gmt":"2024-01-05T20:23:37","slug":"medidor-de-espesores-de-recubrimiento-positest-df-f-fm-g-gm","status":"publish","type":"product","link":"https:\/\/abaa.mx\/tienda\/medidor-de-espesores-de-recubrimiento-positest-df-f-fm-g-gm\/","title":{"rendered":"Medidor de Espesores de recubrimiento PosiTest DF-F-FM-G-GM"},"content":{"rendered":"<p>Medidor de Espesores de recubrimiento PosiTest DF-F\/FM\/G\/GM.<\/p>\n","protected":false},"excerpt":{"rendered":"<p>El medidor de espesor de revestimiento de pel\u00edcula seca an\u00e1logo modelo DF-F es un aparato para medir el espesor de la pintura o cualquier otro recubrimiento no-imantado aplicado en sustratos ferrosos (como el acero). Realice pruebas de espesor sin da\u00f1ar el recubrimiento terminado. Este aparato es ideal para medir galvanizado, metalizado, procesos de \u201cplating\u201d, etc. Peculiaridades Primordiales : Por ser un equipo an\u00e1logo es el equipo correcto para trabajar en espacios reclu\u00eddos o en atm\u00f3sferas que requieran instrumentos intr\u00ednsecamente seguros. Es resistente a la acci\u00f3n de solventes y \u00e1cidos. Su carcaza protectora resiste impactos leves. Punta de prueba de carburo fuerte a la abrasi\u00f3n. Soporte del sensor acanalado con apariencia de \u201cv\u201d para medir en superficies curvas de forma permanente.<\/p>\n","protected":false},"featured_media":8523,"comment_status":"open","ping_status":"closed","template":"","meta":{"_joinchat":[]},"product_brand":[],"product_cat":[111],"product_tag":[],"class_list":{"0":"post-8522","1":"product","2":"type-product","3":"status-publish","4":"has-post-thumbnail","6":"product_cat-medidores-de-espesor","8":"first","9":"instock","10":"shipping-taxable","11":"product-type-simple"},"yoast_head":"<!-- This site is optimized with the Yoast SEO plugin v26.4 - https:\/\/yoast.com\/wordpress\/plugins\/seo\/ -->\n<title>Medidor de Espesores de recubrimiento PosiTest DF-F-FM-G-GM - Abaa tienda online<\/title>\n<meta name=\"robots\" content=\"index, follow, max-snippet:-1, max-image-preview:large, max-video-preview:-1\" \/>\n<link rel=\"canonical\" href=\"https:\/\/abaa.mx\/tienda\/medidor-de-espesores-de-recubrimiento-positest-df-f-fm-g-gm\/\" \/>\n<meta property=\"og:locale\" content=\"es_MX\" \/>\n<meta property=\"og:type\" content=\"article\" \/>\n<meta property=\"og:title\" content=\"Medidor de Espesores de recubrimiento PosiTest DF-F-FM-G-GM - Abaa tienda online\" \/>\n<meta property=\"og:description\" content=\"El medidor de espesor de revestimiento de pel\u00edcula seca an\u00e1logo modelo DF-F es un aparato para medir el espesor de la pintura o cualquier otro recubrimiento no-imantado aplicado en sustratos ferrosos (como el acero). Realice pruebas de espesor sin da\u00f1ar el recubrimiento terminado. Este aparato es ideal para medir galvanizado, metalizado, procesos de \u201cplating\u201d, etc. Peculiaridades Primordiales : Por ser un equipo an\u00e1logo es el equipo correcto para trabajar en espacios reclu\u00eddos o en atm\u00f3sferas que requieran instrumentos intr\u00ednsecamente seguros. Es resistente a la acci\u00f3n de solventes y \u00e1cidos. Su carcaza protectora resiste impactos leves. Punta de prueba de carburo fuerte a la abrasi\u00f3n. Soporte del sensor acanalado con apariencia de \u201cv\u201d para medir en superficies curvas de forma permanente.\" \/>\n<meta property=\"og:url\" content=\"https:\/\/abaa.mx\/tienda\/medidor-de-espesores-de-recubrimiento-positest-df-f-fm-g-gm\/\" \/>\n<meta property=\"og:site_name\" content=\"Abaa tienda online\" \/>\n<meta property=\"article:modified_time\" content=\"2024-01-05T20:23:37+00:00\" \/>\n<meta property=\"og:image\" content=\"https:\/\/abaa.mx\/tienda\/wp-content\/uploads\/2023\/11\/DEFELSKO-F-FM-G-GM.jpg\" \/>\n\t<meta property=\"og:image:width\" content=\"496\" \/>\n\t<meta property=\"og:image:height\" content=\"366\" \/>\n\t<meta property=\"og:image:type\" content=\"image\/jpeg\" \/>\n<meta name=\"twitter:card\" content=\"summary_large_image\" \/>\n<meta name=\"twitter:label1\" content=\"Tiempo de lectura\" \/>\n\t<meta name=\"twitter:data1\" content=\"1 minuto\" \/>\n<script type=\"application\/ld+json\" class=\"yoast-schema-graph\">{\"@context\":\"https:\/\/schema.org\",\"@graph\":[{\"@type\":\"WebPage\",\"@id\":\"https:\/\/abaa.mx\/tienda\/medidor-de-espesores-de-recubrimiento-positest-df-f-fm-g-gm\/\",\"url\":\"https:\/\/abaa.mx\/tienda\/medidor-de-espesores-de-recubrimiento-positest-df-f-fm-g-gm\/\",\"name\":\"Medidor de Espesores de recubrimiento PosiTest DF-F-FM-G-GM - Abaa tienda online\",\"isPartOf\":{\"@id\":\"https:\/\/abaa.mx\/tienda\/#website\"},\"primaryImageOfPage\":{\"@id\":\"https:\/\/abaa.mx\/tienda\/medidor-de-espesores-de-recubrimiento-positest-df-f-fm-g-gm\/#primaryimage\"},\"image\":{\"@id\":\"https:\/\/abaa.mx\/tienda\/medidor-de-espesores-de-recubrimiento-positest-df-f-fm-g-gm\/#primaryimage\"},\"thumbnailUrl\":\"https:\/\/abaa.mx\/tienda\/wp-content\/uploads\/2023\/11\/DEFELSKO-F-FM-G-GM.jpg\",\"datePublished\":\"2023-11-03T20:42:53+00:00\",\"dateModified\":\"2024-01-05T20:23:37+00:00\",\"breadcrumb\":{\"@id\":\"https:\/\/abaa.mx\/tienda\/medidor-de-espesores-de-recubrimiento-positest-df-f-fm-g-gm\/#breadcrumb\"},\"inLanguage\":\"es\",\"potentialAction\":[{\"@type\":\"ReadAction\",\"target\":[\"https:\/\/abaa.mx\/tienda\/medidor-de-espesores-de-recubrimiento-positest-df-f-fm-g-gm\/\"]}]},{\"@type\":\"ImageObject\",\"inLanguage\":\"es\",\"@id\":\"https:\/\/abaa.mx\/tienda\/medidor-de-espesores-de-recubrimiento-positest-df-f-fm-g-gm\/#primaryimage\",\"url\":\"https:\/\/abaa.mx\/tienda\/wp-content\/uploads\/2023\/11\/DEFELSKO-F-FM-G-GM.jpg\",\"contentUrl\":\"https:\/\/abaa.mx\/tienda\/wp-content\/uploads\/2023\/11\/DEFELSKO-F-FM-G-GM.jpg\",\"width\":496,\"height\":366,\"caption\":\"DEFELSKO-F-FM-G-GM\"},{\"@type\":\"BreadcrumbList\",\"@id\":\"https:\/\/abaa.mx\/tienda\/medidor-de-espesores-de-recubrimiento-positest-df-f-fm-g-gm\/#breadcrumb\",\"itemListElement\":[{\"@type\":\"ListItem\",\"position\":1,\"name\":\"Inicio\",\"item\":\"https:\/\/abaa.mx\/tienda\/\"},{\"@type\":\"ListItem\",\"position\":2,\"name\":\"Tienda\",\"item\":\"https:\/\/abaa.mx\/tienda\/\"},{\"@type\":\"ListItem\",\"position\":3,\"name\":\"Medidor de Espesores de recubrimiento PosiTest DF-F-FM-G-GM\"}]},{\"@type\":\"WebSite\",\"@id\":\"https:\/\/abaa.mx\/tienda\/#website\",\"url\":\"https:\/\/abaa.mx\/tienda\/\",\"name\":\"Abaa tienda online\",\"description\":\"Instrumentos de medici\u00f3n\",\"publisher\":{\"@id\":\"https:\/\/abaa.mx\/tienda\/#organization\"},\"potentialAction\":[{\"@type\":\"SearchAction\",\"target\":{\"@type\":\"EntryPoint\",\"urlTemplate\":\"https:\/\/abaa.mx\/tienda\/?s={search_term_string}\"},\"query-input\":{\"@type\":\"PropertyValueSpecification\",\"valueRequired\":true,\"valueName\":\"search_term_string\"}}],\"inLanguage\":\"es\"},{\"@type\":\"Organization\",\"@id\":\"https:\/\/abaa.mx\/tienda\/#organization\",\"name\":\"Abaa tienda online\",\"url\":\"https:\/\/abaa.mx\/tienda\/\",\"logo\":{\"@type\":\"ImageObject\",\"inLanguage\":\"es\",\"@id\":\"https:\/\/abaa.mx\/tienda\/#\/schema\/logo\/image\/\",\"url\":\"https:\/\/abaa.mx\/tienda\/wp-content\/uploads\/2024\/01\/abaa-metrologia-tienda.png\",\"contentUrl\":\"https:\/\/abaa.mx\/tienda\/wp-content\/uploads\/2024\/01\/abaa-metrologia-tienda.png\",\"width\":300,\"height\":141,\"caption\":\"Abaa tienda online\"},\"image\":{\"@id\":\"https:\/\/abaa.mx\/tienda\/#\/schema\/logo\/image\/\"}}]}<\/script>\n<!-- \/ Yoast SEO plugin. -->","yoast_head_json":{"title":"Medidor de Espesores de recubrimiento PosiTest DF-F-FM-G-GM - Abaa tienda online","robots":{"index":"index","follow":"follow","max-snippet":"max-snippet:-1","max-image-preview":"max-image-preview:large","max-video-preview":"max-video-preview:-1"},"canonical":"https:\/\/abaa.mx\/tienda\/medidor-de-espesores-de-recubrimiento-positest-df-f-fm-g-gm\/","og_locale":"es_MX","og_type":"article","og_title":"Medidor de Espesores de recubrimiento PosiTest DF-F-FM-G-GM - Abaa tienda online","og_description":"El medidor de espesor de revestimiento de pel\u00edcula seca an\u00e1logo modelo DF-F es un aparato para medir el espesor de la pintura o cualquier otro recubrimiento no-imantado aplicado en sustratos ferrosos (como el acero). Realice pruebas de espesor sin da\u00f1ar el recubrimiento terminado. Este aparato es ideal para medir galvanizado, metalizado, procesos de \u201cplating\u201d, etc. Peculiaridades Primordiales : Por ser un equipo an\u00e1logo es el equipo correcto para trabajar en espacios reclu\u00eddos o en atm\u00f3sferas que requieran instrumentos intr\u00ednsecamente seguros. Es resistente a la acci\u00f3n de solventes y \u00e1cidos. Su carcaza protectora resiste impactos leves. Punta de prueba de carburo fuerte a la abrasi\u00f3n. Soporte del sensor acanalado con apariencia de \u201cv\u201d para medir en superficies curvas de forma permanente.","og_url":"https:\/\/abaa.mx\/tienda\/medidor-de-espesores-de-recubrimiento-positest-df-f-fm-g-gm\/","og_site_name":"Abaa tienda online","article_modified_time":"2024-01-05T20:23:37+00:00","og_image":[{"width":496,"height":366,"url":"https:\/\/abaa.mx\/tienda\/wp-content\/uploads\/2023\/11\/DEFELSKO-F-FM-G-GM.jpg","type":"image\/jpeg"}],"twitter_card":"summary_large_image","twitter_misc":{"Tiempo de lectura":"1 minuto"},"schema":{"@context":"https:\/\/schema.org","@graph":[{"@type":"WebPage","@id":"https:\/\/abaa.mx\/tienda\/medidor-de-espesores-de-recubrimiento-positest-df-f-fm-g-gm\/","url":"https:\/\/abaa.mx\/tienda\/medidor-de-espesores-de-recubrimiento-positest-df-f-fm-g-gm\/","name":"Medidor de Espesores de recubrimiento PosiTest DF-F-FM-G-GM - Abaa tienda online","isPartOf":{"@id":"https:\/\/abaa.mx\/tienda\/#website"},"primaryImageOfPage":{"@id":"https:\/\/abaa.mx\/tienda\/medidor-de-espesores-de-recubrimiento-positest-df-f-fm-g-gm\/#primaryimage"},"image":{"@id":"https:\/\/abaa.mx\/tienda\/medidor-de-espesores-de-recubrimiento-positest-df-f-fm-g-gm\/#primaryimage"},"thumbnailUrl":"https:\/\/abaa.mx\/tienda\/wp-content\/uploads\/2023\/11\/DEFELSKO-F-FM-G-GM.jpg","datePublished":"2023-11-03T20:42:53+00:00","dateModified":"2024-01-05T20:23:37+00:00","breadcrumb":{"@id":"https:\/\/abaa.mx\/tienda\/medidor-de-espesores-de-recubrimiento-positest-df-f-fm-g-gm\/#breadcrumb"},"inLanguage":"es","potentialAction":[{"@type":"ReadAction","target":["https:\/\/abaa.mx\/tienda\/medidor-de-espesores-de-recubrimiento-positest-df-f-fm-g-gm\/"]}]},{"@type":"ImageObject","inLanguage":"es","@id":"https:\/\/abaa.mx\/tienda\/medidor-de-espesores-de-recubrimiento-positest-df-f-fm-g-gm\/#primaryimage","url":"https:\/\/abaa.mx\/tienda\/wp-content\/uploads\/2023\/11\/DEFELSKO-F-FM-G-GM.jpg","contentUrl":"https:\/\/abaa.mx\/tienda\/wp-content\/uploads\/2023\/11\/DEFELSKO-F-FM-G-GM.jpg","width":496,"height":366,"caption":"DEFELSKO-F-FM-G-GM"},{"@type":"BreadcrumbList","@id":"https:\/\/abaa.mx\/tienda\/medidor-de-espesores-de-recubrimiento-positest-df-f-fm-g-gm\/#breadcrumb","itemListElement":[{"@type":"ListItem","position":1,"name":"Inicio","item":"https:\/\/abaa.mx\/tienda\/"},{"@type":"ListItem","position":2,"name":"Tienda","item":"https:\/\/abaa.mx\/tienda\/"},{"@type":"ListItem","position":3,"name":"Medidor de Espesores de recubrimiento PosiTest DF-F-FM-G-GM"}]},{"@type":"WebSite","@id":"https:\/\/abaa.mx\/tienda\/#website","url":"https:\/\/abaa.mx\/tienda\/","name":"Abaa tienda online","description":"Instrumentos de medici\u00f3n","publisher":{"@id":"https:\/\/abaa.mx\/tienda\/#organization"},"potentialAction":[{"@type":"SearchAction","target":{"@type":"EntryPoint","urlTemplate":"https:\/\/abaa.mx\/tienda\/?s={search_term_string}"},"query-input":{"@type":"PropertyValueSpecification","valueRequired":true,"valueName":"search_term_string"}}],"inLanguage":"es"},{"@type":"Organization","@id":"https:\/\/abaa.mx\/tienda\/#organization","name":"Abaa tienda online","url":"https:\/\/abaa.mx\/tienda\/","logo":{"@type":"ImageObject","inLanguage":"es","@id":"https:\/\/abaa.mx\/tienda\/#\/schema\/logo\/image\/","url":"https:\/\/abaa.mx\/tienda\/wp-content\/uploads\/2024\/01\/abaa-metrologia-tienda.png","contentUrl":"https:\/\/abaa.mx\/tienda\/wp-content\/uploads\/2024\/01\/abaa-metrologia-tienda.png","width":300,"height":141,"caption":"Abaa tienda online"},"image":{"@id":"https:\/\/abaa.mx\/tienda\/#\/schema\/logo\/image\/"}}]}},"_links":{"self":[{"href":"https:\/\/abaa.mx\/tienda\/wp-json\/wp\/v2\/product\/8522","targetHints":{"allow":["GET"]}}],"collection":[{"href":"https:\/\/abaa.mx\/tienda\/wp-json\/wp\/v2\/product"}],"about":[{"href":"https:\/\/abaa.mx\/tienda\/wp-json\/wp\/v2\/types\/product"}],"replies":[{"embeddable":true,"href":"https:\/\/abaa.mx\/tienda\/wp-json\/wp\/v2\/comments?post=8522"}],"wp:featuredmedia":[{"embeddable":true,"href":"https:\/\/abaa.mx\/tienda\/wp-json\/wp\/v2\/media\/8523"}],"wp:attachment":[{"href":"https:\/\/abaa.mx\/tienda\/wp-json\/wp\/v2\/media?parent=8522"}],"wp:term":[{"taxonomy":"product_brand","embeddable":true,"href":"https:\/\/abaa.mx\/tienda\/wp-json\/wp\/v2\/product_brand?post=8522"},{"taxonomy":"product_cat","embeddable":true,"href":"https:\/\/abaa.mx\/tienda\/wp-json\/wp\/v2\/product_cat?post=8522"},{"taxonomy":"product_tag","embeddable":true,"href":"https:\/\/abaa.mx\/tienda\/wp-json\/wp\/v2\/product_tag?post=8522"}],"curies":[{"name":"wp","href":"https:\/\/api.w.org\/{rel}","templated":true}]}}