{"id":8518,"date":"2023-11-03T20:06:47","date_gmt":"2023-11-03T20:06:47","guid":{"rendered":"https:\/\/abaa.mx\/tienda\/?post_type=product&#038;p=8518"},"modified":"2023-11-03T20:06:47","modified_gmt":"2023-11-03T20:06:47","slug":"extensor-de-sonda-telescopica-para-positector-6000-fs-ns-fns-fxs-fnds-nas-y-fts-6000prbext","status":"publish","type":"product","link":"https:\/\/abaa.mx\/tienda\/extensor-de-sonda-telescopica-para-positector-6000-fs-ns-fns-fxs-fnds-nas-y-fts-6000prbext\/","title":{"rendered":"Extensor de sonda telesc\u00f3pica para PosiTector 6000 FS NS FNS FXS FNDS NAS y FTS &#8211; 6000PRBEXT"},"content":{"rendered":"<p>Extensor de sonda telesc\u00f3pica para PosiTector 6000 FS NS FNS FXS FNDS NAS y FTS &#8211; 6000PRBEXT<\/p>\n","protected":false},"excerpt":{"rendered":"<p>Este dispositivo ligero y port\u00e1til aumenta el alcance de las sondas cableadas regulares PosiTector 6000 de hasta 124 cm (49&#8243;), midiendo ergon\u00f3micamente por encima o por debajo de los pies. Incluye un soporte incorporado para asegurar el cuerpo del medidor PosiTector, lo que permite un manejo c\u00f3modo con una sola mano.<\/p>\n<ul>\n<li>Para su uso con las sondas PosiTector 6000 FS, NS, FNS, FXS, FNDS, NAS y FTS.<\/li>\n<li>Proporciona hasta 124 cm (49&#8243;) de alcance y se pliega a 47 cm (18,5&#8243;) para facilitar el almacenamiento.<\/li>\n<li>El soporte de la sonda articulado con anillo estabilizador de goma proporciona un contacto seguro de la sonda en \u00e1ngulos extra\u00f1os.<\/li>\n<li>El soporte del cuerpo del medidor mantiene el PosiTector en su lugar de forma segura.<\/li>\n<li>El soporte de sonda desmontable est\u00e1 listo para integrarse en extensiones m\u00e1s largas (monopi\u00e9s) y sistemas de prueba de drones\/robots.<\/li>\n<\/ul>\n<p>&nbsp;<\/p>\n<p><strong>Caracter\u00edsticas t\u00e9cnicas: <\/strong><\/p>\n<p><strong>Longitud:<\/strong> 47 cm (18,5&#8243;) plegado, hasta 124 cm (49&#8243;) extendido<\/p>\n<p><strong>Espacio libre<\/strong>: 10 cm (3,3&#8243;)<\/p>\n<p><strong>Peso: 370 g<\/strong> (13 oz.)<\/p>\n<p>&nbsp;<\/p>\n","protected":false},"featured_media":8519,"comment_status":"open","ping_status":"closed","template":"","meta":{"_joinchat":[]},"product_brand":[],"product_cat":[111],"product_tag":[],"class_list":{"0":"post-8518","1":"product","2":"type-product","3":"status-publish","4":"has-post-thumbnail","6":"product_cat-medidores-de-espesor","8":"first","9":"instock","10":"shipping-taxable","11":"product-type-simple"},"yoast_head":"<!-- This site is optimized with the Yoast SEO plugin v26.4 - https:\/\/yoast.com\/wordpress\/plugins\/seo\/ -->\n<title>Extensor de sonda telesc\u00f3pica para PosiTector 6000 FS NS FNS FXS FNDS NAS y FTS - 6000PRBEXT - Abaa tienda online<\/title>\n<meta name=\"robots\" content=\"index, follow, max-snippet:-1, max-image-preview:large, max-video-preview:-1\" \/>\n<link rel=\"canonical\" href=\"https:\/\/abaa.mx\/tienda\/extensor-de-sonda-telescopica-para-positector-6000-fs-ns-fns-fxs-fnds-nas-y-fts-6000prbext\/\" \/>\n<meta property=\"og:locale\" content=\"es_MX\" \/>\n<meta property=\"og:type\" content=\"article\" \/>\n<meta property=\"og:title\" content=\"Extensor de sonda telesc\u00f3pica para PosiTector 6000 FS NS FNS FXS FNDS NAS y FTS - 6000PRBEXT - Abaa tienda online\" \/>\n<meta property=\"og:description\" content=\"Este dispositivo ligero y port\u00e1til aumenta el alcance de las sondas cableadas regulares PosiTector 6000 de hasta 124 cm (49&quot;), midiendo ergon\u00f3micamente por encima o por debajo de los pies. Incluye un soporte incorporado para asegurar el cuerpo del medidor PosiTector, lo que permite un manejo c\u00f3modo con una sola mano.   Para su uso con las sondas PosiTector 6000 FS, NS, FNS, FXS, FNDS, NAS y FTS.  Proporciona hasta 124 cm (49&quot;) de alcance y se pliega a 47 cm (18,5&quot;) para facilitar el almacenamiento.  El soporte de la sonda articulado con anillo estabilizador de goma proporciona un contacto seguro de la sonda en \u00e1ngulos extra\u00f1os.  El soporte del cuerpo del medidor mantiene el PosiTector en su lugar de forma segura.  El soporte de sonda desmontable est\u00e1 listo para integrarse en extensiones m\u00e1s largas (monopi\u00e9s) y sistemas de prueba de drones\/robots.  &nbsp;  Caracter\u00edsticas t\u00e9cnicas:   Longitud: 47 cm (18,5&quot;) plegado, hasta 124 cm (49&quot;) extendido  Espacio libre: 10 cm (3,3&quot;)  Peso: 370 g (13 oz.)  &nbsp;\" \/>\n<meta property=\"og:url\" content=\"https:\/\/abaa.mx\/tienda\/extensor-de-sonda-telescopica-para-positector-6000-fs-ns-fns-fxs-fnds-nas-y-fts-6000prbext\/\" \/>\n<meta property=\"og:site_name\" content=\"Abaa tienda online\" \/>\n<meta property=\"og:image\" content=\"https:\/\/abaa.mx\/tienda\/wp-content\/uploads\/2023\/11\/DEFELSKO-TECTOR-6000-FS.jpg\" \/>\n\t<meta property=\"og:image:width\" content=\"520\" \/>\n\t<meta property=\"og:image:height\" content=\"372\" \/>\n\t<meta property=\"og:image:type\" content=\"image\/jpeg\" \/>\n<meta name=\"twitter:card\" content=\"summary_large_image\" \/>\n<meta name=\"twitter:label1\" content=\"Tiempo de lectura\" \/>\n\t<meta name=\"twitter:data1\" content=\"1 minuto\" \/>\n<script type=\"application\/ld+json\" class=\"yoast-schema-graph\">{\"@context\":\"https:\/\/schema.org\",\"@graph\":[{\"@type\":\"WebPage\",\"@id\":\"https:\/\/abaa.mx\/tienda\/extensor-de-sonda-telescopica-para-positector-6000-fs-ns-fns-fxs-fnds-nas-y-fts-6000prbext\/\",\"url\":\"https:\/\/abaa.mx\/tienda\/extensor-de-sonda-telescopica-para-positector-6000-fs-ns-fns-fxs-fnds-nas-y-fts-6000prbext\/\",\"name\":\"Extensor de sonda telesc\u00f3pica para PosiTector 6000 FS NS FNS FXS FNDS NAS y FTS - 6000PRBEXT - Abaa tienda online\",\"isPartOf\":{\"@id\":\"https:\/\/abaa.mx\/tienda\/#website\"},\"primaryImageOfPage\":{\"@id\":\"https:\/\/abaa.mx\/tienda\/extensor-de-sonda-telescopica-para-positector-6000-fs-ns-fns-fxs-fnds-nas-y-fts-6000prbext\/#primaryimage\"},\"image\":{\"@id\":\"https:\/\/abaa.mx\/tienda\/extensor-de-sonda-telescopica-para-positector-6000-fs-ns-fns-fxs-fnds-nas-y-fts-6000prbext\/#primaryimage\"},\"thumbnailUrl\":\"https:\/\/abaa.mx\/tienda\/wp-content\/uploads\/2023\/11\/DEFELSKO-TECTOR-6000-FS.jpg\",\"datePublished\":\"2023-11-03T20:06:47+00:00\",\"breadcrumb\":{\"@id\":\"https:\/\/abaa.mx\/tienda\/extensor-de-sonda-telescopica-para-positector-6000-fs-ns-fns-fxs-fnds-nas-y-fts-6000prbext\/#breadcrumb\"},\"inLanguage\":\"es\",\"potentialAction\":[{\"@type\":\"ReadAction\",\"target\":[\"https:\/\/abaa.mx\/tienda\/extensor-de-sonda-telescopica-para-positector-6000-fs-ns-fns-fxs-fnds-nas-y-fts-6000prbext\/\"]}]},{\"@type\":\"ImageObject\",\"inLanguage\":\"es\",\"@id\":\"https:\/\/abaa.mx\/tienda\/extensor-de-sonda-telescopica-para-positector-6000-fs-ns-fns-fxs-fnds-nas-y-fts-6000prbext\/#primaryimage\",\"url\":\"https:\/\/abaa.mx\/tienda\/wp-content\/uploads\/2023\/11\/DEFELSKO-TECTOR-6000-FS.jpg\",\"contentUrl\":\"https:\/\/abaa.mx\/tienda\/wp-content\/uploads\/2023\/11\/DEFELSKO-TECTOR-6000-FS.jpg\",\"width\":520,\"height\":372,\"caption\":\"DEFELSKO-TECTOR 6000 FS\"},{\"@type\":\"BreadcrumbList\",\"@id\":\"https:\/\/abaa.mx\/tienda\/extensor-de-sonda-telescopica-para-positector-6000-fs-ns-fns-fxs-fnds-nas-y-fts-6000prbext\/#breadcrumb\",\"itemListElement\":[{\"@type\":\"ListItem\",\"position\":1,\"name\":\"Inicio\",\"item\":\"https:\/\/abaa.mx\/tienda\/\"},{\"@type\":\"ListItem\",\"position\":2,\"name\":\"Tienda\",\"item\":\"https:\/\/abaa.mx\/tienda\/\"},{\"@type\":\"ListItem\",\"position\":3,\"name\":\"Extensor de sonda telesc\u00f3pica para PosiTector 6000 FS NS FNS FXS FNDS NAS y FTS &#8211; 6000PRBEXT\"}]},{\"@type\":\"WebSite\",\"@id\":\"https:\/\/abaa.mx\/tienda\/#website\",\"url\":\"https:\/\/abaa.mx\/tienda\/\",\"name\":\"Abaa tienda online\",\"description\":\"Instrumentos de medici\u00f3n\",\"publisher\":{\"@id\":\"https:\/\/abaa.mx\/tienda\/#organization\"},\"potentialAction\":[{\"@type\":\"SearchAction\",\"target\":{\"@type\":\"EntryPoint\",\"urlTemplate\":\"https:\/\/abaa.mx\/tienda\/?s={search_term_string}\"},\"query-input\":{\"@type\":\"PropertyValueSpecification\",\"valueRequired\":true,\"valueName\":\"search_term_string\"}}],\"inLanguage\":\"es\"},{\"@type\":\"Organization\",\"@id\":\"https:\/\/abaa.mx\/tienda\/#organization\",\"name\":\"Abaa tienda online\",\"url\":\"https:\/\/abaa.mx\/tienda\/\",\"logo\":{\"@type\":\"ImageObject\",\"inLanguage\":\"es\",\"@id\":\"https:\/\/abaa.mx\/tienda\/#\/schema\/logo\/image\/\",\"url\":\"https:\/\/abaa.mx\/tienda\/wp-content\/uploads\/2024\/01\/abaa-metrologia-tienda.png\",\"contentUrl\":\"https:\/\/abaa.mx\/tienda\/wp-content\/uploads\/2024\/01\/abaa-metrologia-tienda.png\",\"width\":300,\"height\":141,\"caption\":\"Abaa tienda online\"},\"image\":{\"@id\":\"https:\/\/abaa.mx\/tienda\/#\/schema\/logo\/image\/\"}}]}<\/script>\n<!-- \/ Yoast SEO plugin. -->","yoast_head_json":{"title":"Extensor de sonda telesc\u00f3pica para PosiTector 6000 FS NS FNS FXS FNDS NAS y FTS - 6000PRBEXT - Abaa tienda online","robots":{"index":"index","follow":"follow","max-snippet":"max-snippet:-1","max-image-preview":"max-image-preview:large","max-video-preview":"max-video-preview:-1"},"canonical":"https:\/\/abaa.mx\/tienda\/extensor-de-sonda-telescopica-para-positector-6000-fs-ns-fns-fxs-fnds-nas-y-fts-6000prbext\/","og_locale":"es_MX","og_type":"article","og_title":"Extensor de sonda telesc\u00f3pica para PosiTector 6000 FS NS FNS FXS FNDS NAS y FTS - 6000PRBEXT - Abaa tienda online","og_description":"Este dispositivo ligero y port\u00e1til aumenta el alcance de las sondas cableadas regulares PosiTector 6000 de hasta 124 cm (49\"), midiendo ergon\u00f3micamente por encima o por debajo de los pies. Incluye un soporte incorporado para asegurar el cuerpo del medidor PosiTector, lo que permite un manejo c\u00f3modo con una sola mano.   Para su uso con las sondas PosiTector 6000 FS, NS, FNS, FXS, FNDS, NAS y FTS.  Proporciona hasta 124 cm (49\") de alcance y se pliega a 47 cm (18,5\") para facilitar el almacenamiento.  El soporte de la sonda articulado con anillo estabilizador de goma proporciona un contacto seguro de la sonda en \u00e1ngulos extra\u00f1os.  El soporte del cuerpo del medidor mantiene el PosiTector en su lugar de forma segura.  El soporte de sonda desmontable est\u00e1 listo para integrarse en extensiones m\u00e1s largas (monopi\u00e9s) y sistemas de prueba de drones\/robots.  &nbsp;  Caracter\u00edsticas t\u00e9cnicas:   Longitud: 47 cm (18,5\") plegado, hasta 124 cm (49\") extendido  Espacio libre: 10 cm (3,3\")  Peso: 370 g (13 oz.)  &nbsp;","og_url":"https:\/\/abaa.mx\/tienda\/extensor-de-sonda-telescopica-para-positector-6000-fs-ns-fns-fxs-fnds-nas-y-fts-6000prbext\/","og_site_name":"Abaa tienda online","og_image":[{"width":520,"height":372,"url":"https:\/\/abaa.mx\/tienda\/wp-content\/uploads\/2023\/11\/DEFELSKO-TECTOR-6000-FS.jpg","type":"image\/jpeg"}],"twitter_card":"summary_large_image","twitter_misc":{"Tiempo de lectura":"1 minuto"},"schema":{"@context":"https:\/\/schema.org","@graph":[{"@type":"WebPage","@id":"https:\/\/abaa.mx\/tienda\/extensor-de-sonda-telescopica-para-positector-6000-fs-ns-fns-fxs-fnds-nas-y-fts-6000prbext\/","url":"https:\/\/abaa.mx\/tienda\/extensor-de-sonda-telescopica-para-positector-6000-fs-ns-fns-fxs-fnds-nas-y-fts-6000prbext\/","name":"Extensor de sonda telesc\u00f3pica para PosiTector 6000 FS NS FNS FXS FNDS NAS y FTS - 6000PRBEXT - Abaa tienda online","isPartOf":{"@id":"https:\/\/abaa.mx\/tienda\/#website"},"primaryImageOfPage":{"@id":"https:\/\/abaa.mx\/tienda\/extensor-de-sonda-telescopica-para-positector-6000-fs-ns-fns-fxs-fnds-nas-y-fts-6000prbext\/#primaryimage"},"image":{"@id":"https:\/\/abaa.mx\/tienda\/extensor-de-sonda-telescopica-para-positector-6000-fs-ns-fns-fxs-fnds-nas-y-fts-6000prbext\/#primaryimage"},"thumbnailUrl":"https:\/\/abaa.mx\/tienda\/wp-content\/uploads\/2023\/11\/DEFELSKO-TECTOR-6000-FS.jpg","datePublished":"2023-11-03T20:06:47+00:00","breadcrumb":{"@id":"https:\/\/abaa.mx\/tienda\/extensor-de-sonda-telescopica-para-positector-6000-fs-ns-fns-fxs-fnds-nas-y-fts-6000prbext\/#breadcrumb"},"inLanguage":"es","potentialAction":[{"@type":"ReadAction","target":["https:\/\/abaa.mx\/tienda\/extensor-de-sonda-telescopica-para-positector-6000-fs-ns-fns-fxs-fnds-nas-y-fts-6000prbext\/"]}]},{"@type":"ImageObject","inLanguage":"es","@id":"https:\/\/abaa.mx\/tienda\/extensor-de-sonda-telescopica-para-positector-6000-fs-ns-fns-fxs-fnds-nas-y-fts-6000prbext\/#primaryimage","url":"https:\/\/abaa.mx\/tienda\/wp-content\/uploads\/2023\/11\/DEFELSKO-TECTOR-6000-FS.jpg","contentUrl":"https:\/\/abaa.mx\/tienda\/wp-content\/uploads\/2023\/11\/DEFELSKO-TECTOR-6000-FS.jpg","width":520,"height":372,"caption":"DEFELSKO-TECTOR 6000 FS"},{"@type":"BreadcrumbList","@id":"https:\/\/abaa.mx\/tienda\/extensor-de-sonda-telescopica-para-positector-6000-fs-ns-fns-fxs-fnds-nas-y-fts-6000prbext\/#breadcrumb","itemListElement":[{"@type":"ListItem","position":1,"name":"Inicio","item":"https:\/\/abaa.mx\/tienda\/"},{"@type":"ListItem","position":2,"name":"Tienda","item":"https:\/\/abaa.mx\/tienda\/"},{"@type":"ListItem","position":3,"name":"Extensor de sonda telesc\u00f3pica para PosiTector 6000 FS NS FNS FXS FNDS NAS y FTS &#8211; 6000PRBEXT"}]},{"@type":"WebSite","@id":"https:\/\/abaa.mx\/tienda\/#website","url":"https:\/\/abaa.mx\/tienda\/","name":"Abaa tienda online","description":"Instrumentos de medici\u00f3n","publisher":{"@id":"https:\/\/abaa.mx\/tienda\/#organization"},"potentialAction":[{"@type":"SearchAction","target":{"@type":"EntryPoint","urlTemplate":"https:\/\/abaa.mx\/tienda\/?s={search_term_string}"},"query-input":{"@type":"PropertyValueSpecification","valueRequired":true,"valueName":"search_term_string"}}],"inLanguage":"es"},{"@type":"Organization","@id":"https:\/\/abaa.mx\/tienda\/#organization","name":"Abaa tienda online","url":"https:\/\/abaa.mx\/tienda\/","logo":{"@type":"ImageObject","inLanguage":"es","@id":"https:\/\/abaa.mx\/tienda\/#\/schema\/logo\/image\/","url":"https:\/\/abaa.mx\/tienda\/wp-content\/uploads\/2024\/01\/abaa-metrologia-tienda.png","contentUrl":"https:\/\/abaa.mx\/tienda\/wp-content\/uploads\/2024\/01\/abaa-metrologia-tienda.png","width":300,"height":141,"caption":"Abaa tienda online"},"image":{"@id":"https:\/\/abaa.mx\/tienda\/#\/schema\/logo\/image\/"}}]}},"_links":{"self":[{"href":"https:\/\/abaa.mx\/tienda\/wp-json\/wp\/v2\/product\/8518","targetHints":{"allow":["GET"]}}],"collection":[{"href":"https:\/\/abaa.mx\/tienda\/wp-json\/wp\/v2\/product"}],"about":[{"href":"https:\/\/abaa.mx\/tienda\/wp-json\/wp\/v2\/types\/product"}],"replies":[{"embeddable":true,"href":"https:\/\/abaa.mx\/tienda\/wp-json\/wp\/v2\/comments?post=8518"}],"wp:featuredmedia":[{"embeddable":true,"href":"https:\/\/abaa.mx\/tienda\/wp-json\/wp\/v2\/media\/8519"}],"wp:attachment":[{"href":"https:\/\/abaa.mx\/tienda\/wp-json\/wp\/v2\/media?parent=8518"}],"wp:term":[{"taxonomy":"product_brand","embeddable":true,"href":"https:\/\/abaa.mx\/tienda\/wp-json\/wp\/v2\/product_brand?post=8518"},{"taxonomy":"product_cat","embeddable":true,"href":"https:\/\/abaa.mx\/tienda\/wp-json\/wp\/v2\/product_cat?post=8518"},{"taxonomy":"product_tag","embeddable":true,"href":"https:\/\/abaa.mx\/tienda\/wp-json\/wp\/v2\/product_tag?post=8518"}],"curies":[{"name":"wp","href":"https:\/\/api.w.org\/{rel}","templated":true}]}}