{"id":8516,"date":"2023-11-03T19:53:40","date_gmt":"2023-11-03T19:53:40","guid":{"rendered":"https:\/\/abaa.mx\/tienda\/?post_type=product&#038;p=8516"},"modified":"2023-11-03T19:53:41","modified_gmt":"2023-11-03T19:53:41","slug":"meidor-de-esperores-ferroso-y-no-ferroso-ut-343d","status":"publish","type":"product","link":"https:\/\/abaa.mx\/tienda\/meidor-de-esperores-ferroso-y-no-ferroso-ut-343d\/","title":{"rendered":"Meidor de Esperores Ferroso y no Ferroso UT-343D"},"content":{"rendered":"<p>Meidor de Esperores Ferroso y no Ferroso UT-343D.<\/p>\n","protected":false},"excerpt":{"rendered":"<p>Este dispositivo est\u00e1 dise\u00f1ado con una funci\u00f3n de prueba r\u00e1pida \u00fanica, lo que permite a los clientes detallar el rango de espesor y emplear una alarma LED y de audio de 3 colores para determinar de forma r\u00e1pida si el recubrimiento que se prueba cae dentro del rango preestablecido, lo que incrementa en gran medida la eficiencia del trabajo.<\/p>\n<p>Medidor de espesor de revestimiento UT-343DEs un alto rendimientoEspesor medidorPuede medir el espesor del recubrimiento en materiales ferrosos (FE) y no ferrosos (NFE).<\/p>\n<p>Es ampliamente usado en la fabricaci\u00f3n, procesamiento de metales, aeroespacial, marino, tren de motor, investigaci\u00f3n cient\u00edfica, inspecci\u00f3n de calidad, etc.<\/p>\n<p>La pantalla UT-343 es giratoria autom\u00e1tica.<br \/>\nEste dispositivo certificado por la CE puede guardar hasta 500 conjuntos de datos para un mayor an\u00e1lisis a trav\u00e9s del software anal\u00edtico de PC incluido.<\/p>\n<p><strong>Caracter\u00edsticas:<\/strong><\/p>\n<ul>\n<li>Punto \u00fanico, juicio r\u00e1pido multipunto y aviso<\/li>\n<li>El sensor utiliza tecnolog\u00eda de sujeci\u00f3n de diamante, que es precisa, resistente al desgaste y estable.<\/li>\n<li>Calibraci\u00f3n de un solo punto y dos puntos para garantizar la precisi\u00f3n de la medici\u00f3n<\/li>\n<li>Luces de advertencia Rojas, verdes y amarillas.<\/li>\n<li>Identificaci\u00f3n autom\u00e1tica de sustratos de hierro y no ferrosos.<\/li>\n<li>500 conjuntos de almacenamiento de datos y transmisi\u00f3n de datos USB.<\/li>\n<li>El contenido de la pantalla se gira autom\u00e1ticamente.<\/li>\n<\/ul>\n","protected":false},"featured_media":8517,"comment_status":"open","ping_status":"closed","template":"","meta":{"_joinchat":[]},"product_brand":[],"product_cat":[111],"product_tag":[],"class_list":{"0":"post-8516","1":"product","2":"type-product","3":"status-publish","4":"has-post-thumbnail","6":"product_cat-medidores-de-espesor","8":"first","9":"instock","10":"shipping-taxable","11":"product-type-simple"},"yoast_head":"<!-- This site is optimized with the Yoast SEO plugin v26.4 - https:\/\/yoast.com\/wordpress\/plugins\/seo\/ -->\n<title>Meidor de Esperores Ferroso y no Ferroso UT-343D - Abaa tienda online<\/title>\n<meta name=\"robots\" content=\"index, follow, max-snippet:-1, max-image-preview:large, max-video-preview:-1\" \/>\n<link rel=\"canonical\" href=\"https:\/\/abaa.mx\/tienda\/meidor-de-esperores-ferroso-y-no-ferroso-ut-343d\/\" \/>\n<meta property=\"og:locale\" content=\"es_MX\" \/>\n<meta property=\"og:type\" content=\"article\" \/>\n<meta property=\"og:title\" content=\"Meidor de Esperores Ferroso y no Ferroso UT-343D - Abaa tienda online\" \/>\n<meta property=\"og:description\" content=\"Este dispositivo est\u00e1 dise\u00f1ado con una funci\u00f3n de prueba r\u00e1pida \u00fanica, lo que permite a los clientes detallar el rango de espesor y emplear una alarma LED y de audio de 3 colores para determinar de forma r\u00e1pida si el recubrimiento que se prueba cae dentro del rango preestablecido, lo que incrementa en gran medida la eficiencia del trabajo.  Medidor de espesor de revestimiento UT-343DEs un alto rendimientoEspesor medidorPuede medir el espesor del recubrimiento en materiales ferrosos (FE) y no ferrosos (NFE).  Es ampliamente usado en la fabricaci\u00f3n, procesamiento de metales, aeroespacial, marino, tren de motor, investigaci\u00f3n cient\u00edfica, inspecci\u00f3n de calidad, etc.  La pantalla UT-343 es giratoria autom\u00e1tica. Este dispositivo certificado por la CE puede guardar hasta 500 conjuntos de datos para un mayor an\u00e1lisis a trav\u00e9s del software anal\u00edtico de PC incluido.  Caracter\u00edsticas:   Punto \u00fanico, juicio r\u00e1pido multipunto y aviso  El sensor utiliza tecnolog\u00eda de sujeci\u00f3n de diamante, que es precisa, resistente al desgaste y estable.  Calibraci\u00f3n de un solo punto y dos puntos para garantizar la precisi\u00f3n de la medici\u00f3n  Luces de advertencia Rojas, verdes y amarillas.  Identificaci\u00f3n autom\u00e1tica de sustratos de hierro y no ferrosos.  500 conjuntos de almacenamiento de datos y transmisi\u00f3n de datos USB.  El contenido de la pantalla se gira autom\u00e1ticamente.\" \/>\n<meta property=\"og:url\" content=\"https:\/\/abaa.mx\/tienda\/meidor-de-esperores-ferroso-y-no-ferroso-ut-343d\/\" \/>\n<meta property=\"og:site_name\" content=\"Abaa tienda online\" \/>\n<meta property=\"article:modified_time\" content=\"2023-11-03T19:53:41+00:00\" \/>\n<meta property=\"og:image\" content=\"https:\/\/abaa.mx\/tienda\/wp-content\/uploads\/2023\/11\/UNIT-UT-343D.jpg\" \/>\n\t<meta property=\"og:image:width\" content=\"407\" \/>\n\t<meta property=\"og:image:height\" content=\"495\" \/>\n\t<meta property=\"og:image:type\" content=\"image\/jpeg\" \/>\n<meta name=\"twitter:card\" content=\"summary_large_image\" \/>\n<meta name=\"twitter:label1\" content=\"Tiempo de lectura\" \/>\n\t<meta name=\"twitter:data1\" content=\"1 minuto\" \/>\n<script type=\"application\/ld+json\" class=\"yoast-schema-graph\">{\"@context\":\"https:\/\/schema.org\",\"@graph\":[{\"@type\":\"WebPage\",\"@id\":\"https:\/\/abaa.mx\/tienda\/meidor-de-esperores-ferroso-y-no-ferroso-ut-343d\/\",\"url\":\"https:\/\/abaa.mx\/tienda\/meidor-de-esperores-ferroso-y-no-ferroso-ut-343d\/\",\"name\":\"Meidor de Esperores Ferroso y no Ferroso UT-343D - Abaa tienda online\",\"isPartOf\":{\"@id\":\"https:\/\/abaa.mx\/tienda\/#website\"},\"primaryImageOfPage\":{\"@id\":\"https:\/\/abaa.mx\/tienda\/meidor-de-esperores-ferroso-y-no-ferroso-ut-343d\/#primaryimage\"},\"image\":{\"@id\":\"https:\/\/abaa.mx\/tienda\/meidor-de-esperores-ferroso-y-no-ferroso-ut-343d\/#primaryimage\"},\"thumbnailUrl\":\"https:\/\/abaa.mx\/tienda\/wp-content\/uploads\/2023\/11\/UNIT-UT-343D.jpg\",\"datePublished\":\"2023-11-03T19:53:40+00:00\",\"dateModified\":\"2023-11-03T19:53:41+00:00\",\"breadcrumb\":{\"@id\":\"https:\/\/abaa.mx\/tienda\/meidor-de-esperores-ferroso-y-no-ferroso-ut-343d\/#breadcrumb\"},\"inLanguage\":\"es\",\"potentialAction\":[{\"@type\":\"ReadAction\",\"target\":[\"https:\/\/abaa.mx\/tienda\/meidor-de-esperores-ferroso-y-no-ferroso-ut-343d\/\"]}]},{\"@type\":\"ImageObject\",\"inLanguage\":\"es\",\"@id\":\"https:\/\/abaa.mx\/tienda\/meidor-de-esperores-ferroso-y-no-ferroso-ut-343d\/#primaryimage\",\"url\":\"https:\/\/abaa.mx\/tienda\/wp-content\/uploads\/2023\/11\/UNIT-UT-343D.jpg\",\"contentUrl\":\"https:\/\/abaa.mx\/tienda\/wp-content\/uploads\/2023\/11\/UNIT-UT-343D.jpg\",\"width\":407,\"height\":495,\"caption\":\"UNIT-UT-343D\"},{\"@type\":\"BreadcrumbList\",\"@id\":\"https:\/\/abaa.mx\/tienda\/meidor-de-esperores-ferroso-y-no-ferroso-ut-343d\/#breadcrumb\",\"itemListElement\":[{\"@type\":\"ListItem\",\"position\":1,\"name\":\"Inicio\",\"item\":\"https:\/\/abaa.mx\/tienda\/\"},{\"@type\":\"ListItem\",\"position\":2,\"name\":\"Tienda\",\"item\":\"https:\/\/abaa.mx\/tienda\/\"},{\"@type\":\"ListItem\",\"position\":3,\"name\":\"Meidor de Esperores Ferroso y no Ferroso UT-343D\"}]},{\"@type\":\"WebSite\",\"@id\":\"https:\/\/abaa.mx\/tienda\/#website\",\"url\":\"https:\/\/abaa.mx\/tienda\/\",\"name\":\"Abaa tienda online\",\"description\":\"Instrumentos de medici\u00f3n\",\"publisher\":{\"@id\":\"https:\/\/abaa.mx\/tienda\/#organization\"},\"potentialAction\":[{\"@type\":\"SearchAction\",\"target\":{\"@type\":\"EntryPoint\",\"urlTemplate\":\"https:\/\/abaa.mx\/tienda\/?s={search_term_string}\"},\"query-input\":{\"@type\":\"PropertyValueSpecification\",\"valueRequired\":true,\"valueName\":\"search_term_string\"}}],\"inLanguage\":\"es\"},{\"@type\":\"Organization\",\"@id\":\"https:\/\/abaa.mx\/tienda\/#organization\",\"name\":\"Abaa tienda online\",\"url\":\"https:\/\/abaa.mx\/tienda\/\",\"logo\":{\"@type\":\"ImageObject\",\"inLanguage\":\"es\",\"@id\":\"https:\/\/abaa.mx\/tienda\/#\/schema\/logo\/image\/\",\"url\":\"https:\/\/abaa.mx\/tienda\/wp-content\/uploads\/2024\/01\/abaa-metrologia-tienda.png\",\"contentUrl\":\"https:\/\/abaa.mx\/tienda\/wp-content\/uploads\/2024\/01\/abaa-metrologia-tienda.png\",\"width\":300,\"height\":141,\"caption\":\"Abaa tienda online\"},\"image\":{\"@id\":\"https:\/\/abaa.mx\/tienda\/#\/schema\/logo\/image\/\"}}]}<\/script>\n<!-- \/ Yoast SEO plugin. -->","yoast_head_json":{"title":"Meidor de Esperores Ferroso y no Ferroso UT-343D - Abaa tienda online","robots":{"index":"index","follow":"follow","max-snippet":"max-snippet:-1","max-image-preview":"max-image-preview:large","max-video-preview":"max-video-preview:-1"},"canonical":"https:\/\/abaa.mx\/tienda\/meidor-de-esperores-ferroso-y-no-ferroso-ut-343d\/","og_locale":"es_MX","og_type":"article","og_title":"Meidor de Esperores Ferroso y no Ferroso UT-343D - Abaa tienda online","og_description":"Este dispositivo est\u00e1 dise\u00f1ado con una funci\u00f3n de prueba r\u00e1pida \u00fanica, lo que permite a los clientes detallar el rango de espesor y emplear una alarma LED y de audio de 3 colores para determinar de forma r\u00e1pida si el recubrimiento que se prueba cae dentro del rango preestablecido, lo que incrementa en gran medida la eficiencia del trabajo.  Medidor de espesor de revestimiento UT-343DEs un alto rendimientoEspesor medidorPuede medir el espesor del recubrimiento en materiales ferrosos (FE) y no ferrosos (NFE).  Es ampliamente usado en la fabricaci\u00f3n, procesamiento de metales, aeroespacial, marino, tren de motor, investigaci\u00f3n cient\u00edfica, inspecci\u00f3n de calidad, etc.  La pantalla UT-343 es giratoria autom\u00e1tica. Este dispositivo certificado por la CE puede guardar hasta 500 conjuntos de datos para un mayor an\u00e1lisis a trav\u00e9s del software anal\u00edtico de PC incluido.  Caracter\u00edsticas:   Punto \u00fanico, juicio r\u00e1pido multipunto y aviso  El sensor utiliza tecnolog\u00eda de sujeci\u00f3n de diamante, que es precisa, resistente al desgaste y estable.  Calibraci\u00f3n de un solo punto y dos puntos para garantizar la precisi\u00f3n de la medici\u00f3n  Luces de advertencia Rojas, verdes y amarillas.  Identificaci\u00f3n autom\u00e1tica de sustratos de hierro y no ferrosos.  500 conjuntos de almacenamiento de datos y transmisi\u00f3n de datos USB.  El contenido de la pantalla se gira autom\u00e1ticamente.","og_url":"https:\/\/abaa.mx\/tienda\/meidor-de-esperores-ferroso-y-no-ferroso-ut-343d\/","og_site_name":"Abaa tienda online","article_modified_time":"2023-11-03T19:53:41+00:00","og_image":[{"width":407,"height":495,"url":"https:\/\/abaa.mx\/tienda\/wp-content\/uploads\/2023\/11\/UNIT-UT-343D.jpg","type":"image\/jpeg"}],"twitter_card":"summary_large_image","twitter_misc":{"Tiempo de lectura":"1 minuto"},"schema":{"@context":"https:\/\/schema.org","@graph":[{"@type":"WebPage","@id":"https:\/\/abaa.mx\/tienda\/meidor-de-esperores-ferroso-y-no-ferroso-ut-343d\/","url":"https:\/\/abaa.mx\/tienda\/meidor-de-esperores-ferroso-y-no-ferroso-ut-343d\/","name":"Meidor de Esperores Ferroso y no Ferroso UT-343D - Abaa tienda online","isPartOf":{"@id":"https:\/\/abaa.mx\/tienda\/#website"},"primaryImageOfPage":{"@id":"https:\/\/abaa.mx\/tienda\/meidor-de-esperores-ferroso-y-no-ferroso-ut-343d\/#primaryimage"},"image":{"@id":"https:\/\/abaa.mx\/tienda\/meidor-de-esperores-ferroso-y-no-ferroso-ut-343d\/#primaryimage"},"thumbnailUrl":"https:\/\/abaa.mx\/tienda\/wp-content\/uploads\/2023\/11\/UNIT-UT-343D.jpg","datePublished":"2023-11-03T19:53:40+00:00","dateModified":"2023-11-03T19:53:41+00:00","breadcrumb":{"@id":"https:\/\/abaa.mx\/tienda\/meidor-de-esperores-ferroso-y-no-ferroso-ut-343d\/#breadcrumb"},"inLanguage":"es","potentialAction":[{"@type":"ReadAction","target":["https:\/\/abaa.mx\/tienda\/meidor-de-esperores-ferroso-y-no-ferroso-ut-343d\/"]}]},{"@type":"ImageObject","inLanguage":"es","@id":"https:\/\/abaa.mx\/tienda\/meidor-de-esperores-ferroso-y-no-ferroso-ut-343d\/#primaryimage","url":"https:\/\/abaa.mx\/tienda\/wp-content\/uploads\/2023\/11\/UNIT-UT-343D.jpg","contentUrl":"https:\/\/abaa.mx\/tienda\/wp-content\/uploads\/2023\/11\/UNIT-UT-343D.jpg","width":407,"height":495,"caption":"UNIT-UT-343D"},{"@type":"BreadcrumbList","@id":"https:\/\/abaa.mx\/tienda\/meidor-de-esperores-ferroso-y-no-ferroso-ut-343d\/#breadcrumb","itemListElement":[{"@type":"ListItem","position":1,"name":"Inicio","item":"https:\/\/abaa.mx\/tienda\/"},{"@type":"ListItem","position":2,"name":"Tienda","item":"https:\/\/abaa.mx\/tienda\/"},{"@type":"ListItem","position":3,"name":"Meidor de Esperores Ferroso y no Ferroso UT-343D"}]},{"@type":"WebSite","@id":"https:\/\/abaa.mx\/tienda\/#website","url":"https:\/\/abaa.mx\/tienda\/","name":"Abaa tienda online","description":"Instrumentos de medici\u00f3n","publisher":{"@id":"https:\/\/abaa.mx\/tienda\/#organization"},"potentialAction":[{"@type":"SearchAction","target":{"@type":"EntryPoint","urlTemplate":"https:\/\/abaa.mx\/tienda\/?s={search_term_string}"},"query-input":{"@type":"PropertyValueSpecification","valueRequired":true,"valueName":"search_term_string"}}],"inLanguage":"es"},{"@type":"Organization","@id":"https:\/\/abaa.mx\/tienda\/#organization","name":"Abaa tienda online","url":"https:\/\/abaa.mx\/tienda\/","logo":{"@type":"ImageObject","inLanguage":"es","@id":"https:\/\/abaa.mx\/tienda\/#\/schema\/logo\/image\/","url":"https:\/\/abaa.mx\/tienda\/wp-content\/uploads\/2024\/01\/abaa-metrologia-tienda.png","contentUrl":"https:\/\/abaa.mx\/tienda\/wp-content\/uploads\/2024\/01\/abaa-metrologia-tienda.png","width":300,"height":141,"caption":"Abaa tienda online"},"image":{"@id":"https:\/\/abaa.mx\/tienda\/#\/schema\/logo\/image\/"}}]}},"_links":{"self":[{"href":"https:\/\/abaa.mx\/tienda\/wp-json\/wp\/v2\/product\/8516","targetHints":{"allow":["GET"]}}],"collection":[{"href":"https:\/\/abaa.mx\/tienda\/wp-json\/wp\/v2\/product"}],"about":[{"href":"https:\/\/abaa.mx\/tienda\/wp-json\/wp\/v2\/types\/product"}],"replies":[{"embeddable":true,"href":"https:\/\/abaa.mx\/tienda\/wp-json\/wp\/v2\/comments?post=8516"}],"wp:featuredmedia":[{"embeddable":true,"href":"https:\/\/abaa.mx\/tienda\/wp-json\/wp\/v2\/media\/8517"}],"wp:attachment":[{"href":"https:\/\/abaa.mx\/tienda\/wp-json\/wp\/v2\/media?parent=8516"}],"wp:term":[{"taxonomy":"product_brand","embeddable":true,"href":"https:\/\/abaa.mx\/tienda\/wp-json\/wp\/v2\/product_brand?post=8516"},{"taxonomy":"product_cat","embeddable":true,"href":"https:\/\/abaa.mx\/tienda\/wp-json\/wp\/v2\/product_cat?post=8516"},{"taxonomy":"product_tag","embeddable":true,"href":"https:\/\/abaa.mx\/tienda\/wp-json\/wp\/v2\/product_tag?post=8516"}],"curies":[{"name":"wp","href":"https:\/\/api.w.org\/{rel}","templated":true}]}}