{"id":8514,"date":"2023-11-03T19:48:08","date_gmt":"2023-11-03T19:48:08","guid":{"rendered":"https:\/\/abaa.mx\/tienda\/?post_type=product&#038;p=8514"},"modified":"2023-11-03T19:48:08","modified_gmt":"2023-11-03T19:48:08","slug":"medidor-de-espesor-ultrasonico-1-2-a-220mm-gm100","status":"publish","type":"product","link":"https:\/\/abaa.mx\/tienda\/medidor-de-espesor-ultrasonico-1-2-a-220mm-gm100\/","title":{"rendered":"Medidor de Espesor Ultrasonico 1.2 a 220mm GM100."},"content":{"rendered":"<p>Medidor de Espesor Ultrasonico 1.2 a 220mm GM100.<\/p>\n","protected":false},"excerpt":{"rendered":"<p>Este medidor de espesor ultras\u00f3nico es un producto de agarre capaz , que adopta el principio de medici\u00f3n ultras\u00f3nica, y est\u00e1 bajo control por un microprocesador, proporciona una medici\u00f3n r\u00e1pida y precisa del espesor para la mayor parte de los materiales industriales. Esta unidad se utiliza ampliamente en varias medidas precisas para diferentes hardware \/ piezas en el campo industrial; una de sus aplicaciones importantes es monitorear el nivel durante el desempe\u00f1o de m\u00faltiples recipientes a presi\u00f3n. Aplicado de manera difusa en los campos de fabricaci\u00f3n, procesamiento de metales y tambi\u00e9n inspecci\u00f3n comercial. El material que conduce y refleja una velocidad s\u00f3nica incesante , este producto ha de ser aplicable al uso.<\/p>\n<h3><b><span style=\"vertical-align: inherit;\">Caracteristicas:<\/span><\/b><\/h3>\n<p><strong>El medidor de espesor ultras\u00f3nico posee las siguientes caracter\u00edsticas:<\/strong><\/p>\n<ul>\n<li>Almacenamiento \/ eliminaci\u00f3n de datos<\/li>\n<li>Medir la velocidad del sonido<\/li>\n<li>Pantalla de luz de fondo LCD<\/li>\n<li>Recordatorio de bater\u00eda baja<\/li>\n<li>Apagado autom\u00e1tico<\/li>\n<\/ul>\n<p><strong>Modo de visualizaci\u00f3n: pantalla LCD de cuatro d\u00edgitos:<\/strong><\/p>\n<ul>\n<li>Unidad de visualizaci\u00f3n m\u00ednima: 0,1 mm.<\/li>\n<li>Frecuencia de trabajo: 5 MHz.<\/li>\n<li>L\u00edmite inferior de medici\u00f3n de la tuber\u00eda: \u03a620&#215;3 mm (acero).<\/li>\n<li>Rango de medici\u00f3n: 1,2 \uff5e 225,0 mm (acero).<\/li>\n<li>Rango de ajuste de la velocidad del sonido: 1000 \uff5e 9999 m \/ s.<\/li>\n<li>Error de medici\u00f3n: \u00b1 (1% H + 0,1) mm. H es el grosor real del objeto medido.<\/li>\n<\/ul>\n<p><strong>Velocidad del sonido inversa con un grosor conocido:<\/strong><\/p>\n<p>Rango de medici\u00f3n 1000 \uff5e 9999 m \/ s, cuando el espesor del bloque de prueba es inferior a 20 mm, la velocidad del sonido se mide la precisi\u00f3n es \u00b1 1%; en el momento en que el grosor del bloque de prueba es&gt; 20 mm, la precisi\u00f3n de la medici\u00f3n de la velocidad del sonido es de \u00b1 5% Rango de temperatura de desempe\u00f1o : 0 \uff5e 40 \u2103 Fuente de alimentaci\u00f3n : tres pilas alcalinas AAA de 1,5 v (no incluidas ).<\/p>\n<p><strong>Accesorios Incluidos:\u00a0<\/strong><\/p>\n<p>Sonda:<\/p>\n<ul>\n<li>1 bloque de calibraci\u00f3n de 4 mm.<\/li>\n<li>1 est\u00e1ndar (\u03a610mm 5MHz).<\/li>\n<li>1 botella de Gel Acoplante.<\/li>\n<li>1 estuche Met\u00e1lico y caja de Cart\u00f3n.<\/li>\n<\/ul>\n<p>&nbsp;<\/p>\n","protected":false},"featured_media":8515,"comment_status":"open","ping_status":"closed","template":"","meta":{"_joinchat":[]},"product_brand":[],"product_cat":[111],"product_tag":[],"class_list":{"0":"post-8514","1":"product","2":"type-product","3":"status-publish","4":"has-post-thumbnail","6":"product_cat-medidores-de-espesor","8":"first","9":"instock","10":"shipping-taxable","11":"product-type-simple"},"yoast_head":"<!-- This site is optimized with the Yoast SEO plugin v26.4 - https:\/\/yoast.com\/wordpress\/plugins\/seo\/ -->\n<title>Medidor de Espesor Ultrasonico 1.2 a 220mm GM100. - Abaa tienda online<\/title>\n<meta name=\"robots\" content=\"index, follow, max-snippet:-1, max-image-preview:large, max-video-preview:-1\" \/>\n<link rel=\"canonical\" href=\"https:\/\/abaa.mx\/tienda\/medidor-de-espesor-ultrasonico-1-2-a-220mm-gm100\/\" \/>\n<meta property=\"og:locale\" content=\"es_MX\" \/>\n<meta property=\"og:type\" content=\"article\" \/>\n<meta property=\"og:title\" content=\"Medidor de Espesor Ultrasonico 1.2 a 220mm GM100. - Abaa tienda online\" \/>\n<meta property=\"og:description\" content=\"Este medidor de espesor ultras\u00f3nico es un producto de agarre capaz , que adopta el principio de medici\u00f3n ultras\u00f3nica, y est\u00e1 bajo control por un microprocesador, proporciona una medici\u00f3n r\u00e1pida y precisa del espesor para la mayor parte de los materiales industriales. Esta unidad se utiliza ampliamente en varias medidas precisas para diferentes hardware \/ piezas en el campo industrial; una de sus aplicaciones importantes es monitorear el nivel durante el desempe\u00f1o de m\u00faltiples recipientes a presi\u00f3n. Aplicado de manera difusa en los campos de fabricaci\u00f3n, procesamiento de metales y tambi\u00e9n inspecci\u00f3n comercial. El material que conduce y refleja una velocidad s\u00f3nica incesante , este producto ha de ser aplicable al uso. Caracteristicas: El medidor de espesor ultras\u00f3nico posee las siguientes caracter\u00edsticas:   Almacenamiento \/ eliminaci\u00f3n de datos  Medir la velocidad del sonido  Pantalla de luz de fondo LCD  Recordatorio de bater\u00eda baja  Apagado autom\u00e1tico  Modo de visualizaci\u00f3n: pantalla LCD de cuatro d\u00edgitos:   Unidad de visualizaci\u00f3n m\u00ednima: 0,1 mm.  Frecuencia de trabajo: 5 MHz.  L\u00edmite inferior de medici\u00f3n de la tuber\u00eda: \u03a620x3 mm (acero).  Rango de medici\u00f3n: 1,2 \uff5e 225,0 mm (acero).  Rango de ajuste de la velocidad del sonido: 1000 \uff5e 9999 m \/ s.  Error de medici\u00f3n: \u00b1 (1% H + 0,1) mm. H es el grosor real del objeto medido.  Velocidad del sonido inversa con un grosor conocido:  Rango de medici\u00f3n 1000 \uff5e 9999 m \/ s, cuando el espesor del bloque de prueba es inferior a 20 mm, la velocidad del sonido se mide la precisi\u00f3n es \u00b1 1%; en el momento en que el grosor del bloque de prueba es&gt; 20 mm, la precisi\u00f3n de la medici\u00f3n de la velocidad del sonido es de \u00b1 5% Rango de temperatura de desempe\u00f1o : 0 \uff5e 40 \u2103 Fuente de alimentaci\u00f3n : tres pilas alcalinas AAA de 1,5 v (no incluidas ).  Accesorios Incluidos:\u00a0  Sonda:   1 bloque de calibraci\u00f3n de 4 mm.  1 est\u00e1ndar (\u03a610mm 5MHz).  1 botella de Gel Acoplante.  1 estuche Met\u00e1lico y caja de Cart\u00f3n.  &nbsp;\" \/>\n<meta property=\"og:url\" content=\"https:\/\/abaa.mx\/tienda\/medidor-de-espesor-ultrasonico-1-2-a-220mm-gm100\/\" \/>\n<meta property=\"og:site_name\" content=\"Abaa tienda online\" \/>\n<meta property=\"og:image\" content=\"https:\/\/abaa.mx\/tienda\/wp-content\/uploads\/2023\/11\/BENETECH-GM100.jpg\" \/>\n\t<meta property=\"og:image:width\" content=\"412\" \/>\n\t<meta property=\"og:image:height\" content=\"521\" \/>\n\t<meta property=\"og:image:type\" content=\"image\/jpeg\" \/>\n<meta name=\"twitter:card\" content=\"summary_large_image\" \/>\n<meta name=\"twitter:label1\" content=\"Tiempo de lectura\" \/>\n\t<meta name=\"twitter:data1\" content=\"1 minuto\" \/>\n<script type=\"application\/ld+json\" class=\"yoast-schema-graph\">{\"@context\":\"https:\/\/schema.org\",\"@graph\":[{\"@type\":\"WebPage\",\"@id\":\"https:\/\/abaa.mx\/tienda\/medidor-de-espesor-ultrasonico-1-2-a-220mm-gm100\/\",\"url\":\"https:\/\/abaa.mx\/tienda\/medidor-de-espesor-ultrasonico-1-2-a-220mm-gm100\/\",\"name\":\"Medidor de Espesor Ultrasonico 1.2 a 220mm GM100. - Abaa tienda online\",\"isPartOf\":{\"@id\":\"https:\/\/abaa.mx\/tienda\/#website\"},\"primaryImageOfPage\":{\"@id\":\"https:\/\/abaa.mx\/tienda\/medidor-de-espesor-ultrasonico-1-2-a-220mm-gm100\/#primaryimage\"},\"image\":{\"@id\":\"https:\/\/abaa.mx\/tienda\/medidor-de-espesor-ultrasonico-1-2-a-220mm-gm100\/#primaryimage\"},\"thumbnailUrl\":\"https:\/\/abaa.mx\/tienda\/wp-content\/uploads\/2023\/11\/BENETECH-GM100.jpg\",\"datePublished\":\"2023-11-03T19:48:08+00:00\",\"breadcrumb\":{\"@id\":\"https:\/\/abaa.mx\/tienda\/medidor-de-espesor-ultrasonico-1-2-a-220mm-gm100\/#breadcrumb\"},\"inLanguage\":\"es\",\"potentialAction\":[{\"@type\":\"ReadAction\",\"target\":[\"https:\/\/abaa.mx\/tienda\/medidor-de-espesor-ultrasonico-1-2-a-220mm-gm100\/\"]}]},{\"@type\":\"ImageObject\",\"inLanguage\":\"es\",\"@id\":\"https:\/\/abaa.mx\/tienda\/medidor-de-espesor-ultrasonico-1-2-a-220mm-gm100\/#primaryimage\",\"url\":\"https:\/\/abaa.mx\/tienda\/wp-content\/uploads\/2023\/11\/BENETECH-GM100.jpg\",\"contentUrl\":\"https:\/\/abaa.mx\/tienda\/wp-content\/uploads\/2023\/11\/BENETECH-GM100.jpg\",\"width\":412,\"height\":521,\"caption\":\"BENETECH-GM100\"},{\"@type\":\"BreadcrumbList\",\"@id\":\"https:\/\/abaa.mx\/tienda\/medidor-de-espesor-ultrasonico-1-2-a-220mm-gm100\/#breadcrumb\",\"itemListElement\":[{\"@type\":\"ListItem\",\"position\":1,\"name\":\"Inicio\",\"item\":\"https:\/\/abaa.mx\/tienda\/\"},{\"@type\":\"ListItem\",\"position\":2,\"name\":\"Tienda\",\"item\":\"https:\/\/abaa.mx\/tienda\/\"},{\"@type\":\"ListItem\",\"position\":3,\"name\":\"Medidor de Espesor Ultrasonico 1.2 a 220mm GM100.\"}]},{\"@type\":\"WebSite\",\"@id\":\"https:\/\/abaa.mx\/tienda\/#website\",\"url\":\"https:\/\/abaa.mx\/tienda\/\",\"name\":\"Abaa tienda online\",\"description\":\"Instrumentos de medici\u00f3n\",\"publisher\":{\"@id\":\"https:\/\/abaa.mx\/tienda\/#organization\"},\"potentialAction\":[{\"@type\":\"SearchAction\",\"target\":{\"@type\":\"EntryPoint\",\"urlTemplate\":\"https:\/\/abaa.mx\/tienda\/?s={search_term_string}\"},\"query-input\":{\"@type\":\"PropertyValueSpecification\",\"valueRequired\":true,\"valueName\":\"search_term_string\"}}],\"inLanguage\":\"es\"},{\"@type\":\"Organization\",\"@id\":\"https:\/\/abaa.mx\/tienda\/#organization\",\"name\":\"Abaa tienda online\",\"url\":\"https:\/\/abaa.mx\/tienda\/\",\"logo\":{\"@type\":\"ImageObject\",\"inLanguage\":\"es\",\"@id\":\"https:\/\/abaa.mx\/tienda\/#\/schema\/logo\/image\/\",\"url\":\"https:\/\/abaa.mx\/tienda\/wp-content\/uploads\/2024\/01\/abaa-metrologia-tienda.png\",\"contentUrl\":\"https:\/\/abaa.mx\/tienda\/wp-content\/uploads\/2024\/01\/abaa-metrologia-tienda.png\",\"width\":300,\"height\":141,\"caption\":\"Abaa tienda online\"},\"image\":{\"@id\":\"https:\/\/abaa.mx\/tienda\/#\/schema\/logo\/image\/\"}}]}<\/script>\n<!-- \/ Yoast SEO plugin. -->","yoast_head_json":{"title":"Medidor de Espesor Ultrasonico 1.2 a 220mm GM100. - Abaa tienda online","robots":{"index":"index","follow":"follow","max-snippet":"max-snippet:-1","max-image-preview":"max-image-preview:large","max-video-preview":"max-video-preview:-1"},"canonical":"https:\/\/abaa.mx\/tienda\/medidor-de-espesor-ultrasonico-1-2-a-220mm-gm100\/","og_locale":"es_MX","og_type":"article","og_title":"Medidor de Espesor Ultrasonico 1.2 a 220mm GM100. - Abaa tienda online","og_description":"Este medidor de espesor ultras\u00f3nico es un producto de agarre capaz , que adopta el principio de medici\u00f3n ultras\u00f3nica, y est\u00e1 bajo control por un microprocesador, proporciona una medici\u00f3n r\u00e1pida y precisa del espesor para la mayor parte de los materiales industriales. Esta unidad se utiliza ampliamente en varias medidas precisas para diferentes hardware \/ piezas en el campo industrial; una de sus aplicaciones importantes es monitorear el nivel durante el desempe\u00f1o de m\u00faltiples recipientes a presi\u00f3n. Aplicado de manera difusa en los campos de fabricaci\u00f3n, procesamiento de metales y tambi\u00e9n inspecci\u00f3n comercial. El material que conduce y refleja una velocidad s\u00f3nica incesante , este producto ha de ser aplicable al uso. Caracteristicas: El medidor de espesor ultras\u00f3nico posee las siguientes caracter\u00edsticas:   Almacenamiento \/ eliminaci\u00f3n de datos  Medir la velocidad del sonido  Pantalla de luz de fondo LCD  Recordatorio de bater\u00eda baja  Apagado autom\u00e1tico  Modo de visualizaci\u00f3n: pantalla LCD de cuatro d\u00edgitos:   Unidad de visualizaci\u00f3n m\u00ednima: 0,1 mm.  Frecuencia de trabajo: 5 MHz.  L\u00edmite inferior de medici\u00f3n de la tuber\u00eda: \u03a620x3 mm (acero).  Rango de medici\u00f3n: 1,2 \uff5e 225,0 mm (acero).  Rango de ajuste de la velocidad del sonido: 1000 \uff5e 9999 m \/ s.  Error de medici\u00f3n: \u00b1 (1% H + 0,1) mm. H es el grosor real del objeto medido.  Velocidad del sonido inversa con un grosor conocido:  Rango de medici\u00f3n 1000 \uff5e 9999 m \/ s, cuando el espesor del bloque de prueba es inferior a 20 mm, la velocidad del sonido se mide la precisi\u00f3n es \u00b1 1%; en el momento en que el grosor del bloque de prueba es&gt; 20 mm, la precisi\u00f3n de la medici\u00f3n de la velocidad del sonido es de \u00b1 5% Rango de temperatura de desempe\u00f1o : 0 \uff5e 40 \u2103 Fuente de alimentaci\u00f3n : tres pilas alcalinas AAA de 1,5 v (no incluidas ).  Accesorios Incluidos:\u00a0  Sonda:   1 bloque de calibraci\u00f3n de 4 mm.  1 est\u00e1ndar (\u03a610mm 5MHz).  1 botella de Gel Acoplante.  1 estuche Met\u00e1lico y caja de Cart\u00f3n.  &nbsp;","og_url":"https:\/\/abaa.mx\/tienda\/medidor-de-espesor-ultrasonico-1-2-a-220mm-gm100\/","og_site_name":"Abaa tienda online","og_image":[{"width":412,"height":521,"url":"https:\/\/abaa.mx\/tienda\/wp-content\/uploads\/2023\/11\/BENETECH-GM100.jpg","type":"image\/jpeg"}],"twitter_card":"summary_large_image","twitter_misc":{"Tiempo de lectura":"1 minuto"},"schema":{"@context":"https:\/\/schema.org","@graph":[{"@type":"WebPage","@id":"https:\/\/abaa.mx\/tienda\/medidor-de-espesor-ultrasonico-1-2-a-220mm-gm100\/","url":"https:\/\/abaa.mx\/tienda\/medidor-de-espesor-ultrasonico-1-2-a-220mm-gm100\/","name":"Medidor de Espesor Ultrasonico 1.2 a 220mm GM100. - Abaa tienda online","isPartOf":{"@id":"https:\/\/abaa.mx\/tienda\/#website"},"primaryImageOfPage":{"@id":"https:\/\/abaa.mx\/tienda\/medidor-de-espesor-ultrasonico-1-2-a-220mm-gm100\/#primaryimage"},"image":{"@id":"https:\/\/abaa.mx\/tienda\/medidor-de-espesor-ultrasonico-1-2-a-220mm-gm100\/#primaryimage"},"thumbnailUrl":"https:\/\/abaa.mx\/tienda\/wp-content\/uploads\/2023\/11\/BENETECH-GM100.jpg","datePublished":"2023-11-03T19:48:08+00:00","breadcrumb":{"@id":"https:\/\/abaa.mx\/tienda\/medidor-de-espesor-ultrasonico-1-2-a-220mm-gm100\/#breadcrumb"},"inLanguage":"es","potentialAction":[{"@type":"ReadAction","target":["https:\/\/abaa.mx\/tienda\/medidor-de-espesor-ultrasonico-1-2-a-220mm-gm100\/"]}]},{"@type":"ImageObject","inLanguage":"es","@id":"https:\/\/abaa.mx\/tienda\/medidor-de-espesor-ultrasonico-1-2-a-220mm-gm100\/#primaryimage","url":"https:\/\/abaa.mx\/tienda\/wp-content\/uploads\/2023\/11\/BENETECH-GM100.jpg","contentUrl":"https:\/\/abaa.mx\/tienda\/wp-content\/uploads\/2023\/11\/BENETECH-GM100.jpg","width":412,"height":521,"caption":"BENETECH-GM100"},{"@type":"BreadcrumbList","@id":"https:\/\/abaa.mx\/tienda\/medidor-de-espesor-ultrasonico-1-2-a-220mm-gm100\/#breadcrumb","itemListElement":[{"@type":"ListItem","position":1,"name":"Inicio","item":"https:\/\/abaa.mx\/tienda\/"},{"@type":"ListItem","position":2,"name":"Tienda","item":"https:\/\/abaa.mx\/tienda\/"},{"@type":"ListItem","position":3,"name":"Medidor de Espesor Ultrasonico 1.2 a 220mm GM100."}]},{"@type":"WebSite","@id":"https:\/\/abaa.mx\/tienda\/#website","url":"https:\/\/abaa.mx\/tienda\/","name":"Abaa tienda online","description":"Instrumentos de medici\u00f3n","publisher":{"@id":"https:\/\/abaa.mx\/tienda\/#organization"},"potentialAction":[{"@type":"SearchAction","target":{"@type":"EntryPoint","urlTemplate":"https:\/\/abaa.mx\/tienda\/?s={search_term_string}"},"query-input":{"@type":"PropertyValueSpecification","valueRequired":true,"valueName":"search_term_string"}}],"inLanguage":"es"},{"@type":"Organization","@id":"https:\/\/abaa.mx\/tienda\/#organization","name":"Abaa tienda online","url":"https:\/\/abaa.mx\/tienda\/","logo":{"@type":"ImageObject","inLanguage":"es","@id":"https:\/\/abaa.mx\/tienda\/#\/schema\/logo\/image\/","url":"https:\/\/abaa.mx\/tienda\/wp-content\/uploads\/2024\/01\/abaa-metrologia-tienda.png","contentUrl":"https:\/\/abaa.mx\/tienda\/wp-content\/uploads\/2024\/01\/abaa-metrologia-tienda.png","width":300,"height":141,"caption":"Abaa tienda online"},"image":{"@id":"https:\/\/abaa.mx\/tienda\/#\/schema\/logo\/image\/"}}]}},"_links":{"self":[{"href":"https:\/\/abaa.mx\/tienda\/wp-json\/wp\/v2\/product\/8514","targetHints":{"allow":["GET"]}}],"collection":[{"href":"https:\/\/abaa.mx\/tienda\/wp-json\/wp\/v2\/product"}],"about":[{"href":"https:\/\/abaa.mx\/tienda\/wp-json\/wp\/v2\/types\/product"}],"replies":[{"embeddable":true,"href":"https:\/\/abaa.mx\/tienda\/wp-json\/wp\/v2\/comments?post=8514"}],"wp:featuredmedia":[{"embeddable":true,"href":"https:\/\/abaa.mx\/tienda\/wp-json\/wp\/v2\/media\/8515"}],"wp:attachment":[{"href":"https:\/\/abaa.mx\/tienda\/wp-json\/wp\/v2\/media?parent=8514"}],"wp:term":[{"taxonomy":"product_brand","embeddable":true,"href":"https:\/\/abaa.mx\/tienda\/wp-json\/wp\/v2\/product_brand?post=8514"},{"taxonomy":"product_cat","embeddable":true,"href":"https:\/\/abaa.mx\/tienda\/wp-json\/wp\/v2\/product_cat?post=8514"},{"taxonomy":"product_tag","embeddable":true,"href":"https:\/\/abaa.mx\/tienda\/wp-json\/wp\/v2\/product_tag?post=8514"}],"curies":[{"name":"wp","href":"https:\/\/api.w.org\/{rel}","templated":true}]}}