{"id":8511,"date":"2023-11-03T19:15:15","date_gmt":"2023-11-03T19:15:15","guid":{"rendered":"https:\/\/abaa.mx\/tienda\/?post_type=product&#038;p=8511"},"modified":"2025-08-08T18:14:03","modified_gmt":"2025-08-08T18:14:03","slug":"q1000-quick-peek-prtobador-de-tinta-ofset-alfametric","status":"publish","type":"product","link":"https:\/\/abaa.mx\/tienda\/q1000-quick-peek-prtobador-de-tinta-ofset-alfametric\/","title":{"rendered":"Q1000 Quick Peek Prtobador de Tinta Ofset Alfametric"},"content":{"rendered":"<p>Q1000 Quick Peek Prtobador de Tinta Ofset Alfametric.<\/p>\n","protected":false},"excerpt":{"rendered":"<p><strong>Caracteristicas Tecnicas del Quick peek:<\/strong><\/p>\n<ul>\n<li>Muestra el color a obtener en funci\u00f3n de la carga de tinta.<\/li>\n<li>Calcula el consumo de tinta.<\/li>\n<li>Elimina p\u00e9rdidas de tiempo en correcci\u00f3n del color de la tinta durante la impresi\u00f3n.<\/li>\n<li>Previene desplazamientos y repinte.<\/li>\n<\/ul>\n<h3><strong>Aplicaciones:<\/strong><\/h3>\n<p>\u2022 Provee de un m\u00e9todo de control econ\u00f3mico y r\u00e1pido para controlar el color y la fuerza de la tinta sobre el sustrato a imprimir.\u2022 Muestras los cambios de color que sufre la tinta durante el secado.<\/p>\n<p>\u2022 Da una referencia exacta de la cantidad de tinta que requiere el trabajo.<br \/>\n\u2022 Quick peek ayuda al impresor a llegar al color deseado.<\/p>\n<p>\u2022 Produce pruebas de color para que sean aprobadas por el cliente antes de poner el trabajo en m\u00e1quina.<br \/>\nProvee una prueba para test de secado, repinte, resistencia a la luz y reiteraci\u00f3n de colores.<br \/>\nPreviene las variaciones cuando se utilizan papeles con diferente niveles de blanco, brillo o tono.<\/p>\n","protected":false},"featured_media":8512,"comment_status":"open","ping_status":"closed","template":"","meta":{"_joinchat":[]},"product_brand":[],"product_cat":[111],"product_tag":[],"class_list":{"0":"post-8511","1":"product","2":"type-product","3":"status-publish","4":"has-post-thumbnail","6":"product_cat-medidores-de-espesor","8":"first","9":"instock","10":"shipping-taxable","11":"product-type-simple"},"yoast_head":"<!-- This site is optimized with the Yoast SEO plugin v26.4 - https:\/\/yoast.com\/wordpress\/plugins\/seo\/ -->\n<title>Q1000 Quick Peek Prtobador de Tinta Ofset Alfametric - Abaa tienda online<\/title>\n<meta name=\"robots\" content=\"index, follow, max-snippet:-1, max-image-preview:large, max-video-preview:-1\" \/>\n<link rel=\"canonical\" href=\"https:\/\/abaa.mx\/tienda\/q1000-quick-peek-prtobador-de-tinta-ofset-alfametric\/\" \/>\n<meta property=\"og:locale\" content=\"es_MX\" \/>\n<meta property=\"og:type\" content=\"article\" \/>\n<meta property=\"og:title\" content=\"Q1000 Quick Peek Prtobador de Tinta Ofset Alfametric - Abaa tienda online\" \/>\n<meta property=\"og:description\" content=\"Caracteristicas Tecnicas del Quick peek:   Muestra el color a obtener en funci\u00f3n de la carga de tinta.  Calcula el consumo de tinta.  Elimina p\u00e9rdidas de tiempo en correcci\u00f3n del color de la tinta durante la impresi\u00f3n.  Previene desplazamientos y repinte.  Aplicaciones: \u2022 Provee de un m\u00e9todo de control econ\u00f3mico y r\u00e1pido para controlar el color y la fuerza de la tinta sobre el sustrato a imprimir.\u2022 Muestras los cambios de color que sufre la tinta durante el secado.  \u2022 Da una referencia exacta de la cantidad de tinta que requiere el trabajo. \u2022 Quick peek ayuda al impresor a llegar al color deseado.  \u2022 Produce pruebas de color para que sean aprobadas por el cliente antes de poner el trabajo en m\u00e1quina. Provee una prueba para test de secado, repinte, resistencia a la luz y reiteraci\u00f3n de colores. Previene las variaciones cuando se utilizan papeles con diferente niveles de blanco, brillo o tono.\" \/>\n<meta property=\"og:url\" content=\"https:\/\/abaa.mx\/tienda\/q1000-quick-peek-prtobador-de-tinta-ofset-alfametric\/\" \/>\n<meta property=\"og:site_name\" content=\"Abaa tienda online\" \/>\n<meta property=\"article:modified_time\" content=\"2025-08-08T18:14:03+00:00\" \/>\n<meta property=\"og:image\" content=\"https:\/\/abaa.mx\/tienda\/wp-content\/uploads\/2023\/11\/ALFAMETRIC-Q1000.jpg\" \/>\n\t<meta property=\"og:image:width\" content=\"719\" \/>\n\t<meta property=\"og:image:height\" content=\"548\" \/>\n\t<meta property=\"og:image:type\" content=\"image\/jpeg\" \/>\n<meta name=\"twitter:card\" content=\"summary_large_image\" \/>\n<meta name=\"twitter:label1\" content=\"Tiempo de lectura\" \/>\n\t<meta name=\"twitter:data1\" content=\"1 minuto\" \/>\n<script type=\"application\/ld+json\" class=\"yoast-schema-graph\">{\"@context\":\"https:\/\/schema.org\",\"@graph\":[{\"@type\":\"WebPage\",\"@id\":\"https:\/\/abaa.mx\/tienda\/q1000-quick-peek-prtobador-de-tinta-ofset-alfametric\/\",\"url\":\"https:\/\/abaa.mx\/tienda\/q1000-quick-peek-prtobador-de-tinta-ofset-alfametric\/\",\"name\":\"Q1000 Quick Peek Prtobador de Tinta Ofset Alfametric - Abaa tienda online\",\"isPartOf\":{\"@id\":\"https:\/\/abaa.mx\/tienda\/#website\"},\"primaryImageOfPage\":{\"@id\":\"https:\/\/abaa.mx\/tienda\/q1000-quick-peek-prtobador-de-tinta-ofset-alfametric\/#primaryimage\"},\"image\":{\"@id\":\"https:\/\/abaa.mx\/tienda\/q1000-quick-peek-prtobador-de-tinta-ofset-alfametric\/#primaryimage\"},\"thumbnailUrl\":\"https:\/\/abaa.mx\/tienda\/wp-content\/uploads\/2023\/11\/ALFAMETRIC-Q1000.jpg\",\"datePublished\":\"2023-11-03T19:15:15+00:00\",\"dateModified\":\"2025-08-08T18:14:03+00:00\",\"breadcrumb\":{\"@id\":\"https:\/\/abaa.mx\/tienda\/q1000-quick-peek-prtobador-de-tinta-ofset-alfametric\/#breadcrumb\"},\"inLanguage\":\"es\",\"potentialAction\":[{\"@type\":\"ReadAction\",\"target\":[\"https:\/\/abaa.mx\/tienda\/q1000-quick-peek-prtobador-de-tinta-ofset-alfametric\/\"]}]},{\"@type\":\"ImageObject\",\"inLanguage\":\"es\",\"@id\":\"https:\/\/abaa.mx\/tienda\/q1000-quick-peek-prtobador-de-tinta-ofset-alfametric\/#primaryimage\",\"url\":\"https:\/\/abaa.mx\/tienda\/wp-content\/uploads\/2023\/11\/ALFAMETRIC-Q1000.jpg\",\"contentUrl\":\"https:\/\/abaa.mx\/tienda\/wp-content\/uploads\/2023\/11\/ALFAMETRIC-Q1000.jpg\",\"width\":719,\"height\":548,\"caption\":\"ALFAMETRIC-Q1000\"},{\"@type\":\"BreadcrumbList\",\"@id\":\"https:\/\/abaa.mx\/tienda\/q1000-quick-peek-prtobador-de-tinta-ofset-alfametric\/#breadcrumb\",\"itemListElement\":[{\"@type\":\"ListItem\",\"position\":1,\"name\":\"Inicio\",\"item\":\"https:\/\/abaa.mx\/tienda\/\"},{\"@type\":\"ListItem\",\"position\":2,\"name\":\"Tienda\",\"item\":\"https:\/\/abaa.mx\/tienda\/\"},{\"@type\":\"ListItem\",\"position\":3,\"name\":\"Q1000 Quick Peek Prtobador de Tinta Ofset Alfametric\"}]},{\"@type\":\"WebSite\",\"@id\":\"https:\/\/abaa.mx\/tienda\/#website\",\"url\":\"https:\/\/abaa.mx\/tienda\/\",\"name\":\"Abaa tienda online\",\"description\":\"Instrumentos de medici\u00f3n\",\"publisher\":{\"@id\":\"https:\/\/abaa.mx\/tienda\/#organization\"},\"potentialAction\":[{\"@type\":\"SearchAction\",\"target\":{\"@type\":\"EntryPoint\",\"urlTemplate\":\"https:\/\/abaa.mx\/tienda\/?s={search_term_string}\"},\"query-input\":{\"@type\":\"PropertyValueSpecification\",\"valueRequired\":true,\"valueName\":\"search_term_string\"}}],\"inLanguage\":\"es\"},{\"@type\":\"Organization\",\"@id\":\"https:\/\/abaa.mx\/tienda\/#organization\",\"name\":\"Abaa tienda online\",\"url\":\"https:\/\/abaa.mx\/tienda\/\",\"logo\":{\"@type\":\"ImageObject\",\"inLanguage\":\"es\",\"@id\":\"https:\/\/abaa.mx\/tienda\/#\/schema\/logo\/image\/\",\"url\":\"https:\/\/abaa.mx\/tienda\/wp-content\/uploads\/2024\/01\/abaa-metrologia-tienda.png\",\"contentUrl\":\"https:\/\/abaa.mx\/tienda\/wp-content\/uploads\/2024\/01\/abaa-metrologia-tienda.png\",\"width\":300,\"height\":141,\"caption\":\"Abaa tienda online\"},\"image\":{\"@id\":\"https:\/\/abaa.mx\/tienda\/#\/schema\/logo\/image\/\"}}]}<\/script>\n<!-- \/ Yoast SEO plugin. -->","yoast_head_json":{"title":"Q1000 Quick Peek Prtobador de Tinta Ofset Alfametric - Abaa tienda online","robots":{"index":"index","follow":"follow","max-snippet":"max-snippet:-1","max-image-preview":"max-image-preview:large","max-video-preview":"max-video-preview:-1"},"canonical":"https:\/\/abaa.mx\/tienda\/q1000-quick-peek-prtobador-de-tinta-ofset-alfametric\/","og_locale":"es_MX","og_type":"article","og_title":"Q1000 Quick Peek Prtobador de Tinta Ofset Alfametric - Abaa tienda online","og_description":"Caracteristicas Tecnicas del Quick peek:   Muestra el color a obtener en funci\u00f3n de la carga de tinta.  Calcula el consumo de tinta.  Elimina p\u00e9rdidas de tiempo en correcci\u00f3n del color de la tinta durante la impresi\u00f3n.  Previene desplazamientos y repinte.  Aplicaciones: \u2022 Provee de un m\u00e9todo de control econ\u00f3mico y r\u00e1pido para controlar el color y la fuerza de la tinta sobre el sustrato a imprimir.\u2022 Muestras los cambios de color que sufre la tinta durante el secado.  \u2022 Da una referencia exacta de la cantidad de tinta que requiere el trabajo. \u2022 Quick peek ayuda al impresor a llegar al color deseado.  \u2022 Produce pruebas de color para que sean aprobadas por el cliente antes de poner el trabajo en m\u00e1quina. Provee una prueba para test de secado, repinte, resistencia a la luz y reiteraci\u00f3n de colores. Previene las variaciones cuando se utilizan papeles con diferente niveles de blanco, brillo o tono.","og_url":"https:\/\/abaa.mx\/tienda\/q1000-quick-peek-prtobador-de-tinta-ofset-alfametric\/","og_site_name":"Abaa tienda online","article_modified_time":"2025-08-08T18:14:03+00:00","og_image":[{"width":719,"height":548,"url":"https:\/\/abaa.mx\/tienda\/wp-content\/uploads\/2023\/11\/ALFAMETRIC-Q1000.jpg","type":"image\/jpeg"}],"twitter_card":"summary_large_image","twitter_misc":{"Tiempo de lectura":"1 minuto"},"schema":{"@context":"https:\/\/schema.org","@graph":[{"@type":"WebPage","@id":"https:\/\/abaa.mx\/tienda\/q1000-quick-peek-prtobador-de-tinta-ofset-alfametric\/","url":"https:\/\/abaa.mx\/tienda\/q1000-quick-peek-prtobador-de-tinta-ofset-alfametric\/","name":"Q1000 Quick Peek Prtobador de Tinta Ofset Alfametric - Abaa tienda online","isPartOf":{"@id":"https:\/\/abaa.mx\/tienda\/#website"},"primaryImageOfPage":{"@id":"https:\/\/abaa.mx\/tienda\/q1000-quick-peek-prtobador-de-tinta-ofset-alfametric\/#primaryimage"},"image":{"@id":"https:\/\/abaa.mx\/tienda\/q1000-quick-peek-prtobador-de-tinta-ofset-alfametric\/#primaryimage"},"thumbnailUrl":"https:\/\/abaa.mx\/tienda\/wp-content\/uploads\/2023\/11\/ALFAMETRIC-Q1000.jpg","datePublished":"2023-11-03T19:15:15+00:00","dateModified":"2025-08-08T18:14:03+00:00","breadcrumb":{"@id":"https:\/\/abaa.mx\/tienda\/q1000-quick-peek-prtobador-de-tinta-ofset-alfametric\/#breadcrumb"},"inLanguage":"es","potentialAction":[{"@type":"ReadAction","target":["https:\/\/abaa.mx\/tienda\/q1000-quick-peek-prtobador-de-tinta-ofset-alfametric\/"]}]},{"@type":"ImageObject","inLanguage":"es","@id":"https:\/\/abaa.mx\/tienda\/q1000-quick-peek-prtobador-de-tinta-ofset-alfametric\/#primaryimage","url":"https:\/\/abaa.mx\/tienda\/wp-content\/uploads\/2023\/11\/ALFAMETRIC-Q1000.jpg","contentUrl":"https:\/\/abaa.mx\/tienda\/wp-content\/uploads\/2023\/11\/ALFAMETRIC-Q1000.jpg","width":719,"height":548,"caption":"ALFAMETRIC-Q1000"},{"@type":"BreadcrumbList","@id":"https:\/\/abaa.mx\/tienda\/q1000-quick-peek-prtobador-de-tinta-ofset-alfametric\/#breadcrumb","itemListElement":[{"@type":"ListItem","position":1,"name":"Inicio","item":"https:\/\/abaa.mx\/tienda\/"},{"@type":"ListItem","position":2,"name":"Tienda","item":"https:\/\/abaa.mx\/tienda\/"},{"@type":"ListItem","position":3,"name":"Q1000 Quick Peek Prtobador de Tinta Ofset Alfametric"}]},{"@type":"WebSite","@id":"https:\/\/abaa.mx\/tienda\/#website","url":"https:\/\/abaa.mx\/tienda\/","name":"Abaa tienda online","description":"Instrumentos de medici\u00f3n","publisher":{"@id":"https:\/\/abaa.mx\/tienda\/#organization"},"potentialAction":[{"@type":"SearchAction","target":{"@type":"EntryPoint","urlTemplate":"https:\/\/abaa.mx\/tienda\/?s={search_term_string}"},"query-input":{"@type":"PropertyValueSpecification","valueRequired":true,"valueName":"search_term_string"}}],"inLanguage":"es"},{"@type":"Organization","@id":"https:\/\/abaa.mx\/tienda\/#organization","name":"Abaa tienda online","url":"https:\/\/abaa.mx\/tienda\/","logo":{"@type":"ImageObject","inLanguage":"es","@id":"https:\/\/abaa.mx\/tienda\/#\/schema\/logo\/image\/","url":"https:\/\/abaa.mx\/tienda\/wp-content\/uploads\/2024\/01\/abaa-metrologia-tienda.png","contentUrl":"https:\/\/abaa.mx\/tienda\/wp-content\/uploads\/2024\/01\/abaa-metrologia-tienda.png","width":300,"height":141,"caption":"Abaa tienda online"},"image":{"@id":"https:\/\/abaa.mx\/tienda\/#\/schema\/logo\/image\/"}}]}},"_links":{"self":[{"href":"https:\/\/abaa.mx\/tienda\/wp-json\/wp\/v2\/product\/8511","targetHints":{"allow":["GET"]}}],"collection":[{"href":"https:\/\/abaa.mx\/tienda\/wp-json\/wp\/v2\/product"}],"about":[{"href":"https:\/\/abaa.mx\/tienda\/wp-json\/wp\/v2\/types\/product"}],"replies":[{"embeddable":true,"href":"https:\/\/abaa.mx\/tienda\/wp-json\/wp\/v2\/comments?post=8511"}],"wp:featuredmedia":[{"embeddable":true,"href":"https:\/\/abaa.mx\/tienda\/wp-json\/wp\/v2\/media\/8512"}],"wp:attachment":[{"href":"https:\/\/abaa.mx\/tienda\/wp-json\/wp\/v2\/media?parent=8511"}],"wp:term":[{"taxonomy":"product_brand","embeddable":true,"href":"https:\/\/abaa.mx\/tienda\/wp-json\/wp\/v2\/product_brand?post=8511"},{"taxonomy":"product_cat","embeddable":true,"href":"https:\/\/abaa.mx\/tienda\/wp-json\/wp\/v2\/product_cat?post=8511"},{"taxonomy":"product_tag","embeddable":true,"href":"https:\/\/abaa.mx\/tienda\/wp-json\/wp\/v2\/product_tag?post=8511"}],"curies":[{"name":"wp","href":"https:\/\/api.w.org\/{rel}","templated":true}]}}