{"id":8503,"date":"2023-11-03T15:26:10","date_gmt":"2023-11-03T15:26:10","guid":{"rendered":"https:\/\/abaa.mx\/tienda\/?post_type=product&#038;p=8503"},"modified":"2023-11-03T15:26:11","modified_gmt":"2023-11-03T15:26:11","slug":"positest-detector-holiday-alto-voltaje-de-pulso-kit-hhd-defelsko-hhdkit","status":"publish","type":"product","link":"https:\/\/abaa.mx\/tienda\/positest-detector-holiday-alto-voltaje-de-pulso-kit-hhd-defelsko-hhdkit\/","title":{"rendered":"PosiTest Detector Holiday Alto Voltaje de Pulso, Kit HHD, DeFelsko &#8211; HHDKIT"},"content":{"rendered":"<p>PosiTest Detector Holiday Alto Voltaje de Pulso, Kit HHD, DeFelsko &#8211; HHDKIT<\/p>\n","protected":false},"excerpt":{"rendered":"<p><b>Especificaciones:<\/b><\/p>\n<ul>\n<li>Rango de espesor de recubrimiento: Hasta 20 mm (780 mils) \u2020<\/li>\n<li>Duraci\u00f3n del pulso: 10 \u00b5s<\/li>\n<li>-Basado en voltaje y carga seleccionados -Rolling Spring de \u00d8 12 \u201d@ 10kV, 40 hrs. Rolling Spring de \u00d8 40 \u201da 10kV, 30 hrs.<\/li>\n<li>Temperatura de funcionamiento: 20\u00b0 a 60\u00b0C (-4\u00b0 a 140\u00b0F)<\/li>\n<li>Duraci\u00f3n t\u00edpica de la bater\u00eda:<\/li>\n<li>Tasa de repetici\u00f3n de pulso: 30 Hz<\/li>\n<li>Precisi\u00f3n de salida: +5%<\/li>\n<li>Rango de voltaje de salida: 0.5 \u2013 35 kV<\/li>\n<li>Ajuste de voltaje de salida: 0.5 kV &#8211; 1 kV: pasos de 10 voltios \/ 1 kV &#8211; 35 kV: pasos de 100 voltios<\/li>\n<\/ul>\n<p>&nbsp;<\/p>\n","protected":false},"featured_media":8507,"comment_status":"open","ping_status":"closed","template":"","meta":{"_joinchat":[]},"product_brand":[],"product_cat":[110],"product_tag":[],"class_list":{"0":"post-8503","1":"product","2":"type-product","3":"status-publish","4":"has-post-thumbnail","6":"product_cat-medidores-de-falla-de-recubrimiento","8":"first","9":"instock","10":"shipping-taxable","11":"product-type-simple"},"yoast_head":"<!-- This site is optimized with the Yoast SEO plugin v26.4 - https:\/\/yoast.com\/wordpress\/plugins\/seo\/ -->\n<title>PosiTest Detector Holiday Alto Voltaje de Pulso, Kit HHD, DeFelsko - HHDKIT - Abaa tienda online<\/title>\n<meta name=\"robots\" content=\"index, follow, max-snippet:-1, max-image-preview:large, max-video-preview:-1\" \/>\n<link rel=\"canonical\" href=\"https:\/\/abaa.mx\/tienda\/positest-detector-holiday-alto-voltaje-de-pulso-kit-hhd-defelsko-hhdkit\/\" \/>\n<meta property=\"og:locale\" content=\"es_MX\" \/>\n<meta property=\"og:type\" content=\"article\" \/>\n<meta property=\"og:title\" content=\"PosiTest Detector Holiday Alto Voltaje de Pulso, Kit HHD, DeFelsko - HHDKIT - Abaa tienda online\" \/>\n<meta property=\"og:description\" content=\"Especificaciones:   Rango de espesor de recubrimiento: Hasta 20 mm (780 mils) \u2020  Duraci\u00f3n del pulso: 10 \u00b5s  -Basado en voltaje y carga seleccionados -Rolling Spring de \u00d8 12 \u201d@ 10kV, 40 hrs. Rolling Spring de \u00d8 40 \u201da 10kV, 30 hrs.  Temperatura de funcionamiento: 20\u00b0 a 60\u00b0C (-4\u00b0 a 140\u00b0F)  Duraci\u00f3n t\u00edpica de la bater\u00eda:  Tasa de repetici\u00f3n de pulso: 30 Hz  Precisi\u00f3n de salida: +5%  Rango de voltaje de salida: 0.5 \u2013 35 kV  Ajuste de voltaje de salida: 0.5 kV - 1 kV: pasos de 10 voltios \/ 1 kV - 35 kV: pasos de 100 voltios  &nbsp;\" \/>\n<meta property=\"og:url\" content=\"https:\/\/abaa.mx\/tienda\/positest-detector-holiday-alto-voltaje-de-pulso-kit-hhd-defelsko-hhdkit\/\" \/>\n<meta property=\"og:site_name\" content=\"Abaa tienda online\" \/>\n<meta property=\"article:modified_time\" content=\"2023-11-03T15:26:11+00:00\" \/>\n<meta property=\"og:image\" content=\"https:\/\/abaa.mx\/tienda\/wp-content\/uploads\/2023\/11\/DEFELSKO-HHDKIT.jpg\" \/>\n\t<meta property=\"og:image:width\" content=\"533\" \/>\n\t<meta property=\"og:image:height\" content=\"295\" \/>\n\t<meta property=\"og:image:type\" content=\"image\/jpeg\" \/>\n<meta name=\"twitter:card\" content=\"summary_large_image\" \/>\n<meta name=\"twitter:label1\" content=\"Tiempo de lectura\" \/>\n\t<meta name=\"twitter:data1\" content=\"1 minuto\" \/>\n<script type=\"application\/ld+json\" class=\"yoast-schema-graph\">{\"@context\":\"https:\/\/schema.org\",\"@graph\":[{\"@type\":\"WebPage\",\"@id\":\"https:\/\/abaa.mx\/tienda\/positest-detector-holiday-alto-voltaje-de-pulso-kit-hhd-defelsko-hhdkit\/\",\"url\":\"https:\/\/abaa.mx\/tienda\/positest-detector-holiday-alto-voltaje-de-pulso-kit-hhd-defelsko-hhdkit\/\",\"name\":\"PosiTest Detector Holiday Alto Voltaje de Pulso, Kit HHD, DeFelsko - HHDKIT - Abaa tienda online\",\"isPartOf\":{\"@id\":\"https:\/\/abaa.mx\/tienda\/#website\"},\"primaryImageOfPage\":{\"@id\":\"https:\/\/abaa.mx\/tienda\/positest-detector-holiday-alto-voltaje-de-pulso-kit-hhd-defelsko-hhdkit\/#primaryimage\"},\"image\":{\"@id\":\"https:\/\/abaa.mx\/tienda\/positest-detector-holiday-alto-voltaje-de-pulso-kit-hhd-defelsko-hhdkit\/#primaryimage\"},\"thumbnailUrl\":\"https:\/\/abaa.mx\/tienda\/wp-content\/uploads\/2023\/11\/DEFELSKO-HHDKIT.jpg\",\"datePublished\":\"2023-11-03T15:26:10+00:00\",\"dateModified\":\"2023-11-03T15:26:11+00:00\",\"breadcrumb\":{\"@id\":\"https:\/\/abaa.mx\/tienda\/positest-detector-holiday-alto-voltaje-de-pulso-kit-hhd-defelsko-hhdkit\/#breadcrumb\"},\"inLanguage\":\"es\",\"potentialAction\":[{\"@type\":\"ReadAction\",\"target\":[\"https:\/\/abaa.mx\/tienda\/positest-detector-holiday-alto-voltaje-de-pulso-kit-hhd-defelsko-hhdkit\/\"]}]},{\"@type\":\"ImageObject\",\"inLanguage\":\"es\",\"@id\":\"https:\/\/abaa.mx\/tienda\/positest-detector-holiday-alto-voltaje-de-pulso-kit-hhd-defelsko-hhdkit\/#primaryimage\",\"url\":\"https:\/\/abaa.mx\/tienda\/wp-content\/uploads\/2023\/11\/DEFELSKO-HHDKIT.jpg\",\"contentUrl\":\"https:\/\/abaa.mx\/tienda\/wp-content\/uploads\/2023\/11\/DEFELSKO-HHDKIT.jpg\",\"width\":533,\"height\":295,\"caption\":\"DEFELSKO-HHDKIT\"},{\"@type\":\"BreadcrumbList\",\"@id\":\"https:\/\/abaa.mx\/tienda\/positest-detector-holiday-alto-voltaje-de-pulso-kit-hhd-defelsko-hhdkit\/#breadcrumb\",\"itemListElement\":[{\"@type\":\"ListItem\",\"position\":1,\"name\":\"Inicio\",\"item\":\"https:\/\/abaa.mx\/tienda\/\"},{\"@type\":\"ListItem\",\"position\":2,\"name\":\"Tienda\",\"item\":\"https:\/\/abaa.mx\/tienda\/\"},{\"@type\":\"ListItem\",\"position\":3,\"name\":\"PosiTest Detector Holiday Alto Voltaje de Pulso, Kit HHD, DeFelsko &#8211; HHDKIT\"}]},{\"@type\":\"WebSite\",\"@id\":\"https:\/\/abaa.mx\/tienda\/#website\",\"url\":\"https:\/\/abaa.mx\/tienda\/\",\"name\":\"Abaa tienda online\",\"description\":\"Instrumentos de medici\u00f3n\",\"publisher\":{\"@id\":\"https:\/\/abaa.mx\/tienda\/#organization\"},\"potentialAction\":[{\"@type\":\"SearchAction\",\"target\":{\"@type\":\"EntryPoint\",\"urlTemplate\":\"https:\/\/abaa.mx\/tienda\/?s={search_term_string}\"},\"query-input\":{\"@type\":\"PropertyValueSpecification\",\"valueRequired\":true,\"valueName\":\"search_term_string\"}}],\"inLanguage\":\"es\"},{\"@type\":\"Organization\",\"@id\":\"https:\/\/abaa.mx\/tienda\/#organization\",\"name\":\"Abaa tienda online\",\"url\":\"https:\/\/abaa.mx\/tienda\/\",\"logo\":{\"@type\":\"ImageObject\",\"inLanguage\":\"es\",\"@id\":\"https:\/\/abaa.mx\/tienda\/#\/schema\/logo\/image\/\",\"url\":\"https:\/\/abaa.mx\/tienda\/wp-content\/uploads\/2024\/01\/abaa-metrologia-tienda.png\",\"contentUrl\":\"https:\/\/abaa.mx\/tienda\/wp-content\/uploads\/2024\/01\/abaa-metrologia-tienda.png\",\"width\":300,\"height\":141,\"caption\":\"Abaa tienda online\"},\"image\":{\"@id\":\"https:\/\/abaa.mx\/tienda\/#\/schema\/logo\/image\/\"}}]}<\/script>\n<!-- \/ Yoast SEO plugin. -->","yoast_head_json":{"title":"PosiTest Detector Holiday Alto Voltaje de Pulso, Kit HHD, DeFelsko - HHDKIT - Abaa tienda online","robots":{"index":"index","follow":"follow","max-snippet":"max-snippet:-1","max-image-preview":"max-image-preview:large","max-video-preview":"max-video-preview:-1"},"canonical":"https:\/\/abaa.mx\/tienda\/positest-detector-holiday-alto-voltaje-de-pulso-kit-hhd-defelsko-hhdkit\/","og_locale":"es_MX","og_type":"article","og_title":"PosiTest Detector Holiday Alto Voltaje de Pulso, Kit HHD, DeFelsko - HHDKIT - Abaa tienda online","og_description":"Especificaciones:   Rango de espesor de recubrimiento: Hasta 20 mm (780 mils) \u2020  Duraci\u00f3n del pulso: 10 \u00b5s  -Basado en voltaje y carga seleccionados -Rolling Spring de \u00d8 12 \u201d@ 10kV, 40 hrs. Rolling Spring de \u00d8 40 \u201da 10kV, 30 hrs.  Temperatura de funcionamiento: 20\u00b0 a 60\u00b0C (-4\u00b0 a 140\u00b0F)  Duraci\u00f3n t\u00edpica de la bater\u00eda:  Tasa de repetici\u00f3n de pulso: 30 Hz  Precisi\u00f3n de salida: +5%  Rango de voltaje de salida: 0.5 \u2013 35 kV  Ajuste de voltaje de salida: 0.5 kV - 1 kV: pasos de 10 voltios \/ 1 kV - 35 kV: pasos de 100 voltios  &nbsp;","og_url":"https:\/\/abaa.mx\/tienda\/positest-detector-holiday-alto-voltaje-de-pulso-kit-hhd-defelsko-hhdkit\/","og_site_name":"Abaa tienda online","article_modified_time":"2023-11-03T15:26:11+00:00","og_image":[{"width":533,"height":295,"url":"https:\/\/abaa.mx\/tienda\/wp-content\/uploads\/2023\/11\/DEFELSKO-HHDKIT.jpg","type":"image\/jpeg"}],"twitter_card":"summary_large_image","twitter_misc":{"Tiempo de lectura":"1 minuto"},"schema":{"@context":"https:\/\/schema.org","@graph":[{"@type":"WebPage","@id":"https:\/\/abaa.mx\/tienda\/positest-detector-holiday-alto-voltaje-de-pulso-kit-hhd-defelsko-hhdkit\/","url":"https:\/\/abaa.mx\/tienda\/positest-detector-holiday-alto-voltaje-de-pulso-kit-hhd-defelsko-hhdkit\/","name":"PosiTest Detector Holiday Alto Voltaje de Pulso, Kit HHD, DeFelsko - HHDKIT - Abaa tienda online","isPartOf":{"@id":"https:\/\/abaa.mx\/tienda\/#website"},"primaryImageOfPage":{"@id":"https:\/\/abaa.mx\/tienda\/positest-detector-holiday-alto-voltaje-de-pulso-kit-hhd-defelsko-hhdkit\/#primaryimage"},"image":{"@id":"https:\/\/abaa.mx\/tienda\/positest-detector-holiday-alto-voltaje-de-pulso-kit-hhd-defelsko-hhdkit\/#primaryimage"},"thumbnailUrl":"https:\/\/abaa.mx\/tienda\/wp-content\/uploads\/2023\/11\/DEFELSKO-HHDKIT.jpg","datePublished":"2023-11-03T15:26:10+00:00","dateModified":"2023-11-03T15:26:11+00:00","breadcrumb":{"@id":"https:\/\/abaa.mx\/tienda\/positest-detector-holiday-alto-voltaje-de-pulso-kit-hhd-defelsko-hhdkit\/#breadcrumb"},"inLanguage":"es","potentialAction":[{"@type":"ReadAction","target":["https:\/\/abaa.mx\/tienda\/positest-detector-holiday-alto-voltaje-de-pulso-kit-hhd-defelsko-hhdkit\/"]}]},{"@type":"ImageObject","inLanguage":"es","@id":"https:\/\/abaa.mx\/tienda\/positest-detector-holiday-alto-voltaje-de-pulso-kit-hhd-defelsko-hhdkit\/#primaryimage","url":"https:\/\/abaa.mx\/tienda\/wp-content\/uploads\/2023\/11\/DEFELSKO-HHDKIT.jpg","contentUrl":"https:\/\/abaa.mx\/tienda\/wp-content\/uploads\/2023\/11\/DEFELSKO-HHDKIT.jpg","width":533,"height":295,"caption":"DEFELSKO-HHDKIT"},{"@type":"BreadcrumbList","@id":"https:\/\/abaa.mx\/tienda\/positest-detector-holiday-alto-voltaje-de-pulso-kit-hhd-defelsko-hhdkit\/#breadcrumb","itemListElement":[{"@type":"ListItem","position":1,"name":"Inicio","item":"https:\/\/abaa.mx\/tienda\/"},{"@type":"ListItem","position":2,"name":"Tienda","item":"https:\/\/abaa.mx\/tienda\/"},{"@type":"ListItem","position":3,"name":"PosiTest Detector Holiday Alto Voltaje de Pulso, Kit HHD, DeFelsko &#8211; HHDKIT"}]},{"@type":"WebSite","@id":"https:\/\/abaa.mx\/tienda\/#website","url":"https:\/\/abaa.mx\/tienda\/","name":"Abaa tienda online","description":"Instrumentos de medici\u00f3n","publisher":{"@id":"https:\/\/abaa.mx\/tienda\/#organization"},"potentialAction":[{"@type":"SearchAction","target":{"@type":"EntryPoint","urlTemplate":"https:\/\/abaa.mx\/tienda\/?s={search_term_string}"},"query-input":{"@type":"PropertyValueSpecification","valueRequired":true,"valueName":"search_term_string"}}],"inLanguage":"es"},{"@type":"Organization","@id":"https:\/\/abaa.mx\/tienda\/#organization","name":"Abaa tienda online","url":"https:\/\/abaa.mx\/tienda\/","logo":{"@type":"ImageObject","inLanguage":"es","@id":"https:\/\/abaa.mx\/tienda\/#\/schema\/logo\/image\/","url":"https:\/\/abaa.mx\/tienda\/wp-content\/uploads\/2024\/01\/abaa-metrologia-tienda.png","contentUrl":"https:\/\/abaa.mx\/tienda\/wp-content\/uploads\/2024\/01\/abaa-metrologia-tienda.png","width":300,"height":141,"caption":"Abaa tienda online"},"image":{"@id":"https:\/\/abaa.mx\/tienda\/#\/schema\/logo\/image\/"}}]}},"_links":{"self":[{"href":"https:\/\/abaa.mx\/tienda\/wp-json\/wp\/v2\/product\/8503","targetHints":{"allow":["GET"]}}],"collection":[{"href":"https:\/\/abaa.mx\/tienda\/wp-json\/wp\/v2\/product"}],"about":[{"href":"https:\/\/abaa.mx\/tienda\/wp-json\/wp\/v2\/types\/product"}],"replies":[{"embeddable":true,"href":"https:\/\/abaa.mx\/tienda\/wp-json\/wp\/v2\/comments?post=8503"}],"wp:featuredmedia":[{"embeddable":true,"href":"https:\/\/abaa.mx\/tienda\/wp-json\/wp\/v2\/media\/8507"}],"wp:attachment":[{"href":"https:\/\/abaa.mx\/tienda\/wp-json\/wp\/v2\/media?parent=8503"}],"wp:term":[{"taxonomy":"product_brand","embeddable":true,"href":"https:\/\/abaa.mx\/tienda\/wp-json\/wp\/v2\/product_brand?post=8503"},{"taxonomy":"product_cat","embeddable":true,"href":"https:\/\/abaa.mx\/tienda\/wp-json\/wp\/v2\/product_cat?post=8503"},{"taxonomy":"product_tag","embeddable":true,"href":"https:\/\/abaa.mx\/tienda\/wp-json\/wp\/v2\/product_tag?post=8503"}],"curies":[{"name":"wp","href":"https:\/\/api.w.org\/{rel}","templated":true}]}}