{"id":85,"date":"2020-07-23T00:44:50","date_gmt":"2020-07-23T00:44:50","guid":{"rendered":"https:\/\/abaa.mx\/tienda\/?post_type=product&#038;p=85"},"modified":"2026-04-01T19:54:31","modified_gmt":"2026-04-01T19:54:31","slug":"termohigrometro-taylor-1732","status":"publish","type":"product","link":"https:\/\/abaa.mx\/tienda\/termohigrometro-taylor-1732\/","title":{"rendered":"Termohigr\u00f3metro Taylor 1732"},"content":{"rendered":"<p><em>T<\/em>aylor 1732\u00a0es un instrumento peque\u00f1o y de gran calidad,\u00a0perfecto para la medici\u00f3n de la temperatura y humedad relativa interior que se registra\u00a0en el sensor que est\u00e1 instalado en el\u00a0instrumento.<\/p>\n<h5>Caracter\u00edsticas:<\/h5>\n<ul>\n<li>Temperatura interior.<\/li>\n<li>Memoria de humedad relativa m\u00e1xima y m\u00ednima.<\/li>\n<li>Memoria de temperatura m\u00e1xima y m\u00ednima.<\/li>\n<li>Humedad interior actualizable cada 20 segundos.<\/li>\n<li>Selecci\u00f3n de unidad de medici\u00f3n \u00b0C y \u00b0F.<\/li>\n<li>Reloj digital en formato 24 Hrs. y AM\/PM.<\/li>\n<li>Indicador de sensaci\u00f3n t\u00e9rmica; de muy humedo hasta seco.<\/li>\n<\/ul>\n<h5><strong>Especificaciones:\u00a0<\/strong><\/h5>\n<table>\n<tbody>\n<tr>\n<td><span style=\"font-weight: 400;\">Humedad interior actualizable cada 20 segundos.<\/span><\/td>\n<\/tr>\n<tr>\n<td><span style=\"font-weight: 400;\">Temperatura interior memoria, medicion de temperatura y humedad.<\/span><\/td>\n<\/tr>\n<tr>\n<td><span style=\"font-weight: 400;\">humedad relativa.<\/span><\/td>\n<\/tr>\n<tr>\n<td><span style=\"font-weight: 400;\">Tipo de medici\u00f3n ambiental.<\/span><\/td>\n<\/tr>\n<tr>\n<td><span style=\"font-weight: 400;\">Unidad de medici\u00f3n C y F.<\/span><\/td>\n<\/tr>\n<tr>\n<td><span style=\"font-weight: 400;\">Memoria de temperatura para el m\u00e1ximo de un lapso de 24 horas.<\/span><\/td>\n<\/tr>\n<tr>\n<td><span style=\"font-weight: 400;\">Humedad interior actualizable cada 20 segundos.<\/span><\/td>\n<\/tr>\n<tr>\n<td><span style=\"font-weight: 400;\">Temperatura interior memoria.<\/span><\/td>\n<\/tr>\n<\/tbody>\n<\/table>\n<p>&nbsp;<\/p>\n","protected":false},"excerpt":{"rendered":"<p>Es excelente para farmacias y laboratorios, adem\u00e1s cumple con los requerimientos de la autoridad sanitaria COFEPRIS. Taylor 1732, es un instrumento peque\u00f1o y de gran calidad, perfecto para la\u00a0medici\u00f3n de la temperatura y humedad relativa interior que se registra en el sensor que est\u00e1 instalado en el instrumento.<\/p>\n","protected":false},"featured_media":10298,"comment_status":"open","ping_status":"closed","template":"","meta":{"_joinchat":[]},"product_brand":[],"product_cat":[58],"product_tag":[],"class_list":{"0":"post-85","1":"product","2":"type-product","3":"status-publish","4":"has-post-thumbnail","6":"product_cat-termohigrometros","8":"first","9":"instock","10":"shipping-taxable","11":"purchasable","12":"product-type-variable"},"yoast_head":"<!-- This site is optimized with the Yoast SEO plugin v26.4 - https:\/\/yoast.com\/wordpress\/plugins\/seo\/ -->\n<title>Termohigr\u00f3metro Taylor 1732 - \u00a1Mejor precio imposible!<\/title>\n<meta name=\"description\" content=\"Termohigr\u00f3metro Taylor 1732 instrumento ideal para farmacias, laboratorios, almacenes de medicamentos, incluye bater\u00eda y env\u00edo totalmente Gratis\" \/>\n<meta name=\"robots\" content=\"index, follow, max-snippet:-1, max-image-preview:large, max-video-preview:-1\" \/>\n<link rel=\"canonical\" href=\"https:\/\/abaa.mx\/tienda\/termohigrometro-taylor-1732\/\" \/>\n<meta property=\"og:locale\" content=\"es_MX\" \/>\n<meta property=\"og:type\" content=\"article\" \/>\n<meta property=\"og:title\" content=\"Termohigr\u00f3metro Taylor 1732 - \u00a1Mejor precio imposible!\" \/>\n<meta property=\"og:description\" content=\"Termohigr\u00f3metro Taylor 1732 instrumento ideal para farmacias, laboratorios, almacenes de medicamentos, incluye bater\u00eda y env\u00edo totalmente Gratis\" \/>\n<meta property=\"og:url\" content=\"https:\/\/abaa.mx\/tienda\/termohigrometro-taylor-1732\/\" \/>\n<meta property=\"og:site_name\" content=\"Abaa tienda online\" \/>\n<meta property=\"article:modified_time\" content=\"2026-04-01T19:54:31+00:00\" \/>\n<meta property=\"og:image\" content=\"https:\/\/abaa.mx\/tienda\/wp-content\/uploads\/2020\/07\/termohigrometro-taylor-1732.png\" \/>\n\t<meta property=\"og:image:width\" content=\"600\" \/>\n\t<meta property=\"og:image:height\" content=\"600\" \/>\n\t<meta property=\"og:image:type\" content=\"image\/png\" \/>\n<meta name=\"twitter:card\" content=\"summary_large_image\" \/>\n<meta name=\"twitter:label1\" content=\"Tiempo de lectura\" \/>\n\t<meta name=\"twitter:data1\" content=\"1 minuto\" \/>\n<script type=\"application\/ld+json\" class=\"yoast-schema-graph\">{\"@context\":\"https:\/\/schema.org\",\"@graph\":[{\"@type\":\"WebPage\",\"@id\":\"https:\/\/abaa.mx\/tienda\/termohigrometro-taylor-1732\/\",\"url\":\"https:\/\/abaa.mx\/tienda\/termohigrometro-taylor-1732\/\",\"name\":\"Termohigr\u00f3metro Taylor 1732 - \u00a1Mejor precio imposible!\",\"isPartOf\":{\"@id\":\"https:\/\/abaa.mx\/tienda\/#website\"},\"primaryImageOfPage\":{\"@id\":\"https:\/\/abaa.mx\/tienda\/termohigrometro-taylor-1732\/#primaryimage\"},\"image\":{\"@id\":\"https:\/\/abaa.mx\/tienda\/termohigrometro-taylor-1732\/#primaryimage\"},\"thumbnailUrl\":\"https:\/\/abaa.mx\/tienda\/wp-content\/uploads\/2020\/07\/termohigrometro-taylor-1732.png\",\"datePublished\":\"2020-07-23T00:44:50+00:00\",\"dateModified\":\"2026-04-01T19:54:31+00:00\",\"description\":\"Termohigr\u00f3metro Taylor 1732 instrumento ideal para farmacias, laboratorios, almacenes de medicamentos, incluye bater\u00eda y env\u00edo totalmente Gratis\",\"breadcrumb\":{\"@id\":\"https:\/\/abaa.mx\/tienda\/termohigrometro-taylor-1732\/#breadcrumb\"},\"inLanguage\":\"es\",\"potentialAction\":[{\"@type\":\"ReadAction\",\"target\":[\"https:\/\/abaa.mx\/tienda\/termohigrometro-taylor-1732\/\"]}]},{\"@type\":\"ImageObject\",\"inLanguage\":\"es\",\"@id\":\"https:\/\/abaa.mx\/tienda\/termohigrometro-taylor-1732\/#primaryimage\",\"url\":\"https:\/\/abaa.mx\/tienda\/wp-content\/uploads\/2020\/07\/termohigrometro-taylor-1732.png\",\"contentUrl\":\"https:\/\/abaa.mx\/tienda\/wp-content\/uploads\/2020\/07\/termohigrometro-taylor-1732.png\",\"width\":600,\"height\":600},{\"@type\":\"BreadcrumbList\",\"@id\":\"https:\/\/abaa.mx\/tienda\/termohigrometro-taylor-1732\/#breadcrumb\",\"itemListElement\":[{\"@type\":\"ListItem\",\"position\":1,\"name\":\"Inicio\",\"item\":\"https:\/\/abaa.mx\/tienda\/\"},{\"@type\":\"ListItem\",\"position\":2,\"name\":\"Tienda\",\"item\":\"https:\/\/abaa.mx\/tienda\/\"},{\"@type\":\"ListItem\",\"position\":3,\"name\":\"Termohigr\u00f3metro Taylor 1732\"}]},{\"@type\":\"WebSite\",\"@id\":\"https:\/\/abaa.mx\/tienda\/#website\",\"url\":\"https:\/\/abaa.mx\/tienda\/\",\"name\":\"Abaa tienda online\",\"description\":\"Instrumentos de medici\u00f3n\",\"publisher\":{\"@id\":\"https:\/\/abaa.mx\/tienda\/#organization\"},\"potentialAction\":[{\"@type\":\"SearchAction\",\"target\":{\"@type\":\"EntryPoint\",\"urlTemplate\":\"https:\/\/abaa.mx\/tienda\/?s={search_term_string}\"},\"query-input\":{\"@type\":\"PropertyValueSpecification\",\"valueRequired\":true,\"valueName\":\"search_term_string\"}}],\"inLanguage\":\"es\"},{\"@type\":\"Organization\",\"@id\":\"https:\/\/abaa.mx\/tienda\/#organization\",\"name\":\"Abaa tienda online\",\"url\":\"https:\/\/abaa.mx\/tienda\/\",\"logo\":{\"@type\":\"ImageObject\",\"inLanguage\":\"es\",\"@id\":\"https:\/\/abaa.mx\/tienda\/#\/schema\/logo\/image\/\",\"url\":\"https:\/\/abaa.mx\/tienda\/wp-content\/uploads\/2024\/01\/abaa-metrologia-tienda.png\",\"contentUrl\":\"https:\/\/abaa.mx\/tienda\/wp-content\/uploads\/2024\/01\/abaa-metrologia-tienda.png\",\"width\":300,\"height\":141,\"caption\":\"Abaa tienda online\"},\"image\":{\"@id\":\"https:\/\/abaa.mx\/tienda\/#\/schema\/logo\/image\/\"}}]}<\/script>\n<!-- \/ Yoast SEO plugin. -->","yoast_head_json":{"title":"Termohigr\u00f3metro Taylor 1732 - \u00a1Mejor precio imposible!","description":"Termohigr\u00f3metro Taylor 1732 instrumento ideal para farmacias, laboratorios, almacenes de medicamentos, incluye bater\u00eda y env\u00edo totalmente Gratis","robots":{"index":"index","follow":"follow","max-snippet":"max-snippet:-1","max-image-preview":"max-image-preview:large","max-video-preview":"max-video-preview:-1"},"canonical":"https:\/\/abaa.mx\/tienda\/termohigrometro-taylor-1732\/","og_locale":"es_MX","og_type":"article","og_title":"Termohigr\u00f3metro Taylor 1732 - \u00a1Mejor precio imposible!","og_description":"Termohigr\u00f3metro Taylor 1732 instrumento ideal para farmacias, laboratorios, almacenes de medicamentos, incluye bater\u00eda y env\u00edo totalmente Gratis","og_url":"https:\/\/abaa.mx\/tienda\/termohigrometro-taylor-1732\/","og_site_name":"Abaa tienda online","article_modified_time":"2026-04-01T19:54:31+00:00","og_image":[{"width":600,"height":600,"url":"https:\/\/abaa.mx\/tienda\/wp-content\/uploads\/2020\/07\/termohigrometro-taylor-1732.png","type":"image\/png"}],"twitter_card":"summary_large_image","twitter_misc":{"Tiempo de lectura":"1 minuto"},"schema":{"@context":"https:\/\/schema.org","@graph":[{"@type":"WebPage","@id":"https:\/\/abaa.mx\/tienda\/termohigrometro-taylor-1732\/","url":"https:\/\/abaa.mx\/tienda\/termohigrometro-taylor-1732\/","name":"Termohigr\u00f3metro Taylor 1732 - \u00a1Mejor precio imposible!","isPartOf":{"@id":"https:\/\/abaa.mx\/tienda\/#website"},"primaryImageOfPage":{"@id":"https:\/\/abaa.mx\/tienda\/termohigrometro-taylor-1732\/#primaryimage"},"image":{"@id":"https:\/\/abaa.mx\/tienda\/termohigrometro-taylor-1732\/#primaryimage"},"thumbnailUrl":"https:\/\/abaa.mx\/tienda\/wp-content\/uploads\/2020\/07\/termohigrometro-taylor-1732.png","datePublished":"2020-07-23T00:44:50+00:00","dateModified":"2026-04-01T19:54:31+00:00","description":"Termohigr\u00f3metro Taylor 1732 instrumento ideal para farmacias, laboratorios, almacenes de medicamentos, incluye bater\u00eda y env\u00edo totalmente Gratis","breadcrumb":{"@id":"https:\/\/abaa.mx\/tienda\/termohigrometro-taylor-1732\/#breadcrumb"},"inLanguage":"es","potentialAction":[{"@type":"ReadAction","target":["https:\/\/abaa.mx\/tienda\/termohigrometro-taylor-1732\/"]}]},{"@type":"ImageObject","inLanguage":"es","@id":"https:\/\/abaa.mx\/tienda\/termohigrometro-taylor-1732\/#primaryimage","url":"https:\/\/abaa.mx\/tienda\/wp-content\/uploads\/2020\/07\/termohigrometro-taylor-1732.png","contentUrl":"https:\/\/abaa.mx\/tienda\/wp-content\/uploads\/2020\/07\/termohigrometro-taylor-1732.png","width":600,"height":600},{"@type":"BreadcrumbList","@id":"https:\/\/abaa.mx\/tienda\/termohigrometro-taylor-1732\/#breadcrumb","itemListElement":[{"@type":"ListItem","position":1,"name":"Inicio","item":"https:\/\/abaa.mx\/tienda\/"},{"@type":"ListItem","position":2,"name":"Tienda","item":"https:\/\/abaa.mx\/tienda\/"},{"@type":"ListItem","position":3,"name":"Termohigr\u00f3metro Taylor 1732"}]},{"@type":"WebSite","@id":"https:\/\/abaa.mx\/tienda\/#website","url":"https:\/\/abaa.mx\/tienda\/","name":"Abaa tienda online","description":"Instrumentos de medici\u00f3n","publisher":{"@id":"https:\/\/abaa.mx\/tienda\/#organization"},"potentialAction":[{"@type":"SearchAction","target":{"@type":"EntryPoint","urlTemplate":"https:\/\/abaa.mx\/tienda\/?s={search_term_string}"},"query-input":{"@type":"PropertyValueSpecification","valueRequired":true,"valueName":"search_term_string"}}],"inLanguage":"es"},{"@type":"Organization","@id":"https:\/\/abaa.mx\/tienda\/#organization","name":"Abaa tienda online","url":"https:\/\/abaa.mx\/tienda\/","logo":{"@type":"ImageObject","inLanguage":"es","@id":"https:\/\/abaa.mx\/tienda\/#\/schema\/logo\/image\/","url":"https:\/\/abaa.mx\/tienda\/wp-content\/uploads\/2024\/01\/abaa-metrologia-tienda.png","contentUrl":"https:\/\/abaa.mx\/tienda\/wp-content\/uploads\/2024\/01\/abaa-metrologia-tienda.png","width":300,"height":141,"caption":"Abaa tienda online"},"image":{"@id":"https:\/\/abaa.mx\/tienda\/#\/schema\/logo\/image\/"}}]}},"_links":{"self":[{"href":"https:\/\/abaa.mx\/tienda\/wp-json\/wp\/v2\/product\/85","targetHints":{"allow":["GET"]}}],"collection":[{"href":"https:\/\/abaa.mx\/tienda\/wp-json\/wp\/v2\/product"}],"about":[{"href":"https:\/\/abaa.mx\/tienda\/wp-json\/wp\/v2\/types\/product"}],"replies":[{"embeddable":true,"href":"https:\/\/abaa.mx\/tienda\/wp-json\/wp\/v2\/comments?post=85"}],"wp:featuredmedia":[{"embeddable":true,"href":"https:\/\/abaa.mx\/tienda\/wp-json\/wp\/v2\/media\/10298"}],"wp:attachment":[{"href":"https:\/\/abaa.mx\/tienda\/wp-json\/wp\/v2\/media?parent=85"}],"wp:term":[{"taxonomy":"product_brand","embeddable":true,"href":"https:\/\/abaa.mx\/tienda\/wp-json\/wp\/v2\/product_brand?post=85"},{"taxonomy":"product_cat","embeddable":true,"href":"https:\/\/abaa.mx\/tienda\/wp-json\/wp\/v2\/product_cat?post=85"},{"taxonomy":"product_tag","embeddable":true,"href":"https:\/\/abaa.mx\/tienda\/wp-json\/wp\/v2\/product_tag?post=85"}],"curies":[{"name":"wp","href":"https:\/\/api.w.org\/{rel}","templated":true}]}}