{"id":8498,"date":"2023-11-03T15:04:53","date_gmt":"2023-11-03T15:04:53","guid":{"rendered":"https:\/\/abaa.mx\/tienda\/?post_type=product&#038;p=8498"},"modified":"2023-11-03T15:04:53","modified_gmt":"2023-11-03T15:04:53","slug":"probador-dc-crest-meter-de-voltaje-de-salida-en-detector-de-porosidad-149","status":"publish","type":"product","link":"https:\/\/abaa.mx\/tienda\/probador-dc-crest-meter-de-voltaje-de-salida-en-detector-de-porosidad-149\/","title":{"rendered":"Probador DC Crest Meter de Voltaje de Salida en Detector de Porosidad &#8211; 149"},"content":{"rendered":"<p>Probador DC Crest Meter de Voltaje de Salida en Detector de Porosidad &#8211; 149.<\/p>\n","protected":false},"excerpt":{"rendered":"<p>Para verificar el voltaje de salida y la medici\u00f3n de los detectores de porosidad de CC y los detectores tipo &#8220;Holiday&#8221;.<\/p>\n<p><b>Aplicaciones:<\/b><\/p>\n<ul>\n<li>Verificaci\u00f3n de la tensi\u00f3n de salida y del voltaje de ajuste de los detectores cuando se aplica una carga a la sonda.<\/li>\n<li>Para asegurar la exactitud, y para permitir el ajuste del voltaje (si es necesario).<\/li>\n<\/ul>\n<p><b>Caracter\u00edsticas:<\/b><\/p>\n<ul>\n<li type=\"circle\">Utilizado para comprobar y calibrar el voltaje de salida del detector de porosidad.<\/li>\n<li type=\"circle\">Unidad port\u00e1til compacta y ligera.<\/li>\n<li type=\"circle\">Sonda integral.<\/li>\n<li type=\"circle\">Certificado de conformidad.<\/li>\n<li type=\"circle\">Estuche.<\/li>\n<li type=\"circle\">Rango:0 a 30kV.<\/li>\n<li type=\"circle\">Resoluci\u00f3n:10V (0 a 20kV) \/ 100V (0 a 30kV).<\/li>\n<li type=\"circle\">Tierra, plomo:Separado.<\/li>\n<li type=\"circle\">Dimensiones:380 x 80 mm.<\/li>\n<li type=\"circle\">Peso:300g.<\/li>\n<\/ul>\n","protected":false},"featured_media":8499,"comment_status":"open","ping_status":"closed","template":"","meta":{"_joinchat":[]},"product_brand":[],"product_cat":[110],"product_tag":[],"class_list":{"0":"post-8498","1":"product","2":"type-product","3":"status-publish","4":"has-post-thumbnail","6":"product_cat-medidores-de-falla-de-recubrimiento","8":"first","9":"instock","10":"shipping-taxable","11":"product-type-simple"},"yoast_head":"<!-- This site is optimized with the Yoast SEO plugin v26.4 - https:\/\/yoast.com\/wordpress\/plugins\/seo\/ -->\n<title>Probador DC Crest Meter de Voltaje de Salida en Detector de Porosidad - 149 - Abaa tienda online<\/title>\n<meta name=\"robots\" content=\"index, follow, max-snippet:-1, max-image-preview:large, max-video-preview:-1\" \/>\n<link rel=\"canonical\" href=\"https:\/\/abaa.mx\/tienda\/probador-dc-crest-meter-de-voltaje-de-salida-en-detector-de-porosidad-149\/\" \/>\n<meta property=\"og:locale\" content=\"es_MX\" \/>\n<meta property=\"og:type\" content=\"article\" \/>\n<meta property=\"og:title\" content=\"Probador DC Crest Meter de Voltaje de Salida en Detector de Porosidad - 149 - Abaa tienda online\" \/>\n<meta property=\"og:description\" content=\"Para verificar el voltaje de salida y la medici\u00f3n de los detectores de porosidad de CC y los detectores tipo &quot;Holiday&quot;.  Aplicaciones:   Verificaci\u00f3n de la tensi\u00f3n de salida y del voltaje de ajuste de los detectores cuando se aplica una carga a la sonda.  Para asegurar la exactitud, y para permitir el ajuste del voltaje (si es necesario).  Caracter\u00edsticas:   Utilizado para comprobar y calibrar el voltaje de salida del detector de porosidad.  Unidad port\u00e1til compacta y ligera.  Sonda integral.  Certificado de conformidad.  Estuche.  Rango:0 a 30kV.  Resoluci\u00f3n:10V (0 a 20kV) \/ 100V (0 a 30kV).  Tierra, plomo:Separado.  Dimensiones:380 x 80 mm.  Peso:300g.\" \/>\n<meta property=\"og:url\" content=\"https:\/\/abaa.mx\/tienda\/probador-dc-crest-meter-de-voltaje-de-salida-en-detector-de-porosidad-149\/\" \/>\n<meta property=\"og:site_name\" content=\"Abaa tienda online\" \/>\n<meta property=\"og:image\" content=\"https:\/\/abaa.mx\/tienda\/wp-content\/uploads\/2023\/11\/PCWI-POROSIDAD-19.jpg\" \/>\n\t<meta property=\"og:image:width\" content=\"373\" \/>\n\t<meta property=\"og:image:height\" content=\"342\" \/>\n\t<meta property=\"og:image:type\" content=\"image\/jpeg\" \/>\n<meta name=\"twitter:card\" content=\"summary_large_image\" \/>\n<meta name=\"twitter:label1\" content=\"Tiempo de lectura\" \/>\n\t<meta name=\"twitter:data1\" content=\"1 minuto\" \/>\n<script type=\"application\/ld+json\" class=\"yoast-schema-graph\">{\"@context\":\"https:\/\/schema.org\",\"@graph\":[{\"@type\":\"WebPage\",\"@id\":\"https:\/\/abaa.mx\/tienda\/probador-dc-crest-meter-de-voltaje-de-salida-en-detector-de-porosidad-149\/\",\"url\":\"https:\/\/abaa.mx\/tienda\/probador-dc-crest-meter-de-voltaje-de-salida-en-detector-de-porosidad-149\/\",\"name\":\"Probador DC Crest Meter de Voltaje de Salida en Detector de Porosidad - 149 - Abaa tienda online\",\"isPartOf\":{\"@id\":\"https:\/\/abaa.mx\/tienda\/#website\"},\"primaryImageOfPage\":{\"@id\":\"https:\/\/abaa.mx\/tienda\/probador-dc-crest-meter-de-voltaje-de-salida-en-detector-de-porosidad-149\/#primaryimage\"},\"image\":{\"@id\":\"https:\/\/abaa.mx\/tienda\/probador-dc-crest-meter-de-voltaje-de-salida-en-detector-de-porosidad-149\/#primaryimage\"},\"thumbnailUrl\":\"https:\/\/abaa.mx\/tienda\/wp-content\/uploads\/2023\/11\/PCWI-POROSIDAD-19.jpg\",\"datePublished\":\"2023-11-03T15:04:53+00:00\",\"breadcrumb\":{\"@id\":\"https:\/\/abaa.mx\/tienda\/probador-dc-crest-meter-de-voltaje-de-salida-en-detector-de-porosidad-149\/#breadcrumb\"},\"inLanguage\":\"es\",\"potentialAction\":[{\"@type\":\"ReadAction\",\"target\":[\"https:\/\/abaa.mx\/tienda\/probador-dc-crest-meter-de-voltaje-de-salida-en-detector-de-porosidad-149\/\"]}]},{\"@type\":\"ImageObject\",\"inLanguage\":\"es\",\"@id\":\"https:\/\/abaa.mx\/tienda\/probador-dc-crest-meter-de-voltaje-de-salida-en-detector-de-porosidad-149\/#primaryimage\",\"url\":\"https:\/\/abaa.mx\/tienda\/wp-content\/uploads\/2023\/11\/PCWI-POROSIDAD-19.jpg\",\"contentUrl\":\"https:\/\/abaa.mx\/tienda\/wp-content\/uploads\/2023\/11\/PCWI-POROSIDAD-19.jpg\",\"width\":373,\"height\":342,\"caption\":\"PCWI-POROSIDAD-19\"},{\"@type\":\"BreadcrumbList\",\"@id\":\"https:\/\/abaa.mx\/tienda\/probador-dc-crest-meter-de-voltaje-de-salida-en-detector-de-porosidad-149\/#breadcrumb\",\"itemListElement\":[{\"@type\":\"ListItem\",\"position\":1,\"name\":\"Inicio\",\"item\":\"https:\/\/abaa.mx\/tienda\/\"},{\"@type\":\"ListItem\",\"position\":2,\"name\":\"Tienda\",\"item\":\"https:\/\/abaa.mx\/tienda\/\"},{\"@type\":\"ListItem\",\"position\":3,\"name\":\"Probador DC Crest Meter de Voltaje de Salida en Detector de Porosidad &#8211; 149\"}]},{\"@type\":\"WebSite\",\"@id\":\"https:\/\/abaa.mx\/tienda\/#website\",\"url\":\"https:\/\/abaa.mx\/tienda\/\",\"name\":\"Abaa tienda online\",\"description\":\"Instrumentos de medici\u00f3n\",\"publisher\":{\"@id\":\"https:\/\/abaa.mx\/tienda\/#organization\"},\"potentialAction\":[{\"@type\":\"SearchAction\",\"target\":{\"@type\":\"EntryPoint\",\"urlTemplate\":\"https:\/\/abaa.mx\/tienda\/?s={search_term_string}\"},\"query-input\":{\"@type\":\"PropertyValueSpecification\",\"valueRequired\":true,\"valueName\":\"search_term_string\"}}],\"inLanguage\":\"es\"},{\"@type\":\"Organization\",\"@id\":\"https:\/\/abaa.mx\/tienda\/#organization\",\"name\":\"Abaa tienda online\",\"url\":\"https:\/\/abaa.mx\/tienda\/\",\"logo\":{\"@type\":\"ImageObject\",\"inLanguage\":\"es\",\"@id\":\"https:\/\/abaa.mx\/tienda\/#\/schema\/logo\/image\/\",\"url\":\"https:\/\/abaa.mx\/tienda\/wp-content\/uploads\/2024\/01\/abaa-metrologia-tienda.png\",\"contentUrl\":\"https:\/\/abaa.mx\/tienda\/wp-content\/uploads\/2024\/01\/abaa-metrologia-tienda.png\",\"width\":300,\"height\":141,\"caption\":\"Abaa tienda online\"},\"image\":{\"@id\":\"https:\/\/abaa.mx\/tienda\/#\/schema\/logo\/image\/\"}}]}<\/script>\n<!-- \/ Yoast SEO plugin. -->","yoast_head_json":{"title":"Probador DC Crest Meter de Voltaje de Salida en Detector de Porosidad - 149 - Abaa tienda online","robots":{"index":"index","follow":"follow","max-snippet":"max-snippet:-1","max-image-preview":"max-image-preview:large","max-video-preview":"max-video-preview:-1"},"canonical":"https:\/\/abaa.mx\/tienda\/probador-dc-crest-meter-de-voltaje-de-salida-en-detector-de-porosidad-149\/","og_locale":"es_MX","og_type":"article","og_title":"Probador DC Crest Meter de Voltaje de Salida en Detector de Porosidad - 149 - Abaa tienda online","og_description":"Para verificar el voltaje de salida y la medici\u00f3n de los detectores de porosidad de CC y los detectores tipo \"Holiday\".  Aplicaciones:   Verificaci\u00f3n de la tensi\u00f3n de salida y del voltaje de ajuste de los detectores cuando se aplica una carga a la sonda.  Para asegurar la exactitud, y para permitir el ajuste del voltaje (si es necesario).  Caracter\u00edsticas:   Utilizado para comprobar y calibrar el voltaje de salida del detector de porosidad.  Unidad port\u00e1til compacta y ligera.  Sonda integral.  Certificado de conformidad.  Estuche.  Rango:0 a 30kV.  Resoluci\u00f3n:10V (0 a 20kV) \/ 100V (0 a 30kV).  Tierra, plomo:Separado.  Dimensiones:380 x 80 mm.  Peso:300g.","og_url":"https:\/\/abaa.mx\/tienda\/probador-dc-crest-meter-de-voltaje-de-salida-en-detector-de-porosidad-149\/","og_site_name":"Abaa tienda online","og_image":[{"width":373,"height":342,"url":"https:\/\/abaa.mx\/tienda\/wp-content\/uploads\/2023\/11\/PCWI-POROSIDAD-19.jpg","type":"image\/jpeg"}],"twitter_card":"summary_large_image","twitter_misc":{"Tiempo de lectura":"1 minuto"},"schema":{"@context":"https:\/\/schema.org","@graph":[{"@type":"WebPage","@id":"https:\/\/abaa.mx\/tienda\/probador-dc-crest-meter-de-voltaje-de-salida-en-detector-de-porosidad-149\/","url":"https:\/\/abaa.mx\/tienda\/probador-dc-crest-meter-de-voltaje-de-salida-en-detector-de-porosidad-149\/","name":"Probador DC Crest Meter de Voltaje de Salida en Detector de Porosidad - 149 - Abaa tienda online","isPartOf":{"@id":"https:\/\/abaa.mx\/tienda\/#website"},"primaryImageOfPage":{"@id":"https:\/\/abaa.mx\/tienda\/probador-dc-crest-meter-de-voltaje-de-salida-en-detector-de-porosidad-149\/#primaryimage"},"image":{"@id":"https:\/\/abaa.mx\/tienda\/probador-dc-crest-meter-de-voltaje-de-salida-en-detector-de-porosidad-149\/#primaryimage"},"thumbnailUrl":"https:\/\/abaa.mx\/tienda\/wp-content\/uploads\/2023\/11\/PCWI-POROSIDAD-19.jpg","datePublished":"2023-11-03T15:04:53+00:00","breadcrumb":{"@id":"https:\/\/abaa.mx\/tienda\/probador-dc-crest-meter-de-voltaje-de-salida-en-detector-de-porosidad-149\/#breadcrumb"},"inLanguage":"es","potentialAction":[{"@type":"ReadAction","target":["https:\/\/abaa.mx\/tienda\/probador-dc-crest-meter-de-voltaje-de-salida-en-detector-de-porosidad-149\/"]}]},{"@type":"ImageObject","inLanguage":"es","@id":"https:\/\/abaa.mx\/tienda\/probador-dc-crest-meter-de-voltaje-de-salida-en-detector-de-porosidad-149\/#primaryimage","url":"https:\/\/abaa.mx\/tienda\/wp-content\/uploads\/2023\/11\/PCWI-POROSIDAD-19.jpg","contentUrl":"https:\/\/abaa.mx\/tienda\/wp-content\/uploads\/2023\/11\/PCWI-POROSIDAD-19.jpg","width":373,"height":342,"caption":"PCWI-POROSIDAD-19"},{"@type":"BreadcrumbList","@id":"https:\/\/abaa.mx\/tienda\/probador-dc-crest-meter-de-voltaje-de-salida-en-detector-de-porosidad-149\/#breadcrumb","itemListElement":[{"@type":"ListItem","position":1,"name":"Inicio","item":"https:\/\/abaa.mx\/tienda\/"},{"@type":"ListItem","position":2,"name":"Tienda","item":"https:\/\/abaa.mx\/tienda\/"},{"@type":"ListItem","position":3,"name":"Probador DC Crest Meter de Voltaje de Salida en Detector de Porosidad &#8211; 149"}]},{"@type":"WebSite","@id":"https:\/\/abaa.mx\/tienda\/#website","url":"https:\/\/abaa.mx\/tienda\/","name":"Abaa tienda online","description":"Instrumentos de medici\u00f3n","publisher":{"@id":"https:\/\/abaa.mx\/tienda\/#organization"},"potentialAction":[{"@type":"SearchAction","target":{"@type":"EntryPoint","urlTemplate":"https:\/\/abaa.mx\/tienda\/?s={search_term_string}"},"query-input":{"@type":"PropertyValueSpecification","valueRequired":true,"valueName":"search_term_string"}}],"inLanguage":"es"},{"@type":"Organization","@id":"https:\/\/abaa.mx\/tienda\/#organization","name":"Abaa tienda online","url":"https:\/\/abaa.mx\/tienda\/","logo":{"@type":"ImageObject","inLanguage":"es","@id":"https:\/\/abaa.mx\/tienda\/#\/schema\/logo\/image\/","url":"https:\/\/abaa.mx\/tienda\/wp-content\/uploads\/2024\/01\/abaa-metrologia-tienda.png","contentUrl":"https:\/\/abaa.mx\/tienda\/wp-content\/uploads\/2024\/01\/abaa-metrologia-tienda.png","width":300,"height":141,"caption":"Abaa tienda online"},"image":{"@id":"https:\/\/abaa.mx\/tienda\/#\/schema\/logo\/image\/"}}]}},"_links":{"self":[{"href":"https:\/\/abaa.mx\/tienda\/wp-json\/wp\/v2\/product\/8498","targetHints":{"allow":["GET"]}}],"collection":[{"href":"https:\/\/abaa.mx\/tienda\/wp-json\/wp\/v2\/product"}],"about":[{"href":"https:\/\/abaa.mx\/tienda\/wp-json\/wp\/v2\/types\/product"}],"replies":[{"embeddable":true,"href":"https:\/\/abaa.mx\/tienda\/wp-json\/wp\/v2\/comments?post=8498"}],"wp:featuredmedia":[{"embeddable":true,"href":"https:\/\/abaa.mx\/tienda\/wp-json\/wp\/v2\/media\/8499"}],"wp:attachment":[{"href":"https:\/\/abaa.mx\/tienda\/wp-json\/wp\/v2\/media?parent=8498"}],"wp:term":[{"taxonomy":"product_brand","embeddable":true,"href":"https:\/\/abaa.mx\/tienda\/wp-json\/wp\/v2\/product_brand?post=8498"},{"taxonomy":"product_cat","embeddable":true,"href":"https:\/\/abaa.mx\/tienda\/wp-json\/wp\/v2\/product_cat?post=8498"},{"taxonomy":"product_tag","embeddable":true,"href":"https:\/\/abaa.mx\/tienda\/wp-json\/wp\/v2\/product_tag?post=8498"}],"curies":[{"name":"wp","href":"https:\/\/api.w.org\/{rel}","templated":true}]}}