{"id":8496,"date":"2023-11-03T14:56:15","date_gmt":"2023-11-03T14:56:15","guid":{"rendered":"https:\/\/abaa.mx\/tienda\/?post_type=product&#038;p=8496"},"modified":"2023-11-03T14:56:15","modified_gmt":"2023-11-03T14:56:15","slug":"medidor-de-estatica-simco-a-300000v-fmx-004","status":"publish","type":"product","link":"https:\/\/abaa.mx\/tienda\/medidor-de-estatica-simco-a-300000v-fmx-004\/","title":{"rendered":"Medidor de Estatica Simco A 30,0000V FMX-004"},"content":{"rendered":"<p>Medidor de Estatica Simco A 30,0000V FMX-004.<\/p>\n","protected":false},"excerpt":{"rendered":"<p>El medidor est\u00e1tico Simco FMX-004 es un medidor de campo electrost\u00e1tico port\u00e1til conveniente , compacto y de bolsillo. Con este medidor de campo puede medir y almacenar la intensidad y la polaridad del campo. Le facilita llevar a cabo mediciones en sitios dif\u00edciles. La distancia de medici\u00f3n correcta se muestra a trav\u00e9s de dos LED integrados.<\/p>\n<p>La medici\u00f3n se puede realizar con el volt\u00edmetro electrost\u00e1tico Simco, el FMX-004 y el resultado es el voltaje est\u00e1tico en kVolt.<\/p>\n<p>Puede pedirle a su agente local que mida con el medidor est\u00e1tico de mano electrost\u00e1tico por usted. Otra alternativa es hacerlo t\u00fa mismo con nuestro c\u00f3modo kit de medidas caseras DIY (solicitar por chat\/llamada). Tras medirte, Simco te va a ayudar a interpretar los resultados por tel\u00e9fono o v\u00eddeo.<\/p>\n<p>&nbsp;<\/p>\n<p>El FMX-004 es un medidor de campos electrost\u00e1ticos de bolsillo c\u00f3modo y compacto. Este medidor de campos permite medir y registrar la intensidad y la polaridad de los campos. Adem\u00e1s de esto , tambi\u00e9n permite realizar mediciones en lugares dif\u00edciles. 2 LED integrados indican la distancia de medici\u00f3n correcta. La estructura de pl\u00e1stico conductiva, con toma de tierra dentro en el del costado , garantiza la precisi\u00f3n de las mediciones. Su exclusiva pantalla bicolor reproduce los valores medidos tanto en valores num\u00e9ricos como en gr\u00e1ficas. Adem\u00e1s , en la pantalla tambi\u00e9n se se\u00f1ala el nivel de carga de la bater\u00eda.<\/p>\n<p>El servicio de atenci\u00f3n al usuario de Simco asimismo puede ayudarlo a aprovechar al l\u00edmite el uso del medidor antiest\u00e1tico. Asimismo se aceptar\u00e1 la traducci\u00f3n de los desenlaces de la medici\u00f3n en una soluci\u00f3n si lo pide. En la mayor\u00eda de las situaciones , el uso de eliminadores de est\u00e1tica le ayudar\u00e1 a remover la carga est\u00e1tica. Esto se puede hacer montando un dispositivo antiest\u00e1tico apuntando al punto cargado o al objeto cargado.<\/p>\n<p>La carcasa de pl\u00e1stico conductor de electricidad con una conexi\u00f3n a tierra puesta en el del costado garantiza mediciones precisas. La \u00fanica pantalla bicolor muestra el valor medido tanto num\u00e9rica como gr\u00e1ficamente. El estado de la bater\u00eda se expone en la pantalla.<\/p>\n<p><strong>Especificaciones t\u00e9cnicas:<\/strong><\/p>\n<table class=\"table\">\n<tbody>\n<tr>\n<td>Rango<\/td>\n<td>0 &#8211; 30 kV pos.\/neg.<\/td>\n<\/tr>\n<tr>\n<td>Precisi\u00f3n<\/td>\n<td>\u00b1 10 % 0-30 kV<\/td>\n<\/tr>\n<tr>\n<td>Distancia de medici\u00f3n<\/td>\n<td>25 mm (0 &#8211; 30 kV)<\/td>\n<\/tr>\n<tr>\n<td>Ajuste cero<\/td>\n<td>Autom\u00e1tico<\/td>\n<\/tr>\n<tr>\n<td>Pantalla<\/td>\n<td>Pantalla LCD<\/td>\n<\/tr>\n<tr>\n<td>Memoria<\/td>\n<td>S\u00ed<\/td>\n<\/tr>\n<tr>\n<td>Bater\u00eda<\/td>\n<td>Pila alcalina de 9 V<\/td>\n<\/tr>\n<tr>\n<td>Carcasa<\/td>\n<td>ABS conductivo<\/td>\n<\/tr>\n<tr>\n<td>Peso<\/td>\n<td>0,17kg<\/td>\n<\/tr>\n<tr>\n<td>Temperatura ambiente<\/td>\n<td>10 &#8211; 40 \u00b0C<\/td>\n<\/tr>\n<tr>\n<td>Embalaje<\/td>\n<td>Caja de transporte blanda, cable espiral de<\/td>\n<\/tr>\n<tr>\n<td><\/td>\n<td>puesta a tierra y adaptador para medir<\/td>\n<\/tr>\n<tr>\n<td><\/td>\n<td>el equilibrio i\u00f3nico<\/td>\n<\/tr>\n<\/tbody>\n<\/table>\n","protected":false},"featured_media":8497,"comment_status":"open","ping_status":"closed","template":"","meta":{"_joinchat":[]},"product_brand":[],"product_cat":[109],"product_tag":[],"class_list":{"0":"post-8496","1":"product","2":"type-product","3":"status-publish","4":"has-post-thumbnail","6":"product_cat-medidores-de-estatica","8":"first","9":"instock","10":"shipping-taxable","11":"product-type-simple"},"yoast_head":"<!-- This site is optimized with the Yoast SEO plugin v26.4 - https:\/\/yoast.com\/wordpress\/plugins\/seo\/ -->\n<title>Medidor de Estatica Simco A 30,0000V FMX-004 - Abaa tienda online<\/title>\n<meta name=\"robots\" content=\"index, follow, max-snippet:-1, max-image-preview:large, max-video-preview:-1\" \/>\n<link rel=\"canonical\" href=\"https:\/\/abaa.mx\/tienda\/medidor-de-estatica-simco-a-300000v-fmx-004\/\" \/>\n<meta property=\"og:locale\" content=\"es_MX\" \/>\n<meta property=\"og:type\" content=\"article\" \/>\n<meta property=\"og:title\" content=\"Medidor de Estatica Simco A 30,0000V FMX-004 - Abaa tienda online\" \/>\n<meta property=\"og:description\" content=\"El medidor est\u00e1tico Simco FMX-004 es un medidor de campo electrost\u00e1tico port\u00e1til conveniente , compacto y de bolsillo. Con este medidor de campo puede medir y almacenar la intensidad y la polaridad del campo. Le facilita llevar a cabo mediciones en sitios dif\u00edciles. La distancia de medici\u00f3n correcta se muestra a trav\u00e9s de dos LED integrados.  La medici\u00f3n se puede realizar con el volt\u00edmetro electrost\u00e1tico Simco, el FMX-004 y el resultado es el voltaje est\u00e1tico en kVolt.  Puede pedirle a su agente local que mida con el medidor est\u00e1tico de mano electrost\u00e1tico por usted. Otra alternativa es hacerlo t\u00fa mismo con nuestro c\u00f3modo kit de medidas caseras DIY (solicitar por chat\/llamada). Tras medirte, Simco te va a ayudar a interpretar los resultados por tel\u00e9fono o v\u00eddeo.  &nbsp;  El FMX-004 es un medidor de campos electrost\u00e1ticos de bolsillo c\u00f3modo y compacto. Este medidor de campos permite medir y registrar la intensidad y la polaridad de los campos. Adem\u00e1s de esto , tambi\u00e9n permite realizar mediciones en lugares dif\u00edciles. 2 LED integrados indican la distancia de medici\u00f3n correcta. La estructura de pl\u00e1stico conductiva, con toma de tierra dentro en el del costado , garantiza la precisi\u00f3n de las mediciones. Su exclusiva pantalla bicolor reproduce los valores medidos tanto en valores num\u00e9ricos como en gr\u00e1ficas. Adem\u00e1s , en la pantalla tambi\u00e9n se se\u00f1ala el nivel de carga de la bater\u00eda.  El servicio de atenci\u00f3n al usuario de Simco asimismo puede ayudarlo a aprovechar al l\u00edmite el uso del medidor antiest\u00e1tico. Asimismo se aceptar\u00e1 la traducci\u00f3n de los desenlaces de la medici\u00f3n en una soluci\u00f3n si lo pide. En la mayor\u00eda de las situaciones , el uso de eliminadores de est\u00e1tica le ayudar\u00e1 a remover la carga est\u00e1tica. Esto se puede hacer montando un dispositivo antiest\u00e1tico apuntando al punto cargado o al objeto cargado.  La carcasa de pl\u00e1stico conductor de electricidad con una conexi\u00f3n a tierra puesta en el del costado garantiza mediciones precisas. La \u00fanica pantalla bicolor muestra el valor medido tanto num\u00e9rica como gr\u00e1ficamente. El estado de la bater\u00eda se expone en la pantalla.  Especificaciones t\u00e9cnicas:    Rango 0 - 30 kV pos.\/neg.   Precisi\u00f3n \u00b1 10 % 0-30 kV   Distancia de medici\u00f3n 25 mm (0 - 30 kV)   Ajuste cero Autom\u00e1tico   Pantalla Pantalla LCD   Memoria S\u00ed   Bater\u00eda Pila alcalina de 9 V   Carcasa ABS conductivo   Peso 0,17kg   Temperatura ambiente 10 - 40 \u00b0C   Embalaje Caja de transporte blanda, cable espiral de    puesta a tierra y adaptador para medir    el equilibrio i\u00f3nico\" \/>\n<meta property=\"og:url\" content=\"https:\/\/abaa.mx\/tienda\/medidor-de-estatica-simco-a-300000v-fmx-004\/\" \/>\n<meta property=\"og:site_name\" content=\"Abaa tienda online\" \/>\n<meta property=\"og:image\" content=\"https:\/\/abaa.mx\/tienda\/wp-content\/uploads\/2023\/11\/SIMCO-FMX-004.jpg\" \/>\n\t<meta property=\"og:image:width\" content=\"1024\" \/>\n\t<meta property=\"og:image:height\" content=\"1024\" \/>\n\t<meta property=\"og:image:type\" content=\"image\/jpeg\" \/>\n<meta name=\"twitter:card\" content=\"summary_large_image\" \/>\n<meta name=\"twitter:label1\" content=\"Tiempo de lectura\" \/>\n\t<meta name=\"twitter:data1\" content=\"1 minuto\" \/>\n<script type=\"application\/ld+json\" class=\"yoast-schema-graph\">{\"@context\":\"https:\/\/schema.org\",\"@graph\":[{\"@type\":\"WebPage\",\"@id\":\"https:\/\/abaa.mx\/tienda\/medidor-de-estatica-simco-a-300000v-fmx-004\/\",\"url\":\"https:\/\/abaa.mx\/tienda\/medidor-de-estatica-simco-a-300000v-fmx-004\/\",\"name\":\"Medidor de Estatica Simco A 30,0000V FMX-004 - Abaa tienda online\",\"isPartOf\":{\"@id\":\"https:\/\/abaa.mx\/tienda\/#website\"},\"primaryImageOfPage\":{\"@id\":\"https:\/\/abaa.mx\/tienda\/medidor-de-estatica-simco-a-300000v-fmx-004\/#primaryimage\"},\"image\":{\"@id\":\"https:\/\/abaa.mx\/tienda\/medidor-de-estatica-simco-a-300000v-fmx-004\/#primaryimage\"},\"thumbnailUrl\":\"https:\/\/abaa.mx\/tienda\/wp-content\/uploads\/2023\/11\/SIMCO-FMX-004.jpg\",\"datePublished\":\"2023-11-03T14:56:15+00:00\",\"breadcrumb\":{\"@id\":\"https:\/\/abaa.mx\/tienda\/medidor-de-estatica-simco-a-300000v-fmx-004\/#breadcrumb\"},\"inLanguage\":\"es\",\"potentialAction\":[{\"@type\":\"ReadAction\",\"target\":[\"https:\/\/abaa.mx\/tienda\/medidor-de-estatica-simco-a-300000v-fmx-004\/\"]}]},{\"@type\":\"ImageObject\",\"inLanguage\":\"es\",\"@id\":\"https:\/\/abaa.mx\/tienda\/medidor-de-estatica-simco-a-300000v-fmx-004\/#primaryimage\",\"url\":\"https:\/\/abaa.mx\/tienda\/wp-content\/uploads\/2023\/11\/SIMCO-FMX-004.jpg\",\"contentUrl\":\"https:\/\/abaa.mx\/tienda\/wp-content\/uploads\/2023\/11\/SIMCO-FMX-004.jpg\",\"width\":1024,\"height\":1024,\"caption\":\"SIMCO-FMX-004\"},{\"@type\":\"BreadcrumbList\",\"@id\":\"https:\/\/abaa.mx\/tienda\/medidor-de-estatica-simco-a-300000v-fmx-004\/#breadcrumb\",\"itemListElement\":[{\"@type\":\"ListItem\",\"position\":1,\"name\":\"Inicio\",\"item\":\"https:\/\/abaa.mx\/tienda\/\"},{\"@type\":\"ListItem\",\"position\":2,\"name\":\"Tienda\",\"item\":\"https:\/\/abaa.mx\/tienda\/\"},{\"@type\":\"ListItem\",\"position\":3,\"name\":\"Medidor de Estatica Simco A 30,0000V FMX-004\"}]},{\"@type\":\"WebSite\",\"@id\":\"https:\/\/abaa.mx\/tienda\/#website\",\"url\":\"https:\/\/abaa.mx\/tienda\/\",\"name\":\"Abaa tienda online\",\"description\":\"Instrumentos de medici\u00f3n\",\"publisher\":{\"@id\":\"https:\/\/abaa.mx\/tienda\/#organization\"},\"potentialAction\":[{\"@type\":\"SearchAction\",\"target\":{\"@type\":\"EntryPoint\",\"urlTemplate\":\"https:\/\/abaa.mx\/tienda\/?s={search_term_string}\"},\"query-input\":{\"@type\":\"PropertyValueSpecification\",\"valueRequired\":true,\"valueName\":\"search_term_string\"}}],\"inLanguage\":\"es\"},{\"@type\":\"Organization\",\"@id\":\"https:\/\/abaa.mx\/tienda\/#organization\",\"name\":\"Abaa tienda online\",\"url\":\"https:\/\/abaa.mx\/tienda\/\",\"logo\":{\"@type\":\"ImageObject\",\"inLanguage\":\"es\",\"@id\":\"https:\/\/abaa.mx\/tienda\/#\/schema\/logo\/image\/\",\"url\":\"https:\/\/abaa.mx\/tienda\/wp-content\/uploads\/2024\/01\/abaa-metrologia-tienda.png\",\"contentUrl\":\"https:\/\/abaa.mx\/tienda\/wp-content\/uploads\/2024\/01\/abaa-metrologia-tienda.png\",\"width\":300,\"height\":141,\"caption\":\"Abaa tienda online\"},\"image\":{\"@id\":\"https:\/\/abaa.mx\/tienda\/#\/schema\/logo\/image\/\"}}]}<\/script>\n<!-- \/ Yoast SEO plugin. -->","yoast_head_json":{"title":"Medidor de Estatica Simco A 30,0000V FMX-004 - Abaa tienda online","robots":{"index":"index","follow":"follow","max-snippet":"max-snippet:-1","max-image-preview":"max-image-preview:large","max-video-preview":"max-video-preview:-1"},"canonical":"https:\/\/abaa.mx\/tienda\/medidor-de-estatica-simco-a-300000v-fmx-004\/","og_locale":"es_MX","og_type":"article","og_title":"Medidor de Estatica Simco A 30,0000V FMX-004 - Abaa tienda online","og_description":"El medidor est\u00e1tico Simco FMX-004 es un medidor de campo electrost\u00e1tico port\u00e1til conveniente , compacto y de bolsillo. Con este medidor de campo puede medir y almacenar la intensidad y la polaridad del campo. Le facilita llevar a cabo mediciones en sitios dif\u00edciles. La distancia de medici\u00f3n correcta se muestra a trav\u00e9s de dos LED integrados.  La medici\u00f3n se puede realizar con el volt\u00edmetro electrost\u00e1tico Simco, el FMX-004 y el resultado es el voltaje est\u00e1tico en kVolt.  Puede pedirle a su agente local que mida con el medidor est\u00e1tico de mano electrost\u00e1tico por usted. Otra alternativa es hacerlo t\u00fa mismo con nuestro c\u00f3modo kit de medidas caseras DIY (solicitar por chat\/llamada). Tras medirte, Simco te va a ayudar a interpretar los resultados por tel\u00e9fono o v\u00eddeo.  &nbsp;  El FMX-004 es un medidor de campos electrost\u00e1ticos de bolsillo c\u00f3modo y compacto. Este medidor de campos permite medir y registrar la intensidad y la polaridad de los campos. Adem\u00e1s de esto , tambi\u00e9n permite realizar mediciones en lugares dif\u00edciles. 2 LED integrados indican la distancia de medici\u00f3n correcta. La estructura de pl\u00e1stico conductiva, con toma de tierra dentro en el del costado , garantiza la precisi\u00f3n de las mediciones. Su exclusiva pantalla bicolor reproduce los valores medidos tanto en valores num\u00e9ricos como en gr\u00e1ficas. Adem\u00e1s , en la pantalla tambi\u00e9n se se\u00f1ala el nivel de carga de la bater\u00eda.  El servicio de atenci\u00f3n al usuario de Simco asimismo puede ayudarlo a aprovechar al l\u00edmite el uso del medidor antiest\u00e1tico. Asimismo se aceptar\u00e1 la traducci\u00f3n de los desenlaces de la medici\u00f3n en una soluci\u00f3n si lo pide. En la mayor\u00eda de las situaciones , el uso de eliminadores de est\u00e1tica le ayudar\u00e1 a remover la carga est\u00e1tica. Esto se puede hacer montando un dispositivo antiest\u00e1tico apuntando al punto cargado o al objeto cargado.  La carcasa de pl\u00e1stico conductor de electricidad con una conexi\u00f3n a tierra puesta en el del costado garantiza mediciones precisas. La \u00fanica pantalla bicolor muestra el valor medido tanto num\u00e9rica como gr\u00e1ficamente. El estado de la bater\u00eda se expone en la pantalla.  Especificaciones t\u00e9cnicas:    Rango 0 - 30 kV pos.\/neg.   Precisi\u00f3n \u00b1 10 % 0-30 kV   Distancia de medici\u00f3n 25 mm (0 - 30 kV)   Ajuste cero Autom\u00e1tico   Pantalla Pantalla LCD   Memoria S\u00ed   Bater\u00eda Pila alcalina de 9 V   Carcasa ABS conductivo   Peso 0,17kg   Temperatura ambiente 10 - 40 \u00b0C   Embalaje Caja de transporte blanda, cable espiral de    puesta a tierra y adaptador para medir    el equilibrio i\u00f3nico","og_url":"https:\/\/abaa.mx\/tienda\/medidor-de-estatica-simco-a-300000v-fmx-004\/","og_site_name":"Abaa tienda online","og_image":[{"width":1024,"height":1024,"url":"https:\/\/abaa.mx\/tienda\/wp-content\/uploads\/2023\/11\/SIMCO-FMX-004.jpg","type":"image\/jpeg"}],"twitter_card":"summary_large_image","twitter_misc":{"Tiempo de lectura":"1 minuto"},"schema":{"@context":"https:\/\/schema.org","@graph":[{"@type":"WebPage","@id":"https:\/\/abaa.mx\/tienda\/medidor-de-estatica-simco-a-300000v-fmx-004\/","url":"https:\/\/abaa.mx\/tienda\/medidor-de-estatica-simco-a-300000v-fmx-004\/","name":"Medidor de Estatica Simco A 30,0000V FMX-004 - Abaa tienda online","isPartOf":{"@id":"https:\/\/abaa.mx\/tienda\/#website"},"primaryImageOfPage":{"@id":"https:\/\/abaa.mx\/tienda\/medidor-de-estatica-simco-a-300000v-fmx-004\/#primaryimage"},"image":{"@id":"https:\/\/abaa.mx\/tienda\/medidor-de-estatica-simco-a-300000v-fmx-004\/#primaryimage"},"thumbnailUrl":"https:\/\/abaa.mx\/tienda\/wp-content\/uploads\/2023\/11\/SIMCO-FMX-004.jpg","datePublished":"2023-11-03T14:56:15+00:00","breadcrumb":{"@id":"https:\/\/abaa.mx\/tienda\/medidor-de-estatica-simco-a-300000v-fmx-004\/#breadcrumb"},"inLanguage":"es","potentialAction":[{"@type":"ReadAction","target":["https:\/\/abaa.mx\/tienda\/medidor-de-estatica-simco-a-300000v-fmx-004\/"]}]},{"@type":"ImageObject","inLanguage":"es","@id":"https:\/\/abaa.mx\/tienda\/medidor-de-estatica-simco-a-300000v-fmx-004\/#primaryimage","url":"https:\/\/abaa.mx\/tienda\/wp-content\/uploads\/2023\/11\/SIMCO-FMX-004.jpg","contentUrl":"https:\/\/abaa.mx\/tienda\/wp-content\/uploads\/2023\/11\/SIMCO-FMX-004.jpg","width":1024,"height":1024,"caption":"SIMCO-FMX-004"},{"@type":"BreadcrumbList","@id":"https:\/\/abaa.mx\/tienda\/medidor-de-estatica-simco-a-300000v-fmx-004\/#breadcrumb","itemListElement":[{"@type":"ListItem","position":1,"name":"Inicio","item":"https:\/\/abaa.mx\/tienda\/"},{"@type":"ListItem","position":2,"name":"Tienda","item":"https:\/\/abaa.mx\/tienda\/"},{"@type":"ListItem","position":3,"name":"Medidor de Estatica Simco A 30,0000V FMX-004"}]},{"@type":"WebSite","@id":"https:\/\/abaa.mx\/tienda\/#website","url":"https:\/\/abaa.mx\/tienda\/","name":"Abaa tienda online","description":"Instrumentos de medici\u00f3n","publisher":{"@id":"https:\/\/abaa.mx\/tienda\/#organization"},"potentialAction":[{"@type":"SearchAction","target":{"@type":"EntryPoint","urlTemplate":"https:\/\/abaa.mx\/tienda\/?s={search_term_string}"},"query-input":{"@type":"PropertyValueSpecification","valueRequired":true,"valueName":"search_term_string"}}],"inLanguage":"es"},{"@type":"Organization","@id":"https:\/\/abaa.mx\/tienda\/#organization","name":"Abaa tienda online","url":"https:\/\/abaa.mx\/tienda\/","logo":{"@type":"ImageObject","inLanguage":"es","@id":"https:\/\/abaa.mx\/tienda\/#\/schema\/logo\/image\/","url":"https:\/\/abaa.mx\/tienda\/wp-content\/uploads\/2024\/01\/abaa-metrologia-tienda.png","contentUrl":"https:\/\/abaa.mx\/tienda\/wp-content\/uploads\/2024\/01\/abaa-metrologia-tienda.png","width":300,"height":141,"caption":"Abaa tienda online"},"image":{"@id":"https:\/\/abaa.mx\/tienda\/#\/schema\/logo\/image\/"}}]}},"_links":{"self":[{"href":"https:\/\/abaa.mx\/tienda\/wp-json\/wp\/v2\/product\/8496","targetHints":{"allow":["GET"]}}],"collection":[{"href":"https:\/\/abaa.mx\/tienda\/wp-json\/wp\/v2\/product"}],"about":[{"href":"https:\/\/abaa.mx\/tienda\/wp-json\/wp\/v2\/types\/product"}],"replies":[{"embeddable":true,"href":"https:\/\/abaa.mx\/tienda\/wp-json\/wp\/v2\/comments?post=8496"}],"wp:featuredmedia":[{"embeddable":true,"href":"https:\/\/abaa.mx\/tienda\/wp-json\/wp\/v2\/media\/8497"}],"wp:attachment":[{"href":"https:\/\/abaa.mx\/tienda\/wp-json\/wp\/v2\/media?parent=8496"}],"wp:term":[{"taxonomy":"product_brand","embeddable":true,"href":"https:\/\/abaa.mx\/tienda\/wp-json\/wp\/v2\/product_brand?post=8496"},{"taxonomy":"product_cat","embeddable":true,"href":"https:\/\/abaa.mx\/tienda\/wp-json\/wp\/v2\/product_cat?post=8496"},{"taxonomy":"product_tag","embeddable":true,"href":"https:\/\/abaa.mx\/tienda\/wp-json\/wp\/v2\/product_tag?post=8496"}],"curies":[{"name":"wp","href":"https:\/\/api.w.org\/{rel}","templated":true}]}}