{"id":8487,"date":"2023-11-03T14:39:42","date_gmt":"2023-11-03T14:39:42","guid":{"rendered":"https:\/\/abaa.mx\/tienda\/?post_type=product&#038;p=8487"},"modified":"2023-11-03T14:39:43","modified_gmt":"2023-11-03T14:39:43","slug":"medidor-de-densidad-densitometro-de-liquidos-au300l","status":"publish","type":"product","link":"https:\/\/abaa.mx\/tienda\/medidor-de-densidad-densitometro-de-liquidos-au300l\/","title":{"rendered":"Medidor de Densidad &#8211; Densit\u00f3metro de l\u00edquidos &#8211; AU300L"},"content":{"rendered":"<p>Medidor de Densidad &#8211; Densit\u00f3metro de l\u00edquidos &#8211; AU300L.<\/p>\n","protected":false},"excerpt":{"rendered":"<p>Medidor de densidad en l\u00edquidos cuenta con:<\/p>\n<ul>\n<li>Unidad de pantalla ancha<\/li>\n<li>Funcionamiento silencioso<\/li>\n<li>Altamente eficiente<\/li>\n<li>Diseno robusto<\/li>\n<\/ul>\n<p>Instrumento de precisi\u00f3n de acero inoxidable para determinar el peso espec\u00edfico de pinturas y art\u00edculos similares. Se garantiza una tolerancia del 0,1%. La prueba se lleva a cabo seg\u00fan con ISO a 23\u00b12\u2103.Este instrumento consta de un envase cil\u00edndrico y una tapa con un orificio para el escape del exceso de l\u00edquido para remover cualquier exceso de pintura ( o tinta ) en el momento en que la tapa de la copa est\u00e9 presionando firmemente. Al hacerlo , tambi\u00e9n se asegurar\u00e1 de que no queden atrapadas burbujas de aire ( o bolsas de aire ).Est\u00e1 seg\u00fan DIN 53217, ISO 2811-1 y BS 3900 A19. Y cada taza de desidad viene con certificado de medici\u00f3n.<\/p>\n<p>La consistencia de un revestimiento debe mantenerse incesante de un lote a otro. Asimismo conocidas como copas de densidad (gravedad concreta ).<\/p>\n","protected":false},"featured_media":8493,"comment_status":"open","ping_status":"closed","template":"","meta":{"_joinchat":[]},"product_brand":[],"product_cat":[108],"product_tag":[],"class_list":{"0":"post-8487","1":"product","2":"type-product","3":"status-publish","4":"has-post-thumbnail","6":"product_cat-medidores-de-densidad","8":"first","9":"instock","10":"shipping-taxable","11":"product-type-simple"},"yoast_head":"<!-- This site is optimized with the Yoast SEO plugin v26.4 - https:\/\/yoast.com\/wordpress\/plugins\/seo\/ -->\n<title>Medidor de Densidad - Densit\u00f3metro de l\u00edquidos - AU300L - Abaa tienda online<\/title>\n<meta name=\"robots\" content=\"index, follow, max-snippet:-1, max-image-preview:large, max-video-preview:-1\" \/>\n<link rel=\"canonical\" href=\"https:\/\/abaa.mx\/tienda\/medidor-de-densidad-densitometro-de-liquidos-au300l\/\" \/>\n<meta property=\"og:locale\" content=\"es_MX\" \/>\n<meta property=\"og:type\" content=\"article\" \/>\n<meta property=\"og:title\" content=\"Medidor de Densidad - Densit\u00f3metro de l\u00edquidos - AU300L - Abaa tienda online\" \/>\n<meta property=\"og:description\" content=\"Medidor de densidad en l\u00edquidos cuenta con:   Unidad de pantalla ancha  Funcionamiento silencioso  Altamente eficiente  Diseno robusto  Instrumento de precisi\u00f3n de acero inoxidable para determinar el peso espec\u00edfico de pinturas y art\u00edculos similares. Se garantiza una tolerancia del 0,1%. La prueba se lleva a cabo seg\u00fan con ISO a 23\u00b12\u2103.Este instrumento consta de un envase cil\u00edndrico y una tapa con un orificio para el escape del exceso de l\u00edquido para remover cualquier exceso de pintura ( o tinta ) en el momento en que la tapa de la copa est\u00e9 presionando firmemente. Al hacerlo , tambi\u00e9n se asegurar\u00e1 de que no queden atrapadas burbujas de aire ( o bolsas de aire ).Est\u00e1 seg\u00fan DIN 53217, ISO 2811-1 y BS 3900 A19. Y cada taza de desidad viene con certificado de medici\u00f3n.  La consistencia de un revestimiento debe mantenerse incesante de un lote a otro. Asimismo conocidas como copas de densidad (gravedad concreta ).\" \/>\n<meta property=\"og:url\" content=\"https:\/\/abaa.mx\/tienda\/medidor-de-densidad-densitometro-de-liquidos-au300l\/\" \/>\n<meta property=\"og:site_name\" content=\"Abaa tienda online\" \/>\n<meta property=\"article:modified_time\" content=\"2023-11-03T14:39:43+00:00\" \/>\n<meta property=\"og:image\" content=\"https:\/\/abaa.mx\/tienda\/wp-content\/uploads\/2023\/11\/QUARRZ-AU300L.jpg\" \/>\n\t<meta property=\"og:image:width\" content=\"462\" \/>\n\t<meta property=\"og:image:height\" content=\"451\" \/>\n\t<meta property=\"og:image:type\" content=\"image\/jpeg\" \/>\n<meta name=\"twitter:card\" content=\"summary_large_image\" \/>\n<meta name=\"twitter:label1\" content=\"Tiempo de lectura\" \/>\n\t<meta name=\"twitter:data1\" content=\"1 minuto\" \/>\n<script type=\"application\/ld+json\" class=\"yoast-schema-graph\">{\"@context\":\"https:\/\/schema.org\",\"@graph\":[{\"@type\":\"WebPage\",\"@id\":\"https:\/\/abaa.mx\/tienda\/medidor-de-densidad-densitometro-de-liquidos-au300l\/\",\"url\":\"https:\/\/abaa.mx\/tienda\/medidor-de-densidad-densitometro-de-liquidos-au300l\/\",\"name\":\"Medidor de Densidad - Densit\u00f3metro de l\u00edquidos - AU300L - Abaa tienda online\",\"isPartOf\":{\"@id\":\"https:\/\/abaa.mx\/tienda\/#website\"},\"primaryImageOfPage\":{\"@id\":\"https:\/\/abaa.mx\/tienda\/medidor-de-densidad-densitometro-de-liquidos-au300l\/#primaryimage\"},\"image\":{\"@id\":\"https:\/\/abaa.mx\/tienda\/medidor-de-densidad-densitometro-de-liquidos-au300l\/#primaryimage\"},\"thumbnailUrl\":\"https:\/\/abaa.mx\/tienda\/wp-content\/uploads\/2023\/11\/QUARRZ-AU300L.jpg\",\"datePublished\":\"2023-11-03T14:39:42+00:00\",\"dateModified\":\"2023-11-03T14:39:43+00:00\",\"breadcrumb\":{\"@id\":\"https:\/\/abaa.mx\/tienda\/medidor-de-densidad-densitometro-de-liquidos-au300l\/#breadcrumb\"},\"inLanguage\":\"es\",\"potentialAction\":[{\"@type\":\"ReadAction\",\"target\":[\"https:\/\/abaa.mx\/tienda\/medidor-de-densidad-densitometro-de-liquidos-au300l\/\"]}]},{\"@type\":\"ImageObject\",\"inLanguage\":\"es\",\"@id\":\"https:\/\/abaa.mx\/tienda\/medidor-de-densidad-densitometro-de-liquidos-au300l\/#primaryimage\",\"url\":\"https:\/\/abaa.mx\/tienda\/wp-content\/uploads\/2023\/11\/QUARRZ-AU300L.jpg\",\"contentUrl\":\"https:\/\/abaa.mx\/tienda\/wp-content\/uploads\/2023\/11\/QUARRZ-AU300L.jpg\",\"width\":462,\"height\":451,\"caption\":\"QUARRZ-AU300L\"},{\"@type\":\"BreadcrumbList\",\"@id\":\"https:\/\/abaa.mx\/tienda\/medidor-de-densidad-densitometro-de-liquidos-au300l\/#breadcrumb\",\"itemListElement\":[{\"@type\":\"ListItem\",\"position\":1,\"name\":\"Inicio\",\"item\":\"https:\/\/abaa.mx\/tienda\/\"},{\"@type\":\"ListItem\",\"position\":2,\"name\":\"Tienda\",\"item\":\"https:\/\/abaa.mx\/tienda\/\"},{\"@type\":\"ListItem\",\"position\":3,\"name\":\"Medidor de Densidad &#8211; Densit\u00f3metro de l\u00edquidos &#8211; AU300L\"}]},{\"@type\":\"WebSite\",\"@id\":\"https:\/\/abaa.mx\/tienda\/#website\",\"url\":\"https:\/\/abaa.mx\/tienda\/\",\"name\":\"Abaa tienda online\",\"description\":\"Instrumentos de medici\u00f3n\",\"publisher\":{\"@id\":\"https:\/\/abaa.mx\/tienda\/#organization\"},\"potentialAction\":[{\"@type\":\"SearchAction\",\"target\":{\"@type\":\"EntryPoint\",\"urlTemplate\":\"https:\/\/abaa.mx\/tienda\/?s={search_term_string}\"},\"query-input\":{\"@type\":\"PropertyValueSpecification\",\"valueRequired\":true,\"valueName\":\"search_term_string\"}}],\"inLanguage\":\"es\"},{\"@type\":\"Organization\",\"@id\":\"https:\/\/abaa.mx\/tienda\/#organization\",\"name\":\"Abaa tienda online\",\"url\":\"https:\/\/abaa.mx\/tienda\/\",\"logo\":{\"@type\":\"ImageObject\",\"inLanguage\":\"es\",\"@id\":\"https:\/\/abaa.mx\/tienda\/#\/schema\/logo\/image\/\",\"url\":\"https:\/\/abaa.mx\/tienda\/wp-content\/uploads\/2024\/01\/abaa-metrologia-tienda.png\",\"contentUrl\":\"https:\/\/abaa.mx\/tienda\/wp-content\/uploads\/2024\/01\/abaa-metrologia-tienda.png\",\"width\":300,\"height\":141,\"caption\":\"Abaa tienda online\"},\"image\":{\"@id\":\"https:\/\/abaa.mx\/tienda\/#\/schema\/logo\/image\/\"}}]}<\/script>\n<!-- \/ Yoast SEO plugin. -->","yoast_head_json":{"title":"Medidor de Densidad - Densit\u00f3metro de l\u00edquidos - AU300L - Abaa tienda online","robots":{"index":"index","follow":"follow","max-snippet":"max-snippet:-1","max-image-preview":"max-image-preview:large","max-video-preview":"max-video-preview:-1"},"canonical":"https:\/\/abaa.mx\/tienda\/medidor-de-densidad-densitometro-de-liquidos-au300l\/","og_locale":"es_MX","og_type":"article","og_title":"Medidor de Densidad - Densit\u00f3metro de l\u00edquidos - AU300L - Abaa tienda online","og_description":"Medidor de densidad en l\u00edquidos cuenta con:   Unidad de pantalla ancha  Funcionamiento silencioso  Altamente eficiente  Diseno robusto  Instrumento de precisi\u00f3n de acero inoxidable para determinar el peso espec\u00edfico de pinturas y art\u00edculos similares. Se garantiza una tolerancia del 0,1%. La prueba se lleva a cabo seg\u00fan con ISO a 23\u00b12\u2103.Este instrumento consta de un envase cil\u00edndrico y una tapa con un orificio para el escape del exceso de l\u00edquido para remover cualquier exceso de pintura ( o tinta ) en el momento en que la tapa de la copa est\u00e9 presionando firmemente. Al hacerlo , tambi\u00e9n se asegurar\u00e1 de que no queden atrapadas burbujas de aire ( o bolsas de aire ).Est\u00e1 seg\u00fan DIN 53217, ISO 2811-1 y BS 3900 A19. Y cada taza de desidad viene con certificado de medici\u00f3n.  La consistencia de un revestimiento debe mantenerse incesante de un lote a otro. Asimismo conocidas como copas de densidad (gravedad concreta ).","og_url":"https:\/\/abaa.mx\/tienda\/medidor-de-densidad-densitometro-de-liquidos-au300l\/","og_site_name":"Abaa tienda online","article_modified_time":"2023-11-03T14:39:43+00:00","og_image":[{"width":462,"height":451,"url":"https:\/\/abaa.mx\/tienda\/wp-content\/uploads\/2023\/11\/QUARRZ-AU300L.jpg","type":"image\/jpeg"}],"twitter_card":"summary_large_image","twitter_misc":{"Tiempo de lectura":"1 minuto"},"schema":{"@context":"https:\/\/schema.org","@graph":[{"@type":"WebPage","@id":"https:\/\/abaa.mx\/tienda\/medidor-de-densidad-densitometro-de-liquidos-au300l\/","url":"https:\/\/abaa.mx\/tienda\/medidor-de-densidad-densitometro-de-liquidos-au300l\/","name":"Medidor de Densidad - Densit\u00f3metro de l\u00edquidos - AU300L - Abaa tienda online","isPartOf":{"@id":"https:\/\/abaa.mx\/tienda\/#website"},"primaryImageOfPage":{"@id":"https:\/\/abaa.mx\/tienda\/medidor-de-densidad-densitometro-de-liquidos-au300l\/#primaryimage"},"image":{"@id":"https:\/\/abaa.mx\/tienda\/medidor-de-densidad-densitometro-de-liquidos-au300l\/#primaryimage"},"thumbnailUrl":"https:\/\/abaa.mx\/tienda\/wp-content\/uploads\/2023\/11\/QUARRZ-AU300L.jpg","datePublished":"2023-11-03T14:39:42+00:00","dateModified":"2023-11-03T14:39:43+00:00","breadcrumb":{"@id":"https:\/\/abaa.mx\/tienda\/medidor-de-densidad-densitometro-de-liquidos-au300l\/#breadcrumb"},"inLanguage":"es","potentialAction":[{"@type":"ReadAction","target":["https:\/\/abaa.mx\/tienda\/medidor-de-densidad-densitometro-de-liquidos-au300l\/"]}]},{"@type":"ImageObject","inLanguage":"es","@id":"https:\/\/abaa.mx\/tienda\/medidor-de-densidad-densitometro-de-liquidos-au300l\/#primaryimage","url":"https:\/\/abaa.mx\/tienda\/wp-content\/uploads\/2023\/11\/QUARRZ-AU300L.jpg","contentUrl":"https:\/\/abaa.mx\/tienda\/wp-content\/uploads\/2023\/11\/QUARRZ-AU300L.jpg","width":462,"height":451,"caption":"QUARRZ-AU300L"},{"@type":"BreadcrumbList","@id":"https:\/\/abaa.mx\/tienda\/medidor-de-densidad-densitometro-de-liquidos-au300l\/#breadcrumb","itemListElement":[{"@type":"ListItem","position":1,"name":"Inicio","item":"https:\/\/abaa.mx\/tienda\/"},{"@type":"ListItem","position":2,"name":"Tienda","item":"https:\/\/abaa.mx\/tienda\/"},{"@type":"ListItem","position":3,"name":"Medidor de Densidad &#8211; Densit\u00f3metro de l\u00edquidos &#8211; AU300L"}]},{"@type":"WebSite","@id":"https:\/\/abaa.mx\/tienda\/#website","url":"https:\/\/abaa.mx\/tienda\/","name":"Abaa tienda online","description":"Instrumentos de medici\u00f3n","publisher":{"@id":"https:\/\/abaa.mx\/tienda\/#organization"},"potentialAction":[{"@type":"SearchAction","target":{"@type":"EntryPoint","urlTemplate":"https:\/\/abaa.mx\/tienda\/?s={search_term_string}"},"query-input":{"@type":"PropertyValueSpecification","valueRequired":true,"valueName":"search_term_string"}}],"inLanguage":"es"},{"@type":"Organization","@id":"https:\/\/abaa.mx\/tienda\/#organization","name":"Abaa tienda online","url":"https:\/\/abaa.mx\/tienda\/","logo":{"@type":"ImageObject","inLanguage":"es","@id":"https:\/\/abaa.mx\/tienda\/#\/schema\/logo\/image\/","url":"https:\/\/abaa.mx\/tienda\/wp-content\/uploads\/2024\/01\/abaa-metrologia-tienda.png","contentUrl":"https:\/\/abaa.mx\/tienda\/wp-content\/uploads\/2024\/01\/abaa-metrologia-tienda.png","width":300,"height":141,"caption":"Abaa tienda online"},"image":{"@id":"https:\/\/abaa.mx\/tienda\/#\/schema\/logo\/image\/"}}]}},"_links":{"self":[{"href":"https:\/\/abaa.mx\/tienda\/wp-json\/wp\/v2\/product\/8487","targetHints":{"allow":["GET"]}}],"collection":[{"href":"https:\/\/abaa.mx\/tienda\/wp-json\/wp\/v2\/product"}],"about":[{"href":"https:\/\/abaa.mx\/tienda\/wp-json\/wp\/v2\/types\/product"}],"replies":[{"embeddable":true,"href":"https:\/\/abaa.mx\/tienda\/wp-json\/wp\/v2\/comments?post=8487"}],"wp:featuredmedia":[{"embeddable":true,"href":"https:\/\/abaa.mx\/tienda\/wp-json\/wp\/v2\/media\/8493"}],"wp:attachment":[{"href":"https:\/\/abaa.mx\/tienda\/wp-json\/wp\/v2\/media?parent=8487"}],"wp:term":[{"taxonomy":"product_brand","embeddable":true,"href":"https:\/\/abaa.mx\/tienda\/wp-json\/wp\/v2\/product_brand?post=8487"},{"taxonomy":"product_cat","embeddable":true,"href":"https:\/\/abaa.mx\/tienda\/wp-json\/wp\/v2\/product_cat?post=8487"},{"taxonomy":"product_tag","embeddable":true,"href":"https:\/\/abaa.mx\/tienda\/wp-json\/wp\/v2\/product_tag?post=8487"}],"curies":[{"name":"wp","href":"https:\/\/api.w.org\/{rel}","templated":true}]}}