{"id":8486,"date":"2023-11-03T14:34:47","date_gmt":"2023-11-03T14:34:47","guid":{"rendered":"https:\/\/abaa.mx\/tienda\/?post_type=product&#038;p=8486"},"modified":"2023-11-03T14:34:47","modified_gmt":"2023-11-03T14:34:47","slug":"negatoscopio-portatil-led-uso-industrial-densitometro-lcndt-fv2009t","status":"publish","type":"product","link":"https:\/\/abaa.mx\/tienda\/negatoscopio-portatil-led-uso-industrial-densitometro-lcndt-fv2009t\/","title":{"rendered":"Negatoscopio Portatil LED Uso Industrial Densitometro LCNDT &#8211; FV2009T"},"content":{"rendered":"<p>Negatoscopio Portatil LED Uso Industrial Densitometro LCNDT &#8211; FV2009T.<\/p>\n","protected":false},"excerpt":{"rendered":"<p><b>Caracter\u00edsticas mejoradas:<\/b><\/p>\n<ul>\n<li>Mayor uniformidad en la ventana de visualizaci\u00f3n.<\/li>\n<li>Hardware de acero inoxidable &#8211; M\u00e1s duradero &#8211; Resistente a la corrosi\u00f3n.<\/li>\n<li>Soportes de montaje en pared &#8211; Est\u00e1ndar.<\/li>\n<li>Intensidad aumentada: 120,000 Cd \/ m2 = 4.1 D.<\/li>\n<\/ul>\n<p>El FV-2009-T combina las capacidades del popular visor de pel\u00edcula LED FV-2009 con el densit\u00f3metro DT200 en un paquete port\u00e1til y conveniente.<\/p>\n","protected":false},"featured_media":8492,"comment_status":"open","ping_status":"closed","template":"","meta":{"_joinchat":[]},"product_brand":[],"product_cat":[108],"product_tag":[],"class_list":{"0":"post-8486","1":"product","2":"type-product","3":"status-publish","4":"has-post-thumbnail","6":"product_cat-medidores-de-densidad","8":"first","9":"instock","10":"shipping-taxable","11":"product-type-simple"},"yoast_head":"<!-- This site is optimized with the Yoast SEO plugin v26.4 - https:\/\/yoast.com\/wordpress\/plugins\/seo\/ -->\n<title>Negatoscopio Portatil LED Uso Industrial Densitometro LCNDT - FV2009T - Abaa tienda online<\/title>\n<meta name=\"robots\" content=\"index, follow, max-snippet:-1, max-image-preview:large, max-video-preview:-1\" \/>\n<link rel=\"canonical\" href=\"https:\/\/abaa.mx\/tienda\/negatoscopio-portatil-led-uso-industrial-densitometro-lcndt-fv2009t\/\" \/>\n<meta property=\"og:locale\" content=\"es_MX\" \/>\n<meta property=\"og:type\" content=\"article\" \/>\n<meta property=\"og:title\" content=\"Negatoscopio Portatil LED Uso Industrial Densitometro LCNDT - FV2009T - Abaa tienda online\" \/>\n<meta property=\"og:description\" content=\"Caracter\u00edsticas mejoradas:   Mayor uniformidad en la ventana de visualizaci\u00f3n.  Hardware de acero inoxidable - M\u00e1s duradero - Resistente a la corrosi\u00f3n.  Soportes de montaje en pared - Est\u00e1ndar.  Intensidad aumentada: 120,000 Cd \/ m2 = 4.1 D.  El FV-2009-T combina las capacidades del popular visor de pel\u00edcula LED FV-2009 con el densit\u00f3metro DT200 en un paquete port\u00e1til y conveniente.\" \/>\n<meta property=\"og:url\" content=\"https:\/\/abaa.mx\/tienda\/negatoscopio-portatil-led-uso-industrial-densitometro-lcndt-fv2009t\/\" \/>\n<meta property=\"og:site_name\" content=\"Abaa tienda online\" \/>\n<meta property=\"og:image\" content=\"https:\/\/abaa.mx\/tienda\/wp-content\/uploads\/2023\/11\/LCNDT-FV2009T-1.jpg\" \/>\n\t<meta property=\"og:image:width\" content=\"587\" \/>\n\t<meta property=\"og:image:height\" content=\"321\" \/>\n\t<meta property=\"og:image:type\" content=\"image\/jpeg\" \/>\n<meta name=\"twitter:card\" content=\"summary_large_image\" \/>\n<meta name=\"twitter:label1\" content=\"Tiempo de lectura\" \/>\n\t<meta name=\"twitter:data1\" content=\"1 minuto\" \/>\n<script type=\"application\/ld+json\" class=\"yoast-schema-graph\">{\"@context\":\"https:\/\/schema.org\",\"@graph\":[{\"@type\":\"WebPage\",\"@id\":\"https:\/\/abaa.mx\/tienda\/negatoscopio-portatil-led-uso-industrial-densitometro-lcndt-fv2009t\/\",\"url\":\"https:\/\/abaa.mx\/tienda\/negatoscopio-portatil-led-uso-industrial-densitometro-lcndt-fv2009t\/\",\"name\":\"Negatoscopio Portatil LED Uso Industrial Densitometro LCNDT - FV2009T - Abaa tienda online\",\"isPartOf\":{\"@id\":\"https:\/\/abaa.mx\/tienda\/#website\"},\"primaryImageOfPage\":{\"@id\":\"https:\/\/abaa.mx\/tienda\/negatoscopio-portatil-led-uso-industrial-densitometro-lcndt-fv2009t\/#primaryimage\"},\"image\":{\"@id\":\"https:\/\/abaa.mx\/tienda\/negatoscopio-portatil-led-uso-industrial-densitometro-lcndt-fv2009t\/#primaryimage\"},\"thumbnailUrl\":\"https:\/\/abaa.mx\/tienda\/wp-content\/uploads\/2023\/11\/LCNDT-FV2009T-1.jpg\",\"datePublished\":\"2023-11-03T14:34:47+00:00\",\"breadcrumb\":{\"@id\":\"https:\/\/abaa.mx\/tienda\/negatoscopio-portatil-led-uso-industrial-densitometro-lcndt-fv2009t\/#breadcrumb\"},\"inLanguage\":\"es\",\"potentialAction\":[{\"@type\":\"ReadAction\",\"target\":[\"https:\/\/abaa.mx\/tienda\/negatoscopio-portatil-led-uso-industrial-densitometro-lcndt-fv2009t\/\"]}]},{\"@type\":\"ImageObject\",\"inLanguage\":\"es\",\"@id\":\"https:\/\/abaa.mx\/tienda\/negatoscopio-portatil-led-uso-industrial-densitometro-lcndt-fv2009t\/#primaryimage\",\"url\":\"https:\/\/abaa.mx\/tienda\/wp-content\/uploads\/2023\/11\/LCNDT-FV2009T-1.jpg\",\"contentUrl\":\"https:\/\/abaa.mx\/tienda\/wp-content\/uploads\/2023\/11\/LCNDT-FV2009T-1.jpg\",\"width\":587,\"height\":321,\"caption\":\"LCNDT-FV2009T\"},{\"@type\":\"BreadcrumbList\",\"@id\":\"https:\/\/abaa.mx\/tienda\/negatoscopio-portatil-led-uso-industrial-densitometro-lcndt-fv2009t\/#breadcrumb\",\"itemListElement\":[{\"@type\":\"ListItem\",\"position\":1,\"name\":\"Inicio\",\"item\":\"https:\/\/abaa.mx\/tienda\/\"},{\"@type\":\"ListItem\",\"position\":2,\"name\":\"Tienda\",\"item\":\"https:\/\/abaa.mx\/tienda\/\"},{\"@type\":\"ListItem\",\"position\":3,\"name\":\"Negatoscopio Portatil LED Uso Industrial Densitometro LCNDT &#8211; FV2009T\"}]},{\"@type\":\"WebSite\",\"@id\":\"https:\/\/abaa.mx\/tienda\/#website\",\"url\":\"https:\/\/abaa.mx\/tienda\/\",\"name\":\"Abaa tienda online\",\"description\":\"Instrumentos de medici\u00f3n\",\"publisher\":{\"@id\":\"https:\/\/abaa.mx\/tienda\/#organization\"},\"potentialAction\":[{\"@type\":\"SearchAction\",\"target\":{\"@type\":\"EntryPoint\",\"urlTemplate\":\"https:\/\/abaa.mx\/tienda\/?s={search_term_string}\"},\"query-input\":{\"@type\":\"PropertyValueSpecification\",\"valueRequired\":true,\"valueName\":\"search_term_string\"}}],\"inLanguage\":\"es\"},{\"@type\":\"Organization\",\"@id\":\"https:\/\/abaa.mx\/tienda\/#organization\",\"name\":\"Abaa tienda online\",\"url\":\"https:\/\/abaa.mx\/tienda\/\",\"logo\":{\"@type\":\"ImageObject\",\"inLanguage\":\"es\",\"@id\":\"https:\/\/abaa.mx\/tienda\/#\/schema\/logo\/image\/\",\"url\":\"https:\/\/abaa.mx\/tienda\/wp-content\/uploads\/2024\/01\/abaa-metrologia-tienda.png\",\"contentUrl\":\"https:\/\/abaa.mx\/tienda\/wp-content\/uploads\/2024\/01\/abaa-metrologia-tienda.png\",\"width\":300,\"height\":141,\"caption\":\"Abaa tienda online\"},\"image\":{\"@id\":\"https:\/\/abaa.mx\/tienda\/#\/schema\/logo\/image\/\"}}]}<\/script>\n<!-- \/ Yoast SEO plugin. -->","yoast_head_json":{"title":"Negatoscopio Portatil LED Uso Industrial Densitometro LCNDT - FV2009T - Abaa tienda online","robots":{"index":"index","follow":"follow","max-snippet":"max-snippet:-1","max-image-preview":"max-image-preview:large","max-video-preview":"max-video-preview:-1"},"canonical":"https:\/\/abaa.mx\/tienda\/negatoscopio-portatil-led-uso-industrial-densitometro-lcndt-fv2009t\/","og_locale":"es_MX","og_type":"article","og_title":"Negatoscopio Portatil LED Uso Industrial Densitometro LCNDT - FV2009T - Abaa tienda online","og_description":"Caracter\u00edsticas mejoradas:   Mayor uniformidad en la ventana de visualizaci\u00f3n.  Hardware de acero inoxidable - M\u00e1s duradero - Resistente a la corrosi\u00f3n.  Soportes de montaje en pared - Est\u00e1ndar.  Intensidad aumentada: 120,000 Cd \/ m2 = 4.1 D.  El FV-2009-T combina las capacidades del popular visor de pel\u00edcula LED FV-2009 con el densit\u00f3metro DT200 en un paquete port\u00e1til y conveniente.","og_url":"https:\/\/abaa.mx\/tienda\/negatoscopio-portatil-led-uso-industrial-densitometro-lcndt-fv2009t\/","og_site_name":"Abaa tienda online","og_image":[{"width":587,"height":321,"url":"https:\/\/abaa.mx\/tienda\/wp-content\/uploads\/2023\/11\/LCNDT-FV2009T-1.jpg","type":"image\/jpeg"}],"twitter_card":"summary_large_image","twitter_misc":{"Tiempo de lectura":"1 minuto"},"schema":{"@context":"https:\/\/schema.org","@graph":[{"@type":"WebPage","@id":"https:\/\/abaa.mx\/tienda\/negatoscopio-portatil-led-uso-industrial-densitometro-lcndt-fv2009t\/","url":"https:\/\/abaa.mx\/tienda\/negatoscopio-portatil-led-uso-industrial-densitometro-lcndt-fv2009t\/","name":"Negatoscopio Portatil LED Uso Industrial Densitometro LCNDT - FV2009T - Abaa tienda online","isPartOf":{"@id":"https:\/\/abaa.mx\/tienda\/#website"},"primaryImageOfPage":{"@id":"https:\/\/abaa.mx\/tienda\/negatoscopio-portatil-led-uso-industrial-densitometro-lcndt-fv2009t\/#primaryimage"},"image":{"@id":"https:\/\/abaa.mx\/tienda\/negatoscopio-portatil-led-uso-industrial-densitometro-lcndt-fv2009t\/#primaryimage"},"thumbnailUrl":"https:\/\/abaa.mx\/tienda\/wp-content\/uploads\/2023\/11\/LCNDT-FV2009T-1.jpg","datePublished":"2023-11-03T14:34:47+00:00","breadcrumb":{"@id":"https:\/\/abaa.mx\/tienda\/negatoscopio-portatil-led-uso-industrial-densitometro-lcndt-fv2009t\/#breadcrumb"},"inLanguage":"es","potentialAction":[{"@type":"ReadAction","target":["https:\/\/abaa.mx\/tienda\/negatoscopio-portatil-led-uso-industrial-densitometro-lcndt-fv2009t\/"]}]},{"@type":"ImageObject","inLanguage":"es","@id":"https:\/\/abaa.mx\/tienda\/negatoscopio-portatil-led-uso-industrial-densitometro-lcndt-fv2009t\/#primaryimage","url":"https:\/\/abaa.mx\/tienda\/wp-content\/uploads\/2023\/11\/LCNDT-FV2009T-1.jpg","contentUrl":"https:\/\/abaa.mx\/tienda\/wp-content\/uploads\/2023\/11\/LCNDT-FV2009T-1.jpg","width":587,"height":321,"caption":"LCNDT-FV2009T"},{"@type":"BreadcrumbList","@id":"https:\/\/abaa.mx\/tienda\/negatoscopio-portatil-led-uso-industrial-densitometro-lcndt-fv2009t\/#breadcrumb","itemListElement":[{"@type":"ListItem","position":1,"name":"Inicio","item":"https:\/\/abaa.mx\/tienda\/"},{"@type":"ListItem","position":2,"name":"Tienda","item":"https:\/\/abaa.mx\/tienda\/"},{"@type":"ListItem","position":3,"name":"Negatoscopio Portatil LED Uso Industrial Densitometro LCNDT &#8211; FV2009T"}]},{"@type":"WebSite","@id":"https:\/\/abaa.mx\/tienda\/#website","url":"https:\/\/abaa.mx\/tienda\/","name":"Abaa tienda online","description":"Instrumentos de medici\u00f3n","publisher":{"@id":"https:\/\/abaa.mx\/tienda\/#organization"},"potentialAction":[{"@type":"SearchAction","target":{"@type":"EntryPoint","urlTemplate":"https:\/\/abaa.mx\/tienda\/?s={search_term_string}"},"query-input":{"@type":"PropertyValueSpecification","valueRequired":true,"valueName":"search_term_string"}}],"inLanguage":"es"},{"@type":"Organization","@id":"https:\/\/abaa.mx\/tienda\/#organization","name":"Abaa tienda online","url":"https:\/\/abaa.mx\/tienda\/","logo":{"@type":"ImageObject","inLanguage":"es","@id":"https:\/\/abaa.mx\/tienda\/#\/schema\/logo\/image\/","url":"https:\/\/abaa.mx\/tienda\/wp-content\/uploads\/2024\/01\/abaa-metrologia-tienda.png","contentUrl":"https:\/\/abaa.mx\/tienda\/wp-content\/uploads\/2024\/01\/abaa-metrologia-tienda.png","width":300,"height":141,"caption":"Abaa tienda online"},"image":{"@id":"https:\/\/abaa.mx\/tienda\/#\/schema\/logo\/image\/"}}]}},"_links":{"self":[{"href":"https:\/\/abaa.mx\/tienda\/wp-json\/wp\/v2\/product\/8486","targetHints":{"allow":["GET"]}}],"collection":[{"href":"https:\/\/abaa.mx\/tienda\/wp-json\/wp\/v2\/product"}],"about":[{"href":"https:\/\/abaa.mx\/tienda\/wp-json\/wp\/v2\/types\/product"}],"replies":[{"embeddable":true,"href":"https:\/\/abaa.mx\/tienda\/wp-json\/wp\/v2\/comments?post=8486"}],"wp:featuredmedia":[{"embeddable":true,"href":"https:\/\/abaa.mx\/tienda\/wp-json\/wp\/v2\/media\/8492"}],"wp:attachment":[{"href":"https:\/\/abaa.mx\/tienda\/wp-json\/wp\/v2\/media?parent=8486"}],"wp:term":[{"taxonomy":"product_brand","embeddable":true,"href":"https:\/\/abaa.mx\/tienda\/wp-json\/wp\/v2\/product_brand?post=8486"},{"taxonomy":"product_cat","embeddable":true,"href":"https:\/\/abaa.mx\/tienda\/wp-json\/wp\/v2\/product_cat?post=8486"},{"taxonomy":"product_tag","embeddable":true,"href":"https:\/\/abaa.mx\/tienda\/wp-json\/wp\/v2\/product_tag?post=8486"}],"curies":[{"name":"wp","href":"https:\/\/api.w.org\/{rel}","templated":true}]}}