{"id":8481,"date":"2023-11-03T14:29:14","date_gmt":"2023-11-03T14:29:14","guid":{"rendered":"https:\/\/abaa.mx\/tienda\/?post_type=product&#038;p=8481"},"modified":"2023-11-03T14:29:14","modified_gmt":"2023-11-03T14:29:14","slug":"bgd296-picnometro-metalico-de-37-mil50-mil-y-100-mil-din-53217-iso-2811-1-y-bs-3900-a19","status":"publish","type":"product","link":"https:\/\/abaa.mx\/tienda\/bgd296-picnometro-metalico-de-37-mil50-mil-y-100-mil-din-53217-iso-2811-1-y-bs-3900-a19\/","title":{"rendered":"BGD296 Picnometro Metalico de 37 mil,50 mil y 100 mil DIN 53217, ISO 2811-1 y BS 3900 A19"},"content":{"rendered":"<p>BGD296 Picnometro Metalico de 37 mil,50 mil y 100 mil DIN 53217, ISO 2811-1 y BS 3900 A19.<\/p>\n","protected":false},"excerpt":{"rendered":"<p>Este instrumento consta de un envase cil\u00edndrico y una tapa con un orificio para el escape del exceso de l\u00edquido para remover cualquier exceso de pintura ( o tinta ) en el momento en que la tapa de la copa est\u00e9 presionando firmemente. Al hacerlo , tambi\u00e9n se asegurar\u00e1 de que no queden atrapadas burbujas de aire ( o bolsas de aire ).<\/p>\n<p>Est\u00e1 seg\u00fan DIN 53217, ISO 2811-1 y BS 3900 A19. Y cada taza de desidad viene con certificado de medici\u00f3n.<\/p>\n<p>Instrumento de precisi\u00f3n de acero inoxidable para determinar el peso espec\u00edfico de pinturas y art\u00edculos similares. Se garantiza una tolerancia del 0,1%. La prueba se lleva a cabo seg\u00fan con ISO a 23\u00b12\u2103.<\/p>\n<p style=\"text-align: left;\">La consistencia de un revestimiento debe mantenerse incesante de un lote a otro. Asimismo conocidas como copas de densidad (gravedad concreta ).<\/p>\n<table align=\"center\">\n<tbody>\n<tr class=\"firstRow\">\n<td width=\"132\"><strong>informaci\u00f3n del pedido<\/strong><\/td>\n<td width=\"76\"><strong>Capacidad<\/strong><\/td>\n<td width=\"80\"><strong>Unidad<\/strong><\/td>\n<td width=\"154\"><strong>Material<\/strong><\/td>\n<\/tr>\n<tr>\n<td width=\"132\"><strong>BGD296\/1<\/strong><\/td>\n<td width=\"76\">37 cc\/ml<\/td>\n<td width=\"80\">M\u00e9trico<\/td>\n<td width=\"154\">Acero inoxidable<\/td>\n<\/tr>\n<tr>\n<td width=\"132\"><strong>BDG296\/3<\/strong><\/td>\n<td width=\"76\">50 cc\/ml<\/td>\n<td width=\"80\">M\u00e9trico<\/td>\n<td width=\"154\">Acero inoxidable<\/td>\n<\/tr>\n<tr>\n<td style=\"text-align: left;\" width=\"132\"><strong>BDG296\/5<\/strong><\/td>\n<td style=\"text-align: left;\" width=\"76\">100 cc\/ml<\/td>\n<td style=\"text-align: left;\" width=\"80\">M\u00e9trico<\/td>\n<td width=\"154\">\n<p style=\"text-align: left;\">Acero inoxidable<\/p>\n<\/td>\n<\/tr>\n<\/tbody>\n<\/table>\n<p><strong>Procedimiento:<\/strong><\/p>\n<ul>\n<li>Taza de densidad de templado y l\u00edquido de prueba (23 \u2103 \u00b1 0,5 \u2103)<\/li>\n<li>Calcular densidad<\/li>\n<li>Taza de densidad de relleno<\/li>\n<li>Taza de densidad llena de peso<\/li>\n<li>Poner la tapa sin inclinar<\/li>\n<li>Evitar burbujas de aire<\/li>\n<li>Taza de densidad limpiada con peso vac\u00eda y registro de peso<\/li>\n<li>Retire el l\u00edquido que se desborde con cuidado con un pa\u00f1o absorbente<\/li>\n<\/ul>\n<p>Las copas de gravedad espec\u00edfica se utilizan para determinar el peso espec\u00edfico por unidad de volumen de un l\u00edquido a una temperatura determinada.<\/p>\n<p>&nbsp;<\/p>\n","protected":false},"featured_media":8490,"comment_status":"open","ping_status":"closed","template":"","meta":{"_joinchat":[]},"product_brand":[],"product_cat":[108],"product_tag":[],"class_list":{"0":"post-8481","1":"product","2":"type-product","3":"status-publish","4":"has-post-thumbnail","6":"product_cat-medidores-de-densidad","8":"first","9":"instock","10":"shipping-taxable","11":"product-type-simple"},"yoast_head":"<!-- This site is optimized with the Yoast SEO plugin v26.4 - https:\/\/yoast.com\/wordpress\/plugins\/seo\/ -->\n<title>BGD296 Picnometro Metalico de 37 mil,50 mil y 100 mil DIN 53217, ISO 2811-1 y BS 3900 A19 - Abaa tienda online<\/title>\n<meta name=\"robots\" content=\"index, follow, max-snippet:-1, max-image-preview:large, max-video-preview:-1\" \/>\n<link rel=\"canonical\" href=\"https:\/\/abaa.mx\/tienda\/bgd296-picnometro-metalico-de-37-mil50-mil-y-100-mil-din-53217-iso-2811-1-y-bs-3900-a19\/\" \/>\n<meta property=\"og:locale\" content=\"es_MX\" \/>\n<meta property=\"og:type\" content=\"article\" \/>\n<meta property=\"og:title\" content=\"BGD296 Picnometro Metalico de 37 mil,50 mil y 100 mil DIN 53217, ISO 2811-1 y BS 3900 A19 - Abaa tienda online\" \/>\n<meta property=\"og:description\" content=\"Este instrumento consta de un envase cil\u00edndrico y una tapa con un orificio para el escape del exceso de l\u00edquido para remover cualquier exceso de pintura ( o tinta ) en el momento en que la tapa de la copa est\u00e9 presionando firmemente. Al hacerlo , tambi\u00e9n se asegurar\u00e1 de que no queden atrapadas burbujas de aire ( o bolsas de aire ).  Est\u00e1 seg\u00fan DIN 53217, ISO 2811-1 y BS 3900 A19. Y cada taza de desidad viene con certificado de medici\u00f3n.  Instrumento de precisi\u00f3n de acero inoxidable para determinar el peso espec\u00edfico de pinturas y art\u00edculos similares. Se garantiza una tolerancia del 0,1%. La prueba se lleva a cabo seg\u00fan con ISO a 23\u00b12\u2103. La consistencia de un revestimiento debe mantenerse incesante de un lote a otro. Asimismo conocidas como copas de densidad (gravedad concreta ).     informaci\u00f3n del pedido Capacidad Unidad Material   BGD296\/1 37 cc\/ml M\u00e9trico Acero inoxidable   BDG296\/3 50 cc\/ml M\u00e9trico Acero inoxidable   BDG296\/5 100 cc\/ml M\u00e9trico  Acero inoxidable     Procedimiento:   Taza de densidad de templado y l\u00edquido de prueba (23 \u2103 \u00b1 0,5 \u2103)  Calcular densidad  Taza de densidad de relleno  Taza de densidad llena de peso  Poner la tapa sin inclinar  Evitar burbujas de aire  Taza de densidad limpiada con peso vac\u00eda y registro de peso  Retire el l\u00edquido que se desborde con cuidado con un pa\u00f1o absorbente  Las copas de gravedad espec\u00edfica se utilizan para determinar el peso espec\u00edfico por unidad de volumen de un l\u00edquido a una temperatura determinada.  &nbsp;\" \/>\n<meta property=\"og:url\" content=\"https:\/\/abaa.mx\/tienda\/bgd296-picnometro-metalico-de-37-mil50-mil-y-100-mil-din-53217-iso-2811-1-y-bs-3900-a19\/\" \/>\n<meta property=\"og:site_name\" content=\"Abaa tienda online\" \/>\n<meta property=\"og:image\" content=\"https:\/\/abaa.mx\/tienda\/wp-content\/uploads\/2023\/11\/BIUGED-BS3900A19.jpg\" \/>\n\t<meta property=\"og:image:width\" content=\"579\" \/>\n\t<meta property=\"og:image:height\" content=\"298\" \/>\n\t<meta property=\"og:image:type\" content=\"image\/jpeg\" \/>\n<meta name=\"twitter:card\" content=\"summary_large_image\" \/>\n<meta name=\"twitter:label1\" content=\"Tiempo de lectura\" \/>\n\t<meta name=\"twitter:data1\" content=\"1 minuto\" \/>\n<script type=\"application\/ld+json\" class=\"yoast-schema-graph\">{\"@context\":\"https:\/\/schema.org\",\"@graph\":[{\"@type\":\"WebPage\",\"@id\":\"https:\/\/abaa.mx\/tienda\/bgd296-picnometro-metalico-de-37-mil50-mil-y-100-mil-din-53217-iso-2811-1-y-bs-3900-a19\/\",\"url\":\"https:\/\/abaa.mx\/tienda\/bgd296-picnometro-metalico-de-37-mil50-mil-y-100-mil-din-53217-iso-2811-1-y-bs-3900-a19\/\",\"name\":\"BGD296 Picnometro Metalico de 37 mil,50 mil y 100 mil DIN 53217, ISO 2811-1 y BS 3900 A19 - Abaa tienda online\",\"isPartOf\":{\"@id\":\"https:\/\/abaa.mx\/tienda\/#website\"},\"primaryImageOfPage\":{\"@id\":\"https:\/\/abaa.mx\/tienda\/bgd296-picnometro-metalico-de-37-mil50-mil-y-100-mil-din-53217-iso-2811-1-y-bs-3900-a19\/#primaryimage\"},\"image\":{\"@id\":\"https:\/\/abaa.mx\/tienda\/bgd296-picnometro-metalico-de-37-mil50-mil-y-100-mil-din-53217-iso-2811-1-y-bs-3900-a19\/#primaryimage\"},\"thumbnailUrl\":\"https:\/\/abaa.mx\/tienda\/wp-content\/uploads\/2023\/11\/BIUGED-BS3900A19.jpg\",\"datePublished\":\"2023-11-03T14:29:14+00:00\",\"breadcrumb\":{\"@id\":\"https:\/\/abaa.mx\/tienda\/bgd296-picnometro-metalico-de-37-mil50-mil-y-100-mil-din-53217-iso-2811-1-y-bs-3900-a19\/#breadcrumb\"},\"inLanguage\":\"es\",\"potentialAction\":[{\"@type\":\"ReadAction\",\"target\":[\"https:\/\/abaa.mx\/tienda\/bgd296-picnometro-metalico-de-37-mil50-mil-y-100-mil-din-53217-iso-2811-1-y-bs-3900-a19\/\"]}]},{\"@type\":\"ImageObject\",\"inLanguage\":\"es\",\"@id\":\"https:\/\/abaa.mx\/tienda\/bgd296-picnometro-metalico-de-37-mil50-mil-y-100-mil-din-53217-iso-2811-1-y-bs-3900-a19\/#primaryimage\",\"url\":\"https:\/\/abaa.mx\/tienda\/wp-content\/uploads\/2023\/11\/BIUGED-BS3900A19.jpg\",\"contentUrl\":\"https:\/\/abaa.mx\/tienda\/wp-content\/uploads\/2023\/11\/BIUGED-BS3900A19.jpg\",\"width\":579,\"height\":298,\"caption\":\"BIUGED-BS3900A19\"},{\"@type\":\"BreadcrumbList\",\"@id\":\"https:\/\/abaa.mx\/tienda\/bgd296-picnometro-metalico-de-37-mil50-mil-y-100-mil-din-53217-iso-2811-1-y-bs-3900-a19\/#breadcrumb\",\"itemListElement\":[{\"@type\":\"ListItem\",\"position\":1,\"name\":\"Inicio\",\"item\":\"https:\/\/abaa.mx\/tienda\/\"},{\"@type\":\"ListItem\",\"position\":2,\"name\":\"Tienda\",\"item\":\"https:\/\/abaa.mx\/tienda\/\"},{\"@type\":\"ListItem\",\"position\":3,\"name\":\"BGD296 Picnometro Metalico de 37 mil,50 mil y 100 mil DIN 53217, ISO 2811-1 y BS 3900 A19\"}]},{\"@type\":\"WebSite\",\"@id\":\"https:\/\/abaa.mx\/tienda\/#website\",\"url\":\"https:\/\/abaa.mx\/tienda\/\",\"name\":\"Abaa tienda online\",\"description\":\"Instrumentos de medici\u00f3n\",\"publisher\":{\"@id\":\"https:\/\/abaa.mx\/tienda\/#organization\"},\"potentialAction\":[{\"@type\":\"SearchAction\",\"target\":{\"@type\":\"EntryPoint\",\"urlTemplate\":\"https:\/\/abaa.mx\/tienda\/?s={search_term_string}\"},\"query-input\":{\"@type\":\"PropertyValueSpecification\",\"valueRequired\":true,\"valueName\":\"search_term_string\"}}],\"inLanguage\":\"es\"},{\"@type\":\"Organization\",\"@id\":\"https:\/\/abaa.mx\/tienda\/#organization\",\"name\":\"Abaa tienda online\",\"url\":\"https:\/\/abaa.mx\/tienda\/\",\"logo\":{\"@type\":\"ImageObject\",\"inLanguage\":\"es\",\"@id\":\"https:\/\/abaa.mx\/tienda\/#\/schema\/logo\/image\/\",\"url\":\"https:\/\/abaa.mx\/tienda\/wp-content\/uploads\/2024\/01\/abaa-metrologia-tienda.png\",\"contentUrl\":\"https:\/\/abaa.mx\/tienda\/wp-content\/uploads\/2024\/01\/abaa-metrologia-tienda.png\",\"width\":300,\"height\":141,\"caption\":\"Abaa tienda online\"},\"image\":{\"@id\":\"https:\/\/abaa.mx\/tienda\/#\/schema\/logo\/image\/\"}}]}<\/script>\n<!-- \/ Yoast SEO plugin. -->","yoast_head_json":{"title":"BGD296 Picnometro Metalico de 37 mil,50 mil y 100 mil DIN 53217, ISO 2811-1 y BS 3900 A19 - Abaa tienda online","robots":{"index":"index","follow":"follow","max-snippet":"max-snippet:-1","max-image-preview":"max-image-preview:large","max-video-preview":"max-video-preview:-1"},"canonical":"https:\/\/abaa.mx\/tienda\/bgd296-picnometro-metalico-de-37-mil50-mil-y-100-mil-din-53217-iso-2811-1-y-bs-3900-a19\/","og_locale":"es_MX","og_type":"article","og_title":"BGD296 Picnometro Metalico de 37 mil,50 mil y 100 mil DIN 53217, ISO 2811-1 y BS 3900 A19 - Abaa tienda online","og_description":"Este instrumento consta de un envase cil\u00edndrico y una tapa con un orificio para el escape del exceso de l\u00edquido para remover cualquier exceso de pintura ( o tinta ) en el momento en que la tapa de la copa est\u00e9 presionando firmemente. Al hacerlo , tambi\u00e9n se asegurar\u00e1 de que no queden atrapadas burbujas de aire ( o bolsas de aire ).  Est\u00e1 seg\u00fan DIN 53217, ISO 2811-1 y BS 3900 A19. Y cada taza de desidad viene con certificado de medici\u00f3n.  Instrumento de precisi\u00f3n de acero inoxidable para determinar el peso espec\u00edfico de pinturas y art\u00edculos similares. Se garantiza una tolerancia del 0,1%. La prueba se lleva a cabo seg\u00fan con ISO a 23\u00b12\u2103. La consistencia de un revestimiento debe mantenerse incesante de un lote a otro. Asimismo conocidas como copas de densidad (gravedad concreta ).     informaci\u00f3n del pedido Capacidad Unidad Material   BGD296\/1 37 cc\/ml M\u00e9trico Acero inoxidable   BDG296\/3 50 cc\/ml M\u00e9trico Acero inoxidable   BDG296\/5 100 cc\/ml M\u00e9trico  Acero inoxidable     Procedimiento:   Taza de densidad de templado y l\u00edquido de prueba (23 \u2103 \u00b1 0,5 \u2103)  Calcular densidad  Taza de densidad de relleno  Taza de densidad llena de peso  Poner la tapa sin inclinar  Evitar burbujas de aire  Taza de densidad limpiada con peso vac\u00eda y registro de peso  Retire el l\u00edquido que se desborde con cuidado con un pa\u00f1o absorbente  Las copas de gravedad espec\u00edfica se utilizan para determinar el peso espec\u00edfico por unidad de volumen de un l\u00edquido a una temperatura determinada.  &nbsp;","og_url":"https:\/\/abaa.mx\/tienda\/bgd296-picnometro-metalico-de-37-mil50-mil-y-100-mil-din-53217-iso-2811-1-y-bs-3900-a19\/","og_site_name":"Abaa tienda online","og_image":[{"width":579,"height":298,"url":"https:\/\/abaa.mx\/tienda\/wp-content\/uploads\/2023\/11\/BIUGED-BS3900A19.jpg","type":"image\/jpeg"}],"twitter_card":"summary_large_image","twitter_misc":{"Tiempo de lectura":"1 minuto"},"schema":{"@context":"https:\/\/schema.org","@graph":[{"@type":"WebPage","@id":"https:\/\/abaa.mx\/tienda\/bgd296-picnometro-metalico-de-37-mil50-mil-y-100-mil-din-53217-iso-2811-1-y-bs-3900-a19\/","url":"https:\/\/abaa.mx\/tienda\/bgd296-picnometro-metalico-de-37-mil50-mil-y-100-mil-din-53217-iso-2811-1-y-bs-3900-a19\/","name":"BGD296 Picnometro Metalico de 37 mil,50 mil y 100 mil DIN 53217, ISO 2811-1 y BS 3900 A19 - Abaa tienda online","isPartOf":{"@id":"https:\/\/abaa.mx\/tienda\/#website"},"primaryImageOfPage":{"@id":"https:\/\/abaa.mx\/tienda\/bgd296-picnometro-metalico-de-37-mil50-mil-y-100-mil-din-53217-iso-2811-1-y-bs-3900-a19\/#primaryimage"},"image":{"@id":"https:\/\/abaa.mx\/tienda\/bgd296-picnometro-metalico-de-37-mil50-mil-y-100-mil-din-53217-iso-2811-1-y-bs-3900-a19\/#primaryimage"},"thumbnailUrl":"https:\/\/abaa.mx\/tienda\/wp-content\/uploads\/2023\/11\/BIUGED-BS3900A19.jpg","datePublished":"2023-11-03T14:29:14+00:00","breadcrumb":{"@id":"https:\/\/abaa.mx\/tienda\/bgd296-picnometro-metalico-de-37-mil50-mil-y-100-mil-din-53217-iso-2811-1-y-bs-3900-a19\/#breadcrumb"},"inLanguage":"es","potentialAction":[{"@type":"ReadAction","target":["https:\/\/abaa.mx\/tienda\/bgd296-picnometro-metalico-de-37-mil50-mil-y-100-mil-din-53217-iso-2811-1-y-bs-3900-a19\/"]}]},{"@type":"ImageObject","inLanguage":"es","@id":"https:\/\/abaa.mx\/tienda\/bgd296-picnometro-metalico-de-37-mil50-mil-y-100-mil-din-53217-iso-2811-1-y-bs-3900-a19\/#primaryimage","url":"https:\/\/abaa.mx\/tienda\/wp-content\/uploads\/2023\/11\/BIUGED-BS3900A19.jpg","contentUrl":"https:\/\/abaa.mx\/tienda\/wp-content\/uploads\/2023\/11\/BIUGED-BS3900A19.jpg","width":579,"height":298,"caption":"BIUGED-BS3900A19"},{"@type":"BreadcrumbList","@id":"https:\/\/abaa.mx\/tienda\/bgd296-picnometro-metalico-de-37-mil50-mil-y-100-mil-din-53217-iso-2811-1-y-bs-3900-a19\/#breadcrumb","itemListElement":[{"@type":"ListItem","position":1,"name":"Inicio","item":"https:\/\/abaa.mx\/tienda\/"},{"@type":"ListItem","position":2,"name":"Tienda","item":"https:\/\/abaa.mx\/tienda\/"},{"@type":"ListItem","position":3,"name":"BGD296 Picnometro Metalico de 37 mil,50 mil y 100 mil DIN 53217, ISO 2811-1 y BS 3900 A19"}]},{"@type":"WebSite","@id":"https:\/\/abaa.mx\/tienda\/#website","url":"https:\/\/abaa.mx\/tienda\/","name":"Abaa tienda online","description":"Instrumentos de medici\u00f3n","publisher":{"@id":"https:\/\/abaa.mx\/tienda\/#organization"},"potentialAction":[{"@type":"SearchAction","target":{"@type":"EntryPoint","urlTemplate":"https:\/\/abaa.mx\/tienda\/?s={search_term_string}"},"query-input":{"@type":"PropertyValueSpecification","valueRequired":true,"valueName":"search_term_string"}}],"inLanguage":"es"},{"@type":"Organization","@id":"https:\/\/abaa.mx\/tienda\/#organization","name":"Abaa tienda online","url":"https:\/\/abaa.mx\/tienda\/","logo":{"@type":"ImageObject","inLanguage":"es","@id":"https:\/\/abaa.mx\/tienda\/#\/schema\/logo\/image\/","url":"https:\/\/abaa.mx\/tienda\/wp-content\/uploads\/2024\/01\/abaa-metrologia-tienda.png","contentUrl":"https:\/\/abaa.mx\/tienda\/wp-content\/uploads\/2024\/01\/abaa-metrologia-tienda.png","width":300,"height":141,"caption":"Abaa tienda online"},"image":{"@id":"https:\/\/abaa.mx\/tienda\/#\/schema\/logo\/image\/"}}]}},"_links":{"self":[{"href":"https:\/\/abaa.mx\/tienda\/wp-json\/wp\/v2\/product\/8481","targetHints":{"allow":["GET"]}}],"collection":[{"href":"https:\/\/abaa.mx\/tienda\/wp-json\/wp\/v2\/product"}],"about":[{"href":"https:\/\/abaa.mx\/tienda\/wp-json\/wp\/v2\/types\/product"}],"replies":[{"embeddable":true,"href":"https:\/\/abaa.mx\/tienda\/wp-json\/wp\/v2\/comments?post=8481"}],"wp:featuredmedia":[{"embeddable":true,"href":"https:\/\/abaa.mx\/tienda\/wp-json\/wp\/v2\/media\/8490"}],"wp:attachment":[{"href":"https:\/\/abaa.mx\/tienda\/wp-json\/wp\/v2\/media?parent=8481"}],"wp:term":[{"taxonomy":"product_brand","embeddable":true,"href":"https:\/\/abaa.mx\/tienda\/wp-json\/wp\/v2\/product_brand?post=8481"},{"taxonomy":"product_cat","embeddable":true,"href":"https:\/\/abaa.mx\/tienda\/wp-json\/wp\/v2\/product_cat?post=8481"},{"taxonomy":"product_tag","embeddable":true,"href":"https:\/\/abaa.mx\/tienda\/wp-json\/wp\/v2\/product_tag?post=8481"}],"curies":[{"name":"wp","href":"https:\/\/api.w.org\/{rel}","templated":true}]}}