{"id":848,"date":"2023-04-04T17:25:52","date_gmt":"2023-04-04T17:25:52","guid":{"rendered":"https:\/\/abaa.mx\/tienda\/?post_type=product&#038;p=848"},"modified":"2024-01-04T16:43:09","modified_gmt":"2024-01-04T16:43:09","slug":"termometro-uei-rf60a-2","status":"publish","type":"product","link":"https:\/\/abaa.mx\/tienda\/termometro-uei-rf60a-2\/","title":{"rendered":"Term\u00f3metro UEI RF60A"},"content":{"rendered":"<p>Term\u00f3metro UEI RF60A.<\/p>\n","protected":false},"excerpt":{"rendered":"<h3>TERMOMETRO AVALY<\/h3>\n<p>Term\u00f3metro an\u00e1logo, marca UEI, con rango dual de temperatura de -40\u00b0 a 16\u00b0C y -40\u00b0 a 60\u00b0F. Cuenta con una car\u00e1tula de 50mm (2\u201d) con una brida de montaje de 76mm (3\u201d); 121cm (48\u201d) de capilar trasero chapado en n\u00edquel; escalas con c\u00f3digo de color; f\u00e1cil calibraci\u00f3n del puntero y listado NSF. El term\u00f3metro an\u00e1logo RF60A tiene 1 a\u00f1o de garant\u00eda.<\/p>\n<p><strong>ESPECIFICACIONES:<\/strong><\/p>\n<ul>\n<li>Tipo: An\u00e1logo.<\/li>\n<li>Car\u00e1tula: 51 mm de di\u00e1metro (2\u201d).<\/li>\n<li>Capilar: 1220 mm (48\u201d).<\/li>\n<li>Escala: \u00b0C \/ \u00b0F.<\/li>\n<li>Rango: -40 a 16 \u00b0C (-40 a 60 \u00b0F).<\/li>\n<li>Calibraci\u00f3n: Sencilla.<\/li>\n<\/ul>\n","protected":false},"featured_media":1280,"comment_status":"open","ping_status":"closed","template":"","meta":{"_joinchat":[]},"product_brand":[],"product_cat":[15],"product_tag":[],"class_list":{"0":"post-848","1":"product","2":"type-product","3":"status-publish","4":"has-post-thumbnail","6":"product_cat-sin-categorizar","8":"first","9":"instock","10":"shipping-taxable","11":"product-type-simple"},"yoast_head":"<!-- This site is optimized with the Yoast SEO plugin v26.4 - https:\/\/yoast.com\/wordpress\/plugins\/seo\/ -->\n<title>Term\u00f3metro UEI RF60A - Abaa tienda online<\/title>\n<meta name=\"robots\" content=\"index, follow, max-snippet:-1, max-image-preview:large, max-video-preview:-1\" \/>\n<link rel=\"canonical\" href=\"https:\/\/abaa.mx\/tienda\/termometro-uei-rf60a-2\/\" \/>\n<meta property=\"og:locale\" content=\"es_MX\" \/>\n<meta property=\"og:type\" content=\"article\" \/>\n<meta property=\"og:title\" content=\"Term\u00f3metro UEI RF60A - Abaa tienda online\" \/>\n<meta property=\"og:description\" content=\"TERMOMETRO AVALY Term\u00f3metro an\u00e1logo, marca UEI, con rango dual de temperatura de -40\u00b0 a 16\u00b0C y -40\u00b0 a 60\u00b0F. Cuenta con una car\u00e1tula de 50mm (2\u201d) con una brida de montaje de 76mm (3\u201d); 121cm (48\u201d) de capilar trasero chapado en n\u00edquel; escalas con c\u00f3digo de color; f\u00e1cil calibraci\u00f3n del puntero y listado NSF. El term\u00f3metro an\u00e1logo RF60A tiene 1 a\u00f1o de garant\u00eda.  ESPECIFICACIONES:   Tipo: An\u00e1logo.  Car\u00e1tula: 51 mm de di\u00e1metro (2\u201d).  Capilar: 1220 mm (48\u201d).  Escala: \u00b0C \/ \u00b0F.  Rango: -40 a 16 \u00b0C (-40 a 60 \u00b0F).  Calibraci\u00f3n: Sencilla.\" \/>\n<meta property=\"og:url\" content=\"https:\/\/abaa.mx\/tienda\/termometro-uei-rf60a-2\/\" \/>\n<meta property=\"og:site_name\" content=\"Abaa tienda online\" \/>\n<meta property=\"article:modified_time\" content=\"2024-01-04T16:43:09+00:00\" \/>\n<meta property=\"og:image\" content=\"https:\/\/abaa.mx\/tienda\/wp-content\/uploads\/2020\/10\/termometro-uei-rf60a.jpg.png\" \/>\n\t<meta property=\"og:image:width\" content=\"477\" \/>\n\t<meta property=\"og:image:height\" content=\"489\" \/>\n\t<meta property=\"og:image:type\" content=\"image\/png\" \/>\n<meta name=\"twitter:card\" content=\"summary_large_image\" \/>\n<script type=\"application\/ld+json\" class=\"yoast-schema-graph\">{\"@context\":\"https:\/\/schema.org\",\"@graph\":[{\"@type\":\"WebPage\",\"@id\":\"https:\/\/abaa.mx\/tienda\/termometro-uei-rf60a-2\/\",\"url\":\"https:\/\/abaa.mx\/tienda\/termometro-uei-rf60a-2\/\",\"name\":\"Term\u00f3metro UEI RF60A - Abaa tienda online\",\"isPartOf\":{\"@id\":\"https:\/\/abaa.mx\/tienda\/#website\"},\"primaryImageOfPage\":{\"@id\":\"https:\/\/abaa.mx\/tienda\/termometro-uei-rf60a-2\/#primaryimage\"},\"image\":{\"@id\":\"https:\/\/abaa.mx\/tienda\/termometro-uei-rf60a-2\/#primaryimage\"},\"thumbnailUrl\":\"https:\/\/abaa.mx\/tienda\/wp-content\/uploads\/2020\/10\/termometro-uei-rf60a.jpg.png\",\"datePublished\":\"2023-04-04T17:25:52+00:00\",\"dateModified\":\"2024-01-04T16:43:09+00:00\",\"breadcrumb\":{\"@id\":\"https:\/\/abaa.mx\/tienda\/termometro-uei-rf60a-2\/#breadcrumb\"},\"inLanguage\":\"es\",\"potentialAction\":[{\"@type\":\"ReadAction\",\"target\":[\"https:\/\/abaa.mx\/tienda\/termometro-uei-rf60a-2\/\"]}]},{\"@type\":\"ImageObject\",\"inLanguage\":\"es\",\"@id\":\"https:\/\/abaa.mx\/tienda\/termometro-uei-rf60a-2\/#primaryimage\",\"url\":\"https:\/\/abaa.mx\/tienda\/wp-content\/uploads\/2020\/10\/termometro-uei-rf60a.jpg.png\",\"contentUrl\":\"https:\/\/abaa.mx\/tienda\/wp-content\/uploads\/2020\/10\/termometro-uei-rf60a.jpg.png\",\"width\":477,\"height\":489,\"caption\":\"Term\u00f3metro UEI RF60A\"},{\"@type\":\"BreadcrumbList\",\"@id\":\"https:\/\/abaa.mx\/tienda\/termometro-uei-rf60a-2\/#breadcrumb\",\"itemListElement\":[{\"@type\":\"ListItem\",\"position\":1,\"name\":\"Inicio\",\"item\":\"https:\/\/abaa.mx\/tienda\/\"},{\"@type\":\"ListItem\",\"position\":2,\"name\":\"Tienda\",\"item\":\"https:\/\/abaa.mx\/tienda\/\"},{\"@type\":\"ListItem\",\"position\":3,\"name\":\"Term\u00f3metro UEI RF60A\"}]},{\"@type\":\"WebSite\",\"@id\":\"https:\/\/abaa.mx\/tienda\/#website\",\"url\":\"https:\/\/abaa.mx\/tienda\/\",\"name\":\"Abaa tienda online\",\"description\":\"Instrumentos de medici\u00f3n\",\"publisher\":{\"@id\":\"https:\/\/abaa.mx\/tienda\/#organization\"},\"potentialAction\":[{\"@type\":\"SearchAction\",\"target\":{\"@type\":\"EntryPoint\",\"urlTemplate\":\"https:\/\/abaa.mx\/tienda\/?s={search_term_string}\"},\"query-input\":{\"@type\":\"PropertyValueSpecification\",\"valueRequired\":true,\"valueName\":\"search_term_string\"}}],\"inLanguage\":\"es\"},{\"@type\":\"Organization\",\"@id\":\"https:\/\/abaa.mx\/tienda\/#organization\",\"name\":\"Abaa tienda online\",\"url\":\"https:\/\/abaa.mx\/tienda\/\",\"logo\":{\"@type\":\"ImageObject\",\"inLanguage\":\"es\",\"@id\":\"https:\/\/abaa.mx\/tienda\/#\/schema\/logo\/image\/\",\"url\":\"https:\/\/abaa.mx\/tienda\/wp-content\/uploads\/2024\/01\/abaa-metrologia-tienda.png\",\"contentUrl\":\"https:\/\/abaa.mx\/tienda\/wp-content\/uploads\/2024\/01\/abaa-metrologia-tienda.png\",\"width\":300,\"height\":141,\"caption\":\"Abaa tienda online\"},\"image\":{\"@id\":\"https:\/\/abaa.mx\/tienda\/#\/schema\/logo\/image\/\"}}]}<\/script>\n<!-- \/ Yoast SEO plugin. -->","yoast_head_json":{"title":"Term\u00f3metro UEI RF60A - Abaa tienda online","robots":{"index":"index","follow":"follow","max-snippet":"max-snippet:-1","max-image-preview":"max-image-preview:large","max-video-preview":"max-video-preview:-1"},"canonical":"https:\/\/abaa.mx\/tienda\/termometro-uei-rf60a-2\/","og_locale":"es_MX","og_type":"article","og_title":"Term\u00f3metro UEI RF60A - Abaa tienda online","og_description":"TERMOMETRO AVALY Term\u00f3metro an\u00e1logo, marca UEI, con rango dual de temperatura de -40\u00b0 a 16\u00b0C y -40\u00b0 a 60\u00b0F. Cuenta con una car\u00e1tula de 50mm (2\u201d) con una brida de montaje de 76mm (3\u201d); 121cm (48\u201d) de capilar trasero chapado en n\u00edquel; escalas con c\u00f3digo de color; f\u00e1cil calibraci\u00f3n del puntero y listado NSF. El term\u00f3metro an\u00e1logo RF60A tiene 1 a\u00f1o de garant\u00eda.  ESPECIFICACIONES:   Tipo: An\u00e1logo.  Car\u00e1tula: 51 mm de di\u00e1metro (2\u201d).  Capilar: 1220 mm (48\u201d).  Escala: \u00b0C \/ \u00b0F.  Rango: -40 a 16 \u00b0C (-40 a 60 \u00b0F).  Calibraci\u00f3n: Sencilla.","og_url":"https:\/\/abaa.mx\/tienda\/termometro-uei-rf60a-2\/","og_site_name":"Abaa tienda online","article_modified_time":"2024-01-04T16:43:09+00:00","og_image":[{"width":477,"height":489,"url":"https:\/\/abaa.mx\/tienda\/wp-content\/uploads\/2020\/10\/termometro-uei-rf60a.jpg.png","type":"image\/png"}],"twitter_card":"summary_large_image","schema":{"@context":"https:\/\/schema.org","@graph":[{"@type":"WebPage","@id":"https:\/\/abaa.mx\/tienda\/termometro-uei-rf60a-2\/","url":"https:\/\/abaa.mx\/tienda\/termometro-uei-rf60a-2\/","name":"Term\u00f3metro UEI RF60A - Abaa tienda online","isPartOf":{"@id":"https:\/\/abaa.mx\/tienda\/#website"},"primaryImageOfPage":{"@id":"https:\/\/abaa.mx\/tienda\/termometro-uei-rf60a-2\/#primaryimage"},"image":{"@id":"https:\/\/abaa.mx\/tienda\/termometro-uei-rf60a-2\/#primaryimage"},"thumbnailUrl":"https:\/\/abaa.mx\/tienda\/wp-content\/uploads\/2020\/10\/termometro-uei-rf60a.jpg.png","datePublished":"2023-04-04T17:25:52+00:00","dateModified":"2024-01-04T16:43:09+00:00","breadcrumb":{"@id":"https:\/\/abaa.mx\/tienda\/termometro-uei-rf60a-2\/#breadcrumb"},"inLanguage":"es","potentialAction":[{"@type":"ReadAction","target":["https:\/\/abaa.mx\/tienda\/termometro-uei-rf60a-2\/"]}]},{"@type":"ImageObject","inLanguage":"es","@id":"https:\/\/abaa.mx\/tienda\/termometro-uei-rf60a-2\/#primaryimage","url":"https:\/\/abaa.mx\/tienda\/wp-content\/uploads\/2020\/10\/termometro-uei-rf60a.jpg.png","contentUrl":"https:\/\/abaa.mx\/tienda\/wp-content\/uploads\/2020\/10\/termometro-uei-rf60a.jpg.png","width":477,"height":489,"caption":"Term\u00f3metro UEI RF60A"},{"@type":"BreadcrumbList","@id":"https:\/\/abaa.mx\/tienda\/termometro-uei-rf60a-2\/#breadcrumb","itemListElement":[{"@type":"ListItem","position":1,"name":"Inicio","item":"https:\/\/abaa.mx\/tienda\/"},{"@type":"ListItem","position":2,"name":"Tienda","item":"https:\/\/abaa.mx\/tienda\/"},{"@type":"ListItem","position":3,"name":"Term\u00f3metro UEI RF60A"}]},{"@type":"WebSite","@id":"https:\/\/abaa.mx\/tienda\/#website","url":"https:\/\/abaa.mx\/tienda\/","name":"Abaa tienda online","description":"Instrumentos de medici\u00f3n","publisher":{"@id":"https:\/\/abaa.mx\/tienda\/#organization"},"potentialAction":[{"@type":"SearchAction","target":{"@type":"EntryPoint","urlTemplate":"https:\/\/abaa.mx\/tienda\/?s={search_term_string}"},"query-input":{"@type":"PropertyValueSpecification","valueRequired":true,"valueName":"search_term_string"}}],"inLanguage":"es"},{"@type":"Organization","@id":"https:\/\/abaa.mx\/tienda\/#organization","name":"Abaa tienda online","url":"https:\/\/abaa.mx\/tienda\/","logo":{"@type":"ImageObject","inLanguage":"es","@id":"https:\/\/abaa.mx\/tienda\/#\/schema\/logo\/image\/","url":"https:\/\/abaa.mx\/tienda\/wp-content\/uploads\/2024\/01\/abaa-metrologia-tienda.png","contentUrl":"https:\/\/abaa.mx\/tienda\/wp-content\/uploads\/2024\/01\/abaa-metrologia-tienda.png","width":300,"height":141,"caption":"Abaa tienda online"},"image":{"@id":"https:\/\/abaa.mx\/tienda\/#\/schema\/logo\/image\/"}}]}},"_links":{"self":[{"href":"https:\/\/abaa.mx\/tienda\/wp-json\/wp\/v2\/product\/848","targetHints":{"allow":["GET"]}}],"collection":[{"href":"https:\/\/abaa.mx\/tienda\/wp-json\/wp\/v2\/product"}],"about":[{"href":"https:\/\/abaa.mx\/tienda\/wp-json\/wp\/v2\/types\/product"}],"replies":[{"embeddable":true,"href":"https:\/\/abaa.mx\/tienda\/wp-json\/wp\/v2\/comments?post=848"}],"wp:featuredmedia":[{"embeddable":true,"href":"https:\/\/abaa.mx\/tienda\/wp-json\/wp\/v2\/media\/1280"}],"wp:attachment":[{"href":"https:\/\/abaa.mx\/tienda\/wp-json\/wp\/v2\/media?parent=848"}],"wp:term":[{"taxonomy":"product_brand","embeddable":true,"href":"https:\/\/abaa.mx\/tienda\/wp-json\/wp\/v2\/product_brand?post=848"},{"taxonomy":"product_cat","embeddable":true,"href":"https:\/\/abaa.mx\/tienda\/wp-json\/wp\/v2\/product_cat?post=848"},{"taxonomy":"product_tag","embeddable":true,"href":"https:\/\/abaa.mx\/tienda\/wp-json\/wp\/v2\/product_tag?post=848"}],"curies":[{"name":"wp","href":"https:\/\/api.w.org\/{rel}","templated":true}]}}