{"id":8474,"date":"2023-11-02T18:01:16","date_gmt":"2023-11-02T18:01:16","guid":{"rendered":"https:\/\/abaa.mx\/tienda\/?post_type=product&#038;p=8474"},"modified":"2023-11-02T18:01:16","modified_gmt":"2023-11-02T18:01:16","slug":"medidor-de-conductividad-yk43cd","status":"publish","type":"product","link":"https:\/\/abaa.mx\/tienda\/medidor-de-conductividad-yk43cd\/","title":{"rendered":"Medidor de Conductividad &#8211; YK43CD"},"content":{"rendered":"<p>Medidor de Conductividad &#8211; YK43CD<\/p>\n","protected":false},"excerpt":{"rendered":"<p>Medidor de conductividad electrica con sonda separada modelo LT-YK43CD Caracter\u00edsticas principales : El electrodo separado deja una f\u00e1cil operaci\u00f3n. El rango de medici\u00f3n de temperatura es de 0 a 60\u00b0C. Compensaci\u00f3n de temperatura autom\u00e1tico (ATC) para muestras entre 0 y 50 \u00b0C. Microprocesador con funci\u00f3n inteligente. Graba las mediciones m\u00e1ximas y m\u00ednimas con funci\u00f3n de llamado posterior. Funci\u00f3n de retenci\u00f3n de datos (hold). La funci\u00f3n de apagado autom\u00e1tico protege la vida de la bater\u00eda. Carcaza fuerte compacta de alta duraci\u00f3n desarrollada para ser llevada de manera f\u00e1cil. Interface serial RS32 para entrada en PC (cable de conexi\u00f3n a PC, programa b\u00e1sico de descarga de datos y adaptador de corriente AC\/CD se venden separadamente ). Funci\u00f3n de selecci\u00f3n de unidad de temperatura \u00b0C y \u00b0F. Aplicaciones : Acondicionamiento de aguas, industria de bebidas, acuarios, granjas pisc\u00edcolas, procesos alimenticios , fotograf\u00eda, laboratorio, industria papelera, procesos de galvanizado y anodizado, plating, control de calidad, uso escolar y estudios universitarios.<\/p>\n","protected":false},"featured_media":8475,"comment_status":"open","ping_status":"closed","template":"","meta":{"_joinchat":[]},"product_brand":[],"product_cat":[107],"product_tag":[],"class_list":{"0":"post-8474","1":"product","2":"type-product","3":"status-publish","4":"has-post-thumbnail","6":"product_cat-medidor-de-conductividad","8":"first","9":"instock","10":"shipping-taxable","11":"product-type-simple"},"yoast_head":"<!-- This site is optimized with the Yoast SEO plugin v26.4 - https:\/\/yoast.com\/wordpress\/plugins\/seo\/ -->\n<title>Medidor de Conductividad - YK43CD - Abaa tienda online<\/title>\n<meta name=\"robots\" content=\"index, follow, max-snippet:-1, max-image-preview:large, max-video-preview:-1\" \/>\n<link rel=\"canonical\" href=\"https:\/\/abaa.mx\/tienda\/medidor-de-conductividad-yk43cd\/\" \/>\n<meta property=\"og:locale\" content=\"es_MX\" \/>\n<meta property=\"og:type\" content=\"article\" \/>\n<meta property=\"og:title\" content=\"Medidor de Conductividad - YK43CD - Abaa tienda online\" \/>\n<meta property=\"og:description\" content=\"Medidor de conductividad electrica con sonda separada modelo LT-YK43CD Caracter\u00edsticas principales : El electrodo separado deja una f\u00e1cil operaci\u00f3n. El rango de medici\u00f3n de temperatura es de 0 a 60\u00b0C. Compensaci\u00f3n de temperatura autom\u00e1tico (ATC) para muestras entre 0 y 50 \u00b0C. Microprocesador con funci\u00f3n inteligente. Graba las mediciones m\u00e1ximas y m\u00ednimas con funci\u00f3n de llamado posterior. Funci\u00f3n de retenci\u00f3n de datos (hold). La funci\u00f3n de apagado autom\u00e1tico protege la vida de la bater\u00eda. Carcaza fuerte compacta de alta duraci\u00f3n desarrollada para ser llevada de manera f\u00e1cil. Interface serial RS32 para entrada en PC (cable de conexi\u00f3n a PC, programa b\u00e1sico de descarga de datos y adaptador de corriente AC\/CD se venden separadamente ). Funci\u00f3n de selecci\u00f3n de unidad de temperatura \u00b0C y \u00b0F. Aplicaciones : Acondicionamiento de aguas, industria de bebidas, acuarios, granjas pisc\u00edcolas, procesos alimenticios , fotograf\u00eda, laboratorio, industria papelera, procesos de galvanizado y anodizado, plating, control de calidad, uso escolar y estudios universitarios.\" \/>\n<meta property=\"og:url\" content=\"https:\/\/abaa.mx\/tienda\/medidor-de-conductividad-yk43cd\/\" \/>\n<meta property=\"og:site_name\" content=\"Abaa tienda online\" \/>\n<meta property=\"og:image\" content=\"https:\/\/abaa.mx\/tienda\/wp-content\/uploads\/2023\/11\/LUTRON-YK43CD.jpg\" \/>\n\t<meta property=\"og:image:width\" content=\"452\" \/>\n\t<meta property=\"og:image:height\" content=\"540\" \/>\n\t<meta property=\"og:image:type\" content=\"image\/jpeg\" \/>\n<meta name=\"twitter:card\" content=\"summary_large_image\" \/>\n<meta name=\"twitter:label1\" content=\"Tiempo de lectura\" \/>\n\t<meta name=\"twitter:data1\" content=\"1 minuto\" \/>\n<script type=\"application\/ld+json\" class=\"yoast-schema-graph\">{\"@context\":\"https:\/\/schema.org\",\"@graph\":[{\"@type\":\"WebPage\",\"@id\":\"https:\/\/abaa.mx\/tienda\/medidor-de-conductividad-yk43cd\/\",\"url\":\"https:\/\/abaa.mx\/tienda\/medidor-de-conductividad-yk43cd\/\",\"name\":\"Medidor de Conductividad - YK43CD - Abaa tienda online\",\"isPartOf\":{\"@id\":\"https:\/\/abaa.mx\/tienda\/#website\"},\"primaryImageOfPage\":{\"@id\":\"https:\/\/abaa.mx\/tienda\/medidor-de-conductividad-yk43cd\/#primaryimage\"},\"image\":{\"@id\":\"https:\/\/abaa.mx\/tienda\/medidor-de-conductividad-yk43cd\/#primaryimage\"},\"thumbnailUrl\":\"https:\/\/abaa.mx\/tienda\/wp-content\/uploads\/2023\/11\/LUTRON-YK43CD.jpg\",\"datePublished\":\"2023-11-02T18:01:16+00:00\",\"breadcrumb\":{\"@id\":\"https:\/\/abaa.mx\/tienda\/medidor-de-conductividad-yk43cd\/#breadcrumb\"},\"inLanguage\":\"es\",\"potentialAction\":[{\"@type\":\"ReadAction\",\"target\":[\"https:\/\/abaa.mx\/tienda\/medidor-de-conductividad-yk43cd\/\"]}]},{\"@type\":\"ImageObject\",\"inLanguage\":\"es\",\"@id\":\"https:\/\/abaa.mx\/tienda\/medidor-de-conductividad-yk43cd\/#primaryimage\",\"url\":\"https:\/\/abaa.mx\/tienda\/wp-content\/uploads\/2023\/11\/LUTRON-YK43CD.jpg\",\"contentUrl\":\"https:\/\/abaa.mx\/tienda\/wp-content\/uploads\/2023\/11\/LUTRON-YK43CD.jpg\",\"width\":452,\"height\":540,\"caption\":\"LUTRON-YK43CD\"},{\"@type\":\"BreadcrumbList\",\"@id\":\"https:\/\/abaa.mx\/tienda\/medidor-de-conductividad-yk43cd\/#breadcrumb\",\"itemListElement\":[{\"@type\":\"ListItem\",\"position\":1,\"name\":\"Inicio\",\"item\":\"https:\/\/abaa.mx\/tienda\/\"},{\"@type\":\"ListItem\",\"position\":2,\"name\":\"Tienda\",\"item\":\"https:\/\/abaa.mx\/tienda\/\"},{\"@type\":\"ListItem\",\"position\":3,\"name\":\"Medidor de Conductividad &#8211; YK43CD\"}]},{\"@type\":\"WebSite\",\"@id\":\"https:\/\/abaa.mx\/tienda\/#website\",\"url\":\"https:\/\/abaa.mx\/tienda\/\",\"name\":\"Abaa tienda online\",\"description\":\"Instrumentos de medici\u00f3n\",\"publisher\":{\"@id\":\"https:\/\/abaa.mx\/tienda\/#organization\"},\"potentialAction\":[{\"@type\":\"SearchAction\",\"target\":{\"@type\":\"EntryPoint\",\"urlTemplate\":\"https:\/\/abaa.mx\/tienda\/?s={search_term_string}\"},\"query-input\":{\"@type\":\"PropertyValueSpecification\",\"valueRequired\":true,\"valueName\":\"search_term_string\"}}],\"inLanguage\":\"es\"},{\"@type\":\"Organization\",\"@id\":\"https:\/\/abaa.mx\/tienda\/#organization\",\"name\":\"Abaa tienda online\",\"url\":\"https:\/\/abaa.mx\/tienda\/\",\"logo\":{\"@type\":\"ImageObject\",\"inLanguage\":\"es\",\"@id\":\"https:\/\/abaa.mx\/tienda\/#\/schema\/logo\/image\/\",\"url\":\"https:\/\/abaa.mx\/tienda\/wp-content\/uploads\/2024\/01\/abaa-metrologia-tienda.png\",\"contentUrl\":\"https:\/\/abaa.mx\/tienda\/wp-content\/uploads\/2024\/01\/abaa-metrologia-tienda.png\",\"width\":300,\"height\":141,\"caption\":\"Abaa tienda online\"},\"image\":{\"@id\":\"https:\/\/abaa.mx\/tienda\/#\/schema\/logo\/image\/\"}}]}<\/script>\n<!-- \/ Yoast SEO plugin. -->","yoast_head_json":{"title":"Medidor de Conductividad - YK43CD - Abaa tienda online","robots":{"index":"index","follow":"follow","max-snippet":"max-snippet:-1","max-image-preview":"max-image-preview:large","max-video-preview":"max-video-preview:-1"},"canonical":"https:\/\/abaa.mx\/tienda\/medidor-de-conductividad-yk43cd\/","og_locale":"es_MX","og_type":"article","og_title":"Medidor de Conductividad - YK43CD - Abaa tienda online","og_description":"Medidor de conductividad electrica con sonda separada modelo LT-YK43CD Caracter\u00edsticas principales : El electrodo separado deja una f\u00e1cil operaci\u00f3n. El rango de medici\u00f3n de temperatura es de 0 a 60\u00b0C. Compensaci\u00f3n de temperatura autom\u00e1tico (ATC) para muestras entre 0 y 50 \u00b0C. Microprocesador con funci\u00f3n inteligente. Graba las mediciones m\u00e1ximas y m\u00ednimas con funci\u00f3n de llamado posterior. Funci\u00f3n de retenci\u00f3n de datos (hold). La funci\u00f3n de apagado autom\u00e1tico protege la vida de la bater\u00eda. Carcaza fuerte compacta de alta duraci\u00f3n desarrollada para ser llevada de manera f\u00e1cil. Interface serial RS32 para entrada en PC (cable de conexi\u00f3n a PC, programa b\u00e1sico de descarga de datos y adaptador de corriente AC\/CD se venden separadamente ). Funci\u00f3n de selecci\u00f3n de unidad de temperatura \u00b0C y \u00b0F. Aplicaciones : Acondicionamiento de aguas, industria de bebidas, acuarios, granjas pisc\u00edcolas, procesos alimenticios , fotograf\u00eda, laboratorio, industria papelera, procesos de galvanizado y anodizado, plating, control de calidad, uso escolar y estudios universitarios.","og_url":"https:\/\/abaa.mx\/tienda\/medidor-de-conductividad-yk43cd\/","og_site_name":"Abaa tienda online","og_image":[{"width":452,"height":540,"url":"https:\/\/abaa.mx\/tienda\/wp-content\/uploads\/2023\/11\/LUTRON-YK43CD.jpg","type":"image\/jpeg"}],"twitter_card":"summary_large_image","twitter_misc":{"Tiempo de lectura":"1 minuto"},"schema":{"@context":"https:\/\/schema.org","@graph":[{"@type":"WebPage","@id":"https:\/\/abaa.mx\/tienda\/medidor-de-conductividad-yk43cd\/","url":"https:\/\/abaa.mx\/tienda\/medidor-de-conductividad-yk43cd\/","name":"Medidor de Conductividad - YK43CD - Abaa tienda online","isPartOf":{"@id":"https:\/\/abaa.mx\/tienda\/#website"},"primaryImageOfPage":{"@id":"https:\/\/abaa.mx\/tienda\/medidor-de-conductividad-yk43cd\/#primaryimage"},"image":{"@id":"https:\/\/abaa.mx\/tienda\/medidor-de-conductividad-yk43cd\/#primaryimage"},"thumbnailUrl":"https:\/\/abaa.mx\/tienda\/wp-content\/uploads\/2023\/11\/LUTRON-YK43CD.jpg","datePublished":"2023-11-02T18:01:16+00:00","breadcrumb":{"@id":"https:\/\/abaa.mx\/tienda\/medidor-de-conductividad-yk43cd\/#breadcrumb"},"inLanguage":"es","potentialAction":[{"@type":"ReadAction","target":["https:\/\/abaa.mx\/tienda\/medidor-de-conductividad-yk43cd\/"]}]},{"@type":"ImageObject","inLanguage":"es","@id":"https:\/\/abaa.mx\/tienda\/medidor-de-conductividad-yk43cd\/#primaryimage","url":"https:\/\/abaa.mx\/tienda\/wp-content\/uploads\/2023\/11\/LUTRON-YK43CD.jpg","contentUrl":"https:\/\/abaa.mx\/tienda\/wp-content\/uploads\/2023\/11\/LUTRON-YK43CD.jpg","width":452,"height":540,"caption":"LUTRON-YK43CD"},{"@type":"BreadcrumbList","@id":"https:\/\/abaa.mx\/tienda\/medidor-de-conductividad-yk43cd\/#breadcrumb","itemListElement":[{"@type":"ListItem","position":1,"name":"Inicio","item":"https:\/\/abaa.mx\/tienda\/"},{"@type":"ListItem","position":2,"name":"Tienda","item":"https:\/\/abaa.mx\/tienda\/"},{"@type":"ListItem","position":3,"name":"Medidor de Conductividad &#8211; YK43CD"}]},{"@type":"WebSite","@id":"https:\/\/abaa.mx\/tienda\/#website","url":"https:\/\/abaa.mx\/tienda\/","name":"Abaa tienda online","description":"Instrumentos de medici\u00f3n","publisher":{"@id":"https:\/\/abaa.mx\/tienda\/#organization"},"potentialAction":[{"@type":"SearchAction","target":{"@type":"EntryPoint","urlTemplate":"https:\/\/abaa.mx\/tienda\/?s={search_term_string}"},"query-input":{"@type":"PropertyValueSpecification","valueRequired":true,"valueName":"search_term_string"}}],"inLanguage":"es"},{"@type":"Organization","@id":"https:\/\/abaa.mx\/tienda\/#organization","name":"Abaa tienda online","url":"https:\/\/abaa.mx\/tienda\/","logo":{"@type":"ImageObject","inLanguage":"es","@id":"https:\/\/abaa.mx\/tienda\/#\/schema\/logo\/image\/","url":"https:\/\/abaa.mx\/tienda\/wp-content\/uploads\/2024\/01\/abaa-metrologia-tienda.png","contentUrl":"https:\/\/abaa.mx\/tienda\/wp-content\/uploads\/2024\/01\/abaa-metrologia-tienda.png","width":300,"height":141,"caption":"Abaa tienda online"},"image":{"@id":"https:\/\/abaa.mx\/tienda\/#\/schema\/logo\/image\/"}}]}},"_links":{"self":[{"href":"https:\/\/abaa.mx\/tienda\/wp-json\/wp\/v2\/product\/8474","targetHints":{"allow":["GET"]}}],"collection":[{"href":"https:\/\/abaa.mx\/tienda\/wp-json\/wp\/v2\/product"}],"about":[{"href":"https:\/\/abaa.mx\/tienda\/wp-json\/wp\/v2\/types\/product"}],"replies":[{"embeddable":true,"href":"https:\/\/abaa.mx\/tienda\/wp-json\/wp\/v2\/comments?post=8474"}],"wp:featuredmedia":[{"embeddable":true,"href":"https:\/\/abaa.mx\/tienda\/wp-json\/wp\/v2\/media\/8475"}],"wp:attachment":[{"href":"https:\/\/abaa.mx\/tienda\/wp-json\/wp\/v2\/media?parent=8474"}],"wp:term":[{"taxonomy":"product_brand","embeddable":true,"href":"https:\/\/abaa.mx\/tienda\/wp-json\/wp\/v2\/product_brand?post=8474"},{"taxonomy":"product_cat","embeddable":true,"href":"https:\/\/abaa.mx\/tienda\/wp-json\/wp\/v2\/product_cat?post=8474"},{"taxonomy":"product_tag","embeddable":true,"href":"https:\/\/abaa.mx\/tienda\/wp-json\/wp\/v2\/product_tag?post=8474"}],"curies":[{"name":"wp","href":"https:\/\/api.w.org\/{rel}","templated":true}]}}