{"id":8472,"date":"2023-11-02T17:59:20","date_gmt":"2023-11-02T17:59:20","guid":{"rendered":"https:\/\/abaa.mx\/tienda\/?post_type=product&#038;p=8472"},"modified":"2023-11-02T17:59:21","modified_gmt":"2023-11-02T17:59:21","slug":"medidor-de-conductividad-de-bolsillo-dec-2","status":"publish","type":"product","link":"https:\/\/abaa.mx\/tienda\/medidor-de-conductividad-de-bolsillo-dec-2\/","title":{"rendered":"Medidor de conductividad de bolsillo &#8211; DEC-2"},"content":{"rendered":"<p>Medidor de conductividad de bolsillo &#8211; DEC-2<\/p>\n","protected":false},"excerpt":{"rendered":"<p>exacto y f\u00e1cil de usar para tierra, hidrocultivo, l\u00edquidos de lavado industrial, revisar aguas residuales y otras soluciones solubles.<\/p>\n<p><strong>Referencias:<\/strong><\/p>\n<table border=\"0\" cellspacing=\"0\" cellpadding=\"0\">\n<tbody>\n<tr>\n<th>Medici\u00f3n<\/th>\n<td>Conductividad : 0.00 a 19.90ms\/cm<\/td>\n<\/tr>\n<tr>\n<th>Resoluci\u00f3n<\/th>\n<td>Conductividad : 0.10ms\/cm<br \/>\n(Segundo decimal se mantiene en CERO)<\/td>\n<\/tr>\n<tr>\n<th>Exactitud de la Medici\u00f3n<\/th>\n<td>Conductividad :<br \/>\n\u00b10.20mS\/cm (At 0.0 a 10.0mS\/cm)<br \/>\n\u00b10.40mS\/cm (At 10.10 a 19.90mS\/cm)<\/td>\n<\/tr>\n<tr>\n<th>Rango de Compensaci\u00f3n de Temperatura<\/th>\n<td>0.0 a 50.0 \u00baC<br \/>\n(Compensaci\u00f3n Autom\u00e1tica de Temperatura)<\/td>\n<\/tr>\n<tr>\n<th>Fuente de Poder<\/th>\n<td>Bater\u00eda de reloj (LR44)<br \/>\n1.5V \u00d7 4<\/td>\n<\/tr>\n<tr>\n<th>Clase de protecci\u00f3n internacional<\/th>\n<td>IP67 (Resistente al polvo y breve inmersi\u00f3n en agua)<\/td>\n<\/tr>\n<tr>\n<th>Dimensiones y Peso<\/th>\n<td>4.5\u00d73.0\u00d716.3cm, 90g<br \/>\n(Unidad principal solamente)<\/td>\n<\/tr>\n<\/tbody>\n<\/table>\n","protected":false},"featured_media":8473,"comment_status":"open","ping_status":"closed","template":"","meta":{"_joinchat":[]},"product_brand":[],"product_cat":[107],"product_tag":[],"class_list":{"0":"post-8472","1":"product","2":"type-product","3":"status-publish","4":"has-post-thumbnail","6":"product_cat-medidor-de-conductividad","8":"first","9":"instock","10":"shipping-taxable","11":"product-type-simple"},"yoast_head":"<!-- This site is optimized with the Yoast SEO plugin v26.4 - https:\/\/yoast.com\/wordpress\/plugins\/seo\/ -->\n<title>Medidor de conductividad de bolsillo - DEC-2 - Abaa tienda online<\/title>\n<meta name=\"robots\" content=\"index, follow, max-snippet:-1, max-image-preview:large, max-video-preview:-1\" \/>\n<link rel=\"canonical\" href=\"https:\/\/abaa.mx\/tienda\/medidor-de-conductividad-de-bolsillo-dec-2\/\" \/>\n<meta property=\"og:locale\" content=\"es_MX\" \/>\n<meta property=\"og:type\" content=\"article\" \/>\n<meta property=\"og:title\" content=\"Medidor de conductividad de bolsillo - DEC-2 - Abaa tienda online\" \/>\n<meta property=\"og:description\" content=\"exacto y f\u00e1cil de usar para tierra, hidrocultivo, l\u00edquidos de lavado industrial, revisar aguas residuales y otras soluciones solubles.  Referencias:    Medici\u00f3n Conductividad : 0.00 a 19.90ms\/cm   Resoluci\u00f3n Conductividad : 0.10ms\/cm (Segundo decimal se mantiene en CERO)   Exactitud de la Medici\u00f3n Conductividad : \u00b10.20mS\/cm (At 0.0 a 10.0mS\/cm) \u00b10.40mS\/cm (At 10.10 a 19.90mS\/cm)   Rango de Compensaci\u00f3n de Temperatura 0.0 a 50.0 \u00baC (Compensaci\u00f3n Autom\u00e1tica de Temperatura)   Fuente de Poder Bater\u00eda de reloj (LR44) 1.5V \u00d7 4   Clase de protecci\u00f3n internacional IP67 (Resistente al polvo y breve inmersi\u00f3n en agua)   Dimensiones y Peso 4.5\u00d73.0\u00d716.3cm, 90g (Unidad principal solamente)\" \/>\n<meta property=\"og:url\" content=\"https:\/\/abaa.mx\/tienda\/medidor-de-conductividad-de-bolsillo-dec-2\/\" \/>\n<meta property=\"og:site_name\" content=\"Abaa tienda online\" \/>\n<meta property=\"article:modified_time\" content=\"2023-11-02T17:59:21+00:00\" \/>\n<meta property=\"og:image\" content=\"https:\/\/abaa.mx\/tienda\/wp-content\/uploads\/2023\/11\/ATAGO-DEC-2.jpg\" \/>\n\t<meta property=\"og:image:width\" content=\"539\" \/>\n\t<meta property=\"og:image:height\" content=\"363\" \/>\n\t<meta property=\"og:image:type\" content=\"image\/jpeg\" \/>\n<meta name=\"twitter:card\" content=\"summary_large_image\" \/>\n<meta name=\"twitter:label1\" content=\"Tiempo de lectura\" \/>\n\t<meta name=\"twitter:data1\" content=\"1 minuto\" \/>\n<script type=\"application\/ld+json\" class=\"yoast-schema-graph\">{\"@context\":\"https:\/\/schema.org\",\"@graph\":[{\"@type\":\"WebPage\",\"@id\":\"https:\/\/abaa.mx\/tienda\/medidor-de-conductividad-de-bolsillo-dec-2\/\",\"url\":\"https:\/\/abaa.mx\/tienda\/medidor-de-conductividad-de-bolsillo-dec-2\/\",\"name\":\"Medidor de conductividad de bolsillo - DEC-2 - Abaa tienda online\",\"isPartOf\":{\"@id\":\"https:\/\/abaa.mx\/tienda\/#website\"},\"primaryImageOfPage\":{\"@id\":\"https:\/\/abaa.mx\/tienda\/medidor-de-conductividad-de-bolsillo-dec-2\/#primaryimage\"},\"image\":{\"@id\":\"https:\/\/abaa.mx\/tienda\/medidor-de-conductividad-de-bolsillo-dec-2\/#primaryimage\"},\"thumbnailUrl\":\"https:\/\/abaa.mx\/tienda\/wp-content\/uploads\/2023\/11\/ATAGO-DEC-2.jpg\",\"datePublished\":\"2023-11-02T17:59:20+00:00\",\"dateModified\":\"2023-11-02T17:59:21+00:00\",\"breadcrumb\":{\"@id\":\"https:\/\/abaa.mx\/tienda\/medidor-de-conductividad-de-bolsillo-dec-2\/#breadcrumb\"},\"inLanguage\":\"es\",\"potentialAction\":[{\"@type\":\"ReadAction\",\"target\":[\"https:\/\/abaa.mx\/tienda\/medidor-de-conductividad-de-bolsillo-dec-2\/\"]}]},{\"@type\":\"ImageObject\",\"inLanguage\":\"es\",\"@id\":\"https:\/\/abaa.mx\/tienda\/medidor-de-conductividad-de-bolsillo-dec-2\/#primaryimage\",\"url\":\"https:\/\/abaa.mx\/tienda\/wp-content\/uploads\/2023\/11\/ATAGO-DEC-2.jpg\",\"contentUrl\":\"https:\/\/abaa.mx\/tienda\/wp-content\/uploads\/2023\/11\/ATAGO-DEC-2.jpg\",\"width\":539,\"height\":363,\"caption\":\"ATAGO-DEC-2\"},{\"@type\":\"BreadcrumbList\",\"@id\":\"https:\/\/abaa.mx\/tienda\/medidor-de-conductividad-de-bolsillo-dec-2\/#breadcrumb\",\"itemListElement\":[{\"@type\":\"ListItem\",\"position\":1,\"name\":\"Inicio\",\"item\":\"https:\/\/abaa.mx\/tienda\/\"},{\"@type\":\"ListItem\",\"position\":2,\"name\":\"Tienda\",\"item\":\"https:\/\/abaa.mx\/tienda\/\"},{\"@type\":\"ListItem\",\"position\":3,\"name\":\"Medidor de conductividad de bolsillo &#8211; DEC-2\"}]},{\"@type\":\"WebSite\",\"@id\":\"https:\/\/abaa.mx\/tienda\/#website\",\"url\":\"https:\/\/abaa.mx\/tienda\/\",\"name\":\"Abaa tienda online\",\"description\":\"Instrumentos de medici\u00f3n\",\"publisher\":{\"@id\":\"https:\/\/abaa.mx\/tienda\/#organization\"},\"potentialAction\":[{\"@type\":\"SearchAction\",\"target\":{\"@type\":\"EntryPoint\",\"urlTemplate\":\"https:\/\/abaa.mx\/tienda\/?s={search_term_string}\"},\"query-input\":{\"@type\":\"PropertyValueSpecification\",\"valueRequired\":true,\"valueName\":\"search_term_string\"}}],\"inLanguage\":\"es\"},{\"@type\":\"Organization\",\"@id\":\"https:\/\/abaa.mx\/tienda\/#organization\",\"name\":\"Abaa tienda online\",\"url\":\"https:\/\/abaa.mx\/tienda\/\",\"logo\":{\"@type\":\"ImageObject\",\"inLanguage\":\"es\",\"@id\":\"https:\/\/abaa.mx\/tienda\/#\/schema\/logo\/image\/\",\"url\":\"https:\/\/abaa.mx\/tienda\/wp-content\/uploads\/2024\/01\/abaa-metrologia-tienda.png\",\"contentUrl\":\"https:\/\/abaa.mx\/tienda\/wp-content\/uploads\/2024\/01\/abaa-metrologia-tienda.png\",\"width\":300,\"height\":141,\"caption\":\"Abaa tienda online\"},\"image\":{\"@id\":\"https:\/\/abaa.mx\/tienda\/#\/schema\/logo\/image\/\"}}]}<\/script>\n<!-- \/ Yoast SEO plugin. -->","yoast_head_json":{"title":"Medidor de conductividad de bolsillo - DEC-2 - Abaa tienda online","robots":{"index":"index","follow":"follow","max-snippet":"max-snippet:-1","max-image-preview":"max-image-preview:large","max-video-preview":"max-video-preview:-1"},"canonical":"https:\/\/abaa.mx\/tienda\/medidor-de-conductividad-de-bolsillo-dec-2\/","og_locale":"es_MX","og_type":"article","og_title":"Medidor de conductividad de bolsillo - DEC-2 - Abaa tienda online","og_description":"exacto y f\u00e1cil de usar para tierra, hidrocultivo, l\u00edquidos de lavado industrial, revisar aguas residuales y otras soluciones solubles.  Referencias:    Medici\u00f3n Conductividad : 0.00 a 19.90ms\/cm   Resoluci\u00f3n Conductividad : 0.10ms\/cm (Segundo decimal se mantiene en CERO)   Exactitud de la Medici\u00f3n Conductividad : \u00b10.20mS\/cm (At 0.0 a 10.0mS\/cm) \u00b10.40mS\/cm (At 10.10 a 19.90mS\/cm)   Rango de Compensaci\u00f3n de Temperatura 0.0 a 50.0 \u00baC (Compensaci\u00f3n Autom\u00e1tica de Temperatura)   Fuente de Poder Bater\u00eda de reloj (LR44) 1.5V \u00d7 4   Clase de protecci\u00f3n internacional IP67 (Resistente al polvo y breve inmersi\u00f3n en agua)   Dimensiones y Peso 4.5\u00d73.0\u00d716.3cm, 90g (Unidad principal solamente)","og_url":"https:\/\/abaa.mx\/tienda\/medidor-de-conductividad-de-bolsillo-dec-2\/","og_site_name":"Abaa tienda online","article_modified_time":"2023-11-02T17:59:21+00:00","og_image":[{"width":539,"height":363,"url":"https:\/\/abaa.mx\/tienda\/wp-content\/uploads\/2023\/11\/ATAGO-DEC-2.jpg","type":"image\/jpeg"}],"twitter_card":"summary_large_image","twitter_misc":{"Tiempo de lectura":"1 minuto"},"schema":{"@context":"https:\/\/schema.org","@graph":[{"@type":"WebPage","@id":"https:\/\/abaa.mx\/tienda\/medidor-de-conductividad-de-bolsillo-dec-2\/","url":"https:\/\/abaa.mx\/tienda\/medidor-de-conductividad-de-bolsillo-dec-2\/","name":"Medidor de conductividad de bolsillo - DEC-2 - Abaa tienda online","isPartOf":{"@id":"https:\/\/abaa.mx\/tienda\/#website"},"primaryImageOfPage":{"@id":"https:\/\/abaa.mx\/tienda\/medidor-de-conductividad-de-bolsillo-dec-2\/#primaryimage"},"image":{"@id":"https:\/\/abaa.mx\/tienda\/medidor-de-conductividad-de-bolsillo-dec-2\/#primaryimage"},"thumbnailUrl":"https:\/\/abaa.mx\/tienda\/wp-content\/uploads\/2023\/11\/ATAGO-DEC-2.jpg","datePublished":"2023-11-02T17:59:20+00:00","dateModified":"2023-11-02T17:59:21+00:00","breadcrumb":{"@id":"https:\/\/abaa.mx\/tienda\/medidor-de-conductividad-de-bolsillo-dec-2\/#breadcrumb"},"inLanguage":"es","potentialAction":[{"@type":"ReadAction","target":["https:\/\/abaa.mx\/tienda\/medidor-de-conductividad-de-bolsillo-dec-2\/"]}]},{"@type":"ImageObject","inLanguage":"es","@id":"https:\/\/abaa.mx\/tienda\/medidor-de-conductividad-de-bolsillo-dec-2\/#primaryimage","url":"https:\/\/abaa.mx\/tienda\/wp-content\/uploads\/2023\/11\/ATAGO-DEC-2.jpg","contentUrl":"https:\/\/abaa.mx\/tienda\/wp-content\/uploads\/2023\/11\/ATAGO-DEC-2.jpg","width":539,"height":363,"caption":"ATAGO-DEC-2"},{"@type":"BreadcrumbList","@id":"https:\/\/abaa.mx\/tienda\/medidor-de-conductividad-de-bolsillo-dec-2\/#breadcrumb","itemListElement":[{"@type":"ListItem","position":1,"name":"Inicio","item":"https:\/\/abaa.mx\/tienda\/"},{"@type":"ListItem","position":2,"name":"Tienda","item":"https:\/\/abaa.mx\/tienda\/"},{"@type":"ListItem","position":3,"name":"Medidor de conductividad de bolsillo &#8211; DEC-2"}]},{"@type":"WebSite","@id":"https:\/\/abaa.mx\/tienda\/#website","url":"https:\/\/abaa.mx\/tienda\/","name":"Abaa tienda online","description":"Instrumentos de medici\u00f3n","publisher":{"@id":"https:\/\/abaa.mx\/tienda\/#organization"},"potentialAction":[{"@type":"SearchAction","target":{"@type":"EntryPoint","urlTemplate":"https:\/\/abaa.mx\/tienda\/?s={search_term_string}"},"query-input":{"@type":"PropertyValueSpecification","valueRequired":true,"valueName":"search_term_string"}}],"inLanguage":"es"},{"@type":"Organization","@id":"https:\/\/abaa.mx\/tienda\/#organization","name":"Abaa tienda online","url":"https:\/\/abaa.mx\/tienda\/","logo":{"@type":"ImageObject","inLanguage":"es","@id":"https:\/\/abaa.mx\/tienda\/#\/schema\/logo\/image\/","url":"https:\/\/abaa.mx\/tienda\/wp-content\/uploads\/2024\/01\/abaa-metrologia-tienda.png","contentUrl":"https:\/\/abaa.mx\/tienda\/wp-content\/uploads\/2024\/01\/abaa-metrologia-tienda.png","width":300,"height":141,"caption":"Abaa tienda online"},"image":{"@id":"https:\/\/abaa.mx\/tienda\/#\/schema\/logo\/image\/"}}]}},"_links":{"self":[{"href":"https:\/\/abaa.mx\/tienda\/wp-json\/wp\/v2\/product\/8472","targetHints":{"allow":["GET"]}}],"collection":[{"href":"https:\/\/abaa.mx\/tienda\/wp-json\/wp\/v2\/product"}],"about":[{"href":"https:\/\/abaa.mx\/tienda\/wp-json\/wp\/v2\/types\/product"}],"replies":[{"embeddable":true,"href":"https:\/\/abaa.mx\/tienda\/wp-json\/wp\/v2\/comments?post=8472"}],"wp:featuredmedia":[{"embeddable":true,"href":"https:\/\/abaa.mx\/tienda\/wp-json\/wp\/v2\/media\/8473"}],"wp:attachment":[{"href":"https:\/\/abaa.mx\/tienda\/wp-json\/wp\/v2\/media?parent=8472"}],"wp:term":[{"taxonomy":"product_brand","embeddable":true,"href":"https:\/\/abaa.mx\/tienda\/wp-json\/wp\/v2\/product_brand?post=8472"},{"taxonomy":"product_cat","embeddable":true,"href":"https:\/\/abaa.mx\/tienda\/wp-json\/wp\/v2\/product_cat?post=8472"},{"taxonomy":"product_tag","embeddable":true,"href":"https:\/\/abaa.mx\/tienda\/wp-json\/wp\/v2\/product_tag?post=8472"}],"curies":[{"name":"wp","href":"https:\/\/api.w.org\/{rel}","templated":true}]}}