{"id":8467,"date":"2023-11-02T17:51:54","date_gmt":"2023-11-02T17:51:54","guid":{"rendered":"https:\/\/abaa.mx\/tienda\/?post_type=product&#038;p=8467"},"modified":"2025-08-08T18:10:58","modified_gmt":"2025-08-08T18:10:58","slug":"medidor-de-aislamiento-alto-voltaje-250-v-a-5-00-kv-10t-ohms-dc-hioki-ir3455-01","status":"publish","type":"product","link":"https:\/\/abaa.mx\/tienda\/medidor-de-aislamiento-alto-voltaje-250-v-a-5-00-kv-10t-ohms-dc-hioki-ir3455-01\/","title":{"rendered":"Medidor de Aislamiento Alto Voltaje 250 V a 5.00 kV 10T Ohms DC, Hioki &#8211; IR3455-01"},"content":{"rendered":"<p>Medidor de Aislamiento Alto Voltaje 250 V a 5.00 kV 10T Ohms DC, Hioki &#8211; IR3455-01.<\/p>\n","protected":false},"excerpt":{"rendered":"<p>Los probadores de resistencia de aislamiento Hioki o los megh\u00f3metros tienen dise\u00f1os todo en uno que incluyen fundas robustas incorporadas y compartimentos de almacenamiento de cables de prueba. El IR3455 es un comprobador de resistencia de aislamiento digital de 5 rangos, 250V a 5000V que da hasta 10T? de prueba de resistencia aislada. Las caracter\u00edsticas de alto desempe\u00f1o incluyen gr\u00e1fico de barras, memoria incorporada, prueba de corriente y voltaje de fuga, y capacidades de c\u00e1lculo de DAR y PI para contribuir a acortar el tiempo de trabajo asociado con las pruebas de aislamiento de campo. Peculiaridades primordiales : Mida el aislamiento de equipos de prominente voltaje (como transformadores, cables y motores) Amplio rango de tensi\u00f3n de prueba, hasta 5,00 kV desde 250 V CC Amplio rango de aislamiento de medici\u00f3n, hasta diez T? PI (\u00edndice de polarizaci\u00f3n) y DAR (\u00edndice de absorci\u00f3n diel\u00e9ctrica) calculados \/ visualizados de forma autom\u00e1tica Funci\u00f3n de memoria de datos para achicar notas manuscritas Escala radiante LED brillante Rango de temperatura de funcionamiento extendido de -diez? a 50?<\/p>\n","protected":false},"featured_media":8468,"comment_status":"open","ping_status":"closed","template":"","meta":{"_joinchat":[]},"product_brand":[],"product_cat":[106],"product_tag":[],"class_list":{"0":"post-8467","1":"product","2":"type-product","3":"status-publish","4":"has-post-thumbnail","6":"product_cat-medidor-de-aislamiento","8":"first","9":"instock","10":"shipping-taxable","11":"product-type-simple"},"yoast_head":"<!-- This site is optimized with the Yoast SEO plugin v26.4 - https:\/\/yoast.com\/wordpress\/plugins\/seo\/ -->\n<title>Medidor de Aislamiento Alto Voltaje 250 V a 5.00 kV 10T Ohms DC, Hioki - IR3455-01 - Abaa tienda online<\/title>\n<meta name=\"robots\" content=\"index, follow, max-snippet:-1, max-image-preview:large, max-video-preview:-1\" \/>\n<link rel=\"canonical\" href=\"https:\/\/abaa.mx\/tienda\/medidor-de-aislamiento-alto-voltaje-250-v-a-5-00-kv-10t-ohms-dc-hioki-ir3455-01\/\" \/>\n<meta property=\"og:locale\" content=\"es_MX\" \/>\n<meta property=\"og:type\" content=\"article\" \/>\n<meta property=\"og:title\" content=\"Medidor de Aislamiento Alto Voltaje 250 V a 5.00 kV 10T Ohms DC, Hioki - IR3455-01 - Abaa tienda online\" \/>\n<meta property=\"og:description\" content=\"Los probadores de resistencia de aislamiento Hioki o los megh\u00f3metros tienen dise\u00f1os todo en uno que incluyen fundas robustas incorporadas y compartimentos de almacenamiento de cables de prueba. El IR3455 es un comprobador de resistencia de aislamiento digital de 5 rangos, 250V a 5000V que da hasta 10T? de prueba de resistencia aislada. Las caracter\u00edsticas de alto desempe\u00f1o incluyen gr\u00e1fico de barras, memoria incorporada, prueba de corriente y voltaje de fuga, y capacidades de c\u00e1lculo de DAR y PI para contribuir a acortar el tiempo de trabajo asociado con las pruebas de aislamiento de campo. Peculiaridades primordiales : Mida el aislamiento de equipos de prominente voltaje (como transformadores, cables y motores) Amplio rango de tensi\u00f3n de prueba, hasta 5,00 kV desde 250 V CC Amplio rango de aislamiento de medici\u00f3n, hasta diez T? PI (\u00edndice de polarizaci\u00f3n) y DAR (\u00edndice de absorci\u00f3n diel\u00e9ctrica) calculados \/ visualizados de forma autom\u00e1tica Funci\u00f3n de memoria de datos para achicar notas manuscritas Escala radiante LED brillante Rango de temperatura de funcionamiento extendido de -diez? a 50?\" \/>\n<meta property=\"og:url\" content=\"https:\/\/abaa.mx\/tienda\/medidor-de-aislamiento-alto-voltaje-250-v-a-5-00-kv-10t-ohms-dc-hioki-ir3455-01\/\" \/>\n<meta property=\"og:site_name\" content=\"Abaa tienda online\" \/>\n<meta property=\"article:modified_time\" content=\"2025-08-08T18:10:58+00:00\" \/>\n<meta property=\"og:image\" content=\"https:\/\/abaa.mx\/tienda\/wp-content\/uploads\/2023\/11\/HIOKI-IR3455-01.jpg\" \/>\n\t<meta property=\"og:image:width\" content=\"511\" \/>\n\t<meta property=\"og:image:height\" content=\"475\" \/>\n\t<meta property=\"og:image:type\" content=\"image\/jpeg\" \/>\n<meta name=\"twitter:card\" content=\"summary_large_image\" \/>\n<meta name=\"twitter:label1\" content=\"Tiempo de lectura\" \/>\n\t<meta name=\"twitter:data1\" content=\"1 minuto\" \/>\n<script type=\"application\/ld+json\" class=\"yoast-schema-graph\">{\"@context\":\"https:\/\/schema.org\",\"@graph\":[{\"@type\":\"WebPage\",\"@id\":\"https:\/\/abaa.mx\/tienda\/medidor-de-aislamiento-alto-voltaje-250-v-a-5-00-kv-10t-ohms-dc-hioki-ir3455-01\/\",\"url\":\"https:\/\/abaa.mx\/tienda\/medidor-de-aislamiento-alto-voltaje-250-v-a-5-00-kv-10t-ohms-dc-hioki-ir3455-01\/\",\"name\":\"Medidor de Aislamiento Alto Voltaje 250 V a 5.00 kV 10T Ohms DC, Hioki - IR3455-01 - Abaa tienda online\",\"isPartOf\":{\"@id\":\"https:\/\/abaa.mx\/tienda\/#website\"},\"primaryImageOfPage\":{\"@id\":\"https:\/\/abaa.mx\/tienda\/medidor-de-aislamiento-alto-voltaje-250-v-a-5-00-kv-10t-ohms-dc-hioki-ir3455-01\/#primaryimage\"},\"image\":{\"@id\":\"https:\/\/abaa.mx\/tienda\/medidor-de-aislamiento-alto-voltaje-250-v-a-5-00-kv-10t-ohms-dc-hioki-ir3455-01\/#primaryimage\"},\"thumbnailUrl\":\"https:\/\/abaa.mx\/tienda\/wp-content\/uploads\/2023\/11\/HIOKI-IR3455-01.jpg\",\"datePublished\":\"2023-11-02T17:51:54+00:00\",\"dateModified\":\"2025-08-08T18:10:58+00:00\",\"breadcrumb\":{\"@id\":\"https:\/\/abaa.mx\/tienda\/medidor-de-aislamiento-alto-voltaje-250-v-a-5-00-kv-10t-ohms-dc-hioki-ir3455-01\/#breadcrumb\"},\"inLanguage\":\"es\",\"potentialAction\":[{\"@type\":\"ReadAction\",\"target\":[\"https:\/\/abaa.mx\/tienda\/medidor-de-aislamiento-alto-voltaje-250-v-a-5-00-kv-10t-ohms-dc-hioki-ir3455-01\/\"]}]},{\"@type\":\"ImageObject\",\"inLanguage\":\"es\",\"@id\":\"https:\/\/abaa.mx\/tienda\/medidor-de-aislamiento-alto-voltaje-250-v-a-5-00-kv-10t-ohms-dc-hioki-ir3455-01\/#primaryimage\",\"url\":\"https:\/\/abaa.mx\/tienda\/wp-content\/uploads\/2023\/11\/HIOKI-IR3455-01.jpg\",\"contentUrl\":\"https:\/\/abaa.mx\/tienda\/wp-content\/uploads\/2023\/11\/HIOKI-IR3455-01.jpg\",\"width\":511,\"height\":475,\"caption\":\"HIOKI-IR3455-01\"},{\"@type\":\"BreadcrumbList\",\"@id\":\"https:\/\/abaa.mx\/tienda\/medidor-de-aislamiento-alto-voltaje-250-v-a-5-00-kv-10t-ohms-dc-hioki-ir3455-01\/#breadcrumb\",\"itemListElement\":[{\"@type\":\"ListItem\",\"position\":1,\"name\":\"Inicio\",\"item\":\"https:\/\/abaa.mx\/tienda\/\"},{\"@type\":\"ListItem\",\"position\":2,\"name\":\"Tienda\",\"item\":\"https:\/\/abaa.mx\/tienda\/\"},{\"@type\":\"ListItem\",\"position\":3,\"name\":\"Medidor de Aislamiento Alto Voltaje 250 V a 5.00 kV 10T Ohms DC, Hioki &#8211; IR3455-01\"}]},{\"@type\":\"WebSite\",\"@id\":\"https:\/\/abaa.mx\/tienda\/#website\",\"url\":\"https:\/\/abaa.mx\/tienda\/\",\"name\":\"Abaa tienda online\",\"description\":\"Instrumentos de medici\u00f3n\",\"publisher\":{\"@id\":\"https:\/\/abaa.mx\/tienda\/#organization\"},\"potentialAction\":[{\"@type\":\"SearchAction\",\"target\":{\"@type\":\"EntryPoint\",\"urlTemplate\":\"https:\/\/abaa.mx\/tienda\/?s={search_term_string}\"},\"query-input\":{\"@type\":\"PropertyValueSpecification\",\"valueRequired\":true,\"valueName\":\"search_term_string\"}}],\"inLanguage\":\"es\"},{\"@type\":\"Organization\",\"@id\":\"https:\/\/abaa.mx\/tienda\/#organization\",\"name\":\"Abaa tienda online\",\"url\":\"https:\/\/abaa.mx\/tienda\/\",\"logo\":{\"@type\":\"ImageObject\",\"inLanguage\":\"es\",\"@id\":\"https:\/\/abaa.mx\/tienda\/#\/schema\/logo\/image\/\",\"url\":\"https:\/\/abaa.mx\/tienda\/wp-content\/uploads\/2024\/01\/abaa-metrologia-tienda.png\",\"contentUrl\":\"https:\/\/abaa.mx\/tienda\/wp-content\/uploads\/2024\/01\/abaa-metrologia-tienda.png\",\"width\":300,\"height\":141,\"caption\":\"Abaa tienda online\"},\"image\":{\"@id\":\"https:\/\/abaa.mx\/tienda\/#\/schema\/logo\/image\/\"}}]}<\/script>\n<!-- \/ Yoast SEO plugin. -->","yoast_head_json":{"title":"Medidor de Aislamiento Alto Voltaje 250 V a 5.00 kV 10T Ohms DC, Hioki - IR3455-01 - Abaa tienda online","robots":{"index":"index","follow":"follow","max-snippet":"max-snippet:-1","max-image-preview":"max-image-preview:large","max-video-preview":"max-video-preview:-1"},"canonical":"https:\/\/abaa.mx\/tienda\/medidor-de-aislamiento-alto-voltaje-250-v-a-5-00-kv-10t-ohms-dc-hioki-ir3455-01\/","og_locale":"es_MX","og_type":"article","og_title":"Medidor de Aislamiento Alto Voltaje 250 V a 5.00 kV 10T Ohms DC, Hioki - IR3455-01 - Abaa tienda online","og_description":"Los probadores de resistencia de aislamiento Hioki o los megh\u00f3metros tienen dise\u00f1os todo en uno que incluyen fundas robustas incorporadas y compartimentos de almacenamiento de cables de prueba. El IR3455 es un comprobador de resistencia de aislamiento digital de 5 rangos, 250V a 5000V que da hasta 10T? de prueba de resistencia aislada. Las caracter\u00edsticas de alto desempe\u00f1o incluyen gr\u00e1fico de barras, memoria incorporada, prueba de corriente y voltaje de fuga, y capacidades de c\u00e1lculo de DAR y PI para contribuir a acortar el tiempo de trabajo asociado con las pruebas de aislamiento de campo. Peculiaridades primordiales : Mida el aislamiento de equipos de prominente voltaje (como transformadores, cables y motores) Amplio rango de tensi\u00f3n de prueba, hasta 5,00 kV desde 250 V CC Amplio rango de aislamiento de medici\u00f3n, hasta diez T? PI (\u00edndice de polarizaci\u00f3n) y DAR (\u00edndice de absorci\u00f3n diel\u00e9ctrica) calculados \/ visualizados de forma autom\u00e1tica Funci\u00f3n de memoria de datos para achicar notas manuscritas Escala radiante LED brillante Rango de temperatura de funcionamiento extendido de -diez? a 50?","og_url":"https:\/\/abaa.mx\/tienda\/medidor-de-aislamiento-alto-voltaje-250-v-a-5-00-kv-10t-ohms-dc-hioki-ir3455-01\/","og_site_name":"Abaa tienda online","article_modified_time":"2025-08-08T18:10:58+00:00","og_image":[{"width":511,"height":475,"url":"https:\/\/abaa.mx\/tienda\/wp-content\/uploads\/2023\/11\/HIOKI-IR3455-01.jpg","type":"image\/jpeg"}],"twitter_card":"summary_large_image","twitter_misc":{"Tiempo de lectura":"1 minuto"},"schema":{"@context":"https:\/\/schema.org","@graph":[{"@type":"WebPage","@id":"https:\/\/abaa.mx\/tienda\/medidor-de-aislamiento-alto-voltaje-250-v-a-5-00-kv-10t-ohms-dc-hioki-ir3455-01\/","url":"https:\/\/abaa.mx\/tienda\/medidor-de-aislamiento-alto-voltaje-250-v-a-5-00-kv-10t-ohms-dc-hioki-ir3455-01\/","name":"Medidor de Aislamiento Alto Voltaje 250 V a 5.00 kV 10T Ohms DC, Hioki - IR3455-01 - Abaa tienda online","isPartOf":{"@id":"https:\/\/abaa.mx\/tienda\/#website"},"primaryImageOfPage":{"@id":"https:\/\/abaa.mx\/tienda\/medidor-de-aislamiento-alto-voltaje-250-v-a-5-00-kv-10t-ohms-dc-hioki-ir3455-01\/#primaryimage"},"image":{"@id":"https:\/\/abaa.mx\/tienda\/medidor-de-aislamiento-alto-voltaje-250-v-a-5-00-kv-10t-ohms-dc-hioki-ir3455-01\/#primaryimage"},"thumbnailUrl":"https:\/\/abaa.mx\/tienda\/wp-content\/uploads\/2023\/11\/HIOKI-IR3455-01.jpg","datePublished":"2023-11-02T17:51:54+00:00","dateModified":"2025-08-08T18:10:58+00:00","breadcrumb":{"@id":"https:\/\/abaa.mx\/tienda\/medidor-de-aislamiento-alto-voltaje-250-v-a-5-00-kv-10t-ohms-dc-hioki-ir3455-01\/#breadcrumb"},"inLanguage":"es","potentialAction":[{"@type":"ReadAction","target":["https:\/\/abaa.mx\/tienda\/medidor-de-aislamiento-alto-voltaje-250-v-a-5-00-kv-10t-ohms-dc-hioki-ir3455-01\/"]}]},{"@type":"ImageObject","inLanguage":"es","@id":"https:\/\/abaa.mx\/tienda\/medidor-de-aislamiento-alto-voltaje-250-v-a-5-00-kv-10t-ohms-dc-hioki-ir3455-01\/#primaryimage","url":"https:\/\/abaa.mx\/tienda\/wp-content\/uploads\/2023\/11\/HIOKI-IR3455-01.jpg","contentUrl":"https:\/\/abaa.mx\/tienda\/wp-content\/uploads\/2023\/11\/HIOKI-IR3455-01.jpg","width":511,"height":475,"caption":"HIOKI-IR3455-01"},{"@type":"BreadcrumbList","@id":"https:\/\/abaa.mx\/tienda\/medidor-de-aislamiento-alto-voltaje-250-v-a-5-00-kv-10t-ohms-dc-hioki-ir3455-01\/#breadcrumb","itemListElement":[{"@type":"ListItem","position":1,"name":"Inicio","item":"https:\/\/abaa.mx\/tienda\/"},{"@type":"ListItem","position":2,"name":"Tienda","item":"https:\/\/abaa.mx\/tienda\/"},{"@type":"ListItem","position":3,"name":"Medidor de Aislamiento Alto Voltaje 250 V a 5.00 kV 10T Ohms DC, Hioki &#8211; IR3455-01"}]},{"@type":"WebSite","@id":"https:\/\/abaa.mx\/tienda\/#website","url":"https:\/\/abaa.mx\/tienda\/","name":"Abaa tienda online","description":"Instrumentos de medici\u00f3n","publisher":{"@id":"https:\/\/abaa.mx\/tienda\/#organization"},"potentialAction":[{"@type":"SearchAction","target":{"@type":"EntryPoint","urlTemplate":"https:\/\/abaa.mx\/tienda\/?s={search_term_string}"},"query-input":{"@type":"PropertyValueSpecification","valueRequired":true,"valueName":"search_term_string"}}],"inLanguage":"es"},{"@type":"Organization","@id":"https:\/\/abaa.mx\/tienda\/#organization","name":"Abaa tienda online","url":"https:\/\/abaa.mx\/tienda\/","logo":{"@type":"ImageObject","inLanguage":"es","@id":"https:\/\/abaa.mx\/tienda\/#\/schema\/logo\/image\/","url":"https:\/\/abaa.mx\/tienda\/wp-content\/uploads\/2024\/01\/abaa-metrologia-tienda.png","contentUrl":"https:\/\/abaa.mx\/tienda\/wp-content\/uploads\/2024\/01\/abaa-metrologia-tienda.png","width":300,"height":141,"caption":"Abaa tienda online"},"image":{"@id":"https:\/\/abaa.mx\/tienda\/#\/schema\/logo\/image\/"}}]}},"_links":{"self":[{"href":"https:\/\/abaa.mx\/tienda\/wp-json\/wp\/v2\/product\/8467","targetHints":{"allow":["GET"]}}],"collection":[{"href":"https:\/\/abaa.mx\/tienda\/wp-json\/wp\/v2\/product"}],"about":[{"href":"https:\/\/abaa.mx\/tienda\/wp-json\/wp\/v2\/types\/product"}],"replies":[{"embeddable":true,"href":"https:\/\/abaa.mx\/tienda\/wp-json\/wp\/v2\/comments?post=8467"}],"wp:featuredmedia":[{"embeddable":true,"href":"https:\/\/abaa.mx\/tienda\/wp-json\/wp\/v2\/media\/8468"}],"wp:attachment":[{"href":"https:\/\/abaa.mx\/tienda\/wp-json\/wp\/v2\/media?parent=8467"}],"wp:term":[{"taxonomy":"product_brand","embeddable":true,"href":"https:\/\/abaa.mx\/tienda\/wp-json\/wp\/v2\/product_brand?post=8467"},{"taxonomy":"product_cat","embeddable":true,"href":"https:\/\/abaa.mx\/tienda\/wp-json\/wp\/v2\/product_cat?post=8467"},{"taxonomy":"product_tag","embeddable":true,"href":"https:\/\/abaa.mx\/tienda\/wp-json\/wp\/v2\/product_tag?post=8467"}],"curies":[{"name":"wp","href":"https:\/\/api.w.org\/{rel}","templated":true}]}}