{"id":8463,"date":"2023-11-02T17:46:58","date_gmt":"2023-11-02T17:46:58","guid":{"rendered":"https:\/\/abaa.mx\/tienda\/?post_type=product&#038;p=8463"},"modified":"2023-11-02T17:46:59","modified_gmt":"2023-11-02T17:46:59","slug":"medidor-de-aislamiento-digital-de-5-rangos-1000v-4g-ohms-ir4057-20","status":"publish","type":"product","link":"https:\/\/abaa.mx\/tienda\/medidor-de-aislamiento-digital-de-5-rangos-1000v-4g-ohms-ir4057-20\/","title":{"rendered":"Medidor de Aislamiento Digital de 5 rangos, 1000V 4G Ohms &#8211; IR4057-20"},"content":{"rendered":"<p>Medidor de Aislamiento Digital de 5 rangos, 1000V 4G Ohms &#8211; IR4057-20<\/p>\n","protected":false},"excerpt":{"rendered":"<p>Los comprobadores de aislamiento o meg\u00f3hmetros de Hioki tiene dise\u00f1os todo en uno que incluyen fundas robustas incorporadas y compartimentos de almacenaje de plomo de prueba. El IR4057 es una resistencia de aislamiento digital de 5 rangos, 50V a 1000V con gr\u00e1fico de barras, y da funciones y peculiaridades eficientes para contribuir a acortar el tiempo de trabajo asociado con las pruebas de aislamiento de campo. CAT III 600 V.<\/p>\n<p><b>Caracter\u00edsticas principales:<\/b><\/p>\n<ul>\n<li>Medidor de voltaje AC \/ DC incorporado, \u00fatil para sistemas de generaci\u00f3n de energ\u00eda solar y veh\u00edculos el\u00e9ctricos<\/li>\n<li>Comprobaci\u00f3n de continuidad a trav\u00e9s de pruebas de 200 mA<\/li>\n<li>Lecturas digitales estables y de alta velocidad, 0.3 segundos de tiempo de respuesta para las decisiones PASS \/ FAIL<\/li>\n<li>Voltaje de prueba de 5 rangos de 50 V \/ 100 M? a 1000 V \/ 4000 M?<\/li>\n<li>LED brillante, LCD luminosa, cable de prueba con l\u00e1mpara LED brillante para iluminar cerca de la mano (Opci\u00f3n L9788-11 o L9788-10)<\/li>\n<li>Gr\u00e1fico de barras digital<\/li>\n<li>Prueba de ca\u00edda sobre hormig\u00f3n desde 1 m (3,28 pies)<\/li>\n<\/ul>\n","protected":false},"featured_media":8464,"comment_status":"open","ping_status":"closed","template":"","meta":{"_joinchat":[]},"product_brand":[],"product_cat":[106],"product_tag":[],"class_list":{"0":"post-8463","1":"product","2":"type-product","3":"status-publish","4":"has-post-thumbnail","6":"product_cat-medidor-de-aislamiento","8":"first","9":"instock","10":"shipping-taxable","11":"product-type-simple"},"yoast_head":"<!-- This site is optimized with the Yoast SEO plugin v26.4 - https:\/\/yoast.com\/wordpress\/plugins\/seo\/ -->\n<title>Medidor de Aislamiento Digital de 5 rangos, 1000V 4G Ohms - IR4057-20 - Abaa tienda online<\/title>\n<meta name=\"robots\" content=\"index, follow, max-snippet:-1, max-image-preview:large, max-video-preview:-1\" \/>\n<link rel=\"canonical\" href=\"https:\/\/abaa.mx\/tienda\/medidor-de-aislamiento-digital-de-5-rangos-1000v-4g-ohms-ir4057-20\/\" \/>\n<meta property=\"og:locale\" content=\"es_MX\" \/>\n<meta property=\"og:type\" content=\"article\" \/>\n<meta property=\"og:title\" content=\"Medidor de Aislamiento Digital de 5 rangos, 1000V 4G Ohms - IR4057-20 - Abaa tienda online\" \/>\n<meta property=\"og:description\" content=\"Los comprobadores de aislamiento o meg\u00f3hmetros de Hioki tiene dise\u00f1os todo en uno que incluyen fundas robustas incorporadas y compartimentos de almacenaje de plomo de prueba. El IR4057 es una resistencia de aislamiento digital de 5 rangos, 50V a 1000V con gr\u00e1fico de barras, y da funciones y peculiaridades eficientes para contribuir a acortar el tiempo de trabajo asociado con las pruebas de aislamiento de campo. CAT III 600 V.  Caracter\u00edsticas principales:   Medidor de voltaje AC \/ DC incorporado, \u00fatil para sistemas de generaci\u00f3n de energ\u00eda solar y veh\u00edculos el\u00e9ctricos  Comprobaci\u00f3n de continuidad a trav\u00e9s de pruebas de 200 mA  Lecturas digitales estables y de alta velocidad, 0.3 segundos de tiempo de respuesta para las decisiones PASS \/ FAIL  Voltaje de prueba de 5 rangos de 50 V \/ 100 M? a 1000 V \/ 4000 M?  LED brillante, LCD luminosa, cable de prueba con l\u00e1mpara LED brillante para iluminar cerca de la mano (Opci\u00f3n L9788-11 o L9788-10)  Gr\u00e1fico de barras digital  Prueba de ca\u00edda sobre hormig\u00f3n desde 1 m (3,28 pies)\" \/>\n<meta property=\"og:url\" content=\"https:\/\/abaa.mx\/tienda\/medidor-de-aislamiento-digital-de-5-rangos-1000v-4g-ohms-ir4057-20\/\" \/>\n<meta property=\"og:site_name\" content=\"Abaa tienda online\" \/>\n<meta property=\"article:modified_time\" content=\"2023-11-02T17:46:59+00:00\" \/>\n<meta property=\"og:image\" content=\"https:\/\/abaa.mx\/tienda\/wp-content\/uploads\/2023\/11\/HIOKI-IR4057-20.jpg\" \/>\n\t<meta property=\"og:image:width\" content=\"467\" \/>\n\t<meta property=\"og:image:height\" content=\"383\" \/>\n\t<meta property=\"og:image:type\" content=\"image\/jpeg\" \/>\n<meta name=\"twitter:card\" content=\"summary_large_image\" \/>\n<meta name=\"twitter:label1\" content=\"Tiempo de lectura\" \/>\n\t<meta name=\"twitter:data1\" content=\"1 minuto\" \/>\n<script type=\"application\/ld+json\" class=\"yoast-schema-graph\">{\"@context\":\"https:\/\/schema.org\",\"@graph\":[{\"@type\":\"WebPage\",\"@id\":\"https:\/\/abaa.mx\/tienda\/medidor-de-aislamiento-digital-de-5-rangos-1000v-4g-ohms-ir4057-20\/\",\"url\":\"https:\/\/abaa.mx\/tienda\/medidor-de-aislamiento-digital-de-5-rangos-1000v-4g-ohms-ir4057-20\/\",\"name\":\"Medidor de Aislamiento Digital de 5 rangos, 1000V 4G Ohms - IR4057-20 - Abaa tienda online\",\"isPartOf\":{\"@id\":\"https:\/\/abaa.mx\/tienda\/#website\"},\"primaryImageOfPage\":{\"@id\":\"https:\/\/abaa.mx\/tienda\/medidor-de-aislamiento-digital-de-5-rangos-1000v-4g-ohms-ir4057-20\/#primaryimage\"},\"image\":{\"@id\":\"https:\/\/abaa.mx\/tienda\/medidor-de-aislamiento-digital-de-5-rangos-1000v-4g-ohms-ir4057-20\/#primaryimage\"},\"thumbnailUrl\":\"https:\/\/abaa.mx\/tienda\/wp-content\/uploads\/2023\/11\/HIOKI-IR4057-20.jpg\",\"datePublished\":\"2023-11-02T17:46:58+00:00\",\"dateModified\":\"2023-11-02T17:46:59+00:00\",\"breadcrumb\":{\"@id\":\"https:\/\/abaa.mx\/tienda\/medidor-de-aislamiento-digital-de-5-rangos-1000v-4g-ohms-ir4057-20\/#breadcrumb\"},\"inLanguage\":\"es\",\"potentialAction\":[{\"@type\":\"ReadAction\",\"target\":[\"https:\/\/abaa.mx\/tienda\/medidor-de-aislamiento-digital-de-5-rangos-1000v-4g-ohms-ir4057-20\/\"]}]},{\"@type\":\"ImageObject\",\"inLanguage\":\"es\",\"@id\":\"https:\/\/abaa.mx\/tienda\/medidor-de-aislamiento-digital-de-5-rangos-1000v-4g-ohms-ir4057-20\/#primaryimage\",\"url\":\"https:\/\/abaa.mx\/tienda\/wp-content\/uploads\/2023\/11\/HIOKI-IR4057-20.jpg\",\"contentUrl\":\"https:\/\/abaa.mx\/tienda\/wp-content\/uploads\/2023\/11\/HIOKI-IR4057-20.jpg\",\"width\":467,\"height\":383,\"caption\":\"HIOKI-IR4057-20\"},{\"@type\":\"BreadcrumbList\",\"@id\":\"https:\/\/abaa.mx\/tienda\/medidor-de-aislamiento-digital-de-5-rangos-1000v-4g-ohms-ir4057-20\/#breadcrumb\",\"itemListElement\":[{\"@type\":\"ListItem\",\"position\":1,\"name\":\"Inicio\",\"item\":\"https:\/\/abaa.mx\/tienda\/\"},{\"@type\":\"ListItem\",\"position\":2,\"name\":\"Tienda\",\"item\":\"https:\/\/abaa.mx\/tienda\/\"},{\"@type\":\"ListItem\",\"position\":3,\"name\":\"Medidor de Aislamiento Digital de 5 rangos, 1000V 4G Ohms &#8211; IR4057-20\"}]},{\"@type\":\"WebSite\",\"@id\":\"https:\/\/abaa.mx\/tienda\/#website\",\"url\":\"https:\/\/abaa.mx\/tienda\/\",\"name\":\"Abaa tienda online\",\"description\":\"Instrumentos de medici\u00f3n\",\"publisher\":{\"@id\":\"https:\/\/abaa.mx\/tienda\/#organization\"},\"potentialAction\":[{\"@type\":\"SearchAction\",\"target\":{\"@type\":\"EntryPoint\",\"urlTemplate\":\"https:\/\/abaa.mx\/tienda\/?s={search_term_string}\"},\"query-input\":{\"@type\":\"PropertyValueSpecification\",\"valueRequired\":true,\"valueName\":\"search_term_string\"}}],\"inLanguage\":\"es\"},{\"@type\":\"Organization\",\"@id\":\"https:\/\/abaa.mx\/tienda\/#organization\",\"name\":\"Abaa tienda online\",\"url\":\"https:\/\/abaa.mx\/tienda\/\",\"logo\":{\"@type\":\"ImageObject\",\"inLanguage\":\"es\",\"@id\":\"https:\/\/abaa.mx\/tienda\/#\/schema\/logo\/image\/\",\"url\":\"https:\/\/abaa.mx\/tienda\/wp-content\/uploads\/2024\/01\/abaa-metrologia-tienda.png\",\"contentUrl\":\"https:\/\/abaa.mx\/tienda\/wp-content\/uploads\/2024\/01\/abaa-metrologia-tienda.png\",\"width\":300,\"height\":141,\"caption\":\"Abaa tienda online\"},\"image\":{\"@id\":\"https:\/\/abaa.mx\/tienda\/#\/schema\/logo\/image\/\"}}]}<\/script>\n<!-- \/ Yoast SEO plugin. -->","yoast_head_json":{"title":"Medidor de Aislamiento Digital de 5 rangos, 1000V 4G Ohms - IR4057-20 - Abaa tienda online","robots":{"index":"index","follow":"follow","max-snippet":"max-snippet:-1","max-image-preview":"max-image-preview:large","max-video-preview":"max-video-preview:-1"},"canonical":"https:\/\/abaa.mx\/tienda\/medidor-de-aislamiento-digital-de-5-rangos-1000v-4g-ohms-ir4057-20\/","og_locale":"es_MX","og_type":"article","og_title":"Medidor de Aislamiento Digital de 5 rangos, 1000V 4G Ohms - IR4057-20 - Abaa tienda online","og_description":"Los comprobadores de aislamiento o meg\u00f3hmetros de Hioki tiene dise\u00f1os todo en uno que incluyen fundas robustas incorporadas y compartimentos de almacenaje de plomo de prueba. El IR4057 es una resistencia de aislamiento digital de 5 rangos, 50V a 1000V con gr\u00e1fico de barras, y da funciones y peculiaridades eficientes para contribuir a acortar el tiempo de trabajo asociado con las pruebas de aislamiento de campo. CAT III 600 V.  Caracter\u00edsticas principales:   Medidor de voltaje AC \/ DC incorporado, \u00fatil para sistemas de generaci\u00f3n de energ\u00eda solar y veh\u00edculos el\u00e9ctricos  Comprobaci\u00f3n de continuidad a trav\u00e9s de pruebas de 200 mA  Lecturas digitales estables y de alta velocidad, 0.3 segundos de tiempo de respuesta para las decisiones PASS \/ FAIL  Voltaje de prueba de 5 rangos de 50 V \/ 100 M? a 1000 V \/ 4000 M?  LED brillante, LCD luminosa, cable de prueba con l\u00e1mpara LED brillante para iluminar cerca de la mano (Opci\u00f3n L9788-11 o L9788-10)  Gr\u00e1fico de barras digital  Prueba de ca\u00edda sobre hormig\u00f3n desde 1 m (3,28 pies)","og_url":"https:\/\/abaa.mx\/tienda\/medidor-de-aislamiento-digital-de-5-rangos-1000v-4g-ohms-ir4057-20\/","og_site_name":"Abaa tienda online","article_modified_time":"2023-11-02T17:46:59+00:00","og_image":[{"width":467,"height":383,"url":"https:\/\/abaa.mx\/tienda\/wp-content\/uploads\/2023\/11\/HIOKI-IR4057-20.jpg","type":"image\/jpeg"}],"twitter_card":"summary_large_image","twitter_misc":{"Tiempo de lectura":"1 minuto"},"schema":{"@context":"https:\/\/schema.org","@graph":[{"@type":"WebPage","@id":"https:\/\/abaa.mx\/tienda\/medidor-de-aislamiento-digital-de-5-rangos-1000v-4g-ohms-ir4057-20\/","url":"https:\/\/abaa.mx\/tienda\/medidor-de-aislamiento-digital-de-5-rangos-1000v-4g-ohms-ir4057-20\/","name":"Medidor de Aislamiento Digital de 5 rangos, 1000V 4G Ohms - IR4057-20 - Abaa tienda online","isPartOf":{"@id":"https:\/\/abaa.mx\/tienda\/#website"},"primaryImageOfPage":{"@id":"https:\/\/abaa.mx\/tienda\/medidor-de-aislamiento-digital-de-5-rangos-1000v-4g-ohms-ir4057-20\/#primaryimage"},"image":{"@id":"https:\/\/abaa.mx\/tienda\/medidor-de-aislamiento-digital-de-5-rangos-1000v-4g-ohms-ir4057-20\/#primaryimage"},"thumbnailUrl":"https:\/\/abaa.mx\/tienda\/wp-content\/uploads\/2023\/11\/HIOKI-IR4057-20.jpg","datePublished":"2023-11-02T17:46:58+00:00","dateModified":"2023-11-02T17:46:59+00:00","breadcrumb":{"@id":"https:\/\/abaa.mx\/tienda\/medidor-de-aislamiento-digital-de-5-rangos-1000v-4g-ohms-ir4057-20\/#breadcrumb"},"inLanguage":"es","potentialAction":[{"@type":"ReadAction","target":["https:\/\/abaa.mx\/tienda\/medidor-de-aislamiento-digital-de-5-rangos-1000v-4g-ohms-ir4057-20\/"]}]},{"@type":"ImageObject","inLanguage":"es","@id":"https:\/\/abaa.mx\/tienda\/medidor-de-aislamiento-digital-de-5-rangos-1000v-4g-ohms-ir4057-20\/#primaryimage","url":"https:\/\/abaa.mx\/tienda\/wp-content\/uploads\/2023\/11\/HIOKI-IR4057-20.jpg","contentUrl":"https:\/\/abaa.mx\/tienda\/wp-content\/uploads\/2023\/11\/HIOKI-IR4057-20.jpg","width":467,"height":383,"caption":"HIOKI-IR4057-20"},{"@type":"BreadcrumbList","@id":"https:\/\/abaa.mx\/tienda\/medidor-de-aislamiento-digital-de-5-rangos-1000v-4g-ohms-ir4057-20\/#breadcrumb","itemListElement":[{"@type":"ListItem","position":1,"name":"Inicio","item":"https:\/\/abaa.mx\/tienda\/"},{"@type":"ListItem","position":2,"name":"Tienda","item":"https:\/\/abaa.mx\/tienda\/"},{"@type":"ListItem","position":3,"name":"Medidor de Aislamiento Digital de 5 rangos, 1000V 4G Ohms &#8211; IR4057-20"}]},{"@type":"WebSite","@id":"https:\/\/abaa.mx\/tienda\/#website","url":"https:\/\/abaa.mx\/tienda\/","name":"Abaa tienda online","description":"Instrumentos de medici\u00f3n","publisher":{"@id":"https:\/\/abaa.mx\/tienda\/#organization"},"potentialAction":[{"@type":"SearchAction","target":{"@type":"EntryPoint","urlTemplate":"https:\/\/abaa.mx\/tienda\/?s={search_term_string}"},"query-input":{"@type":"PropertyValueSpecification","valueRequired":true,"valueName":"search_term_string"}}],"inLanguage":"es"},{"@type":"Organization","@id":"https:\/\/abaa.mx\/tienda\/#organization","name":"Abaa tienda online","url":"https:\/\/abaa.mx\/tienda\/","logo":{"@type":"ImageObject","inLanguage":"es","@id":"https:\/\/abaa.mx\/tienda\/#\/schema\/logo\/image\/","url":"https:\/\/abaa.mx\/tienda\/wp-content\/uploads\/2024\/01\/abaa-metrologia-tienda.png","contentUrl":"https:\/\/abaa.mx\/tienda\/wp-content\/uploads\/2024\/01\/abaa-metrologia-tienda.png","width":300,"height":141,"caption":"Abaa tienda online"},"image":{"@id":"https:\/\/abaa.mx\/tienda\/#\/schema\/logo\/image\/"}}]}},"_links":{"self":[{"href":"https:\/\/abaa.mx\/tienda\/wp-json\/wp\/v2\/product\/8463","targetHints":{"allow":["GET"]}}],"collection":[{"href":"https:\/\/abaa.mx\/tienda\/wp-json\/wp\/v2\/product"}],"about":[{"href":"https:\/\/abaa.mx\/tienda\/wp-json\/wp\/v2\/types\/product"}],"replies":[{"embeddable":true,"href":"https:\/\/abaa.mx\/tienda\/wp-json\/wp\/v2\/comments?post=8463"}],"wp:featuredmedia":[{"embeddable":true,"href":"https:\/\/abaa.mx\/tienda\/wp-json\/wp\/v2\/media\/8464"}],"wp:attachment":[{"href":"https:\/\/abaa.mx\/tienda\/wp-json\/wp\/v2\/media?parent=8463"}],"wp:term":[{"taxonomy":"product_brand","embeddable":true,"href":"https:\/\/abaa.mx\/tienda\/wp-json\/wp\/v2\/product_brand?post=8463"},{"taxonomy":"product_cat","embeddable":true,"href":"https:\/\/abaa.mx\/tienda\/wp-json\/wp\/v2\/product_cat?post=8463"},{"taxonomy":"product_tag","embeddable":true,"href":"https:\/\/abaa.mx\/tienda\/wp-json\/wp\/v2\/product_tag?post=8463"}],"curies":[{"name":"wp","href":"https:\/\/api.w.org\/{rel}","templated":true}]}}