{"id":8461,"date":"2023-11-02T17:39:39","date_gmt":"2023-11-02T17:39:39","guid":{"rendered":"https:\/\/abaa.mx\/tienda\/?post_type=product&#038;p=8461"},"modified":"2023-11-02T17:39:40","modified_gmt":"2023-11-02T17:39:40","slug":"probador-de-aislamiento-de-alto-voltaje-digital-500v-hasta-15kv-sew-7015in","status":"publish","type":"product","link":"https:\/\/abaa.mx\/tienda\/probador-de-aislamiento-de-alto-voltaje-digital-500v-hasta-15kv-sew-7015in\/","title":{"rendered":"Probador de Aislamiento de Alto Voltaje Digital, 500V hasta 15kV, SEW &#8211; 7015IN"},"content":{"rendered":"<p>Probador de Aislamiento de Alto Voltaje Digital, 500V hasta 15kV, SEW &#8211; 7015IN<\/p>\n","protected":false},"excerpt":{"rendered":"<h3><strong>Caracter\u00edsticas:<\/strong><\/h3>\n<p>\u25cf Ajuste para el tiempo de prueba (duraci\u00f3n): 1~30 minutos.<br \/>\n\u25cf Se pueden guardar 200 resultados de medici\u00f3n en la memoria y recuperarlos en la pantalla.<br \/>\n\u25cf Advertencia visual y audible si hay voltaje externo presente. (\u226530Vac o \u226530Vdc)<br \/>\n\u25cf Rango autom\u00e1tico en todos los rangos de aislamiento.<br \/>\n\u25cf Funci\u00f3n de retroiluminaci\u00f3n.<br \/>\n, 7,5 kV, 8 kV, 8,5 kV, 9 kV,Volt\u00edmetro de CA\/ CC.<br \/>\n\u25cf Clase de protecci\u00f3n: IP66 (Tapa cerrada)<br \/>\n\u25cf Transmisi\u00f3n de datos de USB \u00f3ptico a RS-232.<br \/>\n\u25cf Memoria de indicaciones para almacenamiento de datos.<br \/>\n\u25cf 30 voltajes de prueba de aislamiento: 500 V, 1 kV, 1,5 kV, 2 kV, 2,5 kV, 3 kV, 3,5 kV, 4 kV, 4,5 kV, 5kV, 5,5 kV, 6 kV, 6,5 kV, 7 kV<br \/>\n\u25cf Medida de corriente.<br \/>\n\u25cf Indicaci\u00f3n PI (\u00edndice de polarizaci\u00f3n).<br \/>\n\u25cf Controlado por microprocesador.<br \/>\n\u25cf Protecci\u00f3n contra sobrecarga.<br \/>\n\u25cf Corriente de cortocircuito de hasta 5 mA<br \/>\n\u25cf Impulsado por men\u00fas.<br \/>\n\u25cf 2 l\u00edneas x 16 caracteres, gran m\u00f3dulo LCD inteligente.<br \/>\n\u25cf Calendario.<br \/>\n\u25cf Apagado autom\u00e1tico.<br \/>\n\u25cf Indicaci\u00f3n DAR (relaci\u00f3n de absorci\u00f3n diel\u00e9ctrica).<br \/>\n\u25cf Funci\u00f3n de retenci\u00f3n autom\u00e1tica para congelar la lectura.<\/p>\n<h3><strong>Especificaciones:<\/strong><\/h3>\n<table width=\"100%\">\n<tbody>\n<tr>\n<td>\n<table width=\"100%\">\n<tbody>\n<tr>\n<td width=\"100%\">\n<table width=\"607\">\n<tbody>\n<tr>\n<td width=\"196\"><strong>Voltaje de prueba<\/strong><\/td>\n<td colspan=\"2\" width=\"410\">De 500Vdc a 15kVdc<br \/>\nAjustable en pasos de 500V<\/td>\n<\/tr>\n<tr>\n<td width=\"196\"><strong>Botones preestablecidos<\/strong><\/td>\n<td width=\"205\">1kV, 5kV, 10kV, 15kV<\/td>\n<td width=\"205\">&nbsp;<\/td>\n<\/tr>\n<tr>\n<td width=\"196\"><strong>Resistencia de aislamiento<\/strong><\/td>\n<td colspan=\"2\" width=\"410\">200G\u03a9 \/ 0,5kV<br \/>\n200G\u03a9 a 0,5kV~6T\u03a9 a 15kV<\/td>\n<\/tr>\n<tr>\n<td rowspan=\"2\" width=\"196\"><strong>Exactitud<\/strong><\/td>\n<td width=\"205\">1kV : 0~400G\u03a9<br \/>\n5kV : 0~1T\u03a9<br \/>\n10kV : 0~1T\u03a9<br \/>\n15kV : 0~1T\u03a9<\/td>\n<td width=\"205\">\u00b1(5%lectura+5d\u00edgitos)<\/td>\n<\/tr>\n<tr>\n<td width=\"205\">5kV : 1T\u03a9~2T\u03a9<br \/>\n10kV : 1T\u03a9~4T\u03a9<br \/>\n15kV : 1T\u03a9~6T\u03a9<\/td>\n<td width=\"205\">\u00b115%<\/td>\n<\/tr>\n<tr>\n<td width=\"196\"><strong>Resoluci\u00f3n<\/strong><\/td>\n<td colspan=\"2\" width=\"410\">1G\u03a9 : 0.001G\u03a9<br \/>\n10G\u03a9 : 0.01G\u03a9<br \/>\n100G\u03a9 : 0.1G\u03a9<br \/>\n1T\u03a9 : 1G\u03a9<br \/>\n6T\u03a9 : 10G\u03a9<\/td>\n<\/tr>\n<tr>\n<td width=\"196\"><strong>Corriente de cortocircuito<\/strong><\/td>\n<td colspan=\"2\" width=\"410\">hasta 5mA<\/td>\n<\/tr>\n<tr>\n<td><strong>PI (\u00edndice de polarizaci\u00f3n)<\/strong><\/td>\n<td colspan=\"2\" width=\"410\">V<\/td>\n<\/tr>\n<tr>\n<td width=\"196\"><strong>DAR (Relaci\u00f3n de Absorci\u00f3n Diel\u00e9ctrica)<\/strong><\/td>\n<td colspan=\"2\">V<\/td>\n<\/tr>\n<tr>\n<td width=\"196\"><strong>Volt\u00edmetro<\/strong><\/td>\n<td colspan=\"2\" width=\"410\">ACV : 30~600V (50\/60Hz)<br \/>\nDCV : 30~600V<br \/>\nPrecisi\u00f3n : \u00b1(2.0%rdg+3dgt)<br \/>\nResoluci\u00f3n : 1V<\/td>\n<\/tr>\n<tr>\n<td width=\"196\"><strong>Medida de corriente<\/strong><\/td>\n<td colspan=\"2\" width=\"410\">0.5nA ~ 0.55mA\u00a0(Dependiendo de la resistencia de aislamiento)<\/td>\n<\/tr>\n<tr>\n<td width=\"196\"><strong>Fuente de alimentaci\u00f3n<\/strong><\/td>\n<td colspan=\"2\">Bater\u00eda recargable<\/td>\n<\/tr>\n<tr>\n<td width=\"196\"><strong>Adaptador<\/strong><\/td>\n<td colspan=\"2\" width=\"410\">Entrada: 100-240 V CA, 0,4 A, 50-60 Hz<br \/>\nSalida: 24 V CC, 0,62 A<\/td>\n<\/tr>\n<tr>\n<td width=\"196\"><strong>Dimensiones<\/strong><\/td>\n<td colspan=\"2\" width=\"410\">430 (largo) x 324 (ancho) x 127 (profundidad) mm<\/td>\n<\/tr>\n<tr>\n<td width=\"196\"><strong>Peso<\/strong><\/td>\n<td>\nAprox: 6,56 kg<\/td>\n<td><\/td>\n<\/tr>\n<\/tbody>\n<\/table>\n<\/td>\n<\/tr>\n<\/tbody>\n<\/table>\n<\/td>\n<td><\/td>\n<td><\/td>\n<\/tr>\n<\/tbody>\n<\/table>\n","protected":false},"featured_media":8462,"comment_status":"open","ping_status":"closed","template":"","meta":{"_joinchat":[]},"product_brand":[],"product_cat":[106],"product_tag":[],"class_list":{"0":"post-8461","1":"product","2":"type-product","3":"status-publish","4":"has-post-thumbnail","6":"product_cat-medidor-de-aislamiento","8":"first","9":"instock","10":"shipping-taxable","11":"product-type-simple"},"yoast_head":"<!-- This site is optimized with the Yoast SEO plugin v26.4 - https:\/\/yoast.com\/wordpress\/plugins\/seo\/ -->\n<title>Probador de Aislamiento de Alto Voltaje Digital, 500V hasta 15kV, SEW - 7015IN - Abaa tienda online<\/title>\n<meta name=\"robots\" content=\"index, follow, max-snippet:-1, max-image-preview:large, max-video-preview:-1\" \/>\n<link rel=\"canonical\" href=\"https:\/\/abaa.mx\/tienda\/probador-de-aislamiento-de-alto-voltaje-digital-500v-hasta-15kv-sew-7015in\/\" \/>\n<meta property=\"og:locale\" content=\"es_MX\" \/>\n<meta property=\"og:type\" content=\"article\" \/>\n<meta property=\"og:title\" content=\"Probador de Aislamiento de Alto Voltaje Digital, 500V hasta 15kV, SEW - 7015IN - Abaa tienda online\" \/>\n<meta property=\"og:description\" content=\"Caracter\u00edsticas: \u25cf Ajuste para el tiempo de prueba (duraci\u00f3n): 1~30 minutos. \u25cf Se pueden guardar 200 resultados de medici\u00f3n en la memoria y recuperarlos en la pantalla. \u25cf Advertencia visual y audible si hay voltaje externo presente. (\u226530Vac o \u226530Vdc) \u25cf Rango autom\u00e1tico en todos los rangos de aislamiento. \u25cf Funci\u00f3n de retroiluminaci\u00f3n. , 7,5 kV, 8 kV, 8,5 kV, 9 kV,Volt\u00edmetro de CA\/ CC. \u25cf Clase de protecci\u00f3n: IP66 (Tapa cerrada) \u25cf Transmisi\u00f3n de datos de USB \u00f3ptico a RS-232. \u25cf Memoria de indicaciones para almacenamiento de datos. \u25cf 30 voltajes de prueba de aislamiento: 500 V, 1 kV, 1,5 kV, 2 kV, 2,5 kV, 3 kV, 3,5 kV, 4 kV, 4,5 kV, 5kV, 5,5 kV, 6 kV, 6,5 kV, 7 kV \u25cf Medida de corriente. \u25cf Indicaci\u00f3n PI (\u00edndice de polarizaci\u00f3n). \u25cf Controlado por microprocesador. \u25cf Protecci\u00f3n contra sobrecarga. \u25cf Corriente de cortocircuito de hasta 5 mA \u25cf Impulsado por men\u00fas. \u25cf 2 l\u00edneas x 16 caracteres, gran m\u00f3dulo LCD inteligente. \u25cf Calendario. \u25cf Apagado autom\u00e1tico. \u25cf Indicaci\u00f3n DAR (relaci\u00f3n de absorci\u00f3n diel\u00e9ctrica). \u25cf Funci\u00f3n de retenci\u00f3n autom\u00e1tica para congelar la lectura. Especificaciones:            Voltaje de prueba De 500Vdc a 15kVdc Ajustable en pasos de 500V   Botones preestablecidos 1kV, 5kV, 10kV, 15kV &nbsp;   Resistencia de aislamiento 200G\u03a9 \/ 0,5kV 200G\u03a9 a 0,5kV~6T\u03a9 a 15kV   Exactitud 1kV : 0~400G\u03a9 5kV : 0~1T\u03a9 10kV : 0~1T\u03a9 15kV : 0~1T\u03a9 \u00b1(5%lectura+5d\u00edgitos)   5kV : 1T\u03a9~2T\u03a9 10kV : 1T\u03a9~4T\u03a9 15kV : 1T\u03a9~6T\u03a9 \u00b115%   Resoluci\u00f3n 1G\u03a9 : 0.001G\u03a9 10G\u03a9 : 0.01G\u03a9 100G\u03a9 : 0.1G\u03a9 1T\u03a9 : 1G\u03a9 6T\u03a9 : 10G\u03a9   Corriente de cortocircuito hasta 5mA   PI (\u00edndice de polarizaci\u00f3n) V   DAR (Relaci\u00f3n de Absorci\u00f3n Diel\u00e9ctrica) V   Volt\u00edmetro ACV : 30~600V (50\/60Hz) DCV : 30~600V Precisi\u00f3n : \u00b1(2.0%rdg+3dgt) Resoluci\u00f3n : 1V   Medida de corriente 0.5nA ~ 0.55mA\u00a0(Dependiendo de la resistencia de aislamiento)   Fuente de alimentaci\u00f3n Bater\u00eda recargable   Adaptador Entrada: 100-240 V CA, 0,4 A, 50-60 Hz Salida: 24 V CC, 0,62 A   Dimensiones 430 (largo) x 324 (ancho) x 127 (profundidad) mm   Peso  Aprox: 6,56 kg\" \/>\n<meta property=\"og:url\" content=\"https:\/\/abaa.mx\/tienda\/probador-de-aislamiento-de-alto-voltaje-digital-500v-hasta-15kv-sew-7015in\/\" \/>\n<meta property=\"og:site_name\" content=\"Abaa tienda online\" \/>\n<meta property=\"article:modified_time\" content=\"2023-11-02T17:39:40+00:00\" \/>\n<meta property=\"og:image\" content=\"https:\/\/abaa.mx\/tienda\/wp-content\/uploads\/2023\/11\/SEW-7015IN.jpg\" \/>\n\t<meta property=\"og:image:width\" content=\"467\" \/>\n\t<meta property=\"og:image:height\" content=\"379\" \/>\n\t<meta property=\"og:image:type\" content=\"image\/jpeg\" \/>\n<meta name=\"twitter:card\" content=\"summary_large_image\" \/>\n<meta name=\"twitter:label1\" content=\"Tiempo de lectura\" \/>\n\t<meta name=\"twitter:data1\" content=\"1 minuto\" \/>\n<script type=\"application\/ld+json\" class=\"yoast-schema-graph\">{\"@context\":\"https:\/\/schema.org\",\"@graph\":[{\"@type\":\"WebPage\",\"@id\":\"https:\/\/abaa.mx\/tienda\/probador-de-aislamiento-de-alto-voltaje-digital-500v-hasta-15kv-sew-7015in\/\",\"url\":\"https:\/\/abaa.mx\/tienda\/probador-de-aislamiento-de-alto-voltaje-digital-500v-hasta-15kv-sew-7015in\/\",\"name\":\"Probador de Aislamiento de Alto Voltaje Digital, 500V hasta 15kV, SEW - 7015IN - Abaa tienda online\",\"isPartOf\":{\"@id\":\"https:\/\/abaa.mx\/tienda\/#website\"},\"primaryImageOfPage\":{\"@id\":\"https:\/\/abaa.mx\/tienda\/probador-de-aislamiento-de-alto-voltaje-digital-500v-hasta-15kv-sew-7015in\/#primaryimage\"},\"image\":{\"@id\":\"https:\/\/abaa.mx\/tienda\/probador-de-aislamiento-de-alto-voltaje-digital-500v-hasta-15kv-sew-7015in\/#primaryimage\"},\"thumbnailUrl\":\"https:\/\/abaa.mx\/tienda\/wp-content\/uploads\/2023\/11\/SEW-7015IN.jpg\",\"datePublished\":\"2023-11-02T17:39:39+00:00\",\"dateModified\":\"2023-11-02T17:39:40+00:00\",\"breadcrumb\":{\"@id\":\"https:\/\/abaa.mx\/tienda\/probador-de-aislamiento-de-alto-voltaje-digital-500v-hasta-15kv-sew-7015in\/#breadcrumb\"},\"inLanguage\":\"es\",\"potentialAction\":[{\"@type\":\"ReadAction\",\"target\":[\"https:\/\/abaa.mx\/tienda\/probador-de-aislamiento-de-alto-voltaje-digital-500v-hasta-15kv-sew-7015in\/\"]}]},{\"@type\":\"ImageObject\",\"inLanguage\":\"es\",\"@id\":\"https:\/\/abaa.mx\/tienda\/probador-de-aislamiento-de-alto-voltaje-digital-500v-hasta-15kv-sew-7015in\/#primaryimage\",\"url\":\"https:\/\/abaa.mx\/tienda\/wp-content\/uploads\/2023\/11\/SEW-7015IN.jpg\",\"contentUrl\":\"https:\/\/abaa.mx\/tienda\/wp-content\/uploads\/2023\/11\/SEW-7015IN.jpg\",\"width\":467,\"height\":379,\"caption\":\"SEW-7015IN\"},{\"@type\":\"BreadcrumbList\",\"@id\":\"https:\/\/abaa.mx\/tienda\/probador-de-aislamiento-de-alto-voltaje-digital-500v-hasta-15kv-sew-7015in\/#breadcrumb\",\"itemListElement\":[{\"@type\":\"ListItem\",\"position\":1,\"name\":\"Inicio\",\"item\":\"https:\/\/abaa.mx\/tienda\/\"},{\"@type\":\"ListItem\",\"position\":2,\"name\":\"Tienda\",\"item\":\"https:\/\/abaa.mx\/tienda\/\"},{\"@type\":\"ListItem\",\"position\":3,\"name\":\"Probador de Aislamiento de Alto Voltaje Digital, 500V hasta 15kV, SEW &#8211; 7015IN\"}]},{\"@type\":\"WebSite\",\"@id\":\"https:\/\/abaa.mx\/tienda\/#website\",\"url\":\"https:\/\/abaa.mx\/tienda\/\",\"name\":\"Abaa tienda online\",\"description\":\"Instrumentos de medici\u00f3n\",\"publisher\":{\"@id\":\"https:\/\/abaa.mx\/tienda\/#organization\"},\"potentialAction\":[{\"@type\":\"SearchAction\",\"target\":{\"@type\":\"EntryPoint\",\"urlTemplate\":\"https:\/\/abaa.mx\/tienda\/?s={search_term_string}\"},\"query-input\":{\"@type\":\"PropertyValueSpecification\",\"valueRequired\":true,\"valueName\":\"search_term_string\"}}],\"inLanguage\":\"es\"},{\"@type\":\"Organization\",\"@id\":\"https:\/\/abaa.mx\/tienda\/#organization\",\"name\":\"Abaa tienda online\",\"url\":\"https:\/\/abaa.mx\/tienda\/\",\"logo\":{\"@type\":\"ImageObject\",\"inLanguage\":\"es\",\"@id\":\"https:\/\/abaa.mx\/tienda\/#\/schema\/logo\/image\/\",\"url\":\"https:\/\/abaa.mx\/tienda\/wp-content\/uploads\/2024\/01\/abaa-metrologia-tienda.png\",\"contentUrl\":\"https:\/\/abaa.mx\/tienda\/wp-content\/uploads\/2024\/01\/abaa-metrologia-tienda.png\",\"width\":300,\"height\":141,\"caption\":\"Abaa tienda online\"},\"image\":{\"@id\":\"https:\/\/abaa.mx\/tienda\/#\/schema\/logo\/image\/\"}}]}<\/script>\n<!-- \/ Yoast SEO plugin. -->","yoast_head_json":{"title":"Probador de Aislamiento de Alto Voltaje Digital, 500V hasta 15kV, SEW - 7015IN - Abaa tienda online","robots":{"index":"index","follow":"follow","max-snippet":"max-snippet:-1","max-image-preview":"max-image-preview:large","max-video-preview":"max-video-preview:-1"},"canonical":"https:\/\/abaa.mx\/tienda\/probador-de-aislamiento-de-alto-voltaje-digital-500v-hasta-15kv-sew-7015in\/","og_locale":"es_MX","og_type":"article","og_title":"Probador de Aislamiento de Alto Voltaje Digital, 500V hasta 15kV, SEW - 7015IN - Abaa tienda online","og_description":"Caracter\u00edsticas: \u25cf Ajuste para el tiempo de prueba (duraci\u00f3n): 1~30 minutos. \u25cf Se pueden guardar 200 resultados de medici\u00f3n en la memoria y recuperarlos en la pantalla. \u25cf Advertencia visual y audible si hay voltaje externo presente. (\u226530Vac o \u226530Vdc) \u25cf Rango autom\u00e1tico en todos los rangos de aislamiento. \u25cf Funci\u00f3n de retroiluminaci\u00f3n. , 7,5 kV, 8 kV, 8,5 kV, 9 kV,Volt\u00edmetro de CA\/ CC. \u25cf Clase de protecci\u00f3n: IP66 (Tapa cerrada) \u25cf Transmisi\u00f3n de datos de USB \u00f3ptico a RS-232. \u25cf Memoria de indicaciones para almacenamiento de datos. \u25cf 30 voltajes de prueba de aislamiento: 500 V, 1 kV, 1,5 kV, 2 kV, 2,5 kV, 3 kV, 3,5 kV, 4 kV, 4,5 kV, 5kV, 5,5 kV, 6 kV, 6,5 kV, 7 kV \u25cf Medida de corriente. \u25cf Indicaci\u00f3n PI (\u00edndice de polarizaci\u00f3n). \u25cf Controlado por microprocesador. \u25cf Protecci\u00f3n contra sobrecarga. \u25cf Corriente de cortocircuito de hasta 5 mA \u25cf Impulsado por men\u00fas. \u25cf 2 l\u00edneas x 16 caracteres, gran m\u00f3dulo LCD inteligente. \u25cf Calendario. \u25cf Apagado autom\u00e1tico. \u25cf Indicaci\u00f3n DAR (relaci\u00f3n de absorci\u00f3n diel\u00e9ctrica). \u25cf Funci\u00f3n de retenci\u00f3n autom\u00e1tica para congelar la lectura. Especificaciones:            Voltaje de prueba De 500Vdc a 15kVdc Ajustable en pasos de 500V   Botones preestablecidos 1kV, 5kV, 10kV, 15kV &nbsp;   Resistencia de aislamiento 200G\u03a9 \/ 0,5kV 200G\u03a9 a 0,5kV~6T\u03a9 a 15kV   Exactitud 1kV : 0~400G\u03a9 5kV : 0~1T\u03a9 10kV : 0~1T\u03a9 15kV : 0~1T\u03a9 \u00b1(5%lectura+5d\u00edgitos)   5kV : 1T\u03a9~2T\u03a9 10kV : 1T\u03a9~4T\u03a9 15kV : 1T\u03a9~6T\u03a9 \u00b115%   Resoluci\u00f3n 1G\u03a9 : 0.001G\u03a9 10G\u03a9 : 0.01G\u03a9 100G\u03a9 : 0.1G\u03a9 1T\u03a9 : 1G\u03a9 6T\u03a9 : 10G\u03a9   Corriente de cortocircuito hasta 5mA   PI (\u00edndice de polarizaci\u00f3n) V   DAR (Relaci\u00f3n de Absorci\u00f3n Diel\u00e9ctrica) V   Volt\u00edmetro ACV : 30~600V (50\/60Hz) DCV : 30~600V Precisi\u00f3n : \u00b1(2.0%rdg+3dgt) Resoluci\u00f3n : 1V   Medida de corriente 0.5nA ~ 0.55mA\u00a0(Dependiendo de la resistencia de aislamiento)   Fuente de alimentaci\u00f3n Bater\u00eda recargable   Adaptador Entrada: 100-240 V CA, 0,4 A, 50-60 Hz Salida: 24 V CC, 0,62 A   Dimensiones 430 (largo) x 324 (ancho) x 127 (profundidad) mm   Peso  Aprox: 6,56 kg","og_url":"https:\/\/abaa.mx\/tienda\/probador-de-aislamiento-de-alto-voltaje-digital-500v-hasta-15kv-sew-7015in\/","og_site_name":"Abaa tienda online","article_modified_time":"2023-11-02T17:39:40+00:00","og_image":[{"width":467,"height":379,"url":"https:\/\/abaa.mx\/tienda\/wp-content\/uploads\/2023\/11\/SEW-7015IN.jpg","type":"image\/jpeg"}],"twitter_card":"summary_large_image","twitter_misc":{"Tiempo de lectura":"1 minuto"},"schema":{"@context":"https:\/\/schema.org","@graph":[{"@type":"WebPage","@id":"https:\/\/abaa.mx\/tienda\/probador-de-aislamiento-de-alto-voltaje-digital-500v-hasta-15kv-sew-7015in\/","url":"https:\/\/abaa.mx\/tienda\/probador-de-aislamiento-de-alto-voltaje-digital-500v-hasta-15kv-sew-7015in\/","name":"Probador de Aislamiento de Alto Voltaje Digital, 500V hasta 15kV, SEW - 7015IN - Abaa tienda online","isPartOf":{"@id":"https:\/\/abaa.mx\/tienda\/#website"},"primaryImageOfPage":{"@id":"https:\/\/abaa.mx\/tienda\/probador-de-aislamiento-de-alto-voltaje-digital-500v-hasta-15kv-sew-7015in\/#primaryimage"},"image":{"@id":"https:\/\/abaa.mx\/tienda\/probador-de-aislamiento-de-alto-voltaje-digital-500v-hasta-15kv-sew-7015in\/#primaryimage"},"thumbnailUrl":"https:\/\/abaa.mx\/tienda\/wp-content\/uploads\/2023\/11\/SEW-7015IN.jpg","datePublished":"2023-11-02T17:39:39+00:00","dateModified":"2023-11-02T17:39:40+00:00","breadcrumb":{"@id":"https:\/\/abaa.mx\/tienda\/probador-de-aislamiento-de-alto-voltaje-digital-500v-hasta-15kv-sew-7015in\/#breadcrumb"},"inLanguage":"es","potentialAction":[{"@type":"ReadAction","target":["https:\/\/abaa.mx\/tienda\/probador-de-aislamiento-de-alto-voltaje-digital-500v-hasta-15kv-sew-7015in\/"]}]},{"@type":"ImageObject","inLanguage":"es","@id":"https:\/\/abaa.mx\/tienda\/probador-de-aislamiento-de-alto-voltaje-digital-500v-hasta-15kv-sew-7015in\/#primaryimage","url":"https:\/\/abaa.mx\/tienda\/wp-content\/uploads\/2023\/11\/SEW-7015IN.jpg","contentUrl":"https:\/\/abaa.mx\/tienda\/wp-content\/uploads\/2023\/11\/SEW-7015IN.jpg","width":467,"height":379,"caption":"SEW-7015IN"},{"@type":"BreadcrumbList","@id":"https:\/\/abaa.mx\/tienda\/probador-de-aislamiento-de-alto-voltaje-digital-500v-hasta-15kv-sew-7015in\/#breadcrumb","itemListElement":[{"@type":"ListItem","position":1,"name":"Inicio","item":"https:\/\/abaa.mx\/tienda\/"},{"@type":"ListItem","position":2,"name":"Tienda","item":"https:\/\/abaa.mx\/tienda\/"},{"@type":"ListItem","position":3,"name":"Probador de Aislamiento de Alto Voltaje Digital, 500V hasta 15kV, SEW &#8211; 7015IN"}]},{"@type":"WebSite","@id":"https:\/\/abaa.mx\/tienda\/#website","url":"https:\/\/abaa.mx\/tienda\/","name":"Abaa tienda online","description":"Instrumentos de medici\u00f3n","publisher":{"@id":"https:\/\/abaa.mx\/tienda\/#organization"},"potentialAction":[{"@type":"SearchAction","target":{"@type":"EntryPoint","urlTemplate":"https:\/\/abaa.mx\/tienda\/?s={search_term_string}"},"query-input":{"@type":"PropertyValueSpecification","valueRequired":true,"valueName":"search_term_string"}}],"inLanguage":"es"},{"@type":"Organization","@id":"https:\/\/abaa.mx\/tienda\/#organization","name":"Abaa tienda online","url":"https:\/\/abaa.mx\/tienda\/","logo":{"@type":"ImageObject","inLanguage":"es","@id":"https:\/\/abaa.mx\/tienda\/#\/schema\/logo\/image\/","url":"https:\/\/abaa.mx\/tienda\/wp-content\/uploads\/2024\/01\/abaa-metrologia-tienda.png","contentUrl":"https:\/\/abaa.mx\/tienda\/wp-content\/uploads\/2024\/01\/abaa-metrologia-tienda.png","width":300,"height":141,"caption":"Abaa tienda online"},"image":{"@id":"https:\/\/abaa.mx\/tienda\/#\/schema\/logo\/image\/"}}]}},"_links":{"self":[{"href":"https:\/\/abaa.mx\/tienda\/wp-json\/wp\/v2\/product\/8461","targetHints":{"allow":["GET"]}}],"collection":[{"href":"https:\/\/abaa.mx\/tienda\/wp-json\/wp\/v2\/product"}],"about":[{"href":"https:\/\/abaa.mx\/tienda\/wp-json\/wp\/v2\/types\/product"}],"replies":[{"embeddable":true,"href":"https:\/\/abaa.mx\/tienda\/wp-json\/wp\/v2\/comments?post=8461"}],"wp:featuredmedia":[{"embeddable":true,"href":"https:\/\/abaa.mx\/tienda\/wp-json\/wp\/v2\/media\/8462"}],"wp:attachment":[{"href":"https:\/\/abaa.mx\/tienda\/wp-json\/wp\/v2\/media?parent=8461"}],"wp:term":[{"taxonomy":"product_brand","embeddable":true,"href":"https:\/\/abaa.mx\/tienda\/wp-json\/wp\/v2\/product_brand?post=8461"},{"taxonomy":"product_cat","embeddable":true,"href":"https:\/\/abaa.mx\/tienda\/wp-json\/wp\/v2\/product_cat?post=8461"},{"taxonomy":"product_tag","embeddable":true,"href":"https:\/\/abaa.mx\/tienda\/wp-json\/wp\/v2\/product_tag?post=8461"}],"curies":[{"name":"wp","href":"https:\/\/api.w.org\/{rel}","templated":true}]}}