{"id":8454,"date":"2023-11-02T17:25:27","date_gmt":"2023-11-02T17:25:27","guid":{"rendered":"https:\/\/abaa.mx\/tienda\/?post_type=product&#038;p=8454"},"modified":"2023-11-02T17:25:27","modified_gmt":"2023-11-02T17:25:27","slug":"medidor-de-aislamiento-compacto-1000-v-dt5500","status":"publish","type":"product","link":"https:\/\/abaa.mx\/tienda\/medidor-de-aislamiento-compacto-1000-v-dt5500\/","title":{"rendered":"Medidor de Aislamiento Compacto 1000 V &#8211; DT5500"},"content":{"rendered":"<p>Medidor de Aislamiento Compacto 1000 V &#8211; DT5500<\/p>\n","protected":false},"excerpt":{"rendered":"<p>Probador de Aislamiento modelo CM-DT5500 es un aparato que le deja detectar probables fallas en el aislamiento del cableado o aun prevenir corto-circuitos en instalaciones el\u00e9ctricas Caracter\u00edsticas : LCD grande con demostraci\u00f3n dual. 250V, 500V, 1000V, voltaje de salida para aislamiento M? pruebas. Lo? marcha para probar uniones. Asimiento de datos y funci\u00f3n de cerradura de voltaje de salida. Iluminaci\u00f3n de fondo lum\u00ednico. Cumple con las normas EN61557 e IEC 10101, CATIII 1000V. El empaque est\u00e1ndar incluye un juego de puntas de pruebas, cable de tierra, bater\u00edas y un estuche de pl\u00e1stico duro.<\/p>\n","protected":false},"featured_media":8458,"comment_status":"open","ping_status":"closed","template":"","meta":{"_joinchat":[]},"product_brand":[],"product_cat":[106],"product_tag":[],"class_list":{"0":"post-8454","1":"product","2":"type-product","3":"status-publish","4":"has-post-thumbnail","6":"product_cat-medidor-de-aislamiento","8":"first","9":"instock","10":"shipping-taxable","11":"product-type-simple"},"yoast_head":"<!-- This site is optimized with the Yoast SEO plugin v26.4 - https:\/\/yoast.com\/wordpress\/plugins\/seo\/ -->\n<title>Medidor de Aislamiento Compacto 1000 V - DT5500 - Abaa tienda online<\/title>\n<meta name=\"robots\" content=\"index, follow, max-snippet:-1, max-image-preview:large, max-video-preview:-1\" \/>\n<link rel=\"canonical\" href=\"https:\/\/abaa.mx\/tienda\/medidor-de-aislamiento-compacto-1000-v-dt5500\/\" \/>\n<meta property=\"og:locale\" content=\"es_MX\" \/>\n<meta property=\"og:type\" content=\"article\" \/>\n<meta property=\"og:title\" content=\"Medidor de Aislamiento Compacto 1000 V - DT5500 - Abaa tienda online\" \/>\n<meta property=\"og:description\" content=\"Probador de Aislamiento modelo CM-DT5500 es un aparato que le deja detectar probables fallas en el aislamiento del cableado o aun prevenir corto-circuitos en instalaciones el\u00e9ctricas Caracter\u00edsticas : LCD grande con demostraci\u00f3n dual. 250V, 500V, 1000V, voltaje de salida para aislamiento M? pruebas. Lo? marcha para probar uniones. Asimiento de datos y funci\u00f3n de cerradura de voltaje de salida. Iluminaci\u00f3n de fondo lum\u00ednico. Cumple con las normas EN61557 e IEC 10101, CATIII 1000V. El empaque est\u00e1ndar incluye un juego de puntas de pruebas, cable de tierra, bater\u00edas y un estuche de pl\u00e1stico duro.\" \/>\n<meta property=\"og:url\" content=\"https:\/\/abaa.mx\/tienda\/medidor-de-aislamiento-compacto-1000-v-dt5500\/\" \/>\n<meta property=\"og:site_name\" content=\"Abaa tienda online\" \/>\n<meta property=\"og:image\" content=\"https:\/\/abaa.mx\/tienda\/wp-content\/uploads\/2023\/11\/CEM-METERS-DT5500.jpg\" \/>\n\t<meta property=\"og:image:width\" content=\"607\" \/>\n\t<meta property=\"og:image:height\" content=\"509\" \/>\n\t<meta property=\"og:image:type\" content=\"image\/jpeg\" \/>\n<meta name=\"twitter:card\" content=\"summary_large_image\" \/>\n<meta name=\"twitter:label1\" content=\"Tiempo de lectura\" \/>\n\t<meta name=\"twitter:data1\" content=\"1 minuto\" \/>\n<script type=\"application\/ld+json\" class=\"yoast-schema-graph\">{\"@context\":\"https:\/\/schema.org\",\"@graph\":[{\"@type\":\"WebPage\",\"@id\":\"https:\/\/abaa.mx\/tienda\/medidor-de-aislamiento-compacto-1000-v-dt5500\/\",\"url\":\"https:\/\/abaa.mx\/tienda\/medidor-de-aislamiento-compacto-1000-v-dt5500\/\",\"name\":\"Medidor de Aislamiento Compacto 1000 V - DT5500 - Abaa tienda online\",\"isPartOf\":{\"@id\":\"https:\/\/abaa.mx\/tienda\/#website\"},\"primaryImageOfPage\":{\"@id\":\"https:\/\/abaa.mx\/tienda\/medidor-de-aislamiento-compacto-1000-v-dt5500\/#primaryimage\"},\"image\":{\"@id\":\"https:\/\/abaa.mx\/tienda\/medidor-de-aislamiento-compacto-1000-v-dt5500\/#primaryimage\"},\"thumbnailUrl\":\"https:\/\/abaa.mx\/tienda\/wp-content\/uploads\/2023\/11\/CEM-METERS-DT5500.jpg\",\"datePublished\":\"2023-11-02T17:25:27+00:00\",\"breadcrumb\":{\"@id\":\"https:\/\/abaa.mx\/tienda\/medidor-de-aislamiento-compacto-1000-v-dt5500\/#breadcrumb\"},\"inLanguage\":\"es\",\"potentialAction\":[{\"@type\":\"ReadAction\",\"target\":[\"https:\/\/abaa.mx\/tienda\/medidor-de-aislamiento-compacto-1000-v-dt5500\/\"]}]},{\"@type\":\"ImageObject\",\"inLanguage\":\"es\",\"@id\":\"https:\/\/abaa.mx\/tienda\/medidor-de-aislamiento-compacto-1000-v-dt5500\/#primaryimage\",\"url\":\"https:\/\/abaa.mx\/tienda\/wp-content\/uploads\/2023\/11\/CEM-METERS-DT5500.jpg\",\"contentUrl\":\"https:\/\/abaa.mx\/tienda\/wp-content\/uploads\/2023\/11\/CEM-METERS-DT5500.jpg\",\"width\":607,\"height\":509,\"caption\":\"CEM METERS-DT5500\"},{\"@type\":\"BreadcrumbList\",\"@id\":\"https:\/\/abaa.mx\/tienda\/medidor-de-aislamiento-compacto-1000-v-dt5500\/#breadcrumb\",\"itemListElement\":[{\"@type\":\"ListItem\",\"position\":1,\"name\":\"Inicio\",\"item\":\"https:\/\/abaa.mx\/tienda\/\"},{\"@type\":\"ListItem\",\"position\":2,\"name\":\"Tienda\",\"item\":\"https:\/\/abaa.mx\/tienda\/\"},{\"@type\":\"ListItem\",\"position\":3,\"name\":\"Medidor de Aislamiento Compacto 1000 V &#8211; DT5500\"}]},{\"@type\":\"WebSite\",\"@id\":\"https:\/\/abaa.mx\/tienda\/#website\",\"url\":\"https:\/\/abaa.mx\/tienda\/\",\"name\":\"Abaa tienda online\",\"description\":\"Instrumentos de medici\u00f3n\",\"publisher\":{\"@id\":\"https:\/\/abaa.mx\/tienda\/#organization\"},\"potentialAction\":[{\"@type\":\"SearchAction\",\"target\":{\"@type\":\"EntryPoint\",\"urlTemplate\":\"https:\/\/abaa.mx\/tienda\/?s={search_term_string}\"},\"query-input\":{\"@type\":\"PropertyValueSpecification\",\"valueRequired\":true,\"valueName\":\"search_term_string\"}}],\"inLanguage\":\"es\"},{\"@type\":\"Organization\",\"@id\":\"https:\/\/abaa.mx\/tienda\/#organization\",\"name\":\"Abaa tienda online\",\"url\":\"https:\/\/abaa.mx\/tienda\/\",\"logo\":{\"@type\":\"ImageObject\",\"inLanguage\":\"es\",\"@id\":\"https:\/\/abaa.mx\/tienda\/#\/schema\/logo\/image\/\",\"url\":\"https:\/\/abaa.mx\/tienda\/wp-content\/uploads\/2024\/01\/abaa-metrologia-tienda.png\",\"contentUrl\":\"https:\/\/abaa.mx\/tienda\/wp-content\/uploads\/2024\/01\/abaa-metrologia-tienda.png\",\"width\":300,\"height\":141,\"caption\":\"Abaa tienda online\"},\"image\":{\"@id\":\"https:\/\/abaa.mx\/tienda\/#\/schema\/logo\/image\/\"}}]}<\/script>\n<!-- \/ Yoast SEO plugin. -->","yoast_head_json":{"title":"Medidor de Aislamiento Compacto 1000 V - DT5500 - Abaa tienda online","robots":{"index":"index","follow":"follow","max-snippet":"max-snippet:-1","max-image-preview":"max-image-preview:large","max-video-preview":"max-video-preview:-1"},"canonical":"https:\/\/abaa.mx\/tienda\/medidor-de-aislamiento-compacto-1000-v-dt5500\/","og_locale":"es_MX","og_type":"article","og_title":"Medidor de Aislamiento Compacto 1000 V - DT5500 - Abaa tienda online","og_description":"Probador de Aislamiento modelo CM-DT5500 es un aparato que le deja detectar probables fallas en el aislamiento del cableado o aun prevenir corto-circuitos en instalaciones el\u00e9ctricas Caracter\u00edsticas : LCD grande con demostraci\u00f3n dual. 250V, 500V, 1000V, voltaje de salida para aislamiento M? pruebas. Lo? marcha para probar uniones. Asimiento de datos y funci\u00f3n de cerradura de voltaje de salida. Iluminaci\u00f3n de fondo lum\u00ednico. Cumple con las normas EN61557 e IEC 10101, CATIII 1000V. El empaque est\u00e1ndar incluye un juego de puntas de pruebas, cable de tierra, bater\u00edas y un estuche de pl\u00e1stico duro.","og_url":"https:\/\/abaa.mx\/tienda\/medidor-de-aislamiento-compacto-1000-v-dt5500\/","og_site_name":"Abaa tienda online","og_image":[{"width":607,"height":509,"url":"https:\/\/abaa.mx\/tienda\/wp-content\/uploads\/2023\/11\/CEM-METERS-DT5500.jpg","type":"image\/jpeg"}],"twitter_card":"summary_large_image","twitter_misc":{"Tiempo de lectura":"1 minuto"},"schema":{"@context":"https:\/\/schema.org","@graph":[{"@type":"WebPage","@id":"https:\/\/abaa.mx\/tienda\/medidor-de-aislamiento-compacto-1000-v-dt5500\/","url":"https:\/\/abaa.mx\/tienda\/medidor-de-aislamiento-compacto-1000-v-dt5500\/","name":"Medidor de Aislamiento Compacto 1000 V - DT5500 - Abaa tienda online","isPartOf":{"@id":"https:\/\/abaa.mx\/tienda\/#website"},"primaryImageOfPage":{"@id":"https:\/\/abaa.mx\/tienda\/medidor-de-aislamiento-compacto-1000-v-dt5500\/#primaryimage"},"image":{"@id":"https:\/\/abaa.mx\/tienda\/medidor-de-aislamiento-compacto-1000-v-dt5500\/#primaryimage"},"thumbnailUrl":"https:\/\/abaa.mx\/tienda\/wp-content\/uploads\/2023\/11\/CEM-METERS-DT5500.jpg","datePublished":"2023-11-02T17:25:27+00:00","breadcrumb":{"@id":"https:\/\/abaa.mx\/tienda\/medidor-de-aislamiento-compacto-1000-v-dt5500\/#breadcrumb"},"inLanguage":"es","potentialAction":[{"@type":"ReadAction","target":["https:\/\/abaa.mx\/tienda\/medidor-de-aislamiento-compacto-1000-v-dt5500\/"]}]},{"@type":"ImageObject","inLanguage":"es","@id":"https:\/\/abaa.mx\/tienda\/medidor-de-aislamiento-compacto-1000-v-dt5500\/#primaryimage","url":"https:\/\/abaa.mx\/tienda\/wp-content\/uploads\/2023\/11\/CEM-METERS-DT5500.jpg","contentUrl":"https:\/\/abaa.mx\/tienda\/wp-content\/uploads\/2023\/11\/CEM-METERS-DT5500.jpg","width":607,"height":509,"caption":"CEM METERS-DT5500"},{"@type":"BreadcrumbList","@id":"https:\/\/abaa.mx\/tienda\/medidor-de-aislamiento-compacto-1000-v-dt5500\/#breadcrumb","itemListElement":[{"@type":"ListItem","position":1,"name":"Inicio","item":"https:\/\/abaa.mx\/tienda\/"},{"@type":"ListItem","position":2,"name":"Tienda","item":"https:\/\/abaa.mx\/tienda\/"},{"@type":"ListItem","position":3,"name":"Medidor de Aislamiento Compacto 1000 V &#8211; DT5500"}]},{"@type":"WebSite","@id":"https:\/\/abaa.mx\/tienda\/#website","url":"https:\/\/abaa.mx\/tienda\/","name":"Abaa tienda online","description":"Instrumentos de medici\u00f3n","publisher":{"@id":"https:\/\/abaa.mx\/tienda\/#organization"},"potentialAction":[{"@type":"SearchAction","target":{"@type":"EntryPoint","urlTemplate":"https:\/\/abaa.mx\/tienda\/?s={search_term_string}"},"query-input":{"@type":"PropertyValueSpecification","valueRequired":true,"valueName":"search_term_string"}}],"inLanguage":"es"},{"@type":"Organization","@id":"https:\/\/abaa.mx\/tienda\/#organization","name":"Abaa tienda online","url":"https:\/\/abaa.mx\/tienda\/","logo":{"@type":"ImageObject","inLanguage":"es","@id":"https:\/\/abaa.mx\/tienda\/#\/schema\/logo\/image\/","url":"https:\/\/abaa.mx\/tienda\/wp-content\/uploads\/2024\/01\/abaa-metrologia-tienda.png","contentUrl":"https:\/\/abaa.mx\/tienda\/wp-content\/uploads\/2024\/01\/abaa-metrologia-tienda.png","width":300,"height":141,"caption":"Abaa tienda online"},"image":{"@id":"https:\/\/abaa.mx\/tienda\/#\/schema\/logo\/image\/"}}]}},"_links":{"self":[{"href":"https:\/\/abaa.mx\/tienda\/wp-json\/wp\/v2\/product\/8454","targetHints":{"allow":["GET"]}}],"collection":[{"href":"https:\/\/abaa.mx\/tienda\/wp-json\/wp\/v2\/product"}],"about":[{"href":"https:\/\/abaa.mx\/tienda\/wp-json\/wp\/v2\/types\/product"}],"replies":[{"embeddable":true,"href":"https:\/\/abaa.mx\/tienda\/wp-json\/wp\/v2\/comments?post=8454"}],"wp:featuredmedia":[{"embeddable":true,"href":"https:\/\/abaa.mx\/tienda\/wp-json\/wp\/v2\/media\/8458"}],"wp:attachment":[{"href":"https:\/\/abaa.mx\/tienda\/wp-json\/wp\/v2\/media?parent=8454"}],"wp:term":[{"taxonomy":"product_brand","embeddable":true,"href":"https:\/\/abaa.mx\/tienda\/wp-json\/wp\/v2\/product_brand?post=8454"},{"taxonomy":"product_cat","embeddable":true,"href":"https:\/\/abaa.mx\/tienda\/wp-json\/wp\/v2\/product_cat?post=8454"},{"taxonomy":"product_tag","embeddable":true,"href":"https:\/\/abaa.mx\/tienda\/wp-json\/wp\/v2\/product_tag?post=8454"}],"curies":[{"name":"wp","href":"https:\/\/api.w.org\/{rel}","templated":true}]}}