{"id":8453,"date":"2023-11-02T17:21:50","date_gmt":"2023-11-02T17:21:50","guid":{"rendered":"https:\/\/abaa.mx\/tienda\/?post_type=product&#038;p=8453"},"modified":"2023-11-02T17:21:51","modified_gmt":"2023-11-02T17:21:51","slug":"medidor-de-aislamiento-10kv-6213ain","status":"publish","type":"product","link":"https:\/\/abaa.mx\/tienda\/medidor-de-aislamiento-10kv-6213ain\/","title":{"rendered":"Medidor de Aislamiento, 10KV &#8211; 6213AIN"},"content":{"rendered":"<p>Medidor de Aislamiento, 10KV &#8211; 6213AIN<\/p>\n","protected":false},"excerpt":{"rendered":"<p>El probador de aislamiento con capacidad de diez KV modelo SW-6213AIN tiene tecnolog\u00eda de microprocesador afirma la precisi\u00f3n de interpretaci\u00f3n alta y la confiabilidad. Voltajes de prueba de aislamiento (0.5kV a 10kV). Resistencia de aislamiento, autom\u00f3vil que se prolonga en todos los rangos. El gr\u00e1fica de barra que se\u00f1ala las variantes del voltaje de prueba a lo largo de la aplicaci\u00f3n de la carga y probables descargas. Se tienen la posibilidad de programar pruebas de aislamiento que afirman el voltaje por un per\u00edodo temporal preestablecido (10 minutos). Indicador que advierte de presencia de voltaje de afuera. Voltaje de prueba (corriente continua V): el 0.5kV a 10kV (Con aumentos parciales de 0.5 kV). Rango autom\u00e1tico de Resistencia de aislamiento: aislamiento de 25G ohms para 0.5kV y hasta 500G ohms en el rango de 10kV.<\/p>\n<p><b>Especificaciones T\u00e9cnicas:<\/b><\/p>\n<ul>\n<li>Fuente de alimentaci\u00f3n:Bater\u00edas Alcalinas de 1.5V tipo &#8220;C&#8221; (8 pza.)<\/li>\n<li>Exactitud: +\/- (3% de la lectura \u00b1 1d\u00edgito)<\/li>\n<li>Alarma:&gt;500V AC<\/li>\n<li>Temperatura de operaci\u00f3n:0\u00b0C &#8211; 40\u00b0C<\/li>\n<li>Resoluci\u00f3n: Incrementos escalonados de 0.5 KVCD<\/li>\n<li>Dimension:330 x 260(W) x 160(D) mm<\/li>\n<li>Resistencia de Aislamiento (Rango autom\u00e1tico): 25 G ? para 0.5kV &#8211; 500G ? para 10kV<\/li>\n<li>Accesorios incluidos :Manual de instrucci\u00f3n y Bater\u00eda<\/li>\n<li>Salida Corriente Limitada: 50uA hasta 100uA (1W)<\/li>\n<li>Rango de Voltaje de Prueba: 0.5 kVCD hasta 10kVCD<\/li>\n<li>Peso:Aprox. 3.6 kilogramos (Bater\u00eda incluida)<\/li>\n<li>Humedad de operaci\u00f3n: Humedad relativa m\u00e1xima del 85 %<\/li>\n<\/ul>\n","protected":false},"featured_media":8457,"comment_status":"open","ping_status":"closed","template":"","meta":{"_joinchat":[]},"product_brand":[],"product_cat":[106],"product_tag":[],"class_list":{"0":"post-8453","1":"product","2":"type-product","3":"status-publish","4":"has-post-thumbnail","6":"product_cat-medidor-de-aislamiento","8":"first","9":"instock","10":"shipping-taxable","11":"product-type-simple"},"yoast_head":"<!-- This site is optimized with the Yoast SEO plugin v26.4 - https:\/\/yoast.com\/wordpress\/plugins\/seo\/ -->\n<title>Medidor de Aislamiento, 10KV - 6213AIN - Abaa tienda online<\/title>\n<meta name=\"robots\" content=\"index, follow, max-snippet:-1, max-image-preview:large, max-video-preview:-1\" \/>\n<link rel=\"canonical\" href=\"https:\/\/abaa.mx\/tienda\/medidor-de-aislamiento-10kv-6213ain\/\" \/>\n<meta property=\"og:locale\" content=\"es_MX\" \/>\n<meta property=\"og:type\" content=\"article\" \/>\n<meta property=\"og:title\" content=\"Medidor de Aislamiento, 10KV - 6213AIN - Abaa tienda online\" \/>\n<meta property=\"og:description\" content=\"El probador de aislamiento con capacidad de diez KV modelo SW-6213AIN tiene tecnolog\u00eda de microprocesador afirma la precisi\u00f3n de interpretaci\u00f3n alta y la confiabilidad. Voltajes de prueba de aislamiento (0.5kV a 10kV). Resistencia de aislamiento, autom\u00f3vil que se prolonga en todos los rangos. El gr\u00e1fica de barra que se\u00f1ala las variantes del voltaje de prueba a lo largo de la aplicaci\u00f3n de la carga y probables descargas. Se tienen la posibilidad de programar pruebas de aislamiento que afirman el voltaje por un per\u00edodo temporal preestablecido (10 minutos). Indicador que advierte de presencia de voltaje de afuera. Voltaje de prueba (corriente continua V): el 0.5kV a 10kV (Con aumentos parciales de 0.5 kV). Rango autom\u00e1tico de Resistencia de aislamiento: aislamiento de 25G ohms para 0.5kV y hasta 500G ohms en el rango de 10kV.  Especificaciones T\u00e9cnicas:   Fuente de alimentaci\u00f3n:Bater\u00edas Alcalinas de 1.5V tipo &quot;C&quot; (8 pza.)  Exactitud: +\/- (3% de la lectura \u00b1 1d\u00edgito)  Alarma:&gt;500V AC  Temperatura de operaci\u00f3n:0\u00b0C - 40\u00b0C  Resoluci\u00f3n: Incrementos escalonados de 0.5 KVCD  Dimension:330 x 260(W) x 160(D) mm  Resistencia de Aislamiento (Rango autom\u00e1tico): 25 G ? para 0.5kV - 500G ? para 10kV  Accesorios incluidos :Manual de instrucci\u00f3n y Bater\u00eda  Salida Corriente Limitada: 50uA hasta 100uA (1W)  Rango de Voltaje de Prueba: 0.5 kVCD hasta 10kVCD  Peso:Aprox. 3.6 kilogramos (Bater\u00eda incluida)  Humedad de operaci\u00f3n: Humedad relativa m\u00e1xima del 85 %\" \/>\n<meta property=\"og:url\" content=\"https:\/\/abaa.mx\/tienda\/medidor-de-aislamiento-10kv-6213ain\/\" \/>\n<meta property=\"og:site_name\" content=\"Abaa tienda online\" \/>\n<meta property=\"article:modified_time\" content=\"2023-11-02T17:21:51+00:00\" \/>\n<meta property=\"og:image\" content=\"https:\/\/abaa.mx\/tienda\/wp-content\/uploads\/2023\/11\/SEW-6213AIN.jpg\" \/>\n\t<meta property=\"og:image:width\" content=\"514\" \/>\n\t<meta property=\"og:image:height\" content=\"497\" \/>\n\t<meta property=\"og:image:type\" content=\"image\/jpeg\" \/>\n<meta name=\"twitter:card\" content=\"summary_large_image\" \/>\n<meta name=\"twitter:label1\" content=\"Tiempo de lectura\" \/>\n\t<meta name=\"twitter:data1\" content=\"1 minuto\" \/>\n<script type=\"application\/ld+json\" class=\"yoast-schema-graph\">{\"@context\":\"https:\/\/schema.org\",\"@graph\":[{\"@type\":\"WebPage\",\"@id\":\"https:\/\/abaa.mx\/tienda\/medidor-de-aislamiento-10kv-6213ain\/\",\"url\":\"https:\/\/abaa.mx\/tienda\/medidor-de-aislamiento-10kv-6213ain\/\",\"name\":\"Medidor de Aislamiento, 10KV - 6213AIN - Abaa tienda online\",\"isPartOf\":{\"@id\":\"https:\/\/abaa.mx\/tienda\/#website\"},\"primaryImageOfPage\":{\"@id\":\"https:\/\/abaa.mx\/tienda\/medidor-de-aislamiento-10kv-6213ain\/#primaryimage\"},\"image\":{\"@id\":\"https:\/\/abaa.mx\/tienda\/medidor-de-aislamiento-10kv-6213ain\/#primaryimage\"},\"thumbnailUrl\":\"https:\/\/abaa.mx\/tienda\/wp-content\/uploads\/2023\/11\/SEW-6213AIN.jpg\",\"datePublished\":\"2023-11-02T17:21:50+00:00\",\"dateModified\":\"2023-11-02T17:21:51+00:00\",\"breadcrumb\":{\"@id\":\"https:\/\/abaa.mx\/tienda\/medidor-de-aislamiento-10kv-6213ain\/#breadcrumb\"},\"inLanguage\":\"es\",\"potentialAction\":[{\"@type\":\"ReadAction\",\"target\":[\"https:\/\/abaa.mx\/tienda\/medidor-de-aislamiento-10kv-6213ain\/\"]}]},{\"@type\":\"ImageObject\",\"inLanguage\":\"es\",\"@id\":\"https:\/\/abaa.mx\/tienda\/medidor-de-aislamiento-10kv-6213ain\/#primaryimage\",\"url\":\"https:\/\/abaa.mx\/tienda\/wp-content\/uploads\/2023\/11\/SEW-6213AIN.jpg\",\"contentUrl\":\"https:\/\/abaa.mx\/tienda\/wp-content\/uploads\/2023\/11\/SEW-6213AIN.jpg\",\"width\":514,\"height\":497,\"caption\":\"SEW-6213AIN\"},{\"@type\":\"BreadcrumbList\",\"@id\":\"https:\/\/abaa.mx\/tienda\/medidor-de-aislamiento-10kv-6213ain\/#breadcrumb\",\"itemListElement\":[{\"@type\":\"ListItem\",\"position\":1,\"name\":\"Inicio\",\"item\":\"https:\/\/abaa.mx\/tienda\/\"},{\"@type\":\"ListItem\",\"position\":2,\"name\":\"Tienda\",\"item\":\"https:\/\/abaa.mx\/tienda\/\"},{\"@type\":\"ListItem\",\"position\":3,\"name\":\"Medidor de Aislamiento, 10KV &#8211; 6213AIN\"}]},{\"@type\":\"WebSite\",\"@id\":\"https:\/\/abaa.mx\/tienda\/#website\",\"url\":\"https:\/\/abaa.mx\/tienda\/\",\"name\":\"Abaa tienda online\",\"description\":\"Instrumentos de medici\u00f3n\",\"publisher\":{\"@id\":\"https:\/\/abaa.mx\/tienda\/#organization\"},\"potentialAction\":[{\"@type\":\"SearchAction\",\"target\":{\"@type\":\"EntryPoint\",\"urlTemplate\":\"https:\/\/abaa.mx\/tienda\/?s={search_term_string}\"},\"query-input\":{\"@type\":\"PropertyValueSpecification\",\"valueRequired\":true,\"valueName\":\"search_term_string\"}}],\"inLanguage\":\"es\"},{\"@type\":\"Organization\",\"@id\":\"https:\/\/abaa.mx\/tienda\/#organization\",\"name\":\"Abaa tienda online\",\"url\":\"https:\/\/abaa.mx\/tienda\/\",\"logo\":{\"@type\":\"ImageObject\",\"inLanguage\":\"es\",\"@id\":\"https:\/\/abaa.mx\/tienda\/#\/schema\/logo\/image\/\",\"url\":\"https:\/\/abaa.mx\/tienda\/wp-content\/uploads\/2024\/01\/abaa-metrologia-tienda.png\",\"contentUrl\":\"https:\/\/abaa.mx\/tienda\/wp-content\/uploads\/2024\/01\/abaa-metrologia-tienda.png\",\"width\":300,\"height\":141,\"caption\":\"Abaa tienda online\"},\"image\":{\"@id\":\"https:\/\/abaa.mx\/tienda\/#\/schema\/logo\/image\/\"}}]}<\/script>\n<!-- \/ Yoast SEO plugin. -->","yoast_head_json":{"title":"Medidor de Aislamiento, 10KV - 6213AIN - Abaa tienda online","robots":{"index":"index","follow":"follow","max-snippet":"max-snippet:-1","max-image-preview":"max-image-preview:large","max-video-preview":"max-video-preview:-1"},"canonical":"https:\/\/abaa.mx\/tienda\/medidor-de-aislamiento-10kv-6213ain\/","og_locale":"es_MX","og_type":"article","og_title":"Medidor de Aislamiento, 10KV - 6213AIN - Abaa tienda online","og_description":"El probador de aislamiento con capacidad de diez KV modelo SW-6213AIN tiene tecnolog\u00eda de microprocesador afirma la precisi\u00f3n de interpretaci\u00f3n alta y la confiabilidad. Voltajes de prueba de aislamiento (0.5kV a 10kV). Resistencia de aislamiento, autom\u00f3vil que se prolonga en todos los rangos. El gr\u00e1fica de barra que se\u00f1ala las variantes del voltaje de prueba a lo largo de la aplicaci\u00f3n de la carga y probables descargas. Se tienen la posibilidad de programar pruebas de aislamiento que afirman el voltaje por un per\u00edodo temporal preestablecido (10 minutos). Indicador que advierte de presencia de voltaje de afuera. Voltaje de prueba (corriente continua V): el 0.5kV a 10kV (Con aumentos parciales de 0.5 kV). Rango autom\u00e1tico de Resistencia de aislamiento: aislamiento de 25G ohms para 0.5kV y hasta 500G ohms en el rango de 10kV.  Especificaciones T\u00e9cnicas:   Fuente de alimentaci\u00f3n:Bater\u00edas Alcalinas de 1.5V tipo \"C\" (8 pza.)  Exactitud: +\/- (3% de la lectura \u00b1 1d\u00edgito)  Alarma:&gt;500V AC  Temperatura de operaci\u00f3n:0\u00b0C - 40\u00b0C  Resoluci\u00f3n: Incrementos escalonados de 0.5 KVCD  Dimension:330 x 260(W) x 160(D) mm  Resistencia de Aislamiento (Rango autom\u00e1tico): 25 G ? para 0.5kV - 500G ? para 10kV  Accesorios incluidos :Manual de instrucci\u00f3n y Bater\u00eda  Salida Corriente Limitada: 50uA hasta 100uA (1W)  Rango de Voltaje de Prueba: 0.5 kVCD hasta 10kVCD  Peso:Aprox. 3.6 kilogramos (Bater\u00eda incluida)  Humedad de operaci\u00f3n: Humedad relativa m\u00e1xima del 85 %","og_url":"https:\/\/abaa.mx\/tienda\/medidor-de-aislamiento-10kv-6213ain\/","og_site_name":"Abaa tienda online","article_modified_time":"2023-11-02T17:21:51+00:00","og_image":[{"width":514,"height":497,"url":"https:\/\/abaa.mx\/tienda\/wp-content\/uploads\/2023\/11\/SEW-6213AIN.jpg","type":"image\/jpeg"}],"twitter_card":"summary_large_image","twitter_misc":{"Tiempo de lectura":"1 minuto"},"schema":{"@context":"https:\/\/schema.org","@graph":[{"@type":"WebPage","@id":"https:\/\/abaa.mx\/tienda\/medidor-de-aislamiento-10kv-6213ain\/","url":"https:\/\/abaa.mx\/tienda\/medidor-de-aislamiento-10kv-6213ain\/","name":"Medidor de Aislamiento, 10KV - 6213AIN - Abaa tienda online","isPartOf":{"@id":"https:\/\/abaa.mx\/tienda\/#website"},"primaryImageOfPage":{"@id":"https:\/\/abaa.mx\/tienda\/medidor-de-aislamiento-10kv-6213ain\/#primaryimage"},"image":{"@id":"https:\/\/abaa.mx\/tienda\/medidor-de-aislamiento-10kv-6213ain\/#primaryimage"},"thumbnailUrl":"https:\/\/abaa.mx\/tienda\/wp-content\/uploads\/2023\/11\/SEW-6213AIN.jpg","datePublished":"2023-11-02T17:21:50+00:00","dateModified":"2023-11-02T17:21:51+00:00","breadcrumb":{"@id":"https:\/\/abaa.mx\/tienda\/medidor-de-aislamiento-10kv-6213ain\/#breadcrumb"},"inLanguage":"es","potentialAction":[{"@type":"ReadAction","target":["https:\/\/abaa.mx\/tienda\/medidor-de-aislamiento-10kv-6213ain\/"]}]},{"@type":"ImageObject","inLanguage":"es","@id":"https:\/\/abaa.mx\/tienda\/medidor-de-aislamiento-10kv-6213ain\/#primaryimage","url":"https:\/\/abaa.mx\/tienda\/wp-content\/uploads\/2023\/11\/SEW-6213AIN.jpg","contentUrl":"https:\/\/abaa.mx\/tienda\/wp-content\/uploads\/2023\/11\/SEW-6213AIN.jpg","width":514,"height":497,"caption":"SEW-6213AIN"},{"@type":"BreadcrumbList","@id":"https:\/\/abaa.mx\/tienda\/medidor-de-aislamiento-10kv-6213ain\/#breadcrumb","itemListElement":[{"@type":"ListItem","position":1,"name":"Inicio","item":"https:\/\/abaa.mx\/tienda\/"},{"@type":"ListItem","position":2,"name":"Tienda","item":"https:\/\/abaa.mx\/tienda\/"},{"@type":"ListItem","position":3,"name":"Medidor de Aislamiento, 10KV &#8211; 6213AIN"}]},{"@type":"WebSite","@id":"https:\/\/abaa.mx\/tienda\/#website","url":"https:\/\/abaa.mx\/tienda\/","name":"Abaa tienda online","description":"Instrumentos de medici\u00f3n","publisher":{"@id":"https:\/\/abaa.mx\/tienda\/#organization"},"potentialAction":[{"@type":"SearchAction","target":{"@type":"EntryPoint","urlTemplate":"https:\/\/abaa.mx\/tienda\/?s={search_term_string}"},"query-input":{"@type":"PropertyValueSpecification","valueRequired":true,"valueName":"search_term_string"}}],"inLanguage":"es"},{"@type":"Organization","@id":"https:\/\/abaa.mx\/tienda\/#organization","name":"Abaa tienda online","url":"https:\/\/abaa.mx\/tienda\/","logo":{"@type":"ImageObject","inLanguage":"es","@id":"https:\/\/abaa.mx\/tienda\/#\/schema\/logo\/image\/","url":"https:\/\/abaa.mx\/tienda\/wp-content\/uploads\/2024\/01\/abaa-metrologia-tienda.png","contentUrl":"https:\/\/abaa.mx\/tienda\/wp-content\/uploads\/2024\/01\/abaa-metrologia-tienda.png","width":300,"height":141,"caption":"Abaa tienda online"},"image":{"@id":"https:\/\/abaa.mx\/tienda\/#\/schema\/logo\/image\/"}}]}},"_links":{"self":[{"href":"https:\/\/abaa.mx\/tienda\/wp-json\/wp\/v2\/product\/8453","targetHints":{"allow":["GET"]}}],"collection":[{"href":"https:\/\/abaa.mx\/tienda\/wp-json\/wp\/v2\/product"}],"about":[{"href":"https:\/\/abaa.mx\/tienda\/wp-json\/wp\/v2\/types\/product"}],"replies":[{"embeddable":true,"href":"https:\/\/abaa.mx\/tienda\/wp-json\/wp\/v2\/comments?post=8453"}],"wp:featuredmedia":[{"embeddable":true,"href":"https:\/\/abaa.mx\/tienda\/wp-json\/wp\/v2\/media\/8457"}],"wp:attachment":[{"href":"https:\/\/abaa.mx\/tienda\/wp-json\/wp\/v2\/media?parent=8453"}],"wp:term":[{"taxonomy":"product_brand","embeddable":true,"href":"https:\/\/abaa.mx\/tienda\/wp-json\/wp\/v2\/product_brand?post=8453"},{"taxonomy":"product_cat","embeddable":true,"href":"https:\/\/abaa.mx\/tienda\/wp-json\/wp\/v2\/product_cat?post=8453"},{"taxonomy":"product_tag","embeddable":true,"href":"https:\/\/abaa.mx\/tienda\/wp-json\/wp\/v2\/product_tag?post=8453"}],"curies":[{"name":"wp","href":"https:\/\/api.w.org\/{rel}","templated":true}]}}