{"id":8452,"date":"2023-11-02T17:19:14","date_gmt":"2023-11-02T17:19:14","guid":{"rendered":"https:\/\/abaa.mx\/tienda\/?post_type=product&#038;p=8452"},"modified":"2023-11-02T17:19:14","modified_gmt":"2023-11-02T17:19:14","slug":"miliohmetro-mo2001","status":"publish","type":"product","link":"https:\/\/abaa.mx\/tienda\/miliohmetro-mo2001\/","title":{"rendered":"Miliohmetro &#8211; MO2001"},"content":{"rendered":"<p>Miliohmetro &#8211; MO2001<\/p>\n","protected":false},"excerpt":{"rendered":"<p>Medidor de aislamiento Modelo MO2001 una medici\u00f3n eficaz de resistencia baja. Es perfecto para resistencia en motor, transformador, plantilla de pistas de PCB. Perfecto para medir aislamiento en conductores, conductores de iluminaci\u00f3n y puntos de soldadura.<\/p>\n<p><b>Caracteristicas:<\/b><\/p>\n<ul>\n<li>Tiempo de Muestreo: Aproximadamente 0.4 seg.<\/li>\n<li>Humedad de Operaci\u00f3n: Menos de 80 % de RH.<\/li>\n<li>Tama\u00f1o: 160 x 120 x 85 mm incluyendo la cubierta frontal.<\/li>\n<li>Pantalla: 18 mm (0.7&#8243;) Pantalla LCD (Cristal L\u00edquido) lectura m\u00e1xima 1999.<\/li>\n<li>Rango: 200 m ohm, 2000 m ohm, 20 ohm, 200 ohm, 2000 ohm.<\/li>\n<li>Terminal de Entrada: 4 terminales de entrada, efectivo para mediciones bajas de ohms.<\/li>\n<li>Ajuste a Cero: Ajuste externo a cero valor en pantalla.<\/li>\n<li>Bater\u00eda: AC 110V 15%, 50\/60 Hz a AC 220V\/ 240V 15%, 50\/60 Hz.<\/li>\n<li>Temperatura de Operaci\u00f3n: 0 &#8211; 50 \u00b0C (32 &#8211; 122 \u00b0F).<\/li>\n<li>Indicador de Sobre Entrada: Indicaci\u00f3n de &#8220;1&#8221;.<\/li>\n<li>Consumo de Energ\u00eda: Aproximadamente 2 VA.<\/li>\n<\/ul>\n<p>&nbsp;<\/p>\n","protected":false},"featured_media":8456,"comment_status":"open","ping_status":"closed","template":"","meta":{"_joinchat":[]},"product_brand":[],"product_cat":[106],"product_tag":[],"class_list":{"0":"post-8452","1":"product","2":"type-product","3":"status-publish","4":"has-post-thumbnail","6":"product_cat-medidor-de-aislamiento","8":"first","9":"instock","10":"shipping-taxable","11":"product-type-simple"},"yoast_head":"<!-- This site is optimized with the Yoast SEO plugin v26.4 - https:\/\/yoast.com\/wordpress\/plugins\/seo\/ -->\n<title>Miliohmetro - MO2001 - Abaa tienda online<\/title>\n<meta name=\"robots\" content=\"index, follow, max-snippet:-1, max-image-preview:large, max-video-preview:-1\" \/>\n<link rel=\"canonical\" href=\"https:\/\/abaa.mx\/tienda\/miliohmetro-mo2001\/\" \/>\n<meta property=\"og:locale\" content=\"es_MX\" \/>\n<meta property=\"og:type\" content=\"article\" \/>\n<meta property=\"og:title\" content=\"Miliohmetro - MO2001 - Abaa tienda online\" \/>\n<meta property=\"og:description\" content=\"Medidor de aislamiento Modelo MO2001 una medici\u00f3n eficaz de resistencia baja. Es perfecto para resistencia en motor, transformador, plantilla de pistas de PCB. Perfecto para medir aislamiento en conductores, conductores de iluminaci\u00f3n y puntos de soldadura.  Caracteristicas:   Tiempo de Muestreo: Aproximadamente 0.4 seg.  Humedad de Operaci\u00f3n: Menos de 80 % de RH.  Tama\u00f1o: 160 x 120 x 85 mm incluyendo la cubierta frontal.  Pantalla: 18 mm (0.7&quot;) Pantalla LCD (Cristal L\u00edquido) lectura m\u00e1xima 1999.  Rango: 200 m ohm, 2000 m ohm, 20 ohm, 200 ohm, 2000 ohm.  Terminal de Entrada: 4 terminales de entrada, efectivo para mediciones bajas de ohms.  Ajuste a Cero: Ajuste externo a cero valor en pantalla.  Bater\u00eda: AC 110V 15%, 50\/60 Hz a AC 220V\/ 240V 15%, 50\/60 Hz.  Temperatura de Operaci\u00f3n: 0 - 50 \u00b0C (32 - 122 \u00b0F).  Indicador de Sobre Entrada: Indicaci\u00f3n de &quot;1&quot;.  Consumo de Energ\u00eda: Aproximadamente 2 VA.  &nbsp;\" \/>\n<meta property=\"og:url\" content=\"https:\/\/abaa.mx\/tienda\/miliohmetro-mo2001\/\" \/>\n<meta property=\"og:site_name\" content=\"Abaa tienda online\" \/>\n<meta property=\"og:image\" content=\"https:\/\/abaa.mx\/tienda\/wp-content\/uploads\/2023\/11\/LUTRON-MO2001.jpg\" \/>\n\t<meta property=\"og:image:width\" content=\"512\" \/>\n\t<meta property=\"og:image:height\" content=\"498\" \/>\n\t<meta property=\"og:image:type\" content=\"image\/jpeg\" \/>\n<meta name=\"twitter:card\" content=\"summary_large_image\" \/>\n<meta name=\"twitter:label1\" content=\"Tiempo de lectura\" \/>\n\t<meta name=\"twitter:data1\" content=\"1 minuto\" \/>\n<script type=\"application\/ld+json\" class=\"yoast-schema-graph\">{\"@context\":\"https:\/\/schema.org\",\"@graph\":[{\"@type\":\"WebPage\",\"@id\":\"https:\/\/abaa.mx\/tienda\/miliohmetro-mo2001\/\",\"url\":\"https:\/\/abaa.mx\/tienda\/miliohmetro-mo2001\/\",\"name\":\"Miliohmetro - MO2001 - Abaa tienda online\",\"isPartOf\":{\"@id\":\"https:\/\/abaa.mx\/tienda\/#website\"},\"primaryImageOfPage\":{\"@id\":\"https:\/\/abaa.mx\/tienda\/miliohmetro-mo2001\/#primaryimage\"},\"image\":{\"@id\":\"https:\/\/abaa.mx\/tienda\/miliohmetro-mo2001\/#primaryimage\"},\"thumbnailUrl\":\"https:\/\/abaa.mx\/tienda\/wp-content\/uploads\/2023\/11\/LUTRON-MO2001.jpg\",\"datePublished\":\"2023-11-02T17:19:14+00:00\",\"breadcrumb\":{\"@id\":\"https:\/\/abaa.mx\/tienda\/miliohmetro-mo2001\/#breadcrumb\"},\"inLanguage\":\"es\",\"potentialAction\":[{\"@type\":\"ReadAction\",\"target\":[\"https:\/\/abaa.mx\/tienda\/miliohmetro-mo2001\/\"]}]},{\"@type\":\"ImageObject\",\"inLanguage\":\"es\",\"@id\":\"https:\/\/abaa.mx\/tienda\/miliohmetro-mo2001\/#primaryimage\",\"url\":\"https:\/\/abaa.mx\/tienda\/wp-content\/uploads\/2023\/11\/LUTRON-MO2001.jpg\",\"contentUrl\":\"https:\/\/abaa.mx\/tienda\/wp-content\/uploads\/2023\/11\/LUTRON-MO2001.jpg\",\"width\":512,\"height\":498,\"caption\":\"LUTRON-MO2001\"},{\"@type\":\"BreadcrumbList\",\"@id\":\"https:\/\/abaa.mx\/tienda\/miliohmetro-mo2001\/#breadcrumb\",\"itemListElement\":[{\"@type\":\"ListItem\",\"position\":1,\"name\":\"Inicio\",\"item\":\"https:\/\/abaa.mx\/tienda\/\"},{\"@type\":\"ListItem\",\"position\":2,\"name\":\"Tienda\",\"item\":\"https:\/\/abaa.mx\/tienda\/\"},{\"@type\":\"ListItem\",\"position\":3,\"name\":\"Miliohmetro &#8211; MO2001\"}]},{\"@type\":\"WebSite\",\"@id\":\"https:\/\/abaa.mx\/tienda\/#website\",\"url\":\"https:\/\/abaa.mx\/tienda\/\",\"name\":\"Abaa tienda online\",\"description\":\"Instrumentos de medici\u00f3n\",\"publisher\":{\"@id\":\"https:\/\/abaa.mx\/tienda\/#organization\"},\"potentialAction\":[{\"@type\":\"SearchAction\",\"target\":{\"@type\":\"EntryPoint\",\"urlTemplate\":\"https:\/\/abaa.mx\/tienda\/?s={search_term_string}\"},\"query-input\":{\"@type\":\"PropertyValueSpecification\",\"valueRequired\":true,\"valueName\":\"search_term_string\"}}],\"inLanguage\":\"es\"},{\"@type\":\"Organization\",\"@id\":\"https:\/\/abaa.mx\/tienda\/#organization\",\"name\":\"Abaa tienda online\",\"url\":\"https:\/\/abaa.mx\/tienda\/\",\"logo\":{\"@type\":\"ImageObject\",\"inLanguage\":\"es\",\"@id\":\"https:\/\/abaa.mx\/tienda\/#\/schema\/logo\/image\/\",\"url\":\"https:\/\/abaa.mx\/tienda\/wp-content\/uploads\/2024\/01\/abaa-metrologia-tienda.png\",\"contentUrl\":\"https:\/\/abaa.mx\/tienda\/wp-content\/uploads\/2024\/01\/abaa-metrologia-tienda.png\",\"width\":300,\"height\":141,\"caption\":\"Abaa tienda online\"},\"image\":{\"@id\":\"https:\/\/abaa.mx\/tienda\/#\/schema\/logo\/image\/\"}}]}<\/script>\n<!-- \/ Yoast SEO plugin. -->","yoast_head_json":{"title":"Miliohmetro - MO2001 - Abaa tienda online","robots":{"index":"index","follow":"follow","max-snippet":"max-snippet:-1","max-image-preview":"max-image-preview:large","max-video-preview":"max-video-preview:-1"},"canonical":"https:\/\/abaa.mx\/tienda\/miliohmetro-mo2001\/","og_locale":"es_MX","og_type":"article","og_title":"Miliohmetro - MO2001 - Abaa tienda online","og_description":"Medidor de aislamiento Modelo MO2001 una medici\u00f3n eficaz de resistencia baja. Es perfecto para resistencia en motor, transformador, plantilla de pistas de PCB. Perfecto para medir aislamiento en conductores, conductores de iluminaci\u00f3n y puntos de soldadura.  Caracteristicas:   Tiempo de Muestreo: Aproximadamente 0.4 seg.  Humedad de Operaci\u00f3n: Menos de 80 % de RH.  Tama\u00f1o: 160 x 120 x 85 mm incluyendo la cubierta frontal.  Pantalla: 18 mm (0.7\") Pantalla LCD (Cristal L\u00edquido) lectura m\u00e1xima 1999.  Rango: 200 m ohm, 2000 m ohm, 20 ohm, 200 ohm, 2000 ohm.  Terminal de Entrada: 4 terminales de entrada, efectivo para mediciones bajas de ohms.  Ajuste a Cero: Ajuste externo a cero valor en pantalla.  Bater\u00eda: AC 110V 15%, 50\/60 Hz a AC 220V\/ 240V 15%, 50\/60 Hz.  Temperatura de Operaci\u00f3n: 0 - 50 \u00b0C (32 - 122 \u00b0F).  Indicador de Sobre Entrada: Indicaci\u00f3n de \"1\".  Consumo de Energ\u00eda: Aproximadamente 2 VA.  &nbsp;","og_url":"https:\/\/abaa.mx\/tienda\/miliohmetro-mo2001\/","og_site_name":"Abaa tienda online","og_image":[{"width":512,"height":498,"url":"https:\/\/abaa.mx\/tienda\/wp-content\/uploads\/2023\/11\/LUTRON-MO2001.jpg","type":"image\/jpeg"}],"twitter_card":"summary_large_image","twitter_misc":{"Tiempo de lectura":"1 minuto"},"schema":{"@context":"https:\/\/schema.org","@graph":[{"@type":"WebPage","@id":"https:\/\/abaa.mx\/tienda\/miliohmetro-mo2001\/","url":"https:\/\/abaa.mx\/tienda\/miliohmetro-mo2001\/","name":"Miliohmetro - MO2001 - Abaa tienda online","isPartOf":{"@id":"https:\/\/abaa.mx\/tienda\/#website"},"primaryImageOfPage":{"@id":"https:\/\/abaa.mx\/tienda\/miliohmetro-mo2001\/#primaryimage"},"image":{"@id":"https:\/\/abaa.mx\/tienda\/miliohmetro-mo2001\/#primaryimage"},"thumbnailUrl":"https:\/\/abaa.mx\/tienda\/wp-content\/uploads\/2023\/11\/LUTRON-MO2001.jpg","datePublished":"2023-11-02T17:19:14+00:00","breadcrumb":{"@id":"https:\/\/abaa.mx\/tienda\/miliohmetro-mo2001\/#breadcrumb"},"inLanguage":"es","potentialAction":[{"@type":"ReadAction","target":["https:\/\/abaa.mx\/tienda\/miliohmetro-mo2001\/"]}]},{"@type":"ImageObject","inLanguage":"es","@id":"https:\/\/abaa.mx\/tienda\/miliohmetro-mo2001\/#primaryimage","url":"https:\/\/abaa.mx\/tienda\/wp-content\/uploads\/2023\/11\/LUTRON-MO2001.jpg","contentUrl":"https:\/\/abaa.mx\/tienda\/wp-content\/uploads\/2023\/11\/LUTRON-MO2001.jpg","width":512,"height":498,"caption":"LUTRON-MO2001"},{"@type":"BreadcrumbList","@id":"https:\/\/abaa.mx\/tienda\/miliohmetro-mo2001\/#breadcrumb","itemListElement":[{"@type":"ListItem","position":1,"name":"Inicio","item":"https:\/\/abaa.mx\/tienda\/"},{"@type":"ListItem","position":2,"name":"Tienda","item":"https:\/\/abaa.mx\/tienda\/"},{"@type":"ListItem","position":3,"name":"Miliohmetro &#8211; MO2001"}]},{"@type":"WebSite","@id":"https:\/\/abaa.mx\/tienda\/#website","url":"https:\/\/abaa.mx\/tienda\/","name":"Abaa tienda online","description":"Instrumentos de medici\u00f3n","publisher":{"@id":"https:\/\/abaa.mx\/tienda\/#organization"},"potentialAction":[{"@type":"SearchAction","target":{"@type":"EntryPoint","urlTemplate":"https:\/\/abaa.mx\/tienda\/?s={search_term_string}"},"query-input":{"@type":"PropertyValueSpecification","valueRequired":true,"valueName":"search_term_string"}}],"inLanguage":"es"},{"@type":"Organization","@id":"https:\/\/abaa.mx\/tienda\/#organization","name":"Abaa tienda online","url":"https:\/\/abaa.mx\/tienda\/","logo":{"@type":"ImageObject","inLanguage":"es","@id":"https:\/\/abaa.mx\/tienda\/#\/schema\/logo\/image\/","url":"https:\/\/abaa.mx\/tienda\/wp-content\/uploads\/2024\/01\/abaa-metrologia-tienda.png","contentUrl":"https:\/\/abaa.mx\/tienda\/wp-content\/uploads\/2024\/01\/abaa-metrologia-tienda.png","width":300,"height":141,"caption":"Abaa tienda online"},"image":{"@id":"https:\/\/abaa.mx\/tienda\/#\/schema\/logo\/image\/"}}]}},"_links":{"self":[{"href":"https:\/\/abaa.mx\/tienda\/wp-json\/wp\/v2\/product\/8452","targetHints":{"allow":["GET"]}}],"collection":[{"href":"https:\/\/abaa.mx\/tienda\/wp-json\/wp\/v2\/product"}],"about":[{"href":"https:\/\/abaa.mx\/tienda\/wp-json\/wp\/v2\/types\/product"}],"replies":[{"embeddable":true,"href":"https:\/\/abaa.mx\/tienda\/wp-json\/wp\/v2\/comments?post=8452"}],"wp:featuredmedia":[{"embeddable":true,"href":"https:\/\/abaa.mx\/tienda\/wp-json\/wp\/v2\/media\/8456"}],"wp:attachment":[{"href":"https:\/\/abaa.mx\/tienda\/wp-json\/wp\/v2\/media?parent=8452"}],"wp:term":[{"taxonomy":"product_brand","embeddable":true,"href":"https:\/\/abaa.mx\/tienda\/wp-json\/wp\/v2\/product_brand?post=8452"},{"taxonomy":"product_cat","embeddable":true,"href":"https:\/\/abaa.mx\/tienda\/wp-json\/wp\/v2\/product_cat?post=8452"},{"taxonomy":"product_tag","embeddable":true,"href":"https:\/\/abaa.mx\/tienda\/wp-json\/wp\/v2\/product_tag?post=8452"}],"curies":[{"name":"wp","href":"https:\/\/api.w.org\/{rel}","templated":true}]}}