{"id":8451,"date":"2023-11-02T17:15:25","date_gmt":"2023-11-02T17:15:25","guid":{"rendered":"https:\/\/abaa.mx\/tienda\/?post_type=product&#038;p=8451"},"modified":"2023-11-02T17:15:26","modified_gmt":"2023-11-02T17:15:26","slug":"ohmetro-6237dlro","status":"publish","type":"product","link":"https:\/\/abaa.mx\/tienda\/ohmetro-6237dlro\/","title":{"rendered":"Ohmetro &#8211; 6237DLRO"},"content":{"rendered":"<p>Ohmetro &#8211; 6237DLRO<\/p>\n","protected":false},"excerpt":{"rendered":"<p>Indispensable en el laboratorio de aplicaciones y en el campo par amedir juntas, conexiones, resistencia de las cuchillas en cortadores de circuito (circuit breakers), contactos de los relays, continuidad de circuitos, conductores de protecci\u00f3n, y otras aplicaciones.<\/p>\n<p>EL equipo circula una correinte continua de prueba a trav\u00e9s del aparato en evaluaci\u00f3n (en general un conductor, contacto o baja resistencia) y realiza una medici\u00f3n del voltaje que viaja a trav\u00e9s y sale al radical opuesto. Entonces utilizando la ley de Ohm se calcula el valor de la resistencia.<\/p>\n<p>El 6237DLRO es un instrumento de peculiaridades profesionales terminadas. El medidor de baja resistencia es robusto y cuenta con sellos tipo O-ring. Esta especialmente desarrollado para medir resistencias muy bajas de manera precisa y rendir el resultado en su pantalla LCD de digitos enormes.<\/p>\n<p>El fabricante realiza verificaciones y pruebas de control de calidad de manera que se asegura que todos los equipos cumplen con sus especificaciones y capacidades con un riguroso control de calidad. El equipo tiene un indicador LED de exceso de voltaje (RP) y corriente (RC). Adem\u00e1s de esto , a fin de eludir que el aparato se sobrecaliente, cuenta con una funci\u00f3n de apagado autom\u00e1tico preventivo (ISCOFF).<\/p>\n<p><strong>CARACTERISTICAS:<\/strong><\/p>\n<p>Controlado por microprocesador.<\/p>\n<ul>\n<li>Protecci\u00f3n contra la conexi\u00f3n inadvertida a sobretensi\u00f3n. (barras de palanca para corriente y voltaje).<\/li>\n<li>Caja sellada &#8220;O-Ring&#8221;.<\/li>\n<li>Robusto y compacto.<\/li>\n<li>Resoluci\u00f3n m\u00e1xima de 1\u03bc\u03a9.<\/li>\n<li>6 rangos de 2.000m\u03a9 a 200.0\u03a9.<\/li>\n<li>Tres corrientes de prueba con protecci\u00f3n contra sobretemperatura.<\/li>\n<li>Apagado autom\u00e1tico de EnerSave.<\/li>\n<li>Comprobaciones de la resistencia potencial del conductor y de la resistencia actual del conductor.<\/li>\n<li>Retenci\u00f3n autom\u00e1tica de EnerSave.<\/li>\n<li>Funciona con bater\u00eda recargable.<\/li>\n<li>Medici\u00f3n de cuatro terminales.<\/li>\n<li>Los indicadores muestran si la lectura puede no ser v\u00e1lida (RP, RC y temperatura).<\/li>\n<li>LCD clara y grande.<\/li>\n<li>EnerSave Inside con todas las funciones.<\/li>\n<li>Mida hasta 1 \u03bc\u03a9.<\/li>\n<\/ul>\n<p><strong>ESPECIFICACIONES:<\/strong><\/p>\n<div class=\"scrollable-wrapper\">\n<table>\n<tbody>\n<tr>\n<td><strong>\u00a0\u00a0Rangos de baja resistencia\/<br \/>\nresoluci\u00f3n<\/strong><\/td>\n<td>\u00a0\u00a00-2.000m\u03a9 \/ 1\u03bc\u03a9<br \/>\n0-20.00m\u03a9 \/ 10\u03bc\u03a9<br \/>\n0-200.0m\u03a9 \/ 100\u03bc\u03a9<br \/>\n0-2.000\u03a9 \/ 1m\u03a9<br \/>\n0-20.00\u03a9 \/ 10m\u03a9<br \/>\n0-200.0\u03a9 \/ 100m\u03a9<\/td>\n<\/tr>\n<tr>\n<td><strong>\u00a0\u00a0<\/strong><strong>Precisi\u00f3n<\/strong><\/td>\n<td>\u00a0\u00a00-2000 m\u03a9 : \u00b1(5 % lectura+5 d\u00edgitos)<br \/>\n0-20,00 m\u03a9 : \u00b1(4 % lectura+4 d\u00edgitos)<br \/>\n0-200,0 m\u03a9 : \u00b1(4 % lectura+4 d\u00edgitos)<br \/>\n0-2000 \u03a9 : \u00b1(3 % lectura+ 4 d\u00edgitos)<br \/>\n0-20,00 \u03a9 : \u00b1(2 % lectura+4 d\u00edgitos)<br \/>\n0-200,0 \u03a9 : \u00b1(2 % lectura+4 d\u00edgitos)<\/td>\n<\/tr>\n<tr>\n<td><strong>\u00a0\u00a0<\/strong><strong>Corriente de prueba (CC)<\/strong><\/td>\n<td>\u00a0\u00a02.000 m\u03a9 a 200,0 m\u03a9 : 1A\u00b13%<br \/>\n200,0 m\u03a9 a 20,0\u03a9 : 100mA\u00b12%<br \/>\n200,0\u03a9\u00a0\u00a0\u00a0: 10mA\u00b11,5%<\/td>\n<\/tr>\n<tr>\n<td><strong>\u00a0\u00a0Voltaje m\u00e1ximo de\u00a0\u00a0\u00a0salida<br \/>\n(C1~C2)<\/strong><\/td>\n<td>\u00a0\u00a010V<\/td>\n<\/tr>\n<tr>\n<td><strong>\u00a0\u00a0Dimensiones<\/strong><\/td>\n<td>\u00a0\u00a0330 (largo) \u00d7 260 (ancho) \u00d7 160 (profundidad) mm<\/td>\n<\/tr>\n<tr>\n<td><strong>\u00a0\u00a0Peso<br \/>\n(bater\u00eda incluida)<\/strong><\/td>\n<td>\u00a0\u00a0Aprox.\u00a03200g<\/td>\n<\/tr>\n<tr>\n<td><strong>\u00a0\u00a0Fuente de alimentaci\u00f3n<\/strong><\/td>\n<td>\u00a0\u00a0Bater\u00eda recargable<\/td>\n<\/tr>\n<tr>\n<td><strong>\u00a0\u00a0Norma de seguridad<\/strong><\/td>\n<td>\u00a0\u00a0EN 61010-1<br \/>\nEN 61326-1<\/td>\n<\/tr>\n<\/tbody>\n<\/table>\n<\/div>\n","protected":false},"featured_media":8455,"comment_status":"open","ping_status":"closed","template":"","meta":{"_joinchat":[]},"product_brand":[],"product_cat":[106],"product_tag":[],"class_list":{"0":"post-8451","1":"product","2":"type-product","3":"status-publish","4":"has-post-thumbnail","6":"product_cat-medidor-de-aislamiento","8":"first","9":"instock","10":"shipping-taxable","11":"product-type-simple"},"yoast_head":"<!-- This site is optimized with the Yoast SEO plugin v26.4 - https:\/\/yoast.com\/wordpress\/plugins\/seo\/ -->\n<title>Ohmetro - 6237DLRO - Abaa tienda online<\/title>\n<meta name=\"robots\" content=\"index, follow, max-snippet:-1, max-image-preview:large, max-video-preview:-1\" \/>\n<link rel=\"canonical\" href=\"https:\/\/abaa.mx\/tienda\/ohmetro-6237dlro\/\" \/>\n<meta property=\"og:locale\" content=\"es_MX\" \/>\n<meta property=\"og:type\" content=\"article\" \/>\n<meta property=\"og:title\" content=\"Ohmetro - 6237DLRO - Abaa tienda online\" \/>\n<meta property=\"og:description\" content=\"Indispensable en el laboratorio de aplicaciones y en el campo par amedir juntas, conexiones, resistencia de las cuchillas en cortadores de circuito (circuit breakers), contactos de los relays, continuidad de circuitos, conductores de protecci\u00f3n, y otras aplicaciones.  EL equipo circula una correinte continua de prueba a trav\u00e9s del aparato en evaluaci\u00f3n (en general un conductor, contacto o baja resistencia) y realiza una medici\u00f3n del voltaje que viaja a trav\u00e9s y sale al radical opuesto. Entonces utilizando la ley de Ohm se calcula el valor de la resistencia.  El 6237DLRO es un instrumento de peculiaridades profesionales terminadas. El medidor de baja resistencia es robusto y cuenta con sellos tipo O-ring. Esta especialmente desarrollado para medir resistencias muy bajas de manera precisa y rendir el resultado en su pantalla LCD de digitos enormes.  El fabricante realiza verificaciones y pruebas de control de calidad de manera que se asegura que todos los equipos cumplen con sus especificaciones y capacidades con un riguroso control de calidad. El equipo tiene un indicador LED de exceso de voltaje (RP) y corriente (RC). Adem\u00e1s de esto , a fin de eludir que el aparato se sobrecaliente, cuenta con una funci\u00f3n de apagado autom\u00e1tico preventivo (ISCOFF).  CARACTERISTICAS:  Controlado por microprocesador.   Protecci\u00f3n contra la conexi\u00f3n inadvertida a sobretensi\u00f3n. (barras de palanca para corriente y voltaje).  Caja sellada &quot;O-Ring&quot;.  Robusto y compacto.  Resoluci\u00f3n m\u00e1xima de 1\u03bc\u03a9.  6 rangos de 2.000m\u03a9 a 200.0\u03a9.  Tres corrientes de prueba con protecci\u00f3n contra sobretemperatura.  Apagado autom\u00e1tico de EnerSave.  Comprobaciones de la resistencia potencial del conductor y de la resistencia actual del conductor.  Retenci\u00f3n autom\u00e1tica de EnerSave.  Funciona con bater\u00eda recargable.  Medici\u00f3n de cuatro terminales.  Los indicadores muestran si la lectura puede no ser v\u00e1lida (RP, RC y temperatura).  LCD clara y grande.  EnerSave Inside con todas las funciones.  Mida hasta 1 \u03bc\u03a9.  ESPECIFICACIONES:     \u00a0\u00a0Rangos de baja resistencia\/ resoluci\u00f3n \u00a0\u00a00-2.000m\u03a9 \/ 1\u03bc\u03a9 0-20.00m\u03a9 \/ 10\u03bc\u03a9 0-200.0m\u03a9 \/ 100\u03bc\u03a9 0-2.000\u03a9 \/ 1m\u03a9 0-20.00\u03a9 \/ 10m\u03a9 0-200.0\u03a9 \/ 100m\u03a9   \u00a0\u00a0Precisi\u00f3n \u00a0\u00a00-2000 m\u03a9 : \u00b1(5 % lectura+5 d\u00edgitos) 0-20,00 m\u03a9 : \u00b1(4 % lectura+4 d\u00edgitos) 0-200,0 m\u03a9 : \u00b1(4 % lectura+4 d\u00edgitos) 0-2000 \u03a9 : \u00b1(3 % lectura+ 4 d\u00edgitos) 0-20,00 \u03a9 : \u00b1(2 % lectura+4 d\u00edgitos) 0-200,0 \u03a9 : \u00b1(2 % lectura+4 d\u00edgitos)   \u00a0\u00a0Corriente de prueba (CC) \u00a0\u00a02.000 m\u03a9 a 200,0 m\u03a9 : 1A\u00b13% 200,0 m\u03a9 a 20,0\u03a9 : 100mA\u00b12% 200,0\u03a9\u00a0\u00a0\u00a0: 10mA\u00b11,5%   \u00a0\u00a0Voltaje m\u00e1ximo de\u00a0\u00a0\u00a0salida (C1~C2) \u00a0\u00a010V   \u00a0\u00a0Dimensiones \u00a0\u00a0330 (largo) \u00d7 260 (ancho) \u00d7 160 (profundidad) mm   \u00a0\u00a0Peso (bater\u00eda incluida) \u00a0\u00a0Aprox.\u00a03200g   \u00a0\u00a0Fuente de alimentaci\u00f3n \u00a0\u00a0Bater\u00eda recargable   \u00a0\u00a0Norma de seguridad \u00a0\u00a0EN 61010-1 EN 61326-1\" \/>\n<meta property=\"og:url\" content=\"https:\/\/abaa.mx\/tienda\/ohmetro-6237dlro\/\" \/>\n<meta property=\"og:site_name\" content=\"Abaa tienda online\" \/>\n<meta property=\"article:modified_time\" content=\"2023-11-02T17:15:26+00:00\" \/>\n<meta property=\"og:image\" content=\"https:\/\/abaa.mx\/tienda\/wp-content\/uploads\/2023\/11\/SEW-6237DLRO.jpg\" \/>\n\t<meta property=\"og:image:width\" content=\"494\" \/>\n\t<meta property=\"og:image:height\" content=\"419\" \/>\n\t<meta property=\"og:image:type\" content=\"image\/jpeg\" \/>\n<meta name=\"twitter:card\" content=\"summary_large_image\" \/>\n<meta name=\"twitter:label1\" content=\"Tiempo de lectura\" \/>\n\t<meta name=\"twitter:data1\" content=\"1 minuto\" \/>\n<script type=\"application\/ld+json\" class=\"yoast-schema-graph\">{\"@context\":\"https:\/\/schema.org\",\"@graph\":[{\"@type\":\"WebPage\",\"@id\":\"https:\/\/abaa.mx\/tienda\/ohmetro-6237dlro\/\",\"url\":\"https:\/\/abaa.mx\/tienda\/ohmetro-6237dlro\/\",\"name\":\"Ohmetro - 6237DLRO - Abaa tienda online\",\"isPartOf\":{\"@id\":\"https:\/\/abaa.mx\/tienda\/#website\"},\"primaryImageOfPage\":{\"@id\":\"https:\/\/abaa.mx\/tienda\/ohmetro-6237dlro\/#primaryimage\"},\"image\":{\"@id\":\"https:\/\/abaa.mx\/tienda\/ohmetro-6237dlro\/#primaryimage\"},\"thumbnailUrl\":\"https:\/\/abaa.mx\/tienda\/wp-content\/uploads\/2023\/11\/SEW-6237DLRO.jpg\",\"datePublished\":\"2023-11-02T17:15:25+00:00\",\"dateModified\":\"2023-11-02T17:15:26+00:00\",\"breadcrumb\":{\"@id\":\"https:\/\/abaa.mx\/tienda\/ohmetro-6237dlro\/#breadcrumb\"},\"inLanguage\":\"es\",\"potentialAction\":[{\"@type\":\"ReadAction\",\"target\":[\"https:\/\/abaa.mx\/tienda\/ohmetro-6237dlro\/\"]}]},{\"@type\":\"ImageObject\",\"inLanguage\":\"es\",\"@id\":\"https:\/\/abaa.mx\/tienda\/ohmetro-6237dlro\/#primaryimage\",\"url\":\"https:\/\/abaa.mx\/tienda\/wp-content\/uploads\/2023\/11\/SEW-6237DLRO.jpg\",\"contentUrl\":\"https:\/\/abaa.mx\/tienda\/wp-content\/uploads\/2023\/11\/SEW-6237DLRO.jpg\",\"width\":494,\"height\":419,\"caption\":\"SEW-6237DLRO\"},{\"@type\":\"BreadcrumbList\",\"@id\":\"https:\/\/abaa.mx\/tienda\/ohmetro-6237dlro\/#breadcrumb\",\"itemListElement\":[{\"@type\":\"ListItem\",\"position\":1,\"name\":\"Inicio\",\"item\":\"https:\/\/abaa.mx\/tienda\/\"},{\"@type\":\"ListItem\",\"position\":2,\"name\":\"Tienda\",\"item\":\"https:\/\/abaa.mx\/tienda\/\"},{\"@type\":\"ListItem\",\"position\":3,\"name\":\"Ohmetro &#8211; 6237DLRO\"}]},{\"@type\":\"WebSite\",\"@id\":\"https:\/\/abaa.mx\/tienda\/#website\",\"url\":\"https:\/\/abaa.mx\/tienda\/\",\"name\":\"Abaa tienda online\",\"description\":\"Instrumentos de medici\u00f3n\",\"publisher\":{\"@id\":\"https:\/\/abaa.mx\/tienda\/#organization\"},\"potentialAction\":[{\"@type\":\"SearchAction\",\"target\":{\"@type\":\"EntryPoint\",\"urlTemplate\":\"https:\/\/abaa.mx\/tienda\/?s={search_term_string}\"},\"query-input\":{\"@type\":\"PropertyValueSpecification\",\"valueRequired\":true,\"valueName\":\"search_term_string\"}}],\"inLanguage\":\"es\"},{\"@type\":\"Organization\",\"@id\":\"https:\/\/abaa.mx\/tienda\/#organization\",\"name\":\"Abaa tienda online\",\"url\":\"https:\/\/abaa.mx\/tienda\/\",\"logo\":{\"@type\":\"ImageObject\",\"inLanguage\":\"es\",\"@id\":\"https:\/\/abaa.mx\/tienda\/#\/schema\/logo\/image\/\",\"url\":\"https:\/\/abaa.mx\/tienda\/wp-content\/uploads\/2024\/01\/abaa-metrologia-tienda.png\",\"contentUrl\":\"https:\/\/abaa.mx\/tienda\/wp-content\/uploads\/2024\/01\/abaa-metrologia-tienda.png\",\"width\":300,\"height\":141,\"caption\":\"Abaa tienda online\"},\"image\":{\"@id\":\"https:\/\/abaa.mx\/tienda\/#\/schema\/logo\/image\/\"}}]}<\/script>\n<!-- \/ Yoast SEO plugin. -->","yoast_head_json":{"title":"Ohmetro - 6237DLRO - Abaa tienda online","robots":{"index":"index","follow":"follow","max-snippet":"max-snippet:-1","max-image-preview":"max-image-preview:large","max-video-preview":"max-video-preview:-1"},"canonical":"https:\/\/abaa.mx\/tienda\/ohmetro-6237dlro\/","og_locale":"es_MX","og_type":"article","og_title":"Ohmetro - 6237DLRO - Abaa tienda online","og_description":"Indispensable en el laboratorio de aplicaciones y en el campo par amedir juntas, conexiones, resistencia de las cuchillas en cortadores de circuito (circuit breakers), contactos de los relays, continuidad de circuitos, conductores de protecci\u00f3n, y otras aplicaciones.  EL equipo circula una correinte continua de prueba a trav\u00e9s del aparato en evaluaci\u00f3n (en general un conductor, contacto o baja resistencia) y realiza una medici\u00f3n del voltaje que viaja a trav\u00e9s y sale al radical opuesto. Entonces utilizando la ley de Ohm se calcula el valor de la resistencia.  El 6237DLRO es un instrumento de peculiaridades profesionales terminadas. El medidor de baja resistencia es robusto y cuenta con sellos tipo O-ring. Esta especialmente desarrollado para medir resistencias muy bajas de manera precisa y rendir el resultado en su pantalla LCD de digitos enormes.  El fabricante realiza verificaciones y pruebas de control de calidad de manera que se asegura que todos los equipos cumplen con sus especificaciones y capacidades con un riguroso control de calidad. El equipo tiene un indicador LED de exceso de voltaje (RP) y corriente (RC). Adem\u00e1s de esto , a fin de eludir que el aparato se sobrecaliente, cuenta con una funci\u00f3n de apagado autom\u00e1tico preventivo (ISCOFF).  CARACTERISTICAS:  Controlado por microprocesador.   Protecci\u00f3n contra la conexi\u00f3n inadvertida a sobretensi\u00f3n. (barras de palanca para corriente y voltaje).  Caja sellada \"O-Ring\".  Robusto y compacto.  Resoluci\u00f3n m\u00e1xima de 1\u03bc\u03a9.  6 rangos de 2.000m\u03a9 a 200.0\u03a9.  Tres corrientes de prueba con protecci\u00f3n contra sobretemperatura.  Apagado autom\u00e1tico de EnerSave.  Comprobaciones de la resistencia potencial del conductor y de la resistencia actual del conductor.  Retenci\u00f3n autom\u00e1tica de EnerSave.  Funciona con bater\u00eda recargable.  Medici\u00f3n de cuatro terminales.  Los indicadores muestran si la lectura puede no ser v\u00e1lida (RP, RC y temperatura).  LCD clara y grande.  EnerSave Inside con todas las funciones.  Mida hasta 1 \u03bc\u03a9.  ESPECIFICACIONES:     \u00a0\u00a0Rangos de baja resistencia\/ resoluci\u00f3n \u00a0\u00a00-2.000m\u03a9 \/ 1\u03bc\u03a9 0-20.00m\u03a9 \/ 10\u03bc\u03a9 0-200.0m\u03a9 \/ 100\u03bc\u03a9 0-2.000\u03a9 \/ 1m\u03a9 0-20.00\u03a9 \/ 10m\u03a9 0-200.0\u03a9 \/ 100m\u03a9   \u00a0\u00a0Precisi\u00f3n \u00a0\u00a00-2000 m\u03a9 : \u00b1(5 % lectura+5 d\u00edgitos) 0-20,00 m\u03a9 : \u00b1(4 % lectura+4 d\u00edgitos) 0-200,0 m\u03a9 : \u00b1(4 % lectura+4 d\u00edgitos) 0-2000 \u03a9 : \u00b1(3 % lectura+ 4 d\u00edgitos) 0-20,00 \u03a9 : \u00b1(2 % lectura+4 d\u00edgitos) 0-200,0 \u03a9 : \u00b1(2 % lectura+4 d\u00edgitos)   \u00a0\u00a0Corriente de prueba (CC) \u00a0\u00a02.000 m\u03a9 a 200,0 m\u03a9 : 1A\u00b13% 200,0 m\u03a9 a 20,0\u03a9 : 100mA\u00b12% 200,0\u03a9\u00a0\u00a0\u00a0: 10mA\u00b11,5%   \u00a0\u00a0Voltaje m\u00e1ximo de\u00a0\u00a0\u00a0salida (C1~C2) \u00a0\u00a010V   \u00a0\u00a0Dimensiones \u00a0\u00a0330 (largo) \u00d7 260 (ancho) \u00d7 160 (profundidad) mm   \u00a0\u00a0Peso (bater\u00eda incluida) \u00a0\u00a0Aprox.\u00a03200g   \u00a0\u00a0Fuente de alimentaci\u00f3n \u00a0\u00a0Bater\u00eda recargable   \u00a0\u00a0Norma de seguridad \u00a0\u00a0EN 61010-1 EN 61326-1","og_url":"https:\/\/abaa.mx\/tienda\/ohmetro-6237dlro\/","og_site_name":"Abaa tienda online","article_modified_time":"2023-11-02T17:15:26+00:00","og_image":[{"width":494,"height":419,"url":"https:\/\/abaa.mx\/tienda\/wp-content\/uploads\/2023\/11\/SEW-6237DLRO.jpg","type":"image\/jpeg"}],"twitter_card":"summary_large_image","twitter_misc":{"Tiempo de lectura":"1 minuto"},"schema":{"@context":"https:\/\/schema.org","@graph":[{"@type":"WebPage","@id":"https:\/\/abaa.mx\/tienda\/ohmetro-6237dlro\/","url":"https:\/\/abaa.mx\/tienda\/ohmetro-6237dlro\/","name":"Ohmetro - 6237DLRO - Abaa tienda online","isPartOf":{"@id":"https:\/\/abaa.mx\/tienda\/#website"},"primaryImageOfPage":{"@id":"https:\/\/abaa.mx\/tienda\/ohmetro-6237dlro\/#primaryimage"},"image":{"@id":"https:\/\/abaa.mx\/tienda\/ohmetro-6237dlro\/#primaryimage"},"thumbnailUrl":"https:\/\/abaa.mx\/tienda\/wp-content\/uploads\/2023\/11\/SEW-6237DLRO.jpg","datePublished":"2023-11-02T17:15:25+00:00","dateModified":"2023-11-02T17:15:26+00:00","breadcrumb":{"@id":"https:\/\/abaa.mx\/tienda\/ohmetro-6237dlro\/#breadcrumb"},"inLanguage":"es","potentialAction":[{"@type":"ReadAction","target":["https:\/\/abaa.mx\/tienda\/ohmetro-6237dlro\/"]}]},{"@type":"ImageObject","inLanguage":"es","@id":"https:\/\/abaa.mx\/tienda\/ohmetro-6237dlro\/#primaryimage","url":"https:\/\/abaa.mx\/tienda\/wp-content\/uploads\/2023\/11\/SEW-6237DLRO.jpg","contentUrl":"https:\/\/abaa.mx\/tienda\/wp-content\/uploads\/2023\/11\/SEW-6237DLRO.jpg","width":494,"height":419,"caption":"SEW-6237DLRO"},{"@type":"BreadcrumbList","@id":"https:\/\/abaa.mx\/tienda\/ohmetro-6237dlro\/#breadcrumb","itemListElement":[{"@type":"ListItem","position":1,"name":"Inicio","item":"https:\/\/abaa.mx\/tienda\/"},{"@type":"ListItem","position":2,"name":"Tienda","item":"https:\/\/abaa.mx\/tienda\/"},{"@type":"ListItem","position":3,"name":"Ohmetro &#8211; 6237DLRO"}]},{"@type":"WebSite","@id":"https:\/\/abaa.mx\/tienda\/#website","url":"https:\/\/abaa.mx\/tienda\/","name":"Abaa tienda online","description":"Instrumentos de medici\u00f3n","publisher":{"@id":"https:\/\/abaa.mx\/tienda\/#organization"},"potentialAction":[{"@type":"SearchAction","target":{"@type":"EntryPoint","urlTemplate":"https:\/\/abaa.mx\/tienda\/?s={search_term_string}"},"query-input":{"@type":"PropertyValueSpecification","valueRequired":true,"valueName":"search_term_string"}}],"inLanguage":"es"},{"@type":"Organization","@id":"https:\/\/abaa.mx\/tienda\/#organization","name":"Abaa tienda online","url":"https:\/\/abaa.mx\/tienda\/","logo":{"@type":"ImageObject","inLanguage":"es","@id":"https:\/\/abaa.mx\/tienda\/#\/schema\/logo\/image\/","url":"https:\/\/abaa.mx\/tienda\/wp-content\/uploads\/2024\/01\/abaa-metrologia-tienda.png","contentUrl":"https:\/\/abaa.mx\/tienda\/wp-content\/uploads\/2024\/01\/abaa-metrologia-tienda.png","width":300,"height":141,"caption":"Abaa tienda online"},"image":{"@id":"https:\/\/abaa.mx\/tienda\/#\/schema\/logo\/image\/"}}]}},"_links":{"self":[{"href":"https:\/\/abaa.mx\/tienda\/wp-json\/wp\/v2\/product\/8451","targetHints":{"allow":["GET"]}}],"collection":[{"href":"https:\/\/abaa.mx\/tienda\/wp-json\/wp\/v2\/product"}],"about":[{"href":"https:\/\/abaa.mx\/tienda\/wp-json\/wp\/v2\/types\/product"}],"replies":[{"embeddable":true,"href":"https:\/\/abaa.mx\/tienda\/wp-json\/wp\/v2\/comments?post=8451"}],"wp:featuredmedia":[{"embeddable":true,"href":"https:\/\/abaa.mx\/tienda\/wp-json\/wp\/v2\/media\/8455"}],"wp:attachment":[{"href":"https:\/\/abaa.mx\/tienda\/wp-json\/wp\/v2\/media?parent=8451"}],"wp:term":[{"taxonomy":"product_brand","embeddable":true,"href":"https:\/\/abaa.mx\/tienda\/wp-json\/wp\/v2\/product_brand?post=8451"},{"taxonomy":"product_cat","embeddable":true,"href":"https:\/\/abaa.mx\/tienda\/wp-json\/wp\/v2\/product_cat?post=8451"},{"taxonomy":"product_tag","embeddable":true,"href":"https:\/\/abaa.mx\/tienda\/wp-json\/wp\/v2\/product_tag?post=8451"}],"curies":[{"name":"wp","href":"https:\/\/api.w.org\/{rel}","templated":true}]}}