{"id":8449,"date":"2023-11-02T17:03:44","date_gmt":"2023-11-02T17:03:44","guid":{"rendered":"https:\/\/abaa.mx\/tienda\/?post_type=product&#038;p=8449"},"modified":"2023-11-02T17:03:44","modified_gmt":"2023-11-02T17:03:44","slug":"probador-de-aislamiento-auto-rango-1000-v-1604","status":"publish","type":"product","link":"https:\/\/abaa.mx\/tienda\/probador-de-aislamiento-auto-rango-1000-v-1604\/","title":{"rendered":"Probador de Aislamiento, auto-rango, 1000 V &#8211; 1604"},"content":{"rendered":"<p>Probador de Aislamiento, auto-rango, 1000 V &#8211; 1604<\/p>\n","protected":false},"excerpt":{"rendered":"<p><b>Especificaciones Generales:<\/b><\/p>\n<ul>\n<li>Dimensiones: 190x140x77mm.<\/li>\n<li>Indicaci\u00f3n de sobrecarga: &#8220;OL&#8221; se mostrar\u00e1 en el panel LCD cuando se realice una medici\u00f3n fuera de rango.<\/li>\n<li>Temperatura de almacenamiento: -10\u00b0C a 60\u00b0C (14\u00b0F a 140\u00b0F).<\/li>\n<li>Indicaci\u00f3n de bater\u00eda baja: Se mostrar\u00e1 cuando la bater\u00eda necesita ser cambiada.<\/li>\n<li>Tasa de muestreo: Pantalla digital de 2,5 veces por segundo &#8211; Gr\u00e1fico de barras 10 veces \/ seg.<\/li>\n<li>Monitor: 80x50mm Gran pantalla LCD con pantalla anal\u00f3gica de 50 segmentos m\u00e1x. Lectura 4000.<\/li>\n<li>Fuente de alimentaci\u00f3n: Ocho bater\u00edas de 1.5 voltios de tama\u00f1o AA.<\/li>\n<li>Accesorios: Cables de prueba, bater\u00eda de 8 piezas, estuche de transporte, manual de operaci\u00f3n, software en cd.<\/li>\n<li>Peso: Aprox. 900g con bater\u00eda.<\/li>\n<li>Temperatura y humedad de funcionamiento: 0\u00b0C a 40\u00b0C (32\u00b0F a 104\u00b0F), debajo de 80% RH.<\/li>\n<\/ul>\n<p>&nbsp;<\/p>\n","protected":false},"featured_media":8450,"comment_status":"open","ping_status":"closed","template":"","meta":{"_joinchat":[]},"product_brand":[],"product_cat":[106],"product_tag":[],"class_list":{"0":"post-8449","1":"product","2":"type-product","3":"status-publish","4":"has-post-thumbnail","6":"product_cat-medidor-de-aislamiento","8":"first","9":"instock","10":"shipping-taxable","11":"product-type-simple"},"yoast_head":"<!-- This site is optimized with the Yoast SEO plugin v26.4 - https:\/\/yoast.com\/wordpress\/plugins\/seo\/ -->\n<title>Probador de Aislamiento, auto-rango, 1000 V - 1604 - Abaa tienda online<\/title>\n<meta name=\"robots\" content=\"index, follow, max-snippet:-1, max-image-preview:large, max-video-preview:-1\" \/>\n<link rel=\"canonical\" href=\"https:\/\/abaa.mx\/tienda\/probador-de-aislamiento-auto-rango-1000-v-1604\/\" \/>\n<meta property=\"og:locale\" content=\"es_MX\" \/>\n<meta property=\"og:type\" content=\"article\" \/>\n<meta property=\"og:title\" content=\"Probador de Aislamiento, auto-rango, 1000 V - 1604 - Abaa tienda online\" \/>\n<meta property=\"og:description\" content=\"Especificaciones Generales:   Dimensiones: 190x140x77mm.  Indicaci\u00f3n de sobrecarga: &quot;OL&quot; se mostrar\u00e1 en el panel LCD cuando se realice una medici\u00f3n fuera de rango.  Temperatura de almacenamiento: -10\u00b0C a 60\u00b0C (14\u00b0F a 140\u00b0F).  Indicaci\u00f3n de bater\u00eda baja: Se mostrar\u00e1 cuando la bater\u00eda necesita ser cambiada.  Tasa de muestreo: Pantalla digital de 2,5 veces por segundo - Gr\u00e1fico de barras 10 veces \/ seg.  Monitor: 80x50mm Gran pantalla LCD con pantalla anal\u00f3gica de 50 segmentos m\u00e1x. Lectura 4000.  Fuente de alimentaci\u00f3n: Ocho bater\u00edas de 1.5 voltios de tama\u00f1o AA.  Accesorios: Cables de prueba, bater\u00eda de 8 piezas, estuche de transporte, manual de operaci\u00f3n, software en cd.  Peso: Aprox. 900g con bater\u00eda.  Temperatura y humedad de funcionamiento: 0\u00b0C a 40\u00b0C (32\u00b0F a 104\u00b0F), debajo de 80% RH.  &nbsp;\" \/>\n<meta property=\"og:url\" content=\"https:\/\/abaa.mx\/tienda\/probador-de-aislamiento-auto-rango-1000-v-1604\/\" \/>\n<meta property=\"og:site_name\" content=\"Abaa tienda online\" \/>\n<meta property=\"og:image\" content=\"https:\/\/abaa.mx\/tienda\/wp-content\/uploads\/2023\/11\/TES-1000V-1604.jpg\" \/>\n\t<meta property=\"og:image:width\" content=\"506\" \/>\n\t<meta property=\"og:image:height\" content=\"470\" \/>\n\t<meta property=\"og:image:type\" content=\"image\/jpeg\" \/>\n<meta name=\"twitter:card\" content=\"summary_large_image\" \/>\n<meta name=\"twitter:label1\" content=\"Tiempo de lectura\" \/>\n\t<meta name=\"twitter:data1\" content=\"1 minuto\" \/>\n<script type=\"application\/ld+json\" class=\"yoast-schema-graph\">{\"@context\":\"https:\/\/schema.org\",\"@graph\":[{\"@type\":\"WebPage\",\"@id\":\"https:\/\/abaa.mx\/tienda\/probador-de-aislamiento-auto-rango-1000-v-1604\/\",\"url\":\"https:\/\/abaa.mx\/tienda\/probador-de-aislamiento-auto-rango-1000-v-1604\/\",\"name\":\"Probador de Aislamiento, auto-rango, 1000 V - 1604 - Abaa tienda online\",\"isPartOf\":{\"@id\":\"https:\/\/abaa.mx\/tienda\/#website\"},\"primaryImageOfPage\":{\"@id\":\"https:\/\/abaa.mx\/tienda\/probador-de-aislamiento-auto-rango-1000-v-1604\/#primaryimage\"},\"image\":{\"@id\":\"https:\/\/abaa.mx\/tienda\/probador-de-aislamiento-auto-rango-1000-v-1604\/#primaryimage\"},\"thumbnailUrl\":\"https:\/\/abaa.mx\/tienda\/wp-content\/uploads\/2023\/11\/TES-1000V-1604.jpg\",\"datePublished\":\"2023-11-02T17:03:44+00:00\",\"breadcrumb\":{\"@id\":\"https:\/\/abaa.mx\/tienda\/probador-de-aislamiento-auto-rango-1000-v-1604\/#breadcrumb\"},\"inLanguage\":\"es\",\"potentialAction\":[{\"@type\":\"ReadAction\",\"target\":[\"https:\/\/abaa.mx\/tienda\/probador-de-aislamiento-auto-rango-1000-v-1604\/\"]}]},{\"@type\":\"ImageObject\",\"inLanguage\":\"es\",\"@id\":\"https:\/\/abaa.mx\/tienda\/probador-de-aislamiento-auto-rango-1000-v-1604\/#primaryimage\",\"url\":\"https:\/\/abaa.mx\/tienda\/wp-content\/uploads\/2023\/11\/TES-1000V-1604.jpg\",\"contentUrl\":\"https:\/\/abaa.mx\/tienda\/wp-content\/uploads\/2023\/11\/TES-1000V-1604.jpg\",\"width\":506,\"height\":470,\"caption\":\"TES-1000V-1604\"},{\"@type\":\"BreadcrumbList\",\"@id\":\"https:\/\/abaa.mx\/tienda\/probador-de-aislamiento-auto-rango-1000-v-1604\/#breadcrumb\",\"itemListElement\":[{\"@type\":\"ListItem\",\"position\":1,\"name\":\"Inicio\",\"item\":\"https:\/\/abaa.mx\/tienda\/\"},{\"@type\":\"ListItem\",\"position\":2,\"name\":\"Tienda\",\"item\":\"https:\/\/abaa.mx\/tienda\/\"},{\"@type\":\"ListItem\",\"position\":3,\"name\":\"Probador de Aislamiento, auto-rango, 1000 V &#8211; 1604\"}]},{\"@type\":\"WebSite\",\"@id\":\"https:\/\/abaa.mx\/tienda\/#website\",\"url\":\"https:\/\/abaa.mx\/tienda\/\",\"name\":\"Abaa tienda online\",\"description\":\"Instrumentos de medici\u00f3n\",\"publisher\":{\"@id\":\"https:\/\/abaa.mx\/tienda\/#organization\"},\"potentialAction\":[{\"@type\":\"SearchAction\",\"target\":{\"@type\":\"EntryPoint\",\"urlTemplate\":\"https:\/\/abaa.mx\/tienda\/?s={search_term_string}\"},\"query-input\":{\"@type\":\"PropertyValueSpecification\",\"valueRequired\":true,\"valueName\":\"search_term_string\"}}],\"inLanguage\":\"es\"},{\"@type\":\"Organization\",\"@id\":\"https:\/\/abaa.mx\/tienda\/#organization\",\"name\":\"Abaa tienda online\",\"url\":\"https:\/\/abaa.mx\/tienda\/\",\"logo\":{\"@type\":\"ImageObject\",\"inLanguage\":\"es\",\"@id\":\"https:\/\/abaa.mx\/tienda\/#\/schema\/logo\/image\/\",\"url\":\"https:\/\/abaa.mx\/tienda\/wp-content\/uploads\/2024\/01\/abaa-metrologia-tienda.png\",\"contentUrl\":\"https:\/\/abaa.mx\/tienda\/wp-content\/uploads\/2024\/01\/abaa-metrologia-tienda.png\",\"width\":300,\"height\":141,\"caption\":\"Abaa tienda online\"},\"image\":{\"@id\":\"https:\/\/abaa.mx\/tienda\/#\/schema\/logo\/image\/\"}}]}<\/script>\n<!-- \/ Yoast SEO plugin. -->","yoast_head_json":{"title":"Probador de Aislamiento, auto-rango, 1000 V - 1604 - Abaa tienda online","robots":{"index":"index","follow":"follow","max-snippet":"max-snippet:-1","max-image-preview":"max-image-preview:large","max-video-preview":"max-video-preview:-1"},"canonical":"https:\/\/abaa.mx\/tienda\/probador-de-aislamiento-auto-rango-1000-v-1604\/","og_locale":"es_MX","og_type":"article","og_title":"Probador de Aislamiento, auto-rango, 1000 V - 1604 - Abaa tienda online","og_description":"Especificaciones Generales:   Dimensiones: 190x140x77mm.  Indicaci\u00f3n de sobrecarga: \"OL\" se mostrar\u00e1 en el panel LCD cuando se realice una medici\u00f3n fuera de rango.  Temperatura de almacenamiento: -10\u00b0C a 60\u00b0C (14\u00b0F a 140\u00b0F).  Indicaci\u00f3n de bater\u00eda baja: Se mostrar\u00e1 cuando la bater\u00eda necesita ser cambiada.  Tasa de muestreo: Pantalla digital de 2,5 veces por segundo - Gr\u00e1fico de barras 10 veces \/ seg.  Monitor: 80x50mm Gran pantalla LCD con pantalla anal\u00f3gica de 50 segmentos m\u00e1x. Lectura 4000.  Fuente de alimentaci\u00f3n: Ocho bater\u00edas de 1.5 voltios de tama\u00f1o AA.  Accesorios: Cables de prueba, bater\u00eda de 8 piezas, estuche de transporte, manual de operaci\u00f3n, software en cd.  Peso: Aprox. 900g con bater\u00eda.  Temperatura y humedad de funcionamiento: 0\u00b0C a 40\u00b0C (32\u00b0F a 104\u00b0F), debajo de 80% RH.  &nbsp;","og_url":"https:\/\/abaa.mx\/tienda\/probador-de-aislamiento-auto-rango-1000-v-1604\/","og_site_name":"Abaa tienda online","og_image":[{"width":506,"height":470,"url":"https:\/\/abaa.mx\/tienda\/wp-content\/uploads\/2023\/11\/TES-1000V-1604.jpg","type":"image\/jpeg"}],"twitter_card":"summary_large_image","twitter_misc":{"Tiempo de lectura":"1 minuto"},"schema":{"@context":"https:\/\/schema.org","@graph":[{"@type":"WebPage","@id":"https:\/\/abaa.mx\/tienda\/probador-de-aislamiento-auto-rango-1000-v-1604\/","url":"https:\/\/abaa.mx\/tienda\/probador-de-aislamiento-auto-rango-1000-v-1604\/","name":"Probador de Aislamiento, auto-rango, 1000 V - 1604 - Abaa tienda online","isPartOf":{"@id":"https:\/\/abaa.mx\/tienda\/#website"},"primaryImageOfPage":{"@id":"https:\/\/abaa.mx\/tienda\/probador-de-aislamiento-auto-rango-1000-v-1604\/#primaryimage"},"image":{"@id":"https:\/\/abaa.mx\/tienda\/probador-de-aislamiento-auto-rango-1000-v-1604\/#primaryimage"},"thumbnailUrl":"https:\/\/abaa.mx\/tienda\/wp-content\/uploads\/2023\/11\/TES-1000V-1604.jpg","datePublished":"2023-11-02T17:03:44+00:00","breadcrumb":{"@id":"https:\/\/abaa.mx\/tienda\/probador-de-aislamiento-auto-rango-1000-v-1604\/#breadcrumb"},"inLanguage":"es","potentialAction":[{"@type":"ReadAction","target":["https:\/\/abaa.mx\/tienda\/probador-de-aislamiento-auto-rango-1000-v-1604\/"]}]},{"@type":"ImageObject","inLanguage":"es","@id":"https:\/\/abaa.mx\/tienda\/probador-de-aislamiento-auto-rango-1000-v-1604\/#primaryimage","url":"https:\/\/abaa.mx\/tienda\/wp-content\/uploads\/2023\/11\/TES-1000V-1604.jpg","contentUrl":"https:\/\/abaa.mx\/tienda\/wp-content\/uploads\/2023\/11\/TES-1000V-1604.jpg","width":506,"height":470,"caption":"TES-1000V-1604"},{"@type":"BreadcrumbList","@id":"https:\/\/abaa.mx\/tienda\/probador-de-aislamiento-auto-rango-1000-v-1604\/#breadcrumb","itemListElement":[{"@type":"ListItem","position":1,"name":"Inicio","item":"https:\/\/abaa.mx\/tienda\/"},{"@type":"ListItem","position":2,"name":"Tienda","item":"https:\/\/abaa.mx\/tienda\/"},{"@type":"ListItem","position":3,"name":"Probador de Aislamiento, auto-rango, 1000 V &#8211; 1604"}]},{"@type":"WebSite","@id":"https:\/\/abaa.mx\/tienda\/#website","url":"https:\/\/abaa.mx\/tienda\/","name":"Abaa tienda online","description":"Instrumentos de medici\u00f3n","publisher":{"@id":"https:\/\/abaa.mx\/tienda\/#organization"},"potentialAction":[{"@type":"SearchAction","target":{"@type":"EntryPoint","urlTemplate":"https:\/\/abaa.mx\/tienda\/?s={search_term_string}"},"query-input":{"@type":"PropertyValueSpecification","valueRequired":true,"valueName":"search_term_string"}}],"inLanguage":"es"},{"@type":"Organization","@id":"https:\/\/abaa.mx\/tienda\/#organization","name":"Abaa tienda online","url":"https:\/\/abaa.mx\/tienda\/","logo":{"@type":"ImageObject","inLanguage":"es","@id":"https:\/\/abaa.mx\/tienda\/#\/schema\/logo\/image\/","url":"https:\/\/abaa.mx\/tienda\/wp-content\/uploads\/2024\/01\/abaa-metrologia-tienda.png","contentUrl":"https:\/\/abaa.mx\/tienda\/wp-content\/uploads\/2024\/01\/abaa-metrologia-tienda.png","width":300,"height":141,"caption":"Abaa tienda online"},"image":{"@id":"https:\/\/abaa.mx\/tienda\/#\/schema\/logo\/image\/"}}]}},"_links":{"self":[{"href":"https:\/\/abaa.mx\/tienda\/wp-json\/wp\/v2\/product\/8449","targetHints":{"allow":["GET"]}}],"collection":[{"href":"https:\/\/abaa.mx\/tienda\/wp-json\/wp\/v2\/product"}],"about":[{"href":"https:\/\/abaa.mx\/tienda\/wp-json\/wp\/v2\/types\/product"}],"replies":[{"embeddable":true,"href":"https:\/\/abaa.mx\/tienda\/wp-json\/wp\/v2\/comments?post=8449"}],"wp:featuredmedia":[{"embeddable":true,"href":"https:\/\/abaa.mx\/tienda\/wp-json\/wp\/v2\/media\/8450"}],"wp:attachment":[{"href":"https:\/\/abaa.mx\/tienda\/wp-json\/wp\/v2\/media?parent=8449"}],"wp:term":[{"taxonomy":"product_brand","embeddable":true,"href":"https:\/\/abaa.mx\/tienda\/wp-json\/wp\/v2\/product_brand?post=8449"},{"taxonomy":"product_cat","embeddable":true,"href":"https:\/\/abaa.mx\/tienda\/wp-json\/wp\/v2\/product_cat?post=8449"},{"taxonomy":"product_tag","embeddable":true,"href":"https:\/\/abaa.mx\/tienda\/wp-json\/wp\/v2\/product_tag?post=8449"}],"curies":[{"name":"wp","href":"https:\/\/api.w.org\/{rel}","templated":true}]}}