{"id":8442,"date":"2023-11-02T16:50:33","date_gmt":"2023-11-02T16:50:33","guid":{"rendered":"https:\/\/abaa.mx\/tienda\/?post_type=product&#038;p=8442"},"modified":"2023-11-02T16:50:34","modified_gmt":"2023-11-02T16:50:34","slug":"kit-de-adherencia-multi-herramienta-sp3000","status":"publish","type":"product","link":"https:\/\/abaa.mx\/tienda\/kit-de-adherencia-multi-herramienta-sp3000\/","title":{"rendered":"Kit de adherencia Multi-herramienta &#8211; SP3000"},"content":{"rendered":"<p>Kit de adherencia Multi-herramienta &#8211; SP3000<\/p>\n","protected":false},"excerpt":{"rendered":"<p>La prueba de adhesi\u00f3n de corte transversal TQC KIT (Master Paint Plate) es una herramienta de medici\u00f3n de acero inoxidable que incluye: una prueba de adhesi\u00f3n de corte transversal de 1 mm, 1.5 mm, 2 mm y 3 mm seg\u00fan NEN-EN-ISO 2409: 2003 y ASTM D 3359 (Corte X) Cruz de Andreas.<\/p>\n<p><b>Herramientas Adicionales:<\/b><\/p>\n<ul>\n<li>El borde superior proporciona una prueba de nivelaci\u00f3n, una indicaci\u00f3n de la viscosidad del recubrimiento.<\/li>\n<li>NEN-EN-ISO-2409<\/li>\n<li>Entrega incluye herramienta de corte y cinta adhesiva.<\/li>\n<li>En la parte inferior hay un aplicador de pel\u00edcula h\u00fameda que va de 0 a 180 ?m.<\/li>\n<li>ASTM D3359<\/li>\n<li>Cumple con los estandares:<\/li>\n<li>En las esquinas hay un rectificador de borde para la correcta redondez de los bordes.<\/li>\n<li>Medidor de espesor de pel\u00edcula h\u00fameda que oscila entre 50 micras y 160 micras.<\/li>\n<\/ul>\n<p>Aplicaciones : Automotor, industria del revestimiento, cuidado de construcci\u00f3n \/construcci\u00f3n, galvanizado, laboratorio, pintura, bienes ra\u00edces, industria naviera, protecci\u00f3n de acero.<\/p>\n","protected":false},"featured_media":8446,"comment_status":"open","ping_status":"closed","template":"","meta":{"_joinchat":[]},"product_brand":[],"product_cat":[105],"product_tag":[],"class_list":{"0":"post-8442","1":"product","2":"type-product","3":"status-publish","4":"has-post-thumbnail","6":"product_cat-medidor-de-adhesion","8":"first","9":"instock","10":"shipping-taxable","11":"product-type-simple"},"yoast_head":"<!-- This site is optimized with the Yoast SEO plugin v26.4 - https:\/\/yoast.com\/wordpress\/plugins\/seo\/ -->\n<title>Kit de adherencia Multi-herramienta - SP3000 - Abaa tienda online<\/title>\n<meta name=\"robots\" content=\"index, follow, max-snippet:-1, max-image-preview:large, max-video-preview:-1\" \/>\n<link rel=\"canonical\" href=\"https:\/\/abaa.mx\/tienda\/kit-de-adherencia-multi-herramienta-sp3000\/\" \/>\n<meta property=\"og:locale\" content=\"es_MX\" \/>\n<meta property=\"og:type\" content=\"article\" \/>\n<meta property=\"og:title\" content=\"Kit de adherencia Multi-herramienta - SP3000 - Abaa tienda online\" \/>\n<meta property=\"og:description\" content=\"La prueba de adhesi\u00f3n de corte transversal TQC KIT (Master Paint Plate) es una herramienta de medici\u00f3n de acero inoxidable que incluye: una prueba de adhesi\u00f3n de corte transversal de 1 mm, 1.5 mm, 2 mm y 3 mm seg\u00fan NEN-EN-ISO 2409: 2003 y ASTM D 3359 (Corte X) Cruz de Andreas.  Herramientas Adicionales:   El borde superior proporciona una prueba de nivelaci\u00f3n, una indicaci\u00f3n de la viscosidad del recubrimiento.  NEN-EN-ISO-2409  Entrega incluye herramienta de corte y cinta adhesiva.  En la parte inferior hay un aplicador de pel\u00edcula h\u00fameda que va de 0 a 180 ?m.  ASTM D3359  Cumple con los estandares:  En las esquinas hay un rectificador de borde para la correcta redondez de los bordes.  Medidor de espesor de pel\u00edcula h\u00fameda que oscila entre 50 micras y 160 micras.  Aplicaciones : Automotor, industria del revestimiento, cuidado de construcci\u00f3n \/construcci\u00f3n, galvanizado, laboratorio, pintura, bienes ra\u00edces, industria naviera, protecci\u00f3n de acero.\" \/>\n<meta property=\"og:url\" content=\"https:\/\/abaa.mx\/tienda\/kit-de-adherencia-multi-herramienta-sp3000\/\" \/>\n<meta property=\"og:site_name\" content=\"Abaa tienda online\" \/>\n<meta property=\"article:modified_time\" content=\"2023-11-02T16:50:34+00:00\" \/>\n<meta property=\"og:image\" content=\"https:\/\/abaa.mx\/tienda\/wp-content\/uploads\/2023\/11\/TQC-SP3000.jpg\" \/>\n\t<meta property=\"og:image:width\" content=\"437\" \/>\n\t<meta property=\"og:image:height\" content=\"476\" \/>\n\t<meta property=\"og:image:type\" content=\"image\/jpeg\" \/>\n<meta name=\"twitter:card\" content=\"summary_large_image\" \/>\n<meta name=\"twitter:label1\" content=\"Tiempo de lectura\" \/>\n\t<meta name=\"twitter:data1\" content=\"1 minuto\" \/>\n<script type=\"application\/ld+json\" class=\"yoast-schema-graph\">{\"@context\":\"https:\/\/schema.org\",\"@graph\":[{\"@type\":\"WebPage\",\"@id\":\"https:\/\/abaa.mx\/tienda\/kit-de-adherencia-multi-herramienta-sp3000\/\",\"url\":\"https:\/\/abaa.mx\/tienda\/kit-de-adherencia-multi-herramienta-sp3000\/\",\"name\":\"Kit de adherencia Multi-herramienta - SP3000 - Abaa tienda online\",\"isPartOf\":{\"@id\":\"https:\/\/abaa.mx\/tienda\/#website\"},\"primaryImageOfPage\":{\"@id\":\"https:\/\/abaa.mx\/tienda\/kit-de-adherencia-multi-herramienta-sp3000\/#primaryimage\"},\"image\":{\"@id\":\"https:\/\/abaa.mx\/tienda\/kit-de-adherencia-multi-herramienta-sp3000\/#primaryimage\"},\"thumbnailUrl\":\"https:\/\/abaa.mx\/tienda\/wp-content\/uploads\/2023\/11\/TQC-SP3000.jpg\",\"datePublished\":\"2023-11-02T16:50:33+00:00\",\"dateModified\":\"2023-11-02T16:50:34+00:00\",\"breadcrumb\":{\"@id\":\"https:\/\/abaa.mx\/tienda\/kit-de-adherencia-multi-herramienta-sp3000\/#breadcrumb\"},\"inLanguage\":\"es\",\"potentialAction\":[{\"@type\":\"ReadAction\",\"target\":[\"https:\/\/abaa.mx\/tienda\/kit-de-adherencia-multi-herramienta-sp3000\/\"]}]},{\"@type\":\"ImageObject\",\"inLanguage\":\"es\",\"@id\":\"https:\/\/abaa.mx\/tienda\/kit-de-adherencia-multi-herramienta-sp3000\/#primaryimage\",\"url\":\"https:\/\/abaa.mx\/tienda\/wp-content\/uploads\/2023\/11\/TQC-SP3000.jpg\",\"contentUrl\":\"https:\/\/abaa.mx\/tienda\/wp-content\/uploads\/2023\/11\/TQC-SP3000.jpg\",\"width\":437,\"height\":476,\"caption\":\"TQC-SP3000\"},{\"@type\":\"BreadcrumbList\",\"@id\":\"https:\/\/abaa.mx\/tienda\/kit-de-adherencia-multi-herramienta-sp3000\/#breadcrumb\",\"itemListElement\":[{\"@type\":\"ListItem\",\"position\":1,\"name\":\"Inicio\",\"item\":\"https:\/\/abaa.mx\/tienda\/\"},{\"@type\":\"ListItem\",\"position\":2,\"name\":\"Tienda\",\"item\":\"https:\/\/abaa.mx\/tienda\/\"},{\"@type\":\"ListItem\",\"position\":3,\"name\":\"Kit de adherencia Multi-herramienta &#8211; SP3000\"}]},{\"@type\":\"WebSite\",\"@id\":\"https:\/\/abaa.mx\/tienda\/#website\",\"url\":\"https:\/\/abaa.mx\/tienda\/\",\"name\":\"Abaa tienda online\",\"description\":\"Instrumentos de medici\u00f3n\",\"publisher\":{\"@id\":\"https:\/\/abaa.mx\/tienda\/#organization\"},\"potentialAction\":[{\"@type\":\"SearchAction\",\"target\":{\"@type\":\"EntryPoint\",\"urlTemplate\":\"https:\/\/abaa.mx\/tienda\/?s={search_term_string}\"},\"query-input\":{\"@type\":\"PropertyValueSpecification\",\"valueRequired\":true,\"valueName\":\"search_term_string\"}}],\"inLanguage\":\"es\"},{\"@type\":\"Organization\",\"@id\":\"https:\/\/abaa.mx\/tienda\/#organization\",\"name\":\"Abaa tienda online\",\"url\":\"https:\/\/abaa.mx\/tienda\/\",\"logo\":{\"@type\":\"ImageObject\",\"inLanguage\":\"es\",\"@id\":\"https:\/\/abaa.mx\/tienda\/#\/schema\/logo\/image\/\",\"url\":\"https:\/\/abaa.mx\/tienda\/wp-content\/uploads\/2024\/01\/abaa-metrologia-tienda.png\",\"contentUrl\":\"https:\/\/abaa.mx\/tienda\/wp-content\/uploads\/2024\/01\/abaa-metrologia-tienda.png\",\"width\":300,\"height\":141,\"caption\":\"Abaa tienda online\"},\"image\":{\"@id\":\"https:\/\/abaa.mx\/tienda\/#\/schema\/logo\/image\/\"}}]}<\/script>\n<!-- \/ Yoast SEO plugin. -->","yoast_head_json":{"title":"Kit de adherencia Multi-herramienta - SP3000 - Abaa tienda online","robots":{"index":"index","follow":"follow","max-snippet":"max-snippet:-1","max-image-preview":"max-image-preview:large","max-video-preview":"max-video-preview:-1"},"canonical":"https:\/\/abaa.mx\/tienda\/kit-de-adherencia-multi-herramienta-sp3000\/","og_locale":"es_MX","og_type":"article","og_title":"Kit de adherencia Multi-herramienta - SP3000 - Abaa tienda online","og_description":"La prueba de adhesi\u00f3n de corte transversal TQC KIT (Master Paint Plate) es una herramienta de medici\u00f3n de acero inoxidable que incluye: una prueba de adhesi\u00f3n de corte transversal de 1 mm, 1.5 mm, 2 mm y 3 mm seg\u00fan NEN-EN-ISO 2409: 2003 y ASTM D 3359 (Corte X) Cruz de Andreas.  Herramientas Adicionales:   El borde superior proporciona una prueba de nivelaci\u00f3n, una indicaci\u00f3n de la viscosidad del recubrimiento.  NEN-EN-ISO-2409  Entrega incluye herramienta de corte y cinta adhesiva.  En la parte inferior hay un aplicador de pel\u00edcula h\u00fameda que va de 0 a 180 ?m.  ASTM D3359  Cumple con los estandares:  En las esquinas hay un rectificador de borde para la correcta redondez de los bordes.  Medidor de espesor de pel\u00edcula h\u00fameda que oscila entre 50 micras y 160 micras.  Aplicaciones : Automotor, industria del revestimiento, cuidado de construcci\u00f3n \/construcci\u00f3n, galvanizado, laboratorio, pintura, bienes ra\u00edces, industria naviera, protecci\u00f3n de acero.","og_url":"https:\/\/abaa.mx\/tienda\/kit-de-adherencia-multi-herramienta-sp3000\/","og_site_name":"Abaa tienda online","article_modified_time":"2023-11-02T16:50:34+00:00","og_image":[{"width":437,"height":476,"url":"https:\/\/abaa.mx\/tienda\/wp-content\/uploads\/2023\/11\/TQC-SP3000.jpg","type":"image\/jpeg"}],"twitter_card":"summary_large_image","twitter_misc":{"Tiempo de lectura":"1 minuto"},"schema":{"@context":"https:\/\/schema.org","@graph":[{"@type":"WebPage","@id":"https:\/\/abaa.mx\/tienda\/kit-de-adherencia-multi-herramienta-sp3000\/","url":"https:\/\/abaa.mx\/tienda\/kit-de-adherencia-multi-herramienta-sp3000\/","name":"Kit de adherencia Multi-herramienta - SP3000 - Abaa tienda online","isPartOf":{"@id":"https:\/\/abaa.mx\/tienda\/#website"},"primaryImageOfPage":{"@id":"https:\/\/abaa.mx\/tienda\/kit-de-adherencia-multi-herramienta-sp3000\/#primaryimage"},"image":{"@id":"https:\/\/abaa.mx\/tienda\/kit-de-adherencia-multi-herramienta-sp3000\/#primaryimage"},"thumbnailUrl":"https:\/\/abaa.mx\/tienda\/wp-content\/uploads\/2023\/11\/TQC-SP3000.jpg","datePublished":"2023-11-02T16:50:33+00:00","dateModified":"2023-11-02T16:50:34+00:00","breadcrumb":{"@id":"https:\/\/abaa.mx\/tienda\/kit-de-adherencia-multi-herramienta-sp3000\/#breadcrumb"},"inLanguage":"es","potentialAction":[{"@type":"ReadAction","target":["https:\/\/abaa.mx\/tienda\/kit-de-adherencia-multi-herramienta-sp3000\/"]}]},{"@type":"ImageObject","inLanguage":"es","@id":"https:\/\/abaa.mx\/tienda\/kit-de-adherencia-multi-herramienta-sp3000\/#primaryimage","url":"https:\/\/abaa.mx\/tienda\/wp-content\/uploads\/2023\/11\/TQC-SP3000.jpg","contentUrl":"https:\/\/abaa.mx\/tienda\/wp-content\/uploads\/2023\/11\/TQC-SP3000.jpg","width":437,"height":476,"caption":"TQC-SP3000"},{"@type":"BreadcrumbList","@id":"https:\/\/abaa.mx\/tienda\/kit-de-adherencia-multi-herramienta-sp3000\/#breadcrumb","itemListElement":[{"@type":"ListItem","position":1,"name":"Inicio","item":"https:\/\/abaa.mx\/tienda\/"},{"@type":"ListItem","position":2,"name":"Tienda","item":"https:\/\/abaa.mx\/tienda\/"},{"@type":"ListItem","position":3,"name":"Kit de adherencia Multi-herramienta &#8211; SP3000"}]},{"@type":"WebSite","@id":"https:\/\/abaa.mx\/tienda\/#website","url":"https:\/\/abaa.mx\/tienda\/","name":"Abaa tienda online","description":"Instrumentos de medici\u00f3n","publisher":{"@id":"https:\/\/abaa.mx\/tienda\/#organization"},"potentialAction":[{"@type":"SearchAction","target":{"@type":"EntryPoint","urlTemplate":"https:\/\/abaa.mx\/tienda\/?s={search_term_string}"},"query-input":{"@type":"PropertyValueSpecification","valueRequired":true,"valueName":"search_term_string"}}],"inLanguage":"es"},{"@type":"Organization","@id":"https:\/\/abaa.mx\/tienda\/#organization","name":"Abaa tienda online","url":"https:\/\/abaa.mx\/tienda\/","logo":{"@type":"ImageObject","inLanguage":"es","@id":"https:\/\/abaa.mx\/tienda\/#\/schema\/logo\/image\/","url":"https:\/\/abaa.mx\/tienda\/wp-content\/uploads\/2024\/01\/abaa-metrologia-tienda.png","contentUrl":"https:\/\/abaa.mx\/tienda\/wp-content\/uploads\/2024\/01\/abaa-metrologia-tienda.png","width":300,"height":141,"caption":"Abaa tienda online"},"image":{"@id":"https:\/\/abaa.mx\/tienda\/#\/schema\/logo\/image\/"}}]}},"_links":{"self":[{"href":"https:\/\/abaa.mx\/tienda\/wp-json\/wp\/v2\/product\/8442","targetHints":{"allow":["GET"]}}],"collection":[{"href":"https:\/\/abaa.mx\/tienda\/wp-json\/wp\/v2\/product"}],"about":[{"href":"https:\/\/abaa.mx\/tienda\/wp-json\/wp\/v2\/types\/product"}],"replies":[{"embeddable":true,"href":"https:\/\/abaa.mx\/tienda\/wp-json\/wp\/v2\/comments?post=8442"}],"wp:featuredmedia":[{"embeddable":true,"href":"https:\/\/abaa.mx\/tienda\/wp-json\/wp\/v2\/media\/8446"}],"wp:attachment":[{"href":"https:\/\/abaa.mx\/tienda\/wp-json\/wp\/v2\/media?parent=8442"}],"wp:term":[{"taxonomy":"product_brand","embeddable":true,"href":"https:\/\/abaa.mx\/tienda\/wp-json\/wp\/v2\/product_brand?post=8442"},{"taxonomy":"product_cat","embeddable":true,"href":"https:\/\/abaa.mx\/tienda\/wp-json\/wp\/v2\/product_cat?post=8442"},{"taxonomy":"product_tag","embeddable":true,"href":"https:\/\/abaa.mx\/tienda\/wp-json\/wp\/v2\/product_tag?post=8442"}],"curies":[{"name":"wp","href":"https:\/\/api.w.org\/{rel}","templated":true}]}}