{"id":8441,"date":"2023-11-02T16:46:47","date_gmt":"2023-11-02T16:46:47","guid":{"rendered":"https:\/\/abaa.mx\/tienda\/?post_type=product&#038;p=8441"},"modified":"2023-11-02T16:46:47","modified_gmt":"2023-11-02T16:46:47","slug":"kit-de-ensayo-para-polvos-en-superficies-tqc-sp3200","status":"publish","type":"product","link":"https:\/\/abaa.mx\/tienda\/kit-de-ensayo-para-polvos-en-superficies-tqc-sp3200\/","title":{"rendered":"Kit de Ensayo para Polvos en Superficies, TQC &#8211; SP3200"},"content":{"rendered":"<p>Kit de Ensayo para Polvos en Superficies, TQC &#8211; SP3200<\/p>\n","protected":false},"excerpt":{"rendered":"<p>Kit de prueba de polvo TQCAlcance del suministro: Caja con tablero de visualizaci\u00f3n del comparador de polvo, placa de evaluaci\u00f3n de polvo, cinta adhesiva con lupa alumbrada y un juego de hojas de registro de pruebas.<br \/>\nEl kit de prueba de polvo TQC seg\u00fan la regla ISO 8502-3 permite valorar la cantidad y el tama\u00f1o de las part\u00edculas de polvo en las superficies listas para pintar. El polvo en las superficies limpiadas con chorro de arena puede reducir la adherencia del revestimiento, lo que provoca un fallo prematuro del mismo y un acabado deficiente. El kit de prueba de polvo se puede emplear seg\u00fan con las recomendaciones de la regla BS EN ISO 8502-3, as\u00ed sea como una prueba de pasa\/no pasa o como un registro persistente de la existencia de polvo.<br \/>\nReglas del KIT de prueba de polvo<br \/>\nISO8502-3<br \/>\nalcance del suministro<br \/>\nLupa port\u00e1til de 10 aumentos a pilas (2xAA) con lente de cristal y fuente de luz dentro<br \/>\nCinta adhesiva acc. ISO 8502-3 (resistencia a la adherencia por pelado de cuando menos 190N por metro de ancho)<br \/>\nPar de tijeras<br \/>\nManual ilustrado<br \/>\nTablero de comparaci\u00f3n en blanco y negro, para valorar la cantidad y el tama\u00f1o de part\u00edculapolvo<br \/>\nEjemplo de hoja de transferencia<br \/>\nFormularios de informe (25 unidades ).<\/p>\n<p class=\"description-heading\"><strong>Aplicaciones:<\/strong><\/p>\n<ul>\n<li>Prueba de revestimiento.<\/li>\n<li>Pruebas de temperatura y clima.<\/li>\n<li>Prueba de adherencia.<\/li>\n<\/ul>\n<p><strong>Industrias:<\/strong><\/p>\n<ul>\n<li>Tintas y recubrimientos.<\/li>\n<li>Marina.<\/li>\n<\/ul>\n<p><strong>Materiales:<\/strong><\/p>\n<ul class=\"description-list\">\n<li class=\"description-list-item\">Tintas y recubrimientos<\/li>\n<\/ul>\n","protected":false},"featured_media":8445,"comment_status":"open","ping_status":"closed","template":"","meta":{"_joinchat":[]},"product_brand":[],"product_cat":[105],"product_tag":[],"class_list":{"0":"post-8441","1":"product","2":"type-product","3":"status-publish","4":"has-post-thumbnail","6":"product_cat-medidor-de-adhesion","8":"first","9":"instock","10":"shipping-taxable","11":"product-type-simple"},"yoast_head":"<!-- This site is optimized with the Yoast SEO plugin v26.4 - https:\/\/yoast.com\/wordpress\/plugins\/seo\/ -->\n<title>Kit de Ensayo para Polvos en Superficies, TQC - SP3200 - Abaa tienda online<\/title>\n<meta name=\"robots\" content=\"index, follow, max-snippet:-1, max-image-preview:large, max-video-preview:-1\" \/>\n<link rel=\"canonical\" href=\"https:\/\/abaa.mx\/tienda\/kit-de-ensayo-para-polvos-en-superficies-tqc-sp3200\/\" \/>\n<meta property=\"og:locale\" content=\"es_MX\" \/>\n<meta property=\"og:type\" content=\"article\" \/>\n<meta property=\"og:title\" content=\"Kit de Ensayo para Polvos en Superficies, TQC - SP3200 - Abaa tienda online\" \/>\n<meta property=\"og:description\" content=\"Kit de prueba de polvo TQCAlcance del suministro: Caja con tablero de visualizaci\u00f3n del comparador de polvo, placa de evaluaci\u00f3n de polvo, cinta adhesiva con lupa alumbrada y un juego de hojas de registro de pruebas. El kit de prueba de polvo TQC seg\u00fan la regla ISO 8502-3 permite valorar la cantidad y el tama\u00f1o de las part\u00edculas de polvo en las superficies listas para pintar. El polvo en las superficies limpiadas con chorro de arena puede reducir la adherencia del revestimiento, lo que provoca un fallo prematuro del mismo y un acabado deficiente. El kit de prueba de polvo se puede emplear seg\u00fan con las recomendaciones de la regla BS EN ISO 8502-3, as\u00ed sea como una prueba de pasa\/no pasa o como un registro persistente de la existencia de polvo. Reglas del KIT de prueba de polvo ISO8502-3 alcance del suministro Lupa port\u00e1til de 10 aumentos a pilas (2xAA) con lente de cristal y fuente de luz dentro Cinta adhesiva acc. ISO 8502-3 (resistencia a la adherencia por pelado de cuando menos 190N por metro de ancho) Par de tijeras Manual ilustrado Tablero de comparaci\u00f3n en blanco y negro, para valorar la cantidad y el tama\u00f1o de part\u00edculapolvo Ejemplo de hoja de transferencia Formularios de informe (25 unidades ). Aplicaciones:    Prueba de revestimiento.  Pruebas de temperatura y clima.  Prueba de adherencia.  Industrias:   Tintas y recubrimientos.  Marina.  Materiales:   Tintas y recubrimientos\" \/>\n<meta property=\"og:url\" content=\"https:\/\/abaa.mx\/tienda\/kit-de-ensayo-para-polvos-en-superficies-tqc-sp3200\/\" \/>\n<meta property=\"og:site_name\" content=\"Abaa tienda online\" \/>\n<meta property=\"og:image\" content=\"https:\/\/abaa.mx\/tienda\/wp-content\/uploads\/2023\/11\/TQC-SP3200.jpg\" \/>\n\t<meta property=\"og:image:width\" content=\"630\" \/>\n\t<meta property=\"og:image:height\" content=\"421\" \/>\n\t<meta property=\"og:image:type\" content=\"image\/jpeg\" \/>\n<meta name=\"twitter:card\" content=\"summary_large_image\" \/>\n<meta name=\"twitter:label1\" content=\"Tiempo de lectura\" \/>\n\t<meta name=\"twitter:data1\" content=\"1 minuto\" \/>\n<script type=\"application\/ld+json\" class=\"yoast-schema-graph\">{\"@context\":\"https:\/\/schema.org\",\"@graph\":[{\"@type\":\"WebPage\",\"@id\":\"https:\/\/abaa.mx\/tienda\/kit-de-ensayo-para-polvos-en-superficies-tqc-sp3200\/\",\"url\":\"https:\/\/abaa.mx\/tienda\/kit-de-ensayo-para-polvos-en-superficies-tqc-sp3200\/\",\"name\":\"Kit de Ensayo para Polvos en Superficies, TQC - SP3200 - Abaa tienda online\",\"isPartOf\":{\"@id\":\"https:\/\/abaa.mx\/tienda\/#website\"},\"primaryImageOfPage\":{\"@id\":\"https:\/\/abaa.mx\/tienda\/kit-de-ensayo-para-polvos-en-superficies-tqc-sp3200\/#primaryimage\"},\"image\":{\"@id\":\"https:\/\/abaa.mx\/tienda\/kit-de-ensayo-para-polvos-en-superficies-tqc-sp3200\/#primaryimage\"},\"thumbnailUrl\":\"https:\/\/abaa.mx\/tienda\/wp-content\/uploads\/2023\/11\/TQC-SP3200.jpg\",\"datePublished\":\"2023-11-02T16:46:47+00:00\",\"breadcrumb\":{\"@id\":\"https:\/\/abaa.mx\/tienda\/kit-de-ensayo-para-polvos-en-superficies-tqc-sp3200\/#breadcrumb\"},\"inLanguage\":\"es\",\"potentialAction\":[{\"@type\":\"ReadAction\",\"target\":[\"https:\/\/abaa.mx\/tienda\/kit-de-ensayo-para-polvos-en-superficies-tqc-sp3200\/\"]}]},{\"@type\":\"ImageObject\",\"inLanguage\":\"es\",\"@id\":\"https:\/\/abaa.mx\/tienda\/kit-de-ensayo-para-polvos-en-superficies-tqc-sp3200\/#primaryimage\",\"url\":\"https:\/\/abaa.mx\/tienda\/wp-content\/uploads\/2023\/11\/TQC-SP3200.jpg\",\"contentUrl\":\"https:\/\/abaa.mx\/tienda\/wp-content\/uploads\/2023\/11\/TQC-SP3200.jpg\",\"width\":630,\"height\":421,\"caption\":\"TQC-SP3200\"},{\"@type\":\"BreadcrumbList\",\"@id\":\"https:\/\/abaa.mx\/tienda\/kit-de-ensayo-para-polvos-en-superficies-tqc-sp3200\/#breadcrumb\",\"itemListElement\":[{\"@type\":\"ListItem\",\"position\":1,\"name\":\"Inicio\",\"item\":\"https:\/\/abaa.mx\/tienda\/\"},{\"@type\":\"ListItem\",\"position\":2,\"name\":\"Tienda\",\"item\":\"https:\/\/abaa.mx\/tienda\/\"},{\"@type\":\"ListItem\",\"position\":3,\"name\":\"Kit de Ensayo para Polvos en Superficies, TQC &#8211; SP3200\"}]},{\"@type\":\"WebSite\",\"@id\":\"https:\/\/abaa.mx\/tienda\/#website\",\"url\":\"https:\/\/abaa.mx\/tienda\/\",\"name\":\"Abaa tienda online\",\"description\":\"Instrumentos de medici\u00f3n\",\"publisher\":{\"@id\":\"https:\/\/abaa.mx\/tienda\/#organization\"},\"potentialAction\":[{\"@type\":\"SearchAction\",\"target\":{\"@type\":\"EntryPoint\",\"urlTemplate\":\"https:\/\/abaa.mx\/tienda\/?s={search_term_string}\"},\"query-input\":{\"@type\":\"PropertyValueSpecification\",\"valueRequired\":true,\"valueName\":\"search_term_string\"}}],\"inLanguage\":\"es\"},{\"@type\":\"Organization\",\"@id\":\"https:\/\/abaa.mx\/tienda\/#organization\",\"name\":\"Abaa tienda online\",\"url\":\"https:\/\/abaa.mx\/tienda\/\",\"logo\":{\"@type\":\"ImageObject\",\"inLanguage\":\"es\",\"@id\":\"https:\/\/abaa.mx\/tienda\/#\/schema\/logo\/image\/\",\"url\":\"https:\/\/abaa.mx\/tienda\/wp-content\/uploads\/2024\/01\/abaa-metrologia-tienda.png\",\"contentUrl\":\"https:\/\/abaa.mx\/tienda\/wp-content\/uploads\/2024\/01\/abaa-metrologia-tienda.png\",\"width\":300,\"height\":141,\"caption\":\"Abaa tienda online\"},\"image\":{\"@id\":\"https:\/\/abaa.mx\/tienda\/#\/schema\/logo\/image\/\"}}]}<\/script>\n<!-- \/ Yoast SEO plugin. -->","yoast_head_json":{"title":"Kit de Ensayo para Polvos en Superficies, TQC - SP3200 - Abaa tienda online","robots":{"index":"index","follow":"follow","max-snippet":"max-snippet:-1","max-image-preview":"max-image-preview:large","max-video-preview":"max-video-preview:-1"},"canonical":"https:\/\/abaa.mx\/tienda\/kit-de-ensayo-para-polvos-en-superficies-tqc-sp3200\/","og_locale":"es_MX","og_type":"article","og_title":"Kit de Ensayo para Polvos en Superficies, TQC - SP3200 - Abaa tienda online","og_description":"Kit de prueba de polvo TQCAlcance del suministro: Caja con tablero de visualizaci\u00f3n del comparador de polvo, placa de evaluaci\u00f3n de polvo, cinta adhesiva con lupa alumbrada y un juego de hojas de registro de pruebas. El kit de prueba de polvo TQC seg\u00fan la regla ISO 8502-3 permite valorar la cantidad y el tama\u00f1o de las part\u00edculas de polvo en las superficies listas para pintar. El polvo en las superficies limpiadas con chorro de arena puede reducir la adherencia del revestimiento, lo que provoca un fallo prematuro del mismo y un acabado deficiente. El kit de prueba de polvo se puede emplear seg\u00fan con las recomendaciones de la regla BS EN ISO 8502-3, as\u00ed sea como una prueba de pasa\/no pasa o como un registro persistente de la existencia de polvo. Reglas del KIT de prueba de polvo ISO8502-3 alcance del suministro Lupa port\u00e1til de 10 aumentos a pilas (2xAA) con lente de cristal y fuente de luz dentro Cinta adhesiva acc. ISO 8502-3 (resistencia a la adherencia por pelado de cuando menos 190N por metro de ancho) Par de tijeras Manual ilustrado Tablero de comparaci\u00f3n en blanco y negro, para valorar la cantidad y el tama\u00f1o de part\u00edculapolvo Ejemplo de hoja de transferencia Formularios de informe (25 unidades ). Aplicaciones:    Prueba de revestimiento.  Pruebas de temperatura y clima.  Prueba de adherencia.  Industrias:   Tintas y recubrimientos.  Marina.  Materiales:   Tintas y recubrimientos","og_url":"https:\/\/abaa.mx\/tienda\/kit-de-ensayo-para-polvos-en-superficies-tqc-sp3200\/","og_site_name":"Abaa tienda online","og_image":[{"width":630,"height":421,"url":"https:\/\/abaa.mx\/tienda\/wp-content\/uploads\/2023\/11\/TQC-SP3200.jpg","type":"image\/jpeg"}],"twitter_card":"summary_large_image","twitter_misc":{"Tiempo de lectura":"1 minuto"},"schema":{"@context":"https:\/\/schema.org","@graph":[{"@type":"WebPage","@id":"https:\/\/abaa.mx\/tienda\/kit-de-ensayo-para-polvos-en-superficies-tqc-sp3200\/","url":"https:\/\/abaa.mx\/tienda\/kit-de-ensayo-para-polvos-en-superficies-tqc-sp3200\/","name":"Kit de Ensayo para Polvos en Superficies, TQC - SP3200 - Abaa tienda online","isPartOf":{"@id":"https:\/\/abaa.mx\/tienda\/#website"},"primaryImageOfPage":{"@id":"https:\/\/abaa.mx\/tienda\/kit-de-ensayo-para-polvos-en-superficies-tqc-sp3200\/#primaryimage"},"image":{"@id":"https:\/\/abaa.mx\/tienda\/kit-de-ensayo-para-polvos-en-superficies-tqc-sp3200\/#primaryimage"},"thumbnailUrl":"https:\/\/abaa.mx\/tienda\/wp-content\/uploads\/2023\/11\/TQC-SP3200.jpg","datePublished":"2023-11-02T16:46:47+00:00","breadcrumb":{"@id":"https:\/\/abaa.mx\/tienda\/kit-de-ensayo-para-polvos-en-superficies-tqc-sp3200\/#breadcrumb"},"inLanguage":"es","potentialAction":[{"@type":"ReadAction","target":["https:\/\/abaa.mx\/tienda\/kit-de-ensayo-para-polvos-en-superficies-tqc-sp3200\/"]}]},{"@type":"ImageObject","inLanguage":"es","@id":"https:\/\/abaa.mx\/tienda\/kit-de-ensayo-para-polvos-en-superficies-tqc-sp3200\/#primaryimage","url":"https:\/\/abaa.mx\/tienda\/wp-content\/uploads\/2023\/11\/TQC-SP3200.jpg","contentUrl":"https:\/\/abaa.mx\/tienda\/wp-content\/uploads\/2023\/11\/TQC-SP3200.jpg","width":630,"height":421,"caption":"TQC-SP3200"},{"@type":"BreadcrumbList","@id":"https:\/\/abaa.mx\/tienda\/kit-de-ensayo-para-polvos-en-superficies-tqc-sp3200\/#breadcrumb","itemListElement":[{"@type":"ListItem","position":1,"name":"Inicio","item":"https:\/\/abaa.mx\/tienda\/"},{"@type":"ListItem","position":2,"name":"Tienda","item":"https:\/\/abaa.mx\/tienda\/"},{"@type":"ListItem","position":3,"name":"Kit de Ensayo para Polvos en Superficies, TQC &#8211; SP3200"}]},{"@type":"WebSite","@id":"https:\/\/abaa.mx\/tienda\/#website","url":"https:\/\/abaa.mx\/tienda\/","name":"Abaa tienda online","description":"Instrumentos de medici\u00f3n","publisher":{"@id":"https:\/\/abaa.mx\/tienda\/#organization"},"potentialAction":[{"@type":"SearchAction","target":{"@type":"EntryPoint","urlTemplate":"https:\/\/abaa.mx\/tienda\/?s={search_term_string}"},"query-input":{"@type":"PropertyValueSpecification","valueRequired":true,"valueName":"search_term_string"}}],"inLanguage":"es"},{"@type":"Organization","@id":"https:\/\/abaa.mx\/tienda\/#organization","name":"Abaa tienda online","url":"https:\/\/abaa.mx\/tienda\/","logo":{"@type":"ImageObject","inLanguage":"es","@id":"https:\/\/abaa.mx\/tienda\/#\/schema\/logo\/image\/","url":"https:\/\/abaa.mx\/tienda\/wp-content\/uploads\/2024\/01\/abaa-metrologia-tienda.png","contentUrl":"https:\/\/abaa.mx\/tienda\/wp-content\/uploads\/2024\/01\/abaa-metrologia-tienda.png","width":300,"height":141,"caption":"Abaa tienda online"},"image":{"@id":"https:\/\/abaa.mx\/tienda\/#\/schema\/logo\/image\/"}}]}},"_links":{"self":[{"href":"https:\/\/abaa.mx\/tienda\/wp-json\/wp\/v2\/product\/8441","targetHints":{"allow":["GET"]}}],"collection":[{"href":"https:\/\/abaa.mx\/tienda\/wp-json\/wp\/v2\/product"}],"about":[{"href":"https:\/\/abaa.mx\/tienda\/wp-json\/wp\/v2\/types\/product"}],"replies":[{"embeddable":true,"href":"https:\/\/abaa.mx\/tienda\/wp-json\/wp\/v2\/comments?post=8441"}],"wp:featuredmedia":[{"embeddable":true,"href":"https:\/\/abaa.mx\/tienda\/wp-json\/wp\/v2\/media\/8445"}],"wp:attachment":[{"href":"https:\/\/abaa.mx\/tienda\/wp-json\/wp\/v2\/media?parent=8441"}],"wp:term":[{"taxonomy":"product_brand","embeddable":true,"href":"https:\/\/abaa.mx\/tienda\/wp-json\/wp\/v2\/product_brand?post=8441"},{"taxonomy":"product_cat","embeddable":true,"href":"https:\/\/abaa.mx\/tienda\/wp-json\/wp\/v2\/product_cat?post=8441"},{"taxonomy":"product_tag","embeddable":true,"href":"https:\/\/abaa.mx\/tienda\/wp-json\/wp\/v2\/product_tag?post=8441"}],"curies":[{"name":"wp","href":"https:\/\/api.w.org\/{rel}","templated":true}]}}