{"id":8440,"date":"2023-11-02T16:40:53","date_gmt":"2023-11-02T16:40:53","guid":{"rendered":"https:\/\/abaa.mx\/tienda\/?post_type=product&#038;p=8440"},"modified":"2023-11-02T16:40:54","modified_gmt":"2023-11-02T16:40:54","slug":"medidor-de-adhesion-positest-atm","status":"publish","type":"product","link":"https:\/\/abaa.mx\/tienda\/medidor-de-adhesion-positest-atm\/","title":{"rendered":"Medidor de Adhesi\u00f3n PosiTest &#8211; ATM"},"content":{"rendered":"<p>Medidor de Adhesi\u00f3n PosiTest &#8211; ATM.<\/p>\n","protected":false},"excerpt":{"rendered":"<p><b>Caracteristicas:<\/b><\/p>\n<p><b>Exacto:<\/b><\/p>\n<ul>\n<li>El sensor de presi\u00f3n industrial asegura la exactitud continua.<\/li>\n<li>Cada sistema de la presi\u00f3n del Probador de la Adhesi\u00f3n de PosiTest se calibra y es certificado a \u00b1 1% de certeza que utiliza un NIST la c\u00e9lula rastreable de la carga.<\/li>\n<li>Se ajusta a ASTM D4541, ISO 4624 y otros.<\/li>\n<li>La auto-alineaci\u00f3n del dolly permite medidas exactas sobre superficies lisas o desiguales.<\/li>\n<\/ul>\n<p><b>Versatil:<\/b><\/p>\n<ul>\n<li>La presi\u00f3n de pantalla LCD valora en psi o MPa.<\/li>\n<li>Software PosiSoft opcional disponible para descargar a una computadora.<\/li>\n<li>10, 14, 20 o Dollies de 50 mm maximizan la capacidad y la exactitud a trav\u00e9s de una amplia variedad de fuerzas.<\/li>\n<li>La memoria Interna almacena el tir\u00f3n m\u00e1ximo &#8211; de la presi\u00f3n, la tarifa de tir\u00f3n, la duraci\u00f3n de prueba y el tama\u00f1o de Dollie para hasta 200 tirones.<\/li>\n<\/ul>\n<p>PosiTest AT-A Autom\u00e1tico El PosiTest AT-A Autom\u00e1tico incluye una bomba hidr\u00e1ulica controlada electr\u00f3nicamente que aplica una presi\u00f3n de pull-off despacio y continua a la velocidad detallada por el usuario. POSITEST AT-M Manual El PosiTest AT-M incluye una bomba hidr\u00e1ulica manual de empleo rudo para aplicar una presi\u00f3n de pull-off despacio y continua con un solo bombeo.<\/p>\n","protected":false},"featured_media":8444,"comment_status":"open","ping_status":"closed","template":"","meta":{"_joinchat":[]},"product_brand":[],"product_cat":[105],"product_tag":[],"class_list":{"0":"post-8440","1":"product","2":"type-product","3":"status-publish","4":"has-post-thumbnail","6":"product_cat-medidor-de-adhesion","8":"first","9":"instock","10":"shipping-taxable","11":"product-type-simple"},"yoast_head":"<!-- This site is optimized with the Yoast SEO plugin v26.4 - https:\/\/yoast.com\/wordpress\/plugins\/seo\/ -->\n<title>Medidor de Adhesi\u00f3n PosiTest - ATM - Abaa tienda online<\/title>\n<meta name=\"robots\" content=\"index, follow, max-snippet:-1, max-image-preview:large, max-video-preview:-1\" \/>\n<link rel=\"canonical\" href=\"https:\/\/abaa.mx\/tienda\/medidor-de-adhesion-positest-atm\/\" \/>\n<meta property=\"og:locale\" content=\"es_MX\" \/>\n<meta property=\"og:type\" content=\"article\" \/>\n<meta property=\"og:title\" content=\"Medidor de Adhesi\u00f3n PosiTest - ATM - Abaa tienda online\" \/>\n<meta property=\"og:description\" content=\"Caracteristicas:  Exacto:   El sensor de presi\u00f3n industrial asegura la exactitud continua.  Cada sistema de la presi\u00f3n del Probador de la Adhesi\u00f3n de PosiTest se calibra y es certificado a \u00b1 1% de certeza que utiliza un NIST la c\u00e9lula rastreable de la carga.  Se ajusta a ASTM D4541, ISO 4624 y otros.  La auto-alineaci\u00f3n del dolly permite medidas exactas sobre superficies lisas o desiguales.  Versatil:   La presi\u00f3n de pantalla LCD valora en psi o MPa.  Software PosiSoft opcional disponible para descargar a una computadora.  10, 14, 20 o Dollies de 50 mm maximizan la capacidad y la exactitud a trav\u00e9s de una amplia variedad de fuerzas.  La memoria Interna almacena el tir\u00f3n m\u00e1ximo - de la presi\u00f3n, la tarifa de tir\u00f3n, la duraci\u00f3n de prueba y el tama\u00f1o de Dollie para hasta 200 tirones.  PosiTest AT-A Autom\u00e1tico El PosiTest AT-A Autom\u00e1tico incluye una bomba hidr\u00e1ulica controlada electr\u00f3nicamente que aplica una presi\u00f3n de pull-off despacio y continua a la velocidad detallada por el usuario. POSITEST AT-M Manual El PosiTest AT-M incluye una bomba hidr\u00e1ulica manual de empleo rudo para aplicar una presi\u00f3n de pull-off despacio y continua con un solo bombeo.\" \/>\n<meta property=\"og:url\" content=\"https:\/\/abaa.mx\/tienda\/medidor-de-adhesion-positest-atm\/\" \/>\n<meta property=\"og:site_name\" content=\"Abaa tienda online\" \/>\n<meta property=\"article:modified_time\" content=\"2023-11-02T16:40:54+00:00\" \/>\n<meta property=\"og:image\" content=\"https:\/\/abaa.mx\/tienda\/wp-content\/uploads\/2023\/11\/DEFELSKO-TEST-ATM.jpg\" \/>\n\t<meta property=\"og:image:width\" content=\"588\" \/>\n\t<meta property=\"og:image:height\" content=\"345\" \/>\n\t<meta property=\"og:image:type\" content=\"image\/jpeg\" \/>\n<meta name=\"twitter:card\" content=\"summary_large_image\" \/>\n<meta name=\"twitter:label1\" content=\"Tiempo de lectura\" \/>\n\t<meta name=\"twitter:data1\" content=\"1 minuto\" \/>\n<script type=\"application\/ld+json\" class=\"yoast-schema-graph\">{\"@context\":\"https:\/\/schema.org\",\"@graph\":[{\"@type\":\"WebPage\",\"@id\":\"https:\/\/abaa.mx\/tienda\/medidor-de-adhesion-positest-atm\/\",\"url\":\"https:\/\/abaa.mx\/tienda\/medidor-de-adhesion-positest-atm\/\",\"name\":\"Medidor de Adhesi\u00f3n PosiTest - ATM - Abaa tienda online\",\"isPartOf\":{\"@id\":\"https:\/\/abaa.mx\/tienda\/#website\"},\"primaryImageOfPage\":{\"@id\":\"https:\/\/abaa.mx\/tienda\/medidor-de-adhesion-positest-atm\/#primaryimage\"},\"image\":{\"@id\":\"https:\/\/abaa.mx\/tienda\/medidor-de-adhesion-positest-atm\/#primaryimage\"},\"thumbnailUrl\":\"https:\/\/abaa.mx\/tienda\/wp-content\/uploads\/2023\/11\/DEFELSKO-TEST-ATM.jpg\",\"datePublished\":\"2023-11-02T16:40:53+00:00\",\"dateModified\":\"2023-11-02T16:40:54+00:00\",\"breadcrumb\":{\"@id\":\"https:\/\/abaa.mx\/tienda\/medidor-de-adhesion-positest-atm\/#breadcrumb\"},\"inLanguage\":\"es\",\"potentialAction\":[{\"@type\":\"ReadAction\",\"target\":[\"https:\/\/abaa.mx\/tienda\/medidor-de-adhesion-positest-atm\/\"]}]},{\"@type\":\"ImageObject\",\"inLanguage\":\"es\",\"@id\":\"https:\/\/abaa.mx\/tienda\/medidor-de-adhesion-positest-atm\/#primaryimage\",\"url\":\"https:\/\/abaa.mx\/tienda\/wp-content\/uploads\/2023\/11\/DEFELSKO-TEST-ATM.jpg\",\"contentUrl\":\"https:\/\/abaa.mx\/tienda\/wp-content\/uploads\/2023\/11\/DEFELSKO-TEST-ATM.jpg\",\"width\":588,\"height\":345,\"caption\":\"DEFELSKO-TEST-ATM\"},{\"@type\":\"BreadcrumbList\",\"@id\":\"https:\/\/abaa.mx\/tienda\/medidor-de-adhesion-positest-atm\/#breadcrumb\",\"itemListElement\":[{\"@type\":\"ListItem\",\"position\":1,\"name\":\"Inicio\",\"item\":\"https:\/\/abaa.mx\/tienda\/\"},{\"@type\":\"ListItem\",\"position\":2,\"name\":\"Tienda\",\"item\":\"https:\/\/abaa.mx\/tienda\/\"},{\"@type\":\"ListItem\",\"position\":3,\"name\":\"Medidor de Adhesi\u00f3n PosiTest &#8211; ATM\"}]},{\"@type\":\"WebSite\",\"@id\":\"https:\/\/abaa.mx\/tienda\/#website\",\"url\":\"https:\/\/abaa.mx\/tienda\/\",\"name\":\"Abaa tienda online\",\"description\":\"Instrumentos de medici\u00f3n\",\"publisher\":{\"@id\":\"https:\/\/abaa.mx\/tienda\/#organization\"},\"potentialAction\":[{\"@type\":\"SearchAction\",\"target\":{\"@type\":\"EntryPoint\",\"urlTemplate\":\"https:\/\/abaa.mx\/tienda\/?s={search_term_string}\"},\"query-input\":{\"@type\":\"PropertyValueSpecification\",\"valueRequired\":true,\"valueName\":\"search_term_string\"}}],\"inLanguage\":\"es\"},{\"@type\":\"Organization\",\"@id\":\"https:\/\/abaa.mx\/tienda\/#organization\",\"name\":\"Abaa tienda online\",\"url\":\"https:\/\/abaa.mx\/tienda\/\",\"logo\":{\"@type\":\"ImageObject\",\"inLanguage\":\"es\",\"@id\":\"https:\/\/abaa.mx\/tienda\/#\/schema\/logo\/image\/\",\"url\":\"https:\/\/abaa.mx\/tienda\/wp-content\/uploads\/2024\/01\/abaa-metrologia-tienda.png\",\"contentUrl\":\"https:\/\/abaa.mx\/tienda\/wp-content\/uploads\/2024\/01\/abaa-metrologia-tienda.png\",\"width\":300,\"height\":141,\"caption\":\"Abaa tienda online\"},\"image\":{\"@id\":\"https:\/\/abaa.mx\/tienda\/#\/schema\/logo\/image\/\"}}]}<\/script>\n<!-- \/ Yoast SEO plugin. -->","yoast_head_json":{"title":"Medidor de Adhesi\u00f3n PosiTest - ATM - Abaa tienda online","robots":{"index":"index","follow":"follow","max-snippet":"max-snippet:-1","max-image-preview":"max-image-preview:large","max-video-preview":"max-video-preview:-1"},"canonical":"https:\/\/abaa.mx\/tienda\/medidor-de-adhesion-positest-atm\/","og_locale":"es_MX","og_type":"article","og_title":"Medidor de Adhesi\u00f3n PosiTest - ATM - Abaa tienda online","og_description":"Caracteristicas:  Exacto:   El sensor de presi\u00f3n industrial asegura la exactitud continua.  Cada sistema de la presi\u00f3n del Probador de la Adhesi\u00f3n de PosiTest se calibra y es certificado a \u00b1 1% de certeza que utiliza un NIST la c\u00e9lula rastreable de la carga.  Se ajusta a ASTM D4541, ISO 4624 y otros.  La auto-alineaci\u00f3n del dolly permite medidas exactas sobre superficies lisas o desiguales.  Versatil:   La presi\u00f3n de pantalla LCD valora en psi o MPa.  Software PosiSoft opcional disponible para descargar a una computadora.  10, 14, 20 o Dollies de 50 mm maximizan la capacidad y la exactitud a trav\u00e9s de una amplia variedad de fuerzas.  La memoria Interna almacena el tir\u00f3n m\u00e1ximo - de la presi\u00f3n, la tarifa de tir\u00f3n, la duraci\u00f3n de prueba y el tama\u00f1o de Dollie para hasta 200 tirones.  PosiTest AT-A Autom\u00e1tico El PosiTest AT-A Autom\u00e1tico incluye una bomba hidr\u00e1ulica controlada electr\u00f3nicamente que aplica una presi\u00f3n de pull-off despacio y continua a la velocidad detallada por el usuario. POSITEST AT-M Manual El PosiTest AT-M incluye una bomba hidr\u00e1ulica manual de empleo rudo para aplicar una presi\u00f3n de pull-off despacio y continua con un solo bombeo.","og_url":"https:\/\/abaa.mx\/tienda\/medidor-de-adhesion-positest-atm\/","og_site_name":"Abaa tienda online","article_modified_time":"2023-11-02T16:40:54+00:00","og_image":[{"width":588,"height":345,"url":"https:\/\/abaa.mx\/tienda\/wp-content\/uploads\/2023\/11\/DEFELSKO-TEST-ATM.jpg","type":"image\/jpeg"}],"twitter_card":"summary_large_image","twitter_misc":{"Tiempo de lectura":"1 minuto"},"schema":{"@context":"https:\/\/schema.org","@graph":[{"@type":"WebPage","@id":"https:\/\/abaa.mx\/tienda\/medidor-de-adhesion-positest-atm\/","url":"https:\/\/abaa.mx\/tienda\/medidor-de-adhesion-positest-atm\/","name":"Medidor de Adhesi\u00f3n PosiTest - ATM - Abaa tienda online","isPartOf":{"@id":"https:\/\/abaa.mx\/tienda\/#website"},"primaryImageOfPage":{"@id":"https:\/\/abaa.mx\/tienda\/medidor-de-adhesion-positest-atm\/#primaryimage"},"image":{"@id":"https:\/\/abaa.mx\/tienda\/medidor-de-adhesion-positest-atm\/#primaryimage"},"thumbnailUrl":"https:\/\/abaa.mx\/tienda\/wp-content\/uploads\/2023\/11\/DEFELSKO-TEST-ATM.jpg","datePublished":"2023-11-02T16:40:53+00:00","dateModified":"2023-11-02T16:40:54+00:00","breadcrumb":{"@id":"https:\/\/abaa.mx\/tienda\/medidor-de-adhesion-positest-atm\/#breadcrumb"},"inLanguage":"es","potentialAction":[{"@type":"ReadAction","target":["https:\/\/abaa.mx\/tienda\/medidor-de-adhesion-positest-atm\/"]}]},{"@type":"ImageObject","inLanguage":"es","@id":"https:\/\/abaa.mx\/tienda\/medidor-de-adhesion-positest-atm\/#primaryimage","url":"https:\/\/abaa.mx\/tienda\/wp-content\/uploads\/2023\/11\/DEFELSKO-TEST-ATM.jpg","contentUrl":"https:\/\/abaa.mx\/tienda\/wp-content\/uploads\/2023\/11\/DEFELSKO-TEST-ATM.jpg","width":588,"height":345,"caption":"DEFELSKO-TEST-ATM"},{"@type":"BreadcrumbList","@id":"https:\/\/abaa.mx\/tienda\/medidor-de-adhesion-positest-atm\/#breadcrumb","itemListElement":[{"@type":"ListItem","position":1,"name":"Inicio","item":"https:\/\/abaa.mx\/tienda\/"},{"@type":"ListItem","position":2,"name":"Tienda","item":"https:\/\/abaa.mx\/tienda\/"},{"@type":"ListItem","position":3,"name":"Medidor de Adhesi\u00f3n PosiTest &#8211; ATM"}]},{"@type":"WebSite","@id":"https:\/\/abaa.mx\/tienda\/#website","url":"https:\/\/abaa.mx\/tienda\/","name":"Abaa tienda online","description":"Instrumentos de medici\u00f3n","publisher":{"@id":"https:\/\/abaa.mx\/tienda\/#organization"},"potentialAction":[{"@type":"SearchAction","target":{"@type":"EntryPoint","urlTemplate":"https:\/\/abaa.mx\/tienda\/?s={search_term_string}"},"query-input":{"@type":"PropertyValueSpecification","valueRequired":true,"valueName":"search_term_string"}}],"inLanguage":"es"},{"@type":"Organization","@id":"https:\/\/abaa.mx\/tienda\/#organization","name":"Abaa tienda online","url":"https:\/\/abaa.mx\/tienda\/","logo":{"@type":"ImageObject","inLanguage":"es","@id":"https:\/\/abaa.mx\/tienda\/#\/schema\/logo\/image\/","url":"https:\/\/abaa.mx\/tienda\/wp-content\/uploads\/2024\/01\/abaa-metrologia-tienda.png","contentUrl":"https:\/\/abaa.mx\/tienda\/wp-content\/uploads\/2024\/01\/abaa-metrologia-tienda.png","width":300,"height":141,"caption":"Abaa tienda online"},"image":{"@id":"https:\/\/abaa.mx\/tienda\/#\/schema\/logo\/image\/"}}]}},"_links":{"self":[{"href":"https:\/\/abaa.mx\/tienda\/wp-json\/wp\/v2\/product\/8440","targetHints":{"allow":["GET"]}}],"collection":[{"href":"https:\/\/abaa.mx\/tienda\/wp-json\/wp\/v2\/product"}],"about":[{"href":"https:\/\/abaa.mx\/tienda\/wp-json\/wp\/v2\/types\/product"}],"replies":[{"embeddable":true,"href":"https:\/\/abaa.mx\/tienda\/wp-json\/wp\/v2\/comments?post=8440"}],"wp:featuredmedia":[{"embeddable":true,"href":"https:\/\/abaa.mx\/tienda\/wp-json\/wp\/v2\/media\/8444"}],"wp:attachment":[{"href":"https:\/\/abaa.mx\/tienda\/wp-json\/wp\/v2\/media?parent=8440"}],"wp:term":[{"taxonomy":"product_brand","embeddable":true,"href":"https:\/\/abaa.mx\/tienda\/wp-json\/wp\/v2\/product_brand?post=8440"},{"taxonomy":"product_cat","embeddable":true,"href":"https:\/\/abaa.mx\/tienda\/wp-json\/wp\/v2\/product_cat?post=8440"},{"taxonomy":"product_tag","embeddable":true,"href":"https:\/\/abaa.mx\/tienda\/wp-json\/wp\/v2\/product_tag?post=8440"}],"curies":[{"name":"wp","href":"https:\/\/api.w.org\/{rel}","templated":true}]}}