{"id":8434,"date":"2023-11-02T16:32:21","date_gmt":"2023-11-02T16:32:21","guid":{"rendered":"https:\/\/abaa.mx\/tienda\/?post_type=product&#038;p=8434"},"modified":"2023-11-02T16:32:21","modified_gmt":"2023-11-02T16:32:21","slug":"medidor-de-adhesion-positest-at-ata","status":"publish","type":"product","link":"https:\/\/abaa.mx\/tienda\/medidor-de-adhesion-positest-at-ata\/","title":{"rendered":"Medidor de Adhesi\u00f3n PosiTest AT &#8211; ATA"},"content":{"rendered":"<p>Medidor de Adhesi\u00f3n PosiTest AT &#8211; ATA<\/p>\n","protected":false},"excerpt":{"rendered":"<p>El PosiTector DF-ATA es un probador Autom\u00e1tico de adhesi\u00f3n de revestimientos que por medio de un actuador hidr\u00e1ulico nos permite conocer la proporci\u00f3n de fuerza requerida para desprender el recubrimiento de su sustrato.<\/p>\n<p>Peculiaridades primordiales : Memoria para 100 ,000 datos que se tienen la posibilidad de organizar en hasta 1,000 conjuntos , pantalla de color reversible, software de reporteo gratuito para Windows, Mac, Android y iOS. El modelo avanzado da comunicaci\u00f3n por bluetooth a PC, celulares y tabletas adem\u00e1s de aptitud de conexi\u00f3n a red inal\u00e1mbrica v\u00eda wi-fi y conexi\u00f3n a computadora v\u00eda cable USB. Acreciente su eficacia al poder dirigir todos los datos de sus inspecciones en un solo instrumento. Software para PC y aplicaciones para celular y tabletas sin costo.<\/p>\n<p>Contenido de la Caja: Probador tipo pull-off Adelantado (STD body), dos tubos con diez dollies de 20mm de diametro, kit de adhesivo de 2 piezas, un (1) paquete de complementos para adhesivo, abrasivo (1), cortador tipo sacabocados de 22mm de di\u00e1metro, cargador de bater\u00eda y un certificado de calibraci\u00f3n trazable emitido por el desarrollador , correa para el hombro, cable USB y manual del usuario.<\/p>\n<p>Certificado de calibraci\u00f3n emitido por nuestro laboratorio de calibraci\u00f3n acreditado ante la regla ISO\/IEC17025 disponible sobre pedido. Pide tu cotizaci\u00f3n a nuestro aparato de ventas.<\/p>\n<p><strong> Aplicaciones:<\/strong><\/p>\n<ul>\n<li>Condiciones de Operaci\u00f3n: Temperatura 0 to 40\u00b0C (+32\u00b0 to +104\u00b0F).<\/li>\n<li>Mediciones de adherencia de recubrimientos sobre sustratos met\u00e1licos. Se conforma a los est\u00e1ndares internacionales ASTM D4541, ASTM D7234, ISO 4624 y otros.<\/li>\n<li>Dimensiones y peso: 135 x 61 x 28 mm, 140 g.<\/li>\n<\/ul>\n","protected":false},"featured_media":8439,"comment_status":"open","ping_status":"closed","template":"","meta":{"_joinchat":[]},"product_brand":[],"product_cat":[105],"product_tag":[],"class_list":{"0":"post-8434","1":"product","2":"type-product","3":"status-publish","4":"has-post-thumbnail","6":"product_cat-medidor-de-adhesion","8":"first","9":"instock","10":"shipping-taxable","11":"product-type-simple"},"yoast_head":"<!-- This site is optimized with the Yoast SEO plugin v26.4 - https:\/\/yoast.com\/wordpress\/plugins\/seo\/ -->\n<title>Medidor de Adhesi\u00f3n PosiTest AT - ATA - Abaa tienda online<\/title>\n<meta name=\"robots\" content=\"index, follow, max-snippet:-1, max-image-preview:large, max-video-preview:-1\" \/>\n<link rel=\"canonical\" href=\"https:\/\/abaa.mx\/tienda\/medidor-de-adhesion-positest-at-ata\/\" \/>\n<meta property=\"og:locale\" content=\"es_MX\" \/>\n<meta property=\"og:type\" content=\"article\" \/>\n<meta property=\"og:title\" content=\"Medidor de Adhesi\u00f3n PosiTest AT - ATA - Abaa tienda online\" \/>\n<meta property=\"og:description\" content=\"El PosiTector DF-ATA es un probador Autom\u00e1tico de adhesi\u00f3n de revestimientos que por medio de un actuador hidr\u00e1ulico nos permite conocer la proporci\u00f3n de fuerza requerida para desprender el recubrimiento de su sustrato.  Peculiaridades primordiales : Memoria para 100 ,000 datos que se tienen la posibilidad de organizar en hasta 1,000 conjuntos , pantalla de color reversible, software de reporteo gratuito para Windows, Mac, Android y iOS. El modelo avanzado da comunicaci\u00f3n por bluetooth a PC, celulares y tabletas adem\u00e1s de aptitud de conexi\u00f3n a red inal\u00e1mbrica v\u00eda wi-fi y conexi\u00f3n a computadora v\u00eda cable USB. Acreciente su eficacia al poder dirigir todos los datos de sus inspecciones en un solo instrumento. Software para PC y aplicaciones para celular y tabletas sin costo.  Contenido de la Caja: Probador tipo pull-off Adelantado (STD body), dos tubos con diez dollies de 20mm de diametro, kit de adhesivo de 2 piezas, un (1) paquete de complementos para adhesivo, abrasivo (1), cortador tipo sacabocados de 22mm de di\u00e1metro, cargador de bater\u00eda y un certificado de calibraci\u00f3n trazable emitido por el desarrollador , correa para el hombro, cable USB y manual del usuario.  Certificado de calibraci\u00f3n emitido por nuestro laboratorio de calibraci\u00f3n acreditado ante la regla ISO\/IEC17025 disponible sobre pedido. Pide tu cotizaci\u00f3n a nuestro aparato de ventas.   Aplicaciones:   Condiciones de Operaci\u00f3n: Temperatura 0 to 40\u00b0C (+32\u00b0 to +104\u00b0F).  Mediciones de adherencia de recubrimientos sobre sustratos met\u00e1licos. Se conforma a los est\u00e1ndares internacionales ASTM D4541, ASTM D7234, ISO 4624 y otros.  Dimensiones y peso: 135 x 61 x 28 mm, 140 g.\" \/>\n<meta property=\"og:url\" content=\"https:\/\/abaa.mx\/tienda\/medidor-de-adhesion-positest-at-ata\/\" \/>\n<meta property=\"og:site_name\" content=\"Abaa tienda online\" \/>\n<meta property=\"og:image\" content=\"https:\/\/abaa.mx\/tienda\/wp-content\/uploads\/2023\/11\/DEFELSKO-AT-ATA.jpg\" \/>\n\t<meta property=\"og:image:width\" content=\"800\" \/>\n\t<meta property=\"og:image:height\" content=\"800\" \/>\n\t<meta property=\"og:image:type\" content=\"image\/jpeg\" \/>\n<meta name=\"twitter:card\" content=\"summary_large_image\" \/>\n<meta name=\"twitter:label1\" content=\"Tiempo de lectura\" \/>\n\t<meta name=\"twitter:data1\" content=\"1 minuto\" \/>\n<script type=\"application\/ld+json\" class=\"yoast-schema-graph\">{\"@context\":\"https:\/\/schema.org\",\"@graph\":[{\"@type\":\"WebPage\",\"@id\":\"https:\/\/abaa.mx\/tienda\/medidor-de-adhesion-positest-at-ata\/\",\"url\":\"https:\/\/abaa.mx\/tienda\/medidor-de-adhesion-positest-at-ata\/\",\"name\":\"Medidor de Adhesi\u00f3n PosiTest AT - ATA - Abaa tienda online\",\"isPartOf\":{\"@id\":\"https:\/\/abaa.mx\/tienda\/#website\"},\"primaryImageOfPage\":{\"@id\":\"https:\/\/abaa.mx\/tienda\/medidor-de-adhesion-positest-at-ata\/#primaryimage\"},\"image\":{\"@id\":\"https:\/\/abaa.mx\/tienda\/medidor-de-adhesion-positest-at-ata\/#primaryimage\"},\"thumbnailUrl\":\"https:\/\/abaa.mx\/tienda\/wp-content\/uploads\/2023\/11\/DEFELSKO-AT-ATA.jpg\",\"datePublished\":\"2023-11-02T16:32:21+00:00\",\"breadcrumb\":{\"@id\":\"https:\/\/abaa.mx\/tienda\/medidor-de-adhesion-positest-at-ata\/#breadcrumb\"},\"inLanguage\":\"es\",\"potentialAction\":[{\"@type\":\"ReadAction\",\"target\":[\"https:\/\/abaa.mx\/tienda\/medidor-de-adhesion-positest-at-ata\/\"]}]},{\"@type\":\"ImageObject\",\"inLanguage\":\"es\",\"@id\":\"https:\/\/abaa.mx\/tienda\/medidor-de-adhesion-positest-at-ata\/#primaryimage\",\"url\":\"https:\/\/abaa.mx\/tienda\/wp-content\/uploads\/2023\/11\/DEFELSKO-AT-ATA.jpg\",\"contentUrl\":\"https:\/\/abaa.mx\/tienda\/wp-content\/uploads\/2023\/11\/DEFELSKO-AT-ATA.jpg\",\"width\":800,\"height\":800,\"caption\":\"DEFELSKO- AT-ATA\"},{\"@type\":\"BreadcrumbList\",\"@id\":\"https:\/\/abaa.mx\/tienda\/medidor-de-adhesion-positest-at-ata\/#breadcrumb\",\"itemListElement\":[{\"@type\":\"ListItem\",\"position\":1,\"name\":\"Inicio\",\"item\":\"https:\/\/abaa.mx\/tienda\/\"},{\"@type\":\"ListItem\",\"position\":2,\"name\":\"Tienda\",\"item\":\"https:\/\/abaa.mx\/tienda\/\"},{\"@type\":\"ListItem\",\"position\":3,\"name\":\"Medidor de Adhesi\u00f3n PosiTest AT &#8211; ATA\"}]},{\"@type\":\"WebSite\",\"@id\":\"https:\/\/abaa.mx\/tienda\/#website\",\"url\":\"https:\/\/abaa.mx\/tienda\/\",\"name\":\"Abaa tienda online\",\"description\":\"Instrumentos de medici\u00f3n\",\"publisher\":{\"@id\":\"https:\/\/abaa.mx\/tienda\/#organization\"},\"potentialAction\":[{\"@type\":\"SearchAction\",\"target\":{\"@type\":\"EntryPoint\",\"urlTemplate\":\"https:\/\/abaa.mx\/tienda\/?s={search_term_string}\"},\"query-input\":{\"@type\":\"PropertyValueSpecification\",\"valueRequired\":true,\"valueName\":\"search_term_string\"}}],\"inLanguage\":\"es\"},{\"@type\":\"Organization\",\"@id\":\"https:\/\/abaa.mx\/tienda\/#organization\",\"name\":\"Abaa tienda online\",\"url\":\"https:\/\/abaa.mx\/tienda\/\",\"logo\":{\"@type\":\"ImageObject\",\"inLanguage\":\"es\",\"@id\":\"https:\/\/abaa.mx\/tienda\/#\/schema\/logo\/image\/\",\"url\":\"https:\/\/abaa.mx\/tienda\/wp-content\/uploads\/2024\/01\/abaa-metrologia-tienda.png\",\"contentUrl\":\"https:\/\/abaa.mx\/tienda\/wp-content\/uploads\/2024\/01\/abaa-metrologia-tienda.png\",\"width\":300,\"height\":141,\"caption\":\"Abaa tienda online\"},\"image\":{\"@id\":\"https:\/\/abaa.mx\/tienda\/#\/schema\/logo\/image\/\"}}]}<\/script>\n<!-- \/ Yoast SEO plugin. -->","yoast_head_json":{"title":"Medidor de Adhesi\u00f3n PosiTest AT - ATA - Abaa tienda online","robots":{"index":"index","follow":"follow","max-snippet":"max-snippet:-1","max-image-preview":"max-image-preview:large","max-video-preview":"max-video-preview:-1"},"canonical":"https:\/\/abaa.mx\/tienda\/medidor-de-adhesion-positest-at-ata\/","og_locale":"es_MX","og_type":"article","og_title":"Medidor de Adhesi\u00f3n PosiTest AT - ATA - Abaa tienda online","og_description":"El PosiTector DF-ATA es un probador Autom\u00e1tico de adhesi\u00f3n de revestimientos que por medio de un actuador hidr\u00e1ulico nos permite conocer la proporci\u00f3n de fuerza requerida para desprender el recubrimiento de su sustrato.  Peculiaridades primordiales : Memoria para 100 ,000 datos que se tienen la posibilidad de organizar en hasta 1,000 conjuntos , pantalla de color reversible, software de reporteo gratuito para Windows, Mac, Android y iOS. El modelo avanzado da comunicaci\u00f3n por bluetooth a PC, celulares y tabletas adem\u00e1s de aptitud de conexi\u00f3n a red inal\u00e1mbrica v\u00eda wi-fi y conexi\u00f3n a computadora v\u00eda cable USB. Acreciente su eficacia al poder dirigir todos los datos de sus inspecciones en un solo instrumento. Software para PC y aplicaciones para celular y tabletas sin costo.  Contenido de la Caja: Probador tipo pull-off Adelantado (STD body), dos tubos con diez dollies de 20mm de diametro, kit de adhesivo de 2 piezas, un (1) paquete de complementos para adhesivo, abrasivo (1), cortador tipo sacabocados de 22mm de di\u00e1metro, cargador de bater\u00eda y un certificado de calibraci\u00f3n trazable emitido por el desarrollador , correa para el hombro, cable USB y manual del usuario.  Certificado de calibraci\u00f3n emitido por nuestro laboratorio de calibraci\u00f3n acreditado ante la regla ISO\/IEC17025 disponible sobre pedido. Pide tu cotizaci\u00f3n a nuestro aparato de ventas.   Aplicaciones:   Condiciones de Operaci\u00f3n: Temperatura 0 to 40\u00b0C (+32\u00b0 to +104\u00b0F).  Mediciones de adherencia de recubrimientos sobre sustratos met\u00e1licos. Se conforma a los est\u00e1ndares internacionales ASTM D4541, ASTM D7234, ISO 4624 y otros.  Dimensiones y peso: 135 x 61 x 28 mm, 140 g.","og_url":"https:\/\/abaa.mx\/tienda\/medidor-de-adhesion-positest-at-ata\/","og_site_name":"Abaa tienda online","og_image":[{"width":800,"height":800,"url":"https:\/\/abaa.mx\/tienda\/wp-content\/uploads\/2023\/11\/DEFELSKO-AT-ATA.jpg","type":"image\/jpeg"}],"twitter_card":"summary_large_image","twitter_misc":{"Tiempo de lectura":"1 minuto"},"schema":{"@context":"https:\/\/schema.org","@graph":[{"@type":"WebPage","@id":"https:\/\/abaa.mx\/tienda\/medidor-de-adhesion-positest-at-ata\/","url":"https:\/\/abaa.mx\/tienda\/medidor-de-adhesion-positest-at-ata\/","name":"Medidor de Adhesi\u00f3n PosiTest AT - ATA - Abaa tienda online","isPartOf":{"@id":"https:\/\/abaa.mx\/tienda\/#website"},"primaryImageOfPage":{"@id":"https:\/\/abaa.mx\/tienda\/medidor-de-adhesion-positest-at-ata\/#primaryimage"},"image":{"@id":"https:\/\/abaa.mx\/tienda\/medidor-de-adhesion-positest-at-ata\/#primaryimage"},"thumbnailUrl":"https:\/\/abaa.mx\/tienda\/wp-content\/uploads\/2023\/11\/DEFELSKO-AT-ATA.jpg","datePublished":"2023-11-02T16:32:21+00:00","breadcrumb":{"@id":"https:\/\/abaa.mx\/tienda\/medidor-de-adhesion-positest-at-ata\/#breadcrumb"},"inLanguage":"es","potentialAction":[{"@type":"ReadAction","target":["https:\/\/abaa.mx\/tienda\/medidor-de-adhesion-positest-at-ata\/"]}]},{"@type":"ImageObject","inLanguage":"es","@id":"https:\/\/abaa.mx\/tienda\/medidor-de-adhesion-positest-at-ata\/#primaryimage","url":"https:\/\/abaa.mx\/tienda\/wp-content\/uploads\/2023\/11\/DEFELSKO-AT-ATA.jpg","contentUrl":"https:\/\/abaa.mx\/tienda\/wp-content\/uploads\/2023\/11\/DEFELSKO-AT-ATA.jpg","width":800,"height":800,"caption":"DEFELSKO- AT-ATA"},{"@type":"BreadcrumbList","@id":"https:\/\/abaa.mx\/tienda\/medidor-de-adhesion-positest-at-ata\/#breadcrumb","itemListElement":[{"@type":"ListItem","position":1,"name":"Inicio","item":"https:\/\/abaa.mx\/tienda\/"},{"@type":"ListItem","position":2,"name":"Tienda","item":"https:\/\/abaa.mx\/tienda\/"},{"@type":"ListItem","position":3,"name":"Medidor de Adhesi\u00f3n PosiTest AT &#8211; ATA"}]},{"@type":"WebSite","@id":"https:\/\/abaa.mx\/tienda\/#website","url":"https:\/\/abaa.mx\/tienda\/","name":"Abaa tienda online","description":"Instrumentos de medici\u00f3n","publisher":{"@id":"https:\/\/abaa.mx\/tienda\/#organization"},"potentialAction":[{"@type":"SearchAction","target":{"@type":"EntryPoint","urlTemplate":"https:\/\/abaa.mx\/tienda\/?s={search_term_string}"},"query-input":{"@type":"PropertyValueSpecification","valueRequired":true,"valueName":"search_term_string"}}],"inLanguage":"es"},{"@type":"Organization","@id":"https:\/\/abaa.mx\/tienda\/#organization","name":"Abaa tienda online","url":"https:\/\/abaa.mx\/tienda\/","logo":{"@type":"ImageObject","inLanguage":"es","@id":"https:\/\/abaa.mx\/tienda\/#\/schema\/logo\/image\/","url":"https:\/\/abaa.mx\/tienda\/wp-content\/uploads\/2024\/01\/abaa-metrologia-tienda.png","contentUrl":"https:\/\/abaa.mx\/tienda\/wp-content\/uploads\/2024\/01\/abaa-metrologia-tienda.png","width":300,"height":141,"caption":"Abaa tienda online"},"image":{"@id":"https:\/\/abaa.mx\/tienda\/#\/schema\/logo\/image\/"}}]}},"_links":{"self":[{"href":"https:\/\/abaa.mx\/tienda\/wp-json\/wp\/v2\/product\/8434","targetHints":{"allow":["GET"]}}],"collection":[{"href":"https:\/\/abaa.mx\/tienda\/wp-json\/wp\/v2\/product"}],"about":[{"href":"https:\/\/abaa.mx\/tienda\/wp-json\/wp\/v2\/types\/product"}],"replies":[{"embeddable":true,"href":"https:\/\/abaa.mx\/tienda\/wp-json\/wp\/v2\/comments?post=8434"}],"wp:featuredmedia":[{"embeddable":true,"href":"https:\/\/abaa.mx\/tienda\/wp-json\/wp\/v2\/media\/8439"}],"wp:attachment":[{"href":"https:\/\/abaa.mx\/tienda\/wp-json\/wp\/v2\/media?parent=8434"}],"wp:term":[{"taxonomy":"product_brand","embeddable":true,"href":"https:\/\/abaa.mx\/tienda\/wp-json\/wp\/v2\/product_brand?post=8434"},{"taxonomy":"product_cat","embeddable":true,"href":"https:\/\/abaa.mx\/tienda\/wp-json\/wp\/v2\/product_cat?post=8434"},{"taxonomy":"product_tag","embeddable":true,"href":"https:\/\/abaa.mx\/tienda\/wp-json\/wp\/v2\/product_tag?post=8434"}],"curies":[{"name":"wp","href":"https:\/\/api.w.org\/{rel}","templated":true}]}}