{"id":8430,"date":"2023-11-02T15:27:30","date_gmt":"2023-11-02T15:27:30","guid":{"rendered":"https:\/\/abaa.mx\/tienda\/?post_type=product&#038;p=8430"},"modified":"2023-11-02T15:27:31","modified_gmt":"2023-11-02T15:27:31","slug":"indice-de-fluidez-xnr-400b-xnr-400a","status":"publish","type":"product","link":"https:\/\/abaa.mx\/tienda\/indice-de-fluidez-xnr-400b-xnr-400a\/","title":{"rendered":"Indice de Fluidez XNR-400B, XNR-400A."},"content":{"rendered":"<p>Indice de Fluidez XNR-400B, XNR-400A.<\/p>\n","protected":false},"excerpt":{"rendered":"<p><strong>Aplicaci\u00f3n:<\/strong><\/p>\n<p>Aplicable a la prueba de \u00edndice de fusi\u00f3n de polietileno, poliestireno, polipropileno, resina ABS,<br \/>\nresina de poliacetal, policarbonato, nailon, pl\u00e1sticos fluorados, etc ., en una variedad de materias primas de pol\u00edmeros pl\u00e1sticos<br \/>\na elevada temperatura.<\/p>\n<p style=\"text-align: left;\"><strong>Especificaciones:<\/strong><\/p>\n<div class=\"scrollable-wrapper\">\n<table class=\" alignleft\" align=\"center\">\n<tbody>\n<tr>\n<td><strong>Modelo<\/strong><\/td>\n<td><strong>XNR-400A<\/strong><\/td>\n<td><strong>XNR-400B<\/strong><\/td>\n<\/tr>\n<tr>\n<td>Rango de medici\u00f3n<\/td>\n<td>0,1-400,00 g\/10 min (MFR)<\/td>\n<td>0,1-800,00 g\/10 min (MFR)<br \/>\n0,1-800,00 cm3\/10 min (MVR)<\/td>\n<\/tr>\n<tr>\n<td>Precisi\u00f3n del control de temperatura<\/td>\n<td colspan=\"2\">Temperatura ambiente &#8211; 450\u00b0c<\/td>\n<\/tr>\n<tr>\n<td>Precisi\u00f3n de temperatura<\/td>\n<td colspan=\"2\">\u00b10.2\u00b0c<\/td>\n<\/tr>\n<tr>\n<td>precisi\u00f3n del tiempo<\/td>\n<td colspan=\"2\">1 s o 0,01 s<\/td>\n<\/tr>\n<tr>\n<td>Configuracion de hora<\/td>\n<td colspan=\"2\">1~9999s o 0,01-99,99s<\/td>\n<\/tr>\n<tr>\n<td>Carga<\/td>\n<td colspan=\"2\">Carga completa<\/td>\n<\/tr>\n<tr>\n<td>Modo de corte<\/td>\n<td>Manual, Por Tiempo<\/td>\n<td>Manual, por tiempo, control autom\u00e1tico<\/td>\n<\/tr>\n<tr>\n<td>Di\u00e1metro interno del barril de tornillo (mm)<\/td>\n<td colspan=\"2\">9,550 \u00b1 0,025<\/td>\n<\/tr>\n<tr>\n<td>Longitud del cilindro del tornillo (mm)<\/td>\n<td colspan=\"2\">160<\/td>\n<\/tr>\n<tr>\n<td>Troquel de cavidad (mm)<\/td>\n<td colspan=\"2\">Carburo de tungsteno, L 8.000\u00b10.025,<br \/>\nDi\u00e1metro interno 2.095 \u00b10.005<\/td>\n<\/tr>\n<tr>\n<td>Potencia (kW)<\/td>\n<td colspan=\"2\">0,45<\/td>\n<\/tr>\n<tr>\n<td>Fuente de alimentaci\u00f3n<\/td>\n<td colspan=\"2\">220 V CA, 50 Hz<\/td>\n<\/tr>\n<tr>\n<td>Dimensi\u00f3n (mm)<\/td>\n<td colspan=\"2\">400*500*60<\/td>\n<\/tr>\n<tr>\n<td>Peso neto \/ kg)<\/td>\n<td>60<\/td>\n<td>sesenta y cinco<\/td>\n<\/tr>\n<\/tbody>\n<\/table>\n<\/div>\n","protected":false},"featured_media":8431,"comment_status":"open","ping_status":"closed","template":"","meta":{"_joinchat":[]},"product_brand":[],"product_cat":[104],"product_tag":[],"class_list":{"0":"post-8430","1":"product","2":"type-product","3":"status-publish","4":"has-post-thumbnail","6":"product_cat-medidor-de-indice-de-fluidez","8":"first","9":"instock","10":"shipping-taxable","11":"product-type-simple"},"yoast_head":"<!-- This site is optimized with the Yoast SEO plugin v26.4 - https:\/\/yoast.com\/wordpress\/plugins\/seo\/ -->\n<title>Indice de Fluidez XNR-400B, XNR-400A. - Abaa tienda online<\/title>\n<meta name=\"robots\" content=\"index, follow, max-snippet:-1, max-image-preview:large, max-video-preview:-1\" \/>\n<link rel=\"canonical\" href=\"https:\/\/abaa.mx\/tienda\/indice-de-fluidez-xnr-400b-xnr-400a\/\" \/>\n<meta property=\"og:locale\" content=\"es_MX\" \/>\n<meta property=\"og:type\" content=\"article\" \/>\n<meta property=\"og:title\" content=\"Indice de Fluidez XNR-400B, XNR-400A. - Abaa tienda online\" \/>\n<meta property=\"og:description\" content=\"Aplicaci\u00f3n:  Aplicable a la prueba de \u00edndice de fusi\u00f3n de polietileno, poliestireno, polipropileno, resina ABS, resina de poliacetal, policarbonato, nailon, pl\u00e1sticos fluorados, etc ., en una variedad de materias primas de pol\u00edmeros pl\u00e1sticos a elevada temperatura. Especificaciones:      Modelo XNR-400A XNR-400B   Rango de medici\u00f3n 0,1-400,00 g\/10 min (MFR) 0,1-800,00 g\/10 min (MFR) 0,1-800,00 cm3\/10 min (MVR)   Precisi\u00f3n del control de temperatura Temperatura ambiente - 450\u00b0c   Precisi\u00f3n de temperatura \u00b10.2\u00b0c   precisi\u00f3n del tiempo 1 s o 0,01 s   Configuracion de hora 1~9999s o 0,01-99,99s   Carga Carga completa   Modo de corte Manual, Por Tiempo Manual, por tiempo, control autom\u00e1tico   Di\u00e1metro interno del barril de tornillo (mm) 9,550 \u00b1 0,025   Longitud del cilindro del tornillo (mm) 160   Troquel de cavidad (mm) Carburo de tungsteno, L 8.000\u00b10.025, Di\u00e1metro interno 2.095 \u00b10.005   Potencia (kW) 0,45   Fuente de alimentaci\u00f3n 220 V CA, 50 Hz   Dimensi\u00f3n (mm) 400*500*60   Peso neto \/ kg) 60 sesenta y cinco\" \/>\n<meta property=\"og:url\" content=\"https:\/\/abaa.mx\/tienda\/indice-de-fluidez-xnr-400b-xnr-400a\/\" \/>\n<meta property=\"og:site_name\" content=\"Abaa tienda online\" \/>\n<meta property=\"article:modified_time\" content=\"2023-11-02T15:27:31+00:00\" \/>\n<meta property=\"og:image\" content=\"https:\/\/abaa.mx\/tienda\/wp-content\/uploads\/2023\/11\/ALFAMETRIC-XNR-400A.jpg\" \/>\n\t<meta property=\"og:image:width\" content=\"390\" \/>\n\t<meta property=\"og:image:height\" content=\"520\" \/>\n\t<meta property=\"og:image:type\" content=\"image\/jpeg\" \/>\n<meta name=\"twitter:card\" content=\"summary_large_image\" \/>\n<meta name=\"twitter:label1\" content=\"Tiempo de lectura\" \/>\n\t<meta name=\"twitter:data1\" content=\"1 minuto\" \/>\n<script type=\"application\/ld+json\" class=\"yoast-schema-graph\">{\"@context\":\"https:\/\/schema.org\",\"@graph\":[{\"@type\":\"WebPage\",\"@id\":\"https:\/\/abaa.mx\/tienda\/indice-de-fluidez-xnr-400b-xnr-400a\/\",\"url\":\"https:\/\/abaa.mx\/tienda\/indice-de-fluidez-xnr-400b-xnr-400a\/\",\"name\":\"Indice de Fluidez XNR-400B, XNR-400A. - Abaa tienda online\",\"isPartOf\":{\"@id\":\"https:\/\/abaa.mx\/tienda\/#website\"},\"primaryImageOfPage\":{\"@id\":\"https:\/\/abaa.mx\/tienda\/indice-de-fluidez-xnr-400b-xnr-400a\/#primaryimage\"},\"image\":{\"@id\":\"https:\/\/abaa.mx\/tienda\/indice-de-fluidez-xnr-400b-xnr-400a\/#primaryimage\"},\"thumbnailUrl\":\"https:\/\/abaa.mx\/tienda\/wp-content\/uploads\/2023\/11\/ALFAMETRIC-XNR-400A.jpg\",\"datePublished\":\"2023-11-02T15:27:30+00:00\",\"dateModified\":\"2023-11-02T15:27:31+00:00\",\"breadcrumb\":{\"@id\":\"https:\/\/abaa.mx\/tienda\/indice-de-fluidez-xnr-400b-xnr-400a\/#breadcrumb\"},\"inLanguage\":\"es\",\"potentialAction\":[{\"@type\":\"ReadAction\",\"target\":[\"https:\/\/abaa.mx\/tienda\/indice-de-fluidez-xnr-400b-xnr-400a\/\"]}]},{\"@type\":\"ImageObject\",\"inLanguage\":\"es\",\"@id\":\"https:\/\/abaa.mx\/tienda\/indice-de-fluidez-xnr-400b-xnr-400a\/#primaryimage\",\"url\":\"https:\/\/abaa.mx\/tienda\/wp-content\/uploads\/2023\/11\/ALFAMETRIC-XNR-400A.jpg\",\"contentUrl\":\"https:\/\/abaa.mx\/tienda\/wp-content\/uploads\/2023\/11\/ALFAMETRIC-XNR-400A.jpg\",\"width\":390,\"height\":520,\"caption\":\"ALFAMETRIC-XNR-400A\"},{\"@type\":\"BreadcrumbList\",\"@id\":\"https:\/\/abaa.mx\/tienda\/indice-de-fluidez-xnr-400b-xnr-400a\/#breadcrumb\",\"itemListElement\":[{\"@type\":\"ListItem\",\"position\":1,\"name\":\"Inicio\",\"item\":\"https:\/\/abaa.mx\/tienda\/\"},{\"@type\":\"ListItem\",\"position\":2,\"name\":\"Tienda\",\"item\":\"https:\/\/abaa.mx\/tienda\/\"},{\"@type\":\"ListItem\",\"position\":3,\"name\":\"Indice de Fluidez XNR-400B, XNR-400A.\"}]},{\"@type\":\"WebSite\",\"@id\":\"https:\/\/abaa.mx\/tienda\/#website\",\"url\":\"https:\/\/abaa.mx\/tienda\/\",\"name\":\"Abaa tienda online\",\"description\":\"Instrumentos de medici\u00f3n\",\"publisher\":{\"@id\":\"https:\/\/abaa.mx\/tienda\/#organization\"},\"potentialAction\":[{\"@type\":\"SearchAction\",\"target\":{\"@type\":\"EntryPoint\",\"urlTemplate\":\"https:\/\/abaa.mx\/tienda\/?s={search_term_string}\"},\"query-input\":{\"@type\":\"PropertyValueSpecification\",\"valueRequired\":true,\"valueName\":\"search_term_string\"}}],\"inLanguage\":\"es\"},{\"@type\":\"Organization\",\"@id\":\"https:\/\/abaa.mx\/tienda\/#organization\",\"name\":\"Abaa tienda online\",\"url\":\"https:\/\/abaa.mx\/tienda\/\",\"logo\":{\"@type\":\"ImageObject\",\"inLanguage\":\"es\",\"@id\":\"https:\/\/abaa.mx\/tienda\/#\/schema\/logo\/image\/\",\"url\":\"https:\/\/abaa.mx\/tienda\/wp-content\/uploads\/2024\/01\/abaa-metrologia-tienda.png\",\"contentUrl\":\"https:\/\/abaa.mx\/tienda\/wp-content\/uploads\/2024\/01\/abaa-metrologia-tienda.png\",\"width\":300,\"height\":141,\"caption\":\"Abaa tienda online\"},\"image\":{\"@id\":\"https:\/\/abaa.mx\/tienda\/#\/schema\/logo\/image\/\"}}]}<\/script>\n<!-- \/ Yoast SEO plugin. -->","yoast_head_json":{"title":"Indice de Fluidez XNR-400B, XNR-400A. - Abaa tienda online","robots":{"index":"index","follow":"follow","max-snippet":"max-snippet:-1","max-image-preview":"max-image-preview:large","max-video-preview":"max-video-preview:-1"},"canonical":"https:\/\/abaa.mx\/tienda\/indice-de-fluidez-xnr-400b-xnr-400a\/","og_locale":"es_MX","og_type":"article","og_title":"Indice de Fluidez XNR-400B, XNR-400A. - Abaa tienda online","og_description":"Aplicaci\u00f3n:  Aplicable a la prueba de \u00edndice de fusi\u00f3n de polietileno, poliestireno, polipropileno, resina ABS, resina de poliacetal, policarbonato, nailon, pl\u00e1sticos fluorados, etc ., en una variedad de materias primas de pol\u00edmeros pl\u00e1sticos a elevada temperatura. Especificaciones:      Modelo XNR-400A XNR-400B   Rango de medici\u00f3n 0,1-400,00 g\/10 min (MFR) 0,1-800,00 g\/10 min (MFR) 0,1-800,00 cm3\/10 min (MVR)   Precisi\u00f3n del control de temperatura Temperatura ambiente - 450\u00b0c   Precisi\u00f3n de temperatura \u00b10.2\u00b0c   precisi\u00f3n del tiempo 1 s o 0,01 s   Configuracion de hora 1~9999s o 0,01-99,99s   Carga Carga completa   Modo de corte Manual, Por Tiempo Manual, por tiempo, control autom\u00e1tico   Di\u00e1metro interno del barril de tornillo (mm) 9,550 \u00b1 0,025   Longitud del cilindro del tornillo (mm) 160   Troquel de cavidad (mm) Carburo de tungsteno, L 8.000\u00b10.025, Di\u00e1metro interno 2.095 \u00b10.005   Potencia (kW) 0,45   Fuente de alimentaci\u00f3n 220 V CA, 50 Hz   Dimensi\u00f3n (mm) 400*500*60   Peso neto \/ kg) 60 sesenta y cinco","og_url":"https:\/\/abaa.mx\/tienda\/indice-de-fluidez-xnr-400b-xnr-400a\/","og_site_name":"Abaa tienda online","article_modified_time":"2023-11-02T15:27:31+00:00","og_image":[{"width":390,"height":520,"url":"https:\/\/abaa.mx\/tienda\/wp-content\/uploads\/2023\/11\/ALFAMETRIC-XNR-400A.jpg","type":"image\/jpeg"}],"twitter_card":"summary_large_image","twitter_misc":{"Tiempo de lectura":"1 minuto"},"schema":{"@context":"https:\/\/schema.org","@graph":[{"@type":"WebPage","@id":"https:\/\/abaa.mx\/tienda\/indice-de-fluidez-xnr-400b-xnr-400a\/","url":"https:\/\/abaa.mx\/tienda\/indice-de-fluidez-xnr-400b-xnr-400a\/","name":"Indice de Fluidez XNR-400B, XNR-400A. - Abaa tienda online","isPartOf":{"@id":"https:\/\/abaa.mx\/tienda\/#website"},"primaryImageOfPage":{"@id":"https:\/\/abaa.mx\/tienda\/indice-de-fluidez-xnr-400b-xnr-400a\/#primaryimage"},"image":{"@id":"https:\/\/abaa.mx\/tienda\/indice-de-fluidez-xnr-400b-xnr-400a\/#primaryimage"},"thumbnailUrl":"https:\/\/abaa.mx\/tienda\/wp-content\/uploads\/2023\/11\/ALFAMETRIC-XNR-400A.jpg","datePublished":"2023-11-02T15:27:30+00:00","dateModified":"2023-11-02T15:27:31+00:00","breadcrumb":{"@id":"https:\/\/abaa.mx\/tienda\/indice-de-fluidez-xnr-400b-xnr-400a\/#breadcrumb"},"inLanguage":"es","potentialAction":[{"@type":"ReadAction","target":["https:\/\/abaa.mx\/tienda\/indice-de-fluidez-xnr-400b-xnr-400a\/"]}]},{"@type":"ImageObject","inLanguage":"es","@id":"https:\/\/abaa.mx\/tienda\/indice-de-fluidez-xnr-400b-xnr-400a\/#primaryimage","url":"https:\/\/abaa.mx\/tienda\/wp-content\/uploads\/2023\/11\/ALFAMETRIC-XNR-400A.jpg","contentUrl":"https:\/\/abaa.mx\/tienda\/wp-content\/uploads\/2023\/11\/ALFAMETRIC-XNR-400A.jpg","width":390,"height":520,"caption":"ALFAMETRIC-XNR-400A"},{"@type":"BreadcrumbList","@id":"https:\/\/abaa.mx\/tienda\/indice-de-fluidez-xnr-400b-xnr-400a\/#breadcrumb","itemListElement":[{"@type":"ListItem","position":1,"name":"Inicio","item":"https:\/\/abaa.mx\/tienda\/"},{"@type":"ListItem","position":2,"name":"Tienda","item":"https:\/\/abaa.mx\/tienda\/"},{"@type":"ListItem","position":3,"name":"Indice de Fluidez XNR-400B, XNR-400A."}]},{"@type":"WebSite","@id":"https:\/\/abaa.mx\/tienda\/#website","url":"https:\/\/abaa.mx\/tienda\/","name":"Abaa tienda online","description":"Instrumentos de medici\u00f3n","publisher":{"@id":"https:\/\/abaa.mx\/tienda\/#organization"},"potentialAction":[{"@type":"SearchAction","target":{"@type":"EntryPoint","urlTemplate":"https:\/\/abaa.mx\/tienda\/?s={search_term_string}"},"query-input":{"@type":"PropertyValueSpecification","valueRequired":true,"valueName":"search_term_string"}}],"inLanguage":"es"},{"@type":"Organization","@id":"https:\/\/abaa.mx\/tienda\/#organization","name":"Abaa tienda online","url":"https:\/\/abaa.mx\/tienda\/","logo":{"@type":"ImageObject","inLanguage":"es","@id":"https:\/\/abaa.mx\/tienda\/#\/schema\/logo\/image\/","url":"https:\/\/abaa.mx\/tienda\/wp-content\/uploads\/2024\/01\/abaa-metrologia-tienda.png","contentUrl":"https:\/\/abaa.mx\/tienda\/wp-content\/uploads\/2024\/01\/abaa-metrologia-tienda.png","width":300,"height":141,"caption":"Abaa tienda online"},"image":{"@id":"https:\/\/abaa.mx\/tienda\/#\/schema\/logo\/image\/"}}]}},"_links":{"self":[{"href":"https:\/\/abaa.mx\/tienda\/wp-json\/wp\/v2\/product\/8430","targetHints":{"allow":["GET"]}}],"collection":[{"href":"https:\/\/abaa.mx\/tienda\/wp-json\/wp\/v2\/product"}],"about":[{"href":"https:\/\/abaa.mx\/tienda\/wp-json\/wp\/v2\/types\/product"}],"replies":[{"embeddable":true,"href":"https:\/\/abaa.mx\/tienda\/wp-json\/wp\/v2\/comments?post=8430"}],"wp:featuredmedia":[{"embeddable":true,"href":"https:\/\/abaa.mx\/tienda\/wp-json\/wp\/v2\/media\/8431"}],"wp:attachment":[{"href":"https:\/\/abaa.mx\/tienda\/wp-json\/wp\/v2\/media?parent=8430"}],"wp:term":[{"taxonomy":"product_brand","embeddable":true,"href":"https:\/\/abaa.mx\/tienda\/wp-json\/wp\/v2\/product_brand?post=8430"},{"taxonomy":"product_cat","embeddable":true,"href":"https:\/\/abaa.mx\/tienda\/wp-json\/wp\/v2\/product_cat?post=8430"},{"taxonomy":"product_tag","embeddable":true,"href":"https:\/\/abaa.mx\/tienda\/wp-json\/wp\/v2\/product_tag?post=8430"}],"curies":[{"name":"wp","href":"https:\/\/api.w.org\/{rel}","templated":true}]}}