{"id":8419,"date":"2023-11-02T14:46:58","date_gmt":"2023-11-02T14:46:58","guid":{"rendered":"https:\/\/abaa.mx\/tienda\/?post_type=product&#038;p=8419"},"modified":"2023-11-02T14:46:59","modified_gmt":"2023-11-02T14:46:59","slug":"microscopio-digital-de-mesa-um06","status":"publish","type":"product","link":"https:\/\/abaa.mx\/tienda\/microscopio-digital-de-mesa-um06\/","title":{"rendered":"Microscopio Digital de Mesa &#8211; UM06"},"content":{"rendered":"<p>Microscopio Digital de Mesa &#8211; UM06.<\/p>\n","protected":false},"excerpt":{"rendered":"<p>El microscopio Vitiny UM06 incluye una c\u00e1mara incorporada, puede ser conectado a la PC con el cable USB, hace el enfoque autom\u00e1tico, el software incluido deja al usuario ver una captura de imagen, medici\u00f3n y de edici\u00f3n de im\u00e1genes en directo.<\/p>\n<p><b>Especificaciones:<\/b><\/p>\n<ul>\n<li>Fuente auxiliar:LED Blanco \u00d7 30pcs<\/li>\n<li>Lente:Objetivo del lente 4X: 4\/0.10,160\/0.17; Objetivo del lente 10X: 10\/0.25,160\/0.17<\/li>\n<li>Temperatura -5\u00b0C ~ 50\u00b0C Humedad menor a 85% (Sin condensaci\u00f3n)<\/li>\n<li>Aumento:Objetivo del lente 4X: 15x~270x; Objetivo del lente 10X: 260x~900x on 21.5\u201d en pantalla<\/li>\n<li>Peso: 310 gr aproximadamente<\/li>\n<li>Consumo de energ\u00eda (A\/C): 0.225A (Max.)<\/li>\n<li>Control del enfoque: Control remoto IR con control a la PC (programa)<\/li>\n<li>Puerto HDMI: Imagen de salida 1080P(1920*1080 Pixeles)<\/li>\n<li>Sensor CMOS:Sensor CMOS de 5 millones pixeles<\/li>\n<li>Puerto USB: USB 2.0,3.0 compatible, conectar al PC.<\/li>\n<li>Tama\u00f1o: 106 (L) \u00d7106 (W) \u00d7 152(T) mm<\/li>\n<li>Ambiente de operaci\u00f3n:<\/li>\n<li>Proveedor de energ\u00eda: Adaptador (entrada: DC 5.0V\/2.0A entrada: AC 100-240V 50\/60Hz)<\/li>\n<li>Puerto DC:Adaptador de entrada de CC<\/li>\n<\/ul>\n","protected":false},"featured_media":8424,"comment_status":"open","ping_status":"closed","template":"","meta":{"_joinchat":[]},"product_brand":[],"product_cat":[102],"product_tag":[],"class_list":{"0":"post-8419","1":"product","2":"type-product","3":"status-publish","4":"has-post-thumbnail","6":"product_cat-microscopios-digitales","8":"first","9":"instock","10":"shipping-taxable","11":"product-type-simple"},"yoast_head":"<!-- This site is optimized with the Yoast SEO plugin v26.4 - https:\/\/yoast.com\/wordpress\/plugins\/seo\/ -->\n<title>Microscopio Digital de Mesa - UM06 - Abaa tienda online<\/title>\n<meta name=\"robots\" content=\"index, follow, max-snippet:-1, max-image-preview:large, max-video-preview:-1\" \/>\n<link rel=\"canonical\" href=\"https:\/\/abaa.mx\/tienda\/microscopio-digital-de-mesa-um06\/\" \/>\n<meta property=\"og:locale\" content=\"es_MX\" \/>\n<meta property=\"og:type\" content=\"article\" \/>\n<meta property=\"og:title\" content=\"Microscopio Digital de Mesa - UM06 - Abaa tienda online\" \/>\n<meta property=\"og:description\" content=\"El microscopio Vitiny UM06 incluye una c\u00e1mara incorporada, puede ser conectado a la PC con el cable USB, hace el enfoque autom\u00e1tico, el software incluido deja al usuario ver una captura de imagen, medici\u00f3n y de edici\u00f3n de im\u00e1genes en directo.  Especificaciones:   Fuente auxiliar:LED Blanco \u00d7 30pcs  Lente:Objetivo del lente 4X: 4\/0.10,160\/0.17; Objetivo del lente 10X: 10\/0.25,160\/0.17  Temperatura -5\u00b0C ~ 50\u00b0C Humedad menor a 85% (Sin condensaci\u00f3n)  Aumento:Objetivo del lente 4X: 15x~270x; Objetivo del lente 10X: 260x~900x on 21.5\u201d en pantalla  Peso: 310 gr aproximadamente  Consumo de energ\u00eda (A\/C): 0.225A (Max.)  Control del enfoque: Control remoto IR con control a la PC (programa)  Puerto HDMI: Imagen de salida 1080P(1920*1080 Pixeles)  Sensor CMOS:Sensor CMOS de 5 millones pixeles  Puerto USB: USB 2.0,3.0 compatible, conectar al PC.  Tama\u00f1o: 106 (L) \u00d7106 (W) \u00d7 152(T) mm  Ambiente de operaci\u00f3n:  Proveedor de energ\u00eda: Adaptador (entrada: DC 5.0V\/2.0A entrada: AC 100-240V 50\/60Hz)  Puerto DC:Adaptador de entrada de CC\" \/>\n<meta property=\"og:url\" content=\"https:\/\/abaa.mx\/tienda\/microscopio-digital-de-mesa-um06\/\" \/>\n<meta property=\"og:site_name\" content=\"Abaa tienda online\" \/>\n<meta property=\"article:modified_time\" content=\"2023-11-02T14:46:59+00:00\" \/>\n<meta property=\"og:image\" content=\"https:\/\/abaa.mx\/tienda\/wp-content\/uploads\/2023\/11\/MICROLINKS-UM06.jpg\" \/>\n\t<meta property=\"og:image:width\" content=\"400\" \/>\n\t<meta property=\"og:image:height\" content=\"519\" \/>\n\t<meta property=\"og:image:type\" content=\"image\/jpeg\" \/>\n<meta name=\"twitter:card\" content=\"summary_large_image\" \/>\n<meta name=\"twitter:label1\" content=\"Tiempo de lectura\" \/>\n\t<meta name=\"twitter:data1\" content=\"1 minuto\" \/>\n<script type=\"application\/ld+json\" class=\"yoast-schema-graph\">{\"@context\":\"https:\/\/schema.org\",\"@graph\":[{\"@type\":\"WebPage\",\"@id\":\"https:\/\/abaa.mx\/tienda\/microscopio-digital-de-mesa-um06\/\",\"url\":\"https:\/\/abaa.mx\/tienda\/microscopio-digital-de-mesa-um06\/\",\"name\":\"Microscopio Digital de Mesa - UM06 - Abaa tienda online\",\"isPartOf\":{\"@id\":\"https:\/\/abaa.mx\/tienda\/#website\"},\"primaryImageOfPage\":{\"@id\":\"https:\/\/abaa.mx\/tienda\/microscopio-digital-de-mesa-um06\/#primaryimage\"},\"image\":{\"@id\":\"https:\/\/abaa.mx\/tienda\/microscopio-digital-de-mesa-um06\/#primaryimage\"},\"thumbnailUrl\":\"https:\/\/abaa.mx\/tienda\/wp-content\/uploads\/2023\/11\/MICROLINKS-UM06.jpg\",\"datePublished\":\"2023-11-02T14:46:58+00:00\",\"dateModified\":\"2023-11-02T14:46:59+00:00\",\"breadcrumb\":{\"@id\":\"https:\/\/abaa.mx\/tienda\/microscopio-digital-de-mesa-um06\/#breadcrumb\"},\"inLanguage\":\"es\",\"potentialAction\":[{\"@type\":\"ReadAction\",\"target\":[\"https:\/\/abaa.mx\/tienda\/microscopio-digital-de-mesa-um06\/\"]}]},{\"@type\":\"ImageObject\",\"inLanguage\":\"es\",\"@id\":\"https:\/\/abaa.mx\/tienda\/microscopio-digital-de-mesa-um06\/#primaryimage\",\"url\":\"https:\/\/abaa.mx\/tienda\/wp-content\/uploads\/2023\/11\/MICROLINKS-UM06.jpg\",\"contentUrl\":\"https:\/\/abaa.mx\/tienda\/wp-content\/uploads\/2023\/11\/MICROLINKS-UM06.jpg\",\"width\":400,\"height\":519,\"caption\":\"MICROLINKS-UM06\"},{\"@type\":\"BreadcrumbList\",\"@id\":\"https:\/\/abaa.mx\/tienda\/microscopio-digital-de-mesa-um06\/#breadcrumb\",\"itemListElement\":[{\"@type\":\"ListItem\",\"position\":1,\"name\":\"Inicio\",\"item\":\"https:\/\/abaa.mx\/tienda\/\"},{\"@type\":\"ListItem\",\"position\":2,\"name\":\"Tienda\",\"item\":\"https:\/\/abaa.mx\/tienda\/\"},{\"@type\":\"ListItem\",\"position\":3,\"name\":\"Microscopio Digital de Mesa &#8211; UM06\"}]},{\"@type\":\"WebSite\",\"@id\":\"https:\/\/abaa.mx\/tienda\/#website\",\"url\":\"https:\/\/abaa.mx\/tienda\/\",\"name\":\"Abaa tienda online\",\"description\":\"Instrumentos de medici\u00f3n\",\"publisher\":{\"@id\":\"https:\/\/abaa.mx\/tienda\/#organization\"},\"potentialAction\":[{\"@type\":\"SearchAction\",\"target\":{\"@type\":\"EntryPoint\",\"urlTemplate\":\"https:\/\/abaa.mx\/tienda\/?s={search_term_string}\"},\"query-input\":{\"@type\":\"PropertyValueSpecification\",\"valueRequired\":true,\"valueName\":\"search_term_string\"}}],\"inLanguage\":\"es\"},{\"@type\":\"Organization\",\"@id\":\"https:\/\/abaa.mx\/tienda\/#organization\",\"name\":\"Abaa tienda online\",\"url\":\"https:\/\/abaa.mx\/tienda\/\",\"logo\":{\"@type\":\"ImageObject\",\"inLanguage\":\"es\",\"@id\":\"https:\/\/abaa.mx\/tienda\/#\/schema\/logo\/image\/\",\"url\":\"https:\/\/abaa.mx\/tienda\/wp-content\/uploads\/2024\/01\/abaa-metrologia-tienda.png\",\"contentUrl\":\"https:\/\/abaa.mx\/tienda\/wp-content\/uploads\/2024\/01\/abaa-metrologia-tienda.png\",\"width\":300,\"height\":141,\"caption\":\"Abaa tienda online\"},\"image\":{\"@id\":\"https:\/\/abaa.mx\/tienda\/#\/schema\/logo\/image\/\"}}]}<\/script>\n<!-- \/ Yoast SEO plugin. -->","yoast_head_json":{"title":"Microscopio Digital de Mesa - UM06 - Abaa tienda online","robots":{"index":"index","follow":"follow","max-snippet":"max-snippet:-1","max-image-preview":"max-image-preview:large","max-video-preview":"max-video-preview:-1"},"canonical":"https:\/\/abaa.mx\/tienda\/microscopio-digital-de-mesa-um06\/","og_locale":"es_MX","og_type":"article","og_title":"Microscopio Digital de Mesa - UM06 - Abaa tienda online","og_description":"El microscopio Vitiny UM06 incluye una c\u00e1mara incorporada, puede ser conectado a la PC con el cable USB, hace el enfoque autom\u00e1tico, el software incluido deja al usuario ver una captura de imagen, medici\u00f3n y de edici\u00f3n de im\u00e1genes en directo.  Especificaciones:   Fuente auxiliar:LED Blanco \u00d7 30pcs  Lente:Objetivo del lente 4X: 4\/0.10,160\/0.17; Objetivo del lente 10X: 10\/0.25,160\/0.17  Temperatura -5\u00b0C ~ 50\u00b0C Humedad menor a 85% (Sin condensaci\u00f3n)  Aumento:Objetivo del lente 4X: 15x~270x; Objetivo del lente 10X: 260x~900x on 21.5\u201d en pantalla  Peso: 310 gr aproximadamente  Consumo de energ\u00eda (A\/C): 0.225A (Max.)  Control del enfoque: Control remoto IR con control a la PC (programa)  Puerto HDMI: Imagen de salida 1080P(1920*1080 Pixeles)  Sensor CMOS:Sensor CMOS de 5 millones pixeles  Puerto USB: USB 2.0,3.0 compatible, conectar al PC.  Tama\u00f1o: 106 (L) \u00d7106 (W) \u00d7 152(T) mm  Ambiente de operaci\u00f3n:  Proveedor de energ\u00eda: Adaptador (entrada: DC 5.0V\/2.0A entrada: AC 100-240V 50\/60Hz)  Puerto DC:Adaptador de entrada de CC","og_url":"https:\/\/abaa.mx\/tienda\/microscopio-digital-de-mesa-um06\/","og_site_name":"Abaa tienda online","article_modified_time":"2023-11-02T14:46:59+00:00","og_image":[{"width":400,"height":519,"url":"https:\/\/abaa.mx\/tienda\/wp-content\/uploads\/2023\/11\/MICROLINKS-UM06.jpg","type":"image\/jpeg"}],"twitter_card":"summary_large_image","twitter_misc":{"Tiempo de lectura":"1 minuto"},"schema":{"@context":"https:\/\/schema.org","@graph":[{"@type":"WebPage","@id":"https:\/\/abaa.mx\/tienda\/microscopio-digital-de-mesa-um06\/","url":"https:\/\/abaa.mx\/tienda\/microscopio-digital-de-mesa-um06\/","name":"Microscopio Digital de Mesa - UM06 - Abaa tienda online","isPartOf":{"@id":"https:\/\/abaa.mx\/tienda\/#website"},"primaryImageOfPage":{"@id":"https:\/\/abaa.mx\/tienda\/microscopio-digital-de-mesa-um06\/#primaryimage"},"image":{"@id":"https:\/\/abaa.mx\/tienda\/microscopio-digital-de-mesa-um06\/#primaryimage"},"thumbnailUrl":"https:\/\/abaa.mx\/tienda\/wp-content\/uploads\/2023\/11\/MICROLINKS-UM06.jpg","datePublished":"2023-11-02T14:46:58+00:00","dateModified":"2023-11-02T14:46:59+00:00","breadcrumb":{"@id":"https:\/\/abaa.mx\/tienda\/microscopio-digital-de-mesa-um06\/#breadcrumb"},"inLanguage":"es","potentialAction":[{"@type":"ReadAction","target":["https:\/\/abaa.mx\/tienda\/microscopio-digital-de-mesa-um06\/"]}]},{"@type":"ImageObject","inLanguage":"es","@id":"https:\/\/abaa.mx\/tienda\/microscopio-digital-de-mesa-um06\/#primaryimage","url":"https:\/\/abaa.mx\/tienda\/wp-content\/uploads\/2023\/11\/MICROLINKS-UM06.jpg","contentUrl":"https:\/\/abaa.mx\/tienda\/wp-content\/uploads\/2023\/11\/MICROLINKS-UM06.jpg","width":400,"height":519,"caption":"MICROLINKS-UM06"},{"@type":"BreadcrumbList","@id":"https:\/\/abaa.mx\/tienda\/microscopio-digital-de-mesa-um06\/#breadcrumb","itemListElement":[{"@type":"ListItem","position":1,"name":"Inicio","item":"https:\/\/abaa.mx\/tienda\/"},{"@type":"ListItem","position":2,"name":"Tienda","item":"https:\/\/abaa.mx\/tienda\/"},{"@type":"ListItem","position":3,"name":"Microscopio Digital de Mesa &#8211; UM06"}]},{"@type":"WebSite","@id":"https:\/\/abaa.mx\/tienda\/#website","url":"https:\/\/abaa.mx\/tienda\/","name":"Abaa tienda online","description":"Instrumentos de medici\u00f3n","publisher":{"@id":"https:\/\/abaa.mx\/tienda\/#organization"},"potentialAction":[{"@type":"SearchAction","target":{"@type":"EntryPoint","urlTemplate":"https:\/\/abaa.mx\/tienda\/?s={search_term_string}"},"query-input":{"@type":"PropertyValueSpecification","valueRequired":true,"valueName":"search_term_string"}}],"inLanguage":"es"},{"@type":"Organization","@id":"https:\/\/abaa.mx\/tienda\/#organization","name":"Abaa tienda online","url":"https:\/\/abaa.mx\/tienda\/","logo":{"@type":"ImageObject","inLanguage":"es","@id":"https:\/\/abaa.mx\/tienda\/#\/schema\/logo\/image\/","url":"https:\/\/abaa.mx\/tienda\/wp-content\/uploads\/2024\/01\/abaa-metrologia-tienda.png","contentUrl":"https:\/\/abaa.mx\/tienda\/wp-content\/uploads\/2024\/01\/abaa-metrologia-tienda.png","width":300,"height":141,"caption":"Abaa tienda online"},"image":{"@id":"https:\/\/abaa.mx\/tienda\/#\/schema\/logo\/image\/"}}]}},"_links":{"self":[{"href":"https:\/\/abaa.mx\/tienda\/wp-json\/wp\/v2\/product\/8419","targetHints":{"allow":["GET"]}}],"collection":[{"href":"https:\/\/abaa.mx\/tienda\/wp-json\/wp\/v2\/product"}],"about":[{"href":"https:\/\/abaa.mx\/tienda\/wp-json\/wp\/v2\/types\/product"}],"replies":[{"embeddable":true,"href":"https:\/\/abaa.mx\/tienda\/wp-json\/wp\/v2\/comments?post=8419"}],"wp:featuredmedia":[{"embeddable":true,"href":"https:\/\/abaa.mx\/tienda\/wp-json\/wp\/v2\/media\/8424"}],"wp:attachment":[{"href":"https:\/\/abaa.mx\/tienda\/wp-json\/wp\/v2\/media?parent=8419"}],"wp:term":[{"taxonomy":"product_brand","embeddable":true,"href":"https:\/\/abaa.mx\/tienda\/wp-json\/wp\/v2\/product_brand?post=8419"},{"taxonomy":"product_cat","embeddable":true,"href":"https:\/\/abaa.mx\/tienda\/wp-json\/wp\/v2\/product_cat?post=8419"},{"taxonomy":"product_tag","embeddable":true,"href":"https:\/\/abaa.mx\/tienda\/wp-json\/wp\/v2\/product_tag?post=8419"}],"curies":[{"name":"wp","href":"https:\/\/api.w.org\/{rel}","templated":true}]}}