{"id":8418,"date":"2023-11-02T14:43:40","date_gmt":"2023-11-02T14:43:40","guid":{"rendered":"https:\/\/abaa.mx\/tienda\/?post_type=product&#038;p=8418"},"modified":"2023-11-02T14:43:40","modified_gmt":"2023-11-02T14:43:40","slug":"microscopio-digital-portatil-pro-10-plus-pro10plus","status":"publish","type":"product","link":"https:\/\/abaa.mx\/tienda\/microscopio-digital-portatil-pro-10-plus-pro10plus\/","title":{"rendered":"Microsc\u00f3pio Digital port\u00e1til Pro 10 Plus -PRO10PLUS"},"content":{"rendered":"<p>Microsc\u00f3pio Digital port\u00e1til Pro 10 Plus -PRO10PLUS.<\/p>\n","protected":false},"excerpt":{"rendered":"<p>El microscopio port\u00e1til modelo MT-Pro10plus es uno de los mucho m\u00e1s ligeros , microscopios m\u00f3viles mucho m\u00e1s potentes y compactas en el mundo de el d\u00eda de hoy. Este microscopio es del tama\u00f1o de la palma de una mano y no necesita ning\u00fan monitor adicional. El Pro10 Plus con su pantalla a todo color le permite ver im\u00e1genes en alta magnificaci\u00f3n, toma fotos , v\u00eddeos est\u00e1ndar de discos y de salida en un PC o TV. Ocho refulgentes LEDs integrados tienen m\u00faltiples iluminaci\u00f3n funciones , que le permite escoger distintas direcci\u00f3n de la iluminaci\u00f3n para observar la diferente textura de la \u00e1rea con la iluminaci\u00f3n \u00f3ptima el software incluido tiene una potente funci\u00f3n de medici\u00f3n para medir la longitud, el per\u00edmetro, el \u00e1ngulo y el \u00e1rea de objetos. Apps : Investigaci\u00f3n Educativa : muestra biol\u00f3gica, criaturas vivientes y lectura general. Comprobaci\u00f3n de la calidad: materiales (inspecci\u00f3n textil), reparaci\u00f3n detallada , superficie met\u00e1lica (comprobaci\u00f3n de soldadura), joyas, impresi\u00f3n. Comprobaci\u00f3n electr\u00f3nica: inspecci\u00f3n de placa de circuito impreso. Observaci\u00f3n M\u00e9dica: Examen tejido \u00f3seo. Cuidado de la Salud: la piel y el pelo de observaci\u00f3n.<\/p>\n<p>&nbsp;<\/p>\n","protected":false},"featured_media":8423,"comment_status":"open","ping_status":"closed","template":"","meta":{"_joinchat":[]},"product_brand":[],"product_cat":[102],"product_tag":[],"class_list":{"0":"post-8418","1":"product","2":"type-product","3":"status-publish","4":"has-post-thumbnail","6":"product_cat-microscopios-digitales","8":"first","9":"instock","10":"shipping-taxable","11":"product-type-simple"},"yoast_head":"<!-- This site is optimized with the Yoast SEO plugin v26.4 - https:\/\/yoast.com\/wordpress\/plugins\/seo\/ -->\n<title>Microsc\u00f3pio Digital port\u00e1til Pro 10 Plus -PRO10PLUS - Abaa tienda online<\/title>\n<meta name=\"robots\" content=\"index, follow, max-snippet:-1, max-image-preview:large, max-video-preview:-1\" \/>\n<link rel=\"canonical\" href=\"https:\/\/abaa.mx\/tienda\/microscopio-digital-portatil-pro-10-plus-pro10plus\/\" \/>\n<meta property=\"og:locale\" content=\"es_MX\" \/>\n<meta property=\"og:type\" content=\"article\" \/>\n<meta property=\"og:title\" content=\"Microsc\u00f3pio Digital port\u00e1til Pro 10 Plus -PRO10PLUS - Abaa tienda online\" \/>\n<meta property=\"og:description\" content=\"El microscopio port\u00e1til modelo MT-Pro10plus es uno de los mucho m\u00e1s ligeros , microscopios m\u00f3viles mucho m\u00e1s potentes y compactas en el mundo de el d\u00eda de hoy. Este microscopio es del tama\u00f1o de la palma de una mano y no necesita ning\u00fan monitor adicional. El Pro10 Plus con su pantalla a todo color le permite ver im\u00e1genes en alta magnificaci\u00f3n, toma fotos , v\u00eddeos est\u00e1ndar de discos y de salida en un PC o TV. Ocho refulgentes LEDs integrados tienen m\u00faltiples iluminaci\u00f3n funciones , que le permite escoger distintas direcci\u00f3n de la iluminaci\u00f3n para observar la diferente textura de la \u00e1rea con la iluminaci\u00f3n \u00f3ptima el software incluido tiene una potente funci\u00f3n de medici\u00f3n para medir la longitud, el per\u00edmetro, el \u00e1ngulo y el \u00e1rea de objetos. Apps : Investigaci\u00f3n Educativa : muestra biol\u00f3gica, criaturas vivientes y lectura general. Comprobaci\u00f3n de la calidad: materiales (inspecci\u00f3n textil), reparaci\u00f3n detallada , superficie met\u00e1lica (comprobaci\u00f3n de soldadura), joyas, impresi\u00f3n. Comprobaci\u00f3n electr\u00f3nica: inspecci\u00f3n de placa de circuito impreso. Observaci\u00f3n M\u00e9dica: Examen tejido \u00f3seo. Cuidado de la Salud: la piel y el pelo de observaci\u00f3n.  &nbsp;\" \/>\n<meta property=\"og:url\" content=\"https:\/\/abaa.mx\/tienda\/microscopio-digital-portatil-pro-10-plus-pro10plus\/\" \/>\n<meta property=\"og:site_name\" content=\"Abaa tienda online\" \/>\n<meta property=\"og:image\" content=\"https:\/\/abaa.mx\/tienda\/wp-content\/uploads\/2023\/11\/MICROLINKS-PRO10PLUS.jpg\" \/>\n\t<meta property=\"og:image:width\" content=\"541\" \/>\n\t<meta property=\"og:image:height\" content=\"333\" \/>\n\t<meta property=\"og:image:type\" content=\"image\/jpeg\" \/>\n<meta name=\"twitter:card\" content=\"summary_large_image\" \/>\n<meta name=\"twitter:label1\" content=\"Tiempo de lectura\" \/>\n\t<meta name=\"twitter:data1\" content=\"1 minuto\" \/>\n<script type=\"application\/ld+json\" class=\"yoast-schema-graph\">{\"@context\":\"https:\/\/schema.org\",\"@graph\":[{\"@type\":\"WebPage\",\"@id\":\"https:\/\/abaa.mx\/tienda\/microscopio-digital-portatil-pro-10-plus-pro10plus\/\",\"url\":\"https:\/\/abaa.mx\/tienda\/microscopio-digital-portatil-pro-10-plus-pro10plus\/\",\"name\":\"Microsc\u00f3pio Digital port\u00e1til Pro 10 Plus -PRO10PLUS - Abaa tienda online\",\"isPartOf\":{\"@id\":\"https:\/\/abaa.mx\/tienda\/#website\"},\"primaryImageOfPage\":{\"@id\":\"https:\/\/abaa.mx\/tienda\/microscopio-digital-portatil-pro-10-plus-pro10plus\/#primaryimage\"},\"image\":{\"@id\":\"https:\/\/abaa.mx\/tienda\/microscopio-digital-portatil-pro-10-plus-pro10plus\/#primaryimage\"},\"thumbnailUrl\":\"https:\/\/abaa.mx\/tienda\/wp-content\/uploads\/2023\/11\/MICROLINKS-PRO10PLUS.jpg\",\"datePublished\":\"2023-11-02T14:43:40+00:00\",\"breadcrumb\":{\"@id\":\"https:\/\/abaa.mx\/tienda\/microscopio-digital-portatil-pro-10-plus-pro10plus\/#breadcrumb\"},\"inLanguage\":\"es\",\"potentialAction\":[{\"@type\":\"ReadAction\",\"target\":[\"https:\/\/abaa.mx\/tienda\/microscopio-digital-portatil-pro-10-plus-pro10plus\/\"]}]},{\"@type\":\"ImageObject\",\"inLanguage\":\"es\",\"@id\":\"https:\/\/abaa.mx\/tienda\/microscopio-digital-portatil-pro-10-plus-pro10plus\/#primaryimage\",\"url\":\"https:\/\/abaa.mx\/tienda\/wp-content\/uploads\/2023\/11\/MICROLINKS-PRO10PLUS.jpg\",\"contentUrl\":\"https:\/\/abaa.mx\/tienda\/wp-content\/uploads\/2023\/11\/MICROLINKS-PRO10PLUS.jpg\",\"width\":541,\"height\":333,\"caption\":\"MICROLINKS-PRO10PLUS\"},{\"@type\":\"BreadcrumbList\",\"@id\":\"https:\/\/abaa.mx\/tienda\/microscopio-digital-portatil-pro-10-plus-pro10plus\/#breadcrumb\",\"itemListElement\":[{\"@type\":\"ListItem\",\"position\":1,\"name\":\"Inicio\",\"item\":\"https:\/\/abaa.mx\/tienda\/\"},{\"@type\":\"ListItem\",\"position\":2,\"name\":\"Tienda\",\"item\":\"https:\/\/abaa.mx\/tienda\/\"},{\"@type\":\"ListItem\",\"position\":3,\"name\":\"Microsc\u00f3pio Digital port\u00e1til Pro 10 Plus -PRO10PLUS\"}]},{\"@type\":\"WebSite\",\"@id\":\"https:\/\/abaa.mx\/tienda\/#website\",\"url\":\"https:\/\/abaa.mx\/tienda\/\",\"name\":\"Abaa tienda online\",\"description\":\"Instrumentos de medici\u00f3n\",\"publisher\":{\"@id\":\"https:\/\/abaa.mx\/tienda\/#organization\"},\"potentialAction\":[{\"@type\":\"SearchAction\",\"target\":{\"@type\":\"EntryPoint\",\"urlTemplate\":\"https:\/\/abaa.mx\/tienda\/?s={search_term_string}\"},\"query-input\":{\"@type\":\"PropertyValueSpecification\",\"valueRequired\":true,\"valueName\":\"search_term_string\"}}],\"inLanguage\":\"es\"},{\"@type\":\"Organization\",\"@id\":\"https:\/\/abaa.mx\/tienda\/#organization\",\"name\":\"Abaa tienda online\",\"url\":\"https:\/\/abaa.mx\/tienda\/\",\"logo\":{\"@type\":\"ImageObject\",\"inLanguage\":\"es\",\"@id\":\"https:\/\/abaa.mx\/tienda\/#\/schema\/logo\/image\/\",\"url\":\"https:\/\/abaa.mx\/tienda\/wp-content\/uploads\/2024\/01\/abaa-metrologia-tienda.png\",\"contentUrl\":\"https:\/\/abaa.mx\/tienda\/wp-content\/uploads\/2024\/01\/abaa-metrologia-tienda.png\",\"width\":300,\"height\":141,\"caption\":\"Abaa tienda online\"},\"image\":{\"@id\":\"https:\/\/abaa.mx\/tienda\/#\/schema\/logo\/image\/\"}}]}<\/script>\n<!-- \/ Yoast SEO plugin. -->","yoast_head_json":{"title":"Microsc\u00f3pio Digital port\u00e1til Pro 10 Plus -PRO10PLUS - Abaa tienda online","robots":{"index":"index","follow":"follow","max-snippet":"max-snippet:-1","max-image-preview":"max-image-preview:large","max-video-preview":"max-video-preview:-1"},"canonical":"https:\/\/abaa.mx\/tienda\/microscopio-digital-portatil-pro-10-plus-pro10plus\/","og_locale":"es_MX","og_type":"article","og_title":"Microsc\u00f3pio Digital port\u00e1til Pro 10 Plus -PRO10PLUS - Abaa tienda online","og_description":"El microscopio port\u00e1til modelo MT-Pro10plus es uno de los mucho m\u00e1s ligeros , microscopios m\u00f3viles mucho m\u00e1s potentes y compactas en el mundo de el d\u00eda de hoy. Este microscopio es del tama\u00f1o de la palma de una mano y no necesita ning\u00fan monitor adicional. El Pro10 Plus con su pantalla a todo color le permite ver im\u00e1genes en alta magnificaci\u00f3n, toma fotos , v\u00eddeos est\u00e1ndar de discos y de salida en un PC o TV. Ocho refulgentes LEDs integrados tienen m\u00faltiples iluminaci\u00f3n funciones , que le permite escoger distintas direcci\u00f3n de la iluminaci\u00f3n para observar la diferente textura de la \u00e1rea con la iluminaci\u00f3n \u00f3ptima el software incluido tiene una potente funci\u00f3n de medici\u00f3n para medir la longitud, el per\u00edmetro, el \u00e1ngulo y el \u00e1rea de objetos. Apps : Investigaci\u00f3n Educativa : muestra biol\u00f3gica, criaturas vivientes y lectura general. Comprobaci\u00f3n de la calidad: materiales (inspecci\u00f3n textil), reparaci\u00f3n detallada , superficie met\u00e1lica (comprobaci\u00f3n de soldadura), joyas, impresi\u00f3n. Comprobaci\u00f3n electr\u00f3nica: inspecci\u00f3n de placa de circuito impreso. Observaci\u00f3n M\u00e9dica: Examen tejido \u00f3seo. Cuidado de la Salud: la piel y el pelo de observaci\u00f3n.  &nbsp;","og_url":"https:\/\/abaa.mx\/tienda\/microscopio-digital-portatil-pro-10-plus-pro10plus\/","og_site_name":"Abaa tienda online","og_image":[{"width":541,"height":333,"url":"https:\/\/abaa.mx\/tienda\/wp-content\/uploads\/2023\/11\/MICROLINKS-PRO10PLUS.jpg","type":"image\/jpeg"}],"twitter_card":"summary_large_image","twitter_misc":{"Tiempo de lectura":"1 minuto"},"schema":{"@context":"https:\/\/schema.org","@graph":[{"@type":"WebPage","@id":"https:\/\/abaa.mx\/tienda\/microscopio-digital-portatil-pro-10-plus-pro10plus\/","url":"https:\/\/abaa.mx\/tienda\/microscopio-digital-portatil-pro-10-plus-pro10plus\/","name":"Microsc\u00f3pio Digital port\u00e1til Pro 10 Plus -PRO10PLUS - Abaa tienda online","isPartOf":{"@id":"https:\/\/abaa.mx\/tienda\/#website"},"primaryImageOfPage":{"@id":"https:\/\/abaa.mx\/tienda\/microscopio-digital-portatil-pro-10-plus-pro10plus\/#primaryimage"},"image":{"@id":"https:\/\/abaa.mx\/tienda\/microscopio-digital-portatil-pro-10-plus-pro10plus\/#primaryimage"},"thumbnailUrl":"https:\/\/abaa.mx\/tienda\/wp-content\/uploads\/2023\/11\/MICROLINKS-PRO10PLUS.jpg","datePublished":"2023-11-02T14:43:40+00:00","breadcrumb":{"@id":"https:\/\/abaa.mx\/tienda\/microscopio-digital-portatil-pro-10-plus-pro10plus\/#breadcrumb"},"inLanguage":"es","potentialAction":[{"@type":"ReadAction","target":["https:\/\/abaa.mx\/tienda\/microscopio-digital-portatil-pro-10-plus-pro10plus\/"]}]},{"@type":"ImageObject","inLanguage":"es","@id":"https:\/\/abaa.mx\/tienda\/microscopio-digital-portatil-pro-10-plus-pro10plus\/#primaryimage","url":"https:\/\/abaa.mx\/tienda\/wp-content\/uploads\/2023\/11\/MICROLINKS-PRO10PLUS.jpg","contentUrl":"https:\/\/abaa.mx\/tienda\/wp-content\/uploads\/2023\/11\/MICROLINKS-PRO10PLUS.jpg","width":541,"height":333,"caption":"MICROLINKS-PRO10PLUS"},{"@type":"BreadcrumbList","@id":"https:\/\/abaa.mx\/tienda\/microscopio-digital-portatil-pro-10-plus-pro10plus\/#breadcrumb","itemListElement":[{"@type":"ListItem","position":1,"name":"Inicio","item":"https:\/\/abaa.mx\/tienda\/"},{"@type":"ListItem","position":2,"name":"Tienda","item":"https:\/\/abaa.mx\/tienda\/"},{"@type":"ListItem","position":3,"name":"Microsc\u00f3pio Digital port\u00e1til Pro 10 Plus -PRO10PLUS"}]},{"@type":"WebSite","@id":"https:\/\/abaa.mx\/tienda\/#website","url":"https:\/\/abaa.mx\/tienda\/","name":"Abaa tienda online","description":"Instrumentos de medici\u00f3n","publisher":{"@id":"https:\/\/abaa.mx\/tienda\/#organization"},"potentialAction":[{"@type":"SearchAction","target":{"@type":"EntryPoint","urlTemplate":"https:\/\/abaa.mx\/tienda\/?s={search_term_string}"},"query-input":{"@type":"PropertyValueSpecification","valueRequired":true,"valueName":"search_term_string"}}],"inLanguage":"es"},{"@type":"Organization","@id":"https:\/\/abaa.mx\/tienda\/#organization","name":"Abaa tienda online","url":"https:\/\/abaa.mx\/tienda\/","logo":{"@type":"ImageObject","inLanguage":"es","@id":"https:\/\/abaa.mx\/tienda\/#\/schema\/logo\/image\/","url":"https:\/\/abaa.mx\/tienda\/wp-content\/uploads\/2024\/01\/abaa-metrologia-tienda.png","contentUrl":"https:\/\/abaa.mx\/tienda\/wp-content\/uploads\/2024\/01\/abaa-metrologia-tienda.png","width":300,"height":141,"caption":"Abaa tienda online"},"image":{"@id":"https:\/\/abaa.mx\/tienda\/#\/schema\/logo\/image\/"}}]}},"_links":{"self":[{"href":"https:\/\/abaa.mx\/tienda\/wp-json\/wp\/v2\/product\/8418","targetHints":{"allow":["GET"]}}],"collection":[{"href":"https:\/\/abaa.mx\/tienda\/wp-json\/wp\/v2\/product"}],"about":[{"href":"https:\/\/abaa.mx\/tienda\/wp-json\/wp\/v2\/types\/product"}],"replies":[{"embeddable":true,"href":"https:\/\/abaa.mx\/tienda\/wp-json\/wp\/v2\/comments?post=8418"}],"wp:featuredmedia":[{"embeddable":true,"href":"https:\/\/abaa.mx\/tienda\/wp-json\/wp\/v2\/media\/8423"}],"wp:attachment":[{"href":"https:\/\/abaa.mx\/tienda\/wp-json\/wp\/v2\/media?parent=8418"}],"wp:term":[{"taxonomy":"product_brand","embeddable":true,"href":"https:\/\/abaa.mx\/tienda\/wp-json\/wp\/v2\/product_brand?post=8418"},{"taxonomy":"product_cat","embeddable":true,"href":"https:\/\/abaa.mx\/tienda\/wp-json\/wp\/v2\/product_cat?post=8418"},{"taxonomy":"product_tag","embeddable":true,"href":"https:\/\/abaa.mx\/tienda\/wp-json\/wp\/v2\/product_tag?post=8418"}],"curies":[{"name":"wp","href":"https:\/\/api.w.org\/{rel}","templated":true}]}}