{"id":8417,"date":"2023-11-02T14:41:58","date_gmt":"2023-11-02T14:41:58","guid":{"rendered":"https:\/\/abaa.mx\/tienda\/?post_type=product&#038;p=8417"},"modified":"2023-11-02T14:41:58","modified_gmt":"2023-11-02T14:41:58","slug":"microscopio-digital-portatil-pro-10-3","status":"publish","type":"product","link":"https:\/\/abaa.mx\/tienda\/microscopio-digital-portatil-pro-10-3\/","title":{"rendered":"Microsc\u00f3pio Digital port\u00e1til Pro 10-3"},"content":{"rendered":"<p>Microsc\u00f3pio Digital port\u00e1til Pro 10-3<\/p>\n","protected":false},"excerpt":{"rendered":"<p>El microscopio MT-PRO10PLUS tiene pantalla TFT de 2.8&#8243;, puede magnificar 200x y se tienen dentro con una funci\u00f3n de gran alcance que le dejan tomar fotos y v\u00eddeo y cuenta con salida de imagen a una PC o TV. Tiene una funci\u00f3n de luz multi-LED, baja reflexi\u00f3n y observaci\u00f3n y direcci\u00f3n de iluminaci\u00f3n para observar las distintas texturas superficiales con el m\u00e1s destacable m\u00e9todo de iluminaci\u00f3n. Tambi\u00e9n viene con programa para la longitud, circunferencia, son, radio y di\u00e1metro de medici\u00f3n. Funci\u00f3n Web Cam se integra tambi\u00e9n.<\/p>\n<ul>\n<li>Funciones opcionales:secci\u00f3n de escena de c\u00e1mara, fuentes Multi-LED, grabaci\u00f3n de v\u00eddeo, balance de PCTV imagen salida (archivo MP4), blanco, etc.<\/li>\n<li>Slot de Memoria:Recibe tarjeta Micro SD de 2GB<\/li>\n<li>Bater\u00eda:Recargable Ion Litio<\/li>\n<li>Pantalla:2.8&#8243; full color TFT LCD de 320 x 240 p\u00edxeles.<\/li>\n<li>Resoluci\u00f3n de la foto:1600 x 1200 p\u00edxeles, archivo JPG<\/li>\n<li>Resoluci\u00f3n video:640 x 480 AVI archivo 320 x 240 MP4<\/li>\n<li>Tama\u00f1o:130 (L) x 64 (W) x 28 mm (T)<\/li>\n<li>Ampliaci\u00f3n (zoom):1 x, 10 x (\u00f3ptico), 40 x, (Digital) 15 x &#8211; 200 x<\/li>\n<li>Lente con sensor CMOS:2 Mega p\u00edxeles<\/li>\n<\/ul>\n","protected":false},"featured_media":8422,"comment_status":"open","ping_status":"closed","template":"","meta":{"_joinchat":[]},"product_brand":[],"product_cat":[102],"product_tag":[],"class_list":{"0":"post-8417","1":"product","2":"type-product","3":"status-publish","4":"has-post-thumbnail","6":"product_cat-microscopios-digitales","8":"first","9":"instock","10":"shipping-taxable","11":"product-type-simple"},"yoast_head":"<!-- This site is optimized with the Yoast SEO plugin v26.4 - https:\/\/yoast.com\/wordpress\/plugins\/seo\/ -->\n<title>Microsc\u00f3pio Digital port\u00e1til Pro 10-3 - Abaa tienda online<\/title>\n<meta name=\"robots\" content=\"index, follow, max-snippet:-1, max-image-preview:large, max-video-preview:-1\" \/>\n<link rel=\"canonical\" href=\"https:\/\/abaa.mx\/tienda\/microscopio-digital-portatil-pro-10-3\/\" \/>\n<meta property=\"og:locale\" content=\"es_MX\" \/>\n<meta property=\"og:type\" content=\"article\" \/>\n<meta property=\"og:title\" content=\"Microsc\u00f3pio Digital port\u00e1til Pro 10-3 - Abaa tienda online\" \/>\n<meta property=\"og:description\" content=\"El microscopio MT-PRO10PLUS tiene pantalla TFT de 2.8&quot;, puede magnificar 200x y se tienen dentro con una funci\u00f3n de gran alcance que le dejan tomar fotos y v\u00eddeo y cuenta con salida de imagen a una PC o TV. Tiene una funci\u00f3n de luz multi-LED, baja reflexi\u00f3n y observaci\u00f3n y direcci\u00f3n de iluminaci\u00f3n para observar las distintas texturas superficiales con el m\u00e1s destacable m\u00e9todo de iluminaci\u00f3n. Tambi\u00e9n viene con programa para la longitud, circunferencia, son, radio y di\u00e1metro de medici\u00f3n. Funci\u00f3n Web Cam se integra tambi\u00e9n.   Funciones opcionales:secci\u00f3n de escena de c\u00e1mara, fuentes Multi-LED, grabaci\u00f3n de v\u00eddeo, balance de PCTV imagen salida (archivo MP4), blanco, etc.  Slot de Memoria:Recibe tarjeta Micro SD de 2GB  Bater\u00eda:Recargable Ion Litio  Pantalla:2.8&quot; full color TFT LCD de 320 x 240 p\u00edxeles.  Resoluci\u00f3n de la foto:1600 x 1200 p\u00edxeles, archivo JPG  Resoluci\u00f3n video:640 x 480 AVI archivo 320 x 240 MP4  Tama\u00f1o:130 (L) x 64 (W) x 28 mm (T)  Ampliaci\u00f3n (zoom):1 x, 10 x (\u00f3ptico), 40 x, (Digital) 15 x - 200 x  Lente con sensor CMOS:2 Mega p\u00edxeles\" \/>\n<meta property=\"og:url\" content=\"https:\/\/abaa.mx\/tienda\/microscopio-digital-portatil-pro-10-3\/\" \/>\n<meta property=\"og:site_name\" content=\"Abaa tienda online\" \/>\n<meta property=\"og:image\" content=\"https:\/\/abaa.mx\/tienda\/wp-content\/uploads\/2023\/11\/MICROLINKS-PRO-10-3.jpg\" \/>\n\t<meta property=\"og:image:width\" content=\"513\" \/>\n\t<meta property=\"og:image:height\" content=\"356\" \/>\n\t<meta property=\"og:image:type\" content=\"image\/jpeg\" \/>\n<meta name=\"twitter:card\" content=\"summary_large_image\" \/>\n<meta name=\"twitter:label1\" content=\"Tiempo de lectura\" \/>\n\t<meta name=\"twitter:data1\" content=\"1 minuto\" \/>\n<script type=\"application\/ld+json\" class=\"yoast-schema-graph\">{\"@context\":\"https:\/\/schema.org\",\"@graph\":[{\"@type\":\"WebPage\",\"@id\":\"https:\/\/abaa.mx\/tienda\/microscopio-digital-portatil-pro-10-3\/\",\"url\":\"https:\/\/abaa.mx\/tienda\/microscopio-digital-portatil-pro-10-3\/\",\"name\":\"Microsc\u00f3pio Digital port\u00e1til Pro 10-3 - Abaa tienda online\",\"isPartOf\":{\"@id\":\"https:\/\/abaa.mx\/tienda\/#website\"},\"primaryImageOfPage\":{\"@id\":\"https:\/\/abaa.mx\/tienda\/microscopio-digital-portatil-pro-10-3\/#primaryimage\"},\"image\":{\"@id\":\"https:\/\/abaa.mx\/tienda\/microscopio-digital-portatil-pro-10-3\/#primaryimage\"},\"thumbnailUrl\":\"https:\/\/abaa.mx\/tienda\/wp-content\/uploads\/2023\/11\/MICROLINKS-PRO-10-3.jpg\",\"datePublished\":\"2023-11-02T14:41:58+00:00\",\"breadcrumb\":{\"@id\":\"https:\/\/abaa.mx\/tienda\/microscopio-digital-portatil-pro-10-3\/#breadcrumb\"},\"inLanguage\":\"es\",\"potentialAction\":[{\"@type\":\"ReadAction\",\"target\":[\"https:\/\/abaa.mx\/tienda\/microscopio-digital-portatil-pro-10-3\/\"]}]},{\"@type\":\"ImageObject\",\"inLanguage\":\"es\",\"@id\":\"https:\/\/abaa.mx\/tienda\/microscopio-digital-portatil-pro-10-3\/#primaryimage\",\"url\":\"https:\/\/abaa.mx\/tienda\/wp-content\/uploads\/2023\/11\/MICROLINKS-PRO-10-3.jpg\",\"contentUrl\":\"https:\/\/abaa.mx\/tienda\/wp-content\/uploads\/2023\/11\/MICROLINKS-PRO-10-3.jpg\",\"width\":513,\"height\":356,\"caption\":\"MICROLINKS-PRO 10-3\"},{\"@type\":\"BreadcrumbList\",\"@id\":\"https:\/\/abaa.mx\/tienda\/microscopio-digital-portatil-pro-10-3\/#breadcrumb\",\"itemListElement\":[{\"@type\":\"ListItem\",\"position\":1,\"name\":\"Inicio\",\"item\":\"https:\/\/abaa.mx\/tienda\/\"},{\"@type\":\"ListItem\",\"position\":2,\"name\":\"Tienda\",\"item\":\"https:\/\/abaa.mx\/tienda\/\"},{\"@type\":\"ListItem\",\"position\":3,\"name\":\"Microsc\u00f3pio Digital port\u00e1til Pro 10-3\"}]},{\"@type\":\"WebSite\",\"@id\":\"https:\/\/abaa.mx\/tienda\/#website\",\"url\":\"https:\/\/abaa.mx\/tienda\/\",\"name\":\"Abaa tienda online\",\"description\":\"Instrumentos de medici\u00f3n\",\"publisher\":{\"@id\":\"https:\/\/abaa.mx\/tienda\/#organization\"},\"potentialAction\":[{\"@type\":\"SearchAction\",\"target\":{\"@type\":\"EntryPoint\",\"urlTemplate\":\"https:\/\/abaa.mx\/tienda\/?s={search_term_string}\"},\"query-input\":{\"@type\":\"PropertyValueSpecification\",\"valueRequired\":true,\"valueName\":\"search_term_string\"}}],\"inLanguage\":\"es\"},{\"@type\":\"Organization\",\"@id\":\"https:\/\/abaa.mx\/tienda\/#organization\",\"name\":\"Abaa tienda online\",\"url\":\"https:\/\/abaa.mx\/tienda\/\",\"logo\":{\"@type\":\"ImageObject\",\"inLanguage\":\"es\",\"@id\":\"https:\/\/abaa.mx\/tienda\/#\/schema\/logo\/image\/\",\"url\":\"https:\/\/abaa.mx\/tienda\/wp-content\/uploads\/2024\/01\/abaa-metrologia-tienda.png\",\"contentUrl\":\"https:\/\/abaa.mx\/tienda\/wp-content\/uploads\/2024\/01\/abaa-metrologia-tienda.png\",\"width\":300,\"height\":141,\"caption\":\"Abaa tienda online\"},\"image\":{\"@id\":\"https:\/\/abaa.mx\/tienda\/#\/schema\/logo\/image\/\"}}]}<\/script>\n<!-- \/ Yoast SEO plugin. -->","yoast_head_json":{"title":"Microsc\u00f3pio Digital port\u00e1til Pro 10-3 - Abaa tienda online","robots":{"index":"index","follow":"follow","max-snippet":"max-snippet:-1","max-image-preview":"max-image-preview:large","max-video-preview":"max-video-preview:-1"},"canonical":"https:\/\/abaa.mx\/tienda\/microscopio-digital-portatil-pro-10-3\/","og_locale":"es_MX","og_type":"article","og_title":"Microsc\u00f3pio Digital port\u00e1til Pro 10-3 - Abaa tienda online","og_description":"El microscopio MT-PRO10PLUS tiene pantalla TFT de 2.8\", puede magnificar 200x y se tienen dentro con una funci\u00f3n de gran alcance que le dejan tomar fotos y v\u00eddeo y cuenta con salida de imagen a una PC o TV. Tiene una funci\u00f3n de luz multi-LED, baja reflexi\u00f3n y observaci\u00f3n y direcci\u00f3n de iluminaci\u00f3n para observar las distintas texturas superficiales con el m\u00e1s destacable m\u00e9todo de iluminaci\u00f3n. Tambi\u00e9n viene con programa para la longitud, circunferencia, son, radio y di\u00e1metro de medici\u00f3n. Funci\u00f3n Web Cam se integra tambi\u00e9n.   Funciones opcionales:secci\u00f3n de escena de c\u00e1mara, fuentes Multi-LED, grabaci\u00f3n de v\u00eddeo, balance de PCTV imagen salida (archivo MP4), blanco, etc.  Slot de Memoria:Recibe tarjeta Micro SD de 2GB  Bater\u00eda:Recargable Ion Litio  Pantalla:2.8\" full color TFT LCD de 320 x 240 p\u00edxeles.  Resoluci\u00f3n de la foto:1600 x 1200 p\u00edxeles, archivo JPG  Resoluci\u00f3n video:640 x 480 AVI archivo 320 x 240 MP4  Tama\u00f1o:130 (L) x 64 (W) x 28 mm (T)  Ampliaci\u00f3n (zoom):1 x, 10 x (\u00f3ptico), 40 x, (Digital) 15 x - 200 x  Lente con sensor CMOS:2 Mega p\u00edxeles","og_url":"https:\/\/abaa.mx\/tienda\/microscopio-digital-portatil-pro-10-3\/","og_site_name":"Abaa tienda online","og_image":[{"width":513,"height":356,"url":"https:\/\/abaa.mx\/tienda\/wp-content\/uploads\/2023\/11\/MICROLINKS-PRO-10-3.jpg","type":"image\/jpeg"}],"twitter_card":"summary_large_image","twitter_misc":{"Tiempo de lectura":"1 minuto"},"schema":{"@context":"https:\/\/schema.org","@graph":[{"@type":"WebPage","@id":"https:\/\/abaa.mx\/tienda\/microscopio-digital-portatil-pro-10-3\/","url":"https:\/\/abaa.mx\/tienda\/microscopio-digital-portatil-pro-10-3\/","name":"Microsc\u00f3pio Digital port\u00e1til Pro 10-3 - Abaa tienda online","isPartOf":{"@id":"https:\/\/abaa.mx\/tienda\/#website"},"primaryImageOfPage":{"@id":"https:\/\/abaa.mx\/tienda\/microscopio-digital-portatil-pro-10-3\/#primaryimage"},"image":{"@id":"https:\/\/abaa.mx\/tienda\/microscopio-digital-portatil-pro-10-3\/#primaryimage"},"thumbnailUrl":"https:\/\/abaa.mx\/tienda\/wp-content\/uploads\/2023\/11\/MICROLINKS-PRO-10-3.jpg","datePublished":"2023-11-02T14:41:58+00:00","breadcrumb":{"@id":"https:\/\/abaa.mx\/tienda\/microscopio-digital-portatil-pro-10-3\/#breadcrumb"},"inLanguage":"es","potentialAction":[{"@type":"ReadAction","target":["https:\/\/abaa.mx\/tienda\/microscopio-digital-portatil-pro-10-3\/"]}]},{"@type":"ImageObject","inLanguage":"es","@id":"https:\/\/abaa.mx\/tienda\/microscopio-digital-portatil-pro-10-3\/#primaryimage","url":"https:\/\/abaa.mx\/tienda\/wp-content\/uploads\/2023\/11\/MICROLINKS-PRO-10-3.jpg","contentUrl":"https:\/\/abaa.mx\/tienda\/wp-content\/uploads\/2023\/11\/MICROLINKS-PRO-10-3.jpg","width":513,"height":356,"caption":"MICROLINKS-PRO 10-3"},{"@type":"BreadcrumbList","@id":"https:\/\/abaa.mx\/tienda\/microscopio-digital-portatil-pro-10-3\/#breadcrumb","itemListElement":[{"@type":"ListItem","position":1,"name":"Inicio","item":"https:\/\/abaa.mx\/tienda\/"},{"@type":"ListItem","position":2,"name":"Tienda","item":"https:\/\/abaa.mx\/tienda\/"},{"@type":"ListItem","position":3,"name":"Microsc\u00f3pio Digital port\u00e1til Pro 10-3"}]},{"@type":"WebSite","@id":"https:\/\/abaa.mx\/tienda\/#website","url":"https:\/\/abaa.mx\/tienda\/","name":"Abaa tienda online","description":"Instrumentos de medici\u00f3n","publisher":{"@id":"https:\/\/abaa.mx\/tienda\/#organization"},"potentialAction":[{"@type":"SearchAction","target":{"@type":"EntryPoint","urlTemplate":"https:\/\/abaa.mx\/tienda\/?s={search_term_string}"},"query-input":{"@type":"PropertyValueSpecification","valueRequired":true,"valueName":"search_term_string"}}],"inLanguage":"es"},{"@type":"Organization","@id":"https:\/\/abaa.mx\/tienda\/#organization","name":"Abaa tienda online","url":"https:\/\/abaa.mx\/tienda\/","logo":{"@type":"ImageObject","inLanguage":"es","@id":"https:\/\/abaa.mx\/tienda\/#\/schema\/logo\/image\/","url":"https:\/\/abaa.mx\/tienda\/wp-content\/uploads\/2024\/01\/abaa-metrologia-tienda.png","contentUrl":"https:\/\/abaa.mx\/tienda\/wp-content\/uploads\/2024\/01\/abaa-metrologia-tienda.png","width":300,"height":141,"caption":"Abaa tienda online"},"image":{"@id":"https:\/\/abaa.mx\/tienda\/#\/schema\/logo\/image\/"}}]}},"_links":{"self":[{"href":"https:\/\/abaa.mx\/tienda\/wp-json\/wp\/v2\/product\/8417","targetHints":{"allow":["GET"]}}],"collection":[{"href":"https:\/\/abaa.mx\/tienda\/wp-json\/wp\/v2\/product"}],"about":[{"href":"https:\/\/abaa.mx\/tienda\/wp-json\/wp\/v2\/types\/product"}],"replies":[{"embeddable":true,"href":"https:\/\/abaa.mx\/tienda\/wp-json\/wp\/v2\/comments?post=8417"}],"wp:featuredmedia":[{"embeddable":true,"href":"https:\/\/abaa.mx\/tienda\/wp-json\/wp\/v2\/media\/8422"}],"wp:attachment":[{"href":"https:\/\/abaa.mx\/tienda\/wp-json\/wp\/v2\/media?parent=8417"}],"wp:term":[{"taxonomy":"product_brand","embeddable":true,"href":"https:\/\/abaa.mx\/tienda\/wp-json\/wp\/v2\/product_brand?post=8417"},{"taxonomy":"product_cat","embeddable":true,"href":"https:\/\/abaa.mx\/tienda\/wp-json\/wp\/v2\/product_cat?post=8417"},{"taxonomy":"product_tag","embeddable":true,"href":"https:\/\/abaa.mx\/tienda\/wp-json\/wp\/v2\/product_tag?post=8417"}],"curies":[{"name":"wp","href":"https:\/\/api.w.org\/{rel}","templated":true}]}}