{"id":8416,"date":"2023-11-02T14:35:59","date_gmt":"2023-11-02T14:35:59","guid":{"rendered":"https:\/\/abaa.mx\/tienda\/?post_type=product&#038;p=8416"},"modified":"2023-11-02T14:36:00","modified_gmt":"2023-11-02T14:36:00","slug":"comparador-optico-10x-526646090","status":"publish","type":"product","link":"https:\/\/abaa.mx\/tienda\/comparador-optico-10x-526646090\/","title":{"rendered":"Comparador optico 10x &#8211; 526646090"},"content":{"rendered":"<p>Comparador optico 10x &#8211; 526646090.<\/p>\n","protected":false},"excerpt":{"rendered":"<p>El comparador \u00f3ptico de bolsillo 10X de Fowler magnifica im\u00e1genes que son n\u00edtidas , no distorsionadas y libres de aberraciones. Favorable para revisar \u00e1ngulos, medidas de rosca, tama\u00f1os de orificios y mucho m\u00e1s. Este comparador 10X es ampliamente usado por los maquinistas, los toolmakers y los inspectores en la industria. Peculiaridades : Las escamas son foto -grabadas en una ret\u00edcula de vidrio que se pone en contacto real con el objeto medido, obteniendo simult\u00e1neamente im\u00e1genes ampliadas de la escala. Los ret\u00edculas (protegidos en cajas pl\u00e1sticas individuales ) son de manera f\u00e1cil remplazables por un montaje atornillado. Mide los radios, los di\u00e1metros, los \u00e1ngulos, los tama\u00f1os de agujeros , el paso y los espesores. Con el accesorio del iluminador, el comparador se convierte en una lupa de medici\u00f3n iluminada aut\u00f3.<\/p>\n","protected":false},"featured_media":8421,"comment_status":"open","ping_status":"closed","template":"","meta":{"_joinchat":[]},"product_brand":[],"product_cat":[102],"product_tag":[],"class_list":{"0":"post-8416","1":"product","2":"type-product","3":"status-publish","4":"has-post-thumbnail","6":"product_cat-microscopios-digitales","8":"first","9":"instock","10":"shipping-taxable","11":"product-type-simple"},"yoast_head":"<!-- This site is optimized with the Yoast SEO plugin v26.4 - https:\/\/yoast.com\/wordpress\/plugins\/seo\/ -->\n<title>Comparador optico 10x - 526646090 - Abaa tienda online<\/title>\n<meta name=\"robots\" content=\"index, follow, max-snippet:-1, max-image-preview:large, max-video-preview:-1\" \/>\n<link rel=\"canonical\" href=\"https:\/\/abaa.mx\/tienda\/comparador-optico-10x-526646090\/\" \/>\n<meta property=\"og:locale\" content=\"es_MX\" \/>\n<meta property=\"og:type\" content=\"article\" \/>\n<meta property=\"og:title\" content=\"Comparador optico 10x - 526646090 - Abaa tienda online\" \/>\n<meta property=\"og:description\" content=\"El comparador \u00f3ptico de bolsillo 10X de Fowler magnifica im\u00e1genes que son n\u00edtidas , no distorsionadas y libres de aberraciones. Favorable para revisar \u00e1ngulos, medidas de rosca, tama\u00f1os de orificios y mucho m\u00e1s. Este comparador 10X es ampliamente usado por los maquinistas, los toolmakers y los inspectores en la industria. Peculiaridades : Las escamas son foto -grabadas en una ret\u00edcula de vidrio que se pone en contacto real con el objeto medido, obteniendo simult\u00e1neamente im\u00e1genes ampliadas de la escala. Los ret\u00edculas (protegidos en cajas pl\u00e1sticas individuales ) son de manera f\u00e1cil remplazables por un montaje atornillado. Mide los radios, los di\u00e1metros, los \u00e1ngulos, los tama\u00f1os de agujeros , el paso y los espesores. Con el accesorio del iluminador, el comparador se convierte en una lupa de medici\u00f3n iluminada aut\u00f3.\" \/>\n<meta property=\"og:url\" content=\"https:\/\/abaa.mx\/tienda\/comparador-optico-10x-526646090\/\" \/>\n<meta property=\"og:site_name\" content=\"Abaa tienda online\" \/>\n<meta property=\"article:modified_time\" content=\"2023-11-02T14:36:00+00:00\" \/>\n<meta property=\"og:image\" content=\"https:\/\/abaa.mx\/tienda\/wp-content\/uploads\/2023\/11\/FOWLER-556646090.jpg\" \/>\n\t<meta property=\"og:image:width\" content=\"472\" \/>\n\t<meta property=\"og:image:height\" content=\"446\" \/>\n\t<meta property=\"og:image:type\" content=\"image\/jpeg\" \/>\n<meta name=\"twitter:card\" content=\"summary_large_image\" \/>\n<meta name=\"twitter:label1\" content=\"Tiempo de lectura\" \/>\n\t<meta name=\"twitter:data1\" content=\"1 minuto\" \/>\n<script type=\"application\/ld+json\" class=\"yoast-schema-graph\">{\"@context\":\"https:\/\/schema.org\",\"@graph\":[{\"@type\":\"WebPage\",\"@id\":\"https:\/\/abaa.mx\/tienda\/comparador-optico-10x-526646090\/\",\"url\":\"https:\/\/abaa.mx\/tienda\/comparador-optico-10x-526646090\/\",\"name\":\"Comparador optico 10x - 526646090 - Abaa tienda online\",\"isPartOf\":{\"@id\":\"https:\/\/abaa.mx\/tienda\/#website\"},\"primaryImageOfPage\":{\"@id\":\"https:\/\/abaa.mx\/tienda\/comparador-optico-10x-526646090\/#primaryimage\"},\"image\":{\"@id\":\"https:\/\/abaa.mx\/tienda\/comparador-optico-10x-526646090\/#primaryimage\"},\"thumbnailUrl\":\"https:\/\/abaa.mx\/tienda\/wp-content\/uploads\/2023\/11\/FOWLER-556646090.jpg\",\"datePublished\":\"2023-11-02T14:35:59+00:00\",\"dateModified\":\"2023-11-02T14:36:00+00:00\",\"breadcrumb\":{\"@id\":\"https:\/\/abaa.mx\/tienda\/comparador-optico-10x-526646090\/#breadcrumb\"},\"inLanguage\":\"es\",\"potentialAction\":[{\"@type\":\"ReadAction\",\"target\":[\"https:\/\/abaa.mx\/tienda\/comparador-optico-10x-526646090\/\"]}]},{\"@type\":\"ImageObject\",\"inLanguage\":\"es\",\"@id\":\"https:\/\/abaa.mx\/tienda\/comparador-optico-10x-526646090\/#primaryimage\",\"url\":\"https:\/\/abaa.mx\/tienda\/wp-content\/uploads\/2023\/11\/FOWLER-556646090.jpg\",\"contentUrl\":\"https:\/\/abaa.mx\/tienda\/wp-content\/uploads\/2023\/11\/FOWLER-556646090.jpg\",\"width\":472,\"height\":446,\"caption\":\"FOWLER-556646090\"},{\"@type\":\"BreadcrumbList\",\"@id\":\"https:\/\/abaa.mx\/tienda\/comparador-optico-10x-526646090\/#breadcrumb\",\"itemListElement\":[{\"@type\":\"ListItem\",\"position\":1,\"name\":\"Inicio\",\"item\":\"https:\/\/abaa.mx\/tienda\/\"},{\"@type\":\"ListItem\",\"position\":2,\"name\":\"Tienda\",\"item\":\"https:\/\/abaa.mx\/tienda\/\"},{\"@type\":\"ListItem\",\"position\":3,\"name\":\"Comparador optico 10x &#8211; 526646090\"}]},{\"@type\":\"WebSite\",\"@id\":\"https:\/\/abaa.mx\/tienda\/#website\",\"url\":\"https:\/\/abaa.mx\/tienda\/\",\"name\":\"Abaa tienda online\",\"description\":\"Instrumentos de medici\u00f3n\",\"publisher\":{\"@id\":\"https:\/\/abaa.mx\/tienda\/#organization\"},\"potentialAction\":[{\"@type\":\"SearchAction\",\"target\":{\"@type\":\"EntryPoint\",\"urlTemplate\":\"https:\/\/abaa.mx\/tienda\/?s={search_term_string}\"},\"query-input\":{\"@type\":\"PropertyValueSpecification\",\"valueRequired\":true,\"valueName\":\"search_term_string\"}}],\"inLanguage\":\"es\"},{\"@type\":\"Organization\",\"@id\":\"https:\/\/abaa.mx\/tienda\/#organization\",\"name\":\"Abaa tienda online\",\"url\":\"https:\/\/abaa.mx\/tienda\/\",\"logo\":{\"@type\":\"ImageObject\",\"inLanguage\":\"es\",\"@id\":\"https:\/\/abaa.mx\/tienda\/#\/schema\/logo\/image\/\",\"url\":\"https:\/\/abaa.mx\/tienda\/wp-content\/uploads\/2024\/01\/abaa-metrologia-tienda.png\",\"contentUrl\":\"https:\/\/abaa.mx\/tienda\/wp-content\/uploads\/2024\/01\/abaa-metrologia-tienda.png\",\"width\":300,\"height\":141,\"caption\":\"Abaa tienda online\"},\"image\":{\"@id\":\"https:\/\/abaa.mx\/tienda\/#\/schema\/logo\/image\/\"}}]}<\/script>\n<!-- \/ Yoast SEO plugin. -->","yoast_head_json":{"title":"Comparador optico 10x - 526646090 - Abaa tienda online","robots":{"index":"index","follow":"follow","max-snippet":"max-snippet:-1","max-image-preview":"max-image-preview:large","max-video-preview":"max-video-preview:-1"},"canonical":"https:\/\/abaa.mx\/tienda\/comparador-optico-10x-526646090\/","og_locale":"es_MX","og_type":"article","og_title":"Comparador optico 10x - 526646090 - Abaa tienda online","og_description":"El comparador \u00f3ptico de bolsillo 10X de Fowler magnifica im\u00e1genes que son n\u00edtidas , no distorsionadas y libres de aberraciones. Favorable para revisar \u00e1ngulos, medidas de rosca, tama\u00f1os de orificios y mucho m\u00e1s. Este comparador 10X es ampliamente usado por los maquinistas, los toolmakers y los inspectores en la industria. Peculiaridades : Las escamas son foto -grabadas en una ret\u00edcula de vidrio que se pone en contacto real con el objeto medido, obteniendo simult\u00e1neamente im\u00e1genes ampliadas de la escala. Los ret\u00edculas (protegidos en cajas pl\u00e1sticas individuales ) son de manera f\u00e1cil remplazables por un montaje atornillado. Mide los radios, los di\u00e1metros, los \u00e1ngulos, los tama\u00f1os de agujeros , el paso y los espesores. Con el accesorio del iluminador, el comparador se convierte en una lupa de medici\u00f3n iluminada aut\u00f3.","og_url":"https:\/\/abaa.mx\/tienda\/comparador-optico-10x-526646090\/","og_site_name":"Abaa tienda online","article_modified_time":"2023-11-02T14:36:00+00:00","og_image":[{"width":472,"height":446,"url":"https:\/\/abaa.mx\/tienda\/wp-content\/uploads\/2023\/11\/FOWLER-556646090.jpg","type":"image\/jpeg"}],"twitter_card":"summary_large_image","twitter_misc":{"Tiempo de lectura":"1 minuto"},"schema":{"@context":"https:\/\/schema.org","@graph":[{"@type":"WebPage","@id":"https:\/\/abaa.mx\/tienda\/comparador-optico-10x-526646090\/","url":"https:\/\/abaa.mx\/tienda\/comparador-optico-10x-526646090\/","name":"Comparador optico 10x - 526646090 - Abaa tienda online","isPartOf":{"@id":"https:\/\/abaa.mx\/tienda\/#website"},"primaryImageOfPage":{"@id":"https:\/\/abaa.mx\/tienda\/comparador-optico-10x-526646090\/#primaryimage"},"image":{"@id":"https:\/\/abaa.mx\/tienda\/comparador-optico-10x-526646090\/#primaryimage"},"thumbnailUrl":"https:\/\/abaa.mx\/tienda\/wp-content\/uploads\/2023\/11\/FOWLER-556646090.jpg","datePublished":"2023-11-02T14:35:59+00:00","dateModified":"2023-11-02T14:36:00+00:00","breadcrumb":{"@id":"https:\/\/abaa.mx\/tienda\/comparador-optico-10x-526646090\/#breadcrumb"},"inLanguage":"es","potentialAction":[{"@type":"ReadAction","target":["https:\/\/abaa.mx\/tienda\/comparador-optico-10x-526646090\/"]}]},{"@type":"ImageObject","inLanguage":"es","@id":"https:\/\/abaa.mx\/tienda\/comparador-optico-10x-526646090\/#primaryimage","url":"https:\/\/abaa.mx\/tienda\/wp-content\/uploads\/2023\/11\/FOWLER-556646090.jpg","contentUrl":"https:\/\/abaa.mx\/tienda\/wp-content\/uploads\/2023\/11\/FOWLER-556646090.jpg","width":472,"height":446,"caption":"FOWLER-556646090"},{"@type":"BreadcrumbList","@id":"https:\/\/abaa.mx\/tienda\/comparador-optico-10x-526646090\/#breadcrumb","itemListElement":[{"@type":"ListItem","position":1,"name":"Inicio","item":"https:\/\/abaa.mx\/tienda\/"},{"@type":"ListItem","position":2,"name":"Tienda","item":"https:\/\/abaa.mx\/tienda\/"},{"@type":"ListItem","position":3,"name":"Comparador optico 10x &#8211; 526646090"}]},{"@type":"WebSite","@id":"https:\/\/abaa.mx\/tienda\/#website","url":"https:\/\/abaa.mx\/tienda\/","name":"Abaa tienda online","description":"Instrumentos de medici\u00f3n","publisher":{"@id":"https:\/\/abaa.mx\/tienda\/#organization"},"potentialAction":[{"@type":"SearchAction","target":{"@type":"EntryPoint","urlTemplate":"https:\/\/abaa.mx\/tienda\/?s={search_term_string}"},"query-input":{"@type":"PropertyValueSpecification","valueRequired":true,"valueName":"search_term_string"}}],"inLanguage":"es"},{"@type":"Organization","@id":"https:\/\/abaa.mx\/tienda\/#organization","name":"Abaa tienda online","url":"https:\/\/abaa.mx\/tienda\/","logo":{"@type":"ImageObject","inLanguage":"es","@id":"https:\/\/abaa.mx\/tienda\/#\/schema\/logo\/image\/","url":"https:\/\/abaa.mx\/tienda\/wp-content\/uploads\/2024\/01\/abaa-metrologia-tienda.png","contentUrl":"https:\/\/abaa.mx\/tienda\/wp-content\/uploads\/2024\/01\/abaa-metrologia-tienda.png","width":300,"height":141,"caption":"Abaa tienda online"},"image":{"@id":"https:\/\/abaa.mx\/tienda\/#\/schema\/logo\/image\/"}}]}},"_links":{"self":[{"href":"https:\/\/abaa.mx\/tienda\/wp-json\/wp\/v2\/product\/8416","targetHints":{"allow":["GET"]}}],"collection":[{"href":"https:\/\/abaa.mx\/tienda\/wp-json\/wp\/v2\/product"}],"about":[{"href":"https:\/\/abaa.mx\/tienda\/wp-json\/wp\/v2\/types\/product"}],"replies":[{"embeddable":true,"href":"https:\/\/abaa.mx\/tienda\/wp-json\/wp\/v2\/comments?post=8416"}],"wp:featuredmedia":[{"embeddable":true,"href":"https:\/\/abaa.mx\/tienda\/wp-json\/wp\/v2\/media\/8421"}],"wp:attachment":[{"href":"https:\/\/abaa.mx\/tienda\/wp-json\/wp\/v2\/media?parent=8416"}],"wp:term":[{"taxonomy":"product_brand","embeddable":true,"href":"https:\/\/abaa.mx\/tienda\/wp-json\/wp\/v2\/product_brand?post=8416"},{"taxonomy":"product_cat","embeddable":true,"href":"https:\/\/abaa.mx\/tienda\/wp-json\/wp\/v2\/product_cat?post=8416"},{"taxonomy":"product_tag","embeddable":true,"href":"https:\/\/abaa.mx\/tienda\/wp-json\/wp\/v2\/product_tag?post=8416"}],"curies":[{"name":"wp","href":"https:\/\/api.w.org\/{rel}","templated":true}]}}