{"id":8408,"date":"2023-11-01T21:07:26","date_gmt":"2023-11-01T21:07:26","guid":{"rendered":"https:\/\/abaa.mx\/tienda\/?post_type=product&#038;p=8408"},"modified":"2023-11-10T18:01:24","modified_gmt":"2023-11-10T18:01:24","slug":"elitech-rcw-360wifi-gle-registrador-de-datos-de-temperatura","status":"publish","type":"product","link":"https:\/\/abaa.mx\/tienda\/elitech-rcw-360wifi-gle-registrador-de-datos-de-temperatura\/","title":{"rendered":"Elitech rcw-360wifi-gle registrador de datos de temperatura"},"content":{"rendered":"<p>El monitor de seguridad de la cadena de fr\u00edo RCW-360WiFi-GLE es un producto de alta tecnolog\u00eda basado en la tecnolog\u00eda de red. Es ampliamente utilizado en productos alimenticios, catering, log\u00edstica e industrias que requieren la certificaci\u00f3n del sistema HACCP.<\/p>\n<p>Con el sensor externo de temperatura de la botella de glicol podr\u00eda simular el entorno de transporte o almacenamiento de las vacunas, lo que hace que la temperatura detectada sea m\u00e1s precisa.<\/p>\n<p>Puede transmitir datos por red WIFI a nuestra plataforma de nube de cadena fr\u00eda. Los usuarios de la cabina visualizan, gestionan y monitorean datos en l\u00ednea de forma remota mediante el navegador o la aplicaci\u00f3n de tel\u00e9fono inteligente. Con una bater\u00eda de litio recargable incorporada, puede cargar datos en tiempo real y servicio de alarma de plataforma, incluso en caso de corte de energ\u00eda de almacenamiento en fr\u00edo.<\/p>\n<p><strong>Caracter\u00edsticas:<\/strong><\/p>\n<ul class=\"a-unordered-list a-vertical a-spacing-mini\">\n<li class=\"a-spacing-mini\"><span class=\"a-list-item\">Un amplio rango de medici\u00f3n de temperatura de -40 \u2103 ~ +80 \u2103. Un sensor externo de temperatura de la botella de glicol simula el entorno de transporte o almacenamiento de las vacunas, lo que hace que la temperatura detectada sea m\u00e1s precisa.<\/span><\/li>\n<li class=\"a-spacing-mini\"><span class=\"a-list-item\">M\u00faltiples m\u00e9todos de instalaci\u00f3n y fuente de alimentaci\u00f3n, flexible para ser instalado en cualquier lugar.<\/span><\/li>\n<li class=\"a-spacing-mini\"><span class=\"a-list-item\">Alarma de correo electr\u00f3nico\/SMS\/App disponible. La aplicaci\u00f3n Elitech gratuita permite la configuraci\u00f3n remota de par\u00e1metros y la gesti\u00f3n de dispositivos (compatible con iOS y Android).<\/span><\/li>\n<li class=\"a-spacing-mini\"><span class=\"a-list-item\">Para evitar accidentes, registra 32.000 puntos de temperatura fuera de l\u00ednea y carga despu\u00e9s de restaurar WiFi.<\/span><\/li>\n<li class=\"a-spacing-mini\"><span class=\"a-list-item\">Por favor env\u00edenos un correo electr\u00f3nico\/mensaje para el certificado de calibraci\u00f3n. El plan est\u00e1ndar (gratuito) proporciona alerta de correo electr\u00f3nico, configuraci\u00f3n remota, y 30 d\u00edas de revisi\u00f3n y almacenamiento; plan avanzado y profesional disponible, que proporciona 3 ~ 5 a\u00f1os de almacenamiento de datos, exportaci\u00f3n de datos, gesti\u00f3n de usuarios y servicio de la FDA. Soporte t\u00e9cnico de EE.UU. 24\/7 por correo electr\u00f3nico y tel\u00e9fono.<\/span><\/li>\n<\/ul>\n<p><strong>Especificaciones t\u00e9cnicas:<\/strong><\/p>\n<ul>\n<li>Adaptador de alimentaci\u00f3n: 5 V\/1 A.<\/li>\n<li>Rango de medici\u00f3n de temperatura: -40 \u2103 ~ + 80 \u2103.<\/li>\n<li>Precisi\u00f3n de temperatura: 0,5 \u2103.<\/li>\n<li>Resoluci\u00f3n de temperatura: 0,1 \u2103.<\/li>\n<li>Capacidad de memoria: 32.000 puntos<\/li>\n<li>Intervalo de registro: 5 minutos a 24 horas. El intervalo predeterminado es de 30 minutos<\/li>\n<li>Bater\u00eda: bater\u00eda de litio recargable<\/li>\n<li>Duraci\u00f3n: Aproximadamente 3 meses a intervalo de carga de 1 hora<\/li>\n<li>Nivel de protecci\u00f3n: IP64.<\/li>\n<li>Tipo de sensor: sensor de temperatura externa.<\/li>\n<li>Indicador LED: indicador de estado, indicador de potencia.<\/li>\n<li>Pantalla: Visualizaci\u00f3n de segmentos<\/li>\n<li>Interfaz de comunicaci\u00f3n: WiFi (versi\u00f3n WiFi)<\/li>\n<li>Modo de alarma: zumbador, alerta de correo electr\u00f3nico desde la nube, aplicaci\u00f3n m\u00f3vil<\/li>\n<li>Botones: bot\u00f3n de encendido\/apagado, bot\u00f3n de men\u00fa.<\/li>\n<\/ul>\n","protected":false},"excerpt":{"rendered":"<p>El monitor de seguridad de la cadena de fr\u00edo RCW-360WiFi-GLE es un producto de alta tecnolog\u00eda basado en la tecnolog\u00eda de red. Es ampliamente utilizado en productos alimenticios, catering, log\u00edstica e industrias que requieren la certificaci\u00f3n del sistema HACCPC<\/p>\n","protected":false},"featured_media":8409,"comment_status":"open","ping_status":"closed","template":"","meta":{"_joinchat":[]},"product_brand":[],"product_cat":[15],"product_tag":[],"class_list":{"0":"post-8408","1":"product","2":"type-product","3":"status-publish","4":"has-post-thumbnail","6":"product_cat-sin-categorizar","8":"first","9":"instock","10":"shipping-taxable","11":"product-type-simple"},"yoast_head":"<!-- This site is optimized with the Yoast SEO plugin v26.4 - https:\/\/yoast.com\/wordpress\/plugins\/seo\/ -->\n<title>Elitech rcw-360wifi-gle registrador de datos de temperatura - Abaa tienda online<\/title>\n<meta name=\"robots\" content=\"index, follow, max-snippet:-1, max-image-preview:large, max-video-preview:-1\" \/>\n<link rel=\"canonical\" href=\"https:\/\/abaa.mx\/tienda\/elitech-rcw-360wifi-gle-registrador-de-datos-de-temperatura\/\" \/>\n<meta property=\"og:locale\" content=\"es_MX\" \/>\n<meta property=\"og:type\" content=\"article\" \/>\n<meta property=\"og:title\" content=\"Elitech rcw-360wifi-gle registrador de datos de temperatura - Abaa tienda online\" \/>\n<meta property=\"og:description\" content=\"El monitor de seguridad de la cadena de fr\u00edo RCW-360WiFi-GLE es un producto de alta tecnolog\u00eda basado en la tecnolog\u00eda de red. Es ampliamente utilizado en productos alimenticios, catering, log\u00edstica e industrias que requieren la certificaci\u00f3n del sistema HACCPC\" \/>\n<meta property=\"og:url\" content=\"https:\/\/abaa.mx\/tienda\/elitech-rcw-360wifi-gle-registrador-de-datos-de-temperatura\/\" \/>\n<meta property=\"og:site_name\" content=\"Abaa tienda online\" \/>\n<meta property=\"article:modified_time\" content=\"2023-11-10T18:01:24+00:00\" \/>\n<meta property=\"og:image\" content=\"https:\/\/abaa.mx\/tienda\/wp-content\/uploads\/2023\/11\/Elitech-RCW-360WiFi-GLE.jpg\" \/>\n\t<meta property=\"og:image:width\" content=\"522\" \/>\n\t<meta property=\"og:image:height\" content=\"522\" \/>\n\t<meta property=\"og:image:type\" content=\"image\/jpeg\" \/>\n<meta name=\"twitter:card\" content=\"summary_large_image\" \/>\n<meta name=\"twitter:label1\" content=\"Tiempo de lectura\" \/>\n\t<meta name=\"twitter:data1\" content=\"2 minutos\" \/>\n<script type=\"application\/ld+json\" class=\"yoast-schema-graph\">{\"@context\":\"https:\/\/schema.org\",\"@graph\":[{\"@type\":\"WebPage\",\"@id\":\"https:\/\/abaa.mx\/tienda\/elitech-rcw-360wifi-gle-registrador-de-datos-de-temperatura\/\",\"url\":\"https:\/\/abaa.mx\/tienda\/elitech-rcw-360wifi-gle-registrador-de-datos-de-temperatura\/\",\"name\":\"Elitech rcw-360wifi-gle registrador de datos de temperatura - Abaa tienda online\",\"isPartOf\":{\"@id\":\"https:\/\/abaa.mx\/tienda\/#website\"},\"primaryImageOfPage\":{\"@id\":\"https:\/\/abaa.mx\/tienda\/elitech-rcw-360wifi-gle-registrador-de-datos-de-temperatura\/#primaryimage\"},\"image\":{\"@id\":\"https:\/\/abaa.mx\/tienda\/elitech-rcw-360wifi-gle-registrador-de-datos-de-temperatura\/#primaryimage\"},\"thumbnailUrl\":\"https:\/\/abaa.mx\/tienda\/wp-content\/uploads\/2023\/11\/Elitech-RCW-360WiFi-GLE.jpg\",\"datePublished\":\"2023-11-01T21:07:26+00:00\",\"dateModified\":\"2023-11-10T18:01:24+00:00\",\"breadcrumb\":{\"@id\":\"https:\/\/abaa.mx\/tienda\/elitech-rcw-360wifi-gle-registrador-de-datos-de-temperatura\/#breadcrumb\"},\"inLanguage\":\"es\",\"potentialAction\":[{\"@type\":\"ReadAction\",\"target\":[\"https:\/\/abaa.mx\/tienda\/elitech-rcw-360wifi-gle-registrador-de-datos-de-temperatura\/\"]}]},{\"@type\":\"ImageObject\",\"inLanguage\":\"es\",\"@id\":\"https:\/\/abaa.mx\/tienda\/elitech-rcw-360wifi-gle-registrador-de-datos-de-temperatura\/#primaryimage\",\"url\":\"https:\/\/abaa.mx\/tienda\/wp-content\/uploads\/2023\/11\/Elitech-RCW-360WiFi-GLE.jpg\",\"contentUrl\":\"https:\/\/abaa.mx\/tienda\/wp-content\/uploads\/2023\/11\/Elitech-RCW-360WiFi-GLE.jpg\",\"width\":522,\"height\":522,\"caption\":\"Elitech RCW-360WiFi-GLE\"},{\"@type\":\"BreadcrumbList\",\"@id\":\"https:\/\/abaa.mx\/tienda\/elitech-rcw-360wifi-gle-registrador-de-datos-de-temperatura\/#breadcrumb\",\"itemListElement\":[{\"@type\":\"ListItem\",\"position\":1,\"name\":\"Inicio\",\"item\":\"https:\/\/abaa.mx\/tienda\/\"},{\"@type\":\"ListItem\",\"position\":2,\"name\":\"Tienda\",\"item\":\"https:\/\/abaa.mx\/tienda\/\"},{\"@type\":\"ListItem\",\"position\":3,\"name\":\"Elitech rcw-360wifi-gle registrador de datos de temperatura\"}]},{\"@type\":\"WebSite\",\"@id\":\"https:\/\/abaa.mx\/tienda\/#website\",\"url\":\"https:\/\/abaa.mx\/tienda\/\",\"name\":\"Abaa tienda online\",\"description\":\"Instrumentos de medici\u00f3n\",\"publisher\":{\"@id\":\"https:\/\/abaa.mx\/tienda\/#organization\"},\"potentialAction\":[{\"@type\":\"SearchAction\",\"target\":{\"@type\":\"EntryPoint\",\"urlTemplate\":\"https:\/\/abaa.mx\/tienda\/?s={search_term_string}\"},\"query-input\":{\"@type\":\"PropertyValueSpecification\",\"valueRequired\":true,\"valueName\":\"search_term_string\"}}],\"inLanguage\":\"es\"},{\"@type\":\"Organization\",\"@id\":\"https:\/\/abaa.mx\/tienda\/#organization\",\"name\":\"Abaa tienda online\",\"url\":\"https:\/\/abaa.mx\/tienda\/\",\"logo\":{\"@type\":\"ImageObject\",\"inLanguage\":\"es\",\"@id\":\"https:\/\/abaa.mx\/tienda\/#\/schema\/logo\/image\/\",\"url\":\"https:\/\/abaa.mx\/tienda\/wp-content\/uploads\/2024\/01\/abaa-metrologia-tienda.png\",\"contentUrl\":\"https:\/\/abaa.mx\/tienda\/wp-content\/uploads\/2024\/01\/abaa-metrologia-tienda.png\",\"width\":300,\"height\":141,\"caption\":\"Abaa tienda online\"},\"image\":{\"@id\":\"https:\/\/abaa.mx\/tienda\/#\/schema\/logo\/image\/\"}}]}<\/script>\n<!-- \/ Yoast SEO plugin. -->","yoast_head_json":{"title":"Elitech rcw-360wifi-gle registrador de datos de temperatura - Abaa tienda online","robots":{"index":"index","follow":"follow","max-snippet":"max-snippet:-1","max-image-preview":"max-image-preview:large","max-video-preview":"max-video-preview:-1"},"canonical":"https:\/\/abaa.mx\/tienda\/elitech-rcw-360wifi-gle-registrador-de-datos-de-temperatura\/","og_locale":"es_MX","og_type":"article","og_title":"Elitech rcw-360wifi-gle registrador de datos de temperatura - Abaa tienda online","og_description":"El monitor de seguridad de la cadena de fr\u00edo RCW-360WiFi-GLE es un producto de alta tecnolog\u00eda basado en la tecnolog\u00eda de red. Es ampliamente utilizado en productos alimenticios, catering, log\u00edstica e industrias que requieren la certificaci\u00f3n del sistema HACCPC","og_url":"https:\/\/abaa.mx\/tienda\/elitech-rcw-360wifi-gle-registrador-de-datos-de-temperatura\/","og_site_name":"Abaa tienda online","article_modified_time":"2023-11-10T18:01:24+00:00","og_image":[{"width":522,"height":522,"url":"https:\/\/abaa.mx\/tienda\/wp-content\/uploads\/2023\/11\/Elitech-RCW-360WiFi-GLE.jpg","type":"image\/jpeg"}],"twitter_card":"summary_large_image","twitter_misc":{"Tiempo de lectura":"2 minutos"},"schema":{"@context":"https:\/\/schema.org","@graph":[{"@type":"WebPage","@id":"https:\/\/abaa.mx\/tienda\/elitech-rcw-360wifi-gle-registrador-de-datos-de-temperatura\/","url":"https:\/\/abaa.mx\/tienda\/elitech-rcw-360wifi-gle-registrador-de-datos-de-temperatura\/","name":"Elitech rcw-360wifi-gle registrador de datos de temperatura - Abaa tienda online","isPartOf":{"@id":"https:\/\/abaa.mx\/tienda\/#website"},"primaryImageOfPage":{"@id":"https:\/\/abaa.mx\/tienda\/elitech-rcw-360wifi-gle-registrador-de-datos-de-temperatura\/#primaryimage"},"image":{"@id":"https:\/\/abaa.mx\/tienda\/elitech-rcw-360wifi-gle-registrador-de-datos-de-temperatura\/#primaryimage"},"thumbnailUrl":"https:\/\/abaa.mx\/tienda\/wp-content\/uploads\/2023\/11\/Elitech-RCW-360WiFi-GLE.jpg","datePublished":"2023-11-01T21:07:26+00:00","dateModified":"2023-11-10T18:01:24+00:00","breadcrumb":{"@id":"https:\/\/abaa.mx\/tienda\/elitech-rcw-360wifi-gle-registrador-de-datos-de-temperatura\/#breadcrumb"},"inLanguage":"es","potentialAction":[{"@type":"ReadAction","target":["https:\/\/abaa.mx\/tienda\/elitech-rcw-360wifi-gle-registrador-de-datos-de-temperatura\/"]}]},{"@type":"ImageObject","inLanguage":"es","@id":"https:\/\/abaa.mx\/tienda\/elitech-rcw-360wifi-gle-registrador-de-datos-de-temperatura\/#primaryimage","url":"https:\/\/abaa.mx\/tienda\/wp-content\/uploads\/2023\/11\/Elitech-RCW-360WiFi-GLE.jpg","contentUrl":"https:\/\/abaa.mx\/tienda\/wp-content\/uploads\/2023\/11\/Elitech-RCW-360WiFi-GLE.jpg","width":522,"height":522,"caption":"Elitech RCW-360WiFi-GLE"},{"@type":"BreadcrumbList","@id":"https:\/\/abaa.mx\/tienda\/elitech-rcw-360wifi-gle-registrador-de-datos-de-temperatura\/#breadcrumb","itemListElement":[{"@type":"ListItem","position":1,"name":"Inicio","item":"https:\/\/abaa.mx\/tienda\/"},{"@type":"ListItem","position":2,"name":"Tienda","item":"https:\/\/abaa.mx\/tienda\/"},{"@type":"ListItem","position":3,"name":"Elitech rcw-360wifi-gle registrador de datos de temperatura"}]},{"@type":"WebSite","@id":"https:\/\/abaa.mx\/tienda\/#website","url":"https:\/\/abaa.mx\/tienda\/","name":"Abaa tienda online","description":"Instrumentos de medici\u00f3n","publisher":{"@id":"https:\/\/abaa.mx\/tienda\/#organization"},"potentialAction":[{"@type":"SearchAction","target":{"@type":"EntryPoint","urlTemplate":"https:\/\/abaa.mx\/tienda\/?s={search_term_string}"},"query-input":{"@type":"PropertyValueSpecification","valueRequired":true,"valueName":"search_term_string"}}],"inLanguage":"es"},{"@type":"Organization","@id":"https:\/\/abaa.mx\/tienda\/#organization","name":"Abaa tienda online","url":"https:\/\/abaa.mx\/tienda\/","logo":{"@type":"ImageObject","inLanguage":"es","@id":"https:\/\/abaa.mx\/tienda\/#\/schema\/logo\/image\/","url":"https:\/\/abaa.mx\/tienda\/wp-content\/uploads\/2024\/01\/abaa-metrologia-tienda.png","contentUrl":"https:\/\/abaa.mx\/tienda\/wp-content\/uploads\/2024\/01\/abaa-metrologia-tienda.png","width":300,"height":141,"caption":"Abaa tienda online"},"image":{"@id":"https:\/\/abaa.mx\/tienda\/#\/schema\/logo\/image\/"}}]}},"_links":{"self":[{"href":"https:\/\/abaa.mx\/tienda\/wp-json\/wp\/v2\/product\/8408","targetHints":{"allow":["GET"]}}],"collection":[{"href":"https:\/\/abaa.mx\/tienda\/wp-json\/wp\/v2\/product"}],"about":[{"href":"https:\/\/abaa.mx\/tienda\/wp-json\/wp\/v2\/types\/product"}],"replies":[{"embeddable":true,"href":"https:\/\/abaa.mx\/tienda\/wp-json\/wp\/v2\/comments?post=8408"}],"wp:featuredmedia":[{"embeddable":true,"href":"https:\/\/abaa.mx\/tienda\/wp-json\/wp\/v2\/media\/8409"}],"wp:attachment":[{"href":"https:\/\/abaa.mx\/tienda\/wp-json\/wp\/v2\/media?parent=8408"}],"wp:term":[{"taxonomy":"product_brand","embeddable":true,"href":"https:\/\/abaa.mx\/tienda\/wp-json\/wp\/v2\/product_brand?post=8408"},{"taxonomy":"product_cat","embeddable":true,"href":"https:\/\/abaa.mx\/tienda\/wp-json\/wp\/v2\/product_cat?post=8408"},{"taxonomy":"product_tag","embeddable":true,"href":"https:\/\/abaa.mx\/tienda\/wp-json\/wp\/v2\/product_tag?post=8408"}],"curies":[{"name":"wp","href":"https:\/\/api.w.org\/{rel}","templated":true}]}}